{"id":309809,"date":"2018-05-31T15:46:08","date_gmt":"2018-05-31T15:46:08","guid":{"rendered":""},"modified":"2023-07-14T08:11:48","modified_gmt":"2023-07-14T08:11:48","slug":"avis-legal-i-politica-de-privadesa","status":"publish","type":"page","link":"https:\/\/v2charge.com\/ca\/avis-legal-i-politica-de-privadesa\/","title":{"rendered":"Av\u00eds legal i pol\u00edtica de privadesa"},"content":{"rendered":"<p><strong>Pol\u00edtica de privadesa, \u00das de cookies i m\u00e9s informaci\u00f3<\/strong><\/p>\n<p>Pol\u00edtica de Privadesa de V2Charge (V2C). Aquest lloc web \u00e9s propietat de NEGOCIS INTEL\u00b7LIGENTS 7EXPERIENCE S.L. (d&#8217;ara endavant \u201cV2C\u201d), amb domicili a l&#8217;Avinguda Cam\u00ed Nou 268 Xirivella (Val\u00e8ncia), provista de CIF N\u00ba B98496706. En compliment de la Llei 15\/99 de 13 de desembre de protecci\u00f3 de dades t&#8217;informem que totes les teves dades formen part d&#8217;un fitxer propietat de NEGOCIS INTEL\u00b7LIGENTS 7 EXPERIENCE S.L. amb la finalitat de resoldre qualsevol consulta que ens plantegis, gestionar la relaci\u00f3 comercial i remetre&#8217;t novetats sobre els productes i serveis de la Companyia per qualsevol mitj\u00e0 incl\u00f2s l&#8217;electr\u00f2nic.<\/p>\n<p>No emmagatzemem dades de targeta de cr\u00e8dit ni compartim les dades personals dels usuaris amb tercers. No venem, lloguem o cedim dades de car\u00e0cter personal que puguin identificar-te, ni ho farem en el futur, a tercers sense el teu consentiment. No obstant aix\u00f2, en alguns casos podem utilitzar prove\u00efdors, col\u00b7laboradors o ag\u00e8ncies per processar la teva informaci\u00f3 personal en el nostre nom, sempre seguint les nostres instruccions i exigint el compliment dels m\u00e9s estrictes est\u00e0ndards de seguretat.<\/p>\n<p>Si en el futur llan\u00e7em nous negocis que depenguin de la nostra companyia (NEGOCIS INTEL\u00b7LIGENTS 7EXPERIENCE S.L.) o d&#8217;altres companyies participades per aquesta i que estiguin relacionats amb els productes i serveis proporcionats per V2C, utilitzarem les teves dades personals per comunicar-te el seu llan\u00e7ament i per facilitar-te l&#8217;\u00fas o contractaci\u00f3 dels mateixos. En aquest cas, t&#8217;ho indicarem amb antelaci\u00f3 perqu\u00e8 puguis, si escau, cancel\u00b7lar les teves dades en aquests serveis.<\/p>\n<p>Quan et donis d&#8217;alta o contactis amb nosaltres a trav\u00e9s del nostre lloc web, recollirem dos tipus d&#8217;informaci\u00f3: 1) Informaci\u00f3 personal com el teu nom, adre\u00e7a, n\u00famero de tel\u00e8fon i adre\u00e7a de correu electr\u00f2nic que ens facilitis volunt\u00e0riament. 2) L&#8217;adre\u00e7a IP del teu ordinador i la informaci\u00f3 an\u00f2nima recollida per les cookies quan naveguis pel nostre lloc web per ajudar-nos a entendre com millorar el nostre lloc web i serveis. Si vols saber m\u00e9s sobre com utilitzem les nostres cookies, si us plau, visita el lloc web \/es\/Legal\/Cookies&#8221;.<\/p>\n<p><strong>Els teus drets<\/strong><\/p>\n<p>La normativa de protecci\u00f3 de dades exigeix, entre altres coses, que les teves dades personals siguin tractades de manera lleial, apropiada, exacta i de forma no excessiva. Les dades de car\u00e0cter personal hauran de mantenir-se actualitzades i conservar-se durant un per\u00edode de temps que no sigui m\u00e9s llarg del necessari. Aix\u00ed mateix, han de ser mantingudes de forma segura per evitar un acc\u00e9s no autoritzat per altres persones i tens el dret de con\u00e8ixer quina informaci\u00f3 tenim sobre tu i de corregir les dades incorrectes. En qualsevol moment pots exercir els teus drets d&#8217;acc\u00e9s, rectificaci\u00f3, oposici\u00f3 o cancel\u00b7laci\u00f3 remitent la teva sol\u00b7licitud a info@v2charge.com o a trav\u00e9s de correu postal a NEGOCIS INTEL\u00b7LIGENTS 7EXPERIENCE S.L., Avinguda Cam\u00ed Nou 268 Xirivella 46950, adjuntant una c\u00f2pia del teu Document Nacional d&#8217;Identitat (DNI) o documentaci\u00f3 equivalent.&#8221;<\/p>\n<p><strong>Cookies<\/strong><\/p>\n<p>De vegades utilitzem una funcionalitat del teu navegador d&#8217;Internet anomenada \u201ccookie\u201d al lloc web de V2C. Una \u201ccookie\u201d \u00e9s un fitxer de text molt petit que el teu navegador col\u00b7loca al disc dur del teu ordinador, que ens permet treure el m\u00e0xim partit de la teva visita a la nostra p\u00e0gina web i millorar l&#8217;experi\u00e8ncia d&#8217;usuari. Una \u201ccookie\u201d pot ser considerada com una targeta d&#8217;identificaci\u00f3 que comunica a un lloc web quan has tornat.<\/p>\n<p>V2C tracta tota la informaci\u00f3 amb el m\u00e0xim cura i seguretat. En cap moment emmagatzemem o tractarem les teves dades banc\u00e0ries o de targeta de cr\u00e8dit, sin\u00f3 que aquesta informaci\u00f3 ser\u00e0 directament gestionada pels nostres prove\u00efdors de mitjans de pagament, que compleixen amb tots els requisits de seguretat i legals m\u00e9s esteses. Si us plau, recorda que nom\u00e9s contactarem amb tu per demanar-te confirmaci\u00f3 sobre detalls del teu compte quan la teva targeta sigui rebutjada en el moment del pagament. Quan contactem amb tu mai et demanarem la teva contrasenya ni el teu PIN de targeta. Et recomanem que mai introdueixis el teu n\u00famero de compte o la teva contrasenya en un correu electr\u00f2nic o despr\u00e9s de fer clic en un enlla\u00e7 procedent d&#8217;un correu electr\u00f2nic.<\/p>\n<p><strong>Modificaci\u00f3 de la pol\u00edtica de privadesa<\/strong><\/p>\n<p>L&#8217;actualitzaci\u00f3 i modificaci\u00f3 d&#8217;aquesta pol\u00edtica de privadesa es regir\u00e0 per les normes previstes en les condicions d&#8217;\u00fas per a l&#8217;actualitzaci\u00f3 i modificaci\u00f3 de les mateixes.<\/p>\n","protected":false},"excerpt":{"rendered":"<p>Pol\u00edtica de privadesa, \u00das de cookies i m\u00e9s informaci\u00f3 Pol\u00edtica de Privadesa de V2Charge (V2C). Aquest lloc web \u00e9s propietat de NEGOCIS INTEL\u00b7LIGENTS 7EXPERIENCE S.L. (d&#8217;ara endavant \u201cV2C\u201d), amb domicili a l&#8217;Avinguda Cam\u00ed Nou 268 Xirivella (Val\u00e8ncia), provista de CIF N\u00ba B98496706. En compliment de la Llei 15\/99 de 13 de desembre de protecci\u00f3 de &#8230; <a title=\"Av\u00eds legal i pol\u00edtica de privadesa\" class=\"read-more\" href=\"https:\/\/v2charge.com\/ca\/avis-legal-i-politica-de-privadesa\/\" aria-label=\"Read more about Av\u00eds legal i pol\u00edtica de privadesa\">Read more<\/a><\/p>\n","protected":false},"author":1,"featured_media":170354,"parent":0,"menu_order":0,"comment_status":"closed","ping_status":"closed","template":"","meta":{"_eb_attr":"","content-type":"","_uag_custom_page_level_css":"","footnotes":""},"class_list":["post-309809","page","type-page","status-publish","has-post-thumbnail"],"yoast_head":"<!-- This site is optimized with the Yoast SEO plugin v25.3.1 - https:\/\/yoast.com\/wordpress\/plugins\/seo\/ -->\n<title>Av\u00eds legal i pol\u00edtica de privadesa - V2C Punts de Rec\u00e0rrega<\/title>\n<meta name=\"robots\" content=\"noindex, follow\" \/>\n<meta property=\"og:locale\" content=\"ca_ES\" \/>\n<meta property=\"og:type\" content=\"article\" \/>\n<meta property=\"og:title\" content=\"Av\u00eds legal i pol\u00edtica de privadesa - V2C Punts de Rec\u00e0rrega\" \/>\n<meta property=\"og:description\" content=\"Pol\u00edtica de privadesa, \u00das de cookies i m\u00e9s informaci\u00f3 Pol\u00edtica de Privadesa de V2Charge (V2C). Aquest lloc web \u00e9s propietat de NEGOCIS INTEL\u00b7LIGENTS 7EXPERIENCE S.L. (d&#8217;ara endavant \u201cV2C\u201d), amb domicili a l&#8217;Avinguda Cam\u00ed Nou 268 Xirivella (Val\u00e8ncia), provista de CIF N\u00ba B98496706. En compliment de la Llei 15\/99 de 13 de desembre de protecci\u00f3 de ... Read more\" \/>\n<meta property=\"og:url\" content=\"https:\/\/v2charge.com\/ca\/avis-legal-i-politica-de-privadesa\/\" \/>\n<meta property=\"og:site_name\" content=\"V2C\" \/>\n<meta property=\"article:publisher\" content=\"https:\/\/www.facebook.com\/V2C.Charge\" \/>\n<meta property=\"article:modified_time\" content=\"2023-07-14T08:11:48+00:00\" \/>\n<meta property=\"og:image\" content=\"https:\/\/v2charge.com\/wp-content\/uploads\/2024\/07\/v2c-electric-chargers.jpg\" \/>\n\t<meta property=\"og:image:width\" content=\"1200\" \/>\n\t<meta property=\"og:image:height\" content=\"675\" \/>\n\t<meta property=\"og:image:type\" content=\"image\/jpeg\" \/>\n<meta name=\"twitter:card\" content=\"summary_large_image\" \/>\n<meta name=\"twitter:site\" content=\"@V2C_Charge\" \/>\n<meta name=\"twitter:label1\" content=\"Est. reading time\" \/>\n\t<meta name=\"twitter:data1\" content=\"4 minuts\" \/>\n<script type=\"application\/ld+json\" class=\"yoast-schema-graph\">{\"@context\":\"https:\/\/schema.org\",\"@graph\":[{\"@type\":\"WebPage\",\"@id\":\"https:\/\/v2charge.com\/ca\/avis-legal-i-politica-de-privadesa\/\",\"url\":\"https:\/\/v2charge.com\/ca\/avis-legal-i-politica-de-privadesa\/\",\"name\":\"Av\u00eds legal i pol\u00edtica de privadesa - V2C Punts de Rec\u00e0rrega\",\"isPartOf\":{\"@id\":\"https:\/\/v2charge.com\/ca\/#website\"},\"primaryImageOfPage\":{\"@id\":\"https:\/\/v2charge.com\/ca\/avis-legal-i-politica-de-privadesa\/#primaryimage\"},\"image\":{\"@id\":\"https:\/\/v2charge.com\/ca\/avis-legal-i-politica-de-privadesa\/#primaryimage\"},\"thumbnailUrl\":\"https:\/\/v2charge.com\/wp-content\/uploads\/2024\/07\/v2c-electric-chargers.jpg\",\"datePublished\":\"2018-05-31T15:46:08+00:00\",\"dateModified\":\"2023-07-14T08:11:48+00:00\",\"breadcrumb\":{\"@id\":\"https:\/\/v2charge.com\/ca\/avis-legal-i-politica-de-privadesa\/#breadcrumb\"},\"inLanguage\":\"ca\",\"potentialAction\":[{\"@type\":\"ReadAction\",\"target\":[\"https:\/\/v2charge.com\/ca\/avis-legal-i-politica-de-privadesa\/\"]}]},{\"@type\":\"ImageObject\",\"inLanguage\":\"ca\",\"@id\":\"https:\/\/v2charge.com\/ca\/avis-legal-i-politica-de-privadesa\/#primaryimage\",\"url\":\"https:\/\/v2charge.com\/wp-content\/uploads\/2024\/07\/v2c-electric-chargers.jpg\",\"contentUrl\":\"https:\/\/v2charge.com\/wp-content\/uploads\/2024\/07\/v2c-electric-chargers.jpg\",\"width\":1200,\"height\":675,\"caption\":\"V2C Electric Chargers\"},{\"@type\":\"BreadcrumbList\",\"@id\":\"https:\/\/v2charge.com\/ca\/avis-legal-i-politica-de-privadesa\/#breadcrumb\",\"itemListElement\":[{\"@type\":\"ListItem\",\"position\":1,\"name\":\"V2C\",\"item\":\"https:\/\/v2charge.com\/ca\/\"},{\"@type\":\"ListItem\",\"position\":2,\"name\":\"Av\u00eds legal i pol\u00edtica de privadesa\"}]},{\"@type\":\"WebSite\",\"@id\":\"https:\/\/v2charge.com\/ca\/#website\",\"url\":\"https:\/\/v2charge.com\/ca\/\",\"name\":\"V2C\",\"description\":\"#CargandoElMa\u00f1ana\",\"publisher\":{\"@id\":\"https:\/\/v2charge.com\/ca\/#organization\"},\"potentialAction\":[{\"@type\":\"SearchAction\",\"target\":{\"@type\":\"EntryPoint\",\"urlTemplate\":\"https:\/\/v2charge.com\/ca\/?s={search_term_string}\"},\"query-input\":{\"@type\":\"PropertyValueSpecification\",\"valueRequired\":true,\"valueName\":\"search_term_string\"}}],\"inLanguage\":\"ca\"},{\"@type\":\"Organization\",\"@id\":\"https:\/\/v2charge.com\/ca\/#organization\",\"name\":\"V2C\",\"url\":\"https:\/\/v2charge.com\/ca\/\",\"logo\":{\"@type\":\"ImageObject\",\"inLanguage\":\"ca\",\"@id\":\"https:\/\/v2charge.com\/ca\/#\/schema\/logo\/image\/\",\"url\":\"https:\/\/v2charge.com\/wp-content\/uploads\/2024\/11\/cropped-v2c-charge-logo-menu.png\",\"contentUrl\":\"https:\/\/v2charge.com\/wp-content\/uploads\/2024\/11\/cropped-v2c-charge-logo-menu.png\",\"width\":984,\"height\":431,\"caption\":\"V2C\"},\"image\":{\"@id\":\"https:\/\/v2charge.com\/ca\/#\/schema\/logo\/image\/\"},\"sameAs\":[\"https:\/\/www.facebook.com\/V2C.Charge\",\"https:\/\/x.com\/V2C_Charge\",\"https:\/\/www.instagram.com\/v2c.charge\/\",\"https:\/\/www.youtube.com\/@V2C\",\"https:\/\/www.linkedin.com\/company\/v2c-chargers\/\"]}]}<\/script>\n<!-- \/ Yoast SEO plugin. -->","yoast_head_json":{"title":"Av\u00eds legal i pol\u00edtica de privadesa - V2C Punts de Rec\u00e0rrega","robots":{"index":"noindex","follow":"follow"},"og_locale":"ca_ES","og_type":"article","og_title":"Av\u00eds legal i pol\u00edtica de privadesa - V2C Punts de Rec\u00e0rrega","og_description":"Pol\u00edtica de privadesa, \u00das de cookies i m\u00e9s informaci\u00f3 Pol\u00edtica de Privadesa de V2Charge (V2C). Aquest lloc web \u00e9s propietat de NEGOCIS INTEL\u00b7LIGENTS 7EXPERIENCE S.L. (d&#8217;ara endavant \u201cV2C\u201d), amb domicili a l&#8217;Avinguda Cam\u00ed Nou 268 Xirivella (Val\u00e8ncia), provista de CIF N\u00ba B98496706. En compliment de la Llei 15\/99 de 13 de desembre de protecci\u00f3 de ... Read more","og_url":"https:\/\/v2charge.com\/ca\/avis-legal-i-politica-de-privadesa\/","og_site_name":"V2C","article_publisher":"https:\/\/www.facebook.com\/V2C.Charge","article_modified_time":"2023-07-14T08:11:48+00:00","og_image":[{"width":1200,"height":675,"url":"https:\/\/v2charge.com\/wp-content\/uploads\/2024\/07\/v2c-electric-chargers.jpg","type":"image\/jpeg"}],"twitter_card":"summary_large_image","twitter_site":"@V2C_Charge","twitter_misc":{"Est. reading time":"4 minuts"},"schema":{"@context":"https:\/\/schema.org","@graph":[{"@type":"WebPage","@id":"https:\/\/v2charge.com\/ca\/avis-legal-i-politica-de-privadesa\/","url":"https:\/\/v2charge.com\/ca\/avis-legal-i-politica-de-privadesa\/","name":"Av\u00eds legal i pol\u00edtica de privadesa - V2C Punts de Rec\u00e0rrega","isPartOf":{"@id":"https:\/\/v2charge.com\/ca\/#website"},"primaryImageOfPage":{"@id":"https:\/\/v2charge.com\/ca\/avis-legal-i-politica-de-privadesa\/#primaryimage"},"image":{"@id":"https:\/\/v2charge.com\/ca\/avis-legal-i-politica-de-privadesa\/#primaryimage"},"thumbnailUrl":"https:\/\/v2charge.com\/wp-content\/uploads\/2024\/07\/v2c-electric-chargers.jpg","datePublished":"2018-05-31T15:46:08+00:00","dateModified":"2023-07-14T08:11:48+00:00","breadcrumb":{"@id":"https:\/\/v2charge.com\/ca\/avis-legal-i-politica-de-privadesa\/#breadcrumb"},"inLanguage":"ca","potentialAction":[{"@type":"ReadAction","target":["https:\/\/v2charge.com\/ca\/avis-legal-i-politica-de-privadesa\/"]}]},{"@type":"ImageObject","inLanguage":"ca","@id":"https:\/\/v2charge.com\/ca\/avis-legal-i-politica-de-privadesa\/#primaryimage","url":"https:\/\/v2charge.com\/wp-content\/uploads\/2024\/07\/v2c-electric-chargers.jpg","contentUrl":"https:\/\/v2charge.com\/wp-content\/uploads\/2024\/07\/v2c-electric-chargers.jpg","width":1200,"height":675,"caption":"V2C Electric Chargers"},{"@type":"BreadcrumbList","@id":"https:\/\/v2charge.com\/ca\/avis-legal-i-politica-de-privadesa\/#breadcrumb","itemListElement":[{"@type":"ListItem","position":1,"name":"V2C","item":"https:\/\/v2charge.com\/ca\/"},{"@type":"ListItem","position":2,"name":"Av\u00eds legal i pol\u00edtica de privadesa"}]},{"@type":"WebSite","@id":"https:\/\/v2charge.com\/ca\/#website","url":"https:\/\/v2charge.com\/ca\/","name":"V2C","description":"#CargandoElMa\u00f1ana","publisher":{"@id":"https:\/\/v2charge.com\/ca\/#organization"},"potentialAction":[{"@type":"SearchAction","target":{"@type":"EntryPoint","urlTemplate":"https:\/\/v2charge.com\/ca\/?s={search_term_string}"},"query-input":{"@type":"PropertyValueSpecification","valueRequired":true,"valueName":"search_term_string"}}],"inLanguage":"ca"},{"@type":"Organization","@id":"https:\/\/v2charge.com\/ca\/#organization","name":"V2C","url":"https:\/\/v2charge.com\/ca\/","logo":{"@type":"ImageObject","inLanguage":"ca","@id":"https:\/\/v2charge.com\/ca\/#\/schema\/logo\/image\/","url":"https:\/\/v2charge.com\/wp-content\/uploads\/2024\/11\/cropped-v2c-charge-logo-menu.png","contentUrl":"https:\/\/v2charge.com\/wp-content\/uploads\/2024\/11\/cropped-v2c-charge-logo-menu.png","width":984,"height":431,"caption":"V2C"},"image":{"@id":"https:\/\/v2charge.com\/ca\/#\/schema\/logo\/image\/"},"sameAs":["https:\/\/www.facebook.com\/V2C.Charge","https:\/\/x.com\/V2C_Charge","https:\/\/www.instagram.com\/v2c.charge\/","https:\/\/www.youtube.com\/@V2C","https:\/\/www.linkedin.com\/company\/v2c-chargers\/"]}]}},"uagb_featured_image_src":{"full":["https:\/\/v2charge.com\/wp-content\/uploads\/2024\/07\/v2c-electric-chargers.jpg",1200,675,false],"thumbnail":["https:\/\/v2charge.com\/wp-content\/uploads\/2024\/07\/v2c-electric-chargers-150x150.jpg",150,150,true],"medium":["https:\/\/v2charge.com\/wp-content\/uploads\/2024\/07\/v2c-electric-chargers-300x169.jpg",300,169,true],"medium_large":["https:\/\/v2charge.com\/wp-content\/uploads\/2024\/07\/v2c-electric-chargers-768x432.jpg",768,432,true],"large":["https:\/\/v2charge.com\/wp-content\/uploads\/2024\/07\/v2c-electric-chargers-1024x576.jpg",1024,576,true],"gs-tiny":["https:\/\/v2charge.com\/wp-content\/uploads\/2024\/07\/v2c-electric-chargers.jpg",50,28,false],"xl":["https:\/\/v2charge.com\/wp-content\/uploads\/2024\/07\/v2c-electric-chargers.jpg",1200,675,false],"xxl":["https:\/\/v2charge.com\/wp-content\/uploads\/2024\/07\/v2c-electric-chargers.jpg",1200,675,false],"xxxl":["https:\/\/v2charge.com\/wp-content\/uploads\/2024\/07\/v2c-electric-chargers.jpg",1200,675,false],"xxxxl":["https:\/\/v2charge.com\/wp-content\/uploads\/2024\/07\/v2c-electric-chargers.jpg",1200,675,false],"xxxxxl":["https:\/\/v2charge.com\/wp-content\/uploads\/2024\/07\/v2c-electric-chargers.jpg",1200,675,false],"1536x1536":["https:\/\/v2charge.com\/wp-content\/uploads\/2024\/07\/v2c-electric-chargers.jpg",1200,675,false],"2048x2048":["https:\/\/v2charge.com\/wp-content\/uploads\/2024\/07\/v2c-electric-chargers.jpg",1200,675,false]},"uagb_author_info":{"display_name":"V2C","author_link":"https:\/\/v2charge.com\/ca\/author\/root_k4eu7ki8\/"},"uagb_comment_info":0,"uagb_excerpt":"Pol\u00edtica de privadesa, \u00das de cookies i m\u00e9s informaci\u00f3 Pol\u00edtica de Privadesa de V2Charge (V2C). Aquest lloc web \u00e9s propietat de NEGOCIS INTEL\u00b7LIGENTS 7EXPERIENCE S.L. (d&#8217;ara endavant \u201cV2C\u201d), amb domicili a l&#8217;Avinguda Cam\u00ed Nou 268 Xirivella (Val\u00e8ncia), provista de CIF N\u00ba B98496706. En compliment de la Llei 15\/99 de 13 de desembre de protecci\u00f3 de&hellip;","_links":{"self":[{"href":"https:\/\/v2charge.com\/ca\/wp-json\/wp\/v2\/pages\/309809","targetHints":{"allow":["GET"]}}],"collection":[{"href":"https:\/\/v2charge.com\/ca\/wp-json\/wp\/v2\/pages"}],"about":[{"href":"https:\/\/v2charge.com\/ca\/wp-json\/wp\/v2\/types\/page"}],"author":[{"embeddable":true,"href":"https:\/\/v2charge.com\/ca\/wp-json\/wp\/v2\/users\/1"}],"replies":[{"embeddable":true,"href":"https:\/\/v2charge.com\/ca\/wp-json\/wp\/v2\/comments?post=309809"}],"version-history":[{"count":0,"href":"https:\/\/v2charge.com\/ca\/wp-json\/wp\/v2\/pages\/309809\/revisions"}],"wp:featuredmedia":[{"embeddable":true,"href":"https:\/\/v2charge.com\/ca\/wp-json\/wp\/v2\/media\/170354"}],"wp:attachment":[{"href":"https:\/\/v2charge.com\/ca\/wp-json\/wp\/v2\/media?parent=309809"}],"curies":[{"name":"wp","href":"https:\/\/api.w.org\/{rel}","templated":true}]}}