{"id":309811,"date":"2018-06-01T09:43:28","date_gmt":"2018-06-01T09:43:28","guid":{"rendered":""},"modified":"2023-05-24T10:41:00","modified_gmt":"2023-05-24T10:41:00","slug":"politica-de-cookies","status":"publish","type":"page","link":"https:\/\/v2charge.com\/ca\/politica-de-cookies\/","title":{"rendered":"Pol\u00edtica de cookies"},"content":{"rendered":"<p>Aquesta p\u00e0gina web \u00e9s propietat de NEGOCIS INTELIGENTS 7 EXPERIENCE S.L.. El fet d&#8217;accedir a aquesta p\u00e0gina implica el coneixement i l&#8217;acceptaci\u00f3 de la pol\u00edtica de privadesa. En compliment de l&#8217;article 10 de la Llei 34\/2002, de 11 de juliol, de Serveis de la Societat de la Informaci\u00f3 i Comer\u00e7 Electr\u00f2nic (LSSI) s&#8217;exposen les dades identificatives.\u00bb<\/p>\n<h2>Qu\u00e8 s\u00f3n les cookies?<\/h2>\n<p>Una cookie \u00e9s un fitxer que es descarrega al teu ordinador o terminal en accedir a la nostra p\u00e0gina web. Les cookies ens permeten, entre altres coses, emmagatzemar i recuperar informaci\u00f3 sobre els h\u00e0bits de navegaci\u00f3 d&#8217;un usuari o del seu equip i, depenent de la informaci\u00f3 que continguin i de la manera en qu\u00e8 utilitzi el seu equip, poden utilitzar-se per recon\u00e8ixer l&#8217;usuari.<\/p>\n<h2>Quins tipus de cookies utilitza la nostra p\u00e0gina web?<\/h2>\n<p>Cookies pr\u00f2pies: S\u00f3n aquelles que enviem al teu ordinador o terminal des de la nostra p\u00e0gina web.<br \/>Cookies de tercer: S\u00f3n aquelles que s&#8217;envien al teu ordinador o terminal des d&#8217;un domini o una p\u00e0gina web que no \u00e9s gestionada per nosaltres, sin\u00f3 per una altra entitat que tracta les dades obtingudes a trav\u00e9s de les cookies.<br \/>Cookies d&#8217;an\u00e0lisi: S\u00f3n aquelles que ben tractades per nosaltres o per tercers, ens permeten quantificar el nombre d&#8217;usuaris i realitzar la mesura i an\u00e0lisi estad\u00edstica de l&#8217;\u00fas que fan els usuaris de la nostra web. Per aix\u00f2 analitzem la navegaci\u00f3 a la nostra p\u00e0gina web amb l&#8217;objectiu de millorar l&#8217;oferta de productes o serveis que oferim.<\/p>\n<h2>Les cookies utilitzades a www.v2charge.com s\u00f3n:<\/h2>\n<p>Cookies estrictament necess\u00e0ries com per exemple, aquelles que serveixen per a una correcta navegaci\u00f3 i asseguren que el contingut de la p\u00e0gina web es carrega efica\u00e7ment. PHPSESSID SESION \u2013 Aquesta cookie s&#8217;utilitza per establir la sessi\u00f3 de l&#8217;usuari que visita alguna de les nostres webs. \u00c9s una manera d&#8217;identificar i gestionar l&#8217;estat \u2013 les variables de sessi\u00f3 \u2013 per a un usuari concret, i poder moure aquesta informaci\u00f3 a trav\u00e9s de les p\u00e0gines de les nostres webs. WordPress_test_cookie SESION \u2013 Aquesta cookie s&#8217;utilitza perqu\u00e8 el gestor de continguts WordPress comprovi si el navegador t\u00e9 les cookies activades. Wp-settings-{time}-`{`UID`}` \u2013 El UID situat al final del nom de la cookie cont\u00e9 l&#8217;ID d&#8217;usuari emmagatzemat a la base de dades de WordPress. S&#8217;utilitza per emmagatzemar l&#8217;aspecte de la interf\u00edcie d&#8217;administraci\u00f3 i pot ser usada per emmagatzemar l&#8217;aspecte del lloc principal. WordPress_logged_in_`{`hash`}` \u2013 Despr\u00e9s del login, WordPress activa la cookie wordpress_logged_in_`{`hash`}`, que indica quan t&#8217;has connectat i qui ets, sent usada per la interf\u00edcie de WordPress. WordPress_`{`hash`}` \u2013 Aquesta cookie s&#8217;activa durant el login i guarda els detalls d&#8217;autenticaci\u00f3. El seu \u00fas est\u00e0 limitat a l&#8217;\u00e0rea d&#8217;administraci\u00f3, \/wp-config\/\u201d<\/p>\n<p>Cookies de tercers com per exemple, les utilitzades per les xarxes socials, o per complements externs de contingut com google maps. _NID, _PREF \u2013 Aquestes cookies de Google Maps registren l&#8217;origen de l&#8217;usuari, aix\u00ed com les paraules clau. HSID, SSID, APISID, SAPISID, BEAT, OTZ, BEAT, \u2013 Permeten compartir contingut a les xarxes socials. __ga, __utma, __utmb, __utmc, __utmv, __utmz, _twitter_sess, external_referer, guest_id \u2013 Aquestes cookies s\u00f3n les que instal\u00b7la Twitter per fer remarketing, seguiment d&#8217;usuaris i anal\u00edtica dels usuaris.<\/p>\n<p>Cookies anal\u00edtiques, s\u00f3n cookies utilitzades per Google Analytics per a l&#8217;an\u00e0lisi, investigaci\u00f3 o estad\u00edstiques amb l&#8217;objectiu de millorar l&#8217;experi\u00e8ncia del lloc web. Mitjan\u00e7ant l&#8217;\u00fas d&#8217;aquestes cookies es pot mostrar informaci\u00f3 m\u00e9s rellevant als visitants. __hstc, hubspotutk, __hssc, __hssrc, __hs_opt_out, __hs_do_not_track, __hs_testcookie, hsPagesViewedThisSession, hsfirstvisit: cookies de Hubspot, eina d&#8217;anal\u00edtica web, m\u00e0rqueting online per a l&#8217;an\u00e0lisi d&#8217;\u00fas i de mesura de la nostra web per millorar els nostres serveis. _utma, _utmb, _utmz, _utmc, _utmt: La finalitat principal \u00e9s identificar el nombre de visites, el per\u00edode de consultes, el cercador utilitzat per accedir al lloc web, les paraules clau utilitzades, la ubicaci\u00f3 global del visitant, els continguts visitats al lloc web, aix\u00ed com altres par\u00e0metres del tr\u00e0nsit al lloc web, sempre des de l&#8217;anonimat. Google emmagatzema aquesta informaci\u00f3 recollida per les cookies de manera que no s&#8217;identifica cap usuari. _hjIncludedInSample i _hjUserId: cookies de Hotjar, eina d&#8217;anal\u00edtica web, per a l&#8217;an\u00e0lisi d&#8217;\u00fas i de mesura de la nostra web per millorar els nostres serveis.<\/p>\n<p>Cookies anal\u00edtiques, s\u00f3n cookies utilitzades per Google Analytics per a l&#8217;an\u00e0lisi, investigaci\u00f3 o estad\u00edstiques amb l&#8217;objectiu de millorar l&#8217;experi\u00e8ncia del lloc web. Mitjan\u00e7ant l&#8217;\u00fas d&#8217;aquestes cookies es pot mostrar informaci\u00f3 m\u00e9s rellevant als visitants. __hstc, hubspotutk, __hssc, __hssrc, __hs_opt_out, __hs_do_not_track, __hs_testcookie, hsPagesViewedThisSession, hsfirstvisit: cookies de Hubspot, eina d&#8217;anal\u00edtica web, m\u00e0rqueting online per a l&#8217;an\u00e0lisi d&#8217;\u00fas i de mesura de la nostra web per millorar els nostres serveis. _utma, _utmb, _utmz, _utmc, _utmt: La finalitat principal \u00e9s identificar el nombre de visites, el per\u00edode de consultes, el cercador utilitzat per accedir al lloc web, les paraules clau utilitzades, la ubicaci\u00f3 global del visitant, els continguts visitats al lloc web, aix\u00ed com altres par\u00e0metres del tr\u00e0nsit al lloc web, sempre des de l&#8217;anonimat. Google emmagatzema aquesta informaci\u00f3 recollida per les cookies de manera que no s&#8217;identifica cap usuari. _hjIncludedInSample i _hjUserId: cookies de Hotjar, eina d&#8217;anal\u00edtica web, per a l&#8217;an\u00e0lisi d&#8217;\u00fas i de mesura de la nostra web per millorar els nostres serveis.<\/p>\n<p>A partir de l&#8217;opci\u00f3 que prenguis sobre l&#8217;\u00fas de cookies en aquest lloc web, se&#8217;t enviar\u00e0 una cookie addicional per salvaguardar la teva elecci\u00f3 i que no hagis d&#8217;acceptar l&#8217;\u00fas de cookies cada vegada que accedeixis a la nostra web. L&#8217;objectiu d&#8217;aquesta llista de cookies \u00e9s ajudar-te a recon\u00e8ixer les cookies emmagatzemades al teu navegador quan visites la nostra web o quan veus els nostres anuncis en altres llocs. Hem intentat incloure totes les cookies que utilitzem tant nosaltres com els nostres socis tecnol\u00f2gics, per\u00f2 tingues en compte que de vegades podem endarrerir-nos a l&#8217;actualitzar la llista. Si observes alguna discrep\u00e0ncia o creus que falta alguna cookie, no dubtis a dir-nos-ho.<\/p>\n<div style=\"height:100px\" aria-hidden=\"true\" class=\"wp-block-spacer\"><\/div>\n","protected":false},"excerpt":{"rendered":"<p>Aquesta p\u00e0gina web \u00e9s propietat de NEGOCIS INTELIGENTS 7 EXPERIENCE S.L.. El fet d&#8217;accedir a aquesta p\u00e0gina implica el coneixement i l&#8217;acceptaci\u00f3 de la pol\u00edtica de privadesa. En compliment de l&#8217;article 10 de la Llei 34\/2002, de 11 de juliol, de Serveis de la Societat de la Informaci\u00f3 i Comer\u00e7 Electr\u00f2nic (LSSI) s&#8217;exposen les dades &#8230; <a title=\"Pol\u00edtica de cookies\" class=\"read-more\" href=\"https:\/\/v2charge.com\/ca\/politica-de-cookies\/\" aria-label=\"Read more about Pol\u00edtica de cookies\">Read more<\/a><\/p>\n","protected":false},"author":1,"featured_media":170354,"parent":0,"menu_order":0,"comment_status":"closed","ping_status":"closed","template":"","meta":{"_eb_attr":"","content-type":"","_uag_custom_page_level_css":"","footnotes":""},"class_list":["post-309811","page","type-page","status-publish","has-post-thumbnail"],"yoast_head":"<!-- This site is optimized with the Yoast SEO plugin v25.3.1 - https:\/\/yoast.com\/wordpress\/plugins\/seo\/ -->\n<title>Cookies | V2C Punts de Rec\u00e0rrega per a Vehicles El\u00e8ctrics<\/title>\n<meta name=\"robots\" content=\"noindex, follow\" \/>\n<meta property=\"og:locale\" content=\"ca_ES\" \/>\n<meta property=\"og:type\" content=\"article\" \/>\n<meta property=\"og:title\" content=\"Cookies | V2C Punts de Rec\u00e0rrega per a Vehicles El\u00e8ctrics\" \/>\n<meta property=\"og:description\" content=\"Aquesta p\u00e0gina web \u00e9s propietat de NEGOCIS INTELIGENTS 7 EXPERIENCE S.L.. El fet d&#8217;accedir a aquesta p\u00e0gina implica el coneixement i l&#8217;acceptaci\u00f3 de la pol\u00edtica de privadesa. En compliment de l&#8217;article 10 de la Llei 34\/2002, de 11 de juliol, de Serveis de la Societat de la Informaci\u00f3 i Comer\u00e7 Electr\u00f2nic (LSSI) s&#8217;exposen les dades ... Read more\" \/>\n<meta property=\"og:url\" content=\"https:\/\/v2charge.com\/ca\/politica-de-cookies\/\" \/>\n<meta property=\"og:site_name\" content=\"V2C\" \/>\n<meta property=\"article:publisher\" content=\"https:\/\/www.facebook.com\/V2C.Charge\" \/>\n<meta property=\"article:modified_time\" content=\"2023-05-24T10:41:00+00:00\" \/>\n<meta property=\"og:image\" content=\"https:\/\/v2charge.com\/wp-content\/uploads\/2024\/07\/v2c-electric-chargers.jpg\" \/>\n\t<meta property=\"og:image:width\" content=\"1200\" \/>\n\t<meta property=\"og:image:height\" content=\"675\" \/>\n\t<meta property=\"og:image:type\" content=\"image\/jpeg\" \/>\n<meta name=\"twitter:card\" content=\"summary_large_image\" \/>\n<meta name=\"twitter:site\" content=\"@V2C_Charge\" \/>\n<meta name=\"twitter:label1\" content=\"Est. reading time\" \/>\n\t<meta name=\"twitter:data1\" content=\"9 minuts\" \/>\n<script type=\"application\/ld+json\" class=\"yoast-schema-graph\">{\"@context\":\"https:\/\/schema.org\",\"@graph\":[{\"@type\":\"WebPage\",\"@id\":\"https:\/\/v2charge.com\/ca\/politica-de-cookies\/\",\"url\":\"https:\/\/v2charge.com\/ca\/politica-de-cookies\/\",\"name\":\"Cookies | V2C Punts de Rec\u00e0rrega per a Vehicles El\u00e8ctrics\",\"isPartOf\":{\"@id\":\"https:\/\/v2charge.com\/ca\/#website\"},\"primaryImageOfPage\":{\"@id\":\"https:\/\/v2charge.com\/ca\/politica-de-cookies\/#primaryimage\"},\"image\":{\"@id\":\"https:\/\/v2charge.com\/ca\/politica-de-cookies\/#primaryimage\"},\"thumbnailUrl\":\"https:\/\/v2charge.com\/wp-content\/uploads\/2024\/07\/v2c-electric-chargers.jpg\",\"datePublished\":\"2018-06-01T09:43:28+00:00\",\"dateModified\":\"2023-05-24T10:41:00+00:00\",\"breadcrumb\":{\"@id\":\"https:\/\/v2charge.com\/ca\/politica-de-cookies\/#breadcrumb\"},\"inLanguage\":\"ca\",\"potentialAction\":[{\"@type\":\"ReadAction\",\"target\":[\"https:\/\/v2charge.com\/ca\/politica-de-cookies\/\"]}]},{\"@type\":\"ImageObject\",\"inLanguage\":\"ca\",\"@id\":\"https:\/\/v2charge.com\/ca\/politica-de-cookies\/#primaryimage\",\"url\":\"https:\/\/v2charge.com\/wp-content\/uploads\/2024\/07\/v2c-electric-chargers.jpg\",\"contentUrl\":\"https:\/\/v2charge.com\/wp-content\/uploads\/2024\/07\/v2c-electric-chargers.jpg\",\"width\":1200,\"height\":675,\"caption\":\"V2C Electric Chargers\"},{\"@type\":\"BreadcrumbList\",\"@id\":\"https:\/\/v2charge.com\/ca\/politica-de-cookies\/#breadcrumb\",\"itemListElement\":[{\"@type\":\"ListItem\",\"position\":1,\"name\":\"V2C\",\"item\":\"https:\/\/v2charge.com\/ca\/\"},{\"@type\":\"ListItem\",\"position\":2,\"name\":\"Pol\u00edtica de cookies\"}]},{\"@type\":\"WebSite\",\"@id\":\"https:\/\/v2charge.com\/ca\/#website\",\"url\":\"https:\/\/v2charge.com\/ca\/\",\"name\":\"V2C\",\"description\":\"#CargandoElMa\u00f1ana\",\"publisher\":{\"@id\":\"https:\/\/v2charge.com\/ca\/#organization\"},\"potentialAction\":[{\"@type\":\"SearchAction\",\"target\":{\"@type\":\"EntryPoint\",\"urlTemplate\":\"https:\/\/v2charge.com\/ca\/?s={search_term_string}\"},\"query-input\":{\"@type\":\"PropertyValueSpecification\",\"valueRequired\":true,\"valueName\":\"search_term_string\"}}],\"inLanguage\":\"ca\"},{\"@type\":\"Organization\",\"@id\":\"https:\/\/v2charge.com\/ca\/#organization\",\"name\":\"V2C\",\"url\":\"https:\/\/v2charge.com\/ca\/\",\"logo\":{\"@type\":\"ImageObject\",\"inLanguage\":\"ca\",\"@id\":\"https:\/\/v2charge.com\/ca\/#\/schema\/logo\/image\/\",\"url\":\"https:\/\/v2charge.com\/wp-content\/uploads\/2024\/11\/cropped-v2c-charge-logo-menu.png\",\"contentUrl\":\"https:\/\/v2charge.com\/wp-content\/uploads\/2024\/11\/cropped-v2c-charge-logo-menu.png\",\"width\":984,\"height\":431,\"caption\":\"V2C\"},\"image\":{\"@id\":\"https:\/\/v2charge.com\/ca\/#\/schema\/logo\/image\/\"},\"sameAs\":[\"https:\/\/www.facebook.com\/V2C.Charge\",\"https:\/\/x.com\/V2C_Charge\",\"https:\/\/www.instagram.com\/v2c.charge\/\",\"https:\/\/www.youtube.com\/@V2C\",\"https:\/\/www.linkedin.com\/company\/v2c-chargers\/\"]}]}<\/script>\n<!-- \/ Yoast SEO plugin. -->","yoast_head_json":{"title":"Cookies | V2C Punts de Rec\u00e0rrega per a Vehicles El\u00e8ctrics","robots":{"index":"noindex","follow":"follow"},"og_locale":"ca_ES","og_type":"article","og_title":"Cookies | V2C Punts de Rec\u00e0rrega per a Vehicles El\u00e8ctrics","og_description":"Aquesta p\u00e0gina web \u00e9s propietat de NEGOCIS INTELIGENTS 7 EXPERIENCE S.L.. El fet d&#8217;accedir a aquesta p\u00e0gina implica el coneixement i l&#8217;acceptaci\u00f3 de la pol\u00edtica de privadesa. En compliment de l&#8217;article 10 de la Llei 34\/2002, de 11 de juliol, de Serveis de la Societat de la Informaci\u00f3 i Comer\u00e7 Electr\u00f2nic (LSSI) s&#8217;exposen les dades ... Read more","og_url":"https:\/\/v2charge.com\/ca\/politica-de-cookies\/","og_site_name":"V2C","article_publisher":"https:\/\/www.facebook.com\/V2C.Charge","article_modified_time":"2023-05-24T10:41:00+00:00","og_image":[{"width":1200,"height":675,"url":"https:\/\/v2charge.com\/wp-content\/uploads\/2024\/07\/v2c-electric-chargers.jpg","type":"image\/jpeg"}],"twitter_card":"summary_large_image","twitter_site":"@V2C_Charge","twitter_misc":{"Est. reading time":"9 minuts"},"schema":{"@context":"https:\/\/schema.org","@graph":[{"@type":"WebPage","@id":"https:\/\/v2charge.com\/ca\/politica-de-cookies\/","url":"https:\/\/v2charge.com\/ca\/politica-de-cookies\/","name":"Cookies | V2C Punts de Rec\u00e0rrega per a Vehicles El\u00e8ctrics","isPartOf":{"@id":"https:\/\/v2charge.com\/ca\/#website"},"primaryImageOfPage":{"@id":"https:\/\/v2charge.com\/ca\/politica-de-cookies\/#primaryimage"},"image":{"@id":"https:\/\/v2charge.com\/ca\/politica-de-cookies\/#primaryimage"},"thumbnailUrl":"https:\/\/v2charge.com\/wp-content\/uploads\/2024\/07\/v2c-electric-chargers.jpg","datePublished":"2018-06-01T09:43:28+00:00","dateModified":"2023-05-24T10:41:00+00:00","breadcrumb":{"@id":"https:\/\/v2charge.com\/ca\/politica-de-cookies\/#breadcrumb"},"inLanguage":"ca","potentialAction":[{"@type":"ReadAction","target":["https:\/\/v2charge.com\/ca\/politica-de-cookies\/"]}]},{"@type":"ImageObject","inLanguage":"ca","@id":"https:\/\/v2charge.com\/ca\/politica-de-cookies\/#primaryimage","url":"https:\/\/v2charge.com\/wp-content\/uploads\/2024\/07\/v2c-electric-chargers.jpg","contentUrl":"https:\/\/v2charge.com\/wp-content\/uploads\/2024\/07\/v2c-electric-chargers.jpg","width":1200,"height":675,"caption":"V2C Electric Chargers"},{"@type":"BreadcrumbList","@id":"https:\/\/v2charge.com\/ca\/politica-de-cookies\/#breadcrumb","itemListElement":[{"@type":"ListItem","position":1,"name":"V2C","item":"https:\/\/v2charge.com\/ca\/"},{"@type":"ListItem","position":2,"name":"Pol\u00edtica de cookies"}]},{"@type":"WebSite","@id":"https:\/\/v2charge.com\/ca\/#website","url":"https:\/\/v2charge.com\/ca\/","name":"V2C","description":"#CargandoElMa\u00f1ana","publisher":{"@id":"https:\/\/v2charge.com\/ca\/#organization"},"potentialAction":[{"@type":"SearchAction","target":{"@type":"EntryPoint","urlTemplate":"https:\/\/v2charge.com\/ca\/?s={search_term_string}"},"query-input":{"@type":"PropertyValueSpecification","valueRequired":true,"valueName":"search_term_string"}}],"inLanguage":"ca"},{"@type":"Organization","@id":"https:\/\/v2charge.com\/ca\/#organization","name":"V2C","url":"https:\/\/v2charge.com\/ca\/","logo":{"@type":"ImageObject","inLanguage":"ca","@id":"https:\/\/v2charge.com\/ca\/#\/schema\/logo\/image\/","url":"https:\/\/v2charge.com\/wp-content\/uploads\/2024\/11\/cropped-v2c-charge-logo-menu.png","contentUrl":"https:\/\/v2charge.com\/wp-content\/uploads\/2024\/11\/cropped-v2c-charge-logo-menu.png","width":984,"height":431,"caption":"V2C"},"image":{"@id":"https:\/\/v2charge.com\/ca\/#\/schema\/logo\/image\/"},"sameAs":["https:\/\/www.facebook.com\/V2C.Charge","https:\/\/x.com\/V2C_Charge","https:\/\/www.instagram.com\/v2c.charge\/","https:\/\/www.youtube.com\/@V2C","https:\/\/www.linkedin.com\/company\/v2c-chargers\/"]}]}},"uagb_featured_image_src":{"full":["https:\/\/v2charge.com\/wp-content\/uploads\/2024\/07\/v2c-electric-chargers.jpg",1200,675,false],"thumbnail":["https:\/\/v2charge.com\/wp-content\/uploads\/2024\/07\/v2c-electric-chargers-150x150.jpg",150,150,true],"medium":["https:\/\/v2charge.com\/wp-content\/uploads\/2024\/07\/v2c-electric-chargers-300x169.jpg",300,169,true],"medium_large":["https:\/\/v2charge.com\/wp-content\/uploads\/2024\/07\/v2c-electric-chargers-768x432.jpg",768,432,true],"large":["https:\/\/v2charge.com\/wp-content\/uploads\/2024\/07\/v2c-electric-chargers-1024x576.jpg",1024,576,true],"gs-tiny":["https:\/\/v2charge.com\/wp-content\/uploads\/2024\/07\/v2c-electric-chargers.jpg",50,28,false],"xl":["https:\/\/v2charge.com\/wp-content\/uploads\/2024\/07\/v2c-electric-chargers.jpg",1200,675,false],"xxl":["https:\/\/v2charge.com\/wp-content\/uploads\/2024\/07\/v2c-electric-chargers.jpg",1200,675,false],"xxxl":["https:\/\/v2charge.com\/wp-content\/uploads\/2024\/07\/v2c-electric-chargers.jpg",1200,675,false],"xxxxl":["https:\/\/v2charge.com\/wp-content\/uploads\/2024\/07\/v2c-electric-chargers.jpg",1200,675,false],"xxxxxl":["https:\/\/v2charge.com\/wp-content\/uploads\/2024\/07\/v2c-electric-chargers.jpg",1200,675,false],"1536x1536":["https:\/\/v2charge.com\/wp-content\/uploads\/2024\/07\/v2c-electric-chargers.jpg",1200,675,false],"2048x2048":["https:\/\/v2charge.com\/wp-content\/uploads\/2024\/07\/v2c-electric-chargers.jpg",1200,675,false]},"uagb_author_info":{"display_name":"V2C","author_link":"https:\/\/v2charge.com\/ca\/author\/root_k4eu7ki8\/"},"uagb_comment_info":0,"uagb_excerpt":"Aquesta p\u00e0gina web \u00e9s propietat de NEGOCIS INTELIGENTS 7 EXPERIENCE S.L.. El fet d&#8217;accedir a aquesta p\u00e0gina implica el coneixement i l&#8217;acceptaci\u00f3 de la pol\u00edtica de privadesa. En compliment de l&#8217;article 10 de la Llei 34\/2002, de 11 de juliol, de Serveis de la Societat de la Informaci\u00f3 i Comer\u00e7 Electr\u00f2nic (LSSI) s&#8217;exposen les dades&hellip;","_links":{"self":[{"href":"https:\/\/v2charge.com\/ca\/wp-json\/wp\/v2\/pages\/309811","targetHints":{"allow":["GET"]}}],"collection":[{"href":"https:\/\/v2charge.com\/ca\/wp-json\/wp\/v2\/pages"}],"about":[{"href":"https:\/\/v2charge.com\/ca\/wp-json\/wp\/v2\/types\/page"}],"author":[{"embeddable":true,"href":"https:\/\/v2charge.com\/ca\/wp-json\/wp\/v2\/users\/1"}],"replies":[{"embeddable":true,"href":"https:\/\/v2charge.com\/ca\/wp-json\/wp\/v2\/comments?post=309811"}],"version-history":[{"count":0,"href":"https:\/\/v2charge.com\/ca\/wp-json\/wp\/v2\/pages\/309811\/revisions"}],"wp:featuredmedia":[{"embeddable":true,"href":"https:\/\/v2charge.com\/ca\/wp-json\/wp\/v2\/media\/170354"}],"wp:attachment":[{"href":"https:\/\/v2charge.com\/ca\/wp-json\/wp\/v2\/media?parent=309811"}],"curies":[{"name":"wp","href":"https:\/\/api.w.org\/{rel}","templated":true}]}}