{"id":309814,"date":"2021-12-31T11:13:03","date_gmt":"2021-12-31T11:13:03","guid":{"rendered":""},"modified":"2025-11-27T16:00:44","modified_gmt":"2025-11-27T14:00:44","slug":"com-crear-un-compte-a-v2c-cloud","status":"publish","type":"page","link":"https:\/\/v2charge.com\/ca\/com-crear-un-compte-a-v2c-cloud\/","title":{"rendered":"Com crear un compte a V2C Cloud?"},"content":{"rendered":"\n<div class=\"wp-block-uagb-container uagb-block-794f623d alignfull uagb-is-root-container\"><div class=\"uagb-container-inner-blocks-wrap\"><div class=\"wp-block-uagb-advanced-heading uagb-block-af68f17d\"><h1 class=\"uagb-heading-text\">Accedir<\/h1><\/div>\n\n\n<div id=\"acceder-cloud\" class=\"wp-block-uagb-container uagb-block-59eea2fc alignfull uagb-is-root-container\"><div class=\"uagb-container-inner-blocks-wrap\">\n<div style=\"height:10px\" aria-hidden=\"true\" class=\"wp-block-spacer\"><\/div>\n\n\n<p>Un cop hagis descarregat l&#8217;aplicaci\u00f3, per <strong>accedir des de l&#8217;app<\/strong> o des de l&#8217;<strong>ordinador (www.v2c.cloud)<\/strong>, necessitar\u00e0s <strong>crear un compte<\/strong>. Tens tres opcions:<\/p>\n\n\n<div class=\"wp-block-uagb-container uagb-block-47afcacc default uagb-is-root-container\">\n<div class=\"wp-block-uagb-container uagb-block-8c884fcb\">\n<ul class=\"wp-block-list\"><li>Amb el teu correu electr\u00f2nic<\/li>\n\n<li>Amb el teu compte de Google<\/li>\n\n<li>Amb el teu compte d&#8217;Apple (nom\u00e9s disponible per a usuaris iOS)<\/li><\/ul>\n\n\n<p>Amb el teu <strong>compte de Google o Apple<\/strong> (nom\u00e9s disponible per a usuaris iOS): Prem el bot\u00f3 corresponent i segueix les indicacions.<br><br>Amb el teu <strong>correu electr\u00f2nic<\/strong>: Fes clic a &#8216;registra&#8217;t aqu\u00ed&#8217;, introdueix les teves dades i selecciona &#8216;crear compte&#8217;.<br><br><strong>IMPORTANT<\/strong>: Al finalitzar el registre rebr\u00e0s autom\u00e0ticament un correu electr\u00f2nic de confirmaci\u00f3. Si no el trobes a la teva safata d&#8217;entrada, revisa la carpeta de correu no desitjat o spam. No podr\u00e0s accedir sense confirmar el teu correu. Si experimentes problemes al registrar el teu correu, podria estar pr\u00e8viament registrat. En cas d&#8217;oblidar la contrasenya, utilitza l&#8217;opci\u00f3 de recuperaci\u00f3 de contrasenya.<br><br>Per <strong>iniciar sessi\u00f3<\/strong> segueix les indicacions de les imatges que es mostren a continuaci\u00f3.<br><br>Per <strong>tancar sessi\u00f3<\/strong> Per tancar sessi\u00f3, nom\u00e9s necessites pr\u00e9mer la icona del perfil i despr\u00e9s triar l&#8217;opci\u00f3 <strong>Tancar sessi\u00f3<\/strong>.<\/p><\/div>\n\n\n\n<div class=\"wp-block-uagb-container uagb-block-198a3d94\">\n<div class=\"wp-block-accordion-toggle-accordion-toggle  root-eb-accordion-6x42vqa\"><div class=\"eb-parent-wrapper eb-parent-eb-accordion-6x42vqa \"><div class=\"eb-accordion-container eb-accordion-6x42vqa\" data-accordion-type=\"accordion\" data-tab-icon=\"fas fa-angle-right\" data-expanded-icon=\"fas fa-angle-down\" data-transition-duration=\"500\"><div class=\"eb-accordion-inner\"><div class=\"wp-block-accordion-toggle-accordion-item eb-accordion-item-bs9wfpq eb-accordion-wrapper\" data-clickable=\"false\"><div class=\"eb-accordion-title-wrapper eb-accordion-title-wrapper-eb-accordion-6x42vqa\" tabindex=\"0\"><span class=\"eb-accordion-icon-wrapper eb-accordion-icon-wrapper-eb-accordion-6x42vqa\"><span class=\"fas fa-angle-right eb-accordion-icon\"><\/span><\/span><div class=\"eb-accordion-title-content-wrap title-content-eb-accordion-6x42vqa\"><p class=\"eb-accordion-title\">V2C Cloud &#8211; versi\u00f3 smartphone<\/p><\/div><\/div><div class=\"eb-accordion-content-wrapper eb-accordion-content-wrapper-eb-accordion-6x42vqa\"><div class=\"eb-accordion-content\"><div class=\"wp-block-uagb-info-box uagb-block-73fbcaf7 uagb-infobox__content-wrap  uagb-infobox-icon-above-title uagb-infobox-image-valign-top\"><div class=\"uagb-ifb-content\"><div class=\"uagb-ifb-title-wrap\"><\/div><p class=\"uagb-ifb-desc\">A la pantalla principal pots <strong>crear un compte<\/strong> utilitzant <strong>Google, Apple o una adre\u00e7a de correu electr\u00f2nic<\/strong>.<br><\/p><\/div><\/div>\n\n\n<div class=\"wp-block-uagb-slider uagb-block-47f7def5 uagb-slider-container\"><div class=\"uagb-slides uagb-swiper\"><div class=\"swiper-wrapper\">\n<div class=\"wp-block-uagb-slider-child uagb-slider-child-wrap swiper-slide uagb-block-9c5f674c\"><div class=\"swiper-content\">\t\t\t\t\t<div\n\t\t\t\t\t\tclass=\"wp-block-uagb-image-gallery uagb-block-2f05bfaa     \"\n\t\t\t\t\t\tstyle=\"\"\n\t\t\t\t\t>\n\t\t\t\t\t\t\t\t\t\t\t<div class=\"spectra-image-gallery spectra-image-gallery__layout--carousel\">\n\t\t\t\t\t\t\t\t<div class=\"uagb-slick-carousel uagb-block-2f05bfaa\">\n\t\t\t\t\t\t\t\t\t\t\t\t<div class='spectra-image-gallery__media-wrapper' data-spectra-gallery-image-id='276862'>\n\t\t\t\t\t\t\t<div class=\"spectra-image-gallery__media spectra-image-gallery__media--carousel\">\n\t\t\t\t<picture>\n\t\t\t\t\t<source media=\"(min-width: 1024px)\" srcset=\"https:\/\/v2charge.com\/wp-content\/uploads\/2025\/11\/acceder-es-1.png\">\n\t\t\t\t\t<source media=\"(min-width: 768px)\" srcset=\"https:\/\/v2charge.com\/wp-content\/uploads\/2025\/11\/acceder-es-1.png\">\n\t\t\t\t\t<img decoding=\"async\" class=\"spectra-image-gallery__media-thumbnail spectra-image-gallery__media-thumbnail--carousel\" src=\"https:\/\/v2charge.com\/wp-content\/uploads\/2025\/11\/acceder-es-1.png\" alt=\"\" loading=\"lazy\" \/>\n\t\t\t\t<\/picture>\n\t\t\t\t<div class=\"spectra-image-gallery__media-thumbnail-blurrer\"><\/div>\n\t\t\t\t\t\t\t<\/div>\n\t\t\t\t\t\t\t\t<div class=\"spectra-image-gallery__media-thumbnail-caption-wrapper spectra-image-gallery__media-thumbnail-caption-wrapper--bar-outside\">\n\t\t\t\t\t\t\t\t\t\t<div class=\"spectra-image-gallery__media-thumbnail-caption spectra-image-gallery__media-thumbnail-caption--bar-outside\">\n\t\t\t\t\t\t\t\t\t<\/div>\n\t\t\t\t\t\t\t\t<\/div>\n\t\t\t\t\t\t\t<\/div>\n\t\t\t\t\t\t<div class='spectra-image-gallery__media-wrapper' data-spectra-gallery-image-id='276873'>\n\t\t\t\t\t\t\t<div class=\"spectra-image-gallery__media spectra-image-gallery__media--carousel\">\n\t\t\t\t<picture>\n\t\t\t\t\t<source media=\"(min-width: 1024px)\" srcset=\"https:\/\/v2charge.com\/wp-content\/uploads\/2025\/11\/crear-cuenta-es-1.png\">\n\t\t\t\t\t<source media=\"(min-width: 768px)\" srcset=\"https:\/\/v2charge.com\/wp-content\/uploads\/2025\/11\/crear-cuenta-es-1.png\">\n\t\t\t\t\t<img decoding=\"async\" class=\"spectra-image-gallery__media-thumbnail spectra-image-gallery__media-thumbnail--carousel\" src=\"https:\/\/v2charge.com\/wp-content\/uploads\/2025\/11\/crear-cuenta-es-1.png\" alt=\"\" loading=\"lazy\" \/>\n\t\t\t\t<\/picture>\n\t\t\t\t<div class=\"spectra-image-gallery__media-thumbnail-blurrer\"><\/div>\n\t\t\t\t\t\t\t<\/div>\n\t\t\t\t\t\t\t\t<div class=\"spectra-image-gallery__media-thumbnail-caption-wrapper spectra-image-gallery__media-thumbnail-caption-wrapper--bar-outside\">\n\t\t\t\t\t\t\t\t\t\t<div class=\"spectra-image-gallery__media-thumbnail-caption spectra-image-gallery__media-thumbnail-caption--bar-outside\">\n\t\t\t\t\t\t\t\t\t<\/div>\n\t\t\t\t\t\t\t\t<\/div>\n\t\t\t\t\t\t\t<\/div>\n\t\t\t\t\t\t\t\t\t\t\t<\/div>\n\t\t\t\t\t\t\t<\/div>\n\t\t\t\t\t\t\t\t\t\t\t<\/div>\n\t\t\t\t\t\t\t\t\t<\/div><\/div>\n<\/div><\/div><\/div>\n<\/div><\/div><\/div>\n<\/div><\/div><\/div><\/div>\n\n\n\n<div class=\"wp-block-accordion-toggle-accordion-toggle  root-eb-accordion-9i8c2pz\"><div class=\"eb-parent-wrapper eb-parent-eb-accordion-9i8c2pz \"><div class=\"eb-accordion-container eb-accordion-9i8c2pz\" data-accordion-type=\"accordion\" data-tab-icon=\"fas fa-angle-right\" data-expanded-icon=\"fas fa-angle-down\" data-transition-duration=\"500\"><div class=\"eb-accordion-inner\"><div class=\"wp-block-accordion-toggle-accordion-item eb-accordion-item-crh7kda eb-accordion-wrapper\" data-clickable=\"true\"><div class=\"eb-accordion-title-wrapper eb-accordion-title-wrapper-eb-accordion-9i8c2pz\" tabindex=\"0\"><span class=\"eb-accordion-icon-wrapper eb-accordion-icon-wrapper-eb-accordion-9i8c2pz\"><span class=\"fas fa-angle-right eb-accordion-icon\"><\/span><\/span><div class=\"eb-accordion-title-content-wrap title-content-eb-accordion-9i8c2pz\"><p class=\"eb-accordion-title\">V2C Cloud &#8211; versi\u00f3 web<\/p><\/div><\/div><div class=\"eb-accordion-content-wrapper eb-accordion-content-wrapper-eb-accordion-9i8c2pz\"><div class=\"eb-accordion-content\">\n<div class=\"wp-block-uagb-slider uagb-block-2483cbb7 uagb-slider-container\"><div class=\"uagb-slides uagb-swiper\"><div class=\"swiper-wrapper\">\n<div class=\"wp-block-uagb-slider-child uagb-slider-child-wrap swiper-slide uagb-block-37626abf\"><div class=\"swiper-content\">\n<div class=\"wp-block-uagb-image aligncenter uagb-block-04ed8b1a wp-block-uagb-image--layout-default wp-block-uagb-image--effect-static wp-block-uagb-image--align-center\"><figure class=\"wp-block-uagb-image__figure\"><img decoding=\"async\" srcset=\"https:\/\/v2charge.com\/wp-content\/uploads\/2025\/11\/acceder-crear-cuenta.png ,https:\/\/v2charge.com\/wp-content\/uploads\/2025\/11\/acceder-crear-cuenta.png 780w, https:\/\/v2charge.com\/wp-content\/uploads\/2025\/11\/acceder-crear-cuenta.png 360w\" sizes=\"auto, (max-width: 480px) 150px\" src=\"https:\/\/v2charge.com\/wp-content\/uploads\/2025\/11\/acceder-crear-cuenta.png\" alt=\"\" class=\"uag-image-276085\" width=\"1000\" height=\"836\" title=\"acceder-crear-cuenta\" loading=\"lazy\" role=\"img\"\/><\/figure><\/div>\n<\/div><\/div>\n\n\n\n<div class=\"wp-block-uagb-slider-child uagb-slider-child-wrap swiper-slide uagb-block-4c9e20ec\"><div class=\"swiper-content\"><div class=\"wp-block-uagb-info-box uagb-block-440c73df uagb-infobox__content-wrap  uagb-infobox-icon-above-title uagb-infobox-image-valign-top\"><div class=\"uagb-ifb-content\"><div class=\"uagb-ifb-title-wrap\"><\/div><p class=\"uagb-ifb-desc\">Pots crear el compte a trav\u00e9s d&#8217;un correu electr\u00f2nic.<\/p><\/div><\/div>\n\n\n<div class=\"wp-block-uagb-image aligncenter uagb-block-18dfecef wp-block-uagb-image--layout-default wp-block-uagb-image--effect-static wp-block-uagb-image--align-center\"><figure class=\"wp-block-uagb-image__figure\"><img decoding=\"async\" srcset=\"https:\/\/v2charge.com\/wp-content\/uploads\/2025\/11\/crear-cuenta.png ,https:\/\/v2charge.com\/wp-content\/uploads\/2025\/11\/crear-cuenta.png 780w, https:\/\/v2charge.com\/wp-content\/uploads\/2025\/11\/crear-cuenta.png 360w\" sizes=\"auto, (max-width: 480px) 150px\" src=\"https:\/\/v2charge.com\/wp-content\/uploads\/2025\/11\/crear-cuenta.png\" alt=\"\" class=\"uag-image-276096\" width=\"1000\" height=\"836\" title=\"crear-cuenta\" loading=\"lazy\" role=\"img\"\/><\/figure><\/div>\n<\/div><\/div>\n\n\n\n<div class=\"wp-block-uagb-slider-child uagb-slider-child-wrap swiper-slide uagb-block-5fd4eea1\"><div class=\"swiper-content\"><div class=\"wp-block-uagb-info-box uagb-block-88158d7a uagb-infobox__content-wrap  uagb-infobox-icon-above-title uagb-infobox-image-valign-top\"><div class=\"uagb-ifb-content\"><div class=\"uagb-ifb-title-wrap\"><\/div><p class=\"uagb-ifb-desc\">Confirmar la creaci\u00f3 del compte mitjan\u00e7ant el correu de verificaci\u00f3 rebut.<\/p><\/div><\/div>\n\n\n<div class=\"wp-block-uagb-image aligncenter uagb-block-8e5be72c wp-block-uagb-image--layout-default wp-block-uagb-image--effect-static wp-block-uagb-image--align-center\"><figure class=\"wp-block-uagb-image__figure\"><img decoding=\"async\" srcset=\"https:\/\/v2charge.com\/wp-content\/uploads\/2025\/11\/verificar-mail.png ,https:\/\/v2charge.com\/wp-content\/uploads\/2025\/11\/verificar-mail.png 780w, https:\/\/v2charge.com\/wp-content\/uploads\/2025\/11\/verificar-mail.png 360w\" sizes=\"auto, (max-width: 480px) 150px\" src=\"https:\/\/v2charge.com\/wp-content\/uploads\/2025\/11\/verificar-mail.png\" alt=\"\" class=\"uag-image-276107\" width=\"1000\" height=\"836\" title=\"verificar-mail\" loading=\"lazy\" role=\"img\"\/><\/figure><\/div>\n<\/div><\/div>\n<\/div><\/div><div class=\"swiper-pagination\"><\/div><div class=\"swiper-button-prev\"><\/div><div class=\"swiper-button-next\"><\/div><\/div>\n<\/div><\/div><\/div>\n<\/div><\/div><\/div><\/div>\n<\/div>\n<\/div>\n<\/div><\/div>\n<\/div><\/div>\n\n\n\n<div class=\"wp-block-uagb-container gradient-try-section3 uagb-block-18580f50 alignfull uagb-is-root-container\"><div class=\"uagb-container-inner-blocks-wrap\">\n<div data-aos= \"fade\" data-aos-duration=\"400\" data-aos-delay=\"0\" data-aos-easing=\"ease\" data-aos-once=\"true\" class=\"wp-block-uagb-container uagb-block-c7b70b4d default uagb-is-root-container\">\n<div class=\"wp-block-uagb-container uagb-block-8c7be9d3\"><div class=\"wp-block-uagb-advanced-heading uagb-block-0b94933a\"><h2 class=\"uagb-heading-text\">Consulta la guia completa de l&#8217;app V2C Cloud<\/h2><\/div>\n\n\n<div class=\"wp-block-uagb-buttons uagb-buttons__outer-wrap uagb-btn__default-btn uagb-btn-tablet__default-btn uagb-btn-mobile__default-btn uagb-block-e9bcb751\"><div class=\"uagb-buttons__wrap uagb-buttons-layout-wrap \"><div class=\"wp-block-uagb-buttons-child uagb-buttons__outer-wrap uagb-block-0b38b9b4 wp-block-button\"><div class=\"uagb-button__wrapper\"><a class=\"uagb-buttons-repeater wp-block-button__link\" aria-label=\"\" href=\"https:\/\/v2charge.com\/ca\/area-de-suport\/suport-v2c-cloud\/configuracio-de-v2c-cloud\/\" rel=\"follow noopener\" target=\"_self\" role=\"button\"><div class=\"uagb-button__link\">Veure la guia V2C Cloud<\/div><\/a><\/div><\/div><\/div><\/div>\n<\/div>\n<\/div>\n<\/div><\/div>\n","protected":false},"excerpt":{"rendered":"<p>Accedir Un cop hagis descarregat l&#8217;aplicaci\u00f3, per accedir des de l&#8217;app o des de l&#8217;ordinador (www.v2c.cloud), necessitar\u00e0s crear un compte. Tens tres opcions: Amb el teu compte de Google o Apple (nom\u00e9s disponible per a usuaris iOS): Prem el bot\u00f3 corresponent i segueix les indicacions. Amb el teu correu electr\u00f2nic: Fes clic a &#8216;registra&#8217;t aqu\u00ed&#8217;, &#8230; <a title=\"Com crear un compte a V2C Cloud?\" class=\"read-more\" href=\"https:\/\/v2charge.com\/ca\/com-crear-un-compte-a-v2c-cloud\/\" aria-label=\"M\u00e9s informaci\u00f3 sobre Com crear un compte a V2C Cloud?\">Llegiu m\u00e9s<\/a><\/p>\n","protected":false},"author":1,"featured_media":170354,"parent":0,"menu_order":0,"comment_status":"closed","ping_status":"closed","template":"","meta":{"_eb_attr":"","content-type":"","_uag_custom_page_level_css":"","footnotes":""},"class_list":["post-309814","page","type-page","status-publish","has-post-thumbnail"],"yoast_head":"<!-- This site is optimized with the Yoast SEO plugin v25.3.1 - https:\/\/yoast.com\/wordpress\/plugins\/seo\/ -->\n<title>Com crear un compte a V2C Cloud, l&#039;App de V2C<\/title>\n<meta name=\"description\" content=\"Crea un compte a V2C Cloud i gestiona el teu carregador el\u00e8ctric. Et expliquem com fer-ho pas a pas.\" \/>\n<meta name=\"robots\" content=\"index, follow, max-snippet:-1, max-image-preview:large, max-video-preview:-1\" \/>\n<link rel=\"canonical\" href=\"https:\/\/v2charge.com\/ca\/com-crear-un-compte-a-v2c-cloud\/\" \/>\n<meta property=\"og:locale\" content=\"ca_ES\" \/>\n<meta property=\"og:type\" content=\"article\" \/>\n<meta property=\"og:title\" content=\"Com crear un compte a V2C Cloud, l&#039;App de V2C\" \/>\n<meta property=\"og:description\" content=\"Crea un compte a V2C Cloud i gestiona el teu carregador el\u00e8ctric. Et expliquem com fer-ho pas a pas.\" \/>\n<meta property=\"og:url\" content=\"https:\/\/v2charge.com\/ca\/com-crear-un-compte-a-v2c-cloud\/\" \/>\n<meta property=\"og:site_name\" content=\"V2C\" \/>\n<meta property=\"article:publisher\" content=\"https:\/\/www.facebook.com\/V2C.Charge\" \/>\n<meta property=\"article:modified_time\" content=\"2025-11-27T14:00:44+00:00\" \/>\n<meta property=\"og:image\" content=\"https:\/\/v2charge.com\/wp-content\/uploads\/2024\/07\/v2c-electric-chargers.jpg\" \/>\n\t<meta property=\"og:image:width\" content=\"1200\" \/>\n\t<meta property=\"og:image:height\" content=\"675\" \/>\n\t<meta property=\"og:image:type\" content=\"image\/jpeg\" \/>\n<meta name=\"twitter:card\" content=\"summary_large_image\" \/>\n<meta name=\"twitter:site\" content=\"@V2C_Charge\" \/>\n<meta name=\"twitter:label1\" content=\"Temps estimat de lectura\" \/>\n\t<meta name=\"twitter:data1\" content=\"2 minuts\" \/>\n<script type=\"application\/ld+json\" class=\"yoast-schema-graph\">{\"@context\":\"https:\/\/schema.org\",\"@graph\":[{\"@type\":\"WebPage\",\"@id\":\"https:\/\/v2charge.com\/ca\/com-crear-un-compte-a-v2c-cloud\/\",\"url\":\"https:\/\/v2charge.com\/ca\/com-crear-un-compte-a-v2c-cloud\/\",\"name\":\"Com crear un compte a V2C Cloud, l'App de V2C\",\"isPartOf\":{\"@id\":\"https:\/\/v2charge.com\/ca\/#website\"},\"primaryImageOfPage\":{\"@id\":\"https:\/\/v2charge.com\/ca\/com-crear-un-compte-a-v2c-cloud\/#primaryimage\"},\"image\":{\"@id\":\"https:\/\/v2charge.com\/ca\/com-crear-un-compte-a-v2c-cloud\/#primaryimage\"},\"thumbnailUrl\":\"https:\/\/v2charge.com\/wp-content\/uploads\/2024\/07\/v2c-electric-chargers.jpg\",\"datePublished\":\"2021-12-31T11:13:03+00:00\",\"dateModified\":\"2025-11-27T14:00:44+00:00\",\"description\":\"Crea un compte a V2C Cloud i gestiona el teu carregador el\u00e8ctric. Et expliquem com fer-ho pas a pas.\",\"breadcrumb\":{\"@id\":\"https:\/\/v2charge.com\/ca\/com-crear-un-compte-a-v2c-cloud\/#breadcrumb\"},\"inLanguage\":\"ca\",\"potentialAction\":[{\"@type\":\"ReadAction\",\"target\":[\"https:\/\/v2charge.com\/ca\/com-crear-un-compte-a-v2c-cloud\/\"]}]},{\"@type\":\"ImageObject\",\"inLanguage\":\"ca\",\"@id\":\"https:\/\/v2charge.com\/ca\/com-crear-un-compte-a-v2c-cloud\/#primaryimage\",\"url\":\"https:\/\/v2charge.com\/wp-content\/uploads\/2024\/07\/v2c-electric-chargers.jpg\",\"contentUrl\":\"https:\/\/v2charge.com\/wp-content\/uploads\/2024\/07\/v2c-electric-chargers.jpg\",\"width\":1200,\"height\":675,\"caption\":\"V2C Electric Chargers\"},{\"@type\":\"BreadcrumbList\",\"@id\":\"https:\/\/v2charge.com\/ca\/com-crear-un-compte-a-v2c-cloud\/#breadcrumb\",\"itemListElement\":[{\"@type\":\"ListItem\",\"position\":1,\"name\":\"V2C\",\"item\":\"https:\/\/v2charge.com\/ca\/\"},{\"@type\":\"ListItem\",\"position\":2,\"name\":\"Com crear un compte a V2C Cloud?\"}]},{\"@type\":\"WebSite\",\"@id\":\"https:\/\/v2charge.com\/ca\/#website\",\"url\":\"https:\/\/v2charge.com\/ca\/\",\"name\":\"V2C\",\"description\":\"#CargandoElMa\u00f1ana\",\"publisher\":{\"@id\":\"https:\/\/v2charge.com\/ca\/#organization\"},\"potentialAction\":[{\"@type\":\"SearchAction\",\"target\":{\"@type\":\"EntryPoint\",\"urlTemplate\":\"https:\/\/v2charge.com\/ca\/?s={search_term_string}\"},\"query-input\":{\"@type\":\"PropertyValueSpecification\",\"valueRequired\":true,\"valueName\":\"search_term_string\"}}],\"inLanguage\":\"ca\"},{\"@type\":\"Organization\",\"@id\":\"https:\/\/v2charge.com\/ca\/#organization\",\"name\":\"V2C\",\"url\":\"https:\/\/v2charge.com\/ca\/\",\"logo\":{\"@type\":\"ImageObject\",\"inLanguage\":\"ca\",\"@id\":\"https:\/\/v2charge.com\/ca\/#\/schema\/logo\/image\/\",\"url\":\"https:\/\/v2charge.com\/wp-content\/uploads\/2024\/11\/cropped-v2c-charge-logo-menu.png\",\"contentUrl\":\"https:\/\/v2charge.com\/wp-content\/uploads\/2024\/11\/cropped-v2c-charge-logo-menu.png\",\"width\":984,\"height\":431,\"caption\":\"V2C\"},\"image\":{\"@id\":\"https:\/\/v2charge.com\/ca\/#\/schema\/logo\/image\/\"},\"sameAs\":[\"https:\/\/www.facebook.com\/V2C.Charge\",\"https:\/\/x.com\/V2C_Charge\",\"https:\/\/www.instagram.com\/v2c.charge\/\",\"https:\/\/www.youtube.com\/@V2C\",\"https:\/\/www.linkedin.com\/company\/v2c-chargers\/\"]}]}<\/script>\n<!-- \/ Yoast SEO plugin. -->","yoast_head_json":{"title":"Com crear un compte a V2C Cloud, l'App de V2C","description":"Crea un compte a V2C Cloud i gestiona el teu carregador el\u00e8ctric. Et expliquem com fer-ho pas a pas.","robots":{"index":"index","follow":"follow","max-snippet":"max-snippet:-1","max-image-preview":"max-image-preview:large","max-video-preview":"max-video-preview:-1"},"canonical":"https:\/\/v2charge.com\/ca\/com-crear-un-compte-a-v2c-cloud\/","og_locale":"ca_ES","og_type":"article","og_title":"Com crear un compte a V2C Cloud, l'App de V2C","og_description":"Crea un compte a V2C Cloud i gestiona el teu carregador el\u00e8ctric. Et expliquem com fer-ho pas a pas.","og_url":"https:\/\/v2charge.com\/ca\/com-crear-un-compte-a-v2c-cloud\/","og_site_name":"V2C","article_publisher":"https:\/\/www.facebook.com\/V2C.Charge","article_modified_time":"2025-11-27T14:00:44+00:00","og_image":[{"width":1200,"height":675,"url":"https:\/\/v2charge.com\/wp-content\/uploads\/2024\/07\/v2c-electric-chargers.jpg","type":"image\/jpeg"}],"twitter_card":"summary_large_image","twitter_site":"@V2C_Charge","twitter_misc":{"Temps estimat de lectura":"2 minuts"},"schema":{"@context":"https:\/\/schema.org","@graph":[{"@type":"WebPage","@id":"https:\/\/v2charge.com\/ca\/com-crear-un-compte-a-v2c-cloud\/","url":"https:\/\/v2charge.com\/ca\/com-crear-un-compte-a-v2c-cloud\/","name":"Com crear un compte a V2C Cloud, l'App de V2C","isPartOf":{"@id":"https:\/\/v2charge.com\/ca\/#website"},"primaryImageOfPage":{"@id":"https:\/\/v2charge.com\/ca\/com-crear-un-compte-a-v2c-cloud\/#primaryimage"},"image":{"@id":"https:\/\/v2charge.com\/ca\/com-crear-un-compte-a-v2c-cloud\/#primaryimage"},"thumbnailUrl":"https:\/\/v2charge.com\/wp-content\/uploads\/2024\/07\/v2c-electric-chargers.jpg","datePublished":"2021-12-31T11:13:03+00:00","dateModified":"2025-11-27T14:00:44+00:00","description":"Crea un compte a V2C Cloud i gestiona el teu carregador el\u00e8ctric. Et expliquem com fer-ho pas a pas.","breadcrumb":{"@id":"https:\/\/v2charge.com\/ca\/com-crear-un-compte-a-v2c-cloud\/#breadcrumb"},"inLanguage":"ca","potentialAction":[{"@type":"ReadAction","target":["https:\/\/v2charge.com\/ca\/com-crear-un-compte-a-v2c-cloud\/"]}]},{"@type":"ImageObject","inLanguage":"ca","@id":"https:\/\/v2charge.com\/ca\/com-crear-un-compte-a-v2c-cloud\/#primaryimage","url":"https:\/\/v2charge.com\/wp-content\/uploads\/2024\/07\/v2c-electric-chargers.jpg","contentUrl":"https:\/\/v2charge.com\/wp-content\/uploads\/2024\/07\/v2c-electric-chargers.jpg","width":1200,"height":675,"caption":"V2C Electric Chargers"},{"@type":"BreadcrumbList","@id":"https:\/\/v2charge.com\/ca\/com-crear-un-compte-a-v2c-cloud\/#breadcrumb","itemListElement":[{"@type":"ListItem","position":1,"name":"V2C","item":"https:\/\/v2charge.com\/ca\/"},{"@type":"ListItem","position":2,"name":"Com crear un compte a V2C Cloud?"}]},{"@type":"WebSite","@id":"https:\/\/v2charge.com\/ca\/#website","url":"https:\/\/v2charge.com\/ca\/","name":"V2C","description":"#CargandoElMa\u00f1ana","publisher":{"@id":"https:\/\/v2charge.com\/ca\/#organization"},"potentialAction":[{"@type":"SearchAction","target":{"@type":"EntryPoint","urlTemplate":"https:\/\/v2charge.com\/ca\/?s={search_term_string}"},"query-input":{"@type":"PropertyValueSpecification","valueRequired":true,"valueName":"search_term_string"}}],"inLanguage":"ca"},{"@type":"Organization","@id":"https:\/\/v2charge.com\/ca\/#organization","name":"V2C","url":"https:\/\/v2charge.com\/ca\/","logo":{"@type":"ImageObject","inLanguage":"ca","@id":"https:\/\/v2charge.com\/ca\/#\/schema\/logo\/image\/","url":"https:\/\/v2charge.com\/wp-content\/uploads\/2024\/11\/cropped-v2c-charge-logo-menu.png","contentUrl":"https:\/\/v2charge.com\/wp-content\/uploads\/2024\/11\/cropped-v2c-charge-logo-menu.png","width":984,"height":431,"caption":"V2C"},"image":{"@id":"https:\/\/v2charge.com\/ca\/#\/schema\/logo\/image\/"},"sameAs":["https:\/\/www.facebook.com\/V2C.Charge","https:\/\/x.com\/V2C_Charge","https:\/\/www.instagram.com\/v2c.charge\/","https:\/\/www.youtube.com\/@V2C","https:\/\/www.linkedin.com\/company\/v2c-chargers\/"]}]}},"uagb_featured_image_src":{"full":["https:\/\/v2charge.com\/wp-content\/uploads\/2024\/07\/v2c-electric-chargers.jpg",1200,675,false],"thumbnail":["https:\/\/v2charge.com\/wp-content\/uploads\/2024\/07\/v2c-electric-chargers-150x150.jpg",150,150,true],"medium":["https:\/\/v2charge.com\/wp-content\/uploads\/2024\/07\/v2c-electric-chargers-300x169.jpg",300,169,true],"medium_large":["https:\/\/v2charge.com\/wp-content\/uploads\/2024\/07\/v2c-electric-chargers-768x432.jpg",768,432,true],"large":["https:\/\/v2charge.com\/wp-content\/uploads\/2024\/07\/v2c-electric-chargers-1024x576.jpg",1024,576,true],"gs-tiny":["https:\/\/v2charge.com\/wp-content\/uploads\/2024\/07\/v2c-electric-chargers.jpg",50,28,false],"xl":["https:\/\/v2charge.com\/wp-content\/uploads\/2024\/07\/v2c-electric-chargers.jpg",1200,675,false],"xxl":["https:\/\/v2charge.com\/wp-content\/uploads\/2024\/07\/v2c-electric-chargers.jpg",1200,675,false],"xxxl":["https:\/\/v2charge.com\/wp-content\/uploads\/2024\/07\/v2c-electric-chargers.jpg",1200,675,false],"xxxxl":["https:\/\/v2charge.com\/wp-content\/uploads\/2024\/07\/v2c-electric-chargers.jpg",1200,675,false],"xxxxxl":["https:\/\/v2charge.com\/wp-content\/uploads\/2024\/07\/v2c-electric-chargers.jpg",1200,675,false],"1536x1536":["https:\/\/v2charge.com\/wp-content\/uploads\/2024\/07\/v2c-electric-chargers.jpg",1200,675,false],"2048x2048":["https:\/\/v2charge.com\/wp-content\/uploads\/2024\/07\/v2c-electric-chargers.jpg",1200,675,false]},"uagb_author_info":{"display_name":"V2C","author_link":"https:\/\/v2charge.com\/ca\/author\/root_k4eu7ki8\/"},"uagb_comment_info":0,"uagb_excerpt":"Accedir Un cop hagis descarregat l&#8217;aplicaci\u00f3, per accedir des de l&#8217;app o des de l&#8217;ordinador (www.v2c.cloud), necessitar\u00e0s crear un compte. Tens tres opcions: Amb el teu compte de Google o Apple (nom\u00e9s disponible per a usuaris iOS): Prem el bot\u00f3 corresponent i segueix les indicacions. Amb el teu correu electr\u00f2nic: Fes clic a &#8216;registra&#8217;t aqu\u00ed&#8217;,&hellip;","_links":{"self":[{"href":"https:\/\/v2charge.com\/ca\/wp-json\/wp\/v2\/pages\/309814","targetHints":{"allow":["GET"]}}],"collection":[{"href":"https:\/\/v2charge.com\/ca\/wp-json\/wp\/v2\/pages"}],"about":[{"href":"https:\/\/v2charge.com\/ca\/wp-json\/wp\/v2\/types\/page"}],"author":[{"embeddable":true,"href":"https:\/\/v2charge.com\/ca\/wp-json\/wp\/v2\/users\/1"}],"replies":[{"embeddable":true,"href":"https:\/\/v2charge.com\/ca\/wp-json\/wp\/v2\/comments?post=309814"}],"version-history":[{"count":0,"href":"https:\/\/v2charge.com\/ca\/wp-json\/wp\/v2\/pages\/309814\/revisions"}],"wp:featuredmedia":[{"embeddable":true,"href":"https:\/\/v2charge.com\/ca\/wp-json\/wp\/v2\/media\/170354"}],"wp:attachment":[{"href":"https:\/\/v2charge.com\/ca\/wp-json\/wp\/v2\/media?parent=309814"}],"curies":[{"name":"wp","href":"https:\/\/api.w.org\/{rel}","templated":true}]}}