{"id":309817,"date":"2021-12-31T13:08:13","date_gmt":"2021-12-31T13:08:13","guid":{"rendered":""},"modified":"2023-10-02T13:21:33","modified_gmt":"2023-10-02T11:21:33","slug":"connectar-wifi","status":"publish","type":"page","link":"https:\/\/v2charge.com\/ca\/connectar-wifi\/","title":{"rendered":"Com connectar el meu Punt de Rec\u00e0rrega V2C al wifi?"},"content":{"rendered":"\n<div style=\"height:60px\" aria-hidden=\"true\" class=\"wp-block-spacer\"><\/div>\n<h1>Com connectar el meu Punt de C\u00e0rrega V2C a la wifi?<\/h1><p>Depenent del model que tingueu, el proc\u00e9s es far\u00e0 d&#8217;una manera o d&#8217;una altra. No obstant aix\u00f2, tots tenen en com\u00fa que s&#8217;ha de fer a trav\u00e9s de l&#8217;aplicaci\u00f3 m\u00f2bil, i s&#8217;haur\u00e0 d&#8217;habilitar el Bluetooth.<\/p>\n\n\n<blockquote class=\"wp-block-quote is-layout-flow wp-block-quote-is-layout-flow\"><p>L&#8217;\u00fas del Bluetooth requereix l&#8217;habilitaci\u00f3 de la localitzaci\u00f3 en la majoria de dispositius Android.<\/p><\/blockquote>\n\n\n<p>La connexi\u00f3 entre el punt de rec\u00e0rrega i l&#8217;aplicaci\u00f3 es fa a trav\u00e9s de Bluetooth, <\/p>\n\n\n<ol class=\"wp-block-list\"><li>La primera opci\u00f3 \u00e9s posar-ho durant l&#8217;aparellament del dispositiu, (haur\u00e0 de tenir el bluetooth activat i situar-se a uns metres d&#8217;ell). Si l&#8217;aparellament no es fa al costat del dispositiu o no t\u00e9 el Bluetooth activat en aquell moment, pot ometre-ho per fer-ho m\u00e9s tard).<\/li>\n\n<li>La segona opci\u00f3 \u00e9s a trav\u00e9s del men\u00fa.<\/li><\/ol>\n\n\n<p>Si el punt de rec\u00e0rrega est\u00e0 connectat a internet, a l&#8217;aplicaci\u00f3 apareixeran unes senyals en forma d&#8217;ona. Si la connexi\u00f3 amb bluetooth \u00e9s possible, ens apareixer\u00e0 el s\u00edmbol de bluetooth a l&#8217;aplicaci\u00f3.<\/p>\n\n<div class=\"wp-block-image\">\n<figure class=\"aligncenter size-large is-resized\"><img decoding=\"async\" src=\"https:\/\/v2charge.com\/wp-content\/uploads\/2022\/12\/v2c-internet-bluetooth-731x1024.jpg\" alt=\"V2C APP Conexiones\" class=\"wp-image-90736\" width=\"366\" height=\"512\" srcset=\"https:\/\/v2charge.com\/wp-content\/uploads\/2022\/12\/v2c-internet-bluetooth-731x1024.jpg 731w, https:\/\/v2charge.com\/wp-content\/uploads\/2022\/12\/v2c-internet-bluetooth-214x300.jpg 214w, https:\/\/v2charge.com\/wp-content\/uploads\/2022\/12\/v2c-internet-bluetooth-768x1075.jpg 768w, https:\/\/v2charge.com\/wp-content\/uploads\/2022\/12\/v2c-internet-bluetooth-1097x1536.jpg 1097w, https:\/\/v2charge.com\/wp-content\/uploads\/2022\/12\/v2c-internet-bluetooth.jpg 1385w\" sizes=\"(max-width: 366px) 100vw, 366px\" \/><\/figure>\n<\/div>\n\n<p>Si tenim connexi\u00f3 a bluetooth podem accedir a l&#8217;equip a la seva pantalla principal. Entrarem al punt de rec\u00e0rrega en mode bluetooth. Accedir a la pestanya configuraci\u00f3.<\/p>\n\n<blockquote class=\"is-layout-flow wp-block-quote-is-layout-flow\"><p>Els equips que no es poden utilitzar per bluetooth, accediran directament a la p\u00e0gina de configuraci\u00f3 de Wifi.<\/p><\/blockquote>\n\n\n<figure><img decoding=\"async\" src=\"https:\/\/v2charge.com\/wp-content\/uploads\/2022\/12\/v2c-app-ajustes-731x1024.jpg\" alt=\"Ajustes V2C App\" width=\"366\" height=\"512\"\/><\/figure>\n\n\n<p>Accedint al men\u00fa de configuraci\u00f3 a la part de baix podem seleccionar la configuraci\u00f3 WIFI.<\/p>\n\n\n<figure><img decoding=\"async\" src=\"https:\/\/v2charge.com\/wp-content\/uploads\/2022\/12\/configuracio\u0301n-app-v2c-731x1024.jpg\" alt=\"Configuraci\u00f3n App\" width=\"366\" height=\"512\"\/><\/figure>\n\n\n\n<figure><img decoding=\"async\" src=\"https:\/\/v2charge.com\/wp-content\/uploads\/2022\/12\/v2c-app-wifi-conectar-731x1024.jpg\" alt=\"V2C App Wi-Fi\" width=\"366\" height=\"512\"\/><\/figure>\n\n\n<p>En els dispositius Android, si tens el Wifi activat autom\u00e0ticament et mostrar\u00e0 les disponibles, en cas contrari cal escriure el nom del Wifi SSID, tal com ve en el router (respectant maj\u00fascules i min\u00fascules). Indica la contrasenya.<\/p>\n\n<p>Dependr\u00e0 de l&#8217;equip, procedir\u00e0 a reiniciar-se en aquell moment. Passats uns minuts del reinici hauria d&#8217;apar\u00e8ixer el punt de rec\u00e0rrega amb connexi\u00f3 a internet a l&#8217;aplicaci\u00f3. Si no fos el cas, comprova que la contrasenya \u00e9s correcta. Tindr\u00e0s m\u00e9s informaci\u00f3 sobre com saber si el meu equip est\u00e0 connectat al manual del punt de rec\u00e0rrega.<\/p>\n\n<blockquote class=\"is-layout-flow wp-block-quote-is-layout-flow\"><p>Connecteu sempre el dispositiu a una xarxa wifi que arribi amb un senyal correcte o instal\u00b7leu un repetidor wifi, si no ho feu tindreu problemes de desconnexi\u00f3 o de mal funcionament.<\/p><p>Les xarxes Wifi amb algun tipus de protecci\u00f3 de seguretat (firewall), bloqueig DHCP, tancament de ports, etc&#8230; normalment relacionades amb empreses, aquesta configuraci\u00f3 s&#8217;ha de realitzar amb el responsable t\u00e8cnic de la mateixa. Per a m\u00e9s informaci\u00f3, dirigiu-vos al nostre servei de suport.<\/p><\/blockquote>\n\n\n<div style=\"height:60px\" aria-hidden=\"true\" class=\"wp-block-spacer\"><\/div>\n","protected":false},"excerpt":{"rendered":"<p>Com connectar el meu Punt de C\u00e0rrega V2C a la wifi? Depenent del model que tingueu, el proc\u00e9s es far\u00e0 d&#8217;una manera o d&#8217;una altra. No obstant aix\u00f2, tots tenen en com\u00fa que s&#8217;ha de fer a trav\u00e9s de l&#8217;aplicaci\u00f3 m\u00f2bil, i s&#8217;haur\u00e0 d&#8217;habilitar el Bluetooth. L&#8217;\u00fas del Bluetooth requereix l&#8217;habilitaci\u00f3 de la localitzaci\u00f3 en &#8230; <a title=\"Com connectar el meu Punt de Rec\u00e0rrega V2C al wifi?\" class=\"read-more\" href=\"https:\/\/v2charge.com\/ca\/connectar-wifi\/\" aria-label=\"M\u00e9s informaci\u00f3 sobre Com connectar el meu Punt de Rec\u00e0rrega V2C al wifi?\">Llegiu m\u00e9s<\/a><\/p>\n","protected":false},"author":1,"featured_media":170354,"parent":0,"menu_order":0,"comment_status":"closed","ping_status":"closed","template":"","meta":{"_eb_attr":"","content-type":"","_uag_custom_page_level_css":"","footnotes":""},"class_list":["post-309817","page","type-page","status-publish","has-post-thumbnail"],"yoast_head":"<!-- This site is optimized with the Yoast SEO plugin v25.3.1 - https:\/\/yoast.com\/wordpress\/plugins\/seo\/ -->\n<title>Com connectar el meu Punt de C\u00e0rrega El\u00e8ctrica al Wifi? | V2C<\/title>\n<meta name=\"description\" content=\"Et expliquem com es connecta el teu punt de rec\u00e0rrega el\u00e8ctrica de V2C a la Wifi. Gaudeix de la darrera tecnologia amb els nostres e-Chargers.\" \/>\n<meta name=\"robots\" content=\"index, follow, max-snippet:-1, max-image-preview:large, max-video-preview:-1\" \/>\n<link rel=\"canonical\" href=\"https:\/\/v2charge.com\/ca\/connectar-wifi\/\" \/>\n<meta property=\"og:locale\" content=\"ca_ES\" \/>\n<meta property=\"og:type\" content=\"article\" \/>\n<meta property=\"og:title\" content=\"Com connectar el meu Punt de C\u00e0rrega El\u00e8ctrica al Wifi? | V2C\" \/>\n<meta property=\"og:description\" content=\"Et expliquem com es connecta el teu punt de rec\u00e0rrega el\u00e8ctrica de V2C a la Wifi. Gaudeix de la darrera tecnologia amb els nostres e-Chargers.\" \/>\n<meta property=\"og:url\" content=\"https:\/\/v2charge.com\/ca\/connectar-wifi\/\" \/>\n<meta property=\"og:site_name\" content=\"V2C\" \/>\n<meta property=\"article:publisher\" content=\"https:\/\/www.facebook.com\/V2C.Charge\" \/>\n<meta property=\"article:modified_time\" content=\"2023-10-02T11:21:33+00:00\" \/>\n<meta property=\"og:image\" content=\"https:\/\/v2charge.com\/wp-content\/uploads\/2024\/07\/v2c-electric-chargers.jpg\" \/>\n\t<meta property=\"og:image:width\" content=\"1200\" \/>\n\t<meta property=\"og:image:height\" content=\"675\" \/>\n\t<meta property=\"og:image:type\" content=\"image\/jpeg\" \/>\n<meta name=\"twitter:card\" content=\"summary_large_image\" \/>\n<meta name=\"twitter:site\" content=\"@V2C_Charge\" \/>\n<meta name=\"twitter:label1\" content=\"Temps estimat de lectura\" \/>\n\t<meta name=\"twitter:data1\" content=\"3 minuts\" \/>\n<script type=\"application\/ld+json\" class=\"yoast-schema-graph\">{\"@context\":\"https:\/\/schema.org\",\"@graph\":[{\"@type\":\"WebPage\",\"@id\":\"https:\/\/v2charge.com\/ca\/connectar-wifi\/\",\"url\":\"https:\/\/v2charge.com\/ca\/connectar-wifi\/\",\"name\":\"Com connectar el meu Punt de C\u00e0rrega El\u00e8ctrica al Wifi? | V2C\",\"isPartOf\":{\"@id\":\"https:\/\/v2charge.com\/ca\/#website\"},\"primaryImageOfPage\":{\"@id\":\"https:\/\/v2charge.com\/ca\/connectar-wifi\/#primaryimage\"},\"image\":{\"@id\":\"https:\/\/v2charge.com\/ca\/connectar-wifi\/#primaryimage\"},\"thumbnailUrl\":\"https:\/\/v2charge.com\/wp-content\/uploads\/2024\/07\/v2c-electric-chargers.jpg\",\"datePublished\":\"2021-12-31T13:08:13+00:00\",\"dateModified\":\"2023-10-02T11:21:33+00:00\",\"description\":\"Et expliquem com es connecta el teu punt de rec\u00e0rrega el\u00e8ctrica de V2C a la Wifi. Gaudeix de la darrera tecnologia amb els nostres e-Chargers.\",\"breadcrumb\":{\"@id\":\"https:\/\/v2charge.com\/ca\/connectar-wifi\/#breadcrumb\"},\"inLanguage\":\"ca\",\"potentialAction\":[{\"@type\":\"ReadAction\",\"target\":[\"https:\/\/v2charge.com\/ca\/connectar-wifi\/\"]}]},{\"@type\":\"ImageObject\",\"inLanguage\":\"ca\",\"@id\":\"https:\/\/v2charge.com\/ca\/connectar-wifi\/#primaryimage\",\"url\":\"https:\/\/v2charge.com\/wp-content\/uploads\/2024\/07\/v2c-electric-chargers.jpg\",\"contentUrl\":\"https:\/\/v2charge.com\/wp-content\/uploads\/2024\/07\/v2c-electric-chargers.jpg\",\"width\":1200,\"height\":675,\"caption\":\"V2C Electric Chargers\"},{\"@type\":\"BreadcrumbList\",\"@id\":\"https:\/\/v2charge.com\/ca\/connectar-wifi\/#breadcrumb\",\"itemListElement\":[{\"@type\":\"ListItem\",\"position\":1,\"name\":\"V2C\",\"item\":\"https:\/\/v2charge.com\/ca\/\"},{\"@type\":\"ListItem\",\"position\":2,\"name\":\"Com connectar el meu Punt de Rec\u00e0rrega V2C al wifi?\"}]},{\"@type\":\"WebSite\",\"@id\":\"https:\/\/v2charge.com\/ca\/#website\",\"url\":\"https:\/\/v2charge.com\/ca\/\",\"name\":\"V2C\",\"description\":\"#CargandoElMa\u00f1ana\",\"publisher\":{\"@id\":\"https:\/\/v2charge.com\/ca\/#organization\"},\"potentialAction\":[{\"@type\":\"SearchAction\",\"target\":{\"@type\":\"EntryPoint\",\"urlTemplate\":\"https:\/\/v2charge.com\/ca\/?s={search_term_string}\"},\"query-input\":{\"@type\":\"PropertyValueSpecification\",\"valueRequired\":true,\"valueName\":\"search_term_string\"}}],\"inLanguage\":\"ca\"},{\"@type\":\"Organization\",\"@id\":\"https:\/\/v2charge.com\/ca\/#organization\",\"name\":\"V2C\",\"url\":\"https:\/\/v2charge.com\/ca\/\",\"logo\":{\"@type\":\"ImageObject\",\"inLanguage\":\"ca\",\"@id\":\"https:\/\/v2charge.com\/ca\/#\/schema\/logo\/image\/\",\"url\":\"https:\/\/v2charge.com\/wp-content\/uploads\/2024\/11\/cropped-v2c-charge-logo-menu.png\",\"contentUrl\":\"https:\/\/v2charge.com\/wp-content\/uploads\/2024\/11\/cropped-v2c-charge-logo-menu.png\",\"width\":984,\"height\":431,\"caption\":\"V2C\"},\"image\":{\"@id\":\"https:\/\/v2charge.com\/ca\/#\/schema\/logo\/image\/\"},\"sameAs\":[\"https:\/\/www.facebook.com\/V2C.Charge\",\"https:\/\/x.com\/V2C_Charge\",\"https:\/\/www.instagram.com\/v2c.charge\/\",\"https:\/\/www.youtube.com\/@V2C\",\"https:\/\/www.linkedin.com\/company\/v2c-chargers\/\"]}]}<\/script>\n<!-- \/ Yoast SEO plugin. -->","yoast_head_json":{"title":"Com connectar el meu Punt de C\u00e0rrega El\u00e8ctrica al Wifi? | V2C","description":"Et expliquem com es connecta el teu punt de rec\u00e0rrega el\u00e8ctrica de V2C a la Wifi. Gaudeix de la darrera tecnologia amb els nostres e-Chargers.","robots":{"index":"index","follow":"follow","max-snippet":"max-snippet:-1","max-image-preview":"max-image-preview:large","max-video-preview":"max-video-preview:-1"},"canonical":"https:\/\/v2charge.com\/ca\/connectar-wifi\/","og_locale":"ca_ES","og_type":"article","og_title":"Com connectar el meu Punt de C\u00e0rrega El\u00e8ctrica al Wifi? | V2C","og_description":"Et expliquem com es connecta el teu punt de rec\u00e0rrega el\u00e8ctrica de V2C a la Wifi. Gaudeix de la darrera tecnologia amb els nostres e-Chargers.","og_url":"https:\/\/v2charge.com\/ca\/connectar-wifi\/","og_site_name":"V2C","article_publisher":"https:\/\/www.facebook.com\/V2C.Charge","article_modified_time":"2023-10-02T11:21:33+00:00","og_image":[{"width":1200,"height":675,"url":"https:\/\/v2charge.com\/wp-content\/uploads\/2024\/07\/v2c-electric-chargers.jpg","type":"image\/jpeg"}],"twitter_card":"summary_large_image","twitter_site":"@V2C_Charge","twitter_misc":{"Temps estimat de lectura":"3 minuts"},"schema":{"@context":"https:\/\/schema.org","@graph":[{"@type":"WebPage","@id":"https:\/\/v2charge.com\/ca\/connectar-wifi\/","url":"https:\/\/v2charge.com\/ca\/connectar-wifi\/","name":"Com connectar el meu Punt de C\u00e0rrega El\u00e8ctrica al Wifi? | V2C","isPartOf":{"@id":"https:\/\/v2charge.com\/ca\/#website"},"primaryImageOfPage":{"@id":"https:\/\/v2charge.com\/ca\/connectar-wifi\/#primaryimage"},"image":{"@id":"https:\/\/v2charge.com\/ca\/connectar-wifi\/#primaryimage"},"thumbnailUrl":"https:\/\/v2charge.com\/wp-content\/uploads\/2024\/07\/v2c-electric-chargers.jpg","datePublished":"2021-12-31T13:08:13+00:00","dateModified":"2023-10-02T11:21:33+00:00","description":"Et expliquem com es connecta el teu punt de rec\u00e0rrega el\u00e8ctrica de V2C a la Wifi. Gaudeix de la darrera tecnologia amb els nostres e-Chargers.","breadcrumb":{"@id":"https:\/\/v2charge.com\/ca\/connectar-wifi\/#breadcrumb"},"inLanguage":"ca","potentialAction":[{"@type":"ReadAction","target":["https:\/\/v2charge.com\/ca\/connectar-wifi\/"]}]},{"@type":"ImageObject","inLanguage":"ca","@id":"https:\/\/v2charge.com\/ca\/connectar-wifi\/#primaryimage","url":"https:\/\/v2charge.com\/wp-content\/uploads\/2024\/07\/v2c-electric-chargers.jpg","contentUrl":"https:\/\/v2charge.com\/wp-content\/uploads\/2024\/07\/v2c-electric-chargers.jpg","width":1200,"height":675,"caption":"V2C Electric Chargers"},{"@type":"BreadcrumbList","@id":"https:\/\/v2charge.com\/ca\/connectar-wifi\/#breadcrumb","itemListElement":[{"@type":"ListItem","position":1,"name":"V2C","item":"https:\/\/v2charge.com\/ca\/"},{"@type":"ListItem","position":2,"name":"Com connectar el meu Punt de Rec\u00e0rrega V2C al wifi?"}]},{"@type":"WebSite","@id":"https:\/\/v2charge.com\/ca\/#website","url":"https:\/\/v2charge.com\/ca\/","name":"V2C","description":"#CargandoElMa\u00f1ana","publisher":{"@id":"https:\/\/v2charge.com\/ca\/#organization"},"potentialAction":[{"@type":"SearchAction","target":{"@type":"EntryPoint","urlTemplate":"https:\/\/v2charge.com\/ca\/?s={search_term_string}"},"query-input":{"@type":"PropertyValueSpecification","valueRequired":true,"valueName":"search_term_string"}}],"inLanguage":"ca"},{"@type":"Organization","@id":"https:\/\/v2charge.com\/ca\/#organization","name":"V2C","url":"https:\/\/v2charge.com\/ca\/","logo":{"@type":"ImageObject","inLanguage":"ca","@id":"https:\/\/v2charge.com\/ca\/#\/schema\/logo\/image\/","url":"https:\/\/v2charge.com\/wp-content\/uploads\/2024\/11\/cropped-v2c-charge-logo-menu.png","contentUrl":"https:\/\/v2charge.com\/wp-content\/uploads\/2024\/11\/cropped-v2c-charge-logo-menu.png","width":984,"height":431,"caption":"V2C"},"image":{"@id":"https:\/\/v2charge.com\/ca\/#\/schema\/logo\/image\/"},"sameAs":["https:\/\/www.facebook.com\/V2C.Charge","https:\/\/x.com\/V2C_Charge","https:\/\/www.instagram.com\/v2c.charge\/","https:\/\/www.youtube.com\/@V2C","https:\/\/www.linkedin.com\/company\/v2c-chargers\/"]}]}},"uagb_featured_image_src":{"full":["https:\/\/v2charge.com\/wp-content\/uploads\/2024\/07\/v2c-electric-chargers.jpg",1200,675,false],"thumbnail":["https:\/\/v2charge.com\/wp-content\/uploads\/2024\/07\/v2c-electric-chargers-150x150.jpg",150,150,true],"medium":["https:\/\/v2charge.com\/wp-content\/uploads\/2024\/07\/v2c-electric-chargers-300x169.jpg",300,169,true],"medium_large":["https:\/\/v2charge.com\/wp-content\/uploads\/2024\/07\/v2c-electric-chargers-768x432.jpg",768,432,true],"large":["https:\/\/v2charge.com\/wp-content\/uploads\/2024\/07\/v2c-electric-chargers-1024x576.jpg",1024,576,true],"gs-tiny":["https:\/\/v2charge.com\/wp-content\/uploads\/2024\/07\/v2c-electric-chargers.jpg",50,28,false],"xl":["https:\/\/v2charge.com\/wp-content\/uploads\/2024\/07\/v2c-electric-chargers.jpg",1200,675,false],"xxl":["https:\/\/v2charge.com\/wp-content\/uploads\/2024\/07\/v2c-electric-chargers.jpg",1200,675,false],"xxxl":["https:\/\/v2charge.com\/wp-content\/uploads\/2024\/07\/v2c-electric-chargers.jpg",1200,675,false],"xxxxl":["https:\/\/v2charge.com\/wp-content\/uploads\/2024\/07\/v2c-electric-chargers.jpg",1200,675,false],"xxxxxl":["https:\/\/v2charge.com\/wp-content\/uploads\/2024\/07\/v2c-electric-chargers.jpg",1200,675,false],"1536x1536":["https:\/\/v2charge.com\/wp-content\/uploads\/2024\/07\/v2c-electric-chargers.jpg",1200,675,false],"2048x2048":["https:\/\/v2charge.com\/wp-content\/uploads\/2024\/07\/v2c-electric-chargers.jpg",1200,675,false]},"uagb_author_info":{"display_name":"V2C","author_link":"https:\/\/v2charge.com\/ca\/author\/root_k4eu7ki8\/"},"uagb_comment_info":0,"uagb_excerpt":"Com connectar el meu Punt de C\u00e0rrega V2C a la wifi? Depenent del model que tingueu, el proc\u00e9s es far\u00e0 d&#8217;una manera o d&#8217;una altra. No obstant aix\u00f2, tots tenen en com\u00fa que s&#8217;ha de fer a trav\u00e9s de l&#8217;aplicaci\u00f3 m\u00f2bil, i s&#8217;haur\u00e0 d&#8217;habilitar el Bluetooth. L&#8217;\u00fas del Bluetooth requereix l&#8217;habilitaci\u00f3 de la localitzaci\u00f3 en&hellip;","_links":{"self":[{"href":"https:\/\/v2charge.com\/ca\/wp-json\/wp\/v2\/pages\/309817","targetHints":{"allow":["GET"]}}],"collection":[{"href":"https:\/\/v2charge.com\/ca\/wp-json\/wp\/v2\/pages"}],"about":[{"href":"https:\/\/v2charge.com\/ca\/wp-json\/wp\/v2\/types\/page"}],"author":[{"embeddable":true,"href":"https:\/\/v2charge.com\/ca\/wp-json\/wp\/v2\/users\/1"}],"replies":[{"embeddable":true,"href":"https:\/\/v2charge.com\/ca\/wp-json\/wp\/v2\/comments?post=309817"}],"version-history":[{"count":0,"href":"https:\/\/v2charge.com\/ca\/wp-json\/wp\/v2\/pages\/309817\/revisions"}],"wp:featuredmedia":[{"embeddable":true,"href":"https:\/\/v2charge.com\/ca\/wp-json\/wp\/v2\/media\/170354"}],"wp:attachment":[{"href":"https:\/\/v2charge.com\/ca\/wp-json\/wp\/v2\/media?parent=309817"}],"curies":[{"name":"wp","href":"https:\/\/api.w.org\/{rel}","templated":true}]}}