{"id":309825,"date":"2022-01-24T22:41:04","date_gmt":"2022-01-24T22:41:04","guid":{"rendered":""},"modified":"2026-01-09T17:53:46","modified_gmt":"2026-01-09T15:53:46","slug":"token-api-rest","status":"publish","type":"page","link":"https:\/\/v2charge.com\/ca\/area-de-suport\/suport-v2c-cloud\/token-api-rest\/","title":{"rendered":"Com obtenir el meu identificador Token per utilitzar l&#8217;API Rest cloud?"},"content":{"rendered":"\n<div style=\"height:60px\" aria-hidden=\"true\" class=\"wp-block-spacer\"><\/div>\n\n\n\n<div class=\"wp-block-uagb-container uagb-block-173ce3d2 alignfull uagb-is-root-container\"><div class=\"uagb-container-inner-blocks-wrap\">\n<div class=\"wp-block-uagb-container uagb-block-adf624a3\"><div class=\"yoast-breadcrumbs\"><span><span><a href=\"https:\/\/v2charge.com\/ca\/\">V2C<\/a><\/span> \u00bb <span class=\"breadcrumb_last\" aria-current=\"page\">Com obtenir el meu identificador Token per utilitzar l&#8217;API Rest cloud?<\/span><\/span><\/div><\/div>\n\n\n<div class=\"wp-block-uagb-advanced-heading uagb-block-cad85ca1\"><h1 class=\"uagb-heading-text\">Com obtenir el meu identificador Token per utilitzar l&#8217;API Rest cloud?<\/h1><\/div>\n\n<p>Una API de REST, o API de RESTful, \u00e9s una <strong>interf\u00edcie de programaci\u00f3 d&#8217;aplicacions<\/strong> (API o API web) que s&#8217;ajusta als l\u00edmits de l&#8217;arquitectura REST i permet la interacci\u00f3 amb els serveis web de RESTful.<br><br>Amb l&#8217;API podr\u00e0s <strong>usar el e-Charger a trav\u00e9s d&#8217;aplicacions\/serveis creats per tu mateix<\/strong> sense necessitat d&#8217;usar les app oficials. Et permetr\u00e0 crear automatitzacions o serveis interessants en els nostres carregadors a trav\u00e9s de programaci\u00f3.<br><br>Per a m\u00e9s informaci\u00f3 dirigeix-te a la&nbsp;<a href=\"https:\/\/api.v2charge.com\/\" target=\"_blank\" rel=\"noreferrer noopener\">documentaci\u00f3 API Rest Cloud<\/a>.<br><\/p>\n\n\n<div class=\"wp-block-uagb-container uagb-block-65029332\">\n<div class=\"wp-block-uagb-slider uagb-block-3b42e577 uagb-slider-container\"><div class=\"uagb-slides uagb-swiper\"><div class=\"swiper-wrapper\">\n<div class=\"wp-block-uagb-slider-child uagb-slider-child-wrap swiper-slide uagb-block-4cae72c6\"><div class=\"swiper-content\">\n<div class=\"wp-block-uagb-container uagb-block-ad496432\"><div class=\"wp-block-uagb-info-box uagb-block-95d92034 uagb-infobox__content-wrap  uagb-infobox-icon-above-title uagb-infobox-image-valign-top\"><div class=\"uagb-ifb-content\"><div class=\"uagb-ifb-image-content\"><img decoding=\"async\" src=\"https:\/\/v2charge.com\/wp-content\/uploads\/2023\/11\/numero-uno.png\" alt=\"\" width=\"30\" height=\"30\" loading=\"lazy\"\/><\/div><div class=\"uagb-ifb-title-wrap\"><\/div><p class=\"uagb-ifb-desc\">Inicia sessi\u00f3 a la plataforma <a href=\"https:\/\/www.v2c.cloud\/\">v2c.cloud<\/a> i fes clic a &#8216;Usuari&#8217;, situat a la part superior esquerra<\/p><\/div><\/div>\n\n\n<div class=\"wp-block-uagb-image aligncenter uagb-block-5929cf85 wp-block-uagb-image--layout-default wp-block-uagb-image--effect-static wp-block-uagb-image--align-center\"><figure class=\"wp-block-uagb-image__figure\"><img decoding=\"async\" srcset=\"https:\/\/v2charge.com\/wp-content\/uploads\/2025\/10\/usuario-web.png ,https:\/\/v2charge.com\/wp-content\/uploads\/2025\/10\/usuario-web.png 780w, https:\/\/v2charge.com\/wp-content\/uploads\/2025\/10\/usuario-web.png 360w\" sizes=\"auto, (max-width: 480px) 150px\" src=\"https:\/\/v2charge.com\/wp-content\/uploads\/2025\/10\/usuario-web.png\" alt=\"\" class=\"uag-image-265294\" width=\"800\" height=\"470\" title=\"usuario-web\" loading=\"lazy\" role=\"img\"\/><\/figure><\/div>\n<\/div>\n<\/div><\/div>\n\n\n\n<div class=\"wp-block-uagb-slider-child uagb-slider-child-wrap swiper-slide uagb-block-87ab5b82\"><div class=\"swiper-content\">\n<div class=\"wp-block-uagb-container uagb-block-8fda0342\"><div class=\"wp-block-uagb-info-box uagb-block-68437ed9 uagb-infobox__content-wrap  uagb-infobox-icon-above-title uagb-infobox-image-valign-top\"><div class=\"uagb-ifb-content\"><div class=\"uagb-ifb-image-content\"><img decoding=\"async\" src=\"https:\/\/v2charge.com\/wp-content\/uploads\/2023\/11\/numero-dos.png\" alt=\"\" width=\"30\" height=\"30\" loading=\"lazy\"\/><\/div><div class=\"uagb-ifb-title-wrap\"><\/div><p class=\"uagb-ifb-desc\">Fes clic a l&#8217;apartat &#8216;API&#8217; del men\u00fa<\/p><\/div><\/div>\n\n\n<div class=\"wp-block-uagb-image aligncenter uagb-block-aedf30c6 wp-block-uagb-image--layout-default wp-block-uagb-image--effect-static wp-block-uagb-image--align-center\"><figure class=\"wp-block-uagb-image__figure\"><img decoding=\"async\" srcset=\"https:\/\/v2charge.com\/wp-content\/uploads\/2025\/10\/api-web.png ,https:\/\/v2charge.com\/wp-content\/uploads\/2025\/10\/api-web.png 780w, https:\/\/v2charge.com\/wp-content\/uploads\/2025\/10\/api-web.png 360w\" sizes=\"auto, (max-width: 480px) 150px\" src=\"https:\/\/v2charge.com\/wp-content\/uploads\/2025\/10\/api-web.png\" alt=\"\" class=\"uag-image-265305\" width=\"800\" height=\"470\" title=\"api-web\" loading=\"lazy\" role=\"img\"\/><\/figure><\/div>\n<\/div>\n<\/div><\/div>\n\n\n\n<div class=\"wp-block-uagb-slider-child uagb-slider-child-wrap swiper-slide uagb-block-ea46eed7\"><div class=\"swiper-content\">\n<div class=\"wp-block-uagb-container uagb-block-020e2cb0\"><div class=\"wp-block-uagb-info-box uagb-block-37093105 uagb-infobox__content-wrap  uagb-infobox-icon-above-title uagb-infobox-image-valign-top\"><div class=\"uagb-ifb-content\"><div class=\"uagb-ifb-image-content\"><img decoding=\"async\" src=\"https:\/\/v2charge.com\/wp-content\/uploads\/2023\/11\/numero-tres.png\" alt=\"\" width=\"30\" height=\"30\" loading=\"lazy\"\/><\/div><div class=\"uagb-ifb-title-wrap\"><\/div><p class=\"uagb-ifb-desc\">Fes clic al bot\u00f3 &#8216;Obtenir token&#8217;<\/p><\/div><\/div>\n\n\n<div class=\"wp-block-uagb-image aligncenter uagb-block-b47ca29e wp-block-uagb-image--layout-default wp-block-uagb-image--effect-static wp-block-uagb-image--align-center\"><figure class=\"wp-block-uagb-image__figure\"><img decoding=\"async\" srcset=\"https:\/\/v2charge.com\/wp-content\/uploads\/2025\/10\/obtener-token.png ,https:\/\/v2charge.com\/wp-content\/uploads\/2025\/10\/obtener-token.png 780w, https:\/\/v2charge.com\/wp-content\/uploads\/2025\/10\/obtener-token.png 360w\" sizes=\"auto, (max-width: 480px) 150px\" src=\"https:\/\/v2charge.com\/wp-content\/uploads\/2025\/10\/obtener-token.png\" alt=\"\" class=\"uag-image-265316\" width=\"800\" height=\"470\" title=\"obtener-token\" loading=\"lazy\" role=\"img\"\/><\/figure><\/div>\n<\/div>\n<\/div><\/div>\n<\/div><\/div><div class=\"swiper-pagination\"><\/div><div class=\"swiper-button-prev\"><\/div><div class=\"swiper-button-next\"><\/div><\/div>\n<\/div>\n\n\n\n<div style=\"height:40px\" aria-hidden=\"true\" class=\"wp-block-spacer\"><\/div>\n<\/div><\/div>\n\n\n\n<div class=\"wp-block-uagb-container uagb-block-c6f38013 alignfull uagb-is-root-container\"><div class=\"uagb-container-inner-blocks-wrap\"><div class=\"wp-block-uagb-advanced-heading uagb-block-6963d70c\"><h2 class=\"uagb-heading-text\"><strong>Necessites suport t\u00e8cnic?<\/strong><\/h2><\/div>\n\n<div class=\"wp-block-uagb-advanced-heading uagb-block-408243eb\"><p class=\"uagb-heading-text\">Resol el teu incident al moment a trav\u00e9s del nostre xat amb IA. Si no es resol, genera una sol\u00b7licitud al Centre de Suport T\u00e8cnic i ens posarem en contacte amb tu tan aviat com sigui possible per oferir-te la millor soluci\u00f3.<\/p><\/div>\n\n<div class=\"wp-block-uagb-info-box uagb-block-12e3cf1c uagb-infobox__content-wrap  uagb-infobox-icon-left uagb-infobox-left uagb-infobox-image-valign-top wp-block-uagb-info-box--has-margin ai-chatbot-button\"><div class=\"uagb-infobox-margin-wrapper\"><div class=\"uagb-ifb-image-content\"><img decoding=\"async\" src=\"https:\/\/v2charge.com\/wp-content\/uploads\/2026\/01\/support-ai-chatbot.png\" alt=\"\" width=\"20\" height=\"19\" loading=\"lazy\"\/><\/div><div class=\"uagb-ifb-content\"><div class=\"uagb-ifb-title-wrap\"><\/div><div class=\"uagb-ifb-button-wrapper wp-block-button\"><a href=\"https:\/\/v2charge.com\/ca\/area-de-suport\/suport-trydan\/\" class=\"uagb-infobox-cta-link wp-block-button__link\" target=\"_blank\" rel=\"noopener noreferrer\" onclick=\"return true;\"><span class=\"uagb-inline-editing\">Pregunta al nostre xat amb IA<\/span><\/a><\/div><\/div><\/div><\/div>\n\n\n<div class=\"wp-block-uagb-buttons uagb-buttons__outer-wrap uagb-btn__default-btn uagb-btn-tablet__default-btn uagb-btn-mobile__default-btn uagb-block-ba1e67d1\"><div class=\"uagb-buttons__wrap uagb-buttons-layout-wrap \"><div class=\"wp-block-uagb-buttons-child uagb-buttons__outer-wrap uagb-block-23cfb623 wp-block-button\"><div class=\"uagb-button__wrapper\"><a class=\"uagb-buttons-repeater wp-block-button__link\" aria-label=\"\" href=\"https:\/\/v2charge.atlassian.net\/servicedesk\/customer\/portal\/3\" rel=\"follow noopener\" target=\"_blank\" role=\"button\"><div class=\"uagb-button__link\">Contacta amb Suport T\u00e8cnic<\/div><\/a><\/div><\/div><\/div><\/div>\n<\/div><\/div>\n","protected":false},"excerpt":{"rendered":"<p>Com obtenir el meu identificador Token per utilitzar l&#8217;API Rest cloud? Una API de REST, o API de RESTful, \u00e9s una interf\u00edcie de programaci\u00f3 d&#8217;aplicacions (API o API web) que s&#8217;ajusta als l\u00edmits de l&#8217;arquitectura REST i permet la interacci\u00f3 amb els serveis web de RESTful. Amb l&#8217;API podr\u00e0s usar el e-Charger a trav\u00e9s d&#8217;aplicacions\/serveis &#8230; <a title=\"Com obtenir el meu identificador Token per utilitzar l&#8217;API Rest cloud?\" class=\"read-more\" href=\"https:\/\/v2charge.com\/ca\/area-de-suport\/suport-v2c-cloud\/token-api-rest\/\" aria-label=\"Read more about Com obtenir el meu identificador Token per utilitzar l&#8217;API Rest cloud?\">Read more<\/a><\/p>\n","protected":false},"author":1,"featured_media":170354,"parent":309885,"menu_order":0,"comment_status":"closed","ping_status":"closed","template":"","meta":{"_eb_attr":"","content-type":"","_uag_custom_page_level_css":"","footnotes":""},"class_list":["post-309825","page","type-page","status-publish","has-post-thumbnail"],"yoast_head":"<!-- This site is optimized with the Yoast SEO plugin v25.3.1 - https:\/\/yoast.com\/wordpress\/plugins\/seo\/ -->\n<title>Com obtenir el meu identificador Token per utilitzar l&#039;API Rest cloud? - V2C<\/title>\n<meta name=\"description\" content=\"Amb l&#039;API podr\u00e0s utilitzar el punt de rec\u00e0rrega a trav\u00e9s d&#039;aplicacions\/ serveis creats per tu mateix sense necessitat d&#039;utilitzar les aplicacions oficials. Aix\u00ed s&#039;obt\u00e9.\" \/>\n<meta name=\"robots\" content=\"index, follow, max-snippet:-1, max-image-preview:large, max-video-preview:-1\" \/>\n<link rel=\"canonical\" href=\"https:\/\/v2charge.com\/ca\/area-de-suport\/suport-v2c-cloud\/token-api-rest\/\" \/>\n<meta property=\"og:locale\" content=\"ca_ES\" \/>\n<meta property=\"og:type\" content=\"article\" \/>\n<meta property=\"og:title\" content=\"Com obtenir el meu identificador Token per utilitzar l&#039;API Rest cloud? - V2C\" \/>\n<meta property=\"og:description\" content=\"Amb l&#039;API podr\u00e0s utilitzar el punt de rec\u00e0rrega a trav\u00e9s d&#039;aplicacions\/ serveis creats per tu mateix sense necessitat d&#039;utilitzar les aplicacions oficials. Aix\u00ed s&#039;obt\u00e9.\" \/>\n<meta property=\"og:url\" content=\"https:\/\/v2charge.com\/ca\/area-de-suport\/suport-v2c-cloud\/token-api-rest\/\" \/>\n<meta property=\"og:site_name\" content=\"V2C\" \/>\n<meta property=\"article:publisher\" content=\"https:\/\/www.facebook.com\/V2C.Charge\" \/>\n<meta property=\"article:modified_time\" content=\"2026-01-09T15:53:46+00:00\" \/>\n<meta property=\"og:image\" content=\"https:\/\/v2charge.com\/wp-content\/uploads\/2024\/07\/v2c-electric-chargers.jpg\" \/>\n\t<meta property=\"og:image:width\" content=\"1200\" \/>\n\t<meta property=\"og:image:height\" content=\"675\" \/>\n\t<meta property=\"og:image:type\" content=\"image\/jpeg\" \/>\n<meta name=\"twitter:card\" content=\"summary_large_image\" \/>\n<meta name=\"twitter:site\" content=\"@V2C_Charge\" \/>\n<meta name=\"twitter:label1\" content=\"Est. reading time\" \/>\n\t<meta name=\"twitter:data1\" content=\"2 minuts\" \/>\n<script type=\"application\/ld+json\" class=\"yoast-schema-graph\">{\"@context\":\"https:\/\/schema.org\",\"@graph\":[{\"@type\":\"WebPage\",\"@id\":\"https:\/\/v2charge.com\/ca\/area-de-suport\/suport-v2c-cloud\/token-api-rest\/\",\"url\":\"https:\/\/v2charge.com\/ca\/area-de-suport\/suport-v2c-cloud\/token-api-rest\/\",\"name\":\"Com obtenir el meu identificador Token per utilitzar l'API Rest cloud? - V2C\",\"isPartOf\":{\"@id\":\"https:\/\/v2charge.com\/ca\/#website\"},\"primaryImageOfPage\":{\"@id\":\"https:\/\/v2charge.com\/ca\/area-de-suport\/suport-v2c-cloud\/token-api-rest\/#primaryimage\"},\"image\":{\"@id\":\"https:\/\/v2charge.com\/ca\/area-de-suport\/suport-v2c-cloud\/token-api-rest\/#primaryimage\"},\"thumbnailUrl\":\"https:\/\/v2charge.com\/wp-content\/uploads\/2024\/07\/v2c-electric-chargers.jpg\",\"datePublished\":\"2022-01-24T22:41:04+00:00\",\"dateModified\":\"2026-01-09T15:53:46+00:00\",\"description\":\"Amb l'API podr\u00e0s utilitzar el punt de rec\u00e0rrega a trav\u00e9s d'aplicacions\/ serveis creats per tu mateix sense necessitat d'utilitzar les aplicacions oficials. Aix\u00ed s'obt\u00e9.\",\"breadcrumb\":{\"@id\":\"https:\/\/v2charge.com\/ca\/area-de-suport\/suport-v2c-cloud\/token-api-rest\/#breadcrumb\"},\"inLanguage\":\"ca\",\"potentialAction\":[{\"@type\":\"ReadAction\",\"target\":[\"https:\/\/v2charge.com\/ca\/area-de-suport\/suport-v2c-cloud\/token-api-rest\/\"]}]},{\"@type\":\"ImageObject\",\"inLanguage\":\"ca\",\"@id\":\"https:\/\/v2charge.com\/ca\/area-de-suport\/suport-v2c-cloud\/token-api-rest\/#primaryimage\",\"url\":\"https:\/\/v2charge.com\/wp-content\/uploads\/2024\/07\/v2c-electric-chargers.jpg\",\"contentUrl\":\"https:\/\/v2charge.com\/wp-content\/uploads\/2024\/07\/v2c-electric-chargers.jpg\",\"width\":1200,\"height\":675,\"caption\":\"V2C Electric Chargers\"},{\"@type\":\"BreadcrumbList\",\"@id\":\"https:\/\/v2charge.com\/ca\/area-de-suport\/suport-v2c-cloud\/token-api-rest\/#breadcrumb\",\"itemListElement\":[{\"@type\":\"ListItem\",\"position\":1,\"name\":\"V2C\",\"item\":\"https:\/\/v2charge.com\/ca\/\"},{\"@type\":\"ListItem\",\"position\":2,\"name\":\"Com obtenir el meu identificador Token per utilitzar l&#8217;API Rest cloud?\"}]},{\"@type\":\"WebSite\",\"@id\":\"https:\/\/v2charge.com\/ca\/#website\",\"url\":\"https:\/\/v2charge.com\/ca\/\",\"name\":\"V2C\",\"description\":\"#CargandoElMa\u00f1ana\",\"publisher\":{\"@id\":\"https:\/\/v2charge.com\/ca\/#organization\"},\"potentialAction\":[{\"@type\":\"SearchAction\",\"target\":{\"@type\":\"EntryPoint\",\"urlTemplate\":\"https:\/\/v2charge.com\/ca\/?s={search_term_string}\"},\"query-input\":{\"@type\":\"PropertyValueSpecification\",\"valueRequired\":true,\"valueName\":\"search_term_string\"}}],\"inLanguage\":\"ca\"},{\"@type\":\"Organization\",\"@id\":\"https:\/\/v2charge.com\/ca\/#organization\",\"name\":\"V2C\",\"url\":\"https:\/\/v2charge.com\/ca\/\",\"logo\":{\"@type\":\"ImageObject\",\"inLanguage\":\"ca\",\"@id\":\"https:\/\/v2charge.com\/ca\/#\/schema\/logo\/image\/\",\"url\":\"https:\/\/v2charge.com\/wp-content\/uploads\/2024\/11\/cropped-v2c-charge-logo-menu.png\",\"contentUrl\":\"https:\/\/v2charge.com\/wp-content\/uploads\/2024\/11\/cropped-v2c-charge-logo-menu.png\",\"width\":984,\"height\":431,\"caption\":\"V2C\"},\"image\":{\"@id\":\"https:\/\/v2charge.com\/ca\/#\/schema\/logo\/image\/\"},\"sameAs\":[\"https:\/\/www.facebook.com\/V2C.Charge\",\"https:\/\/x.com\/V2C_Charge\",\"https:\/\/www.instagram.com\/v2c.charge\/\",\"https:\/\/www.youtube.com\/@V2C\",\"https:\/\/www.linkedin.com\/company\/v2c-chargers\/\"]}]}<\/script>\n<!-- \/ Yoast SEO plugin. -->","yoast_head_json":{"title":"Com obtenir el meu identificador Token per utilitzar l'API Rest cloud? - V2C","description":"Amb l'API podr\u00e0s utilitzar el punt de rec\u00e0rrega a trav\u00e9s d'aplicacions\/ serveis creats per tu mateix sense necessitat d'utilitzar les aplicacions oficials. Aix\u00ed s'obt\u00e9.","robots":{"index":"index","follow":"follow","max-snippet":"max-snippet:-1","max-image-preview":"max-image-preview:large","max-video-preview":"max-video-preview:-1"},"canonical":"https:\/\/v2charge.com\/ca\/area-de-suport\/suport-v2c-cloud\/token-api-rest\/","og_locale":"ca_ES","og_type":"article","og_title":"Com obtenir el meu identificador Token per utilitzar l'API Rest cloud? - V2C","og_description":"Amb l'API podr\u00e0s utilitzar el punt de rec\u00e0rrega a trav\u00e9s d'aplicacions\/ serveis creats per tu mateix sense necessitat d'utilitzar les aplicacions oficials. Aix\u00ed s'obt\u00e9.","og_url":"https:\/\/v2charge.com\/ca\/area-de-suport\/suport-v2c-cloud\/token-api-rest\/","og_site_name":"V2C","article_publisher":"https:\/\/www.facebook.com\/V2C.Charge","article_modified_time":"2026-01-09T15:53:46+00:00","og_image":[{"width":1200,"height":675,"url":"https:\/\/v2charge.com\/wp-content\/uploads\/2024\/07\/v2c-electric-chargers.jpg","type":"image\/jpeg"}],"twitter_card":"summary_large_image","twitter_site":"@V2C_Charge","twitter_misc":{"Est. reading time":"2 minuts"},"schema":{"@context":"https:\/\/schema.org","@graph":[{"@type":"WebPage","@id":"https:\/\/v2charge.com\/ca\/area-de-suport\/suport-v2c-cloud\/token-api-rest\/","url":"https:\/\/v2charge.com\/ca\/area-de-suport\/suport-v2c-cloud\/token-api-rest\/","name":"Com obtenir el meu identificador Token per utilitzar l'API Rest cloud? - V2C","isPartOf":{"@id":"https:\/\/v2charge.com\/ca\/#website"},"primaryImageOfPage":{"@id":"https:\/\/v2charge.com\/ca\/area-de-suport\/suport-v2c-cloud\/token-api-rest\/#primaryimage"},"image":{"@id":"https:\/\/v2charge.com\/ca\/area-de-suport\/suport-v2c-cloud\/token-api-rest\/#primaryimage"},"thumbnailUrl":"https:\/\/v2charge.com\/wp-content\/uploads\/2024\/07\/v2c-electric-chargers.jpg","datePublished":"2022-01-24T22:41:04+00:00","dateModified":"2026-01-09T15:53:46+00:00","description":"Amb l'API podr\u00e0s utilitzar el punt de rec\u00e0rrega a trav\u00e9s d'aplicacions\/ serveis creats per tu mateix sense necessitat d'utilitzar les aplicacions oficials. Aix\u00ed s'obt\u00e9.","breadcrumb":{"@id":"https:\/\/v2charge.com\/ca\/area-de-suport\/suport-v2c-cloud\/token-api-rest\/#breadcrumb"},"inLanguage":"ca","potentialAction":[{"@type":"ReadAction","target":["https:\/\/v2charge.com\/ca\/area-de-suport\/suport-v2c-cloud\/token-api-rest\/"]}]},{"@type":"ImageObject","inLanguage":"ca","@id":"https:\/\/v2charge.com\/ca\/area-de-suport\/suport-v2c-cloud\/token-api-rest\/#primaryimage","url":"https:\/\/v2charge.com\/wp-content\/uploads\/2024\/07\/v2c-electric-chargers.jpg","contentUrl":"https:\/\/v2charge.com\/wp-content\/uploads\/2024\/07\/v2c-electric-chargers.jpg","width":1200,"height":675,"caption":"V2C Electric Chargers"},{"@type":"BreadcrumbList","@id":"https:\/\/v2charge.com\/ca\/area-de-suport\/suport-v2c-cloud\/token-api-rest\/#breadcrumb","itemListElement":[{"@type":"ListItem","position":1,"name":"V2C","item":"https:\/\/v2charge.com\/ca\/"},{"@type":"ListItem","position":2,"name":"Com obtenir el meu identificador Token per utilitzar l&#8217;API Rest cloud?"}]},{"@type":"WebSite","@id":"https:\/\/v2charge.com\/ca\/#website","url":"https:\/\/v2charge.com\/ca\/","name":"V2C","description":"#CargandoElMa\u00f1ana","publisher":{"@id":"https:\/\/v2charge.com\/ca\/#organization"},"potentialAction":[{"@type":"SearchAction","target":{"@type":"EntryPoint","urlTemplate":"https:\/\/v2charge.com\/ca\/?s={search_term_string}"},"query-input":{"@type":"PropertyValueSpecification","valueRequired":true,"valueName":"search_term_string"}}],"inLanguage":"ca"},{"@type":"Organization","@id":"https:\/\/v2charge.com\/ca\/#organization","name":"V2C","url":"https:\/\/v2charge.com\/ca\/","logo":{"@type":"ImageObject","inLanguage":"ca","@id":"https:\/\/v2charge.com\/ca\/#\/schema\/logo\/image\/","url":"https:\/\/v2charge.com\/wp-content\/uploads\/2024\/11\/cropped-v2c-charge-logo-menu.png","contentUrl":"https:\/\/v2charge.com\/wp-content\/uploads\/2024\/11\/cropped-v2c-charge-logo-menu.png","width":984,"height":431,"caption":"V2C"},"image":{"@id":"https:\/\/v2charge.com\/ca\/#\/schema\/logo\/image\/"},"sameAs":["https:\/\/www.facebook.com\/V2C.Charge","https:\/\/x.com\/V2C_Charge","https:\/\/www.instagram.com\/v2c.charge\/","https:\/\/www.youtube.com\/@V2C","https:\/\/www.linkedin.com\/company\/v2c-chargers\/"]}]}},"uagb_featured_image_src":{"full":["https:\/\/v2charge.com\/wp-content\/uploads\/2024\/07\/v2c-electric-chargers.jpg",1200,675,false],"thumbnail":["https:\/\/v2charge.com\/wp-content\/uploads\/2024\/07\/v2c-electric-chargers-150x150.jpg",150,150,true],"medium":["https:\/\/v2charge.com\/wp-content\/uploads\/2024\/07\/v2c-electric-chargers-300x169.jpg",300,169,true],"medium_large":["https:\/\/v2charge.com\/wp-content\/uploads\/2024\/07\/v2c-electric-chargers-768x432.jpg",768,432,true],"large":["https:\/\/v2charge.com\/wp-content\/uploads\/2024\/07\/v2c-electric-chargers-1024x576.jpg",1024,576,true],"gs-tiny":["https:\/\/v2charge.com\/wp-content\/uploads\/2024\/07\/v2c-electric-chargers.jpg",50,28,false],"xl":["https:\/\/v2charge.com\/wp-content\/uploads\/2024\/07\/v2c-electric-chargers.jpg",1200,675,false],"xxl":["https:\/\/v2charge.com\/wp-content\/uploads\/2024\/07\/v2c-electric-chargers.jpg",1200,675,false],"xxxl":["https:\/\/v2charge.com\/wp-content\/uploads\/2024\/07\/v2c-electric-chargers.jpg",1200,675,false],"xxxxl":["https:\/\/v2charge.com\/wp-content\/uploads\/2024\/07\/v2c-electric-chargers.jpg",1200,675,false],"xxxxxl":["https:\/\/v2charge.com\/wp-content\/uploads\/2024\/07\/v2c-electric-chargers.jpg",1200,675,false],"1536x1536":["https:\/\/v2charge.com\/wp-content\/uploads\/2024\/07\/v2c-electric-chargers.jpg",1200,675,false],"2048x2048":["https:\/\/v2charge.com\/wp-content\/uploads\/2024\/07\/v2c-electric-chargers.jpg",1200,675,false]},"uagb_author_info":{"display_name":"V2C","author_link":"https:\/\/v2charge.com\/ca\/author\/root_k4eu7ki8\/"},"uagb_comment_info":0,"uagb_excerpt":"Com obtenir el meu identificador Token per utilitzar l&#8217;API Rest cloud? Una API de REST, o API de RESTful, \u00e9s una interf\u00edcie de programaci\u00f3 d&#8217;aplicacions (API o API web) que s&#8217;ajusta als l\u00edmits de l&#8217;arquitectura REST i permet la interacci\u00f3 amb els serveis web de RESTful. Amb l&#8217;API podr\u00e0s usar el e-Charger a trav\u00e9s d&#8217;aplicacions\/serveis&hellip;","_links":{"self":[{"href":"https:\/\/v2charge.com\/ca\/wp-json\/wp\/v2\/pages\/309825","targetHints":{"allow":["GET"]}}],"collection":[{"href":"https:\/\/v2charge.com\/ca\/wp-json\/wp\/v2\/pages"}],"about":[{"href":"https:\/\/v2charge.com\/ca\/wp-json\/wp\/v2\/types\/page"}],"author":[{"embeddable":true,"href":"https:\/\/v2charge.com\/ca\/wp-json\/wp\/v2\/users\/1"}],"replies":[{"embeddable":true,"href":"https:\/\/v2charge.com\/ca\/wp-json\/wp\/v2\/comments?post=309825"}],"version-history":[{"count":0,"href":"https:\/\/v2charge.com\/ca\/wp-json\/wp\/v2\/pages\/309825\/revisions"}],"up":[{"embeddable":true,"href":"https:\/\/v2charge.com\/ca\/wp-json\/wp\/v2\/pages\/309885"}],"wp:featuredmedia":[{"embeddable":true,"href":"https:\/\/v2charge.com\/ca\/wp-json\/wp\/v2\/media\/170354"}],"wp:attachment":[{"href":"https:\/\/v2charge.com\/ca\/wp-json\/wp\/v2\/media?parent=309825"}],"curies":[{"name":"wp","href":"https:\/\/api.w.org\/{rel}","templated":true}]}}