{"id":309834,"date":"2022-02-22T18:25:29","date_gmt":"2022-02-22T18:25:29","guid":{"rendered":""},"modified":"2023-06-12T11:08:31","modified_gmt":"2023-06-12T11:08:31","slug":"trydan-impedancia-infinita","status":"publish","type":"page","link":"https:\/\/v2charge.com\/ca\/trydan-impedancia-infinita\/","title":{"rendered":"Punt de Rec\u00e0rrega Trydan amb imped\u00e0ncia infinita per a l&#8217;esquema 2 de ITC BT 52"},"content":{"rendered":"\n<div style=\"height:60px\" aria-hidden=\"true\" class=\"wp-block-spacer\"><\/div>\n\n\n<h1 class=\"wp-block-heading\">Punt de Rec\u00e0rrega Trydan amb imped\u00e0ncia infinita per esquema 2 d&#8217;ITC BT 52<\/h1>\n\n<p>La normativa espanyola ITC BT 52 estableix en l&#8217;esquema 2 d&#8217;instal\u00b7laci\u00f3 de punts de rec\u00e0rrega per a cotxes el\u00e8ctrics la necessitat de poder<strong> rearmar el comptador des de la pr\u00f2pia vivenda<\/strong> (rearmador). Es tracta d&#8217;un tema de comoditat, m\u00e9s que de seguretat, per\u00f2 aix\u00ed ve descrit en la normativa. <\/p>\n\n<blockquote class=\"is-layout-flow wp-block-quote-is-layout-flow\"><p>Per a l&#8217;esquema 2 [&#8230;]. La funci\u00f3 de control de pot\u00e8ncia contractada pel client ser\u00e0 realitzada pel comptador principal, sense necessitat d&#8217;instal\u00b7lar un ICP independent. En cas d&#8217;actuaci\u00f3 de la funci\u00f3 de control de pot\u00e8ncia, el seu rearme es realitzar\u00e0 directament des de l&#8217;habitatge.<\/p><\/blockquote>\n\n<p>Aix\u00f2 vol dir que has de ser capa\u00e7 de poder rearmar el comptador des de la pr\u00f2pia vivenda. El e-Charger <a href=\"https:\/\/v2charge.com\/ca\/trydan-carregador-electric\/\">Trydan<\/a>, en la seva versi\u00f3 amb proteccions incloses, disposa autom\u00e0ticament d<strong>imped\u00e0ncia infinita<\/strong> (anomenada tamb\u00e9 imped\u00e0ncia zero), que permet que el comptador no detecti el punt de rec\u00e0rrega. Aix\u00f2 vol dir que de forma autom\u00e0tica, baixant i pujant l&#8217;autom\u00e0tic general de les nostres vivendes (o antic ICP), rearmarem la instal\u00b7laci\u00f3. <\/p>\n\n<p>L&#8217;imped\u00e0ncia infinita \u00e9s una <strong>tecnologia desenvolupada per V2C<\/strong>, que permet que el comptador no vegi el propi punt de rec\u00e0rrega.<\/p>\n\n<p>El punt de rec\u00e0rrega Trydan disposa de la darrera tecnologia, permetent als instal\u00b7ladors\/clients <strong>estalviar costos en la seva instal\u00b7laci\u00f3<\/strong>. Amb aquest punt de rec\u00e0rrega evitar\u00e0s haver d&#8217;instal\u00b7lar un cost\u00f3s rearmador, rel\u00e9, etc.<\/p>\n\n\n<div style=\"height:60px\" aria-hidden=\"true\" class=\"wp-block-spacer\"><\/div>\n","protected":false},"excerpt":{"rendered":"<p>Punt de Rec\u00e0rrega Trydan amb imped\u00e0ncia infinita per esquema 2 d&#8217;ITC BT 52 La normativa espanyola ITC BT 52 estableix en l&#8217;esquema 2 d&#8217;instal\u00b7laci\u00f3 de punts de rec\u00e0rrega per a cotxes el\u00e8ctrics la necessitat de poder rearmar el comptador des de la pr\u00f2pia vivenda (rearmador). Es tracta d&#8217;un tema de comoditat, m\u00e9s que de seguretat, &#8230; <a title=\"Punt de Rec\u00e0rrega Trydan amb imped\u00e0ncia infinita per a l&#8217;esquema 2 de ITC BT 52\" class=\"read-more\" href=\"https:\/\/v2charge.com\/ca\/trydan-impedancia-infinita\/\" aria-label=\"M\u00e9s informaci\u00f3 sobre Punt de Rec\u00e0rrega Trydan amb imped\u00e0ncia infinita per a l&#8217;esquema 2 de ITC BT 52\">Llegiu m\u00e9s<\/a><\/p>\n","protected":false},"author":1,"featured_media":170354,"parent":0,"menu_order":0,"comment_status":"closed","ping_status":"closed","template":"","meta":{"_eb_attr":"","content-type":"","_uag_custom_page_level_css":"","footnotes":""},"class_list":["post-309834","page","type-page","status-publish","has-post-thumbnail"],"yoast_head":"<!-- This site is optimized with the Yoast SEO plugin v25.3.1 - https:\/\/yoast.com\/wordpress\/plugins\/seo\/ -->\n<title>Imped\u00e0ncia infinita en punts de rec\u00e0rrega<\/title>\n<meta name=\"description\" content=\"Punt de Rec\u00e0rrega per vehicles el\u00e8ctrics amb imped\u00e0ncia infinita | Rearma el carregador des de la vivenda | V2C\" \/>\n<meta name=\"robots\" content=\"index, follow, max-snippet:-1, max-image-preview:large, max-video-preview:-1\" \/>\n<link rel=\"canonical\" href=\"https:\/\/v2charge.com\/ca\/trydan-impedancia-infinita\/\" \/>\n<meta property=\"og:locale\" content=\"ca_ES\" \/>\n<meta property=\"og:type\" content=\"article\" \/>\n<meta property=\"og:title\" content=\"Imped\u00e0ncia infinita en punts de rec\u00e0rrega\" \/>\n<meta property=\"og:description\" content=\"Punt de Rec\u00e0rrega per vehicles el\u00e8ctrics amb imped\u00e0ncia infinita | Rearma el carregador des de la vivenda | V2C\" \/>\n<meta property=\"og:url\" content=\"https:\/\/v2charge.com\/ca\/trydan-impedancia-infinita\/\" \/>\n<meta property=\"og:site_name\" content=\"V2C\" \/>\n<meta property=\"article:publisher\" content=\"https:\/\/www.facebook.com\/V2C.Charge\" \/>\n<meta property=\"article:modified_time\" content=\"2023-06-12T11:08:31+00:00\" \/>\n<meta property=\"og:image\" content=\"https:\/\/v2charge.com\/wp-content\/uploads\/2024\/07\/v2c-electric-chargers.jpg\" \/>\n\t<meta property=\"og:image:width\" content=\"1200\" \/>\n\t<meta property=\"og:image:height\" content=\"675\" \/>\n\t<meta property=\"og:image:type\" content=\"image\/jpeg\" \/>\n<meta name=\"twitter:card\" content=\"summary_large_image\" \/>\n<meta name=\"twitter:site\" content=\"@V2C_Charge\" \/>\n<meta name=\"twitter:label1\" content=\"Temps estimat de lectura\" \/>\n\t<meta name=\"twitter:data1\" content=\"2 minuts\" \/>\n<script type=\"application\/ld+json\" class=\"yoast-schema-graph\">{\"@context\":\"https:\/\/schema.org\",\"@graph\":[{\"@type\":\"WebPage\",\"@id\":\"https:\/\/v2charge.com\/ca\/trydan-impedancia-infinita\/\",\"url\":\"https:\/\/v2charge.com\/ca\/trydan-impedancia-infinita\/\",\"name\":\"Imped\u00e0ncia infinita en punts de rec\u00e0rrega\",\"isPartOf\":{\"@id\":\"https:\/\/v2charge.com\/ca\/#website\"},\"primaryImageOfPage\":{\"@id\":\"https:\/\/v2charge.com\/ca\/trydan-impedancia-infinita\/#primaryimage\"},\"image\":{\"@id\":\"https:\/\/v2charge.com\/ca\/trydan-impedancia-infinita\/#primaryimage\"},\"thumbnailUrl\":\"https:\/\/v2charge.com\/wp-content\/uploads\/2024\/07\/v2c-electric-chargers.jpg\",\"datePublished\":\"2022-02-22T18:25:29+00:00\",\"dateModified\":\"2023-06-12T11:08:31+00:00\",\"description\":\"Punt de Rec\u00e0rrega per vehicles el\u00e8ctrics amb imped\u00e0ncia infinita | Rearma el carregador des de la vivenda | V2C\",\"breadcrumb\":{\"@id\":\"https:\/\/v2charge.com\/ca\/trydan-impedancia-infinita\/#breadcrumb\"},\"inLanguage\":\"ca\",\"potentialAction\":[{\"@type\":\"ReadAction\",\"target\":[\"https:\/\/v2charge.com\/ca\/trydan-impedancia-infinita\/\"]}]},{\"@type\":\"ImageObject\",\"inLanguage\":\"ca\",\"@id\":\"https:\/\/v2charge.com\/ca\/trydan-impedancia-infinita\/#primaryimage\",\"url\":\"https:\/\/v2charge.com\/wp-content\/uploads\/2024\/07\/v2c-electric-chargers.jpg\",\"contentUrl\":\"https:\/\/v2charge.com\/wp-content\/uploads\/2024\/07\/v2c-electric-chargers.jpg\",\"width\":1200,\"height\":675,\"caption\":\"V2C Electric Chargers\"},{\"@type\":\"BreadcrumbList\",\"@id\":\"https:\/\/v2charge.com\/ca\/trydan-impedancia-infinita\/#breadcrumb\",\"itemListElement\":[{\"@type\":\"ListItem\",\"position\":1,\"name\":\"V2C\",\"item\":\"https:\/\/v2charge.com\/ca\/\"},{\"@type\":\"ListItem\",\"position\":2,\"name\":\"Punt de Rec\u00e0rrega Trydan amb imped\u00e0ncia infinita per a l&#8217;esquema 2 de ITC BT 52\"}]},{\"@type\":\"WebSite\",\"@id\":\"https:\/\/v2charge.com\/ca\/#website\",\"url\":\"https:\/\/v2charge.com\/ca\/\",\"name\":\"V2C\",\"description\":\"#CargandoElMa\u00f1ana\",\"publisher\":{\"@id\":\"https:\/\/v2charge.com\/ca\/#organization\"},\"potentialAction\":[{\"@type\":\"SearchAction\",\"target\":{\"@type\":\"EntryPoint\",\"urlTemplate\":\"https:\/\/v2charge.com\/ca\/?s={search_term_string}\"},\"query-input\":{\"@type\":\"PropertyValueSpecification\",\"valueRequired\":true,\"valueName\":\"search_term_string\"}}],\"inLanguage\":\"ca\"},{\"@type\":\"Organization\",\"@id\":\"https:\/\/v2charge.com\/ca\/#organization\",\"name\":\"V2C\",\"url\":\"https:\/\/v2charge.com\/ca\/\",\"logo\":{\"@type\":\"ImageObject\",\"inLanguage\":\"ca\",\"@id\":\"https:\/\/v2charge.com\/ca\/#\/schema\/logo\/image\/\",\"url\":\"https:\/\/v2charge.com\/wp-content\/uploads\/2024\/11\/cropped-v2c-charge-logo-menu.png\",\"contentUrl\":\"https:\/\/v2charge.com\/wp-content\/uploads\/2024\/11\/cropped-v2c-charge-logo-menu.png\",\"width\":984,\"height\":431,\"caption\":\"V2C\"},\"image\":{\"@id\":\"https:\/\/v2charge.com\/ca\/#\/schema\/logo\/image\/\"},\"sameAs\":[\"https:\/\/www.facebook.com\/V2C.Charge\",\"https:\/\/x.com\/V2C_Charge\",\"https:\/\/www.instagram.com\/v2c.charge\/\",\"https:\/\/www.youtube.com\/@V2C\",\"https:\/\/www.linkedin.com\/company\/v2c-chargers\/\"]}]}<\/script>\n<!-- \/ Yoast SEO plugin. -->","yoast_head_json":{"title":"Imped\u00e0ncia infinita en punts de rec\u00e0rrega","description":"Punt de Rec\u00e0rrega per vehicles el\u00e8ctrics amb imped\u00e0ncia infinita | Rearma el carregador des de la vivenda | V2C","robots":{"index":"index","follow":"follow","max-snippet":"max-snippet:-1","max-image-preview":"max-image-preview:large","max-video-preview":"max-video-preview:-1"},"canonical":"https:\/\/v2charge.com\/ca\/trydan-impedancia-infinita\/","og_locale":"ca_ES","og_type":"article","og_title":"Imped\u00e0ncia infinita en punts de rec\u00e0rrega","og_description":"Punt de Rec\u00e0rrega per vehicles el\u00e8ctrics amb imped\u00e0ncia infinita | Rearma el carregador des de la vivenda | V2C","og_url":"https:\/\/v2charge.com\/ca\/trydan-impedancia-infinita\/","og_site_name":"V2C","article_publisher":"https:\/\/www.facebook.com\/V2C.Charge","article_modified_time":"2023-06-12T11:08:31+00:00","og_image":[{"width":1200,"height":675,"url":"https:\/\/v2charge.com\/wp-content\/uploads\/2024\/07\/v2c-electric-chargers.jpg","type":"image\/jpeg"}],"twitter_card":"summary_large_image","twitter_site":"@V2C_Charge","twitter_misc":{"Temps estimat de lectura":"2 minuts"},"schema":{"@context":"https:\/\/schema.org","@graph":[{"@type":"WebPage","@id":"https:\/\/v2charge.com\/ca\/trydan-impedancia-infinita\/","url":"https:\/\/v2charge.com\/ca\/trydan-impedancia-infinita\/","name":"Imped\u00e0ncia infinita en punts de rec\u00e0rrega","isPartOf":{"@id":"https:\/\/v2charge.com\/ca\/#website"},"primaryImageOfPage":{"@id":"https:\/\/v2charge.com\/ca\/trydan-impedancia-infinita\/#primaryimage"},"image":{"@id":"https:\/\/v2charge.com\/ca\/trydan-impedancia-infinita\/#primaryimage"},"thumbnailUrl":"https:\/\/v2charge.com\/wp-content\/uploads\/2024\/07\/v2c-electric-chargers.jpg","datePublished":"2022-02-22T18:25:29+00:00","dateModified":"2023-06-12T11:08:31+00:00","description":"Punt de Rec\u00e0rrega per vehicles el\u00e8ctrics amb imped\u00e0ncia infinita | Rearma el carregador des de la vivenda | V2C","breadcrumb":{"@id":"https:\/\/v2charge.com\/ca\/trydan-impedancia-infinita\/#breadcrumb"},"inLanguage":"ca","potentialAction":[{"@type":"ReadAction","target":["https:\/\/v2charge.com\/ca\/trydan-impedancia-infinita\/"]}]},{"@type":"ImageObject","inLanguage":"ca","@id":"https:\/\/v2charge.com\/ca\/trydan-impedancia-infinita\/#primaryimage","url":"https:\/\/v2charge.com\/wp-content\/uploads\/2024\/07\/v2c-electric-chargers.jpg","contentUrl":"https:\/\/v2charge.com\/wp-content\/uploads\/2024\/07\/v2c-electric-chargers.jpg","width":1200,"height":675,"caption":"V2C Electric Chargers"},{"@type":"BreadcrumbList","@id":"https:\/\/v2charge.com\/ca\/trydan-impedancia-infinita\/#breadcrumb","itemListElement":[{"@type":"ListItem","position":1,"name":"V2C","item":"https:\/\/v2charge.com\/ca\/"},{"@type":"ListItem","position":2,"name":"Punt de Rec\u00e0rrega Trydan amb imped\u00e0ncia infinita per a l&#8217;esquema 2 de ITC BT 52"}]},{"@type":"WebSite","@id":"https:\/\/v2charge.com\/ca\/#website","url":"https:\/\/v2charge.com\/ca\/","name":"V2C","description":"#CargandoElMa\u00f1ana","publisher":{"@id":"https:\/\/v2charge.com\/ca\/#organization"},"potentialAction":[{"@type":"SearchAction","target":{"@type":"EntryPoint","urlTemplate":"https:\/\/v2charge.com\/ca\/?s={search_term_string}"},"query-input":{"@type":"PropertyValueSpecification","valueRequired":true,"valueName":"search_term_string"}}],"inLanguage":"ca"},{"@type":"Organization","@id":"https:\/\/v2charge.com\/ca\/#organization","name":"V2C","url":"https:\/\/v2charge.com\/ca\/","logo":{"@type":"ImageObject","inLanguage":"ca","@id":"https:\/\/v2charge.com\/ca\/#\/schema\/logo\/image\/","url":"https:\/\/v2charge.com\/wp-content\/uploads\/2024\/11\/cropped-v2c-charge-logo-menu.png","contentUrl":"https:\/\/v2charge.com\/wp-content\/uploads\/2024\/11\/cropped-v2c-charge-logo-menu.png","width":984,"height":431,"caption":"V2C"},"image":{"@id":"https:\/\/v2charge.com\/ca\/#\/schema\/logo\/image\/"},"sameAs":["https:\/\/www.facebook.com\/V2C.Charge","https:\/\/x.com\/V2C_Charge","https:\/\/www.instagram.com\/v2c.charge\/","https:\/\/www.youtube.com\/@V2C","https:\/\/www.linkedin.com\/company\/v2c-chargers\/"]}]}},"uagb_featured_image_src":{"full":["https:\/\/v2charge.com\/wp-content\/uploads\/2024\/07\/v2c-electric-chargers.jpg",1200,675,false],"thumbnail":["https:\/\/v2charge.com\/wp-content\/uploads\/2024\/07\/v2c-electric-chargers-150x150.jpg",150,150,true],"medium":["https:\/\/v2charge.com\/wp-content\/uploads\/2024\/07\/v2c-electric-chargers-300x169.jpg",300,169,true],"medium_large":["https:\/\/v2charge.com\/wp-content\/uploads\/2024\/07\/v2c-electric-chargers-768x432.jpg",768,432,true],"large":["https:\/\/v2charge.com\/wp-content\/uploads\/2024\/07\/v2c-electric-chargers-1024x576.jpg",1024,576,true],"gs-tiny":["https:\/\/v2charge.com\/wp-content\/uploads\/2024\/07\/v2c-electric-chargers.jpg",50,28,false],"xl":["https:\/\/v2charge.com\/wp-content\/uploads\/2024\/07\/v2c-electric-chargers.jpg",1200,675,false],"xxl":["https:\/\/v2charge.com\/wp-content\/uploads\/2024\/07\/v2c-electric-chargers.jpg",1200,675,false],"xxxl":["https:\/\/v2charge.com\/wp-content\/uploads\/2024\/07\/v2c-electric-chargers.jpg",1200,675,false],"xxxxl":["https:\/\/v2charge.com\/wp-content\/uploads\/2024\/07\/v2c-electric-chargers.jpg",1200,675,false],"xxxxxl":["https:\/\/v2charge.com\/wp-content\/uploads\/2024\/07\/v2c-electric-chargers.jpg",1200,675,false],"1536x1536":["https:\/\/v2charge.com\/wp-content\/uploads\/2024\/07\/v2c-electric-chargers.jpg",1200,675,false],"2048x2048":["https:\/\/v2charge.com\/wp-content\/uploads\/2024\/07\/v2c-electric-chargers.jpg",1200,675,false]},"uagb_author_info":{"display_name":"V2C","author_link":"https:\/\/v2charge.com\/ca\/author\/root_k4eu7ki8\/"},"uagb_comment_info":0,"uagb_excerpt":"Punt de Rec\u00e0rrega Trydan amb imped\u00e0ncia infinita per esquema 2 d&#8217;ITC BT 52 La normativa espanyola ITC BT 52 estableix en l&#8217;esquema 2 d&#8217;instal\u00b7laci\u00f3 de punts de rec\u00e0rrega per a cotxes el\u00e8ctrics la necessitat de poder rearmar el comptador des de la pr\u00f2pia vivenda (rearmador). Es tracta d&#8217;un tema de comoditat, m\u00e9s que de seguretat,&hellip;","_links":{"self":[{"href":"https:\/\/v2charge.com\/ca\/wp-json\/wp\/v2\/pages\/309834","targetHints":{"allow":["GET"]}}],"collection":[{"href":"https:\/\/v2charge.com\/ca\/wp-json\/wp\/v2\/pages"}],"about":[{"href":"https:\/\/v2charge.com\/ca\/wp-json\/wp\/v2\/types\/page"}],"author":[{"embeddable":true,"href":"https:\/\/v2charge.com\/ca\/wp-json\/wp\/v2\/users\/1"}],"replies":[{"embeddable":true,"href":"https:\/\/v2charge.com\/ca\/wp-json\/wp\/v2\/comments?post=309834"}],"version-history":[{"count":0,"href":"https:\/\/v2charge.com\/ca\/wp-json\/wp\/v2\/pages\/309834\/revisions"}],"wp:featuredmedia":[{"embeddable":true,"href":"https:\/\/v2charge.com\/ca\/wp-json\/wp\/v2\/media\/170354"}],"wp:attachment":[{"href":"https:\/\/v2charge.com\/ca\/wp-json\/wp\/v2\/media?parent=309834"}],"curies":[{"name":"wp","href":"https:\/\/api.w.org\/{rel}","templated":true}]}}