{"id":309836,"date":"2022-03-02T12:26:43","date_gmt":"2022-03-02T12:26:43","guid":{"rendered":""},"modified":"2026-04-21T11:12:41","modified_gmt":"2026-04-21T09:12:41","slug":"comandaments-funcionals-d-alexa","status":"publish","type":"page","link":"https:\/\/v2charge.com\/ca\/comandaments-funcionals-d-alexa\/","title":{"rendered":"Comandaments funcionals d&#8217;Alexa"},"content":{"rendered":"\n<div class=\"wp-block-uagb-container uagb-block-c29b15eb alignfull uagb-is-root-container\"><div class=\"uagb-container-inner-blocks-wrap\">\n<div class=\"wp-block-uagb-container uagb-block-6846d829\">\n<div class=\"wp-block-uagb-container uagb-block-8a2137db\"><\/div>\n\n\n\n<div class=\"wp-block-uagb-container uagb-block-5ccae1ed\">\n<div class=\"wp-block-uagb-advanced-heading uagb-block-572af4b3\"><h1 class=\"uagb-heading-text\">Comandaments Funcionals d&#8217;Alexa<\/h1><\/div>\n\n\n\n<div class=\"wp-block-uagb-advanced-heading uagb-block-008d543e\"><h2 class=\"uagb-heading-text\">Submergeix-te en una<br>experi\u00e8ncia tecnol\u00f2gica<\/h2><\/div>\n\n\n\n<p class=\"has-text-color\" style=\"color:#c2c0c0;font-size:16px\">Domina tots els comandos funcionals d&#8217;Alexa per controlar l&#8217;e-Charger mitjan\u00e7ant la teva veu. Innovaci\u00f3, immediatesa i comoditat per viure una c\u00e0rrega \u00fanica.<\/p>\n\n\n\n<div class=\"wp-block-uagb-buttons uagb-buttons__outer-wrap uagb-btn__default-btn uagb-btn-tablet__default-btn uagb-btn-mobile__default-btn uagb-block-1b92109e\"><div class=\"uagb-buttons__wrap uagb-buttons-layout-wrap \">\n<div class=\"wp-block-uagb-buttons-child uagb-buttons__outer-wrap uagb-block-3c83cb05 wp-block-button is-style-outline\"><div class=\"uagb-button__wrapper\"><a class=\"uagb-buttons-repeater wp-block-button__link\" aria-label=\"\" href=\"https:\/\/v2charge.com\/wp-content\/uploads\/2022\/05\/Vincular-Alexa.pdf\" rel=\"follow noopener\" target=\"_blank\" role=\"button\"><div class=\"uagb-button__link\"><a href=\"https:\/\/v2charge.com\/wp-content\/uploads\/2022\/05\/Vincular-Alexa.pdf\" target=\"_blank\" rel=\"noreferrer noopener\">Vincula el teu e-Charger amb Alexa<\/a><\/div><\/a><\/div><\/div>\n<\/div><\/div>\n<\/div>\n<\/div>\n<\/div><\/div>\n\n\n\n<div style=\"height:30px\" aria-hidden=\"true\" class=\"wp-block-spacer\"><\/div>\n\n\n\n<div class=\"wp-block-uagb-container uagb-block-5bf65f41 alignfull uagb-is-root-container\"><div class=\"uagb-container-inner-blocks-wrap\">\n<div class=\"wp-block-uagb-container uagb-block-da71c77d default uagb-is-root-container\">\n<div class=\"wp-block-uagb-container uagb-block-0ddc93fc\">\n<div class=\"wp-block-uagb-image aligncenter uagb-block-d4d8c154 wp-block-uagb-image--layout-default wp-block-uagb-image--effect-static wp-block-uagb-image--align-center\"><figure class=\"wp-block-uagb-image__figure\"><img decoding=\"async\" srcset=\"https:\/\/v2charge.com\/wp-content\/uploads\/2023\/11\/icon-important.png ,https:\/\/v2charge.com\/wp-content\/uploads\/2023\/11\/icon-important.png 780w, https:\/\/v2charge.com\/wp-content\/uploads\/2023\/11\/icon-important.png 360w\" sizes=\"auto, (max-width: 480px) 150px\" src=\"https:\/\/v2charge.com\/wp-content\/uploads\/2023\/11\/icon-important.png\" alt=\"\" class=\"uag-image-125013\" width=\"50\" height=\"50\" title=\"\" loading=\"lazy\" role=\"img\"\/><\/figure><\/div>\n<\/div>\n\n\n\n<div class=\"wp-block-uagb-container uagb-block-67cf4dad\">\n<div class=\"wp-block-uagb-advanced-heading uagb-block-459cee5f\"><p class=\"uagb-heading-text\"><strong><strong><em>El patr\u00f3 general \u00e9s: &#8220;Alexa, posa [nom del carregador] en mode [paraula].&#8221;<\/em><\/strong><\/strong><\/p><\/div>\n<\/div>\n<\/div>\n<\/div><\/div>\n\n\n\n<div style=\"height:30px\" aria-hidden=\"true\" class=\"wp-block-spacer\"><\/div>\n\n\n\n<div class=\"wp-block-uagb-container uagb-block-ccfebc02 alignfull uagb-is-root-container\"><div class=\"uagb-container-inner-blocks-wrap\">\n<div class=\"wp-block-uagb-advanced-heading uagb-block-bd6206dc\"><h2 class=\"uagb-heading-text\">Bloquejar el carregador<\/h2><\/div>\n\n\n\n<p>&#8220;\u2026en mode Bloquejar&#8221;<\/p>\n<\/div><\/div>\n\n\n\n<div style=\"height:40px\" aria-hidden=\"true\" class=\"wp-block-spacer\"><\/div>\n\n\n\n<div class=\"wp-block-uagb-container uagb-block-9ac41ac8 alignfull uagb-is-root-container\"><div class=\"uagb-container-inner-blocks-wrap\">\n<div class=\"wp-block-uagb-advanced-heading uagb-block-0287eec7\"><h2 class=\"uagb-heading-text\">Desbloquejar el carregador<\/h2><\/div>\n\n\n\n<p>&#8220;\u2026en mode Desbloquejar&#8221;<\/p>\n<\/div><\/div>\n\n\n\n<div style=\"height:40px\" aria-hidden=\"true\" class=\"wp-block-spacer\"><\/div>\n\n\n\n<div class=\"wp-block-uagb-container uagb-block-10fa5e64 alignfull uagb-is-root-container\"><div class=\"uagb-container-inner-blocks-wrap\">\n<div class=\"wp-block-uagb-advanced-heading uagb-block-d62318d2\"><h2 class=\"uagb-heading-text\">Pausar la c\u00e0rrega<\/h2><\/div>\n\n\n\n<p>&#8220;\u2026en mode Pausa&#8221; \/ &#8220;\u2026en mode Pausar&#8221; \/ &#8220;\u2026en mode En Pausa&#8221;<\/p>\n\n\n\n<p>&#8220;\u2026en mode Pausa la c\u00e0rrega&#8221; \/ &#8220;\u2026en mode Pausar c\u00e0rrega&#8221;<\/p>\n\n\n\n<p>&#8220;\u2026en mode Aturar la c\u00e0rrega&#8221; \/ &#8220;\u2026en mode Pausar el&#8221; \/ &#8220;\u2026en mode Pausar-lo&#8221;<\/p>\n<\/div><\/div>\n\n\n\n<div style=\"height:40px\" aria-hidden=\"true\" class=\"wp-block-spacer\"><\/div>\n\n\n\n<div class=\"wp-block-uagb-container uagb-block-59c2256a alignfull uagb-is-root-container\"><div class=\"uagb-container-inner-blocks-wrap\">\n<div class=\"wp-block-uagb-advanced-heading uagb-block-bb56ec01\"><h2 class=\"uagb-heading-text\">Reprendre la c\u00e0rrega<\/h2><\/div>\n\n\n\n<p>&#8220;\u2026en mode Reprendre&#8221; \/ &#8220;\u2026en mode Repr\u00e8n&#8221; \/ &#8220;\u2026en mode Repr\u00e8n-me&#8221;<\/p>\n\n\n\n<p>&#8220;\u2026en mode Reprendre c\u00e0rrega&#8221; \/ &#8220;\u2026en mode Repr\u00e8n la c\u00e0rrega&#8221;<\/p>\n\n\n\n<p>&#8220;\u2026en mode Reprendre la c\u00e0rrega&#8221; \/ &#8220;\u2026en mode Repr\u00e8n el&#8221; \/ &#8220;\u2026en mode Reprendre el&#8221;<\/p>\n<\/div><\/div>\n\n\n\n<div style=\"height:49px\" aria-hidden=\"true\" class=\"wp-block-spacer\"><\/div>\n\n\n\n<div class=\"wp-block-uagb-container uagb-block-0038c469 alignfull uagb-is-root-container\"><div class=\"uagb-container-inner-blocks-wrap\">\n<div class=\"wp-block-uagb-advanced-heading uagb-block-705e418c\"><h2 class=\"uagb-heading-text\">Consultar l&#8217;estat<\/h2><\/div>\n\n\n\n<p>&#8220;Alexa, quin \u00e9s l&#8217;estat de [nom del carregador]?&#8221;<\/p>\n\n\n\n<p><strong>Respostes possibles:<\/strong><\/p>\n\n\n\n<figure class=\"wp-block-table\"><table class=\"has-fixed-layout\"><tbody><tr><td><strong>Vehicle el\u00e8ctric connectat<\/strong><\/td><td>Cotxe endollat per\u00f2 sense carregar (Standby)<\/td><\/tr><tr><td><strong>Esperant vehicle el\u00e8ctric<\/strong><\/td><td>Carregador preparat, sense cotxe connectat<\/td><\/tr><tr><td><strong>Vehicle el\u00e8ctric carregant<\/strong><\/td><td>C\u00e0rrega activa en curs<\/td><\/tr><tr><td><strong>C\u00e0rrega pausada<\/strong><\/td><td>C\u00e0rrega pausada manualment<\/td><\/tr><tr><td><strong>Carregador bloquejat<\/strong><\/td><td>El carregador est\u00e0 bloquejat<\/td><\/tr><tr><td><strong>Carregador sense connexi\u00f3 a Internet<\/strong><\/td><td>El carregador est\u00e0 offline<\/td><\/tr><\/tbody><\/table><\/figure>\n\n\n\n<p><em><strong>IMPORTANT<\/strong>: Pausar nom\u00e9s funciona si el cotxe est\u00e0 carregant activament. Reprendre nom\u00e9s funciona si la c\u00e0rrega est\u00e0 pausada. Si el carregador est\u00e0 offline, Alexa respon amb l&#8217;error ENDPOINT_UNREACHABLE.<\/em><\/p>\n<\/div><\/div>\n\n\n\n<div style=\"height:30px\" aria-hidden=\"true\" class=\"wp-block-spacer\"><\/div>\n","protected":false},"excerpt":{"rendered":"<p>Comandaments Funcionals d&#8217;Alexa Submergeix-te en unaexperi\u00e8ncia tecnol\u00f2gica Domina tots els comandos funcionals d&#8217;Alexa per controlar l&#8217;e-Charger mitjan\u00e7ant la teva veu. Innovaci\u00f3, immediatesa i comoditat per viure una c\u00e0rrega \u00fanica. El patr\u00f3 general \u00e9s: &#8220;Alexa, posa [nom del carregador] en mode [paraula].&#8221; Bloquejar el carregador &#8220;\u2026en mode Bloquejar&#8221; Desbloquejar el carregador &#8220;\u2026en mode Desbloquejar&#8221; Pausar la &#8230; <a title=\"Comandaments funcionals d&#8217;Alexa\" class=\"read-more\" href=\"https:\/\/v2charge.com\/ca\/comandaments-funcionals-d-alexa\/\" aria-label=\"M\u00e9s informaci\u00f3 sobre Comandaments funcionals d&#8217;Alexa\">Llegiu m\u00e9s<\/a><\/p>\n","protected":false},"author":1,"featured_media":170354,"parent":0,"menu_order":0,"comment_status":"closed","ping_status":"closed","template":"","meta":{"_eb_attr":"","content-type":"","_uag_custom_page_level_css":"","footnotes":""},"class_list":["post-309836","page","type-page","status-publish","has-post-thumbnail"],"yoast_head":"<!-- This site is optimized with the Yoast SEO plugin v25.3.1 - https:\/\/yoast.com\/wordpress\/plugins\/seo\/ -->\n<title>Comandaments Funcional de Alexa per a V2C Cloud | V2C \u00ae<\/title>\n<meta name=\"description\" content=\"Coneix els comandaments funcionals d&#039;Alexa per al teu carregador el\u00e8ctric V2C i comen\u00e7a a gestionar la c\u00e0rrega del teu vehicle en temps real.\" \/>\n<meta name=\"robots\" content=\"index, follow, max-snippet:-1, max-image-preview:large, max-video-preview:-1\" \/>\n<link rel=\"canonical\" href=\"https:\/\/v2charge.com\/ca\/comandaments-funcionals-d-alexa\/\" \/>\n<meta property=\"og:locale\" content=\"ca_ES\" \/>\n<meta property=\"og:type\" content=\"article\" \/>\n<meta property=\"og:title\" content=\"Comandaments Funcional de Alexa per a V2C Cloud | V2C \u00ae\" \/>\n<meta property=\"og:description\" content=\"Coneix els comandaments funcionals d&#039;Alexa per al teu carregador el\u00e8ctric V2C i comen\u00e7a a gestionar la c\u00e0rrega del teu vehicle en temps real.\" \/>\n<meta property=\"og:url\" content=\"https:\/\/v2charge.com\/ca\/comandaments-funcionals-d-alexa\/\" \/>\n<meta property=\"og:site_name\" content=\"V2C\" \/>\n<meta property=\"article:publisher\" content=\"https:\/\/www.facebook.com\/V2C.Charge\" \/>\n<meta property=\"article:modified_time\" content=\"2026-04-21T09:12:41+00:00\" \/>\n<meta property=\"og:image\" content=\"https:\/\/v2charge.com\/wp-content\/uploads\/2024\/07\/v2c-electric-chargers.jpg\" \/>\n\t<meta property=\"og:image:width\" content=\"1200\" \/>\n\t<meta property=\"og:image:height\" content=\"675\" \/>\n\t<meta property=\"og:image:type\" content=\"image\/jpeg\" \/>\n<meta name=\"twitter:card\" content=\"summary_large_image\" \/>\n<meta name=\"twitter:site\" content=\"@V2C_Charge\" \/>\n<meta name=\"twitter:label1\" content=\"Temps estimat de lectura\" \/>\n\t<meta name=\"twitter:data1\" content=\"2 minuts\" \/>\n<script type=\"application\/ld+json\" class=\"yoast-schema-graph\">{\"@context\":\"https:\/\/schema.org\",\"@graph\":[{\"@type\":\"WebPage\",\"@id\":\"https:\/\/v2charge.com\/ca\/comandaments-funcionals-d-alexa\/\",\"url\":\"https:\/\/v2charge.com\/ca\/comandaments-funcionals-d-alexa\/\",\"name\":\"Comandaments Funcional de Alexa per a V2C Cloud | V2C \u00ae\",\"isPartOf\":{\"@id\":\"https:\/\/v2charge.com\/ca\/#website\"},\"primaryImageOfPage\":{\"@id\":\"https:\/\/v2charge.com\/ca\/comandaments-funcionals-d-alexa\/#primaryimage\"},\"image\":{\"@id\":\"https:\/\/v2charge.com\/ca\/comandaments-funcionals-d-alexa\/#primaryimage\"},\"thumbnailUrl\":\"https:\/\/v2charge.com\/wp-content\/uploads\/2024\/07\/v2c-electric-chargers.jpg\",\"datePublished\":\"2022-03-02T12:26:43+00:00\",\"dateModified\":\"2026-04-21T09:12:41+00:00\",\"description\":\"Coneix els comandaments funcionals d'Alexa per al teu carregador el\u00e8ctric V2C i comen\u00e7a a gestionar la c\u00e0rrega del teu vehicle en temps real.\",\"breadcrumb\":{\"@id\":\"https:\/\/v2charge.com\/ca\/comandaments-funcionals-d-alexa\/#breadcrumb\"},\"inLanguage\":\"ca\",\"potentialAction\":[{\"@type\":\"ReadAction\",\"target\":[\"https:\/\/v2charge.com\/ca\/comandaments-funcionals-d-alexa\/\"]}]},{\"@type\":\"ImageObject\",\"inLanguage\":\"ca\",\"@id\":\"https:\/\/v2charge.com\/ca\/comandaments-funcionals-d-alexa\/#primaryimage\",\"url\":\"https:\/\/v2charge.com\/wp-content\/uploads\/2024\/07\/v2c-electric-chargers.jpg\",\"contentUrl\":\"https:\/\/v2charge.com\/wp-content\/uploads\/2024\/07\/v2c-electric-chargers.jpg\",\"width\":1200,\"height\":675,\"caption\":\"V2C Electric Chargers\"},{\"@type\":\"BreadcrumbList\",\"@id\":\"https:\/\/v2charge.com\/ca\/comandaments-funcionals-d-alexa\/#breadcrumb\",\"itemListElement\":[{\"@type\":\"ListItem\",\"position\":1,\"name\":\"V2C\",\"item\":\"https:\/\/v2charge.com\/ca\/\"},{\"@type\":\"ListItem\",\"position\":2,\"name\":\"Comandaments funcionals d&#8217;Alexa\"}]},{\"@type\":\"WebSite\",\"@id\":\"https:\/\/v2charge.com\/ca\/#website\",\"url\":\"https:\/\/v2charge.com\/ca\/\",\"name\":\"V2C\",\"description\":\"#CargandoElMa\u00f1ana\",\"publisher\":{\"@id\":\"https:\/\/v2charge.com\/ca\/#organization\"},\"potentialAction\":[{\"@type\":\"SearchAction\",\"target\":{\"@type\":\"EntryPoint\",\"urlTemplate\":\"https:\/\/v2charge.com\/ca\/?s={search_term_string}\"},\"query-input\":{\"@type\":\"PropertyValueSpecification\",\"valueRequired\":true,\"valueName\":\"search_term_string\"}}],\"inLanguage\":\"ca\"},{\"@type\":\"Organization\",\"@id\":\"https:\/\/v2charge.com\/ca\/#organization\",\"name\":\"V2C\",\"url\":\"https:\/\/v2charge.com\/ca\/\",\"logo\":{\"@type\":\"ImageObject\",\"inLanguage\":\"ca\",\"@id\":\"https:\/\/v2charge.com\/ca\/#\/schema\/logo\/image\/\",\"url\":\"https:\/\/v2charge.com\/wp-content\/uploads\/2024\/11\/cropped-v2c-charge-logo-menu.png\",\"contentUrl\":\"https:\/\/v2charge.com\/wp-content\/uploads\/2024\/11\/cropped-v2c-charge-logo-menu.png\",\"width\":984,\"height\":431,\"caption\":\"V2C\"},\"image\":{\"@id\":\"https:\/\/v2charge.com\/ca\/#\/schema\/logo\/image\/\"},\"sameAs\":[\"https:\/\/www.facebook.com\/V2C.Charge\",\"https:\/\/x.com\/V2C_Charge\",\"https:\/\/www.instagram.com\/v2c.charge\/\",\"https:\/\/www.youtube.com\/@V2C\",\"https:\/\/www.linkedin.com\/company\/v2c-chargers\/\"]}]}<\/script>\n<!-- \/ Yoast SEO plugin. -->","yoast_head_json":{"title":"Comandaments Funcional de Alexa per a V2C Cloud | V2C \u00ae","description":"Coneix els comandaments funcionals d'Alexa per al teu carregador el\u00e8ctric V2C i comen\u00e7a a gestionar la c\u00e0rrega del teu vehicle en temps real.","robots":{"index":"index","follow":"follow","max-snippet":"max-snippet:-1","max-image-preview":"max-image-preview:large","max-video-preview":"max-video-preview:-1"},"canonical":"https:\/\/v2charge.com\/ca\/comandaments-funcionals-d-alexa\/","og_locale":"ca_ES","og_type":"article","og_title":"Comandaments Funcional de Alexa per a V2C Cloud | V2C \u00ae","og_description":"Coneix els comandaments funcionals d'Alexa per al teu carregador el\u00e8ctric V2C i comen\u00e7a a gestionar la c\u00e0rrega del teu vehicle en temps real.","og_url":"https:\/\/v2charge.com\/ca\/comandaments-funcionals-d-alexa\/","og_site_name":"V2C","article_publisher":"https:\/\/www.facebook.com\/V2C.Charge","article_modified_time":"2026-04-21T09:12:41+00:00","og_image":[{"width":1200,"height":675,"url":"https:\/\/v2charge.com\/wp-content\/uploads\/2024\/07\/v2c-electric-chargers.jpg","type":"image\/jpeg"}],"twitter_card":"summary_large_image","twitter_site":"@V2C_Charge","twitter_misc":{"Temps estimat de lectura":"2 minuts"},"schema":{"@context":"https:\/\/schema.org","@graph":[{"@type":"WebPage","@id":"https:\/\/v2charge.com\/ca\/comandaments-funcionals-d-alexa\/","url":"https:\/\/v2charge.com\/ca\/comandaments-funcionals-d-alexa\/","name":"Comandaments Funcional de Alexa per a V2C Cloud | V2C \u00ae","isPartOf":{"@id":"https:\/\/v2charge.com\/ca\/#website"},"primaryImageOfPage":{"@id":"https:\/\/v2charge.com\/ca\/comandaments-funcionals-d-alexa\/#primaryimage"},"image":{"@id":"https:\/\/v2charge.com\/ca\/comandaments-funcionals-d-alexa\/#primaryimage"},"thumbnailUrl":"https:\/\/v2charge.com\/wp-content\/uploads\/2024\/07\/v2c-electric-chargers.jpg","datePublished":"2022-03-02T12:26:43+00:00","dateModified":"2026-04-21T09:12:41+00:00","description":"Coneix els comandaments funcionals d'Alexa per al teu carregador el\u00e8ctric V2C i comen\u00e7a a gestionar la c\u00e0rrega del teu vehicle en temps real.","breadcrumb":{"@id":"https:\/\/v2charge.com\/ca\/comandaments-funcionals-d-alexa\/#breadcrumb"},"inLanguage":"ca","potentialAction":[{"@type":"ReadAction","target":["https:\/\/v2charge.com\/ca\/comandaments-funcionals-d-alexa\/"]}]},{"@type":"ImageObject","inLanguage":"ca","@id":"https:\/\/v2charge.com\/ca\/comandaments-funcionals-d-alexa\/#primaryimage","url":"https:\/\/v2charge.com\/wp-content\/uploads\/2024\/07\/v2c-electric-chargers.jpg","contentUrl":"https:\/\/v2charge.com\/wp-content\/uploads\/2024\/07\/v2c-electric-chargers.jpg","width":1200,"height":675,"caption":"V2C Electric Chargers"},{"@type":"BreadcrumbList","@id":"https:\/\/v2charge.com\/ca\/comandaments-funcionals-d-alexa\/#breadcrumb","itemListElement":[{"@type":"ListItem","position":1,"name":"V2C","item":"https:\/\/v2charge.com\/ca\/"},{"@type":"ListItem","position":2,"name":"Comandaments funcionals d&#8217;Alexa"}]},{"@type":"WebSite","@id":"https:\/\/v2charge.com\/ca\/#website","url":"https:\/\/v2charge.com\/ca\/","name":"V2C","description":"#CargandoElMa\u00f1ana","publisher":{"@id":"https:\/\/v2charge.com\/ca\/#organization"},"potentialAction":[{"@type":"SearchAction","target":{"@type":"EntryPoint","urlTemplate":"https:\/\/v2charge.com\/ca\/?s={search_term_string}"},"query-input":{"@type":"PropertyValueSpecification","valueRequired":true,"valueName":"search_term_string"}}],"inLanguage":"ca"},{"@type":"Organization","@id":"https:\/\/v2charge.com\/ca\/#organization","name":"V2C","url":"https:\/\/v2charge.com\/ca\/","logo":{"@type":"ImageObject","inLanguage":"ca","@id":"https:\/\/v2charge.com\/ca\/#\/schema\/logo\/image\/","url":"https:\/\/v2charge.com\/wp-content\/uploads\/2024\/11\/cropped-v2c-charge-logo-menu.png","contentUrl":"https:\/\/v2charge.com\/wp-content\/uploads\/2024\/11\/cropped-v2c-charge-logo-menu.png","width":984,"height":431,"caption":"V2C"},"image":{"@id":"https:\/\/v2charge.com\/ca\/#\/schema\/logo\/image\/"},"sameAs":["https:\/\/www.facebook.com\/V2C.Charge","https:\/\/x.com\/V2C_Charge","https:\/\/www.instagram.com\/v2c.charge\/","https:\/\/www.youtube.com\/@V2C","https:\/\/www.linkedin.com\/company\/v2c-chargers\/"]}]}},"uagb_featured_image_src":{"full":["https:\/\/v2charge.com\/wp-content\/uploads\/2024\/07\/v2c-electric-chargers.jpg",1200,675,false],"thumbnail":["https:\/\/v2charge.com\/wp-content\/uploads\/2024\/07\/v2c-electric-chargers-150x150.jpg",150,150,true],"medium":["https:\/\/v2charge.com\/wp-content\/uploads\/2024\/07\/v2c-electric-chargers-300x169.jpg",300,169,true],"medium_large":["https:\/\/v2charge.com\/wp-content\/uploads\/2024\/07\/v2c-electric-chargers-768x432.jpg",768,432,true],"large":["https:\/\/v2charge.com\/wp-content\/uploads\/2024\/07\/v2c-electric-chargers-1024x576.jpg",1024,576,true],"gs-tiny":["https:\/\/v2charge.com\/wp-content\/uploads\/2024\/07\/v2c-electric-chargers.jpg",50,28,false],"xl":["https:\/\/v2charge.com\/wp-content\/uploads\/2024\/07\/v2c-electric-chargers.jpg",1200,675,false],"xxl":["https:\/\/v2charge.com\/wp-content\/uploads\/2024\/07\/v2c-electric-chargers.jpg",1200,675,false],"xxxl":["https:\/\/v2charge.com\/wp-content\/uploads\/2024\/07\/v2c-electric-chargers.jpg",1200,675,false],"xxxxl":["https:\/\/v2charge.com\/wp-content\/uploads\/2024\/07\/v2c-electric-chargers.jpg",1200,675,false],"xxxxxl":["https:\/\/v2charge.com\/wp-content\/uploads\/2024\/07\/v2c-electric-chargers.jpg",1200,675,false],"1536x1536":["https:\/\/v2charge.com\/wp-content\/uploads\/2024\/07\/v2c-electric-chargers.jpg",1200,675,false],"2048x2048":["https:\/\/v2charge.com\/wp-content\/uploads\/2024\/07\/v2c-electric-chargers.jpg",1200,675,false]},"uagb_author_info":{"display_name":"V2C","author_link":"https:\/\/v2charge.com\/ca\/author\/root_k4eu7ki8\/"},"uagb_comment_info":0,"uagb_excerpt":"Comandaments Funcionals d&#8217;Alexa Submergeix-te en unaexperi\u00e8ncia tecnol\u00f2gica Domina tots els comandos funcionals d&#8217;Alexa per controlar l&#8217;e-Charger mitjan\u00e7ant la teva veu. Innovaci\u00f3, immediatesa i comoditat per viure una c\u00e0rrega \u00fanica. El patr\u00f3 general \u00e9s: &#8220;Alexa, posa [nom del carregador] en mode [paraula].&#8221; Bloquejar el carregador &#8220;\u2026en mode Bloquejar&#8221; Desbloquejar el carregador &#8220;\u2026en mode Desbloquejar&#8221; Pausar la&hellip;","_links":{"self":[{"href":"https:\/\/v2charge.com\/ca\/wp-json\/wp\/v2\/pages\/309836","targetHints":{"allow":["GET"]}}],"collection":[{"href":"https:\/\/v2charge.com\/ca\/wp-json\/wp\/v2\/pages"}],"about":[{"href":"https:\/\/v2charge.com\/ca\/wp-json\/wp\/v2\/types\/page"}],"author":[{"embeddable":true,"href":"https:\/\/v2charge.com\/ca\/wp-json\/wp\/v2\/users\/1"}],"replies":[{"embeddable":true,"href":"https:\/\/v2charge.com\/ca\/wp-json\/wp\/v2\/comments?post=309836"}],"version-history":[{"count":1,"href":"https:\/\/v2charge.com\/ca\/wp-json\/wp\/v2\/pages\/309836\/revisions"}],"predecessor-version":[{"id":316542,"href":"https:\/\/v2charge.com\/ca\/wp-json\/wp\/v2\/pages\/309836\/revisions\/316542"}],"wp:featuredmedia":[{"embeddable":true,"href":"https:\/\/v2charge.com\/ca\/wp-json\/wp\/v2\/media\/170354"}],"wp:attachment":[{"href":"https:\/\/v2charge.com\/ca\/wp-json\/wp\/v2\/media?parent=309836"}],"curies":[{"name":"wp","href":"https:\/\/api.w.org\/{rel}","templated":true}]}}