{"id":309890,"date":"2022-11-18T07:03:45","date_gmt":"2022-11-18T07:03:45","guid":{"rendered":""},"modified":"2023-05-03T13:26:49","modified_gmt":"2023-05-03T13:26:49","slug":"particulars","status":"publish","type":"page","link":"https:\/\/v2charge.com\/ca\/particulars\/","title":{"rendered":"Particulars"},"content":{"rendered":"<h1>\u00c0rea per a Particulars<\/h1>\n<p>Uneix-te al viatge de la <em>e-mobility<em><\/em><\/em><\/p>\n<p><em><em>                      <img decoding=\"async\" src=\"https:\/\/v2charge.com\/wp-content\/uploads\/2022\/10\/v2c-store.jpg\" alt=\"img\"><\/p>\n<h2>Compra el teu<br \/>\ne-Charger a V2C Store<\/h2>\n<p>Accedeix a la Store oficial de V2C per adquirir un e-Charger intel\u00b7ligent i innovador. Personalitza&#8217;l segons les teves necessitats i rep-lo en 24\/48 hores.<\/p>\n<p><a href=\"https:\/\/v2charge.com\/store\/es\/\" target=\"_blank\" rel=\"noopener\">M\u00e9s informaci\u00f3<\/a><br \/>\n<img decoding=\"async\" src=\"https:\/\/v2charge.com\/wp-content\/uploads\/2022\/10\/recursos-v2c.jpg\" alt=\"img\"><\/p>\n<h2>Consulta tots els recursos<\/h2>\n<p>Vols con\u00e8ixer tots els detalls d&#8217;un e-Charger? Consulta aqu\u00ed els cat\u00e0legs, fitxes t\u00e8cniques, manuals d&#8217;usuari i les \u00faltimes actualitzacions de cada carregador.<\/p>\n<p><a href=\"\/ca\/recursos-per-a-particulars\/\" target=\"_self\" rel=\"noopener\">M\u00e9s informaci\u00f3<\/a><br \/>\n<img decoding=\"async\" src=\"https:\/\/v2charge.com\/wp-content\/uploads\/2022\/10\/comunidad-v2c.png\" alt=\"img\"><\/p>\n<h2>Forma part de la Comunitat V2C<\/h2>\n<p>El viatge de l&#8217;e-mobility \u00e9s tot un moviment: el d&#8217;una comunitat que neix a Val\u00e8ncia i que es dirigeix a la resta del m\u00f3n. Ens acompanyes?<\/p>\n<p><a href=\"\/ca\/comunitat\/\" target=\"_self\" rel=\"noopener\">M\u00e9s informaci\u00f3<\/a><br \/>\n<img decoding=\"async\" src=\"https:\/\/v2charge.com\/wp-content\/uploads\/2022\/10\/instaladores-v2c.jpg\" alt=\"img\"><\/p>\n<h2>Troba el teu instal\u00b7ladors autoritzat<\/h2>\n<p>Sol\u00b7licita la instal\u00b7laci\u00f3 d&#8217;un e-Charger V2C. Posem a la teva disposici\u00f3 una \u00e0mplia xarxa d&#8217;instal\u00b7ladors qualificats.<\/p>\n<p><a href=\"\/ca\/troba-instalador\/\" target=\"_self\" rel=\"noopener\">M\u00e9s informaci\u00f3<\/a><\/p>\n<p><\/em><\/em><\/p>\n","protected":false},"excerpt":{"rendered":"<p>\u00c0rea per a Particulars Uneix-te al viatge de la e-mobility Compra el teu e-Charger a V2C Store Accedeix a la Store oficial de V2C per adquirir un e-Charger intel\u00b7ligent i innovador. Personalitza&#8217;l segons les teves necessitats i rep-lo en 24\/48 hores. M\u00e9s informaci\u00f3 Consulta tots els recursos Vols con\u00e8ixer tots els detalls d&#8217;un e-Charger? Consulta &#8230; <a title=\"Particulars\" class=\"read-more\" href=\"https:\/\/v2charge.com\/ca\/particulars\/\" aria-label=\"M\u00e9s informaci\u00f3 sobre Particulars\">Llegiu m\u00e9s<\/a><\/p>\n","protected":false},"author":1,"featured_media":170354,"parent":0,"menu_order":0,"comment_status":"closed","ping_status":"closed","template":"elementor_header_footer","meta":{"_eb_attr":"","content-type":"","_uag_custom_page_level_css":"","footnotes":""},"class_list":["post-309890","page","type-page","status-publish","has-post-thumbnail"],"yoast_head":"<!-- This site is optimized with the Yoast SEO plugin v25.3.1 - https:\/\/yoast.com\/wordpress\/plugins\/seo\/ -->\n<title>\u00c0rea Particulars \u25b7 Botiga Online + Recursos | V2C<\/title>\n<meta name=\"description\" content=\"Consulta la botiga en l\u00ednia de V2C i tots els recursos a l&#039;\u00e0rea per a particulars. Troba el millor carregador per al teu cotxe el\u00e8ctric. \u2705\" \/>\n<meta name=\"robots\" content=\"index, follow, max-snippet:-1, max-image-preview:large, max-video-preview:-1\" \/>\n<link rel=\"canonical\" href=\"https:\/\/v2charge.com\/ca\/particulars\/\" \/>\n<meta property=\"og:locale\" content=\"ca_ES\" \/>\n<meta property=\"og:type\" content=\"article\" \/>\n<meta property=\"og:title\" content=\"\u00c0rea Particulars \u25b7 Botiga Online + Recursos | V2C\" \/>\n<meta property=\"og:description\" content=\"Consulta la botiga en l\u00ednia de V2C i tots els recursos a l&#039;\u00e0rea per a particulars. Troba el millor carregador per al teu cotxe el\u00e8ctric. \u2705\" \/>\n<meta property=\"og:url\" content=\"https:\/\/v2charge.com\/ca\/particulars\/\" \/>\n<meta property=\"og:site_name\" content=\"V2C\" \/>\n<meta property=\"article:publisher\" content=\"https:\/\/www.facebook.com\/V2C.Charge\" \/>\n<meta property=\"article:modified_time\" content=\"2023-05-03T13:26:49+00:00\" \/>\n<meta property=\"og:image\" content=\"https:\/\/v2charge.com\/wp-content\/uploads\/2024\/07\/v2c-electric-chargers.jpg\" \/>\n\t<meta property=\"og:image:width\" content=\"1200\" \/>\n\t<meta property=\"og:image:height\" content=\"675\" \/>\n\t<meta property=\"og:image:type\" content=\"image\/jpeg\" \/>\n<meta name=\"twitter:card\" content=\"summary_large_image\" \/>\n<meta name=\"twitter:site\" content=\"@V2C_Charge\" \/>\n<meta name=\"twitter:label1\" content=\"Temps estimat de lectura\" \/>\n\t<meta name=\"twitter:data1\" content=\"2 minuts\" \/>\n<script type=\"application\/ld+json\" class=\"yoast-schema-graph\">{\"@context\":\"https:\/\/schema.org\",\"@graph\":[{\"@type\":\"WebPage\",\"@id\":\"https:\/\/v2charge.com\/ca\/particulars\/\",\"url\":\"https:\/\/v2charge.com\/ca\/particulars\/\",\"name\":\"\u00c0rea Particulars \u25b7 Botiga Online + Recursos | V2C\",\"isPartOf\":{\"@id\":\"https:\/\/v2charge.com\/ca\/#website\"},\"primaryImageOfPage\":{\"@id\":\"https:\/\/v2charge.com\/ca\/particulars\/#primaryimage\"},\"image\":{\"@id\":\"https:\/\/v2charge.com\/ca\/particulars\/#primaryimage\"},\"thumbnailUrl\":\"https:\/\/v2charge.com\/wp-content\/uploads\/2024\/07\/v2c-electric-chargers.jpg\",\"datePublished\":\"2022-11-18T07:03:45+00:00\",\"dateModified\":\"2023-05-03T13:26:49+00:00\",\"description\":\"Consulta la botiga en l\u00ednia de V2C i tots els recursos a l'\u00e0rea per a particulars. Troba el millor carregador per al teu cotxe el\u00e8ctric. \u2705\",\"breadcrumb\":{\"@id\":\"https:\/\/v2charge.com\/ca\/particulars\/#breadcrumb\"},\"inLanguage\":\"ca\",\"potentialAction\":[{\"@type\":\"ReadAction\",\"target\":[\"https:\/\/v2charge.com\/ca\/particulars\/\"]}]},{\"@type\":\"ImageObject\",\"inLanguage\":\"ca\",\"@id\":\"https:\/\/v2charge.com\/ca\/particulars\/#primaryimage\",\"url\":\"https:\/\/v2charge.com\/wp-content\/uploads\/2024\/07\/v2c-electric-chargers.jpg\",\"contentUrl\":\"https:\/\/v2charge.com\/wp-content\/uploads\/2024\/07\/v2c-electric-chargers.jpg\",\"width\":1200,\"height\":675,\"caption\":\"V2C Electric Chargers\"},{\"@type\":\"BreadcrumbList\",\"@id\":\"https:\/\/v2charge.com\/ca\/particulars\/#breadcrumb\",\"itemListElement\":[{\"@type\":\"ListItem\",\"position\":1,\"name\":\"V2C\",\"item\":\"https:\/\/v2charge.com\/ca\/\"},{\"@type\":\"ListItem\",\"position\":2,\"name\":\"Particulars\"}]},{\"@type\":\"WebSite\",\"@id\":\"https:\/\/v2charge.com\/ca\/#website\",\"url\":\"https:\/\/v2charge.com\/ca\/\",\"name\":\"V2C\",\"description\":\"#CargandoElMa\u00f1ana\",\"publisher\":{\"@id\":\"https:\/\/v2charge.com\/ca\/#organization\"},\"potentialAction\":[{\"@type\":\"SearchAction\",\"target\":{\"@type\":\"EntryPoint\",\"urlTemplate\":\"https:\/\/v2charge.com\/ca\/?s={search_term_string}\"},\"query-input\":{\"@type\":\"PropertyValueSpecification\",\"valueRequired\":true,\"valueName\":\"search_term_string\"}}],\"inLanguage\":\"ca\"},{\"@type\":\"Organization\",\"@id\":\"https:\/\/v2charge.com\/ca\/#organization\",\"name\":\"V2C\",\"url\":\"https:\/\/v2charge.com\/ca\/\",\"logo\":{\"@type\":\"ImageObject\",\"inLanguage\":\"ca\",\"@id\":\"https:\/\/v2charge.com\/ca\/#\/schema\/logo\/image\/\",\"url\":\"https:\/\/v2charge.com\/wp-content\/uploads\/2024\/11\/cropped-v2c-charge-logo-menu.png\",\"contentUrl\":\"https:\/\/v2charge.com\/wp-content\/uploads\/2024\/11\/cropped-v2c-charge-logo-menu.png\",\"width\":984,\"height\":431,\"caption\":\"V2C\"},\"image\":{\"@id\":\"https:\/\/v2charge.com\/ca\/#\/schema\/logo\/image\/\"},\"sameAs\":[\"https:\/\/www.facebook.com\/V2C.Charge\",\"https:\/\/x.com\/V2C_Charge\",\"https:\/\/www.instagram.com\/v2c.charge\/\",\"https:\/\/www.youtube.com\/@V2C\",\"https:\/\/www.linkedin.com\/company\/v2c-chargers\/\"]}]}<\/script>\n<!-- \/ Yoast SEO plugin. -->","yoast_head_json":{"title":"\u00c0rea Particulars \u25b7 Botiga Online + Recursos | V2C","description":"Consulta la botiga en l\u00ednia de V2C i tots els recursos a l'\u00e0rea per a particulars. Troba el millor carregador per al teu cotxe el\u00e8ctric. \u2705","robots":{"index":"index","follow":"follow","max-snippet":"max-snippet:-1","max-image-preview":"max-image-preview:large","max-video-preview":"max-video-preview:-1"},"canonical":"https:\/\/v2charge.com\/ca\/particulars\/","og_locale":"ca_ES","og_type":"article","og_title":"\u00c0rea Particulars \u25b7 Botiga Online + Recursos | V2C","og_description":"Consulta la botiga en l\u00ednia de V2C i tots els recursos a l'\u00e0rea per a particulars. Troba el millor carregador per al teu cotxe el\u00e8ctric. \u2705","og_url":"https:\/\/v2charge.com\/ca\/particulars\/","og_site_name":"V2C","article_publisher":"https:\/\/www.facebook.com\/V2C.Charge","article_modified_time":"2023-05-03T13:26:49+00:00","og_image":[{"width":1200,"height":675,"url":"https:\/\/v2charge.com\/wp-content\/uploads\/2024\/07\/v2c-electric-chargers.jpg","type":"image\/jpeg"}],"twitter_card":"summary_large_image","twitter_site":"@V2C_Charge","twitter_misc":{"Temps estimat de lectura":"2 minuts"},"schema":{"@context":"https:\/\/schema.org","@graph":[{"@type":"WebPage","@id":"https:\/\/v2charge.com\/ca\/particulars\/","url":"https:\/\/v2charge.com\/ca\/particulars\/","name":"\u00c0rea Particulars \u25b7 Botiga Online + Recursos | V2C","isPartOf":{"@id":"https:\/\/v2charge.com\/ca\/#website"},"primaryImageOfPage":{"@id":"https:\/\/v2charge.com\/ca\/particulars\/#primaryimage"},"image":{"@id":"https:\/\/v2charge.com\/ca\/particulars\/#primaryimage"},"thumbnailUrl":"https:\/\/v2charge.com\/wp-content\/uploads\/2024\/07\/v2c-electric-chargers.jpg","datePublished":"2022-11-18T07:03:45+00:00","dateModified":"2023-05-03T13:26:49+00:00","description":"Consulta la botiga en l\u00ednia de V2C i tots els recursos a l'\u00e0rea per a particulars. Troba el millor carregador per al teu cotxe el\u00e8ctric. \u2705","breadcrumb":{"@id":"https:\/\/v2charge.com\/ca\/particulars\/#breadcrumb"},"inLanguage":"ca","potentialAction":[{"@type":"ReadAction","target":["https:\/\/v2charge.com\/ca\/particulars\/"]}]},{"@type":"ImageObject","inLanguage":"ca","@id":"https:\/\/v2charge.com\/ca\/particulars\/#primaryimage","url":"https:\/\/v2charge.com\/wp-content\/uploads\/2024\/07\/v2c-electric-chargers.jpg","contentUrl":"https:\/\/v2charge.com\/wp-content\/uploads\/2024\/07\/v2c-electric-chargers.jpg","width":1200,"height":675,"caption":"V2C Electric Chargers"},{"@type":"BreadcrumbList","@id":"https:\/\/v2charge.com\/ca\/particulars\/#breadcrumb","itemListElement":[{"@type":"ListItem","position":1,"name":"V2C","item":"https:\/\/v2charge.com\/ca\/"},{"@type":"ListItem","position":2,"name":"Particulars"}]},{"@type":"WebSite","@id":"https:\/\/v2charge.com\/ca\/#website","url":"https:\/\/v2charge.com\/ca\/","name":"V2C","description":"#CargandoElMa\u00f1ana","publisher":{"@id":"https:\/\/v2charge.com\/ca\/#organization"},"potentialAction":[{"@type":"SearchAction","target":{"@type":"EntryPoint","urlTemplate":"https:\/\/v2charge.com\/ca\/?s={search_term_string}"},"query-input":{"@type":"PropertyValueSpecification","valueRequired":true,"valueName":"search_term_string"}}],"inLanguage":"ca"},{"@type":"Organization","@id":"https:\/\/v2charge.com\/ca\/#organization","name":"V2C","url":"https:\/\/v2charge.com\/ca\/","logo":{"@type":"ImageObject","inLanguage":"ca","@id":"https:\/\/v2charge.com\/ca\/#\/schema\/logo\/image\/","url":"https:\/\/v2charge.com\/wp-content\/uploads\/2024\/11\/cropped-v2c-charge-logo-menu.png","contentUrl":"https:\/\/v2charge.com\/wp-content\/uploads\/2024\/11\/cropped-v2c-charge-logo-menu.png","width":984,"height":431,"caption":"V2C"},"image":{"@id":"https:\/\/v2charge.com\/ca\/#\/schema\/logo\/image\/"},"sameAs":["https:\/\/www.facebook.com\/V2C.Charge","https:\/\/x.com\/V2C_Charge","https:\/\/www.instagram.com\/v2c.charge\/","https:\/\/www.youtube.com\/@V2C","https:\/\/www.linkedin.com\/company\/v2c-chargers\/"]}]}},"uagb_featured_image_src":{"full":["https:\/\/v2charge.com\/wp-content\/uploads\/2024\/07\/v2c-electric-chargers.jpg",1200,675,false],"thumbnail":["https:\/\/v2charge.com\/wp-content\/uploads\/2024\/07\/v2c-electric-chargers-150x150.jpg",150,150,true],"medium":["https:\/\/v2charge.com\/wp-content\/uploads\/2024\/07\/v2c-electric-chargers-300x169.jpg",300,169,true],"medium_large":["https:\/\/v2charge.com\/wp-content\/uploads\/2024\/07\/v2c-electric-chargers-768x432.jpg",768,432,true],"large":["https:\/\/v2charge.com\/wp-content\/uploads\/2024\/07\/v2c-electric-chargers-1024x576.jpg",1024,576,true],"gs-tiny":["https:\/\/v2charge.com\/wp-content\/uploads\/2024\/07\/v2c-electric-chargers.jpg",50,28,false],"xl":["https:\/\/v2charge.com\/wp-content\/uploads\/2024\/07\/v2c-electric-chargers.jpg",1200,675,false],"xxl":["https:\/\/v2charge.com\/wp-content\/uploads\/2024\/07\/v2c-electric-chargers.jpg",1200,675,false],"xxxl":["https:\/\/v2charge.com\/wp-content\/uploads\/2024\/07\/v2c-electric-chargers.jpg",1200,675,false],"xxxxl":["https:\/\/v2charge.com\/wp-content\/uploads\/2024\/07\/v2c-electric-chargers.jpg",1200,675,false],"xxxxxl":["https:\/\/v2charge.com\/wp-content\/uploads\/2024\/07\/v2c-electric-chargers.jpg",1200,675,false],"1536x1536":["https:\/\/v2charge.com\/wp-content\/uploads\/2024\/07\/v2c-electric-chargers.jpg",1200,675,false],"2048x2048":["https:\/\/v2charge.com\/wp-content\/uploads\/2024\/07\/v2c-electric-chargers.jpg",1200,675,false]},"uagb_author_info":{"display_name":"V2C","author_link":"https:\/\/v2charge.com\/ca\/author\/root_k4eu7ki8\/"},"uagb_comment_info":0,"uagb_excerpt":"\u00c0rea per a Particulars Uneix-te al viatge de la e-mobility Compra el teu e-Charger a V2C Store Accedeix a la Store oficial de V2C per adquirir un e-Charger intel\u00b7ligent i innovador. Personalitza&#8217;l segons les teves necessitats i rep-lo en 24\/48 hores. M\u00e9s informaci\u00f3 Consulta tots els recursos Vols con\u00e8ixer tots els detalls d&#8217;un e-Charger? Consulta&hellip;","_links":{"self":[{"href":"https:\/\/v2charge.com\/ca\/wp-json\/wp\/v2\/pages\/309890","targetHints":{"allow":["GET"]}}],"collection":[{"href":"https:\/\/v2charge.com\/ca\/wp-json\/wp\/v2\/pages"}],"about":[{"href":"https:\/\/v2charge.com\/ca\/wp-json\/wp\/v2\/types\/page"}],"author":[{"embeddable":true,"href":"https:\/\/v2charge.com\/ca\/wp-json\/wp\/v2\/users\/1"}],"replies":[{"embeddable":true,"href":"https:\/\/v2charge.com\/ca\/wp-json\/wp\/v2\/comments?post=309890"}],"version-history":[{"count":0,"href":"https:\/\/v2charge.com\/ca\/wp-json\/wp\/v2\/pages\/309890\/revisions"}],"wp:featuredmedia":[{"embeddable":true,"href":"https:\/\/v2charge.com\/ca\/wp-json\/wp\/v2\/media\/170354"}],"wp:attachment":[{"href":"https:\/\/v2charge.com\/ca\/wp-json\/wp\/v2\/media?parent=309890"}],"curies":[{"name":"wp","href":"https:\/\/api.w.org\/{rel}","templated":true}]}}