{"id":309897,"date":"2022-11-07T12:57:29","date_gmt":"2022-11-07T12:57:29","guid":{"rendered":""},"modified":"2023-08-22T11:04:40","modified_gmt":"2023-08-22T11:04:40","slug":"recursos-per-a-particulars","status":"publish","type":"page","link":"https:\/\/v2charge.com\/ca\/recursos-per-a-particulars\/","title":{"rendered":"Recursos per a particulars"},"content":{"rendered":"\n<div class=\"wp-block-uagb-container uagb-block-91400f9d alignfull uagb-is-root-container\"><div class=\"uagb-container-inner-blocks-wrap\"><div class=\"wp-block-uagb-advanced-heading uagb-block-83a1a571\"><h1 class=\"uagb-heading-text\">Recursos per a particulars<\/h1><\/div>\n\n<div class=\"wp-block-uagb-advanced-heading uagb-block-1cbd29b8\"><p class=\"uagb-heading-text\">Consulta els cat\u00e0legs, fitxes t\u00e8cniques i actualitzacions dels e-Chargers.&nbsp;<\/p><\/div><\/div><\/div>\n\n\n\n<div class=\"wp-block-uagb-container uagb-block-56cde93e alignfull uagb-is-root-container\"><div class=\"uagb-container-inner-blocks-wrap\">\n<div class=\"wp-block-uagb-container uagb-block-7b73b0c5\"><div class=\"wp-block-uagb-advanced-heading uagb-block-4b236b2b\"><h2 class=\"uagb-heading-text\">Trydan<\/h2><\/div>\n\n\n<div class=\"wp-block-uagb-image aligncenter uagb-block-354a5b2d wp-block-uagb-image--layout-default wp-block-uagb-image--effect-static wp-block-uagb-image--align-center\"><figure class=\"wp-block-uagb-image__figure\"><img decoding=\"async\" srcset=\"https:\/\/v2charge.com\/wp-content\/uploads\/2022\/11\/Cargador-Trydan.png , https:\/\/v2charge.com\/wp-content\/uploads\/2022\/11\/Cargador-Trydan.png 360w\" sizes=\"auto, (max-width: 480px) 150px\" src=\"https:\/\/v2charge.com\/wp-content\/uploads\/2022\/11\/Cargador-Trydan.png\" alt=\"Cargador Trydan con manguera lisa\" class=\"uag-image-88908\" width=\"248\" height=\"266\" title=\"\" loading=\"lazy\"\/><\/figure><\/div>\n\n\n\n<ul class=\"has-contrast-2-color has-text-color wp-block-list\" style=\"font-size:18px\"><li><a title=\"Cat\u00e0leg\" href=\"https:\/\/v2charge.com\/wp-content\/uploads\/2023\/04\/catalogo-trydan-v2c.pdf\">Cat\u00e0leg<\/a><br><\/li>\n\n<li><a href=\"https:\/\/v2charge.com\/wp-content\/uploads\/2023\/04\/ficha-tecnica-trydan.pdf\" title=\"ficha t\u00e8cnica trydan\">Ficha t\u00e8cnica<\/a><br><\/li>\n\n<li><a href=\"https:\/\/v2charge.com\/ca\/actualitzacions-trydan\/\" title=\"actualitzacions trydan\">Actualitzacions<\/a><br><\/li>\n\n<li><a href=\"https:\/\/drive.google.com\/uc?id=1cnL8ogEkXqhikhmc3nuV2ERfcPPP-o6h&amp;export=download\">Manual d&#8217;usuari<\/a><br><\/li><\/ul>\n<\/div>\n\n\n\n<div class=\"wp-block-uagb-container uagb-block-953cbebd\"><div class=\"wp-block-uagb-advanced-heading uagb-block-4fd69fa7\"><h2 class=\"uagb-heading-text\">Pole Pro<\/h2><\/div>\n\n\n<div class=\"wp-block-uagb-image aligncenter uagb-block-1b5d9269 wp-block-uagb-image--layout-default wp-block-uagb-image--effect-static wp-block-uagb-image--align-center\"><figure class=\"wp-block-uagb-image__figure\"><img decoding=\"async\" srcset=\"https:\/\/v2charge.com\/wp-content\/uploads\/2023\/06\/pole-pro-echarger.png \" sizes=\"auto, (max-width: 480px) 150px\" src=\"https:\/\/v2charge.com\/wp-content\/uploads\/2023\/06\/pole-pro-echarger.png\" alt=\"cargador el\u00e9ctrico urbano pared suelo\" class=\"uag-image-107359\" width=\"215\" height=\"268\" title=\"\" loading=\"lazy\"\/><\/figure><\/div>\n\n\n\n<ul class=\"has-contrast-2-color has-text-color wp-block-list\" style=\"font-size:18px\"><li><a title=\"cat\u00e0leg\" href=\"https:\/\/v2charge.com\/wp-content\/uploads\/2023\/04\/catalogo-pole-v2c.pdf\">Cat\u00e0leg<\/a><br><\/li>\n\n<li><a href=\"https:\/\/v2charge.com\/wp-content\/uploads\/2023\/04\/ficha-tecnica-pole.pdf\" title=\"ficha t\u00e8cnica pole pro\">Fitxa t\u00e8cnica<\/a><br><\/li>\n\n<li><a href=\"https:\/\/v2charge.com\/ca\/actualitzacions-pole\/\" title=\"actualizaciones pole pro\">Actualitzacions<\/a><br><\/li>\n\n<li><a href=\"https:\/\/drive.google.com\/uc?id=1oW-1eM5EMwyD1SQtD_0-UlYlbi1w8zVi&amp;export=download\">Manual d&#8217;usuari<\/a><br><\/li><\/ul>\n<\/div>\n\n\n\n<div class=\"wp-block-uagb-container uagb-block-f645cb97\"><div class=\"wp-block-uagb-advanced-heading uagb-block-66a88673\"><h2 class=\"uagb-heading-text\">Screen<\/h2><\/div>\n\n\n<div class=\"wp-block-uagb-image aligncenter uagb-block-e6ae8b80 wp-block-uagb-image--layout-default wp-block-uagb-image--effect-static wp-block-uagb-image--align-center\"><figure class=\"wp-block-uagb-image__figure\"><img decoding=\"async\" srcset=\"https:\/\/v2charge.com\/wp-content\/uploads\/2022\/11\/screen-2sockets.png \" sizes=\"auto, (max-width: 480px) 150px\" src=\"https:\/\/v2charge.com\/wp-content\/uploads\/2022\/11\/screen-2sockets.png\" alt=\"Screen con dos sockets\" class=\"uag-image-87177\" width=\"255\" height=\"268\" title=\"\" loading=\"lazy\"\/><\/figure><\/div>\n\n\n\n<ul class=\"has-contrast-2-color has-text-color wp-block-list\" style=\"font-size:18px\"><li><a title=\"cat\u00e0leg\" href=\"https:\/\/v2charge.com\/wp-content\/uploads\/2023\/04\/catalogo-screen-v2c.pdf\">Cat\u00e0leg<\/a><br><\/li>\n\n<li><a href=\"https:\/\/v2charge.com\/wp-content\/uploads\/2023\/04\/ficha-tecnica-screen.pdf\" title=\"ficha t\u00e8cnica screen\">Fitxa t\u00e8cnica<\/a><br><\/li>\n\n<li><a href=\"https:\/\/v2charge.com\/ca\/actualitzacions-screen\/\" title=\"actualizaciones screen\">Actualitzacions<\/a><br><\/li><\/ul>\n<\/div>\n\n\n\n<div class=\"wp-block-uagb-container uagb-block-d7660967\"><div class=\"wp-block-uagb-advanced-heading uagb-block-66fb9113\"><h2 class=\"uagb-heading-text\">EV Portable<\/h2><\/div>\n\n\n<div class=\"wp-block-uagb-image aligncenter uagb-block-dda600b1 wp-block-uagb-image--layout-default wp-block-uagb-image--effect-static wp-block-uagb-image--align-center\"><figure class=\"wp-block-uagb-image__figure\"><img decoding=\"async\" srcset=\"https:\/\/v2charge.com\/wp-content\/uploads\/2022\/11\/Cargador-EVPortable.png \" sizes=\"auto, (max-width: 480px) 150px\" src=\"https:\/\/v2charge.com\/wp-content\/uploads\/2022\/11\/Cargador-EVPortable.png\" alt=\"\" class=\"uag-image-88930\" width=\"303\" height=\"268\" title=\"\" loading=\"lazy\"\/><\/figure><\/div>\n\n\n\n<ul class=\"has-contrast-2-color has-text-color wp-block-list\" style=\"font-size:18px\"><li><a title=\"cat\u00e0leg\" href=\"https:\/\/v2charge.com\/wp-content\/uploads\/2023\/04\/catalogo-ev-portable-v2c.pdf\">Cat\u00e0leg<\/a><br><\/li>\n\n<li><a href=\"https:\/\/v2charge.com\/wp-content\/uploads\/2023\/04\/ficha-tecnica-ev-portable.pdf\" title=\"ficha t\u00e8cnica ev portable\">Ficha t\u00e8cnica<\/a><br><\/li>\n\n<li><a href=\"https:\/\/v2charge.com\/wp-content\/uploads\/2023\/04\/manual-ev-portable.pdf\" title=\"manual d'usuari ev portable\">Manual d&#8217;usuari<\/a><br><\/li><\/ul>\n<\/div>\n<\/div><\/div>\n\n\n\n<div class=\"wp-block-uagb-container uagb-block-bcd30c20 alignfull uagb-is-root-container\"><div class=\"uagb-container-inner-blocks-wrap\"><div class=\"wp-block-uagb-advanced-heading uagb-block-a513deb8\"><h2 class=\"uagb-heading-text\">Necessites suport t\u00e8cnic?<\/h2><\/div>\n\n<div class=\"wp-block-uagb-advanced-heading uagb-block-9757acab\"><p class=\"uagb-heading-text\">Accedeix a l&#8217;\u00c0rea de Suport per consultar tota la informaci\u00f3 t\u00e8cnica dels e-Chargers.<\/p><\/div>\n\n\n<div class=\"wp-block-uagb-buttons uagb-buttons__outer-wrap uagb-btn__default-btn uagb-btn-tablet__default-btn uagb-btn-mobile__default-btn uagb-block-860f1a79\"><div class=\"uagb-buttons__wrap uagb-buttons-layout-wrap\"><div class=\"wp-block-uagb-buttons-child uagb-buttons__outer-wrap uagb-block-4e638b7f wp-block-button\"><div class=\"uagb-button__wrapper\"><a class=\"uagb-buttons-repeater wp-block-button__link\" href=\"https:\/\/v2charge.com\/ca\/area-de-suport\/\" onclick=\"return true;\" rel=\"follow noopener\" target=\"_self\"><div class=\"uagb-button__link\">Accedir<\/div><\/a><\/div><\/div><\/div><\/div>\n<\/div><\/div>\n","protected":false},"excerpt":{"rendered":"<p>Recursos per a particulars Consulta els cat\u00e0legs, fitxes t\u00e8cniques i actualitzacions dels e-Chargers.&nbsp; Trydan Pole Pro Screen EV Portable Necessites suport t\u00e8cnic? Accedeix a l&#8217;\u00c0rea de Suport per consultar tota la informaci\u00f3 t\u00e8cnica dels e-Chargers.<\/p>\n","protected":false},"author":1,"featured_media":170354,"parent":0,"menu_order":0,"comment_status":"closed","ping_status":"closed","template":"","meta":{"_eb_attr":"","content-type":"","_uag_custom_page_level_css":"","footnotes":""},"class_list":["post-309897","page","type-page","status-publish","has-post-thumbnail"],"yoast_head":"<!-- This site is optimized with the Yoast SEO plugin v25.3.1 - https:\/\/yoast.com\/wordpress\/plugins\/seo\/ -->\n<title>\u25b7 Recursos per a Particulars: Consulta tota la info | V2C \u00ae<\/title>\n<meta name=\"description\" content=\"Consulta els recursos per a particulars m\u00e9s freq\u00fcents: les fitxes t\u00e8cniques de tots els nostres e-chargers, \u00faltimes actualitzacions i manuals.\" \/>\n<meta name=\"robots\" content=\"index, follow, max-snippet:-1, max-image-preview:large, max-video-preview:-1\" \/>\n<link rel=\"canonical\" href=\"https:\/\/v2charge.com\/ca\/recursos-per-a-particulars\/\" \/>\n<meta property=\"og:locale\" content=\"ca_ES\" \/>\n<meta property=\"og:type\" content=\"article\" \/>\n<meta property=\"og:title\" content=\"\u25b7 Recursos per a Particulars: Consulta tota la info | V2C \u00ae\" \/>\n<meta property=\"og:description\" content=\"Consulta els recursos per a particulars m\u00e9s freq\u00fcents: les fitxes t\u00e8cniques de tots els nostres e-chargers, \u00faltimes actualitzacions i manuals.\" \/>\n<meta property=\"og:url\" content=\"https:\/\/v2charge.com\/ca\/recursos-per-a-particulars\/\" \/>\n<meta property=\"og:site_name\" content=\"V2C\" \/>\n<meta property=\"article:publisher\" content=\"https:\/\/www.facebook.com\/V2C.Charge\" \/>\n<meta property=\"article:modified_time\" content=\"2023-08-22T11:04:40+00:00\" \/>\n<meta property=\"og:image\" content=\"https:\/\/v2charge.com\/wp-content\/uploads\/2024\/07\/v2c-electric-chargers.jpg\" \/>\n\t<meta property=\"og:image:width\" content=\"1200\" \/>\n\t<meta property=\"og:image:height\" content=\"675\" \/>\n\t<meta property=\"og:image:type\" content=\"image\/jpeg\" \/>\n<meta name=\"twitter:card\" content=\"summary_large_image\" \/>\n<meta name=\"twitter:site\" content=\"@V2C_Charge\" \/>\n<meta name=\"twitter:label1\" content=\"Temps estimat de lectura\" \/>\n\t<meta name=\"twitter:data1\" content=\"2 minuts\" \/>\n<script type=\"application\/ld+json\" class=\"yoast-schema-graph\">{\"@context\":\"https:\/\/schema.org\",\"@graph\":[{\"@type\":\"WebPage\",\"@id\":\"https:\/\/v2charge.com\/ca\/recursos-per-a-particulars\/\",\"url\":\"https:\/\/v2charge.com\/ca\/recursos-per-a-particulars\/\",\"name\":\"\u25b7 Recursos per a Particulars: Consulta tota la info | V2C \u00ae\",\"isPartOf\":{\"@id\":\"https:\/\/v2charge.com\/ca\/#website\"},\"primaryImageOfPage\":{\"@id\":\"https:\/\/v2charge.com\/ca\/recursos-per-a-particulars\/#primaryimage\"},\"image\":{\"@id\":\"https:\/\/v2charge.com\/ca\/recursos-per-a-particulars\/#primaryimage\"},\"thumbnailUrl\":\"https:\/\/v2charge.com\/wp-content\/uploads\/2024\/07\/v2c-electric-chargers.jpg\",\"datePublished\":\"2022-11-07T12:57:29+00:00\",\"dateModified\":\"2023-08-22T11:04:40+00:00\",\"description\":\"Consulta els recursos per a particulars m\u00e9s freq\u00fcents: les fitxes t\u00e8cniques de tots els nostres e-chargers, \u00faltimes actualitzacions i manuals.\",\"breadcrumb\":{\"@id\":\"https:\/\/v2charge.com\/ca\/recursos-per-a-particulars\/#breadcrumb\"},\"inLanguage\":\"ca\",\"potentialAction\":[{\"@type\":\"ReadAction\",\"target\":[\"https:\/\/v2charge.com\/ca\/recursos-per-a-particulars\/\"]}]},{\"@type\":\"ImageObject\",\"inLanguage\":\"ca\",\"@id\":\"https:\/\/v2charge.com\/ca\/recursos-per-a-particulars\/#primaryimage\",\"url\":\"https:\/\/v2charge.com\/wp-content\/uploads\/2024\/07\/v2c-electric-chargers.jpg\",\"contentUrl\":\"https:\/\/v2charge.com\/wp-content\/uploads\/2024\/07\/v2c-electric-chargers.jpg\",\"width\":1200,\"height\":675,\"caption\":\"V2C Electric Chargers\"},{\"@type\":\"BreadcrumbList\",\"@id\":\"https:\/\/v2charge.com\/ca\/recursos-per-a-particulars\/#breadcrumb\",\"itemListElement\":[{\"@type\":\"ListItem\",\"position\":1,\"name\":\"V2C\",\"item\":\"https:\/\/v2charge.com\/ca\/\"},{\"@type\":\"ListItem\",\"position\":2,\"name\":\"Recursos per a particulars\"}]},{\"@type\":\"WebSite\",\"@id\":\"https:\/\/v2charge.com\/ca\/#website\",\"url\":\"https:\/\/v2charge.com\/ca\/\",\"name\":\"V2C\",\"description\":\"#CargandoElMa\u00f1ana\",\"publisher\":{\"@id\":\"https:\/\/v2charge.com\/ca\/#organization\"},\"potentialAction\":[{\"@type\":\"SearchAction\",\"target\":{\"@type\":\"EntryPoint\",\"urlTemplate\":\"https:\/\/v2charge.com\/ca\/?s={search_term_string}\"},\"query-input\":{\"@type\":\"PropertyValueSpecification\",\"valueRequired\":true,\"valueName\":\"search_term_string\"}}],\"inLanguage\":\"ca\"},{\"@type\":\"Organization\",\"@id\":\"https:\/\/v2charge.com\/ca\/#organization\",\"name\":\"V2C\",\"url\":\"https:\/\/v2charge.com\/ca\/\",\"logo\":{\"@type\":\"ImageObject\",\"inLanguage\":\"ca\",\"@id\":\"https:\/\/v2charge.com\/ca\/#\/schema\/logo\/image\/\",\"url\":\"https:\/\/v2charge.com\/wp-content\/uploads\/2024\/11\/cropped-v2c-charge-logo-menu.png\",\"contentUrl\":\"https:\/\/v2charge.com\/wp-content\/uploads\/2024\/11\/cropped-v2c-charge-logo-menu.png\",\"width\":984,\"height\":431,\"caption\":\"V2C\"},\"image\":{\"@id\":\"https:\/\/v2charge.com\/ca\/#\/schema\/logo\/image\/\"},\"sameAs\":[\"https:\/\/www.facebook.com\/V2C.Charge\",\"https:\/\/x.com\/V2C_Charge\",\"https:\/\/www.instagram.com\/v2c.charge\/\",\"https:\/\/www.youtube.com\/@V2C\",\"https:\/\/www.linkedin.com\/company\/v2c-chargers\/\"]}]}<\/script>\n<!-- \/ Yoast SEO plugin. -->","yoast_head_json":{"title":"\u25b7 Recursos per a Particulars: Consulta tota la info | V2C \u00ae","description":"Consulta els recursos per a particulars m\u00e9s freq\u00fcents: les fitxes t\u00e8cniques de tots els nostres e-chargers, \u00faltimes actualitzacions i manuals.","robots":{"index":"index","follow":"follow","max-snippet":"max-snippet:-1","max-image-preview":"max-image-preview:large","max-video-preview":"max-video-preview:-1"},"canonical":"https:\/\/v2charge.com\/ca\/recursos-per-a-particulars\/","og_locale":"ca_ES","og_type":"article","og_title":"\u25b7 Recursos per a Particulars: Consulta tota la info | V2C \u00ae","og_description":"Consulta els recursos per a particulars m\u00e9s freq\u00fcents: les fitxes t\u00e8cniques de tots els nostres e-chargers, \u00faltimes actualitzacions i manuals.","og_url":"https:\/\/v2charge.com\/ca\/recursos-per-a-particulars\/","og_site_name":"V2C","article_publisher":"https:\/\/www.facebook.com\/V2C.Charge","article_modified_time":"2023-08-22T11:04:40+00:00","og_image":[{"width":1200,"height":675,"url":"https:\/\/v2charge.com\/wp-content\/uploads\/2024\/07\/v2c-electric-chargers.jpg","type":"image\/jpeg"}],"twitter_card":"summary_large_image","twitter_site":"@V2C_Charge","twitter_misc":{"Temps estimat de lectura":"2 minuts"},"schema":{"@context":"https:\/\/schema.org","@graph":[{"@type":"WebPage","@id":"https:\/\/v2charge.com\/ca\/recursos-per-a-particulars\/","url":"https:\/\/v2charge.com\/ca\/recursos-per-a-particulars\/","name":"\u25b7 Recursos per a Particulars: Consulta tota la info | V2C \u00ae","isPartOf":{"@id":"https:\/\/v2charge.com\/ca\/#website"},"primaryImageOfPage":{"@id":"https:\/\/v2charge.com\/ca\/recursos-per-a-particulars\/#primaryimage"},"image":{"@id":"https:\/\/v2charge.com\/ca\/recursos-per-a-particulars\/#primaryimage"},"thumbnailUrl":"https:\/\/v2charge.com\/wp-content\/uploads\/2024\/07\/v2c-electric-chargers.jpg","datePublished":"2022-11-07T12:57:29+00:00","dateModified":"2023-08-22T11:04:40+00:00","description":"Consulta els recursos per a particulars m\u00e9s freq\u00fcents: les fitxes t\u00e8cniques de tots els nostres e-chargers, \u00faltimes actualitzacions i manuals.","breadcrumb":{"@id":"https:\/\/v2charge.com\/ca\/recursos-per-a-particulars\/#breadcrumb"},"inLanguage":"ca","potentialAction":[{"@type":"ReadAction","target":["https:\/\/v2charge.com\/ca\/recursos-per-a-particulars\/"]}]},{"@type":"ImageObject","inLanguage":"ca","@id":"https:\/\/v2charge.com\/ca\/recursos-per-a-particulars\/#primaryimage","url":"https:\/\/v2charge.com\/wp-content\/uploads\/2024\/07\/v2c-electric-chargers.jpg","contentUrl":"https:\/\/v2charge.com\/wp-content\/uploads\/2024\/07\/v2c-electric-chargers.jpg","width":1200,"height":675,"caption":"V2C Electric Chargers"},{"@type":"BreadcrumbList","@id":"https:\/\/v2charge.com\/ca\/recursos-per-a-particulars\/#breadcrumb","itemListElement":[{"@type":"ListItem","position":1,"name":"V2C","item":"https:\/\/v2charge.com\/ca\/"},{"@type":"ListItem","position":2,"name":"Recursos per a particulars"}]},{"@type":"WebSite","@id":"https:\/\/v2charge.com\/ca\/#website","url":"https:\/\/v2charge.com\/ca\/","name":"V2C","description":"#CargandoElMa\u00f1ana","publisher":{"@id":"https:\/\/v2charge.com\/ca\/#organization"},"potentialAction":[{"@type":"SearchAction","target":{"@type":"EntryPoint","urlTemplate":"https:\/\/v2charge.com\/ca\/?s={search_term_string}"},"query-input":{"@type":"PropertyValueSpecification","valueRequired":true,"valueName":"search_term_string"}}],"inLanguage":"ca"},{"@type":"Organization","@id":"https:\/\/v2charge.com\/ca\/#organization","name":"V2C","url":"https:\/\/v2charge.com\/ca\/","logo":{"@type":"ImageObject","inLanguage":"ca","@id":"https:\/\/v2charge.com\/ca\/#\/schema\/logo\/image\/","url":"https:\/\/v2charge.com\/wp-content\/uploads\/2024\/11\/cropped-v2c-charge-logo-menu.png","contentUrl":"https:\/\/v2charge.com\/wp-content\/uploads\/2024\/11\/cropped-v2c-charge-logo-menu.png","width":984,"height":431,"caption":"V2C"},"image":{"@id":"https:\/\/v2charge.com\/ca\/#\/schema\/logo\/image\/"},"sameAs":["https:\/\/www.facebook.com\/V2C.Charge","https:\/\/x.com\/V2C_Charge","https:\/\/www.instagram.com\/v2c.charge\/","https:\/\/www.youtube.com\/@V2C","https:\/\/www.linkedin.com\/company\/v2c-chargers\/"]}]}},"uagb_featured_image_src":{"full":["https:\/\/v2charge.com\/wp-content\/uploads\/2024\/07\/v2c-electric-chargers.jpg",1200,675,false],"thumbnail":["https:\/\/v2charge.com\/wp-content\/uploads\/2024\/07\/v2c-electric-chargers-150x150.jpg",150,150,true],"medium":["https:\/\/v2charge.com\/wp-content\/uploads\/2024\/07\/v2c-electric-chargers-300x169.jpg",300,169,true],"medium_large":["https:\/\/v2charge.com\/wp-content\/uploads\/2024\/07\/v2c-electric-chargers-768x432.jpg",768,432,true],"large":["https:\/\/v2charge.com\/wp-content\/uploads\/2024\/07\/v2c-electric-chargers-1024x576.jpg",1024,576,true],"gs-tiny":["https:\/\/v2charge.com\/wp-content\/uploads\/2024\/07\/v2c-electric-chargers.jpg",50,28,false],"xl":["https:\/\/v2charge.com\/wp-content\/uploads\/2024\/07\/v2c-electric-chargers.jpg",1200,675,false],"xxl":["https:\/\/v2charge.com\/wp-content\/uploads\/2024\/07\/v2c-electric-chargers.jpg",1200,675,false],"xxxl":["https:\/\/v2charge.com\/wp-content\/uploads\/2024\/07\/v2c-electric-chargers.jpg",1200,675,false],"xxxxl":["https:\/\/v2charge.com\/wp-content\/uploads\/2024\/07\/v2c-electric-chargers.jpg",1200,675,false],"xxxxxl":["https:\/\/v2charge.com\/wp-content\/uploads\/2024\/07\/v2c-electric-chargers.jpg",1200,675,false],"1536x1536":["https:\/\/v2charge.com\/wp-content\/uploads\/2024\/07\/v2c-electric-chargers.jpg",1200,675,false],"2048x2048":["https:\/\/v2charge.com\/wp-content\/uploads\/2024\/07\/v2c-electric-chargers.jpg",1200,675,false]},"uagb_author_info":{"display_name":"V2C","author_link":"https:\/\/v2charge.com\/ca\/author\/root_k4eu7ki8\/"},"uagb_comment_info":0,"uagb_excerpt":"Recursos per a particulars Consulta els cat\u00e0legs, fitxes t\u00e8cniques i actualitzacions dels e-Chargers.&nbsp; Trydan Pole Pro Screen EV Portable Necessites suport t\u00e8cnic? Accedeix a l&#8217;\u00c0rea de Suport per consultar tota la informaci\u00f3 t\u00e8cnica dels e-Chargers.","_links":{"self":[{"href":"https:\/\/v2charge.com\/ca\/wp-json\/wp\/v2\/pages\/309897","targetHints":{"allow":["GET"]}}],"collection":[{"href":"https:\/\/v2charge.com\/ca\/wp-json\/wp\/v2\/pages"}],"about":[{"href":"https:\/\/v2charge.com\/ca\/wp-json\/wp\/v2\/types\/page"}],"author":[{"embeddable":true,"href":"https:\/\/v2charge.com\/ca\/wp-json\/wp\/v2\/users\/1"}],"replies":[{"embeddable":true,"href":"https:\/\/v2charge.com\/ca\/wp-json\/wp\/v2\/comments?post=309897"}],"version-history":[{"count":0,"href":"https:\/\/v2charge.com\/ca\/wp-json\/wp\/v2\/pages\/309897\/revisions"}],"wp:featuredmedia":[{"embeddable":true,"href":"https:\/\/v2charge.com\/ca\/wp-json\/wp\/v2\/media\/170354"}],"wp:attachment":[{"href":"https:\/\/v2charge.com\/ca\/wp-json\/wp\/v2\/media?parent=309897"}],"curies":[{"name":"wp","href":"https:\/\/api.w.org\/{rel}","templated":true}]}}