{"id":309900,"date":"2022-11-21T14:47:31","date_gmt":"2022-11-21T14:47:31","guid":{"rendered":""},"modified":"2023-08-22T11:10:20","modified_gmt":"2023-08-22T11:10:20","slug":"recursos-per-a-professionals","status":"publish","type":"page","link":"https:\/\/v2charge.com\/ca\/recursos-per-a-professionals\/","title":{"rendered":"Recursos per a professionals"},"content":{"rendered":"\n<div class=\"wp-block-uagb-container uagb-block-7211df93 alignfull uagb-is-root-container\"><div class=\"uagb-container-inner-blocks-wrap\"><div class=\"wp-block-uagb-advanced-heading uagb-block-41e9a6b6\"><h1 class=\"uagb-heading-text\">Recursos per a professionals<\/h1><\/div>\n\n<div class=\"wp-block-uagb-advanced-heading uagb-block-08d99d7b\"><p class=\"uagb-heading-text\">Consulta els cat\u00e0legs, fitxes t\u00e8cniques i actualitzacions dels e-Chargers.&nbsp;<\/p><\/div><\/div><\/div>\n\n\n\n<div class=\"wp-block-uagb-container uagb-block-d2655a15 alignfull uagb-is-root-container\"><div class=\"uagb-container-inner-blocks-wrap\">\n<div class=\"wp-block-uagb-container uagb-block-64da30f4\"><div class=\"wp-block-uagb-advanced-heading uagb-block-c03634e5\"><h2 class=\"uagb-heading-text\">Trydan<\/h2><\/div>\n\n\n<div class=\"wp-block-uagb-image aligncenter uagb-block-389eccac wp-block-uagb-image--layout-default wp-block-uagb-image--effect-static wp-block-uagb-image--align-center\"><figure class=\"wp-block-uagb-image__figure\"><img decoding=\"async\" srcset=\"https:\/\/v2charge.com\/wp-content\/uploads\/2022\/11\/Cargador-Trydan.png \" sizes=\"auto, (max-width: 480px) 150px\" src=\"https:\/\/v2charge.com\/wp-content\/uploads\/2022\/11\/Cargador-Trydan.png\" alt=\"Cargador Trydan con manguera lisa\" class=\"uag-image-88908\" width=\"250\" height=\"268\" title=\"\" loading=\"lazy\"\/><\/figure><\/div>\n\n\n\n<ul class=\"has-contrast-2-color has-text-color wp-block-list\" style=\"font-size:18px\"><li><a title=\"Cat\u00e0leg\" href=\"https:\/\/v2charge.com\/wp-content\/uploads\/2023\/04\/catalogo-trydan-v2c.pdf\">Cat\u00e0leg<\/a><br><\/li>\n\n<li><a href=\"https:\/\/v2charge.com\/wp-content\/uploads\/2023\/04\/ficha-tecnica-trydan.pdf\" title=\"ficha t\u00e8cnica trydan\">Ficha t\u00e8cnica<\/a><br><\/li>\n\n<li><a href=\"https:\/\/v2charge.com\/ca\/actualitzacions-trydan\/\" title=\"actualizaciones trydan\">Actualitzacions<\/a><br><\/li>\n\n<li><a href=\"https:\/\/v2charge.com\/wp-content\/uploads\/2023\/04\/v2c-trydan-manual.pdf\" title=\"manual d'instal\u00b7laci\u00f3 trydan\">Manual d&#8217;instal\u00b7laci\u00f3<\/a><br><\/li><\/ul>\n<\/div>\n\n\n\n<div class=\"wp-block-uagb-container uagb-block-ce711a73\"><div class=\"wp-block-uagb-advanced-heading uagb-block-947f853c\"><h2 class=\"uagb-heading-text\">Pole Pro<\/h2><\/div>\n\n\n<div class=\"wp-block-uagb-image aligncenter uagb-block-fd96e2ee wp-block-uagb-image--layout-default wp-block-uagb-image--effect-static wp-block-uagb-image--align-center\"><figure class=\"wp-block-uagb-image__figure\"><img decoding=\"async\" srcset=\"https:\/\/v2charge.com\/wp-content\/uploads\/2023\/06\/pole-pro-echarger.png \" sizes=\"auto, (max-width: 480px) 150px\" src=\"https:\/\/v2charge.com\/wp-content\/uploads\/2023\/06\/pole-pro-echarger.png\" alt=\"cargador el\u00e9ctrico urbano pared suelo\" class=\"uag-image-107359\" width=\"215\" height=\"268\" title=\"\" loading=\"lazy\"\/><\/figure><\/div>\n\n\n\n<ul class=\"has-contrast-2-color has-text-color wp-block-list\" style=\"font-size:18px\"><li><a href=\"https:\/\/v2charge.com\/wp-content\/uploads\/2023\/04\/catalogo-pole-v2c.pdf\" title=\"cat\u00e0leg pole pro\">Cat\u00e0leg<\/a><br><\/li>\n\n<li>\n<a href=\"https:\/\/v2charge.com\/wp-content\/uploads\/2023\/04\/ficha-tecnica-pole.pdf\" title=\"ficha t\u00e8cnica pole pro\">Fitxa t\u00e8cnica<\/a><br><\/li>\n\n<li><a href=\"https:\/\/v2charge.com\/ca\/actualitzacions-pole\/\" title=\"actualizaciones pole pro\">Actualitzacions<\/a><br><\/li>\n\n<li><a href=\"https:\/\/v2charge.com\/wp-content\/uploads\/2023\/04\/manual-pole.pdf\" title=\"manual d'instal\u00b7laci\u00f3 pole pro\">Manual d&#8217;instal\u00b7laci\u00f3<\/a><br><\/li><\/ul>\n<\/div>\n\n\n\n<div class=\"wp-block-uagb-container uagb-block-1d8e9d7b\"><div class=\"wp-block-uagb-advanced-heading uagb-block-f1dfc7a6\"><h2 class=\"uagb-heading-text\">Screen<\/h2><\/div>\n\n\n<div class=\"wp-block-uagb-image aligncenter uagb-block-f801d556 wp-block-uagb-image--layout-default wp-block-uagb-image--effect-static wp-block-uagb-image--align-center\"><figure class=\"wp-block-uagb-image__figure\"><img decoding=\"async\" srcset=\"https:\/\/v2charge.com\/wp-content\/uploads\/2022\/11\/screen-2sockets.png , https:\/\/v2charge.com\/wp-content\/uploads\/2022\/11\/screen-2sockets.png 360w\" sizes=\"auto, (max-width: 480px) 150px\" src=\"https:\/\/v2charge.com\/wp-content\/uploads\/2022\/11\/screen-2sockets.png\" alt=\"Screen con dos sockets\" class=\"uag-image-87177\" width=\"255\" height=\"268\" title=\"\" loading=\"lazy\"\/><\/figure><\/div>\n\n\n\n<ul class=\"has-contrast-2-color has-text-color wp-block-list\" style=\"font-size:18px\"><li><a href=\"https:\/\/v2charge.com\/wp-content\/uploads\/2023\/04\/catalogo-screen-v2c.pdf\" title=\"cat\u00e0leg screen\">Cat\u00e0leg<\/a><br><\/li>\n\n<li><a href=\"https:\/\/v2charge.com\/wp-content\/uploads\/2023\/04\/ficha-tecnica-screen.pdf\" title=\"ficha t\u00e8cnica screen\">Fitxa t\u00e8cnica<\/a><br><\/li>\n\n<li><a href=\"https:\/\/v2charge.com\/ca\/actualitzacions-screen\/\" title=\"actualizaciones screen\">Actualitzacions<\/a><br><\/li>\n\n<li><a href=\"https:\/\/v2charge.com\/wp-content\/uploads\/2023\/04\/manual-screen.pdf\" title=\"manual d'instal\u00b7laci\u00f3 screen\">Manual d&#8217;instal\u00b7laci\u00f3<\/a><br><\/li><\/ul>\n<\/div>\n\n\n\n<div class=\"wp-block-uagb-container uagb-block-b75c1f11\"><div class=\"wp-block-uagb-advanced-heading uagb-block-4ef0d44e\"><h2 class=\"uagb-heading-text\">EV Portable<\/h2><\/div>\n\n\n<div class=\"wp-block-uagb-image aligncenter uagb-block-67cb099d wp-block-uagb-image--layout-default wp-block-uagb-image--effect-static wp-block-uagb-image--align-center\"><figure class=\"wp-block-uagb-image__figure\"><img decoding=\"async\" srcset=\"https:\/\/v2charge.com\/wp-content\/uploads\/2022\/11\/Cargador-EVPortable.png \" sizes=\"auto, (max-width: 480px) 150px\" src=\"https:\/\/v2charge.com\/wp-content\/uploads\/2022\/11\/Cargador-EVPortable.png\" alt=\"\" class=\"uag-image-88930\" width=\"303\" height=\"268\" title=\"\" loading=\"lazy\"\/><\/figure><\/div>\n\n\n\n<ul class=\"has-contrast-2-color has-text-color wp-block-list\" style=\"font-size:18px\"><li><a href=\"https:\/\/v2charge.com\/wp-content\/uploads\/2023\/04\/catalogo-ev-portable-v2c.pdf\" title=\"cat\u00e0leg ev portable\">Cat\u00e0leg<\/a><br><\/li>\n\n<li><a href=\"https:\/\/v2charge.com\/wp-content\/uploads\/2023\/04\/ficha-tecnica-ev-portable.pdf\" title=\"ficha t\u00e8cnica ev portable\">Fitxa t\u00e8cnica<\/a><br><\/li><\/ul>\n<\/div>\n<\/div><\/div>\n\n\n\n<div class=\"wp-block-uagb-container uagb-block-238ed3e0 alignfull uagb-is-root-container\"><div class=\"uagb-container-inner-blocks-wrap\">\n<div class=\"wp-block-uagb-container uagb-block-bd044709\">\n<div class=\"wp-block-uagb-container uagb-block-a68e2c5c\"><div class=\"wp-block-uagb-advanced-heading uagb-block-2aecff76\"><h2 class=\"uagb-heading-text\">Consulta tot el material gr\u00e0fic<\/h2><\/div>\n\n<p class=\"has-base-3-color has-text-color\">Posem a la teva disposici\u00f3 imatges, v\u00eddeos i m\u00e9s recursos gr\u00e0fics per a la seva utilitzaci\u00f3.<\/p><\/div>\n\n\n\n<div class=\"wp-block-uagb-container uagb-block-d179c2b2\">\n<div class=\"wp-block-uagb-buttons uagb-buttons__outer-wrap uagb-btn__default-btn uagb-btn-tablet__default-btn uagb-btn-mobile__default-btn uagb-block-120bc34a\"><div class=\"uagb-buttons__wrap uagb-buttons-layout-wrap\"><div class=\"wp-block-uagb-buttons-child uagb-buttons__outer-wrap uagb-block-a521b3bf wp-block-button\"><div class=\"uagb-button__wrapper\"><a class=\"uagb-buttons-repeater wp-block-button__link\" href=\"https:\/\/v2charge.com\/ca\/material-grafic\/\" onclick=\"return true;\" rel=\"follow noopener\" target=\"_self\"><div class=\"uagb-button__link\">Accedir<\/div><\/a><\/div><\/div><\/div><\/div>\n<\/div>\n<\/div>\n<\/div><\/div>\n\n\n\n<div class=\"wp-block-uagb-container uagb-block-dc97b37c alignfull uagb-is-root-container\"><div class=\"uagb-container-inner-blocks-wrap\"><div class=\"wp-block-uagb-advanced-heading uagb-block-11c4ae4d\"><h2 class=\"uagb-heading-text\">Necessites suport t\u00e8cnic?<\/h2><\/div>\n\n<div class=\"wp-block-uagb-advanced-heading uagb-block-e2e230b3\"><p class=\"uagb-heading-text\">Accede a l&#8217;\u00c0rea de Suport per consultar tota la informaci\u00f3 t\u00e8cnica dels e-Chargers.<\/p><\/div>\n\n\n<div class=\"wp-block-uagb-buttons uagb-buttons__outer-wrap uagb-btn__default-btn uagb-btn-tablet__default-btn uagb-btn-mobile__default-btn uagb-block-9ee2f79c\"><div class=\"uagb-buttons__wrap uagb-buttons-layout-wrap\"><div class=\"wp-block-uagb-buttons-child uagb-buttons__outer-wrap uagb-block-e3a84a91 wp-block-button\"><div class=\"uagb-button__wrapper\"><a class=\"uagb-buttons-repeater wp-block-button__link\" href=\"https:\/\/v2charge.com\/ca\/area-de-suport\/\" onclick=\"return true;\" rel=\"follow noopener\" target=\"_self\"><div class=\"uagb-button__link\">Accedir<\/div><\/a><\/div><\/div><\/div><\/div>\n<\/div><\/div>\n","protected":false},"excerpt":{"rendered":"<p>Recursos per a professionals Consulta els cat\u00e0legs, fitxes t\u00e8cniques i actualitzacions dels e-Chargers.&nbsp; Trydan Pole Pro Screen EV Portable Consulta tot el material gr\u00e0fic Posem a la teva disposici\u00f3 imatges, v\u00eddeos i m\u00e9s recursos gr\u00e0fics per a la seva utilitzaci\u00f3. Necessites suport t\u00e8cnic? Accede a l&#8217;\u00c0rea de Suport per consultar tota la informaci\u00f3 t\u00e8cnica dels &#8230; <a title=\"Recursos per a professionals\" class=\"read-more\" href=\"https:\/\/v2charge.com\/ca\/recursos-per-a-professionals\/\" aria-label=\"M\u00e9s informaci\u00f3 sobre Recursos per a professionals\">Llegiu m\u00e9s<\/a><\/p>\n","protected":false},"author":1,"featured_media":170354,"parent":0,"menu_order":0,"comment_status":"closed","ping_status":"closed","template":"","meta":{"_eb_attr":"","content-type":"","_uag_custom_page_level_css":"","footnotes":""},"class_list":["post-309900","page","type-page","status-publish","has-post-thumbnail"],"yoast_head":"<!-- This site is optimized with the Yoast SEO plugin v25.3.1 - https:\/\/yoast.com\/wordpress\/plugins\/seo\/ -->\n<title>Recursos per a Professionals [La Info que Necessites] | V2C \u00ae<\/title>\n<meta name=\"description\" content=\"Consulta tota la informaci\u00f3 que necessites a l&#039;\u00e0rea per a professionals.\u3010Cat\u00e0legs, fitxes t\u00e8cniques, manuals d&#039;instal\u00b7laci\u00f3 i material gr\u00e0fic\u3011.\" \/>\n<meta name=\"robots\" content=\"index, follow, max-snippet:-1, max-image-preview:large, max-video-preview:-1\" \/>\n<link rel=\"canonical\" href=\"https:\/\/v2charge.com\/ca\/recursos-per-a-professionals\/\" \/>\n<meta property=\"og:locale\" content=\"ca_ES\" \/>\n<meta property=\"og:type\" content=\"article\" \/>\n<meta property=\"og:title\" content=\"Recursos per a Professionals [La Info que Necessites] | V2C \u00ae\" \/>\n<meta property=\"og:description\" content=\"Consulta tota la informaci\u00f3 que necessites a l&#039;\u00e0rea per a professionals.\u3010Cat\u00e0legs, fitxes t\u00e8cniques, manuals d&#039;instal\u00b7laci\u00f3 i material gr\u00e0fic\u3011.\" \/>\n<meta property=\"og:url\" content=\"https:\/\/v2charge.com\/ca\/recursos-per-a-professionals\/\" \/>\n<meta property=\"og:site_name\" content=\"V2C\" \/>\n<meta property=\"article:publisher\" content=\"https:\/\/www.facebook.com\/V2C.Charge\" \/>\n<meta property=\"article:modified_time\" content=\"2023-08-22T11:10:20+00:00\" \/>\n<meta property=\"og:image\" content=\"https:\/\/v2charge.com\/wp-content\/uploads\/2024\/07\/v2c-electric-chargers.jpg\" \/>\n\t<meta property=\"og:image:width\" content=\"1200\" \/>\n\t<meta property=\"og:image:height\" content=\"675\" \/>\n\t<meta property=\"og:image:type\" content=\"image\/jpeg\" \/>\n<meta name=\"twitter:card\" content=\"summary_large_image\" \/>\n<meta name=\"twitter:site\" content=\"@V2C_Charge\" \/>\n<meta name=\"twitter:label1\" content=\"Temps estimat de lectura\" \/>\n\t<meta name=\"twitter:data1\" content=\"2 minuts\" \/>\n<script type=\"application\/ld+json\" class=\"yoast-schema-graph\">{\"@context\":\"https:\/\/schema.org\",\"@graph\":[{\"@type\":\"WebPage\",\"@id\":\"https:\/\/v2charge.com\/ca\/recursos-per-a-professionals\/\",\"url\":\"https:\/\/v2charge.com\/ca\/recursos-per-a-professionals\/\",\"name\":\"Recursos per a Professionals [La Info que Necessites] | V2C \u00ae\",\"isPartOf\":{\"@id\":\"https:\/\/v2charge.com\/ca\/#website\"},\"primaryImageOfPage\":{\"@id\":\"https:\/\/v2charge.com\/ca\/recursos-per-a-professionals\/#primaryimage\"},\"image\":{\"@id\":\"https:\/\/v2charge.com\/ca\/recursos-per-a-professionals\/#primaryimage\"},\"thumbnailUrl\":\"https:\/\/v2charge.com\/wp-content\/uploads\/2024\/07\/v2c-electric-chargers.jpg\",\"datePublished\":\"2022-11-21T14:47:31+00:00\",\"dateModified\":\"2023-08-22T11:10:20+00:00\",\"description\":\"Consulta tota la informaci\u00f3 que necessites a l'\u00e0rea per a professionals.\u3010Cat\u00e0legs, fitxes t\u00e8cniques, manuals d'instal\u00b7laci\u00f3 i material gr\u00e0fic\u3011.\",\"breadcrumb\":{\"@id\":\"https:\/\/v2charge.com\/ca\/recursos-per-a-professionals\/#breadcrumb\"},\"inLanguage\":\"ca\",\"potentialAction\":[{\"@type\":\"ReadAction\",\"target\":[\"https:\/\/v2charge.com\/ca\/recursos-per-a-professionals\/\"]}]},{\"@type\":\"ImageObject\",\"inLanguage\":\"ca\",\"@id\":\"https:\/\/v2charge.com\/ca\/recursos-per-a-professionals\/#primaryimage\",\"url\":\"https:\/\/v2charge.com\/wp-content\/uploads\/2024\/07\/v2c-electric-chargers.jpg\",\"contentUrl\":\"https:\/\/v2charge.com\/wp-content\/uploads\/2024\/07\/v2c-electric-chargers.jpg\",\"width\":1200,\"height\":675,\"caption\":\"V2C Electric Chargers\"},{\"@type\":\"BreadcrumbList\",\"@id\":\"https:\/\/v2charge.com\/ca\/recursos-per-a-professionals\/#breadcrumb\",\"itemListElement\":[{\"@type\":\"ListItem\",\"position\":1,\"name\":\"V2C\",\"item\":\"https:\/\/v2charge.com\/ca\/\"},{\"@type\":\"ListItem\",\"position\":2,\"name\":\"Recursos per a professionals\"}]},{\"@type\":\"WebSite\",\"@id\":\"https:\/\/v2charge.com\/ca\/#website\",\"url\":\"https:\/\/v2charge.com\/ca\/\",\"name\":\"V2C\",\"description\":\"#CargandoElMa\u00f1ana\",\"publisher\":{\"@id\":\"https:\/\/v2charge.com\/ca\/#organization\"},\"potentialAction\":[{\"@type\":\"SearchAction\",\"target\":{\"@type\":\"EntryPoint\",\"urlTemplate\":\"https:\/\/v2charge.com\/ca\/?s={search_term_string}\"},\"query-input\":{\"@type\":\"PropertyValueSpecification\",\"valueRequired\":true,\"valueName\":\"search_term_string\"}}],\"inLanguage\":\"ca\"},{\"@type\":\"Organization\",\"@id\":\"https:\/\/v2charge.com\/ca\/#organization\",\"name\":\"V2C\",\"url\":\"https:\/\/v2charge.com\/ca\/\",\"logo\":{\"@type\":\"ImageObject\",\"inLanguage\":\"ca\",\"@id\":\"https:\/\/v2charge.com\/ca\/#\/schema\/logo\/image\/\",\"url\":\"https:\/\/v2charge.com\/wp-content\/uploads\/2024\/11\/cropped-v2c-charge-logo-menu.png\",\"contentUrl\":\"https:\/\/v2charge.com\/wp-content\/uploads\/2024\/11\/cropped-v2c-charge-logo-menu.png\",\"width\":984,\"height\":431,\"caption\":\"V2C\"},\"image\":{\"@id\":\"https:\/\/v2charge.com\/ca\/#\/schema\/logo\/image\/\"},\"sameAs\":[\"https:\/\/www.facebook.com\/V2C.Charge\",\"https:\/\/x.com\/V2C_Charge\",\"https:\/\/www.instagram.com\/v2c.charge\/\",\"https:\/\/www.youtube.com\/@V2C\",\"https:\/\/www.linkedin.com\/company\/v2c-chargers\/\"]}]}<\/script>\n<!-- \/ Yoast SEO plugin. -->","yoast_head_json":{"title":"Recursos per a Professionals [La Info que Necessites] | V2C \u00ae","description":"Consulta tota la informaci\u00f3 que necessites a l'\u00e0rea per a professionals.\u3010Cat\u00e0legs, fitxes t\u00e8cniques, manuals d'instal\u00b7laci\u00f3 i material gr\u00e0fic\u3011.","robots":{"index":"index","follow":"follow","max-snippet":"max-snippet:-1","max-image-preview":"max-image-preview:large","max-video-preview":"max-video-preview:-1"},"canonical":"https:\/\/v2charge.com\/ca\/recursos-per-a-professionals\/","og_locale":"ca_ES","og_type":"article","og_title":"Recursos per a Professionals [La Info que Necessites] | V2C \u00ae","og_description":"Consulta tota la informaci\u00f3 que necessites a l'\u00e0rea per a professionals.\u3010Cat\u00e0legs, fitxes t\u00e8cniques, manuals d'instal\u00b7laci\u00f3 i material gr\u00e0fic\u3011.","og_url":"https:\/\/v2charge.com\/ca\/recursos-per-a-professionals\/","og_site_name":"V2C","article_publisher":"https:\/\/www.facebook.com\/V2C.Charge","article_modified_time":"2023-08-22T11:10:20+00:00","og_image":[{"width":1200,"height":675,"url":"https:\/\/v2charge.com\/wp-content\/uploads\/2024\/07\/v2c-electric-chargers.jpg","type":"image\/jpeg"}],"twitter_card":"summary_large_image","twitter_site":"@V2C_Charge","twitter_misc":{"Temps estimat de lectura":"2 minuts"},"schema":{"@context":"https:\/\/schema.org","@graph":[{"@type":"WebPage","@id":"https:\/\/v2charge.com\/ca\/recursos-per-a-professionals\/","url":"https:\/\/v2charge.com\/ca\/recursos-per-a-professionals\/","name":"Recursos per a Professionals [La Info que Necessites] | V2C \u00ae","isPartOf":{"@id":"https:\/\/v2charge.com\/ca\/#website"},"primaryImageOfPage":{"@id":"https:\/\/v2charge.com\/ca\/recursos-per-a-professionals\/#primaryimage"},"image":{"@id":"https:\/\/v2charge.com\/ca\/recursos-per-a-professionals\/#primaryimage"},"thumbnailUrl":"https:\/\/v2charge.com\/wp-content\/uploads\/2024\/07\/v2c-electric-chargers.jpg","datePublished":"2022-11-21T14:47:31+00:00","dateModified":"2023-08-22T11:10:20+00:00","description":"Consulta tota la informaci\u00f3 que necessites a l'\u00e0rea per a professionals.\u3010Cat\u00e0legs, fitxes t\u00e8cniques, manuals d'instal\u00b7laci\u00f3 i material gr\u00e0fic\u3011.","breadcrumb":{"@id":"https:\/\/v2charge.com\/ca\/recursos-per-a-professionals\/#breadcrumb"},"inLanguage":"ca","potentialAction":[{"@type":"ReadAction","target":["https:\/\/v2charge.com\/ca\/recursos-per-a-professionals\/"]}]},{"@type":"ImageObject","inLanguage":"ca","@id":"https:\/\/v2charge.com\/ca\/recursos-per-a-professionals\/#primaryimage","url":"https:\/\/v2charge.com\/wp-content\/uploads\/2024\/07\/v2c-electric-chargers.jpg","contentUrl":"https:\/\/v2charge.com\/wp-content\/uploads\/2024\/07\/v2c-electric-chargers.jpg","width":1200,"height":675,"caption":"V2C Electric Chargers"},{"@type":"BreadcrumbList","@id":"https:\/\/v2charge.com\/ca\/recursos-per-a-professionals\/#breadcrumb","itemListElement":[{"@type":"ListItem","position":1,"name":"V2C","item":"https:\/\/v2charge.com\/ca\/"},{"@type":"ListItem","position":2,"name":"Recursos per a professionals"}]},{"@type":"WebSite","@id":"https:\/\/v2charge.com\/ca\/#website","url":"https:\/\/v2charge.com\/ca\/","name":"V2C","description":"#CargandoElMa\u00f1ana","publisher":{"@id":"https:\/\/v2charge.com\/ca\/#organization"},"potentialAction":[{"@type":"SearchAction","target":{"@type":"EntryPoint","urlTemplate":"https:\/\/v2charge.com\/ca\/?s={search_term_string}"},"query-input":{"@type":"PropertyValueSpecification","valueRequired":true,"valueName":"search_term_string"}}],"inLanguage":"ca"},{"@type":"Organization","@id":"https:\/\/v2charge.com\/ca\/#organization","name":"V2C","url":"https:\/\/v2charge.com\/ca\/","logo":{"@type":"ImageObject","inLanguage":"ca","@id":"https:\/\/v2charge.com\/ca\/#\/schema\/logo\/image\/","url":"https:\/\/v2charge.com\/wp-content\/uploads\/2024\/11\/cropped-v2c-charge-logo-menu.png","contentUrl":"https:\/\/v2charge.com\/wp-content\/uploads\/2024\/11\/cropped-v2c-charge-logo-menu.png","width":984,"height":431,"caption":"V2C"},"image":{"@id":"https:\/\/v2charge.com\/ca\/#\/schema\/logo\/image\/"},"sameAs":["https:\/\/www.facebook.com\/V2C.Charge","https:\/\/x.com\/V2C_Charge","https:\/\/www.instagram.com\/v2c.charge\/","https:\/\/www.youtube.com\/@V2C","https:\/\/www.linkedin.com\/company\/v2c-chargers\/"]}]}},"uagb_featured_image_src":{"full":["https:\/\/v2charge.com\/wp-content\/uploads\/2024\/07\/v2c-electric-chargers.jpg",1200,675,false],"thumbnail":["https:\/\/v2charge.com\/wp-content\/uploads\/2024\/07\/v2c-electric-chargers-150x150.jpg",150,150,true],"medium":["https:\/\/v2charge.com\/wp-content\/uploads\/2024\/07\/v2c-electric-chargers-300x169.jpg",300,169,true],"medium_large":["https:\/\/v2charge.com\/wp-content\/uploads\/2024\/07\/v2c-electric-chargers-768x432.jpg",768,432,true],"large":["https:\/\/v2charge.com\/wp-content\/uploads\/2024\/07\/v2c-electric-chargers-1024x576.jpg",1024,576,true],"gs-tiny":["https:\/\/v2charge.com\/wp-content\/uploads\/2024\/07\/v2c-electric-chargers.jpg",50,28,false],"xl":["https:\/\/v2charge.com\/wp-content\/uploads\/2024\/07\/v2c-electric-chargers.jpg",1200,675,false],"xxl":["https:\/\/v2charge.com\/wp-content\/uploads\/2024\/07\/v2c-electric-chargers.jpg",1200,675,false],"xxxl":["https:\/\/v2charge.com\/wp-content\/uploads\/2024\/07\/v2c-electric-chargers.jpg",1200,675,false],"xxxxl":["https:\/\/v2charge.com\/wp-content\/uploads\/2024\/07\/v2c-electric-chargers.jpg",1200,675,false],"xxxxxl":["https:\/\/v2charge.com\/wp-content\/uploads\/2024\/07\/v2c-electric-chargers.jpg",1200,675,false],"1536x1536":["https:\/\/v2charge.com\/wp-content\/uploads\/2024\/07\/v2c-electric-chargers.jpg",1200,675,false],"2048x2048":["https:\/\/v2charge.com\/wp-content\/uploads\/2024\/07\/v2c-electric-chargers.jpg",1200,675,false]},"uagb_author_info":{"display_name":"V2C","author_link":"https:\/\/v2charge.com\/ca\/author\/root_k4eu7ki8\/"},"uagb_comment_info":0,"uagb_excerpt":"Recursos per a professionals Consulta els cat\u00e0legs, fitxes t\u00e8cniques i actualitzacions dels e-Chargers.&nbsp; Trydan Pole Pro Screen EV Portable Consulta tot el material gr\u00e0fic Posem a la teva disposici\u00f3 imatges, v\u00eddeos i m\u00e9s recursos gr\u00e0fics per a la seva utilitzaci\u00f3. Necessites suport t\u00e8cnic? Accede a l&#8217;\u00c0rea de Suport per consultar tota la informaci\u00f3 t\u00e8cnica dels&hellip;","_links":{"self":[{"href":"https:\/\/v2charge.com\/ca\/wp-json\/wp\/v2\/pages\/309900","targetHints":{"allow":["GET"]}}],"collection":[{"href":"https:\/\/v2charge.com\/ca\/wp-json\/wp\/v2\/pages"}],"about":[{"href":"https:\/\/v2charge.com\/ca\/wp-json\/wp\/v2\/types\/page"}],"author":[{"embeddable":true,"href":"https:\/\/v2charge.com\/ca\/wp-json\/wp\/v2\/users\/1"}],"replies":[{"embeddable":true,"href":"https:\/\/v2charge.com\/ca\/wp-json\/wp\/v2\/comments?post=309900"}],"version-history":[{"count":0,"href":"https:\/\/v2charge.com\/ca\/wp-json\/wp\/v2\/pages\/309900\/revisions"}],"wp:featuredmedia":[{"embeddable":true,"href":"https:\/\/v2charge.com\/ca\/wp-json\/wp\/v2\/media\/170354"}],"wp:attachment":[{"href":"https:\/\/v2charge.com\/ca\/wp-json\/wp\/v2\/media?parent=309900"}],"curies":[{"name":"wp","href":"https:\/\/api.w.org\/{rel}","templated":true}]}}