{"id":309952,"date":"2023-01-24T17:06:03","date_gmt":"2023-01-24T15:06:03","guid":{"rendered":""},"modified":"2025-07-18T14:00:55","modified_gmt":"2025-07-18T12:00:55","slug":"connexio-de-kostal-piko-amb-trydan","status":"publish","type":"page","link":"https:\/\/v2charge.com\/ca\/area-de-suport\/control-de-potencia\/control-dinamic-de-potencia\/integracio-fotovoltaica\/connexio-de-kostal-piko-amb-trydan\/","title":{"rendered":"Connexi\u00f3 de Kostal PIKO amb Trydan"},"content":{"rendered":"\n<div class=\"wp-block-uagb-container uagb-block-f5a1ed0e alignfull uagb-is-root-container\"><div class=\"uagb-container-inner-blocks-wrap\"><div class=\"yoast-breadcrumbs\"><span><span><a href=\"https:\/\/v2charge.com\/ca\/\">V2C<\/a><\/span> \u00bb <span class=\"breadcrumb_last\" aria-current=\"page\">Connexi\u00f3 de Kostal PIKO amb Trydan<\/span><\/span><\/div>\n\n<h1 class=\"wp-block-heading\">Connexi\u00f3 de Kostal PIKO amb Trydan<\/h1>\n\n\n<div class=\"wp-block-uagb-container uagb-block-9be67121 alignfull uagb-is-root-container\"><div class=\"uagb-container-inner-blocks-wrap\">\n<div class=\"wp-block-uagb-container uagb-block-b71a8b6f\"><p>La connexi\u00f3 de Kostal PIKO amb Trydan es realitza a trav\u00e9s de peticions HTTP i, per aix\u00f2, el nostre inversor ha de ser compatible. En principi, s\u00f3n compatibles tots els inversors Kostal PIKO. En cas de no ser-ho, recomanem actualitzar la versi\u00f3 de Firmware a l&#8217;\u00faltima versi\u00f3 disponible.<\/p><\/div>\n\n\n\n<div class=\"wp-block-uagb-container uagb-block-7f58fcab\">\n<div class=\"wp-block-uagb-image uagb-block-8632899f wp-block-uagb-image--layout-default wp-block-uagb-image--effect-static wp-block-uagb-image--align-none\"><figure class=\"wp-block-uagb-image__figure\"><img decoding=\"async\" srcset=\"https:\/\/v2charge.com\/wp-content\/uploads\/2023\/12\/kostal-logo.png ,https:\/\/v2charge.com\/wp-content\/uploads\/2023\/12\/kostal-logo.png 780w, https:\/\/v2charge.com\/wp-content\/uploads\/2023\/12\/kostal-logo.png 360w\" sizes=\"auto, (max-width: 480px) 150px\" src=\"https:\/\/v2charge.com\/wp-content\/uploads\/2023\/12\/kostal-logo.png\" alt=\"\" class=\"uag-image-128994\" width=\"250\" height=\"65\" title=\"\" loading=\"lazy\" role=\"img\"\/><\/figure><\/div>\n<\/div>\n<\/div><\/div>\n\n\n\n<div class=\"wp-block-uagb-container uagb-block-333fb119 alignfull uagb-is-root-container\"><div class=\"uagb-container-inner-blocks-wrap\">\n<div class=\"wp-block-uagb-container uagb-block-2ff110d0 default uagb-is-root-container\">\n<div class=\"wp-block-uagb-container uagb-block-cd442c87\">\n<div class=\"wp-block-uagb-image aligncenter uagb-block-4bb46c59 wp-block-uagb-image--layout-default wp-block-uagb-image--effect-static wp-block-uagb-image--align-center\"><figure class=\"wp-block-uagb-image__figure\"><img decoding=\"async\" srcset=\"https:\/\/v2charge.com\/wp-content\/uploads\/2023\/11\/icon-important.png ,https:\/\/v2charge.com\/wp-content\/uploads\/2023\/11\/icon-important.png 780w, https:\/\/v2charge.com\/wp-content\/uploads\/2023\/11\/icon-important.png 360w\" sizes=\"auto, (max-width: 480px) 150px\" src=\"https:\/\/v2charge.com\/wp-content\/uploads\/2023\/11\/icon-important.png\" alt=\"\" class=\"uag-image-125013\" width=\"50\" height=\"50\" title=\"\" loading=\"lazy\" role=\"img\"\/><\/figure><\/div>\n<\/div>\n\n\n\n<div class=\"wp-block-uagb-container uagb-block-38de7166\"><div class=\"wp-block-uagb-advanced-heading uagb-block-37ab01f0\"><p class=\"uagb-heading-text\">L&#8217;\u00fas de&nbsp;<strong>repetidors Wi-Fi<\/strong>&nbsp;o&nbsp;<strong>xarxes mesh<\/strong>&nbsp;pot afectar el correcte funcionament del sistema. Recomanem utilitzar una&nbsp;<strong>xarxa Wi-Fi estable<\/strong>&nbsp;i<strong> directa<\/strong>&nbsp;per garantir una connexi\u00f3 \u00f2ptima entre el carregador i l&#8217;inversor.<\/p><\/div><\/div>\n<\/div>\n\n\n\n<div style=\"height:5px\" aria-hidden=\"true\" class=\"wp-block-spacer\"><\/div>\n<\/div><\/div>\n\n\n\n<div class=\"wp-block-uagb-separator uagb-block-f70b14a7\"><div class=\"wp-block-uagb-separator__inner\" style=\"--my-background-image:\"><\/div><\/div>\n\n\n<h2 class=\"wp-block-heading\">Som compatibles amb l&#8217;inversor Kostal PIKO?<\/h2>\n\n<p>Per esbrinar si som compatibles, posarem en un ordinador connectat a la mateixa xarxa local la seg\u00fcent adre\u00e7a al navegador:&nbsp;<a href=\"http:\/\/192.168.x.x\/measurements.xml\" target=\"_blank\" rel=\"noreferrer noopener\">http:\/\/192.168.5.1:80\/measurements.xml<\/a>, substituint la IP per la del inversor.<\/p>\n\n\n<hr class=\"wp-block-separator has-alpha-channel-opacity\"\/>\n\n\n<h2 class=\"wp-block-heading\">Com saber la IP del Kostal PIKO?<\/h2>\n\n<p>La IP del Kostal PIKO es pot saber de moltes maneres. La principal forma seria connectar-nos al nostre router i que ens mostri el llistat d&#8217;equips connectats. Aqu\u00ed ens ha de sortir la IP de Kostal, i tamb\u00e9 la de Trydan. Tamb\u00e9 es pot saber a trav\u00e9s d&#8217;altres programes, com el programari per PC \u00abAngry IP\u00bb, l&#8217;App per Android \u00abNetwork Ip Scanner\u00bb o l&#8217;App per Apple \u00abIP Scanner\u00bb.&nbsp;<\/p>\n\n\n<div class=\"wp-block-uagb-buttons uagb-buttons__outer-wrap uagb-btn__default-btn uagb-btn-tablet__default-btn uagb-btn-mobile__default-btn uagb-block-cff7e0d9\"><div class=\"uagb-buttons__wrap uagb-buttons-layout-wrap \"><div class=\"wp-block-uagb-buttons-child uagb-buttons__outer-wrap uagb-block-b3b0e0d0 wp-block-button\"><div class=\"uagb-button__wrapper\"><a class=\"uagb-buttons-repeater wp-block-button__link\" aria-label=\"\" href=\"https:\/\/v2charge.com\/ca\/trobar-ip-xarxa-local\/\" rel=\"follow noopener\" target=\"_self\" role=\"button\"><div class=\"uagb-button__link\">Com buscar la IP dels dispositius connectats a la meva xarxa local?<\/div><\/a><\/div><\/div><\/div><\/div>\n\n\n<p>La resposta de la petici\u00f3 d&#8217;a dalt ha de ser similar a la seg\u00fcent imatge:<\/p>\n\n\n<div class=\"wp-block-uagb-image aligncenter uagb-block-b1d2aad0 wp-block-uagb-image--layout-default wp-block-uagb-image--effect-static wp-block-uagb-image--align-center\"><figure class=\"wp-block-uagb-image__figure\"><img decoding=\"async\" srcset=\"https:\/\/v2charge.com\/wp-content\/uploads\/2023\/12\/ip-kostal-piko.jpeg ,https:\/\/v2charge.com\/wp-content\/uploads\/2023\/12\/ip-kostal-piko.jpeg 780w, https:\/\/v2charge.com\/wp-content\/uploads\/2023\/12\/ip-kostal-piko.jpeg 360w\" sizes=\"auto, (max-width: 480px) 150px\" src=\"https:\/\/v2charge.com\/wp-content\/uploads\/2023\/12\/ip-kostal-piko.jpeg\" alt=\"\" class=\"uag-image-129003\" width=\"959\" height=\"241\" title=\"\" loading=\"lazy\" role=\"img\"\/><\/figure><\/div>\n\n\n\n<hr class=\"wp-block-separator has-alpha-channel-opacity\"\/>\n\n\n<h2 class=\"wp-block-heading\">Com es connecta Kostal al punt de rec\u00e0rrega Trydan?<\/h2>\n\n\n<div class=\"wp-block-uagb-container uagb-block-39b84a3d alignfull uagb-is-root-container\"><div class=\"uagb-container-inner-blocks-wrap\">\n<div class=\"wp-block-uagb-container uagb-block-26fb7b33 alignfull uagb-is-root-container\"><div class=\"uagb-container-inner-blocks-wrap\">\n<div class=\"wp-block-uagb-container uagb-block-85cc70cf\"><div class=\"wp-block-uagb-info-box uagb-block-87944ae9 uagb-infobox__content-wrap  uagb-infobox-icon-left uagb-infobox-left uagb-infobox-stacked-tablet uagb-infobox-image-valign-top\"><div class=\"uagb-ifb-image-content\"><img decoding=\"async\" src=\"https:\/\/v2charge.com\/wp-content\/uploads\/2023\/11\/numero-uno.png\" alt=\"\" width=\"48\" height=\"48\" loading=\"lazy\"\/><\/div><div class=\"uagb-ifb-content\"><div class=\"uagb-ifb-title-wrap\"><\/div><p class=\"uagb-ifb-desc\">Entra a l&#8217;App <a href=\"https:\/\/v2charge.com\/ca\/app-v2c\/\">V2C Cloud<\/a><\/p><\/div><\/div>\n\n<div class=\"wp-block-uagb-info-box uagb-block-311fed58 uagb-infobox__content-wrap  uagb-infobox-icon-left uagb-infobox-left uagb-infobox-stacked-tablet uagb-infobox-image-valign-top\"><div class=\"uagb-ifb-image-content\"><img decoding=\"async\" src=\"https:\/\/v2charge.com\/wp-content\/uploads\/2023\/11\/numero-dos.png\" alt=\"\" width=\"48\" height=\"48\" loading=\"lazy\"\/><\/div><div class=\"uagb-ifb-content\"><div class=\"uagb-ifb-title-wrap\"><\/div><p class=\"uagb-ifb-desc\">Selecciona el punt de rec\u00e0rrega.<\/p><\/div><\/div>\n\n<div class=\"wp-block-uagb-info-box uagb-block-6d10e026 uagb-infobox__content-wrap  uagb-infobox-icon-left uagb-infobox-left uagb-infobox-stacked-tablet uagb-infobox-image-valign-top\"><div class=\"uagb-ifb-image-content\"><img decoding=\"async\" src=\"https:\/\/v2charge.com\/wp-content\/uploads\/2023\/11\/numero-tres.png\" alt=\"\" width=\"48\" height=\"48\" loading=\"lazy\"\/><\/div><div class=\"uagb-ifb-content\"><div class=\"uagb-ifb-title-wrap\"><\/div><p class=\"uagb-ifb-desc\">Accedeix a la secci\u00f3 de configuraci\u00f3<\/p><\/div><\/div>\n\n<div class=\"wp-block-uagb-info-box uagb-block-f604bca7 uagb-infobox__content-wrap  uagb-infobox-icon-left uagb-infobox-left uagb-infobox-stacked-tablet uagb-infobox-image-valign-top\"><div class=\"uagb-ifb-image-content\"><img decoding=\"async\" src=\"https:\/\/v2charge.com\/wp-content\/uploads\/2023\/11\/numero-cuatro.png\" alt=\"\" width=\"48\" height=\"48\" loading=\"lazy\"\/><\/div><div class=\"uagb-ifb-content\"><div class=\"uagb-ifb-title-wrap\"><\/div><p class=\"uagb-ifb-desc\">Entra en <a href=\"https:\/\/v2charge.com\/ca\/area-de-suport\/control-de-potencia\/control-dinamic-de-potencia\/\">Control Din\u00e0mic de Pot\u00e8ncia<\/a> i selecciona Kostal al comptador.<\/p><\/div><\/div>\n\n<div class=\"wp-block-uagb-info-box uagb-block-7ad446bd uagb-infobox__content-wrap  uagb-infobox-icon-left uagb-infobox-left uagb-infobox-stacked-tablet uagb-infobox-image-valign-top\"><div class=\"uagb-ifb-image-content\"><img decoding=\"async\" src=\"https:\/\/v2charge.com\/wp-content\/uploads\/2023\/12\/numero-5.png\" alt=\"\" width=\"48\" height=\"48\" loading=\"lazy\"\/><\/div><div class=\"uagb-ifb-content\"><div class=\"uagb-ifb-title-wrap\"><\/div><p class=\"uagb-ifb-desc\">Selecciona el tipus d&#8217;instal\u00b7laci\u00f3.<\/p><\/div><\/div><\/div>\n\n\n\n<div class=\"wp-block-uagb-container uagb-block-45a48f3d\">\n<div class=\"wp-block-uagb-image aligncenter uagb-block-a6f5a186 wp-block-uagb-image--layout-default wp-block-uagb-image--effect-static wp-block-uagb-image--align-center\"><figure class=\"wp-block-uagb-image__figure\"><img decoding=\"async\" srcset=\"https:\/\/v2charge.com\/wp-content\/uploads\/2024\/01\/kostal-piko-inversor.jpg ,https:\/\/v2charge.com\/wp-content\/uploads\/2024\/01\/kostal-piko-inversor.jpg 780w, https:\/\/v2charge.com\/wp-content\/uploads\/2024\/01\/kostal-piko-inversor.jpg 360w\" sizes=\"auto, (max-width: 480px) 150px\" src=\"https:\/\/v2charge.com\/wp-content\/uploads\/2024\/01\/kostal-piko-inversor.jpg\" alt=\"\" class=\"uag-image-133262\" width=\"400\" height=\"684\" title=\"\" loading=\"lazy\" role=\"img\"\/><\/figure><\/div>\n<\/div>\n<\/div><\/div>\n<\/div><\/div>\n<\/div><\/div>\n\n\n\n<div class=\"wp-block-uagb-container uagb-block-c6f38013 alignfull uagb-is-root-container\"><div class=\"uagb-container-inner-blocks-wrap\"><div class=\"wp-block-uagb-advanced-heading uagb-block-6963d70c\"><h2 class=\"uagb-heading-text\"><strong>Necessites suport t\u00e8cnic?<\/strong><\/h2><\/div>\n\n<div class=\"wp-block-uagb-advanced-heading uagb-block-408243eb\"><p class=\"uagb-heading-text\">Genera una sol\u00b7licitud al Centre de Suport T\u00e8cnic i ens posarem en contacte amb tu tan aviat com sigui possible per oferir-te la millor soluci\u00f3.<\/p><\/div>\n\n\n<div class=\"wp-block-uagb-buttons uagb-buttons__outer-wrap uagb-btn__default-btn uagb-btn-tablet__default-btn uagb-btn-mobile__default-btn uagb-block-ba1e67d1\"><div class=\"uagb-buttons__wrap uagb-buttons-layout-wrap \"><div class=\"wp-block-uagb-buttons-child uagb-buttons__outer-wrap uagb-block-23cfb623 wp-block-button\"><div class=\"uagb-button__wrapper\"><a class=\"uagb-buttons-repeater wp-block-button__link\" aria-label=\"\" href=\"https:\/\/v2charge.atlassian.net\/servicedesk\/customer\/portal\/3\" rel=\"follow noopener\" target=\"_self\" role=\"button\"><div class=\"uagb-button__link\">Contactar amb Suport T\u00e8cnic<\/div><\/a><\/div><\/div><\/div><\/div>\n<\/div><\/div>\n","protected":false},"excerpt":{"rendered":"<p>Connexi\u00f3 de Kostal PIKO amb Trydan La connexi\u00f3 de Kostal PIKO amb Trydan es realitza a trav\u00e9s de peticions HTTP i, per aix\u00f2, el nostre inversor ha de ser compatible. En principi, s\u00f3n compatibles tots els inversors Kostal PIKO. En cas de no ser-ho, recomanem actualitzar la versi\u00f3 de Firmware a l&#8217;\u00faltima versi\u00f3 disponible. L&#8217;\u00fas &#8230; <a title=\"Connexi\u00f3 de Kostal PIKO amb Trydan\" class=\"read-more\" href=\"https:\/\/v2charge.com\/ca\/area-de-suport\/control-de-potencia\/control-dinamic-de-potencia\/integracio-fotovoltaica\/connexio-de-kostal-piko-amb-trydan\/\" aria-label=\"Read more about Connexi\u00f3 de Kostal PIKO amb Trydan\">Read more<\/a><\/p>\n","protected":false},"author":1,"featured_media":170354,"parent":310036,"menu_order":0,"comment_status":"closed","ping_status":"closed","template":"","meta":{"_eb_attr":"","content-type":"","_uag_custom_page_level_css":"","footnotes":""},"class_list":["post-309952","page","type-page","status-publish","has-post-thumbnail"],"yoast_head":"<!-- This site is optimized with the Yoast SEO plugin v25.3.1 - https:\/\/yoast.com\/wordpress\/plugins\/seo\/ -->\n<title>Connexi\u00f3 de Kostal PIKO amb Trydan - V2C<\/title>\n<meta name=\"description\" content=\"La connexi\u00f3 de Kostal PIKO amb Trydan es realitza a trav\u00e9s de peticions HTTP i, per aix\u00f2, el nostre inversor ha de ser compatible.\" \/>\n<meta name=\"robots\" content=\"index, follow, max-snippet:-1, max-image-preview:large, max-video-preview:-1\" \/>\n<link rel=\"canonical\" href=\"https:\/\/v2charge.com\/ca\/soporte\/trydan\/integracion-fotovoltaica\/inversor-kostal-piko\/\" \/>\n<meta property=\"og:locale\" content=\"ca_ES\" \/>\n<meta property=\"og:type\" content=\"article\" \/>\n<meta property=\"og:title\" content=\"Connexi\u00f3 de Kostal PIKO amb Trydan - V2C\" \/>\n<meta property=\"og:description\" content=\"La connexi\u00f3 de Kostal PIKO amb Trydan es realitza a trav\u00e9s de peticions HTTP i, per aix\u00f2, el nostre inversor ha de ser compatible.\" \/>\n<meta property=\"og:url\" content=\"https:\/\/v2charge.com\/ca\/soporte\/trydan\/integracion-fotovoltaica\/inversor-kostal-piko\/\" \/>\n<meta property=\"og:site_name\" content=\"V2C\" \/>\n<meta property=\"article:publisher\" content=\"https:\/\/www.facebook.com\/V2C.Charge\" \/>\n<meta property=\"article:modified_time\" content=\"2025-07-18T12:00:55+00:00\" \/>\n<meta property=\"og:image\" content=\"https:\/\/v2charge.com\/wp-content\/uploads\/2024\/07\/v2c-electric-chargers.jpg\" \/>\n\t<meta property=\"og:image:width\" content=\"1200\" \/>\n\t<meta property=\"og:image:height\" content=\"675\" \/>\n\t<meta property=\"og:image:type\" content=\"image\/jpeg\" \/>\n<meta name=\"twitter:card\" content=\"summary_large_image\" \/>\n<meta name=\"twitter:site\" content=\"@V2C_Charge\" \/>\n<meta name=\"twitter:label1\" content=\"Est. reading time\" \/>\n\t<meta name=\"twitter:data1\" content=\"4 minuts\" \/>\n<script type=\"application\/ld+json\" class=\"yoast-schema-graph\">{\"@context\":\"https:\/\/schema.org\",\"@graph\":[{\"@type\":\"WebPage\",\"@id\":\"https:\/\/v2charge.com\/ca\/area-de-suport\/control-de-potencia\/control-dinamic-de-potencia\/integracio-fotovoltaica\/connexio-de-kostal-piko-amb-trydan\/\",\"url\":\"https:\/\/v2charge.com\/ca\/soporte\/trydan\/integracion-fotovoltaica\/inversor-kostal-piko\/\",\"name\":\"Connexi\u00f3 de Kostal PIKO amb Trydan - V2C\",\"isPartOf\":{\"@id\":\"https:\/\/v2charge.com\/ca\/#website\"},\"primaryImageOfPage\":{\"@id\":\"https:\/\/v2charge.com\/ca\/soporte\/trydan\/integracion-fotovoltaica\/inversor-kostal-piko\/#primaryimage\"},\"image\":{\"@id\":\"https:\/\/v2charge.com\/ca\/soporte\/trydan\/integracion-fotovoltaica\/inversor-kostal-piko\/#primaryimage\"},\"thumbnailUrl\":\"https:\/\/v2charge.com\/wp-content\/uploads\/2024\/07\/v2c-electric-chargers.jpg\",\"datePublished\":\"2023-01-24T15:06:03+00:00\",\"dateModified\":\"2025-07-18T12:00:55+00:00\",\"description\":\"La connexi\u00f3 de Kostal PIKO amb Trydan es realitza a trav\u00e9s de peticions HTTP i, per aix\u00f2, el nostre inversor ha de ser compatible.\",\"breadcrumb\":{\"@id\":\"https:\/\/v2charge.com\/ca\/soporte\/trydan\/integracion-fotovoltaica\/inversor-kostal-piko\/#breadcrumb\"},\"inLanguage\":\"ca\",\"potentialAction\":[{\"@type\":\"ReadAction\",\"target\":[\"https:\/\/v2charge.com\/ca\/soporte\/trydan\/integracion-fotovoltaica\/inversor-kostal-piko\/\"]}]},{\"@type\":\"ImageObject\",\"inLanguage\":\"ca\",\"@id\":\"https:\/\/v2charge.com\/ca\/soporte\/trydan\/integracion-fotovoltaica\/inversor-kostal-piko\/#primaryimage\",\"url\":\"https:\/\/v2charge.com\/wp-content\/uploads\/2024\/07\/v2c-electric-chargers.jpg\",\"contentUrl\":\"https:\/\/v2charge.com\/wp-content\/uploads\/2024\/07\/v2c-electric-chargers.jpg\",\"width\":1200,\"height\":675,\"caption\":\"V2C Electric Chargers\"},{\"@type\":\"BreadcrumbList\",\"@id\":\"https:\/\/v2charge.com\/ca\/soporte\/trydan\/integracion-fotovoltaica\/inversor-kostal-piko\/#breadcrumb\",\"itemListElement\":[{\"@type\":\"ListItem\",\"position\":1,\"name\":\"V2C\",\"item\":\"https:\/\/v2charge.com\/ca\/\"},{\"@type\":\"ListItem\",\"position\":2,\"name\":\"Connexi\u00f3 de Kostal PIKO amb Trydan\"}]},{\"@type\":\"WebSite\",\"@id\":\"https:\/\/v2charge.com\/ca\/#website\",\"url\":\"https:\/\/v2charge.com\/ca\/\",\"name\":\"V2C\",\"description\":\"#CargandoElMa\u00f1ana\",\"publisher\":{\"@id\":\"https:\/\/v2charge.com\/ca\/#organization\"},\"potentialAction\":[{\"@type\":\"SearchAction\",\"target\":{\"@type\":\"EntryPoint\",\"urlTemplate\":\"https:\/\/v2charge.com\/ca\/?s={search_term_string}\"},\"query-input\":{\"@type\":\"PropertyValueSpecification\",\"valueRequired\":true,\"valueName\":\"search_term_string\"}}],\"inLanguage\":\"ca\"},{\"@type\":\"Organization\",\"@id\":\"https:\/\/v2charge.com\/ca\/#organization\",\"name\":\"V2C\",\"url\":\"https:\/\/v2charge.com\/ca\/\",\"logo\":{\"@type\":\"ImageObject\",\"inLanguage\":\"ca\",\"@id\":\"https:\/\/v2charge.com\/ca\/#\/schema\/logo\/image\/\",\"url\":\"https:\/\/v2charge.com\/wp-content\/uploads\/2024\/11\/cropped-v2c-charge-logo-menu.png\",\"contentUrl\":\"https:\/\/v2charge.com\/wp-content\/uploads\/2024\/11\/cropped-v2c-charge-logo-menu.png\",\"width\":984,\"height\":431,\"caption\":\"V2C\"},\"image\":{\"@id\":\"https:\/\/v2charge.com\/ca\/#\/schema\/logo\/image\/\"},\"sameAs\":[\"https:\/\/www.facebook.com\/V2C.Charge\",\"https:\/\/x.com\/V2C_Charge\",\"https:\/\/www.instagram.com\/v2c.charge\/\",\"https:\/\/www.youtube.com\/@V2C\",\"https:\/\/www.linkedin.com\/company\/v2c-chargers\/\"]}]}<\/script>\n<!-- \/ Yoast SEO plugin. -->","yoast_head_json":{"title":"Connexi\u00f3 de Kostal PIKO amb Trydan - V2C","description":"La connexi\u00f3 de Kostal PIKO amb Trydan es realitza a trav\u00e9s de peticions HTTP i, per aix\u00f2, el nostre inversor ha de ser compatible.","robots":{"index":"index","follow":"follow","max-snippet":"max-snippet:-1","max-image-preview":"max-image-preview:large","max-video-preview":"max-video-preview:-1"},"canonical":"https:\/\/v2charge.com\/ca\/soporte\/trydan\/integracion-fotovoltaica\/inversor-kostal-piko\/","og_locale":"ca_ES","og_type":"article","og_title":"Connexi\u00f3 de Kostal PIKO amb Trydan - V2C","og_description":"La connexi\u00f3 de Kostal PIKO amb Trydan es realitza a trav\u00e9s de peticions HTTP i, per aix\u00f2, el nostre inversor ha de ser compatible.","og_url":"https:\/\/v2charge.com\/ca\/soporte\/trydan\/integracion-fotovoltaica\/inversor-kostal-piko\/","og_site_name":"V2C","article_publisher":"https:\/\/www.facebook.com\/V2C.Charge","article_modified_time":"2025-07-18T12:00:55+00:00","og_image":[{"width":1200,"height":675,"url":"https:\/\/v2charge.com\/wp-content\/uploads\/2024\/07\/v2c-electric-chargers.jpg","type":"image\/jpeg"}],"twitter_card":"summary_large_image","twitter_site":"@V2C_Charge","twitter_misc":{"Est. reading time":"4 minuts"},"schema":{"@context":"https:\/\/schema.org","@graph":[{"@type":"WebPage","@id":"https:\/\/v2charge.com\/ca\/area-de-suport\/control-de-potencia\/control-dinamic-de-potencia\/integracio-fotovoltaica\/connexio-de-kostal-piko-amb-trydan\/","url":"https:\/\/v2charge.com\/ca\/soporte\/trydan\/integracion-fotovoltaica\/inversor-kostal-piko\/","name":"Connexi\u00f3 de Kostal PIKO amb Trydan - V2C","isPartOf":{"@id":"https:\/\/v2charge.com\/ca\/#website"},"primaryImageOfPage":{"@id":"https:\/\/v2charge.com\/ca\/soporte\/trydan\/integracion-fotovoltaica\/inversor-kostal-piko\/#primaryimage"},"image":{"@id":"https:\/\/v2charge.com\/ca\/soporte\/trydan\/integracion-fotovoltaica\/inversor-kostal-piko\/#primaryimage"},"thumbnailUrl":"https:\/\/v2charge.com\/wp-content\/uploads\/2024\/07\/v2c-electric-chargers.jpg","datePublished":"2023-01-24T15:06:03+00:00","dateModified":"2025-07-18T12:00:55+00:00","description":"La connexi\u00f3 de Kostal PIKO amb Trydan es realitza a trav\u00e9s de peticions HTTP i, per aix\u00f2, el nostre inversor ha de ser compatible.","breadcrumb":{"@id":"https:\/\/v2charge.com\/ca\/soporte\/trydan\/integracion-fotovoltaica\/inversor-kostal-piko\/#breadcrumb"},"inLanguage":"ca","potentialAction":[{"@type":"ReadAction","target":["https:\/\/v2charge.com\/ca\/soporte\/trydan\/integracion-fotovoltaica\/inversor-kostal-piko\/"]}]},{"@type":"ImageObject","inLanguage":"ca","@id":"https:\/\/v2charge.com\/ca\/soporte\/trydan\/integracion-fotovoltaica\/inversor-kostal-piko\/#primaryimage","url":"https:\/\/v2charge.com\/wp-content\/uploads\/2024\/07\/v2c-electric-chargers.jpg","contentUrl":"https:\/\/v2charge.com\/wp-content\/uploads\/2024\/07\/v2c-electric-chargers.jpg","width":1200,"height":675,"caption":"V2C Electric Chargers"},{"@type":"BreadcrumbList","@id":"https:\/\/v2charge.com\/ca\/soporte\/trydan\/integracion-fotovoltaica\/inversor-kostal-piko\/#breadcrumb","itemListElement":[{"@type":"ListItem","position":1,"name":"V2C","item":"https:\/\/v2charge.com\/ca\/"},{"@type":"ListItem","position":2,"name":"Connexi\u00f3 de Kostal PIKO amb Trydan"}]},{"@type":"WebSite","@id":"https:\/\/v2charge.com\/ca\/#website","url":"https:\/\/v2charge.com\/ca\/","name":"V2C","description":"#CargandoElMa\u00f1ana","publisher":{"@id":"https:\/\/v2charge.com\/ca\/#organization"},"potentialAction":[{"@type":"SearchAction","target":{"@type":"EntryPoint","urlTemplate":"https:\/\/v2charge.com\/ca\/?s={search_term_string}"},"query-input":{"@type":"PropertyValueSpecification","valueRequired":true,"valueName":"search_term_string"}}],"inLanguage":"ca"},{"@type":"Organization","@id":"https:\/\/v2charge.com\/ca\/#organization","name":"V2C","url":"https:\/\/v2charge.com\/ca\/","logo":{"@type":"ImageObject","inLanguage":"ca","@id":"https:\/\/v2charge.com\/ca\/#\/schema\/logo\/image\/","url":"https:\/\/v2charge.com\/wp-content\/uploads\/2024\/11\/cropped-v2c-charge-logo-menu.png","contentUrl":"https:\/\/v2charge.com\/wp-content\/uploads\/2024\/11\/cropped-v2c-charge-logo-menu.png","width":984,"height":431,"caption":"V2C"},"image":{"@id":"https:\/\/v2charge.com\/ca\/#\/schema\/logo\/image\/"},"sameAs":["https:\/\/www.facebook.com\/V2C.Charge","https:\/\/x.com\/V2C_Charge","https:\/\/www.instagram.com\/v2c.charge\/","https:\/\/www.youtube.com\/@V2C","https:\/\/www.linkedin.com\/company\/v2c-chargers\/"]}]}},"uagb_featured_image_src":{"full":["https:\/\/v2charge.com\/wp-content\/uploads\/2024\/07\/v2c-electric-chargers.jpg",1200,675,false],"thumbnail":["https:\/\/v2charge.com\/wp-content\/uploads\/2024\/07\/v2c-electric-chargers-150x150.jpg",150,150,true],"medium":["https:\/\/v2charge.com\/wp-content\/uploads\/2024\/07\/v2c-electric-chargers-300x169.jpg",300,169,true],"medium_large":["https:\/\/v2charge.com\/wp-content\/uploads\/2024\/07\/v2c-electric-chargers-768x432.jpg",768,432,true],"large":["https:\/\/v2charge.com\/wp-content\/uploads\/2024\/07\/v2c-electric-chargers-1024x576.jpg",1024,576,true],"gs-tiny":["https:\/\/v2charge.com\/wp-content\/uploads\/2024\/07\/v2c-electric-chargers.jpg",50,28,false],"xl":["https:\/\/v2charge.com\/wp-content\/uploads\/2024\/07\/v2c-electric-chargers.jpg",1200,675,false],"xxl":["https:\/\/v2charge.com\/wp-content\/uploads\/2024\/07\/v2c-electric-chargers.jpg",1200,675,false],"xxxl":["https:\/\/v2charge.com\/wp-content\/uploads\/2024\/07\/v2c-electric-chargers.jpg",1200,675,false],"xxxxl":["https:\/\/v2charge.com\/wp-content\/uploads\/2024\/07\/v2c-electric-chargers.jpg",1200,675,false],"xxxxxl":["https:\/\/v2charge.com\/wp-content\/uploads\/2024\/07\/v2c-electric-chargers.jpg",1200,675,false],"1536x1536":["https:\/\/v2charge.com\/wp-content\/uploads\/2024\/07\/v2c-electric-chargers.jpg",1200,675,false],"2048x2048":["https:\/\/v2charge.com\/wp-content\/uploads\/2024\/07\/v2c-electric-chargers.jpg",1200,675,false]},"uagb_author_info":{"display_name":"V2C","author_link":"https:\/\/v2charge.com\/ca\/author\/root_k4eu7ki8\/"},"uagb_comment_info":0,"uagb_excerpt":"Connexi\u00f3 de Kostal PIKO amb Trydan La connexi\u00f3 de Kostal PIKO amb Trydan es realitza a trav\u00e9s de peticions HTTP i, per aix\u00f2, el nostre inversor ha de ser compatible. En principi, s\u00f3n compatibles tots els inversors Kostal PIKO. En cas de no ser-ho, recomanem actualitzar la versi\u00f3 de Firmware a l&#8217;\u00faltima versi\u00f3 disponible. L&#8217;\u00fas&hellip;","_links":{"self":[{"href":"https:\/\/v2charge.com\/ca\/wp-json\/wp\/v2\/pages\/309952","targetHints":{"allow":["GET"]}}],"collection":[{"href":"https:\/\/v2charge.com\/ca\/wp-json\/wp\/v2\/pages"}],"about":[{"href":"https:\/\/v2charge.com\/ca\/wp-json\/wp\/v2\/types\/page"}],"author":[{"embeddable":true,"href":"https:\/\/v2charge.com\/ca\/wp-json\/wp\/v2\/users\/1"}],"replies":[{"embeddable":true,"href":"https:\/\/v2charge.com\/ca\/wp-json\/wp\/v2\/comments?post=309952"}],"version-history":[{"count":0,"href":"https:\/\/v2charge.com\/ca\/wp-json\/wp\/v2\/pages\/309952\/revisions"}],"up":[{"embeddable":true,"href":"https:\/\/v2charge.com\/ca\/wp-json\/wp\/v2\/pages\/310036"}],"wp:featuredmedia":[{"embeddable":true,"href":"https:\/\/v2charge.com\/ca\/wp-json\/wp\/v2\/media\/170354"}],"wp:attachment":[{"href":"https:\/\/v2charge.com\/ca\/wp-json\/wp\/v2\/media?parent=309952"}],"curies":[{"name":"wp","href":"https:\/\/api.w.org\/{rel}","templated":true}]}}