{"id":309953,"date":"2023-02-03T14:19:30","date_gmt":"2023-02-03T14:19:30","guid":{"rendered":""},"modified":"2023-06-12T13:51:56","modified_gmt":"2023-06-12T13:51:56","slug":"modbus-rtu-trydan","status":"publish","type":"page","link":"https:\/\/v2charge.com\/ca\/modbus-rtu-trydan\/","title":{"rendered":"Conexi\u00f3 MODBUS RTU punt de rec\u00e0rrega Trydan per a comptador com a esclau"},"content":{"rendered":"\n<div style=\"height:60px\" aria-hidden=\"true\" class=\"wp-block-spacer\"><\/div>\n<h1>Connexi\u00f3 MODBUS RTU punt de rec\u00e0rrega Trydan per a comptador esclau<\/h1><p>El punt de rec\u00e0rrega Trydan t\u00e9 connexi\u00f3 a trav\u00e9s del protocol Modbus RTU, amb dues finalitats.<\/p>\n\n<ol class=\"wp-block-list\"><li>Operar el punt de rec\u00e0rrega en remot. Usuaris Avan\u00e7ats veuen: <a href=\"https:\/\/docs.google.com\/spreadsheets\/d\/e\/2PACX-1vQGA_7Z4YaSMZeHRTnAP6z_82dVPmM33NxJhvsDBEFn8LyWjX-RX_fkR7KCErqAE4aGFvPrUufooHoM\/pubhtml?gid=0&amp;single=true\" target=\"_blank\" rel=\"noreferrer noopener\">Mem\u00f2ria MODBUS<\/a><\/li><li>Obtenir dades de Smart Meters comercials, per a integraci\u00f3 com a esclau, amb compatibilitat fotovoltaica. <\/li><\/ol>\n\n<h2 class=\"wp-block-heading\">Mesuradors compatibles<\/h2>\n\n<p>S&#8217;afegeixen constantment mesuradors, sent la llista actual:<\/p>\n\n<ul class=\"wp-block-list\"><li>Chint DDSU666-H (normalment utilitzat en inversors Huawei, SAJ..)<\/li><li>Eastron (SDM120\/220\/320)<\/li><li>Phoneix Contact<\/li><li>Carlo Gavazzi<\/li><\/ul>\n\n<h2 class=\"wp-block-heading\">Connexi\u00f3 El\u00e8ctrica<\/h2>\n\n<p>Les connexions MODBUS RTU es fan a trav\u00e9s de dos cables. El comptador ha de disposar d&#8217;un port A i B. I aquest cable s&#8217;ha de portar fins al nostre punt de rec\u00e0rrega. El comptador ha d&#8217;estar configurat a l&#8217;adre\u00e7a 1 i amb un Baud Rate de 9600 (normalment sol ser la configuraci\u00f3 per defecte i la majoria de comptadors de fotovoltaica utilitzen aquesta configuraci\u00f3 per defecte). La connexi\u00f3 entra directament al connector RJ45, del punt de rec\u00e0rrega. Sent A i B els cables que surten a baix assenyalats. La resta no cal posar-los. 4 B i 5 A. El cable d\u00f3na igual el tipus encara que un cable ethernet \u00e9s m\u00e9s barat i va pantallat.<\/p>\n\n\n<figure><img decoding=\"async\" src=\"https:\/\/v2charge.com\/wp-content\/uploads\/2023\/01\/conexion-trydan-solis-734x1024.jpg\" alt=\"\" width=\"274\" height=\"382\"\/><\/figure>\n\n\n\n<figure><img decoding=\"async\" src=\"https:\/\/v2charge.com\/wp-content\/uploads\/2023\/01\/image-3.png\" alt=\"\" width=\"476\" height=\"331\"\/><\/figure>\n\n\n<h2 class=\"wp-block-heading\">Seleccionar a l&#8217;APP el mesurador corresponent<\/h2>\n\n\n<figure><img decoding=\"async\" src=\"https:\/\/v2charge.com\/wp-content\/uploads\/2023\/02\/WhatsApp-Image-2023-02-03-at-15.12.00_iphone13blue_portrait-548x1024.png\" alt=\"\" width=\"449\" height=\"839\"\/><\/figure>\n\n\n<p><em>Atenci\u00f3 en mode fotovoltaic, tots els modes de funcionament funcionaran si b\u00e9 el client no podr\u00e0 veure la generaci\u00f3 fotovoltaica en el punt de rec\u00e0rrega.<\/em><\/p>\n\n\n<div style=\"height:60px\" aria-hidden=\"true\" class=\"wp-block-spacer\"><\/div>\n","protected":false},"excerpt":{"rendered":"<p>Connexi\u00f3 MODBUS RTU punt de rec\u00e0rrega Trydan per a comptador esclau El punt de rec\u00e0rrega Trydan t\u00e9 connexi\u00f3 a trav\u00e9s del protocol Modbus RTU, amb dues finalitats. Operar el punt de rec\u00e0rrega en remot. Usuaris Avan\u00e7ats veuen: Mem\u00f2ria MODBUS Obtenir dades de Smart Meters comercials, per a integraci\u00f3 com a esclau, amb compatibilitat fotovoltaica. Mesuradors &#8230; <a title=\"Conexi\u00f3 MODBUS RTU punt de rec\u00e0rrega Trydan per a comptador com a esclau\" class=\"read-more\" href=\"https:\/\/v2charge.com\/ca\/modbus-rtu-trydan\/\" aria-label=\"Read more about Conexi\u00f3 MODBUS RTU punt de rec\u00e0rrega Trydan per a comptador com a esclau\">Read more<\/a><\/p>\n","protected":false},"author":1,"featured_media":170354,"parent":0,"menu_order":0,"comment_status":"closed","ping_status":"closed","template":"","meta":{"_eb_attr":"","content-type":"","_uag_custom_page_level_css":"","footnotes":""},"class_list":["post-309953","page","type-page","status-publish","has-post-thumbnail"],"yoast_head":"<!-- This site is optimized with the Yoast SEO plugin v25.3.1 - https:\/\/yoast.com\/wordpress\/plugins\/seo\/ -->\n<title>Conexi\u00f3 MODBUS RTU punt de rec\u00e0rrega Trydan per a comptador com a esclau - V2C<\/title>\n<meta name=\"robots\" content=\"index, follow, max-snippet:-1, max-image-preview:large, max-video-preview:-1\" \/>\n<link rel=\"canonical\" href=\"https:\/\/v2charge.com\/ca\/modbus-rtu-trydan\/\" \/>\n<meta property=\"og:locale\" content=\"ca_ES\" \/>\n<meta property=\"og:type\" content=\"article\" \/>\n<meta property=\"og:title\" content=\"Conexi\u00f3 MODBUS RTU punt de rec\u00e0rrega Trydan per a comptador com a esclau - V2C\" \/>\n<meta property=\"og:description\" content=\"Connexi\u00f3 MODBUS RTU punt de rec\u00e0rrega Trydan per a comptador esclau El punt de rec\u00e0rrega Trydan t\u00e9 connexi\u00f3 a trav\u00e9s del protocol Modbus RTU, amb dues finalitats. Operar el punt de rec\u00e0rrega en remot. Usuaris Avan\u00e7ats veuen: Mem\u00f2ria MODBUS Obtenir dades de Smart Meters comercials, per a integraci\u00f3 com a esclau, amb compatibilitat fotovoltaica. Mesuradors ... Read more\" \/>\n<meta property=\"og:url\" content=\"https:\/\/v2charge.com\/ca\/modbus-rtu-trydan\/\" \/>\n<meta property=\"og:site_name\" content=\"V2C\" \/>\n<meta property=\"article:publisher\" content=\"https:\/\/www.facebook.com\/V2C.Charge\" \/>\n<meta property=\"article:modified_time\" content=\"2023-06-12T13:51:56+00:00\" \/>\n<meta property=\"og:image\" content=\"https:\/\/v2charge.com\/wp-content\/uploads\/2024\/07\/v2c-electric-chargers.jpg\" \/>\n\t<meta property=\"og:image:width\" content=\"1200\" \/>\n\t<meta property=\"og:image:height\" content=\"675\" \/>\n\t<meta property=\"og:image:type\" content=\"image\/jpeg\" \/>\n<meta name=\"twitter:card\" content=\"summary_large_image\" \/>\n<meta name=\"twitter:site\" content=\"@V2C_Charge\" \/>\n<meta name=\"twitter:label1\" content=\"Est. reading time\" \/>\n\t<meta name=\"twitter:data1\" content=\"2 minuts\" \/>\n<script type=\"application\/ld+json\" class=\"yoast-schema-graph\">{\"@context\":\"https:\/\/schema.org\",\"@graph\":[{\"@type\":\"WebPage\",\"@id\":\"https:\/\/v2charge.com\/ca\/modbus-rtu-trydan\/\",\"url\":\"https:\/\/v2charge.com\/ca\/modbus-rtu-trydan\/\",\"name\":\"Conexi\u00f3 MODBUS RTU punt de rec\u00e0rrega Trydan per a comptador com a esclau - V2C\",\"isPartOf\":{\"@id\":\"https:\/\/v2charge.com\/ca\/#website\"},\"primaryImageOfPage\":{\"@id\":\"https:\/\/v2charge.com\/ca\/modbus-rtu-trydan\/#primaryimage\"},\"image\":{\"@id\":\"https:\/\/v2charge.com\/ca\/modbus-rtu-trydan\/#primaryimage\"},\"thumbnailUrl\":\"https:\/\/v2charge.com\/wp-content\/uploads\/2024\/07\/v2c-electric-chargers.jpg\",\"datePublished\":\"2023-02-03T14:19:30+00:00\",\"dateModified\":\"2023-06-12T13:51:56+00:00\",\"breadcrumb\":{\"@id\":\"https:\/\/v2charge.com\/ca\/modbus-rtu-trydan\/#breadcrumb\"},\"inLanguage\":\"ca\",\"potentialAction\":[{\"@type\":\"ReadAction\",\"target\":[\"https:\/\/v2charge.com\/ca\/modbus-rtu-trydan\/\"]}]},{\"@type\":\"ImageObject\",\"inLanguage\":\"ca\",\"@id\":\"https:\/\/v2charge.com\/ca\/modbus-rtu-trydan\/#primaryimage\",\"url\":\"https:\/\/v2charge.com\/wp-content\/uploads\/2024\/07\/v2c-electric-chargers.jpg\",\"contentUrl\":\"https:\/\/v2charge.com\/wp-content\/uploads\/2024\/07\/v2c-electric-chargers.jpg\",\"width\":1200,\"height\":675,\"caption\":\"V2C Electric Chargers\"},{\"@type\":\"BreadcrumbList\",\"@id\":\"https:\/\/v2charge.com\/ca\/modbus-rtu-trydan\/#breadcrumb\",\"itemListElement\":[{\"@type\":\"ListItem\",\"position\":1,\"name\":\"V2C\",\"item\":\"https:\/\/v2charge.com\/ca\/\"},{\"@type\":\"ListItem\",\"position\":2,\"name\":\"Conexi\u00f3 MODBUS RTU punt de rec\u00e0rrega Trydan per a comptador com a esclau\"}]},{\"@type\":\"WebSite\",\"@id\":\"https:\/\/v2charge.com\/ca\/#website\",\"url\":\"https:\/\/v2charge.com\/ca\/\",\"name\":\"V2C\",\"description\":\"#CargandoElMa\u00f1ana\",\"publisher\":{\"@id\":\"https:\/\/v2charge.com\/ca\/#organization\"},\"potentialAction\":[{\"@type\":\"SearchAction\",\"target\":{\"@type\":\"EntryPoint\",\"urlTemplate\":\"https:\/\/v2charge.com\/ca\/?s={search_term_string}\"},\"query-input\":{\"@type\":\"PropertyValueSpecification\",\"valueRequired\":true,\"valueName\":\"search_term_string\"}}],\"inLanguage\":\"ca\"},{\"@type\":\"Organization\",\"@id\":\"https:\/\/v2charge.com\/ca\/#organization\",\"name\":\"V2C\",\"url\":\"https:\/\/v2charge.com\/ca\/\",\"logo\":{\"@type\":\"ImageObject\",\"inLanguage\":\"ca\",\"@id\":\"https:\/\/v2charge.com\/ca\/#\/schema\/logo\/image\/\",\"url\":\"https:\/\/v2charge.com\/wp-content\/uploads\/2024\/11\/cropped-v2c-charge-logo-menu.png\",\"contentUrl\":\"https:\/\/v2charge.com\/wp-content\/uploads\/2024\/11\/cropped-v2c-charge-logo-menu.png\",\"width\":984,\"height\":431,\"caption\":\"V2C\"},\"image\":{\"@id\":\"https:\/\/v2charge.com\/ca\/#\/schema\/logo\/image\/\"},\"sameAs\":[\"https:\/\/www.facebook.com\/V2C.Charge\",\"https:\/\/x.com\/V2C_Charge\",\"https:\/\/www.instagram.com\/v2c.charge\/\",\"https:\/\/www.youtube.com\/@V2C\",\"https:\/\/www.linkedin.com\/company\/v2c-chargers\/\"]}]}<\/script>\n<!-- \/ Yoast SEO plugin. -->","yoast_head_json":{"title":"Conexi\u00f3 MODBUS RTU punt de rec\u00e0rrega Trydan per a comptador com a esclau - V2C","robots":{"index":"index","follow":"follow","max-snippet":"max-snippet:-1","max-image-preview":"max-image-preview:large","max-video-preview":"max-video-preview:-1"},"canonical":"https:\/\/v2charge.com\/ca\/modbus-rtu-trydan\/","og_locale":"ca_ES","og_type":"article","og_title":"Conexi\u00f3 MODBUS RTU punt de rec\u00e0rrega Trydan per a comptador com a esclau - V2C","og_description":"Connexi\u00f3 MODBUS RTU punt de rec\u00e0rrega Trydan per a comptador esclau El punt de rec\u00e0rrega Trydan t\u00e9 connexi\u00f3 a trav\u00e9s del protocol Modbus RTU, amb dues finalitats. Operar el punt de rec\u00e0rrega en remot. Usuaris Avan\u00e7ats veuen: Mem\u00f2ria MODBUS Obtenir dades de Smart Meters comercials, per a integraci\u00f3 com a esclau, amb compatibilitat fotovoltaica. Mesuradors ... Read more","og_url":"https:\/\/v2charge.com\/ca\/modbus-rtu-trydan\/","og_site_name":"V2C","article_publisher":"https:\/\/www.facebook.com\/V2C.Charge","article_modified_time":"2023-06-12T13:51:56+00:00","og_image":[{"width":1200,"height":675,"url":"https:\/\/v2charge.com\/wp-content\/uploads\/2024\/07\/v2c-electric-chargers.jpg","type":"image\/jpeg"}],"twitter_card":"summary_large_image","twitter_site":"@V2C_Charge","twitter_misc":{"Est. reading time":"2 minuts"},"schema":{"@context":"https:\/\/schema.org","@graph":[{"@type":"WebPage","@id":"https:\/\/v2charge.com\/ca\/modbus-rtu-trydan\/","url":"https:\/\/v2charge.com\/ca\/modbus-rtu-trydan\/","name":"Conexi\u00f3 MODBUS RTU punt de rec\u00e0rrega Trydan per a comptador com a esclau - V2C","isPartOf":{"@id":"https:\/\/v2charge.com\/ca\/#website"},"primaryImageOfPage":{"@id":"https:\/\/v2charge.com\/ca\/modbus-rtu-trydan\/#primaryimage"},"image":{"@id":"https:\/\/v2charge.com\/ca\/modbus-rtu-trydan\/#primaryimage"},"thumbnailUrl":"https:\/\/v2charge.com\/wp-content\/uploads\/2024\/07\/v2c-electric-chargers.jpg","datePublished":"2023-02-03T14:19:30+00:00","dateModified":"2023-06-12T13:51:56+00:00","breadcrumb":{"@id":"https:\/\/v2charge.com\/ca\/modbus-rtu-trydan\/#breadcrumb"},"inLanguage":"ca","potentialAction":[{"@type":"ReadAction","target":["https:\/\/v2charge.com\/ca\/modbus-rtu-trydan\/"]}]},{"@type":"ImageObject","inLanguage":"ca","@id":"https:\/\/v2charge.com\/ca\/modbus-rtu-trydan\/#primaryimage","url":"https:\/\/v2charge.com\/wp-content\/uploads\/2024\/07\/v2c-electric-chargers.jpg","contentUrl":"https:\/\/v2charge.com\/wp-content\/uploads\/2024\/07\/v2c-electric-chargers.jpg","width":1200,"height":675,"caption":"V2C Electric Chargers"},{"@type":"BreadcrumbList","@id":"https:\/\/v2charge.com\/ca\/modbus-rtu-trydan\/#breadcrumb","itemListElement":[{"@type":"ListItem","position":1,"name":"V2C","item":"https:\/\/v2charge.com\/ca\/"},{"@type":"ListItem","position":2,"name":"Conexi\u00f3 MODBUS RTU punt de rec\u00e0rrega Trydan per a comptador com a esclau"}]},{"@type":"WebSite","@id":"https:\/\/v2charge.com\/ca\/#website","url":"https:\/\/v2charge.com\/ca\/","name":"V2C","description":"#CargandoElMa\u00f1ana","publisher":{"@id":"https:\/\/v2charge.com\/ca\/#organization"},"potentialAction":[{"@type":"SearchAction","target":{"@type":"EntryPoint","urlTemplate":"https:\/\/v2charge.com\/ca\/?s={search_term_string}"},"query-input":{"@type":"PropertyValueSpecification","valueRequired":true,"valueName":"search_term_string"}}],"inLanguage":"ca"},{"@type":"Organization","@id":"https:\/\/v2charge.com\/ca\/#organization","name":"V2C","url":"https:\/\/v2charge.com\/ca\/","logo":{"@type":"ImageObject","inLanguage":"ca","@id":"https:\/\/v2charge.com\/ca\/#\/schema\/logo\/image\/","url":"https:\/\/v2charge.com\/wp-content\/uploads\/2024\/11\/cropped-v2c-charge-logo-menu.png","contentUrl":"https:\/\/v2charge.com\/wp-content\/uploads\/2024\/11\/cropped-v2c-charge-logo-menu.png","width":984,"height":431,"caption":"V2C"},"image":{"@id":"https:\/\/v2charge.com\/ca\/#\/schema\/logo\/image\/"},"sameAs":["https:\/\/www.facebook.com\/V2C.Charge","https:\/\/x.com\/V2C_Charge","https:\/\/www.instagram.com\/v2c.charge\/","https:\/\/www.youtube.com\/@V2C","https:\/\/www.linkedin.com\/company\/v2c-chargers\/"]}]}},"uagb_featured_image_src":{"full":["https:\/\/v2charge.com\/wp-content\/uploads\/2024\/07\/v2c-electric-chargers.jpg",1200,675,false],"thumbnail":["https:\/\/v2charge.com\/wp-content\/uploads\/2024\/07\/v2c-electric-chargers-150x150.jpg",150,150,true],"medium":["https:\/\/v2charge.com\/wp-content\/uploads\/2024\/07\/v2c-electric-chargers-300x169.jpg",300,169,true],"medium_large":["https:\/\/v2charge.com\/wp-content\/uploads\/2024\/07\/v2c-electric-chargers-768x432.jpg",768,432,true],"large":["https:\/\/v2charge.com\/wp-content\/uploads\/2024\/07\/v2c-electric-chargers-1024x576.jpg",1024,576,true],"gs-tiny":["https:\/\/v2charge.com\/wp-content\/uploads\/2024\/07\/v2c-electric-chargers.jpg",50,28,false],"xl":["https:\/\/v2charge.com\/wp-content\/uploads\/2024\/07\/v2c-electric-chargers.jpg",1200,675,false],"xxl":["https:\/\/v2charge.com\/wp-content\/uploads\/2024\/07\/v2c-electric-chargers.jpg",1200,675,false],"xxxl":["https:\/\/v2charge.com\/wp-content\/uploads\/2024\/07\/v2c-electric-chargers.jpg",1200,675,false],"xxxxl":["https:\/\/v2charge.com\/wp-content\/uploads\/2024\/07\/v2c-electric-chargers.jpg",1200,675,false],"xxxxxl":["https:\/\/v2charge.com\/wp-content\/uploads\/2024\/07\/v2c-electric-chargers.jpg",1200,675,false],"1536x1536":["https:\/\/v2charge.com\/wp-content\/uploads\/2024\/07\/v2c-electric-chargers.jpg",1200,675,false],"2048x2048":["https:\/\/v2charge.com\/wp-content\/uploads\/2024\/07\/v2c-electric-chargers.jpg",1200,675,false]},"uagb_author_info":{"display_name":"V2C","author_link":"https:\/\/v2charge.com\/ca\/author\/root_k4eu7ki8\/"},"uagb_comment_info":0,"uagb_excerpt":"Connexi\u00f3 MODBUS RTU punt de rec\u00e0rrega Trydan per a comptador esclau El punt de rec\u00e0rrega Trydan t\u00e9 connexi\u00f3 a trav\u00e9s del protocol Modbus RTU, amb dues finalitats. Operar el punt de rec\u00e0rrega en remot. Usuaris Avan\u00e7ats veuen: Mem\u00f2ria MODBUS Obtenir dades de Smart Meters comercials, per a integraci\u00f3 com a esclau, amb compatibilitat fotovoltaica. Mesuradors&hellip;","_links":{"self":[{"href":"https:\/\/v2charge.com\/ca\/wp-json\/wp\/v2\/pages\/309953","targetHints":{"allow":["GET"]}}],"collection":[{"href":"https:\/\/v2charge.com\/ca\/wp-json\/wp\/v2\/pages"}],"about":[{"href":"https:\/\/v2charge.com\/ca\/wp-json\/wp\/v2\/types\/page"}],"author":[{"embeddable":true,"href":"https:\/\/v2charge.com\/ca\/wp-json\/wp\/v2\/users\/1"}],"replies":[{"embeddable":true,"href":"https:\/\/v2charge.com\/ca\/wp-json\/wp\/v2\/comments?post=309953"}],"version-history":[{"count":0,"href":"https:\/\/v2charge.com\/ca\/wp-json\/wp\/v2\/pages\/309953\/revisions"}],"wp:featuredmedia":[{"embeddable":true,"href":"https:\/\/v2charge.com\/ca\/wp-json\/wp\/v2\/media\/170354"}],"wp:attachment":[{"href":"https:\/\/v2charge.com\/ca\/wp-json\/wp\/v2\/media?parent=309953"}],"curies":[{"name":"wp","href":"https:\/\/api.w.org\/{rel}","templated":true}]}}