{"id":310047,"date":"2024-03-21T09:50:09","date_gmt":"2024-03-21T07:50:09","guid":{"rendered":""},"modified":"2026-01-09T16:23:46","modified_gmt":"2026-01-09T14:23:46","slug":"iluminacio-led-pole-pro","status":"publish","type":"page","link":"https:\/\/v2charge.com\/ca\/area-de-suport\/suport-pole-pro\/iluminacio-led-pole-pro\/","title":{"rendered":"Indicacions d&#8217;il\u00b7luminaci\u00f3 del carregador POLE PRO"},"content":{"rendered":"\n<div class=\"wp-block-uagb-container uagb-block-17e1a3db alignfull uagb-is-root-container\"><div class=\"uagb-container-inner-blocks-wrap\"><div class=\"yoast-breadcrumbs\"><span><span><a href=\"https:\/\/v2charge.com\/ca\/\">V2C<\/a><\/span> \u00bb <span><a href=\"https:\/\/v2charge.com\/ca\/suport-pole-pro\/\">Soporte para Pole Pro<\/a><\/span> \u00bb <span class=\"breadcrumb_last\" aria-current=\"page\">Indicaciones de los colores LED de los conectores<\/span><\/span><\/div>\n\n<h1 class=\"wp-block-heading\">Indicacions d&#8217;il\u00b7luminaci\u00f3 de Pole Pro<\/h1>\n\n<p>La il\u00b7luminaci\u00f3 LED dels connectors situats als laterals de l&#8217;e-Charger <strong>canvia de color en funci\u00f3 de l&#8217;estat de c\u00e0rrega<\/strong>. En el cas dels e-Chargers Pole Pro versi\u00f3 Cloud, aquests missatges lluminosos van acompanyats d&#8217;indicacions en pantalla que milloren la comprensi\u00f3 de l&#8217;estat en qu\u00e8 es troba el carregador.<br><br>Coneix a continuaci\u00f3 el <strong>significat de cada color<\/strong>:<\/p><\/div><\/div>\n\n\n\n<div class=\"wp-block-uagb-container uagb-block-75d0ab47 alignfull uagb-is-root-container\"><div class=\"uagb-container-inner-blocks-wrap\">\n<div class=\"wp-block-uagb-container uagb-block-2cfcf5c9\"><div class=\"wp-block-uagb-info-box uagb-block-ba6a016d uagb-infobox__content-wrap  uagb-infobox-icon-left uagb-infobox-left uagb-infobox-stacked-tablet uagb-infobox-image-valign-middle\"><div class=\"uagb-ifb-image-content\"><img decoding=\"async\" src=\"https:\/\/v2charge.com\/wp-content\/uploads\/2024\/03\/led-pole-pro-blanco.png\" alt=\"\" width=\"250\" height=\"250\" loading=\"lazy\"\/><\/div><div class=\"uagb-ifb-content\"><div class=\"uagb-ifb-title-wrap\"><\/div><p class=\"uagb-ifb-desc\"><strong>Blanc: <\/strong>el carregador est\u00e0 disponible per a la seva utilitzaci\u00f3. El vehicle el\u00e8ctric no est\u00e0 connectat.<\/p><\/div><\/div><\/div>\n\n\n\n<div class=\"wp-block-uagb-container uagb-block-ca69bc3f\"><div class=\"wp-block-uagb-info-box uagb-block-1b7a5f11 uagb-infobox__content-wrap  uagb-infobox-icon-left uagb-infobox-left uagb-infobox-stacked-tablet uagb-infobox-image-valign-middle\"><div class=\"uagb-ifb-image-content\"><img decoding=\"async\" src=\"https:\/\/v2charge.com\/wp-content\/uploads\/2024\/03\/led-pole-pro-cyan.png\" alt=\"\" width=\"250\" height=\"250\" loading=\"lazy\"\/><\/div><div class=\"uagb-ifb-content\"><div class=\"uagb-ifb-title-wrap\"><\/div><p class=\"uagb-ifb-desc\"><strong><strong>Blau clar:<\/strong><\/strong>&nbsp;el temporitzador est\u00e0 activat, \u00e9s a dir, hi ha una c\u00e0rrega programada. Els sistemes OCPP, V2C Payments o RFID estan habilitats.<br><br><strong><strong>Blau clar intermitent:<\/strong><\/strong>&nbsp;la c\u00e0rrega est\u00e0 habilitada temporalment. Preparat per connectar el vehicle.<\/p><\/div><\/div><\/div>\n<\/div><\/div>\n\n\n\n<div class=\"wp-block-uagb-container uagb-block-2fb6f6e8 alignfull uagb-is-root-container\"><div class=\"uagb-container-inner-blocks-wrap\">\n<div class=\"wp-block-uagb-container uagb-block-f8ca3454\"><div class=\"wp-block-uagb-info-box uagb-block-2a797057 uagb-infobox__content-wrap  uagb-infobox-icon-left uagb-infobox-left uagb-infobox-stacked-tablet uagb-infobox-image-valign-middle\"><div class=\"uagb-ifb-image-content\"><img decoding=\"async\" src=\"https:\/\/v2charge.com\/wp-content\/uploads\/2024\/03\/led-pole-pro-verde.png\" alt=\"\" width=\"250\" height=\"250\" loading=\"lazy\"\/><\/div><div class=\"uagb-ifb-content\"><div class=\"uagb-ifb-title-wrap\"><\/div><p class=\"uagb-ifb-desc\"><strong>Verd: <\/strong>el vehicle el\u00e8ctric est\u00e0 connectat al carregador per\u00f2 no est\u00e0 carregant.<\/p><\/div><\/div><\/div>\n\n\n\n<div class=\"wp-block-uagb-container uagb-block-4a4478e1\"><div class=\"wp-block-uagb-info-box uagb-block-8d61e125 uagb-infobox__content-wrap  uagb-infobox-icon-left uagb-infobox-left uagb-infobox-stacked-tablet uagb-infobox-image-valign-middle\"><div class=\"uagb-ifb-image-content\"><img decoding=\"async\" src=\"https:\/\/v2charge.com\/wp-content\/uploads\/2024\/03\/led-pole-pro-azul.png\" alt=\"\" width=\"250\" height=\"250\" loading=\"lazy\"\/><\/div><div class=\"uagb-ifb-content\"><div class=\"uagb-ifb-title-wrap\"><\/div><p class=\"uagb-ifb-desc\"><strong><strong>Blau:<\/strong><\/strong>&nbsp;el vehicle el\u00e8ctric s&#8217;est\u00e0 carregant.<\/p><\/div><\/div><\/div>\n<\/div><\/div>\n\n\n\n<div class=\"wp-block-uagb-container uagb-block-3a15d4c4 alignfull uagb-is-root-container\"><div class=\"uagb-container-inner-blocks-wrap\">\n<div class=\"wp-block-uagb-container uagb-block-fa44fe7d\"><div class=\"wp-block-uagb-info-box uagb-block-d9736fd4 uagb-infobox__content-wrap  uagb-infobox-icon-left uagb-infobox-left uagb-infobox-stacked-tablet uagb-infobox-image-valign-middle\"><div class=\"uagb-ifb-image-content\"><img decoding=\"async\" src=\"https:\/\/v2charge.com\/wp-content\/uploads\/2024\/03\/led-pole-pro-amarillo.png\" alt=\"\" width=\"250\" height=\"250\" loading=\"lazy\"\/><\/div><div class=\"uagb-ifb-content\"><div class=\"uagb-ifb-title-wrap\"><\/div><p class=\"uagb-ifb-desc\"><strong>Groc: <\/strong>la c\u00e0rrega est\u00e0 pausada.<\/p><\/div><\/div><\/div>\n\n\n\n<div class=\"wp-block-uagb-container uagb-block-835e2c9b\"><div class=\"wp-block-uagb-info-box uagb-block-0c989385 uagb-infobox__content-wrap  uagb-infobox-icon-left uagb-infobox-left uagb-infobox-stacked-tablet uagb-infobox-image-valign-middle\"><div class=\"uagb-ifb-image-content\"><img decoding=\"async\" src=\"https:\/\/v2charge.com\/wp-content\/uploads\/2024\/03\/led-pole-pro-apagado.png\" alt=\"\" width=\"250\" height=\"250\" loading=\"lazy\"\/><\/div><div class=\"uagb-ifb-content\"><div class=\"uagb-ifb-title-wrap\"><\/div><p class=\"uagb-ifb-desc\"><strong><strong>Apagat:<\/strong><\/strong>&nbsp;el connector est\u00e0 bloquejat.<\/p><\/div><\/div><\/div>\n<\/div><\/div>\n\n\n\n<div style=\"height:30px\" aria-hidden=\"true\" class=\"wp-block-spacer\"><\/div>\n\n\n\n<div class=\"wp-block-uagb-container uagb-block-c6f38013 alignfull uagb-is-root-container\"><div class=\"uagb-container-inner-blocks-wrap\"><div class=\"wp-block-uagb-advanced-heading uagb-block-6963d70c\"><h2 class=\"uagb-heading-text\"><strong>Necessites suport t\u00e8cnic?<\/strong><\/h2><\/div>\n\n<div class=\"wp-block-uagb-advanced-heading uagb-block-408243eb\"><p class=\"uagb-heading-text\">Resol el teu incident al moment a trav\u00e9s del nostre xat amb IA. Si no es resol, genera una sol\u00b7licitud al Centre de Suport T\u00e8cnic i ens posarem en contacte amb tu tan aviat com sigui possible per oferir-te la millor soluci\u00f3.<\/p><\/div>\n\n<div class=\"wp-block-uagb-info-box uagb-block-12e3cf1c uagb-infobox__content-wrap  uagb-infobox-icon-left uagb-infobox-left uagb-infobox-image-valign-top wp-block-uagb-info-box--has-margin ai-chatbot-button\"><div class=\"uagb-infobox-margin-wrapper\"><div class=\"uagb-ifb-image-content\"><img decoding=\"async\" src=\"https:\/\/v2charge.com\/wp-content\/uploads\/2026\/01\/support-ai-chatbot.png\" alt=\"\" width=\"20\" height=\"19\" loading=\"lazy\"\/><\/div><div class=\"uagb-ifb-content\"><div class=\"uagb-ifb-title-wrap\"><\/div><div class=\"uagb-ifb-button-wrapper wp-block-button\"><a href=\"https:\/\/v2charge.com\/ca\/area-de-suport\/suport-pole-pro\/\" class=\"uagb-infobox-cta-link wp-block-button__link\" target=\"_blank\" rel=\"noopener noreferrer\" onclick=\"return true;\"><span class=\"uagb-inline-editing\">Pregunta al nostre xat amb IA<\/span><\/a><\/div><\/div><\/div><\/div>\n\n\n<div class=\"wp-block-uagb-buttons uagb-buttons__outer-wrap uagb-btn__default-btn uagb-btn-tablet__default-btn uagb-btn-mobile__default-btn uagb-block-ba1e67d1\"><div class=\"uagb-buttons__wrap uagb-buttons-layout-wrap \"><div class=\"wp-block-uagb-buttons-child uagb-buttons__outer-wrap uagb-block-23cfb623 wp-block-button\"><div class=\"uagb-button__wrapper\"><a class=\"uagb-buttons-repeater wp-block-button__link\" aria-label=\"\" href=\"https:\/\/v2charge.atlassian.net\/servicedesk\/customer\/portal\/3\" rel=\"follow noopener\" target=\"_blank\" role=\"button\"><div class=\"uagb-button__link\">Contacta amb Suport T\u00e8cnic<\/div><\/a><\/div><\/div><\/div><\/div>\n<\/div><\/div>\n","protected":false},"excerpt":{"rendered":"<p>Indicacions d&#8217;il\u00b7luminaci\u00f3 de Pole Pro La il\u00b7luminaci\u00f3 LED dels connectors situats als laterals de l&#8217;e-Charger canvia de color en funci\u00f3 de l&#8217;estat de c\u00e0rrega. En el cas dels e-Chargers Pole Pro versi\u00f3 Cloud, aquests missatges lluminosos van acompanyats d&#8217;indicacions en pantalla que milloren la comprensi\u00f3 de l&#8217;estat en qu\u00e8 es troba el carregador. Coneix a &#8230; <a title=\"Indicacions d&#8217;il\u00b7luminaci\u00f3 del carregador POLE PRO\" class=\"read-more\" href=\"https:\/\/v2charge.com\/ca\/area-de-suport\/suport-pole-pro\/iluminacio-led-pole-pro\/\" aria-label=\"Read more about Indicacions d&#8217;il\u00b7luminaci\u00f3 del carregador POLE PRO\">Read more<\/a><\/p>\n","protected":false},"author":400,"featured_media":170354,"parent":309829,"menu_order":0,"comment_status":"closed","ping_status":"closed","template":"","meta":{"_eb_attr":"","content-type":"","_uag_custom_page_level_css":"","footnotes":""},"class_list":["post-310047","page","type-page","status-publish","has-post-thumbnail"],"yoast_head":"<!-- This site is optimized with the Yoast SEO plugin v25.3.1 - https:\/\/yoast.com\/wordpress\/plugins\/seo\/ -->\n<title>Indicacions colors LED - Cargador Pole Pro<\/title>\n<meta name=\"description\" content=\"Els connectors del lateral de Pole Pro s&#039;il\u00b7luminen segons l&#039;estat de c\u00e0rrega. Coneix els diferents significats. V2C\" \/>\n<meta name=\"robots\" content=\"index, follow, max-snippet:-1, max-image-preview:large, max-video-preview:-1\" \/>\n<link rel=\"canonical\" href=\"https:\/\/v2charge.com\/ca\/area-de-suport\/suport-pole-pro\/iluminacio-led-pole-pro\/\" \/>\n<meta property=\"og:locale\" content=\"ca_ES\" \/>\n<meta property=\"og:type\" content=\"article\" \/>\n<meta property=\"og:title\" content=\"Indicacions colors LED - Cargador Pole Pro\" \/>\n<meta property=\"og:description\" content=\"Els connectors del lateral de Pole Pro s&#039;il\u00b7luminen segons l&#039;estat de c\u00e0rrega. Coneix els diferents significats. V2C\" \/>\n<meta property=\"og:url\" content=\"https:\/\/v2charge.com\/ca\/area-de-suport\/suport-pole-pro\/iluminacio-led-pole-pro\/\" \/>\n<meta property=\"og:site_name\" content=\"V2C\" \/>\n<meta property=\"article:publisher\" content=\"https:\/\/www.facebook.com\/V2C.Charge\" \/>\n<meta property=\"article:modified_time\" content=\"2026-01-09T14:23:46+00:00\" \/>\n<meta property=\"og:image\" content=\"https:\/\/v2charge.com\/wp-content\/uploads\/2024\/07\/v2c-electric-chargers.jpg\" \/>\n\t<meta property=\"og:image:width\" content=\"1200\" \/>\n\t<meta property=\"og:image:height\" content=\"675\" \/>\n\t<meta property=\"og:image:type\" content=\"image\/jpeg\" \/>\n<meta name=\"twitter:card\" content=\"summary_large_image\" \/>\n<meta name=\"twitter:site\" content=\"@V2C_Charge\" \/>\n<meta name=\"twitter:label1\" content=\"Est. reading time\" \/>\n\t<meta name=\"twitter:data1\" content=\"3 minuts\" \/>\n<script type=\"application\/ld+json\" class=\"yoast-schema-graph\">{\"@context\":\"https:\/\/schema.org\",\"@graph\":[{\"@type\":\"WebPage\",\"@id\":\"https:\/\/v2charge.com\/ca\/area-de-suport\/suport-pole-pro\/iluminacio-led-pole-pro\/\",\"url\":\"https:\/\/v2charge.com\/ca\/area-de-suport\/suport-pole-pro\/iluminacio-led-pole-pro\/\",\"name\":\"Indicacions colors LED - Cargador Pole Pro\",\"isPartOf\":{\"@id\":\"https:\/\/v2charge.com\/ca\/#website\"},\"primaryImageOfPage\":{\"@id\":\"https:\/\/v2charge.com\/ca\/area-de-suport\/suport-pole-pro\/iluminacio-led-pole-pro\/#primaryimage\"},\"image\":{\"@id\":\"https:\/\/v2charge.com\/ca\/area-de-suport\/suport-pole-pro\/iluminacio-led-pole-pro\/#primaryimage\"},\"thumbnailUrl\":\"https:\/\/v2charge.com\/wp-content\/uploads\/2024\/07\/v2c-electric-chargers.jpg\",\"datePublished\":\"2024-03-21T07:50:09+00:00\",\"dateModified\":\"2026-01-09T14:23:46+00:00\",\"description\":\"Els connectors del lateral de Pole Pro s'il\u00b7luminen segons l'estat de c\u00e0rrega. Coneix els diferents significats. V2C\",\"breadcrumb\":{\"@id\":\"https:\/\/v2charge.com\/ca\/area-de-suport\/suport-pole-pro\/iluminacio-led-pole-pro\/#breadcrumb\"},\"inLanguage\":\"ca\",\"potentialAction\":[{\"@type\":\"ReadAction\",\"target\":[\"https:\/\/v2charge.com\/ca\/area-de-suport\/suport-pole-pro\/iluminacio-led-pole-pro\/\"]}]},{\"@type\":\"ImageObject\",\"inLanguage\":\"ca\",\"@id\":\"https:\/\/v2charge.com\/ca\/area-de-suport\/suport-pole-pro\/iluminacio-led-pole-pro\/#primaryimage\",\"url\":\"https:\/\/v2charge.com\/wp-content\/uploads\/2024\/07\/v2c-electric-chargers.jpg\",\"contentUrl\":\"https:\/\/v2charge.com\/wp-content\/uploads\/2024\/07\/v2c-electric-chargers.jpg\",\"width\":1200,\"height\":675,\"caption\":\"V2C Electric Chargers\"},{\"@type\":\"BreadcrumbList\",\"@id\":\"https:\/\/v2charge.com\/ca\/area-de-suport\/suport-pole-pro\/iluminacio-led-pole-pro\/#breadcrumb\",\"itemListElement\":[{\"@type\":\"ListItem\",\"position\":1,\"name\":\"V2C\",\"item\":\"https:\/\/v2charge.com\/ca\/\"},{\"@type\":\"ListItem\",\"position\":2,\"name\":\"Soporte para Pole Pro\",\"item\":\"https:\/\/v2charge.com\/ca\/suport-pole-pro\/\"},{\"@type\":\"ListItem\",\"position\":3,\"name\":\"Indicaciones de los colores LED de los conectores\"}]},{\"@type\":\"WebSite\",\"@id\":\"https:\/\/v2charge.com\/ca\/#website\",\"url\":\"https:\/\/v2charge.com\/ca\/\",\"name\":\"V2C\",\"description\":\"#CargandoElMa\u00f1ana\",\"publisher\":{\"@id\":\"https:\/\/v2charge.com\/ca\/#organization\"},\"potentialAction\":[{\"@type\":\"SearchAction\",\"target\":{\"@type\":\"EntryPoint\",\"urlTemplate\":\"https:\/\/v2charge.com\/ca\/?s={search_term_string}\"},\"query-input\":{\"@type\":\"PropertyValueSpecification\",\"valueRequired\":true,\"valueName\":\"search_term_string\"}}],\"inLanguage\":\"ca\"},{\"@type\":\"Organization\",\"@id\":\"https:\/\/v2charge.com\/ca\/#organization\",\"name\":\"V2C\",\"url\":\"https:\/\/v2charge.com\/ca\/\",\"logo\":{\"@type\":\"ImageObject\",\"inLanguage\":\"ca\",\"@id\":\"https:\/\/v2charge.com\/ca\/#\/schema\/logo\/image\/\",\"url\":\"https:\/\/v2charge.com\/wp-content\/uploads\/2024\/11\/cropped-v2c-charge-logo-menu.png\",\"contentUrl\":\"https:\/\/v2charge.com\/wp-content\/uploads\/2024\/11\/cropped-v2c-charge-logo-menu.png\",\"width\":984,\"height\":431,\"caption\":\"V2C\"},\"image\":{\"@id\":\"https:\/\/v2charge.com\/ca\/#\/schema\/logo\/image\/\"},\"sameAs\":[\"https:\/\/www.facebook.com\/V2C.Charge\",\"https:\/\/x.com\/V2C_Charge\",\"https:\/\/www.instagram.com\/v2c.charge\/\",\"https:\/\/www.youtube.com\/@V2C\",\"https:\/\/www.linkedin.com\/company\/v2c-chargers\/\"]}]}<\/script>\n<!-- \/ Yoast SEO plugin. -->","yoast_head_json":{"title":"Indicacions colors LED - Cargador Pole Pro","description":"Els connectors del lateral de Pole Pro s'il\u00b7luminen segons l'estat de c\u00e0rrega. Coneix els diferents significats. V2C","robots":{"index":"index","follow":"follow","max-snippet":"max-snippet:-1","max-image-preview":"max-image-preview:large","max-video-preview":"max-video-preview:-1"},"canonical":"https:\/\/v2charge.com\/ca\/area-de-suport\/suport-pole-pro\/iluminacio-led-pole-pro\/","og_locale":"ca_ES","og_type":"article","og_title":"Indicacions colors LED - Cargador Pole Pro","og_description":"Els connectors del lateral de Pole Pro s'il\u00b7luminen segons l'estat de c\u00e0rrega. Coneix els diferents significats. V2C","og_url":"https:\/\/v2charge.com\/ca\/area-de-suport\/suport-pole-pro\/iluminacio-led-pole-pro\/","og_site_name":"V2C","article_publisher":"https:\/\/www.facebook.com\/V2C.Charge","article_modified_time":"2026-01-09T14:23:46+00:00","og_image":[{"width":1200,"height":675,"url":"https:\/\/v2charge.com\/wp-content\/uploads\/2024\/07\/v2c-electric-chargers.jpg","type":"image\/jpeg"}],"twitter_card":"summary_large_image","twitter_site":"@V2C_Charge","twitter_misc":{"Est. reading time":"3 minuts"},"schema":{"@context":"https:\/\/schema.org","@graph":[{"@type":"WebPage","@id":"https:\/\/v2charge.com\/ca\/area-de-suport\/suport-pole-pro\/iluminacio-led-pole-pro\/","url":"https:\/\/v2charge.com\/ca\/area-de-suport\/suport-pole-pro\/iluminacio-led-pole-pro\/","name":"Indicacions colors LED - Cargador Pole Pro","isPartOf":{"@id":"https:\/\/v2charge.com\/ca\/#website"},"primaryImageOfPage":{"@id":"https:\/\/v2charge.com\/ca\/area-de-suport\/suport-pole-pro\/iluminacio-led-pole-pro\/#primaryimage"},"image":{"@id":"https:\/\/v2charge.com\/ca\/area-de-suport\/suport-pole-pro\/iluminacio-led-pole-pro\/#primaryimage"},"thumbnailUrl":"https:\/\/v2charge.com\/wp-content\/uploads\/2024\/07\/v2c-electric-chargers.jpg","datePublished":"2024-03-21T07:50:09+00:00","dateModified":"2026-01-09T14:23:46+00:00","description":"Els connectors del lateral de Pole Pro s'il\u00b7luminen segons l'estat de c\u00e0rrega. Coneix els diferents significats. V2C","breadcrumb":{"@id":"https:\/\/v2charge.com\/ca\/area-de-suport\/suport-pole-pro\/iluminacio-led-pole-pro\/#breadcrumb"},"inLanguage":"ca","potentialAction":[{"@type":"ReadAction","target":["https:\/\/v2charge.com\/ca\/area-de-suport\/suport-pole-pro\/iluminacio-led-pole-pro\/"]}]},{"@type":"ImageObject","inLanguage":"ca","@id":"https:\/\/v2charge.com\/ca\/area-de-suport\/suport-pole-pro\/iluminacio-led-pole-pro\/#primaryimage","url":"https:\/\/v2charge.com\/wp-content\/uploads\/2024\/07\/v2c-electric-chargers.jpg","contentUrl":"https:\/\/v2charge.com\/wp-content\/uploads\/2024\/07\/v2c-electric-chargers.jpg","width":1200,"height":675,"caption":"V2C Electric Chargers"},{"@type":"BreadcrumbList","@id":"https:\/\/v2charge.com\/ca\/area-de-suport\/suport-pole-pro\/iluminacio-led-pole-pro\/#breadcrumb","itemListElement":[{"@type":"ListItem","position":1,"name":"V2C","item":"https:\/\/v2charge.com\/ca\/"},{"@type":"ListItem","position":2,"name":"Soporte para Pole Pro","item":"https:\/\/v2charge.com\/ca\/suport-pole-pro\/"},{"@type":"ListItem","position":3,"name":"Indicaciones de los colores LED de los conectores"}]},{"@type":"WebSite","@id":"https:\/\/v2charge.com\/ca\/#website","url":"https:\/\/v2charge.com\/ca\/","name":"V2C","description":"#CargandoElMa\u00f1ana","publisher":{"@id":"https:\/\/v2charge.com\/ca\/#organization"},"potentialAction":[{"@type":"SearchAction","target":{"@type":"EntryPoint","urlTemplate":"https:\/\/v2charge.com\/ca\/?s={search_term_string}"},"query-input":{"@type":"PropertyValueSpecification","valueRequired":true,"valueName":"search_term_string"}}],"inLanguage":"ca"},{"@type":"Organization","@id":"https:\/\/v2charge.com\/ca\/#organization","name":"V2C","url":"https:\/\/v2charge.com\/ca\/","logo":{"@type":"ImageObject","inLanguage":"ca","@id":"https:\/\/v2charge.com\/ca\/#\/schema\/logo\/image\/","url":"https:\/\/v2charge.com\/wp-content\/uploads\/2024\/11\/cropped-v2c-charge-logo-menu.png","contentUrl":"https:\/\/v2charge.com\/wp-content\/uploads\/2024\/11\/cropped-v2c-charge-logo-menu.png","width":984,"height":431,"caption":"V2C"},"image":{"@id":"https:\/\/v2charge.com\/ca\/#\/schema\/logo\/image\/"},"sameAs":["https:\/\/www.facebook.com\/V2C.Charge","https:\/\/x.com\/V2C_Charge","https:\/\/www.instagram.com\/v2c.charge\/","https:\/\/www.youtube.com\/@V2C","https:\/\/www.linkedin.com\/company\/v2c-chargers\/"]}]}},"uagb_featured_image_src":{"full":["https:\/\/v2charge.com\/wp-content\/uploads\/2024\/07\/v2c-electric-chargers.jpg",1200,675,false],"thumbnail":["https:\/\/v2charge.com\/wp-content\/uploads\/2024\/07\/v2c-electric-chargers-150x150.jpg",150,150,true],"medium":["https:\/\/v2charge.com\/wp-content\/uploads\/2024\/07\/v2c-electric-chargers-300x169.jpg",300,169,true],"medium_large":["https:\/\/v2charge.com\/wp-content\/uploads\/2024\/07\/v2c-electric-chargers-768x432.jpg",768,432,true],"large":["https:\/\/v2charge.com\/wp-content\/uploads\/2024\/07\/v2c-electric-chargers-1024x576.jpg",1024,576,true],"gs-tiny":["https:\/\/v2charge.com\/wp-content\/uploads\/2024\/07\/v2c-electric-chargers.jpg",50,28,false],"xl":["https:\/\/v2charge.com\/wp-content\/uploads\/2024\/07\/v2c-electric-chargers.jpg",1200,675,false],"xxl":["https:\/\/v2charge.com\/wp-content\/uploads\/2024\/07\/v2c-electric-chargers.jpg",1200,675,false],"xxxl":["https:\/\/v2charge.com\/wp-content\/uploads\/2024\/07\/v2c-electric-chargers.jpg",1200,675,false],"xxxxl":["https:\/\/v2charge.com\/wp-content\/uploads\/2024\/07\/v2c-electric-chargers.jpg",1200,675,false],"xxxxxl":["https:\/\/v2charge.com\/wp-content\/uploads\/2024\/07\/v2c-electric-chargers.jpg",1200,675,false],"1536x1536":["https:\/\/v2charge.com\/wp-content\/uploads\/2024\/07\/v2c-electric-chargers.jpg",1200,675,false],"2048x2048":["https:\/\/v2charge.com\/wp-content\/uploads\/2024\/07\/v2c-electric-chargers.jpg",1200,675,false]},"uagb_author_info":{"display_name":"V2C","author_link":"https:\/\/v2charge.com\/ca\/author\/marketing\/"},"uagb_comment_info":0,"uagb_excerpt":"Indicacions d&#8217;il\u00b7luminaci\u00f3 de Pole Pro La il\u00b7luminaci\u00f3 LED dels connectors situats als laterals de l&#8217;e-Charger canvia de color en funci\u00f3 de l&#8217;estat de c\u00e0rrega. En el cas dels e-Chargers Pole Pro versi\u00f3 Cloud, aquests missatges lluminosos van acompanyats d&#8217;indicacions en pantalla que milloren la comprensi\u00f3 de l&#8217;estat en qu\u00e8 es troba el carregador. Coneix a&hellip;","_links":{"self":[{"href":"https:\/\/v2charge.com\/ca\/wp-json\/wp\/v2\/pages\/310047","targetHints":{"allow":["GET"]}}],"collection":[{"href":"https:\/\/v2charge.com\/ca\/wp-json\/wp\/v2\/pages"}],"about":[{"href":"https:\/\/v2charge.com\/ca\/wp-json\/wp\/v2\/types\/page"}],"author":[{"embeddable":true,"href":"https:\/\/v2charge.com\/ca\/wp-json\/wp\/v2\/users\/400"}],"replies":[{"embeddable":true,"href":"https:\/\/v2charge.com\/ca\/wp-json\/wp\/v2\/comments?post=310047"}],"version-history":[{"count":0,"href":"https:\/\/v2charge.com\/ca\/wp-json\/wp\/v2\/pages\/310047\/revisions"}],"up":[{"embeddable":true,"href":"https:\/\/v2charge.com\/ca\/wp-json\/wp\/v2\/pages\/309829"}],"wp:featuredmedia":[{"embeddable":true,"href":"https:\/\/v2charge.com\/ca\/wp-json\/wp\/v2\/media\/170354"}],"wp:attachment":[{"href":"https:\/\/v2charge.com\/ca\/wp-json\/wp\/v2\/media?parent=310047"}],"curies":[{"name":"wp","href":"https:\/\/api.w.org\/{rel}","templated":true}]}}