{"id":310091,"date":"2024-06-24T14:09:11","date_gmt":"2024-06-24T12:09:11","guid":{"rendered":""},"modified":"2026-01-09T16:35:36","modified_gmt":"2026-01-09T14:35:36","slug":"impedancia-infinita-trydan","status":"publish","type":"page","link":"https:\/\/v2charge.com\/ca\/area-de-suport\/suport-trydan\/impedancia-infinita-trydan\/","title":{"rendered":"Imped\u00e0ncia infinita"},"content":{"rendered":"\n<div class=\"wp-block-uagb-container uagb-block-2b438ecc alignfull uagb-is-root-container\"><div class=\"uagb-container-inner-blocks-wrap\">\n<div style=\"height:20px\" aria-hidden=\"true\" class=\"wp-block-spacer\"><\/div>\n\n\n<div class=\"yoast-breadcrumbs\"><span><span><a href=\"https:\/\/v2charge.com\/ca\/\">V2C<\/a><\/span> \u00bb <span><a href=\"https:\/\/v2charge.com\/ca\/suport-trydan\/\">Soporte para Trydan<\/a><\/span> \u00bb <span class=\"breadcrumb_last\" aria-current=\"page\">Imped\u00e0ncia infinita<\/span><\/span><\/div>\n\n\n<div style=\"height:0px\" aria-hidden=\"true\" class=\"wp-block-spacer\"><\/div>\n\n\n<h1 class=\"wp-block-heading\" style=\"font-size:29px\">Imped\u00e0ncia infinita<\/h1>\n\n<p>El e-Charger Trydan, en la seva versi\u00f3 amb proteccions incloses, disposa d&#8217;imped\u00e0ncia infinita (o imped\u00e0ncia zero),<strong> una tecnologia desenvolupada per V2C<\/strong> que permet que el comptador no detecti el punt de rec\u00e0rrega. Per tant, <strong>en cas de tall de llum, es pot rearmar la instal\u00b7laci\u00f3 \u00fanicament baixant i pujant l&#8217;autom\u00e0tic general de la vivenda.<\/strong><\/p>\n\n<p><strong>La imped\u00e0ncia infinita funciona sota les seg\u00fcents condicions:<\/strong><\/p>\n\n\n<ul class=\"wp-block-list\"><li>El comptador ha de ser de <strong>Iberdrola<\/strong>, <strong>Landis Gyr<\/strong>, <strong>ZiV<\/strong> o <strong>Gridspertise<\/strong>.<\/li>\n\n<li>El carregador ha de ser <strong>monof\u00e0sic<\/strong> i comptar amb el bloc de proteccions proporcionat per la f\u00e0brica, espec\u00edficament de les marques CHINT o TOSCANO.<\/li>\n\n<li>No s&#8217;ha de realitzar <strong>cap modificaci\u00f3<\/strong> interna al carregador, com la instal\u00b7laci\u00f3 d&#8217;una presa de corrent addicional, presa Schuko o un altre tipus de presa.<\/li>\n\n<li>La l\u00ednia d&#8217;alimentaci\u00f3 del carregador no ha de presentar<strong> cap derivaci\u00f3 o empalme.<\/strong><\/li>\n\n<li>El component &#8216;<strong>COMP1<\/strong>&#8216; es connecta al <strong>connector P2<\/strong> com indica la imatge.<\/li>\n\n<li>El n\u00famero 1 del component &#8216;<strong>COMP1<\/strong>&#8216; ha de <strong>coincidir<\/strong> amb el n\u00famero 1 del connector P2.<\/li>\n\n<li>El component &#8216;<strong>POV-1<\/strong>&#8216; ha d&#8217;anar connectat <strong>com indica la imatge<\/strong>, \u00e9s a dir, la fase (F) ha d&#8217;anar connectada a la connexi\u00f3 1 i el neutre (N) ha d&#8217;anar connectat a la connexi\u00f3 2.<\/li><\/ul>\n\n\n\n<div class=\"wp-block-uagb-container uagb-block-e8b823d8\">\n<div class=\"wp-block-uagb-container uagb-block-077528da alignfull uagb-is-root-container\"><div class=\"uagb-container-inner-blocks-wrap\">\n<div class=\"wp-block-uagb-container uagb-block-dda246f1\">\n<div class=\"wp-block-uagb-image uagb-block-2af6dd92 wp-block-uagb-image--layout-default wp-block-uagb-image--effect-static wp-block-uagb-image--align-none\"><figure class=\"wp-block-uagb-image__figure\"><img decoding=\"async\" srcset=\"https:\/\/v2charge.com\/wp-content\/uploads\/2024\/06\/impedancia-infinita.jpg ,https:\/\/v2charge.com\/wp-content\/uploads\/2024\/06\/impedancia-infinita.jpg 780w, https:\/\/v2charge.com\/wp-content\/uploads\/2024\/06\/impedancia-infinita.jpg 360w\" sizes=\"auto, (max-width: 480px) 150px\" src=\"https:\/\/v2charge.com\/wp-content\/uploads\/2024\/06\/impedancia-infinita.jpg\" alt=\"\" class=\"uag-image-161775\" width=\"724\" height=\"686\" title=\"impedancia-infinita\" loading=\"lazy\" role=\"img\"\/><\/figure><\/div>\n<\/div>\n\n\n\n<div class=\"wp-block-uagb-container uagb-block-3c1b7031\"><div class=\"wp-block-uagb-info-box uagb-block-518cd380 uagb-infobox__content-wrap  uagb-infobox-icon-left uagb-infobox-left uagb-infobox-stacked-tablet uagb-infobox-image-valign-top\"><div class=\"uagb-ifb-image-content\"><img decoding=\"async\" src=\"https:\/\/v2charge.com\/wp-content\/uploads\/2023\/11\/numero-uno.png\" alt=\"\" width=\"25\" height=\"25\" loading=\"lazy\"\/><\/div><div class=\"uagb-ifb-content\"><div class=\"uagb-ifb-title-wrap\"><\/div><p class=\"uagb-ifb-desc\">Comptador<\/p><\/div><\/div>\n\n\n<div class=\"wp-block-uagb-info-box uagb-block-d38bd8b9 uagb-infobox__content-wrap  uagb-infobox-icon-left uagb-infobox-left uagb-infobox-stacked-tablet uagb-infobox-image-valign-top\"><div class=\"uagb-ifb-image-content\"><img decoding=\"async\" src=\"https:\/\/v2charge.com\/wp-content\/uploads\/2023\/11\/numero-dos.png\" alt=\"\" width=\"25\" height=\"25\" loading=\"lazy\"\/><\/div><div class=\"uagb-ifb-content\"><div class=\"uagb-ifb-title-wrap\"><\/div><p class=\"uagb-ifb-desc\">P2<\/p><\/div><\/div>\n\n\n<div class=\"wp-block-uagb-info-box uagb-block-e81d4244 uagb-infobox__content-wrap  uagb-infobox-icon-left uagb-infobox-left uagb-infobox-stacked-tablet uagb-infobox-image-valign-top\"><div class=\"uagb-ifb-image-content\"><img decoding=\"async\" src=\"https:\/\/v2charge.com\/wp-content\/uploads\/2023\/11\/numero-tres.png\" alt=\"\" width=\"25\" height=\"25\" loading=\"lazy\"\/><\/div><div class=\"uagb-ifb-content\"><div class=\"uagb-ifb-title-wrap\"><\/div><p class=\"uagb-ifb-desc\">COMP1<\/p><\/div><\/div><\/div>\n<\/div><\/div>\n<\/div>\n\n\n\n<div style=\"height:40px\" aria-hidden=\"true\" class=\"wp-block-spacer\"><\/div>\n<\/div><\/div>\n\n\n\n<div class=\"wp-block-uagb-container uagb-block-c6f38013 alignfull uagb-is-root-container\"><div class=\"uagb-container-inner-blocks-wrap\"><div class=\"wp-block-uagb-advanced-heading uagb-block-6963d70c\"><h2 class=\"uagb-heading-text\"><strong>Necessites suport t\u00e8cnic?<\/strong><\/h2><\/div>\n\n<div class=\"wp-block-uagb-advanced-heading uagb-block-408243eb\"><p class=\"uagb-heading-text\">Resol el teu incident al moment a trav\u00e9s del nostre xat amb IA. Si no es resol, genera una sol\u00b7licitud al Centre de Suport T\u00e8cnic i ens posarem en contacte amb tu tan aviat com sigui possible per oferir-te la millor soluci\u00f3.<\/p><\/div>\n\n<div class=\"wp-block-uagb-info-box uagb-block-12e3cf1c uagb-infobox__content-wrap  uagb-infobox-icon-left uagb-infobox-left uagb-infobox-image-valign-top wp-block-uagb-info-box--has-margin ai-chatbot-button\"><div class=\"uagb-infobox-margin-wrapper\"><div class=\"uagb-ifb-image-content\"><img decoding=\"async\" src=\"https:\/\/v2charge.com\/wp-content\/uploads\/2026\/01\/support-ai-chatbot.png\" alt=\"\" width=\"20\" height=\"19\" loading=\"lazy\"\/><\/div><div class=\"uagb-ifb-content\"><div class=\"uagb-ifb-title-wrap\"><\/div><div class=\"uagb-ifb-button-wrapper wp-block-button\"><a href=\"https:\/\/v2charge.com\/ca\/area-de-suport\/suport-trydan\/\" class=\"uagb-infobox-cta-link wp-block-button__link\" target=\"_blank\" rel=\"noopener noreferrer\" onclick=\"return true;\"><span class=\"uagb-inline-editing\">Pregunta al nostre xat amb IA<\/span><\/a><\/div><\/div><\/div><\/div>\n\n\n<div class=\"wp-block-uagb-buttons uagb-buttons__outer-wrap uagb-btn__default-btn uagb-btn-tablet__default-btn uagb-btn-mobile__default-btn uagb-block-ba1e67d1\"><div class=\"uagb-buttons__wrap uagb-buttons-layout-wrap \"><div class=\"wp-block-uagb-buttons-child uagb-buttons__outer-wrap uagb-block-23cfb623 wp-block-button\"><div class=\"uagb-button__wrapper\"><a class=\"uagb-buttons-repeater wp-block-button__link\" aria-label=\"\" href=\"https:\/\/v2charge.atlassian.net\/servicedesk\/customer\/portal\/3\" rel=\"follow noopener\" target=\"_blank\" role=\"button\"><div class=\"uagb-button__link\">Contacta amb Suport T\u00e8cnic<\/div><\/a><\/div><\/div><\/div><\/div>\n<\/div><\/div>\n","protected":false},"excerpt":{"rendered":"<p>Imped\u00e0ncia infinita El e-Charger Trydan, en la seva versi\u00f3 amb proteccions incloses, disposa d&#8217;imped\u00e0ncia infinita (o imped\u00e0ncia zero), una tecnologia desenvolupada per V2C que permet que el comptador no detecti el punt de rec\u00e0rrega. Per tant, en cas de tall de llum, es pot rearmar la instal\u00b7laci\u00f3 \u00fanicament baixant i pujant l&#8217;autom\u00e0tic general de la &#8230; <a title=\"Imped\u00e0ncia infinita\" class=\"read-more\" href=\"https:\/\/v2charge.com\/ca\/area-de-suport\/suport-trydan\/impedancia-infinita-trydan\/\" aria-label=\"Read more about Imped\u00e0ncia infinita\">Read more<\/a><\/p>\n","protected":false},"author":400,"featured_media":170354,"parent":309770,"menu_order":0,"comment_status":"closed","ping_status":"closed","template":"","meta":{"_eb_attr":"","content-type":"","_uag_custom_page_level_css":"","footnotes":""},"class_list":["post-310091","page","type-page","status-publish","has-post-thumbnail"],"yoast_head":"<!-- This site is optimized with the Yoast SEO plugin v25.3.1 - https:\/\/yoast.com\/wordpress\/plugins\/seo\/ -->\n<title>Imped\u00e0ncia infinita - V2C<\/title>\n<meta name=\"description\" content=\"La imped\u00e0ncia infinita permet rearmar la instal\u00b7laci\u00f3 \u00fanicament baixant i pujant l&#039;autom\u00e0tic general de la vivenda.\" \/>\n<meta name=\"robots\" content=\"index, follow, max-snippet:-1, max-image-preview:large, max-video-preview:-1\" \/>\n<link rel=\"canonical\" href=\"https:\/\/v2charge.com\/ca\/area-de-suport\/suport-trydan\/impedancia-infinita-trydan\/\" \/>\n<meta property=\"og:locale\" content=\"ca_ES\" \/>\n<meta property=\"og:type\" content=\"article\" \/>\n<meta property=\"og:title\" content=\"Imped\u00e0ncia infinita - V2C\" \/>\n<meta property=\"og:description\" content=\"La imped\u00e0ncia infinita permet rearmar la instal\u00b7laci\u00f3 \u00fanicament baixant i pujant l&#039;autom\u00e0tic general de la vivenda.\" \/>\n<meta property=\"og:url\" content=\"https:\/\/v2charge.com\/ca\/area-de-suport\/suport-trydan\/impedancia-infinita-trydan\/\" \/>\n<meta property=\"og:site_name\" content=\"V2C\" \/>\n<meta property=\"article:publisher\" content=\"https:\/\/www.facebook.com\/V2C.Charge\" \/>\n<meta property=\"article:modified_time\" content=\"2026-01-09T14:35:36+00:00\" \/>\n<meta property=\"og:image\" content=\"https:\/\/v2charge.com\/wp-content\/uploads\/2024\/07\/v2c-electric-chargers.jpg\" \/>\n\t<meta property=\"og:image:width\" content=\"1200\" \/>\n\t<meta property=\"og:image:height\" content=\"675\" \/>\n\t<meta property=\"og:image:type\" content=\"image\/jpeg\" \/>\n<meta name=\"twitter:card\" content=\"summary_large_image\" \/>\n<meta name=\"twitter:site\" content=\"@V2C_Charge\" \/>\n<meta name=\"twitter:label1\" content=\"Est. reading time\" \/>\n\t<meta name=\"twitter:data1\" content=\"2 minuts\" \/>\n<script type=\"application\/ld+json\" class=\"yoast-schema-graph\">{\"@context\":\"https:\/\/schema.org\",\"@graph\":[{\"@type\":\"WebPage\",\"@id\":\"https:\/\/v2charge.com\/ca\/area-de-suport\/suport-trydan\/impedancia-infinita-trydan\/\",\"url\":\"https:\/\/v2charge.com\/ca\/area-de-suport\/suport-trydan\/impedancia-infinita-trydan\/\",\"name\":\"Imped\u00e0ncia infinita - V2C\",\"isPartOf\":{\"@id\":\"https:\/\/v2charge.com\/ca\/#website\"},\"primaryImageOfPage\":{\"@id\":\"https:\/\/v2charge.com\/ca\/area-de-suport\/suport-trydan\/impedancia-infinita-trydan\/#primaryimage\"},\"image\":{\"@id\":\"https:\/\/v2charge.com\/ca\/area-de-suport\/suport-trydan\/impedancia-infinita-trydan\/#primaryimage\"},\"thumbnailUrl\":\"https:\/\/v2charge.com\/wp-content\/uploads\/2024\/07\/v2c-electric-chargers.jpg\",\"datePublished\":\"2024-06-24T12:09:11+00:00\",\"dateModified\":\"2026-01-09T14:35:36+00:00\",\"description\":\"La imped\u00e0ncia infinita permet rearmar la instal\u00b7laci\u00f3 \u00fanicament baixant i pujant l'autom\u00e0tic general de la vivenda.\",\"breadcrumb\":{\"@id\":\"https:\/\/v2charge.com\/ca\/area-de-suport\/suport-trydan\/impedancia-infinita-trydan\/#breadcrumb\"},\"inLanguage\":\"ca\",\"potentialAction\":[{\"@type\":\"ReadAction\",\"target\":[\"https:\/\/v2charge.com\/ca\/area-de-suport\/suport-trydan\/impedancia-infinita-trydan\/\"]}]},{\"@type\":\"ImageObject\",\"inLanguage\":\"ca\",\"@id\":\"https:\/\/v2charge.com\/ca\/area-de-suport\/suport-trydan\/impedancia-infinita-trydan\/#primaryimage\",\"url\":\"https:\/\/v2charge.com\/wp-content\/uploads\/2024\/07\/v2c-electric-chargers.jpg\",\"contentUrl\":\"https:\/\/v2charge.com\/wp-content\/uploads\/2024\/07\/v2c-electric-chargers.jpg\",\"width\":1200,\"height\":675,\"caption\":\"V2C Electric Chargers\"},{\"@type\":\"BreadcrumbList\",\"@id\":\"https:\/\/v2charge.com\/ca\/area-de-suport\/suport-trydan\/impedancia-infinita-trydan\/#breadcrumb\",\"itemListElement\":[{\"@type\":\"ListItem\",\"position\":1,\"name\":\"V2C\",\"item\":\"https:\/\/v2charge.com\/ca\/\"},{\"@type\":\"ListItem\",\"position\":2,\"name\":\"Soporte para Trydan\",\"item\":\"https:\/\/v2charge.com\/ca\/suport-trydan\/\"},{\"@type\":\"ListItem\",\"position\":3,\"name\":\"Imped\u00e0ncia infinita\"}]},{\"@type\":\"WebSite\",\"@id\":\"https:\/\/v2charge.com\/ca\/#website\",\"url\":\"https:\/\/v2charge.com\/ca\/\",\"name\":\"V2C\",\"description\":\"#CargandoElMa\u00f1ana\",\"publisher\":{\"@id\":\"https:\/\/v2charge.com\/ca\/#organization\"},\"potentialAction\":[{\"@type\":\"SearchAction\",\"target\":{\"@type\":\"EntryPoint\",\"urlTemplate\":\"https:\/\/v2charge.com\/ca\/?s={search_term_string}\"},\"query-input\":{\"@type\":\"PropertyValueSpecification\",\"valueRequired\":true,\"valueName\":\"search_term_string\"}}],\"inLanguage\":\"ca\"},{\"@type\":\"Organization\",\"@id\":\"https:\/\/v2charge.com\/ca\/#organization\",\"name\":\"V2C\",\"url\":\"https:\/\/v2charge.com\/ca\/\",\"logo\":{\"@type\":\"ImageObject\",\"inLanguage\":\"ca\",\"@id\":\"https:\/\/v2charge.com\/ca\/#\/schema\/logo\/image\/\",\"url\":\"https:\/\/v2charge.com\/wp-content\/uploads\/2024\/11\/cropped-v2c-charge-logo-menu.png\",\"contentUrl\":\"https:\/\/v2charge.com\/wp-content\/uploads\/2024\/11\/cropped-v2c-charge-logo-menu.png\",\"width\":984,\"height\":431,\"caption\":\"V2C\"},\"image\":{\"@id\":\"https:\/\/v2charge.com\/ca\/#\/schema\/logo\/image\/\"},\"sameAs\":[\"https:\/\/www.facebook.com\/V2C.Charge\",\"https:\/\/x.com\/V2C_Charge\",\"https:\/\/www.instagram.com\/v2c.charge\/\",\"https:\/\/www.youtube.com\/@V2C\",\"https:\/\/www.linkedin.com\/company\/v2c-chargers\/\"]}]}<\/script>\n<!-- \/ Yoast SEO plugin. -->","yoast_head_json":{"title":"Imped\u00e0ncia infinita - V2C","description":"La imped\u00e0ncia infinita permet rearmar la instal\u00b7laci\u00f3 \u00fanicament baixant i pujant l'autom\u00e0tic general de la vivenda.","robots":{"index":"index","follow":"follow","max-snippet":"max-snippet:-1","max-image-preview":"max-image-preview:large","max-video-preview":"max-video-preview:-1"},"canonical":"https:\/\/v2charge.com\/ca\/area-de-suport\/suport-trydan\/impedancia-infinita-trydan\/","og_locale":"ca_ES","og_type":"article","og_title":"Imped\u00e0ncia infinita - V2C","og_description":"La imped\u00e0ncia infinita permet rearmar la instal\u00b7laci\u00f3 \u00fanicament baixant i pujant l'autom\u00e0tic general de la vivenda.","og_url":"https:\/\/v2charge.com\/ca\/area-de-suport\/suport-trydan\/impedancia-infinita-trydan\/","og_site_name":"V2C","article_publisher":"https:\/\/www.facebook.com\/V2C.Charge","article_modified_time":"2026-01-09T14:35:36+00:00","og_image":[{"width":1200,"height":675,"url":"https:\/\/v2charge.com\/wp-content\/uploads\/2024\/07\/v2c-electric-chargers.jpg","type":"image\/jpeg"}],"twitter_card":"summary_large_image","twitter_site":"@V2C_Charge","twitter_misc":{"Est. reading time":"2 minuts"},"schema":{"@context":"https:\/\/schema.org","@graph":[{"@type":"WebPage","@id":"https:\/\/v2charge.com\/ca\/area-de-suport\/suport-trydan\/impedancia-infinita-trydan\/","url":"https:\/\/v2charge.com\/ca\/area-de-suport\/suport-trydan\/impedancia-infinita-trydan\/","name":"Imped\u00e0ncia infinita - V2C","isPartOf":{"@id":"https:\/\/v2charge.com\/ca\/#website"},"primaryImageOfPage":{"@id":"https:\/\/v2charge.com\/ca\/area-de-suport\/suport-trydan\/impedancia-infinita-trydan\/#primaryimage"},"image":{"@id":"https:\/\/v2charge.com\/ca\/area-de-suport\/suport-trydan\/impedancia-infinita-trydan\/#primaryimage"},"thumbnailUrl":"https:\/\/v2charge.com\/wp-content\/uploads\/2024\/07\/v2c-electric-chargers.jpg","datePublished":"2024-06-24T12:09:11+00:00","dateModified":"2026-01-09T14:35:36+00:00","description":"La imped\u00e0ncia infinita permet rearmar la instal\u00b7laci\u00f3 \u00fanicament baixant i pujant l'autom\u00e0tic general de la vivenda.","breadcrumb":{"@id":"https:\/\/v2charge.com\/ca\/area-de-suport\/suport-trydan\/impedancia-infinita-trydan\/#breadcrumb"},"inLanguage":"ca","potentialAction":[{"@type":"ReadAction","target":["https:\/\/v2charge.com\/ca\/area-de-suport\/suport-trydan\/impedancia-infinita-trydan\/"]}]},{"@type":"ImageObject","inLanguage":"ca","@id":"https:\/\/v2charge.com\/ca\/area-de-suport\/suport-trydan\/impedancia-infinita-trydan\/#primaryimage","url":"https:\/\/v2charge.com\/wp-content\/uploads\/2024\/07\/v2c-electric-chargers.jpg","contentUrl":"https:\/\/v2charge.com\/wp-content\/uploads\/2024\/07\/v2c-electric-chargers.jpg","width":1200,"height":675,"caption":"V2C Electric Chargers"},{"@type":"BreadcrumbList","@id":"https:\/\/v2charge.com\/ca\/area-de-suport\/suport-trydan\/impedancia-infinita-trydan\/#breadcrumb","itemListElement":[{"@type":"ListItem","position":1,"name":"V2C","item":"https:\/\/v2charge.com\/ca\/"},{"@type":"ListItem","position":2,"name":"Soporte para Trydan","item":"https:\/\/v2charge.com\/ca\/suport-trydan\/"},{"@type":"ListItem","position":3,"name":"Imped\u00e0ncia infinita"}]},{"@type":"WebSite","@id":"https:\/\/v2charge.com\/ca\/#website","url":"https:\/\/v2charge.com\/ca\/","name":"V2C","description":"#CargandoElMa\u00f1ana","publisher":{"@id":"https:\/\/v2charge.com\/ca\/#organization"},"potentialAction":[{"@type":"SearchAction","target":{"@type":"EntryPoint","urlTemplate":"https:\/\/v2charge.com\/ca\/?s={search_term_string}"},"query-input":{"@type":"PropertyValueSpecification","valueRequired":true,"valueName":"search_term_string"}}],"inLanguage":"ca"},{"@type":"Organization","@id":"https:\/\/v2charge.com\/ca\/#organization","name":"V2C","url":"https:\/\/v2charge.com\/ca\/","logo":{"@type":"ImageObject","inLanguage":"ca","@id":"https:\/\/v2charge.com\/ca\/#\/schema\/logo\/image\/","url":"https:\/\/v2charge.com\/wp-content\/uploads\/2024\/11\/cropped-v2c-charge-logo-menu.png","contentUrl":"https:\/\/v2charge.com\/wp-content\/uploads\/2024\/11\/cropped-v2c-charge-logo-menu.png","width":984,"height":431,"caption":"V2C"},"image":{"@id":"https:\/\/v2charge.com\/ca\/#\/schema\/logo\/image\/"},"sameAs":["https:\/\/www.facebook.com\/V2C.Charge","https:\/\/x.com\/V2C_Charge","https:\/\/www.instagram.com\/v2c.charge\/","https:\/\/www.youtube.com\/@V2C","https:\/\/www.linkedin.com\/company\/v2c-chargers\/"]}]}},"uagb_featured_image_src":{"full":["https:\/\/v2charge.com\/wp-content\/uploads\/2024\/07\/v2c-electric-chargers.jpg",1200,675,false],"thumbnail":["https:\/\/v2charge.com\/wp-content\/uploads\/2024\/07\/v2c-electric-chargers-150x150.jpg",150,150,true],"medium":["https:\/\/v2charge.com\/wp-content\/uploads\/2024\/07\/v2c-electric-chargers-300x169.jpg",300,169,true],"medium_large":["https:\/\/v2charge.com\/wp-content\/uploads\/2024\/07\/v2c-electric-chargers-768x432.jpg",768,432,true],"large":["https:\/\/v2charge.com\/wp-content\/uploads\/2024\/07\/v2c-electric-chargers-1024x576.jpg",1024,576,true],"gs-tiny":["https:\/\/v2charge.com\/wp-content\/uploads\/2024\/07\/v2c-electric-chargers.jpg",50,28,false],"xl":["https:\/\/v2charge.com\/wp-content\/uploads\/2024\/07\/v2c-electric-chargers.jpg",1200,675,false],"xxl":["https:\/\/v2charge.com\/wp-content\/uploads\/2024\/07\/v2c-electric-chargers.jpg",1200,675,false],"xxxl":["https:\/\/v2charge.com\/wp-content\/uploads\/2024\/07\/v2c-electric-chargers.jpg",1200,675,false],"xxxxl":["https:\/\/v2charge.com\/wp-content\/uploads\/2024\/07\/v2c-electric-chargers.jpg",1200,675,false],"xxxxxl":["https:\/\/v2charge.com\/wp-content\/uploads\/2024\/07\/v2c-electric-chargers.jpg",1200,675,false],"1536x1536":["https:\/\/v2charge.com\/wp-content\/uploads\/2024\/07\/v2c-electric-chargers.jpg",1200,675,false],"2048x2048":["https:\/\/v2charge.com\/wp-content\/uploads\/2024\/07\/v2c-electric-chargers.jpg",1200,675,false]},"uagb_author_info":{"display_name":"V2C","author_link":"https:\/\/v2charge.com\/ca\/author\/marketing\/"},"uagb_comment_info":0,"uagb_excerpt":"Imped\u00e0ncia infinita El e-Charger Trydan, en la seva versi\u00f3 amb proteccions incloses, disposa d&#8217;imped\u00e0ncia infinita (o imped\u00e0ncia zero), una tecnologia desenvolupada per V2C que permet que el comptador no detecti el punt de rec\u00e0rrega. Per tant, en cas de tall de llum, es pot rearmar la instal\u00b7laci\u00f3 \u00fanicament baixant i pujant l&#8217;autom\u00e0tic general de la&hellip;","_links":{"self":[{"href":"https:\/\/v2charge.com\/ca\/wp-json\/wp\/v2\/pages\/310091","targetHints":{"allow":["GET"]}}],"collection":[{"href":"https:\/\/v2charge.com\/ca\/wp-json\/wp\/v2\/pages"}],"about":[{"href":"https:\/\/v2charge.com\/ca\/wp-json\/wp\/v2\/types\/page"}],"author":[{"embeddable":true,"href":"https:\/\/v2charge.com\/ca\/wp-json\/wp\/v2\/users\/400"}],"replies":[{"embeddable":true,"href":"https:\/\/v2charge.com\/ca\/wp-json\/wp\/v2\/comments?post=310091"}],"version-history":[{"count":0,"href":"https:\/\/v2charge.com\/ca\/wp-json\/wp\/v2\/pages\/310091\/revisions"}],"up":[{"embeddable":true,"href":"https:\/\/v2charge.com\/ca\/wp-json\/wp\/v2\/pages\/309770"}],"wp:featuredmedia":[{"embeddable":true,"href":"https:\/\/v2charge.com\/ca\/wp-json\/wp\/v2\/media\/170354"}],"wp:attachment":[{"href":"https:\/\/v2charge.com\/ca\/wp-json\/wp\/v2\/media?parent=310091"}],"curies":[{"name":"wp","href":"https:\/\/api.w.org\/{rel}","templated":true}]}}