{"id":310107,"date":"2024-09-02T13:15:42","date_gmt":"2024-09-02T11:15:42","guid":{"rendered":""},"modified":"2026-01-09T17:26:50","modified_gmt":"2026-01-09T15:26:50","slug":"funcionament-del-tpv","status":"publish","type":"page","link":"https:\/\/v2charge.com\/ca\/area-de-suport\/funcionament-del-tpv\/","title":{"rendered":"Funcionament del TPV"},"content":{"rendered":"\n<div class=\"wp-block-uagb-container uagb-block-e3a6ec3a alignfull uagb-is-root-container\"><div class=\"uagb-container-inner-blocks-wrap\"><div class=\"yoast-breadcrumbs\"><span><span><a href=\"https:\/\/v2charge.com\/ca\/\">V2C<\/a><\/span> \u00bb <span class=\"breadcrumb_last\" aria-current=\"page\">Funcionament del TPV<\/span><\/span><\/div>\n\n<div class=\"wp-block-uagb-advanced-heading uagb-block-52db0405\"><h1 class=\"uagb-heading-text\">Qu\u00e8 \u00e9s i com funciona TPV?<\/h1><\/div>\n\n<p>TPV \u00e9s el nostre <strong>nou terminal de pagament<\/strong>, incorporat en <strong>Pole Pro<\/strong> per facilitar encara m\u00e9s el pagament amb <strong>targeta de cr\u00e8dit o d\u00e8bit<\/strong>. Sense altes, sense apps i sense complicacions. El nou m\u00e8tode de pagament de V2C Payments est\u00e0 dissenyat per simplificar i facilitar la c\u00e0rrega de vehicles el\u00e8ctrics, fent-la m\u00e9s accessible tant en llocs p\u00fablics com privats.<\/p>\n\n<p>Ara, amb el e-Charger Pole Pro, pots <strong>monetitzar el teu carregador de la manera m\u00e9s senzilla<\/strong>. Aquest sistema de pagament integrat permet a altres usuaris d&#8217;e-mobilitat aprofitar el teu e-Charger sense necessitat d&#8217;aplicacions o registres previs, simplement paguen i carreguen.<\/p><\/div><\/div>\n\n\n\n<div class=\"wp-block-uagb-container uagb-block-fc8cc1d7 alignfull uagb-is-root-container\"><div class=\"uagb-container-inner-blocks-wrap\"><iframe class=\"tpv-video\" width=\"560\" height=\"600\" src=\"https:\/\/www.youtube.com\/embed\/4rurgA2YQ50?si=4lzd8p2AJ3Xjeae3\" title=\"YouTube video player\" frameborder=\"0\" allow=\"accelerometer; autoplay; clipboard-write; encrypted-media; gyroscope; picture-in-picture; web-share\" referrerpolicy=\"strict-origin-when-cross-origin\" allowfullscreen><\/iframe>\n\n<style>\n.tpv-video{\nborder-radius: 20px;\n}\n@media only screen and (max-width: 976px){\n.tpv-video{\nheight: 350px!important;\n}\n}\n<\/style><\/div><\/div>\n\n\n\n<div class=\"wp-block-uagb-container uagb-block-dfb1d7c5 alignfull uagb-is-root-container\"><div class=\"uagb-container-inner-blocks-wrap\">\n<div class=\"wp-block-uagb-separator uagb-block-ff6ecbbb\"><div class=\"wp-block-uagb-separator__inner\" style=\"--my-background-image:\"><\/div><\/div>\n\n\n<div class=\"wp-block-uagb-advanced-heading uagb-block-415d765e\"><h2 class=\"uagb-heading-text\">Funcionament per als usuaris<\/h2><\/div>\n\n<div class=\"wp-block-uagb-advanced-heading uagb-block-9e95494c\"><h3 class=\"uagb-heading-text\">Pas a pas per carregar el teu vehicle amb TPV<\/h3><\/div>\n\n<p>TPV permet que qualsevol usuari pugui <strong>carregar d&#8217;una manera m\u00e9s senzilla i r\u00e0pida<\/strong>.<\/p>\n\n<div class=\"wp-block-uagb-info-box uagb-block-2fb88c6e uagb-infobox__content-wrap  uagb-infobox-icon-left uagb-infobox-left uagb-infobox-stacked-tablet uagb-infobox-image-valign-top acordeon-tpv\"><div class=\"uagb-ifb-image-content\"><img decoding=\"async\" src=\"https:\/\/v2charge.com\/wp-content\/uploads\/2023\/11\/numero-uno.png\" alt=\"\" width=\"30\" height=\"30\" loading=\"lazy\"\/><\/div><div class=\"uagb-ifb-content\"><div class=\"uagb-ifb-title-wrap\"><\/div><p class=\"uagb-ifb-desc\">Per comen\u00e7ar, <strong>connecta la m\u00e0nega del teu vehicle el\u00e8ctric a una de les preses disponibles a Pole Pro<\/strong>. Aquest \u00e9s el primer pas essencial per iniciar la c\u00e0rrega del teu cotxe.<br><strong>Verifica que el teu vehicle est\u00e0 correctament connectat<\/strong> i que l&#8217;indicador a la part inferior de la pantalla m\u00e9s propera a la presa escollida apareix en verd. A m\u00e9s, en lloc de &#8216;lliure&#8217;, hauria d&#8217;apar\u00e8ixer &#8216;connectat&#8217;, cosa que confirma que tot est\u00e0 llest per continuar.<\/p><\/div><\/div>\n\n<div class=\"wp-block-uagb-info-box uagb-block-e79fbc24 uagb-infobox__content-wrap  uagb-infobox-icon-left uagb-infobox-left uagb-infobox-stacked-tablet uagb-infobox-image-valign-top acordeon-tpv\"><div class=\"uagb-ifb-image-content\"><img decoding=\"async\" src=\"https:\/\/v2charge.com\/wp-content\/uploads\/2023\/11\/numero-dos.png\" alt=\"\" width=\"30\" height=\"30\" loading=\"lazy\"\/><\/div><div class=\"uagb-ifb-content\"><div class=\"uagb-ifb-title-wrap\"><\/div><p class=\"uagb-ifb-desc\"><strong>En la pantalla del carregador es mostraran les tarifes en euros per kW i per hora<\/strong>, indicant-te tamb\u00e9 que <strong>aproximis la teva targeta al terminal de pagament<\/strong>. Aix\u00f2 et permetr\u00e0 con\u00e8ixer el cost exacte de la c\u00e0rrega abans de continuar*.<\/p><\/div><\/div>\n\n\n<div class=\"wp-block-uagb-container uagb-block-83e4d2ae default uagb-is-root-container\">\n<div class=\"wp-block-uagb-container uagb-block-ef18bae5\">\n<div class=\"wp-block-uagb-image aligncenter uagb-block-e2135782 wp-block-uagb-image--layout-default wp-block-uagb-image--effect-static wp-block-uagb-image--align-center\"><figure class=\"wp-block-uagb-image__figure\"><img decoding=\"async\" srcset=\"https:\/\/v2charge.com\/wp-content\/uploads\/2023\/11\/icon-important.png ,https:\/\/v2charge.com\/wp-content\/uploads\/2023\/11\/icon-important.png 780w, https:\/\/v2charge.com\/wp-content\/uploads\/2023\/11\/icon-important.png 360w\" sizes=\"auto, (max-width: 480px) 150px\" src=\"https:\/\/v2charge.com\/wp-content\/uploads\/2023\/11\/icon-important.png\" alt=\"\" class=\"uag-image-125013\" width=\"50\" height=\"50\" title=\"\" loading=\"lazy\" role=\"img\"\/><\/figure><\/div>\n<\/div>\n\n\n\n<div class=\"wp-block-uagb-container uagb-block-5e01c4d4\"><div class=\"wp-block-uagb-advanced-heading uagb-block-c31a64a4\"><p class=\"uagb-heading-text\">En realitzar el pagament, <strong>se&#8217;n retingu una quantitat provisional a la teva targeta<\/strong>. No obstant aix\u00f2, nom\u00e9s se&#8217;t cobrar\u00e0 l&#8217;import exacte corresponent a l&#8217;energia que hagis utilitzat per carregar el teu vehicle.<\/p><\/div><\/div>\n<\/div>\n\n\n<div class=\"wp-block-uagb-info-box uagb-block-47c5cf93 uagb-infobox__content-wrap  uagb-infobox-icon-left uagb-infobox-left uagb-infobox-stacked-tablet uagb-infobox-image-valign-top wp-block-uagb-info-box--has-margin acordeon-tpv\"><div class=\"uagb-infobox-margin-wrapper\"><div class=\"uagb-ifb-image-content\"><img decoding=\"async\" src=\"https:\/\/v2charge.com\/wp-content\/uploads\/2023\/11\/numero-tres.png\" alt=\"\" width=\"30\" height=\"30\" loading=\"lazy\"\/><\/div><div class=\"uagb-ifb-content\"><div class=\"uagb-ifb-title-wrap\"><\/div><p class=\"uagb-ifb-desc\"><strong>Si el pagament \u00e9s correcte, la c\u00e0rrega comen\u00e7ar\u00e0<\/strong> i a la pantalla ens indicar\u00e0 el temps que porta carregant, l&#8217;energia i pot\u00e8ncia consumides. <strong>L&#8217;indicador a la part inferior de la pantalla ha d&#8217;apar\u00e8ixer en blau i amb el missatge &#8216;carregant&#8217;. <\/strong><br>Si el pagament no es processa correctament, el sistema reiniciar\u00e0 el proc\u00e9s autom\u00e0ticament.<\/p><\/div><\/div><\/div>\n\n\n<hr class=\"wp-block-separator has-alpha-channel-opacity\"\/>\n\n\n\n<div class=\"wp-block-uagb-container uagb-block-dcbcdbda default uagb-is-root-container\">\n<div class=\"wp-block-uagb-container uagb-block-f35922e9\">\t\t\t\t\t<div\n\t\t\t\t\t\tclass=\"wp-block-uagb-image-gallery uagb-block-7c3fd192     \"\n\t\t\t\t\t\tstyle=\"\"\n\t\t\t\t\t>\n\t\t\t\t\t\t\t\t\t\t\t<div class=\"spectra-image-gallery spectra-image-gallery__layout--carousel\">\n\t\t\t\t\t\t\t\t<div class=\"uagb-slick-carousel uagb-block-7c3fd192\">\n\t\t\t\t\t\t\t\t\t\t\t\t<div class='spectra-image-gallery__media-wrapper' data-spectra-gallery-image-id='175098'>\n\t\t\t\t\t\t\t<div class=\"spectra-image-gallery__media spectra-image-gallery__media--carousel\">\n\t\t\t\t<picture>\n\t\t\t\t\t<source media=\"(min-width: 1024px)\" srcset=\"https:\/\/v2charge.com\/wp-content\/uploads\/2024\/08\/qr-informacion-cargando.jpg\">\n\t\t\t\t\t<source media=\"(min-width: 768px)\" srcset=\"https:\/\/v2charge.com\/wp-content\/uploads\/2024\/08\/qr-informacion-cargando.jpg\">\n\t\t\t\t\t<img decoding=\"async\" class=\"spectra-image-gallery__media-thumbnail spectra-image-gallery__media-thumbnail--carousel\" src=\"https:\/\/v2charge.com\/wp-content\/uploads\/2024\/08\/qr-informacion-cargando.jpg\" alt=\"\" loading=\"lazy\" \/>\n\t\t\t\t<\/picture>\n\t\t\t\t<div class=\"spectra-image-gallery__media-thumbnail-blurrer\"><\/div>\n\t\t\t\t\t\t\t\t\t\t\t<div class=\"spectra-image-gallery__media-thumbnail-caption-wrapper spectra-image-gallery__media-thumbnail-caption-wrapper--overlay\"><\/div>\n\t\t\t\t\t\t\t\t<\/div>\n\t\t\t\t\t\t<\/div>\n\t\t\t\t\t\t<div class='spectra-image-gallery__media-wrapper' data-spectra-gallery-image-id='175108'>\n\t\t\t\t\t\t\t<div class=\"spectra-image-gallery__media spectra-image-gallery__media--carousel\">\n\t\t\t\t<picture>\n\t\t\t\t\t<source media=\"(min-width: 1024px)\" srcset=\"https:\/\/v2charge.com\/wp-content\/uploads\/2024\/08\/qr-informacion-carga-finalizada.jpg\">\n\t\t\t\t\t<source media=\"(min-width: 768px)\" srcset=\"https:\/\/v2charge.com\/wp-content\/uploads\/2024\/08\/qr-informacion-carga-finalizada.jpg\">\n\t\t\t\t\t<img decoding=\"async\" class=\"spectra-image-gallery__media-thumbnail spectra-image-gallery__media-thumbnail--carousel\" src=\"https:\/\/v2charge.com\/wp-content\/uploads\/2024\/08\/qr-informacion-carga-finalizada.jpg\" alt=\"\" loading=\"lazy\" \/>\n\t\t\t\t<\/picture>\n\t\t\t\t<div class=\"spectra-image-gallery__media-thumbnail-blurrer\"><\/div>\n\t\t\t\t\t\t\t\t\t\t\t<div class=\"spectra-image-gallery__media-thumbnail-caption-wrapper spectra-image-gallery__media-thumbnail-caption-wrapper--overlay\"><\/div>\n\t\t\t\t\t\t\t\t<\/div>\n\t\t\t\t\t\t<\/div>\n\t\t\t\t\t\t\t\t\t\t\t<\/div>\n\t\t\t\t\t\t\t<\/div>\n\t\t\t\t\t\t\t\t\t\t\t<\/div>\n\t\t\t\t\t\t\t\t\t<\/div>\n\n\n\n<div class=\"wp-block-uagb-container uagb-block-99878bcf\"><div class=\"wp-block-uagb-advanced-heading uagb-block-4e7dff0c\"><h3 class=\"uagb-heading-text\">Control de c\u00e0rrega per a usuaris<\/h3><\/div>\n\n<p><strong>Com a usuari, pots supervisar l&#8217;operaci\u00f3 en tot moment de manera senzilla i c\u00f2moda, simplement escanejant el QR que apareix a la pantalla durant la c\u00e0rrega.<\/strong><\/p>\n\n<p>Mentre el teu vehicle es carrega, podr\u00e0s veure la pot\u00e8ncia, els kWh acumulats, el temps transcorregut i el cost aproximat en euros.<\/p>\n\n<p>En finalitzar la c\u00e0rrega, es mostraran tots els valors totals, i tindr\u00e0s l&#8217;opci\u00f3 de descarregar la factura amb un sol clic al bot\u00f3 &#8216;Descarregar factura&#8217;.<\/p><\/div>\n<\/div>\n\n\n\n<div class=\"wp-block-uagb-separator uagb-block-95e7e532\"><div class=\"wp-block-uagb-separator__inner\" style=\"--my-background-image:\"><\/div><\/div>\n\n\n<div class=\"wp-block-uagb-advanced-heading uagb-block-c374bc71\"><h2 class=\"uagb-heading-text\">Funcionament per al promotor<\/h2><\/div>\n\n<p>El TPV \u00e9s un dels sistemes de pagament integrats a la nostra plataforma V2C Payments. <strong>Per configurar i personalitzar el teu e-Charger simplement accedeix a l&#8217;apartat <a href=\"https:\/\/v2charge.com\/ca\/area-de-suport\/suport-v2c-cloud\/funcionament-v2c-payments\/#promotor-payments\">promotor de V2C Payments<\/a>.<\/strong><\/p><\/div><\/div>\n\n\n\n<div style=\"height:30px\" aria-hidden=\"true\" class=\"wp-block-spacer\"><\/div>\n\n\n\n<div class=\"wp-block-uagb-container uagb-block-c6f38013 alignfull uagb-is-root-container\"><div class=\"uagb-container-inner-blocks-wrap\"><div class=\"wp-block-uagb-advanced-heading uagb-block-6963d70c\"><h2 class=\"uagb-heading-text\"><strong>Necessites suport t\u00e8cnic?<\/strong><\/h2><\/div>\n\n<div class=\"wp-block-uagb-advanced-heading uagb-block-408243eb\"><p class=\"uagb-heading-text\">Resol el teu incident al moment a trav\u00e9s del nostre xat amb IA. Si no es resol, genera una sol\u00b7licitud al Centre de Suport T\u00e8cnic i ens posarem en contacte amb tu tan aviat com sigui possible per oferir-te la millor soluci\u00f3.<\/p><\/div>\n\n<div class=\"wp-block-uagb-info-box uagb-block-12e3cf1c uagb-infobox__content-wrap  uagb-infobox-icon-left uagb-infobox-left uagb-infobox-image-valign-top wp-block-uagb-info-box--has-margin ai-chatbot-button\"><div class=\"uagb-infobox-margin-wrapper\"><div class=\"uagb-ifb-image-content\"><img decoding=\"async\" src=\"https:\/\/v2charge.com\/wp-content\/uploads\/2026\/01\/support-ai-chatbot.png\" alt=\"\" width=\"20\" height=\"19\" loading=\"lazy\"\/><\/div><div class=\"uagb-ifb-content\"><div class=\"uagb-ifb-title-wrap\"><\/div><div class=\"uagb-ifb-button-wrapper wp-block-button\"><a href=\"https:\/\/v2charge.com\/ca\/area-de-suport\/suport-trydan\/\" class=\"uagb-infobox-cta-link wp-block-button__link\" target=\"_blank\" rel=\"noopener noreferrer\" onclick=\"return true;\"><span class=\"uagb-inline-editing\">Pregunta al nostre xat amb IA<\/span><\/a><\/div><\/div><\/div><\/div>\n\n\n<div class=\"wp-block-uagb-buttons uagb-buttons__outer-wrap uagb-btn__default-btn uagb-btn-tablet__default-btn uagb-btn-mobile__default-btn uagb-block-ba1e67d1\"><div class=\"uagb-buttons__wrap uagb-buttons-layout-wrap \"><div class=\"wp-block-uagb-buttons-child uagb-buttons__outer-wrap uagb-block-23cfb623 wp-block-button\"><div class=\"uagb-button__wrapper\"><a class=\"uagb-buttons-repeater wp-block-button__link\" aria-label=\"\" href=\"https:\/\/v2charge.atlassian.net\/servicedesk\/customer\/portal\/3\" rel=\"follow noopener\" target=\"_blank\" role=\"button\"><div class=\"uagb-button__link\">Contacta amb Suport T\u00e8cnic<\/div><\/a><\/div><\/div><\/div><\/div>\n<\/div><\/div>\n","protected":false},"excerpt":{"rendered":"<p>Qu\u00e8 \u00e9s i com funciona TPV? TPV \u00e9s el nostre nou terminal de pagament, incorporat en Pole Pro per facilitar encara m\u00e9s el pagament amb targeta de cr\u00e8dit o d\u00e8bit. Sense altes, sense apps i sense complicacions. El nou m\u00e8tode de pagament de V2C Payments est\u00e0 dissenyat per simplificar i facilitar la c\u00e0rrega de vehicles &#8230; <a title=\"Funcionament del TPV\" class=\"read-more\" href=\"https:\/\/v2charge.com\/ca\/area-de-suport\/funcionament-del-tpv\/\" aria-label=\"Read more about Funcionament del TPV\">Read more<\/a><\/p>\n","protected":false},"author":400,"featured_media":170354,"parent":310186,"menu_order":0,"comment_status":"closed","ping_status":"closed","template":"","meta":{"_eb_attr":"","content-type":"","_uag_custom_page_level_css":"","footnotes":""},"class_list":["post-310107","page","type-page","status-publish","has-post-thumbnail"],"yoast_head":"<!-- This site is optimized with the Yoast SEO plugin v25.3.1 - https:\/\/yoast.com\/wordpress\/plugins\/seo\/ -->\n<title>Com funciona el TPV de V2C? Pas a Pas<\/title>\n<meta name=\"description\" content=\"Descobreix qu\u00e8 \u00e9s i com funciona el TPV integrat en els nostres carregadors de cotxe el\u00e8ctric. Pas a Pas [Suport V2C]\" \/>\n<meta name=\"robots\" content=\"index, follow, max-snippet:-1, max-image-preview:large, max-video-preview:-1\" \/>\n<link rel=\"canonical\" href=\"https:\/\/v2charge.com\/ca\/area-de-suport\/funcionament-del-tpv\/\" \/>\n<meta property=\"og:locale\" content=\"ca_ES\" \/>\n<meta property=\"og:type\" content=\"article\" \/>\n<meta property=\"og:title\" content=\"Com funciona el TPV de V2C? Pas a Pas\" \/>\n<meta property=\"og:description\" content=\"Descobreix qu\u00e8 \u00e9s i com funciona el TPV integrat en els nostres carregadors de cotxe el\u00e8ctric. Pas a Pas [Suport V2C]\" \/>\n<meta property=\"og:url\" content=\"https:\/\/v2charge.com\/ca\/area-de-suport\/funcionament-del-tpv\/\" \/>\n<meta property=\"og:site_name\" content=\"V2C\" \/>\n<meta property=\"article:publisher\" content=\"https:\/\/www.facebook.com\/V2C.Charge\" \/>\n<meta property=\"article:modified_time\" content=\"2026-01-09T15:26:50+00:00\" \/>\n<meta property=\"og:image\" content=\"https:\/\/v2charge.com\/wp-content\/uploads\/2024\/07\/v2c-electric-chargers.jpg\" \/>\n\t<meta property=\"og:image:width\" content=\"1200\" \/>\n\t<meta property=\"og:image:height\" content=\"675\" \/>\n\t<meta property=\"og:image:type\" content=\"image\/jpeg\" \/>\n<meta name=\"twitter:card\" content=\"summary_large_image\" \/>\n<meta name=\"twitter:site\" content=\"@V2C_Charge\" \/>\n<meta name=\"twitter:label1\" content=\"Est. reading time\" \/>\n\t<meta name=\"twitter:data1\" content=\"4 minuts\" \/>\n<script type=\"application\/ld+json\" class=\"yoast-schema-graph\">{\"@context\":\"https:\/\/schema.org\",\"@graph\":[{\"@type\":\"WebPage\",\"@id\":\"https:\/\/v2charge.com\/ca\/area-de-suport\/funcionament-del-tpv\/\",\"url\":\"https:\/\/v2charge.com\/ca\/area-de-suport\/funcionament-del-tpv\/\",\"name\":\"Com funciona el TPV de V2C? Pas a Pas\",\"isPartOf\":{\"@id\":\"https:\/\/v2charge.com\/ca\/#website\"},\"primaryImageOfPage\":{\"@id\":\"https:\/\/v2charge.com\/ca\/area-de-suport\/funcionament-del-tpv\/#primaryimage\"},\"image\":{\"@id\":\"https:\/\/v2charge.com\/ca\/area-de-suport\/funcionament-del-tpv\/#primaryimage\"},\"thumbnailUrl\":\"https:\/\/v2charge.com\/wp-content\/uploads\/2024\/07\/v2c-electric-chargers.jpg\",\"datePublished\":\"2024-09-02T11:15:42+00:00\",\"dateModified\":\"2026-01-09T15:26:50+00:00\",\"description\":\"Descobreix qu\u00e8 \u00e9s i com funciona el TPV integrat en els nostres carregadors de cotxe el\u00e8ctric. Pas a Pas [Suport V2C]\",\"breadcrumb\":{\"@id\":\"https:\/\/v2charge.com\/ca\/area-de-suport\/funcionament-del-tpv\/#breadcrumb\"},\"inLanguage\":\"ca\",\"potentialAction\":[{\"@type\":\"ReadAction\",\"target\":[\"https:\/\/v2charge.com\/ca\/area-de-suport\/funcionament-del-tpv\/\"]}]},{\"@type\":\"ImageObject\",\"inLanguage\":\"ca\",\"@id\":\"https:\/\/v2charge.com\/ca\/area-de-suport\/funcionament-del-tpv\/#primaryimage\",\"url\":\"https:\/\/v2charge.com\/wp-content\/uploads\/2024\/07\/v2c-electric-chargers.jpg\",\"contentUrl\":\"https:\/\/v2charge.com\/wp-content\/uploads\/2024\/07\/v2c-electric-chargers.jpg\",\"width\":1200,\"height\":675,\"caption\":\"V2C Electric Chargers\"},{\"@type\":\"BreadcrumbList\",\"@id\":\"https:\/\/v2charge.com\/ca\/area-de-suport\/funcionament-del-tpv\/#breadcrumb\",\"itemListElement\":[{\"@type\":\"ListItem\",\"position\":1,\"name\":\"V2C\",\"item\":\"https:\/\/v2charge.com\/ca\/\"},{\"@type\":\"ListItem\",\"position\":2,\"name\":\"Funcionament del TPV\"}]},{\"@type\":\"WebSite\",\"@id\":\"https:\/\/v2charge.com\/ca\/#website\",\"url\":\"https:\/\/v2charge.com\/ca\/\",\"name\":\"V2C\",\"description\":\"#CargandoElMa\u00f1ana\",\"publisher\":{\"@id\":\"https:\/\/v2charge.com\/ca\/#organization\"},\"potentialAction\":[{\"@type\":\"SearchAction\",\"target\":{\"@type\":\"EntryPoint\",\"urlTemplate\":\"https:\/\/v2charge.com\/ca\/?s={search_term_string}\"},\"query-input\":{\"@type\":\"PropertyValueSpecification\",\"valueRequired\":true,\"valueName\":\"search_term_string\"}}],\"inLanguage\":\"ca\"},{\"@type\":\"Organization\",\"@id\":\"https:\/\/v2charge.com\/ca\/#organization\",\"name\":\"V2C\",\"url\":\"https:\/\/v2charge.com\/ca\/\",\"logo\":{\"@type\":\"ImageObject\",\"inLanguage\":\"ca\",\"@id\":\"https:\/\/v2charge.com\/ca\/#\/schema\/logo\/image\/\",\"url\":\"https:\/\/v2charge.com\/wp-content\/uploads\/2024\/11\/cropped-v2c-charge-logo-menu.png\",\"contentUrl\":\"https:\/\/v2charge.com\/wp-content\/uploads\/2024\/11\/cropped-v2c-charge-logo-menu.png\",\"width\":984,\"height\":431,\"caption\":\"V2C\"},\"image\":{\"@id\":\"https:\/\/v2charge.com\/ca\/#\/schema\/logo\/image\/\"},\"sameAs\":[\"https:\/\/www.facebook.com\/V2C.Charge\",\"https:\/\/x.com\/V2C_Charge\",\"https:\/\/www.instagram.com\/v2c.charge\/\",\"https:\/\/www.youtube.com\/@V2C\",\"https:\/\/www.linkedin.com\/company\/v2c-chargers\/\"]}]}<\/script>\n<!-- \/ Yoast SEO plugin. -->","yoast_head_json":{"title":"Com funciona el TPV de V2C? Pas a Pas","description":"Descobreix qu\u00e8 \u00e9s i com funciona el TPV integrat en els nostres carregadors de cotxe el\u00e8ctric. Pas a Pas [Suport V2C]","robots":{"index":"index","follow":"follow","max-snippet":"max-snippet:-1","max-image-preview":"max-image-preview:large","max-video-preview":"max-video-preview:-1"},"canonical":"https:\/\/v2charge.com\/ca\/area-de-suport\/funcionament-del-tpv\/","og_locale":"ca_ES","og_type":"article","og_title":"Com funciona el TPV de V2C? Pas a Pas","og_description":"Descobreix qu\u00e8 \u00e9s i com funciona el TPV integrat en els nostres carregadors de cotxe el\u00e8ctric. Pas a Pas [Suport V2C]","og_url":"https:\/\/v2charge.com\/ca\/area-de-suport\/funcionament-del-tpv\/","og_site_name":"V2C","article_publisher":"https:\/\/www.facebook.com\/V2C.Charge","article_modified_time":"2026-01-09T15:26:50+00:00","og_image":[{"width":1200,"height":675,"url":"https:\/\/v2charge.com\/wp-content\/uploads\/2024\/07\/v2c-electric-chargers.jpg","type":"image\/jpeg"}],"twitter_card":"summary_large_image","twitter_site":"@V2C_Charge","twitter_misc":{"Est. reading time":"4 minuts"},"schema":{"@context":"https:\/\/schema.org","@graph":[{"@type":"WebPage","@id":"https:\/\/v2charge.com\/ca\/area-de-suport\/funcionament-del-tpv\/","url":"https:\/\/v2charge.com\/ca\/area-de-suport\/funcionament-del-tpv\/","name":"Com funciona el TPV de V2C? Pas a Pas","isPartOf":{"@id":"https:\/\/v2charge.com\/ca\/#website"},"primaryImageOfPage":{"@id":"https:\/\/v2charge.com\/ca\/area-de-suport\/funcionament-del-tpv\/#primaryimage"},"image":{"@id":"https:\/\/v2charge.com\/ca\/area-de-suport\/funcionament-del-tpv\/#primaryimage"},"thumbnailUrl":"https:\/\/v2charge.com\/wp-content\/uploads\/2024\/07\/v2c-electric-chargers.jpg","datePublished":"2024-09-02T11:15:42+00:00","dateModified":"2026-01-09T15:26:50+00:00","description":"Descobreix qu\u00e8 \u00e9s i com funciona el TPV integrat en els nostres carregadors de cotxe el\u00e8ctric. Pas a Pas [Suport V2C]","breadcrumb":{"@id":"https:\/\/v2charge.com\/ca\/area-de-suport\/funcionament-del-tpv\/#breadcrumb"},"inLanguage":"ca","potentialAction":[{"@type":"ReadAction","target":["https:\/\/v2charge.com\/ca\/area-de-suport\/funcionament-del-tpv\/"]}]},{"@type":"ImageObject","inLanguage":"ca","@id":"https:\/\/v2charge.com\/ca\/area-de-suport\/funcionament-del-tpv\/#primaryimage","url":"https:\/\/v2charge.com\/wp-content\/uploads\/2024\/07\/v2c-electric-chargers.jpg","contentUrl":"https:\/\/v2charge.com\/wp-content\/uploads\/2024\/07\/v2c-electric-chargers.jpg","width":1200,"height":675,"caption":"V2C Electric Chargers"},{"@type":"BreadcrumbList","@id":"https:\/\/v2charge.com\/ca\/area-de-suport\/funcionament-del-tpv\/#breadcrumb","itemListElement":[{"@type":"ListItem","position":1,"name":"V2C","item":"https:\/\/v2charge.com\/ca\/"},{"@type":"ListItem","position":2,"name":"Funcionament del TPV"}]},{"@type":"WebSite","@id":"https:\/\/v2charge.com\/ca\/#website","url":"https:\/\/v2charge.com\/ca\/","name":"V2C","description":"#CargandoElMa\u00f1ana","publisher":{"@id":"https:\/\/v2charge.com\/ca\/#organization"},"potentialAction":[{"@type":"SearchAction","target":{"@type":"EntryPoint","urlTemplate":"https:\/\/v2charge.com\/ca\/?s={search_term_string}"},"query-input":{"@type":"PropertyValueSpecification","valueRequired":true,"valueName":"search_term_string"}}],"inLanguage":"ca"},{"@type":"Organization","@id":"https:\/\/v2charge.com\/ca\/#organization","name":"V2C","url":"https:\/\/v2charge.com\/ca\/","logo":{"@type":"ImageObject","inLanguage":"ca","@id":"https:\/\/v2charge.com\/ca\/#\/schema\/logo\/image\/","url":"https:\/\/v2charge.com\/wp-content\/uploads\/2024\/11\/cropped-v2c-charge-logo-menu.png","contentUrl":"https:\/\/v2charge.com\/wp-content\/uploads\/2024\/11\/cropped-v2c-charge-logo-menu.png","width":984,"height":431,"caption":"V2C"},"image":{"@id":"https:\/\/v2charge.com\/ca\/#\/schema\/logo\/image\/"},"sameAs":["https:\/\/www.facebook.com\/V2C.Charge","https:\/\/x.com\/V2C_Charge","https:\/\/www.instagram.com\/v2c.charge\/","https:\/\/www.youtube.com\/@V2C","https:\/\/www.linkedin.com\/company\/v2c-chargers\/"]}]}},"uagb_featured_image_src":{"full":["https:\/\/v2charge.com\/wp-content\/uploads\/2024\/07\/v2c-electric-chargers.jpg",1200,675,false],"thumbnail":["https:\/\/v2charge.com\/wp-content\/uploads\/2024\/07\/v2c-electric-chargers-150x150.jpg",150,150,true],"medium":["https:\/\/v2charge.com\/wp-content\/uploads\/2024\/07\/v2c-electric-chargers-300x169.jpg",300,169,true],"medium_large":["https:\/\/v2charge.com\/wp-content\/uploads\/2024\/07\/v2c-electric-chargers-768x432.jpg",768,432,true],"large":["https:\/\/v2charge.com\/wp-content\/uploads\/2024\/07\/v2c-electric-chargers-1024x576.jpg",1024,576,true],"gs-tiny":["https:\/\/v2charge.com\/wp-content\/uploads\/2024\/07\/v2c-electric-chargers.jpg",50,28,false],"xl":["https:\/\/v2charge.com\/wp-content\/uploads\/2024\/07\/v2c-electric-chargers.jpg",1200,675,false],"xxl":["https:\/\/v2charge.com\/wp-content\/uploads\/2024\/07\/v2c-electric-chargers.jpg",1200,675,false],"xxxl":["https:\/\/v2charge.com\/wp-content\/uploads\/2024\/07\/v2c-electric-chargers.jpg",1200,675,false],"xxxxl":["https:\/\/v2charge.com\/wp-content\/uploads\/2024\/07\/v2c-electric-chargers.jpg",1200,675,false],"xxxxxl":["https:\/\/v2charge.com\/wp-content\/uploads\/2024\/07\/v2c-electric-chargers.jpg",1200,675,false],"1536x1536":["https:\/\/v2charge.com\/wp-content\/uploads\/2024\/07\/v2c-electric-chargers.jpg",1200,675,false],"2048x2048":["https:\/\/v2charge.com\/wp-content\/uploads\/2024\/07\/v2c-electric-chargers.jpg",1200,675,false]},"uagb_author_info":{"display_name":"V2C","author_link":"https:\/\/v2charge.com\/ca\/author\/marketing\/"},"uagb_comment_info":0,"uagb_excerpt":"Qu\u00e8 \u00e9s i com funciona TPV? TPV \u00e9s el nostre nou terminal de pagament, incorporat en Pole Pro per facilitar encara m\u00e9s el pagament amb targeta de cr\u00e8dit o d\u00e8bit. Sense altes, sense apps i sense complicacions. El nou m\u00e8tode de pagament de V2C Payments est\u00e0 dissenyat per simplificar i facilitar la c\u00e0rrega de vehicles&hellip;","_links":{"self":[{"href":"https:\/\/v2charge.com\/ca\/wp-json\/wp\/v2\/pages\/310107","targetHints":{"allow":["GET"]}}],"collection":[{"href":"https:\/\/v2charge.com\/ca\/wp-json\/wp\/v2\/pages"}],"about":[{"href":"https:\/\/v2charge.com\/ca\/wp-json\/wp\/v2\/types\/page"}],"author":[{"embeddable":true,"href":"https:\/\/v2charge.com\/ca\/wp-json\/wp\/v2\/users\/400"}],"replies":[{"embeddable":true,"href":"https:\/\/v2charge.com\/ca\/wp-json\/wp\/v2\/comments?post=310107"}],"version-history":[{"count":0,"href":"https:\/\/v2charge.com\/ca\/wp-json\/wp\/v2\/pages\/310107\/revisions"}],"up":[{"embeddable":true,"href":"https:\/\/v2charge.com\/ca\/wp-json\/wp\/v2\/pages\/310186"}],"wp:featuredmedia":[{"embeddable":true,"href":"https:\/\/v2charge.com\/ca\/wp-json\/wp\/v2\/media\/170354"}],"wp:attachment":[{"href":"https:\/\/v2charge.com\/ca\/wp-json\/wp\/v2\/media?parent=310107"}],"curies":[{"name":"wp","href":"https:\/\/api.w.org\/{rel}","templated":true}]}}