{"id":310115,"date":"2025-01-16T13:08:35","date_gmt":"2025-01-16T11:08:35","guid":{"rendered":""},"modified":"2026-01-09T13:16:37","modified_gmt":"2026-01-09T11:16:37","slug":"inversor-sungrow-trydan","status":"publish","type":"page","link":"https:\/\/v2charge.com\/ca\/area-de-suport\/control-de-potencia\/control-dinamic-de-potencia\/integracio-fotovoltaica\/inversor-sungrow-trydan\/","title":{"rendered":"Integraci\u00f3 de l&#8217;inversor Sungrow amb Trydan"},"content":{"rendered":"\n<div class=\"wp-block-uagb-container uagb-block-917b89c6 alignfull uagb-is-root-container\"><div class=\"uagb-container-inner-blocks-wrap\"><div class=\"yoast-breadcrumbs\"><span><span><a href=\"https:\/\/v2charge.com\/ca\/\">V2C<\/a><\/span> \u00bb <span><a href=\"https:\/\/v2charge.com\/ca\/support\/power-control\/dynamic\/\">Din\u00e1mico<\/a><\/span> \u00bb <span><a href=\"https:\/\/v2charge.com\/ca\/support\/power-control\/dynamic\/photovoltaic\/\">Fotovoltaica<\/a><\/span> \u00bb <span class=\"breadcrumb_last\" aria-current=\"page\">Inversor Sungrow<\/span><\/span><\/div>\n\n<h1 class=\"wp-block-heading\">Integraci\u00f3 de l&#8217;inversor Sungrow amb Trydan<\/h1>\n\n\n<div class=\"wp-block-uagb-container uagb-block-6ff3315e alignfull uagb-is-root-container\"><div class=\"uagb-container-inner-blocks-wrap\">\n<div class=\"wp-block-uagb-container uagb-block-d07bdd19\"><p>Connecta el teu punt de rec\u00e0rrega Trydan amb l&#8217;inversor Sungrow per optimitzar al m\u00e0xim l&#8217;\u00fas de l&#8217;energia.<\/p><\/div>\n\n\n\n<div class=\"wp-block-uagb-container uagb-block-56f0a249\">\n<div class=\"wp-block-uagb-image uagb-block-a6b3aa91 wp-block-uagb-image--layout-default wp-block-uagb-image--effect-static wp-block-uagb-image--align-none\"><figure class=\"wp-block-uagb-image__figure\"><img decoding=\"async\" srcset=\"https:\/\/v2charge.com\/wp-content\/uploads\/2024\/12\/sungrow_logo.png ,https:\/\/v2charge.com\/wp-content\/uploads\/2024\/12\/sungrow_logo.png 780w, https:\/\/v2charge.com\/wp-content\/uploads\/2024\/12\/sungrow_logo.png 360w\" sizes=\"auto, (max-width: 480px) 150px\" src=\"https:\/\/v2charge.com\/wp-content\/uploads\/2024\/12\/sungrow_logo.png\" alt=\"\" class=\"uag-image-198777\" width=\"400\" height=\"68\" title=\"sungrow_logo\" loading=\"lazy\" role=\"img\"\/><\/figure><\/div>\n<\/div>\n<\/div><\/div>\n\n\n\n<div class=\"wp-block-uagb-container uagb-block-333fb119 alignfull uagb-is-root-container\"><div class=\"uagb-container-inner-blocks-wrap\">\n<div class=\"wp-block-uagb-container uagb-block-2ff110d0 default uagb-is-root-container\">\n<div class=\"wp-block-uagb-container uagb-block-cd442c87\">\n<div class=\"wp-block-uagb-image aligncenter uagb-block-4bb46c59 wp-block-uagb-image--layout-default wp-block-uagb-image--effect-static wp-block-uagb-image--align-center\"><figure class=\"wp-block-uagb-image__figure\"><img decoding=\"async\" srcset=\"https:\/\/v2charge.com\/wp-content\/uploads\/2023\/11\/icon-important.png ,https:\/\/v2charge.com\/wp-content\/uploads\/2023\/11\/icon-important.png 780w, https:\/\/v2charge.com\/wp-content\/uploads\/2023\/11\/icon-important.png 360w\" sizes=\"auto, (max-width: 480px) 150px\" src=\"https:\/\/v2charge.com\/wp-content\/uploads\/2023\/11\/icon-important.png\" alt=\"\" class=\"uag-image-125013\" width=\"50\" height=\"50\" title=\"\" loading=\"lazy\" role=\"img\"\/><\/figure><\/div>\n<\/div>\n\n\n\n<div class=\"wp-block-uagb-container uagb-block-38de7166\"><div class=\"wp-block-uagb-advanced-heading uagb-block-37ab01f0\"><p class=\"uagb-heading-text\">L&#8217;\u00fas de&nbsp;<strong>repetidors Wi-Fi<\/strong>&nbsp;o&nbsp;<strong>xarxes mesh<\/strong>&nbsp;pot afectar el correcte funcionament del sistema. Recomanem utilitzar una&nbsp;<strong>xarxa Wi-Fi estable<\/strong>&nbsp;i<strong> directa<\/strong>&nbsp;per garantir una connexi\u00f3 \u00f2ptima entre el carregador i l&#8217;inversor.<\/p><\/div><\/div>\n<\/div>\n\n\n\n<div style=\"height:5px\" aria-hidden=\"true\" class=\"wp-block-spacer\"><\/div>\n<\/div><\/div>\n\n\n\n<div class=\"wp-block-uagb-separator uagb-block-37d1f752\"><div class=\"wp-block-uagb-separator__inner\" style=\"--my-background-image:\"><\/div><\/div>\n\n\n<h2 class=\"wp-block-heading\">Integraci\u00f3 de l&#8217;inversor Sungrow<\/h2>\n\n<p>Perqu\u00e8 la integraci\u00f3 de l&#8217;e-Charger Trydan amb els inversors Sungrow funcioni, \u00e9s necessari que aquests estiguin connectats a la mateixa xarxa que Trydan.&nbsp;Depenent del model d&#8217;inversor es pot connectar a internet d&#8217;una manera o altra.<\/p>\n\n<p>D&#8217;una banda, si l&#8217;inversor disposa d&#8217;un port LAN, es recomana connectar l&#8217;inversor al router mitjan\u00e7ant un cable RJ45.<\/p>\n\n\n<div class=\"wp-block-uagb-image aligncenter uagb-block-5d46d4c2 wp-block-uagb-image--layout-default wp-block-uagb-image--effect-static wp-block-uagb-image--align-center\"><figure class=\"wp-block-uagb-image__figure\"><img decoding=\"async\" srcset=\"https:\/\/v2charge.com\/wp-content\/uploads\/2024\/12\/configuration_sungrow.jpg ,https:\/\/v2charge.com\/wp-content\/uploads\/2024\/12\/configuration_sungrow.jpg 780w, https:\/\/v2charge.com\/wp-content\/uploads\/2024\/12\/configuration_sungrow.jpg 360w\" sizes=\"auto, (max-width: 480px) 150px\" src=\"https:\/\/v2charge.com\/wp-content\/uploads\/2024\/12\/configuration_sungrow.jpg\" alt=\"\" class=\"uag-image-198789\" width=\"704\" height=\"215\" title=\"configuration_sungrow\" loading=\"lazy\" role=\"img\"\/><\/figure><\/div>\n\n\n<p>D&#8217;altra banda, si l&#8217;inversor no disposa d&#8217;aquest port, \u00e9s necessari el m\u00f2dul WiNet-S per poder connectar l&#8217;inversor mitjan\u00e7ant WiFi o Ethernet.<\/p>\n\n\n<div class=\"wp-block-uagb-image aligncenter uagb-block-ad2c5bfa wp-block-uagb-image--layout-default wp-block-uagb-image--effect-static wp-block-uagb-image--align-center\"><figure class=\"wp-block-uagb-image__figure\"><img decoding=\"async\" srcset=\"https:\/\/v2charge.com\/wp-content\/uploads\/2024\/12\/winet-s.png ,https:\/\/v2charge.com\/wp-content\/uploads\/2024\/12\/winet-s.png 780w, https:\/\/v2charge.com\/wp-content\/uploads\/2024\/12\/winet-s.png 360w\" sizes=\"auto, (max-width: 480px) 150px\" src=\"https:\/\/v2charge.com\/wp-content\/uploads\/2024\/12\/winet-s.png\" alt=\"\" class=\"uag-image-198800\" width=\"800\" height=\"740\" title=\"winet-s\" loading=\"lazy\" role=\"img\"\/><\/figure><\/div>\n\n\n<p>El m\u00f2dul WiNet-S suporta tant comunicaci\u00f3 Ethernet com WLAN, per\u00f2 no es recomana utilitzar ambd\u00f3s m\u00e8todes simult\u00e0niament. S&#8217;ha d&#8217;introduir el m\u00f2dul al port COM1 (2 a la imatge) tant per a comunicaci\u00f3 WLAN com Ethernet, amb la difer\u00e8ncia que per Ethernet s&#8217;ha de connectar un cable RJ45 al m\u00f2dul.<\/p>\n\n\n<div class=\"wp-block-uagb-image aligncenter uagb-block-4dd5edd8 wp-block-uagb-image--layout-default wp-block-uagb-image--effect-static wp-block-uagb-image--align-center\"><figure class=\"wp-block-uagb-image__figure\"><img decoding=\"async\" srcset=\"https:\/\/v2charge.com\/wp-content\/uploads\/2024\/12\/sungrow-comands.jpg ,https:\/\/v2charge.com\/wp-content\/uploads\/2024\/12\/sungrow-comands.jpg 780w, https:\/\/v2charge.com\/wp-content\/uploads\/2024\/12\/sungrow-comands.jpg 360w\" sizes=\"auto, (max-width: 480px) 150px\" src=\"https:\/\/v2charge.com\/wp-content\/uploads\/2024\/12\/sungrow-comands.jpg\" alt=\"\" class=\"uag-image-198813\" width=\"416\" height=\"322\" title=\"sungrow-comands\" loading=\"lazy\" role=\"img\"\/><\/figure><\/div>\n\n\n<p>Amb la configuraci\u00f3 que ve per defecte, un cop l&#8217;inversor i Trydan estiguin a la mateixa xarxa, la integraci\u00f3 estaria finalitzada. No obstant aix\u00f2, s&#8217;ha de assegurar que els par\u00e0metres de la comunicaci\u00f3 a l&#8217;inversor s\u00f3n els seg\u00fcents:<\/p>\n\n\n<ul class=\"wp-block-list\"><li>Addr (adre\u00e7a): 1<\/li>\n\n<li>DHCP: ACTIVAT<\/li>\n\n<li>Port (port): 502<\/li><\/ul>\n<\/div><\/div>\n\n\n\n<div class=\"wp-block-uagb-container uagb-block-1fb723ac alignfull uagb-is-root-container\"><div class=\"uagb-container-inner-blocks-wrap\">\n<div class=\"wp-block-uagb-container uagb-block-f9070278\"><p>En l&#8217;aplicaci\u00f3, segueix el manual per&nbsp;activar el <a href=\"https:\/\/v2charge.com\/ca\/area-de-suport\/control-de-potencia\/control-dinamic-de-potencia\/\">Control Din\u00e0mic de Pot\u00e8ncia<\/a>&nbsp;i en el mesurador<strong> selecciona Sungrow<\/strong>.<\/p><\/div>\n\n\n\n<div class=\"wp-block-uagb-container uagb-block-bf7d8139\">\n<div class=\"wp-block-uagb-image aligncenter uagb-block-bfeb1bc2 wp-block-uagb-image--layout-default wp-block-uagb-image--effect-static wp-block-uagb-image--align-center\"><figure class=\"wp-block-uagb-image__figure\"><img decoding=\"async\" srcset=\"https:\/\/v2charge.com\/wp-content\/uploads\/2025\/12\/sungrow-conectar.png ,https:\/\/v2charge.com\/wp-content\/uploads\/2025\/12\/sungrow-conectar.png 780w, https:\/\/v2charge.com\/wp-content\/uploads\/2025\/12\/sungrow-conectar.png 360w\" sizes=\"auto, (max-width: 480px) 150px\" src=\"https:\/\/v2charge.com\/wp-content\/uploads\/2025\/12\/sungrow-conectar.png\" alt=\"\" class=\"uag-image-293063\" width=\"468\" height=\"800\" title=\"sungrow-conectar\" loading=\"lazy\" role=\"img\"\/><\/figure><\/div>\n<\/div>\n<\/div><\/div>\n\n\n\n<div class=\"wp-block-uagb-container uagb-block-c6f38013 alignfull uagb-is-root-container\"><div class=\"uagb-container-inner-blocks-wrap\"><div class=\"wp-block-uagb-advanced-heading uagb-block-6963d70c\"><h2 class=\"uagb-heading-text\"><strong>Necessites suport t\u00e8cnic?<\/strong><\/h2><\/div>\n\n<div class=\"wp-block-uagb-advanced-heading uagb-block-408243eb\"><p class=\"uagb-heading-text\">Resol el teu incident al moment a trav\u00e9s del nostre xat amb IA. Si no es resol, genera una sol\u00b7licitud al Centre de Suport T\u00e8cnic i ens posarem en contacte amb tu tan aviat com sigui possible per oferir-te la millor soluci\u00f3.<\/p><\/div>\n\n<div class=\"wp-block-uagb-info-box uagb-block-12e3cf1c uagb-infobox__content-wrap  uagb-infobox-icon-left uagb-infobox-left uagb-infobox-image-valign-top wp-block-uagb-info-box--has-margin ai-chatbot-button\"><div class=\"uagb-infobox-margin-wrapper\"><div class=\"uagb-ifb-image-content\"><img decoding=\"async\" src=\"https:\/\/v2charge.com\/wp-content\/uploads\/2026\/01\/support-ai-chatbot.png\" alt=\"\" width=\"20\" height=\"19\" loading=\"lazy\"\/><\/div><div class=\"uagb-ifb-content\"><div class=\"uagb-ifb-title-wrap\"><\/div><div class=\"uagb-ifb-button-wrapper wp-block-button\"><a href=\"https:\/\/v2charge.com\/ca\/area-de-suport\/suport-trydan\/\" class=\"uagb-infobox-cta-link wp-block-button__link\" target=\"_blank\" rel=\"noopener noreferrer\" onclick=\"return true;\"><span class=\"uagb-inline-editing\">Pregunta al nostre xat amb IA<\/span><\/a><\/div><\/div><\/div><\/div>\n\n\n<div class=\"wp-block-uagb-buttons uagb-buttons__outer-wrap uagb-btn__default-btn uagb-btn-tablet__default-btn uagb-btn-mobile__default-btn uagb-block-ba1e67d1\"><div class=\"uagb-buttons__wrap uagb-buttons-layout-wrap \"><div class=\"wp-block-uagb-buttons-child uagb-buttons__outer-wrap uagb-block-23cfb623 wp-block-button\"><div class=\"uagb-button__wrapper\"><a class=\"uagb-buttons-repeater wp-block-button__link\" aria-label=\"\" href=\"https:\/\/v2charge.atlassian.net\/servicedesk\/customer\/portal\/3\" rel=\"follow noopener\" target=\"_blank\" role=\"button\"><div class=\"uagb-button__link\">Contacta amb Suport T\u00e8cnic<\/div><\/a><\/div><\/div><\/div><\/div>\n<\/div><\/div>\n","protected":false},"excerpt":{"rendered":"<p>Integraci\u00f3 de l&#8217;inversor Sungrow amb Trydan Connecta el teu punt de rec\u00e0rrega Trydan amb l&#8217;inversor Sungrow per optimitzar al m\u00e0xim l&#8217;\u00fas de l&#8217;energia. L&#8217;\u00fas de&nbsp;repetidors Wi-Fi&nbsp;o&nbsp;xarxes mesh&nbsp;pot afectar el correcte funcionament del sistema. Recomanem utilitzar una&nbsp;xarxa Wi-Fi estable&nbsp;i directa&nbsp;per garantir una connexi\u00f3 \u00f2ptima entre el carregador i l&#8217;inversor. Integraci\u00f3 de l&#8217;inversor Sungrow Perqu\u00e8 la integraci\u00f3 &#8230; <a title=\"Integraci\u00f3 de l&#8217;inversor Sungrow amb Trydan\" class=\"read-more\" href=\"https:\/\/v2charge.com\/ca\/area-de-suport\/control-de-potencia\/control-dinamic-de-potencia\/integracio-fotovoltaica\/inversor-sungrow-trydan\/\" aria-label=\"Read more about Integraci\u00f3 de l&#8217;inversor Sungrow amb Trydan\">Read more<\/a><\/p>\n","protected":false},"author":400,"featured_media":0,"parent":310036,"menu_order":0,"comment_status":"closed","ping_status":"closed","template":"","meta":{"_eb_attr":"","content-type":"","_uag_custom_page_level_css":"","footnotes":""},"class_list":["post-310115","page","type-page","status-publish"],"yoast_head":"<!-- This site is optimized with the Yoast SEO plugin v25.3.1 - https:\/\/yoast.com\/wordpress\/plugins\/seo\/ -->\n<title>Integraci\u00f3 de l&#039;inversor Sungrow amb Trydan - V2C<\/title>\n<meta name=\"description\" content=\"L&#039;inversor Sungrow es pot integrar amb el e-Charger Trydan a trav\u00e9s d&#039;Ethernet o WiFi. Especifiquem els passos a seguir.\" \/>\n<meta name=\"robots\" content=\"index, follow, max-snippet:-1, max-image-preview:large, max-video-preview:-1\" \/>\n<link rel=\"canonical\" href=\"https:\/\/v2charge.com\/ca\/area-de-suport\/control-de-potencia\/control-dinamic-de-potencia\/integracio-fotovoltaica\/inversor-sungrow-trydan\/\" \/>\n<meta property=\"og:locale\" content=\"ca_ES\" \/>\n<meta property=\"og:type\" content=\"article\" \/>\n<meta property=\"og:title\" content=\"Integraci\u00f3 de l&#039;inversor Sungrow amb Trydan - V2C\" \/>\n<meta property=\"og:description\" content=\"L&#039;inversor Sungrow es pot integrar amb el e-Charger Trydan a trav\u00e9s d&#039;Ethernet o WiFi. Especifiquem els passos a seguir.\" \/>\n<meta property=\"og:url\" content=\"https:\/\/v2charge.com\/ca\/area-de-suport\/control-de-potencia\/control-dinamic-de-potencia\/integracio-fotovoltaica\/inversor-sungrow-trydan\/\" \/>\n<meta property=\"og:site_name\" content=\"V2C\" \/>\n<meta property=\"article:publisher\" content=\"https:\/\/www.facebook.com\/V2C.Charge\" \/>\n<meta property=\"article:modified_time\" content=\"2026-01-09T11:16:37+00:00\" \/>\n<meta property=\"og:image\" content=\"https:\/\/v2charge.com\/wp-content\/uploads\/2024\/12\/sungrow_logo.png\" \/>\n<meta name=\"twitter:card\" content=\"summary_large_image\" \/>\n<meta name=\"twitter:site\" content=\"@V2C_Charge\" \/>\n<meta name=\"twitter:label1\" content=\"Est. reading time\" \/>\n\t<meta name=\"twitter:data1\" content=\"3 minuts\" \/>\n<script type=\"application\/ld+json\" class=\"yoast-schema-graph\">{\"@context\":\"https:\/\/schema.org\",\"@graph\":[{\"@type\":\"WebPage\",\"@id\":\"https:\/\/v2charge.com\/ca\/area-de-suport\/control-de-potencia\/control-dinamic-de-potencia\/integracio-fotovoltaica\/inversor-sungrow-trydan\/\",\"url\":\"https:\/\/v2charge.com\/ca\/area-de-suport\/control-de-potencia\/control-dinamic-de-potencia\/integracio-fotovoltaica\/inversor-sungrow-trydan\/\",\"name\":\"Integraci\u00f3 de l'inversor Sungrow amb Trydan - V2C\",\"isPartOf\":{\"@id\":\"https:\/\/v2charge.com\/ca\/#website\"},\"primaryImageOfPage\":{\"@id\":\"https:\/\/v2charge.com\/ca\/area-de-suport\/control-de-potencia\/control-dinamic-de-potencia\/integracio-fotovoltaica\/inversor-sungrow-trydan\/#primaryimage\"},\"image\":{\"@id\":\"https:\/\/v2charge.com\/ca\/area-de-suport\/control-de-potencia\/control-dinamic-de-potencia\/integracio-fotovoltaica\/inversor-sungrow-trydan\/#primaryimage\"},\"thumbnailUrl\":\"https:\/\/v2charge.com\/wp-content\/uploads\/2024\/12\/sungrow_logo.png\",\"datePublished\":\"2025-01-16T11:08:35+00:00\",\"dateModified\":\"2026-01-09T11:16:37+00:00\",\"description\":\"L'inversor Sungrow es pot integrar amb el e-Charger Trydan a trav\u00e9s d'Ethernet o WiFi. Especifiquem els passos a seguir.\",\"breadcrumb\":{\"@id\":\"https:\/\/v2charge.com\/ca\/area-de-suport\/control-de-potencia\/control-dinamic-de-potencia\/integracio-fotovoltaica\/inversor-sungrow-trydan\/#breadcrumb\"},\"inLanguage\":\"ca\",\"potentialAction\":[{\"@type\":\"ReadAction\",\"target\":[\"https:\/\/v2charge.com\/ca\/area-de-suport\/control-de-potencia\/control-dinamic-de-potencia\/integracio-fotovoltaica\/inversor-sungrow-trydan\/\"]}]},{\"@type\":\"ImageObject\",\"inLanguage\":\"ca\",\"@id\":\"https:\/\/v2charge.com\/ca\/area-de-suport\/control-de-potencia\/control-dinamic-de-potencia\/integracio-fotovoltaica\/inversor-sungrow-trydan\/#primaryimage\",\"url\":\"https:\/\/v2charge.com\/wp-content\/uploads\/2024\/12\/sungrow_logo.png\",\"contentUrl\":\"https:\/\/v2charge.com\/wp-content\/uploads\/2024\/12\/sungrow_logo.png\"},{\"@type\":\"BreadcrumbList\",\"@id\":\"https:\/\/v2charge.com\/ca\/area-de-suport\/control-de-potencia\/control-dinamic-de-potencia\/integracio-fotovoltaica\/inversor-sungrow-trydan\/#breadcrumb\",\"itemListElement\":[{\"@type\":\"ListItem\",\"position\":1,\"name\":\"V2C\",\"item\":\"https:\/\/v2charge.com\/ca\/\"},{\"@type\":\"ListItem\",\"position\":2,\"name\":\"Din\u00e1mico\",\"item\":\"https:\/\/v2charge.com\/ca\/support\/power-control\/dynamic\/\"},{\"@type\":\"ListItem\",\"position\":3,\"name\":\"Fotovoltaica\",\"item\":\"https:\/\/v2charge.com\/ca\/support\/power-control\/dynamic\/photovoltaic\/\"},{\"@type\":\"ListItem\",\"position\":4,\"name\":\"Inversor Sungrow\"}]},{\"@type\":\"WebSite\",\"@id\":\"https:\/\/v2charge.com\/ca\/#website\",\"url\":\"https:\/\/v2charge.com\/ca\/\",\"name\":\"V2C\",\"description\":\"#CargandoElMa\u00f1ana\",\"publisher\":{\"@id\":\"https:\/\/v2charge.com\/ca\/#organization\"},\"potentialAction\":[{\"@type\":\"SearchAction\",\"target\":{\"@type\":\"EntryPoint\",\"urlTemplate\":\"https:\/\/v2charge.com\/ca\/?s={search_term_string}\"},\"query-input\":{\"@type\":\"PropertyValueSpecification\",\"valueRequired\":true,\"valueName\":\"search_term_string\"}}],\"inLanguage\":\"ca\"},{\"@type\":\"Organization\",\"@id\":\"https:\/\/v2charge.com\/ca\/#organization\",\"name\":\"V2C\",\"url\":\"https:\/\/v2charge.com\/ca\/\",\"logo\":{\"@type\":\"ImageObject\",\"inLanguage\":\"ca\",\"@id\":\"https:\/\/v2charge.com\/ca\/#\/schema\/logo\/image\/\",\"url\":\"https:\/\/v2charge.com\/wp-content\/uploads\/2024\/11\/cropped-v2c-charge-logo-menu.png\",\"contentUrl\":\"https:\/\/v2charge.com\/wp-content\/uploads\/2024\/11\/cropped-v2c-charge-logo-menu.png\",\"width\":984,\"height\":431,\"caption\":\"V2C\"},\"image\":{\"@id\":\"https:\/\/v2charge.com\/ca\/#\/schema\/logo\/image\/\"},\"sameAs\":[\"https:\/\/www.facebook.com\/V2C.Charge\",\"https:\/\/x.com\/V2C_Charge\",\"https:\/\/www.instagram.com\/v2c.charge\/\",\"https:\/\/www.youtube.com\/@V2C\",\"https:\/\/www.linkedin.com\/company\/v2c-chargers\/\"]}]}<\/script>\n<!-- \/ Yoast SEO plugin. -->","yoast_head_json":{"title":"Integraci\u00f3 de l'inversor Sungrow amb Trydan - V2C","description":"L'inversor Sungrow es pot integrar amb el e-Charger Trydan a trav\u00e9s d'Ethernet o WiFi. Especifiquem els passos a seguir.","robots":{"index":"index","follow":"follow","max-snippet":"max-snippet:-1","max-image-preview":"max-image-preview:large","max-video-preview":"max-video-preview:-1"},"canonical":"https:\/\/v2charge.com\/ca\/area-de-suport\/control-de-potencia\/control-dinamic-de-potencia\/integracio-fotovoltaica\/inversor-sungrow-trydan\/","og_locale":"ca_ES","og_type":"article","og_title":"Integraci\u00f3 de l'inversor Sungrow amb Trydan - V2C","og_description":"L'inversor Sungrow es pot integrar amb el e-Charger Trydan a trav\u00e9s d'Ethernet o WiFi. Especifiquem els passos a seguir.","og_url":"https:\/\/v2charge.com\/ca\/area-de-suport\/control-de-potencia\/control-dinamic-de-potencia\/integracio-fotovoltaica\/inversor-sungrow-trydan\/","og_site_name":"V2C","article_publisher":"https:\/\/www.facebook.com\/V2C.Charge","article_modified_time":"2026-01-09T11:16:37+00:00","og_image":[{"url":"https:\/\/v2charge.com\/wp-content\/uploads\/2024\/12\/sungrow_logo.png","type":"","width":"","height":""}],"twitter_card":"summary_large_image","twitter_site":"@V2C_Charge","twitter_misc":{"Est. reading time":"3 minuts"},"schema":{"@context":"https:\/\/schema.org","@graph":[{"@type":"WebPage","@id":"https:\/\/v2charge.com\/ca\/area-de-suport\/control-de-potencia\/control-dinamic-de-potencia\/integracio-fotovoltaica\/inversor-sungrow-trydan\/","url":"https:\/\/v2charge.com\/ca\/area-de-suport\/control-de-potencia\/control-dinamic-de-potencia\/integracio-fotovoltaica\/inversor-sungrow-trydan\/","name":"Integraci\u00f3 de l'inversor Sungrow amb Trydan - V2C","isPartOf":{"@id":"https:\/\/v2charge.com\/ca\/#website"},"primaryImageOfPage":{"@id":"https:\/\/v2charge.com\/ca\/area-de-suport\/control-de-potencia\/control-dinamic-de-potencia\/integracio-fotovoltaica\/inversor-sungrow-trydan\/#primaryimage"},"image":{"@id":"https:\/\/v2charge.com\/ca\/area-de-suport\/control-de-potencia\/control-dinamic-de-potencia\/integracio-fotovoltaica\/inversor-sungrow-trydan\/#primaryimage"},"thumbnailUrl":"https:\/\/v2charge.com\/wp-content\/uploads\/2024\/12\/sungrow_logo.png","datePublished":"2025-01-16T11:08:35+00:00","dateModified":"2026-01-09T11:16:37+00:00","description":"L'inversor Sungrow es pot integrar amb el e-Charger Trydan a trav\u00e9s d'Ethernet o WiFi. Especifiquem els passos a seguir.","breadcrumb":{"@id":"https:\/\/v2charge.com\/ca\/area-de-suport\/control-de-potencia\/control-dinamic-de-potencia\/integracio-fotovoltaica\/inversor-sungrow-trydan\/#breadcrumb"},"inLanguage":"ca","potentialAction":[{"@type":"ReadAction","target":["https:\/\/v2charge.com\/ca\/area-de-suport\/control-de-potencia\/control-dinamic-de-potencia\/integracio-fotovoltaica\/inversor-sungrow-trydan\/"]}]},{"@type":"ImageObject","inLanguage":"ca","@id":"https:\/\/v2charge.com\/ca\/area-de-suport\/control-de-potencia\/control-dinamic-de-potencia\/integracio-fotovoltaica\/inversor-sungrow-trydan\/#primaryimage","url":"https:\/\/v2charge.com\/wp-content\/uploads\/2024\/12\/sungrow_logo.png","contentUrl":"https:\/\/v2charge.com\/wp-content\/uploads\/2024\/12\/sungrow_logo.png"},{"@type":"BreadcrumbList","@id":"https:\/\/v2charge.com\/ca\/area-de-suport\/control-de-potencia\/control-dinamic-de-potencia\/integracio-fotovoltaica\/inversor-sungrow-trydan\/#breadcrumb","itemListElement":[{"@type":"ListItem","position":1,"name":"V2C","item":"https:\/\/v2charge.com\/ca\/"},{"@type":"ListItem","position":2,"name":"Din\u00e1mico","item":"https:\/\/v2charge.com\/ca\/support\/power-control\/dynamic\/"},{"@type":"ListItem","position":3,"name":"Fotovoltaica","item":"https:\/\/v2charge.com\/ca\/support\/power-control\/dynamic\/photovoltaic\/"},{"@type":"ListItem","position":4,"name":"Inversor Sungrow"}]},{"@type":"WebSite","@id":"https:\/\/v2charge.com\/ca\/#website","url":"https:\/\/v2charge.com\/ca\/","name":"V2C","description":"#CargandoElMa\u00f1ana","publisher":{"@id":"https:\/\/v2charge.com\/ca\/#organization"},"potentialAction":[{"@type":"SearchAction","target":{"@type":"EntryPoint","urlTemplate":"https:\/\/v2charge.com\/ca\/?s={search_term_string}"},"query-input":{"@type":"PropertyValueSpecification","valueRequired":true,"valueName":"search_term_string"}}],"inLanguage":"ca"},{"@type":"Organization","@id":"https:\/\/v2charge.com\/ca\/#organization","name":"V2C","url":"https:\/\/v2charge.com\/ca\/","logo":{"@type":"ImageObject","inLanguage":"ca","@id":"https:\/\/v2charge.com\/ca\/#\/schema\/logo\/image\/","url":"https:\/\/v2charge.com\/wp-content\/uploads\/2024\/11\/cropped-v2c-charge-logo-menu.png","contentUrl":"https:\/\/v2charge.com\/wp-content\/uploads\/2024\/11\/cropped-v2c-charge-logo-menu.png","width":984,"height":431,"caption":"V2C"},"image":{"@id":"https:\/\/v2charge.com\/ca\/#\/schema\/logo\/image\/"},"sameAs":["https:\/\/www.facebook.com\/V2C.Charge","https:\/\/x.com\/V2C_Charge","https:\/\/www.instagram.com\/v2c.charge\/","https:\/\/www.youtube.com\/@V2C","https:\/\/www.linkedin.com\/company\/v2c-chargers\/"]}]}},"uagb_featured_image_src":{"full":false,"thumbnail":false,"medium":false,"medium_large":false,"large":false,"gs-tiny":false,"xl":false,"xxl":false,"xxxl":false,"xxxxl":false,"xxxxxl":false,"1536x1536":false,"2048x2048":false},"uagb_author_info":{"display_name":"V2C","author_link":"https:\/\/v2charge.com\/ca\/author\/marketing\/"},"uagb_comment_info":0,"uagb_excerpt":"Integraci\u00f3 de l&#8217;inversor Sungrow amb Trydan Connecta el teu punt de rec\u00e0rrega Trydan amb l&#8217;inversor Sungrow per optimitzar al m\u00e0xim l&#8217;\u00fas de l&#8217;energia. L&#8217;\u00fas de&nbsp;repetidors Wi-Fi&nbsp;o&nbsp;xarxes mesh&nbsp;pot afectar el correcte funcionament del sistema. Recomanem utilitzar una&nbsp;xarxa Wi-Fi estable&nbsp;i directa&nbsp;per garantir una connexi\u00f3 \u00f2ptima entre el carregador i l&#8217;inversor. Integraci\u00f3 de l&#8217;inversor Sungrow Perqu\u00e8 la integraci\u00f3&hellip;","_links":{"self":[{"href":"https:\/\/v2charge.com\/ca\/wp-json\/wp\/v2\/pages\/310115","targetHints":{"allow":["GET"]}}],"collection":[{"href":"https:\/\/v2charge.com\/ca\/wp-json\/wp\/v2\/pages"}],"about":[{"href":"https:\/\/v2charge.com\/ca\/wp-json\/wp\/v2\/types\/page"}],"author":[{"embeddable":true,"href":"https:\/\/v2charge.com\/ca\/wp-json\/wp\/v2\/users\/400"}],"replies":[{"embeddable":true,"href":"https:\/\/v2charge.com\/ca\/wp-json\/wp\/v2\/comments?post=310115"}],"version-history":[{"count":0,"href":"https:\/\/v2charge.com\/ca\/wp-json\/wp\/v2\/pages\/310115\/revisions"}],"up":[{"embeddable":true,"href":"https:\/\/v2charge.com\/ca\/wp-json\/wp\/v2\/pages\/310036"}],"wp:attachment":[{"href":"https:\/\/v2charge.com\/ca\/wp-json\/wp\/v2\/media?parent=310115"}],"curies":[{"name":"wp","href":"https:\/\/api.w.org\/{rel}","templated":true}]}}