{"id":310118,"date":"2025-04-01T16:11:07","date_gmt":"2025-04-01T14:11:07","guid":{"rendered":""},"modified":"2025-04-01T16:48:50","modified_gmt":"2025-04-01T14:48:50","slug":"models-bim","status":"publish","type":"page","link":"https:\/\/v2charge.com\/ca\/area-de-suport\/models-bim\/","title":{"rendered":"Models BIM"},"content":{"rendered":"\n<div class=\"wp-block-uagb-container uagb-block-44ca084c alignfull uagb-is-root-container\"><div class=\"uagb-container-inner-blocks-wrap\">\n<div style=\"height:30px\" aria-hidden=\"true\" class=\"wp-block-spacer\"><\/div>\n\n\n<div class=\"yoast-breadcrumbs\"><span><span><a href=\"https:\/\/v2charge.com\/ca\/\">V2C<\/a><\/span> \u00bb <span class=\"breadcrumb_last\" aria-current=\"page\">Models BIM<\/span><\/span><\/div>\n\n<h1 class=\"wp-block-heading\">Models BIM dels e-Chargers V2C<\/h1>\n\n\n<div style=\"height:10px\" aria-hidden=\"true\" class=\"wp-block-spacer\"><\/div>\n\n\n<p>Posem a la teva disposici\u00f3 els models dels nostres carregadors en diferents formats per facilitar la seva integraci\u00f3 en <strong>projectes de disseny<\/strong>, <strong>planificaci\u00f3<\/strong> i <strong>visualitzaci\u00f3<\/strong>, optimitzant el flux de treball BIM i la interoperabilitat amb altres programes.<\/p><\/div><\/div>\n\n\n\n<div class=\"wp-block-uagb-container uagb-block-b176aab5 alignfull uagb-is-root-container\"><div class=\"uagb-container-inner-blocks-wrap\"><div class=\"wp-block-uagb-advanced-heading uagb-block-7fd068b1\"><h2 class=\"uagb-heading-text\">Models BIM en formats <mark class=\"uagb-highlight\">.rfa<\/mark>, <mark class=\"uagb-highlight\">.ifc<\/mark> i <mark class=\"uagb-highlight\">.fbx<\/mark><\/h2><\/div>\n\n\n<div class=\"wp-block-uagb-container uagb-block-37f6c5b2 alignfull uagb-is-root-container\"><div class=\"uagb-container-inner-blocks-wrap\">\n<div class=\"wp-block-uagb-container uagb-block-15c9f608\"><div class=\"wp-block-uagb-info-box uagb-block-291e2156 uagb-infobox__content-wrap  uagb-infobox-icon-above-title uagb-infobox-image-valign-top\"><div class=\"uagb-ifb-content\"><div class=\"uagb-ifb-image-content\"><img decoding=\"async\" src=\"https:\/\/v2charge.com\/wp-content\/uploads\/2025\/04\/icono-trydan.png\" alt=\"\" width=\"70\" height=\"70\" loading=\"lazy\"\/><\/div><div class=\"uagb-ifb-title-wrap\"><h3 class=\"uagb-ifb-title\">Trydan \/ Trydan Pro<\/h3><\/div><div class=\"uagb-ifb-button-wrapper wp-block-button\"><a href=\"https:\/\/drive.google.com\/uc?id=1KhJLWR4fHfdInNfg-uTbODUMwlcMHtcF&amp;export=download\" target=\"_self\" onclick=\"return true;\" class=\"uagb-infobox-cta-link\" rel=\"noopener noreferrer\" alt=\"\"><span class=\"uagb-inline-editing\">RFA<\/span><svg xmlns=\"https:\/\/www.w3.org\/2000\/svg\" viewBox=\"0 0 256 512\"><path d=\"M118.6 105.4l128 127.1C252.9 239.6 256 247.8 256 255.1s-3.125 16.38-9.375 22.63l-128 127.1c-9.156 9.156-22.91 11.9-34.88 6.943S64 396.9 64 383.1V128c0-12.94 7.781-24.62 19.75-29.58S109.5 96.23 118.6 105.4z\"><\/path><\/svg><\/a><\/div><\/div><\/div>\n\n<div class=\"wp-block-uagb-info-box uagb-block-457c5a46 uagb-infobox__content-wrap  uagb-infobox-icon-above-title uagb-infobox-image-valign-top\"><div class=\"uagb-ifb-content\"><div class=\"uagb-ifb-title-wrap\"><\/div><div class=\"uagb-ifb-button-wrapper wp-block-button\"><a href=\"https:\/\/drive.google.com\/uc?id=1f3GjVWbhbYmNvQUBZAawKRMeOjX5v1AI&amp;export=download\" target=\"_self\" onclick=\"return true;\" class=\"uagb-infobox-cta-link\" rel=\"noopener noreferrer\" alt=\"\"><span class=\"uagb-inline-editing\">IFC<\/span><svg xmlns=\"https:\/\/www.w3.org\/2000\/svg\" viewBox=\"0 0 256 512\"><path d=\"M118.6 105.4l128 127.1C252.9 239.6 256 247.8 256 255.1s-3.125 16.38-9.375 22.63l-128 127.1c-9.156 9.156-22.91 11.9-34.88 6.943S64 396.9 64 383.1V128c0-12.94 7.781-24.62 19.75-29.58S109.5 96.23 118.6 105.4z\"><\/path><\/svg><\/a><\/div><\/div><\/div>\n\n<div class=\"wp-block-uagb-info-box uagb-block-457c5a46 uagb-infobox__content-wrap  uagb-infobox-icon-above-title uagb-infobox-image-valign-top\"><div class=\"uagb-ifb-content\"><div class=\"uagb-ifb-title-wrap\"><\/div><div class=\"uagb-ifb-button-wrapper wp-block-button\"><a href=\"https:\/\/drive.google.com\/uc?id=1Ih48GyuvypGqnQLrwlObc1xNKO4TDEHA&amp;export=download\" target=\"_self\" onclick=\"return true;\" class=\"uagb-infobox-cta-link\" rel=\"noopener noreferrer\" alt=\"\"><span class=\"uagb-inline-editing\">FBX<\/span><svg xmlns=\"https:\/\/www.w3.org\/2000\/svg\" viewBox=\"0 0 256 512\"><path d=\"M118.6 105.4l128 127.1C252.9 239.6 256 247.8 256 255.1s-3.125 16.38-9.375 22.63l-128 127.1c-9.156 9.156-22.91 11.9-34.88 6.943S64 396.9 64 383.1V128c0-12.94 7.781-24.62 19.75-29.58S109.5 96.23 118.6 105.4z\"><\/path><\/svg><\/a><\/div><\/div><\/div><\/div>\n\n\n\n<div class=\"wp-block-uagb-container uagb-block-10f97eaf\"><div class=\"wp-block-uagb-info-box uagb-block-2b3929ee uagb-infobox__content-wrap  uagb-infobox-icon-above-title uagb-infobox-image-valign-top\"><div class=\"uagb-ifb-content\"><div class=\"uagb-ifb-image-content\"><img decoding=\"async\" src=\"https:\/\/v2charge.com\/wp-content\/uploads\/2025\/04\/icono-pole-pro-floor.png\" alt=\"\" width=\"70\" height=\"70\" loading=\"lazy\"\/><\/div><div class=\"uagb-ifb-title-wrap\"><h3 class=\"uagb-ifb-title\">Pole Pro (versi\u00f3 s\u00f2l)<\/h3><\/div><div class=\"uagb-ifb-button-wrapper wp-block-button\"><a href=\"https:\/\/drive.google.com\/uc?id=1Dbf2M6Z4wPzfe8CNAV5Wk_KMrqocSLf_&amp;export=download\" target=\"_self\" onclick=\"return true;\" class=\"uagb-infobox-cta-link\" rel=\"noopener noreferrer\" alt=\"\"><span class=\"uagb-inline-editing\">RFA<\/span><svg xmlns=\"https:\/\/www.w3.org\/2000\/svg\" viewBox=\"0 0 256 512\"><path d=\"M118.6 105.4l128 127.1C252.9 239.6 256 247.8 256 255.1s-3.125 16.38-9.375 22.63l-128 127.1c-9.156 9.156-22.91 11.9-34.88 6.943S64 396.9 64 383.1V128c0-12.94 7.781-24.62 19.75-29.58S109.5 96.23 118.6 105.4z\"><\/path><\/svg><\/a><\/div><\/div><\/div>\n\n<div class=\"wp-block-uagb-info-box uagb-block-457c5a46 uagb-infobox__content-wrap  uagb-infobox-icon-above-title uagb-infobox-image-valign-top\"><div class=\"uagb-ifb-content\"><div class=\"uagb-ifb-title-wrap\"><\/div><div class=\"uagb-ifb-button-wrapper wp-block-button\"><a href=\"https:\/\/drive.google.com\/uc?id=1RReGC68bZ8WvVTPerw6rlFODwT4lCVPM&amp;export=download\" target=\"_self\" onclick=\"return true;\" class=\"uagb-infobox-cta-link\" rel=\"noopener noreferrer\" alt=\"\"><span class=\"uagb-inline-editing\">IFC<\/span><svg xmlns=\"https:\/\/www.w3.org\/2000\/svg\" viewBox=\"0 0 256 512\"><path d=\"M118.6 105.4l128 127.1C252.9 239.6 256 247.8 256 255.1s-3.125 16.38-9.375 22.63l-128 127.1c-9.156 9.156-22.91 11.9-34.88 6.943S64 396.9 64 383.1V128c0-12.94 7.781-24.62 19.75-29.58S109.5 96.23 118.6 105.4z\"><\/path><\/svg><\/a><\/div><\/div><\/div>\n\n<div class=\"wp-block-uagb-info-box uagb-block-457c5a46 uagb-infobox__content-wrap  uagb-infobox-icon-above-title uagb-infobox-image-valign-top\"><div class=\"uagb-ifb-content\"><div class=\"uagb-ifb-title-wrap\"><\/div><div class=\"uagb-ifb-button-wrapper wp-block-button\"><a href=\"https:\/\/drive.google.com\/uc?id=1knKbf2Ad7EYeBkjaKZlsIf5hKPZhxG6D&amp;export=download\" target=\"_self\" onclick=\"return true;\" class=\"uagb-infobox-cta-link\" rel=\"noopener noreferrer\" alt=\"\"><span class=\"uagb-inline-editing\">FBX<\/span><svg xmlns=\"https:\/\/www.w3.org\/2000\/svg\" viewBox=\"0 0 256 512\"><path d=\"M118.6 105.4l128 127.1C252.9 239.6 256 247.8 256 255.1s-3.125 16.38-9.375 22.63l-128 127.1c-9.156 9.156-22.91 11.9-34.88 6.943S64 396.9 64 383.1V128c0-12.94 7.781-24.62 19.75-29.58S109.5 96.23 118.6 105.4z\"><\/path><\/svg><\/a><\/div><\/div><\/div><\/div>\n\n\n\n<div class=\"wp-block-uagb-container uagb-block-38eee56b\"><div class=\"wp-block-uagb-info-box uagb-block-0726c098 uagb-infobox__content-wrap  uagb-infobox-icon-above-title uagb-infobox-image-valign-top\"><div class=\"uagb-ifb-content\"><div class=\"uagb-ifb-image-content\"><img decoding=\"async\" src=\"https:\/\/v2charge.com\/wp-content\/uploads\/2025\/04\/icono-pole-pro-wall.png\" alt=\"\" width=\"70\" height=\"70\" loading=\"lazy\"\/><\/div><div class=\"uagb-ifb-title-wrap\"><h3 class=\"uagb-ifb-title\">Pole Pro (versi\u00f3 paret)<\/h3><\/div><div class=\"uagb-ifb-button-wrapper wp-block-button\"><a href=\"https:\/\/drive.google.com\/uc?id=16eYBM97j23gtQ3NjDTtb4UzF8XLatWp_&amp;export=download\" target=\"_self\" onclick=\"return true;\" class=\"uagb-infobox-cta-link\" rel=\"noopener noreferrer\" alt=\"\"><span class=\"uagb-inline-editing\">RFA<\/span><svg xmlns=\"https:\/\/www.w3.org\/2000\/svg\" viewBox=\"0 0 256 512\"><path d=\"M118.6 105.4l128 127.1C252.9 239.6 256 247.8 256 255.1s-3.125 16.38-9.375 22.63l-128 127.1c-9.156 9.156-22.91 11.9-34.88 6.943S64 396.9 64 383.1V128c0-12.94 7.781-24.62 19.75-29.58S109.5 96.23 118.6 105.4z\"><\/path><\/svg><\/a><\/div><\/div><\/div>\n\n<div class=\"wp-block-uagb-info-box uagb-block-457c5a46 uagb-infobox__content-wrap  uagb-infobox-icon-above-title uagb-infobox-image-valign-top\"><div class=\"uagb-ifb-content\"><div class=\"uagb-ifb-title-wrap\"><\/div><div class=\"uagb-ifb-button-wrapper wp-block-button\"><a href=\"https:\/\/drive.google.com\/uc?id=15lVWsk-sUtQkjRysFXuDQek3aag03RJW&amp;export=download\" target=\"_self\" onclick=\"return true;\" class=\"uagb-infobox-cta-link\" rel=\"noopener noreferrer\" alt=\"\"><span class=\"uagb-inline-editing\">IFC<\/span><svg xmlns=\"https:\/\/www.w3.org\/2000\/svg\" viewBox=\"0 0 256 512\"><path d=\"M118.6 105.4l128 127.1C252.9 239.6 256 247.8 256 255.1s-3.125 16.38-9.375 22.63l-128 127.1c-9.156 9.156-22.91 11.9-34.88 6.943S64 396.9 64 383.1V128c0-12.94 7.781-24.62 19.75-29.58S109.5 96.23 118.6 105.4z\"><\/path><\/svg><\/a><\/div><\/div><\/div>\n\n<div class=\"wp-block-uagb-info-box uagb-block-457c5a46 uagb-infobox__content-wrap  uagb-infobox-icon-above-title uagb-infobox-image-valign-top\"><div class=\"uagb-ifb-content\"><div class=\"uagb-ifb-title-wrap\"><\/div><div class=\"uagb-ifb-button-wrapper wp-block-button\"><a href=\"https:\/\/drive.google.com\/uc?id=1AceiE0C_y0pGL9lMFf5w5agG5FSQYTHi&amp;export=download\" target=\"_self\" onclick=\"return true;\" class=\"uagb-infobox-cta-link\" rel=\"noopener noreferrer\" alt=\"\"><span class=\"uagb-inline-editing\">FBX<\/span><svg xmlns=\"https:\/\/www.w3.org\/2000\/svg\" viewBox=\"0 0 256 512\"><path d=\"M118.6 105.4l128 127.1C252.9 239.6 256 247.8 256 255.1s-3.125 16.38-9.375 22.63l-128 127.1c-9.156 9.156-22.91 11.9-34.88 6.943S64 396.9 64 383.1V128c0-12.94 7.781-24.62 19.75-29.58S109.5 96.23 118.6 105.4z\"><\/path><\/svg><\/a><\/div><\/div><\/div><\/div>\n\n\n\n<div class=\"wp-block-uagb-container uagb-block-3a0bfb68\"><div class=\"wp-block-uagb-info-box uagb-block-17bb2f63 uagb-infobox__content-wrap  uagb-infobox-icon-above-title uagb-infobox-image-valign-top\"><div class=\"uagb-ifb-content\"><div class=\"uagb-ifb-image-content\"><img decoding=\"async\" src=\"https:\/\/v2charge.com\/wp-content\/uploads\/2025\/04\/icono-denka.png\" alt=\"\" width=\"70\" height=\"70\" loading=\"lazy\"\/><\/div><div class=\"uagb-ifb-title-wrap\"><h3 class=\"uagb-ifb-title\">Denka<\/h3><\/div><div class=\"uagb-ifb-button-wrapper wp-block-button\"><a href=\"https:\/\/drive.google.com\/uc?id=1J47EcX_Oo8s3xW-n7loyzcz6igmRcv-b&amp;export=download\" target=\"_self\" onclick=\"return true;\" class=\"uagb-infobox-cta-link\" rel=\"noopener noreferrer\" alt=\"\"><span class=\"uagb-inline-editing\">RFA<\/span><svg xmlns=\"https:\/\/www.w3.org\/2000\/svg\" viewBox=\"0 0 256 512\"><path d=\"M118.6 105.4l128 127.1C252.9 239.6 256 247.8 256 255.1s-3.125 16.38-9.375 22.63l-128 127.1c-9.156 9.156-22.91 11.9-34.88 6.943S64 396.9 64 383.1V128c0-12.94 7.781-24.62 19.75-29.58S109.5 96.23 118.6 105.4z\"><\/path><\/svg><\/a><\/div><\/div><\/div>\n\n<div class=\"wp-block-uagb-info-box uagb-block-1742e86c uagb-infobox__content-wrap  uagb-infobox-icon-above-title uagb-infobox-image-valign-top\"><div class=\"uagb-ifb-content\"><div class=\"uagb-ifb-title-wrap\"><\/div><div class=\"uagb-ifb-button-wrapper wp-block-button\"><a href=\"https:\/\/drive.google.com\/uc?id=1YUlkUl3QSVU042e9QM6qV3OXiwZxVbQd&amp;export=download\" target=\"_self\" onclick=\"return true;\" class=\"uagb-infobox-cta-link\" rel=\"noopener noreferrer\" alt=\"\"><span class=\"uagb-inline-editing\">IFC<\/span><svg xmlns=\"https:\/\/www.w3.org\/2000\/svg\" viewBox=\"0 0 256 512\"><path d=\"M118.6 105.4l128 127.1C252.9 239.6 256 247.8 256 255.1s-3.125 16.38-9.375 22.63l-128 127.1c-9.156 9.156-22.91 11.9-34.88 6.943S64 396.9 64 383.1V128c0-12.94 7.781-24.62 19.75-29.58S109.5 96.23 118.6 105.4z\"><\/path><\/svg><\/a><\/div><\/div><\/div>\n\n<div class=\"wp-block-uagb-info-box uagb-block-1a360d42 uagb-infobox__content-wrap  uagb-infobox-icon-above-title uagb-infobox-image-valign-top\"><div class=\"uagb-ifb-content\"><div class=\"uagb-ifb-title-wrap\"><\/div><div class=\"uagb-ifb-button-wrapper wp-block-button\"><a href=\"https:\/\/drive.google.com\/uc?id=1CL91_uXpa7czQtl585w6XZjgIky0BFQ3&amp;export=download\" target=\"_self\" onclick=\"return true;\" class=\"uagb-infobox-cta-link\" rel=\"noopener noreferrer\" alt=\"\"><span class=\"uagb-inline-editing\">FBX<\/span><svg xmlns=\"https:\/\/www.w3.org\/2000\/svg\" viewBox=\"0 0 256 512\"><path d=\"M118.6 105.4l128 127.1C252.9 239.6 256 247.8 256 255.1s-3.125 16.38-9.375 22.63l-128 127.1c-9.156 9.156-22.91 11.9-34.88 6.943S64 396.9 64 383.1V128c0-12.94 7.781-24.62 19.75-29.58S109.5 96.23 118.6 105.4z\"><\/path><\/svg><\/a><\/div><\/div><\/div><\/div>\n<\/div><\/div>\n<\/div><\/div>\n\n\n\n<div class=\"wp-block-uagb-container uagb-block-5e6dcf38 alignfull uagb-is-root-container\"><div class=\"uagb-container-inner-blocks-wrap\"><div class=\"wp-block-uagb-advanced-heading uagb-block-ddceaf7c\"><h2 class=\"uagb-heading-text\">M\u00e9s informaci\u00f3 sobre els diferents formats<\/h2><\/div>\n\n\n<div class=\"wp-block-uagb-container uagb-block-9f062c9f\"><div class=\"wp-block-uagb-advanced-heading uagb-block-c7cace08\"><h3 class=\"uagb-heading-text\"><mark class=\"uagb-highlight\">.rfa<\/mark> &#8211; Fitxer de Fam\u00edlia Revit<\/h3><\/div>\n\n\n<ul class=\"wp-block-list\"><li><strong>\u00das principal:<\/strong> Fam\u00edlies de Revit (components individuals com portes, finestres, mobles, etc.).<\/li>\n\n<li><strong>Caracter\u00edstiques:<\/strong> Cont\u00e9 informaci\u00f3 param\u00e8trica, materials, geometria i comportament de l&#8217;objecte.<\/li>\n\n<li><strong>S&#8217;obre amb:<\/strong> Revit.<\/li><\/ul>\n<\/div>\n\n\n\n<div class=\"wp-block-uagb-container uagb-block-808c453a\"><div class=\"wp-block-uagb-advanced-heading uagb-block-10f765f8\"><h3 class=\"uagb-heading-text\"><mark class=\"uagb-highlight\">.ifc<\/mark> &#8211; Classes de Fonamentaci\u00f3 de la Ind\u00fastria<\/h3><\/div>\n\n\n<ul class=\"wp-block-list\"><li><strong>\u00das principal:<\/strong> Intercanvi de models entre diferents plataformes BIM.<\/li>\n\n<li><strong>Est\u00e0ndard obert:<\/strong> S\u00ed, desenvolupat per <strong>buildingSMART<\/strong>.<\/li>\n\n<li><strong>Ideal per:<\/strong> Col\u00b7laboraci\u00f3 entre diferents disciplines o programari (Revit, Archicad, Tekla, etc.).<\/li>\n\n<li><strong>S&#8217;obre amb:<\/strong> Molts programes BIM.<\/li><\/ul>\n<\/div>\n\n\n\n<div class=\"wp-block-uagb-container uagb-block-7141972a\"><div class=\"wp-block-uagb-advanced-heading uagb-block-72c1cfea\"><h3 class=\"uagb-heading-text\"><mark class=\"uagb-highlight\">.fbx<\/mark> &#8211; Filmbox<\/h3><\/div>\n\n\n<ul class=\"wp-block-list\"><li><strong>\u00das principal:<\/strong> Exportar models 3D per a visualitzaci\u00f3 en motors gr\u00e0fics (Unity, Unreal Engine, 3ds Max, etc.).<\/li>\n\n<li><strong>Ideal per:<\/strong> Realitat virtual, renders avan\u00e7ats, animacions.<\/li>\n\n<li><strong>No mant\u00e9:<\/strong> Informaci\u00f3 BIM com par\u00e0metres o materials avan\u00e7ats de Revit.<\/li>\n\n<li><strong>S&#8217;obre amb:<\/strong> Programari d&#8217;animaci\u00f3 i visualitzaci\u00f3.<\/li><\/ul>\n<\/div>\n<\/div><\/div>\n","protected":false},"excerpt":{"rendered":"<p>Models BIM dels e-Chargers V2C Posem a la teva disposici\u00f3 els models dels nostres carregadors en diferents formats per facilitar la seva integraci\u00f3 en projectes de disseny, planificaci\u00f3 i visualitzaci\u00f3, optimitzant el flux de treball BIM i la interoperabilitat amb altres programes. Models BIM en formats .rfa, .ifc i .fbx M\u00e9s informaci\u00f3 sobre els diferents &#8230; <a title=\"Models BIM\" class=\"read-more\" href=\"https:\/\/v2charge.com\/ca\/area-de-suport\/models-bim\/\" aria-label=\"Read more about Models BIM\">Read more<\/a><\/p>\n","protected":false},"author":400,"featured_media":0,"parent":310186,"menu_order":0,"comment_status":"closed","ping_status":"closed","template":"","meta":{"_eb_attr":"","content-type":"","_uag_custom_page_level_css":"","footnotes":""},"class_list":["post-310118","page","type-page","status-publish"],"yoast_head":"<!-- This site is optimized with the Yoast SEO plugin v25.3.1 - https:\/\/yoast.com\/wordpress\/plugins\/seo\/ -->\n<title>Models BIM dels e-Chargers V2C<\/title>\n<meta name=\"description\" content=\"Descarrega&#039;t els models BIM dels carregadors V2C per a la seva integraci\u00f3 en projectes de disseny, planificaci\u00f3 i visualitzaci\u00f3\" \/>\n<meta name=\"robots\" content=\"index, follow, max-snippet:-1, max-image-preview:large, max-video-preview:-1\" \/>\n<link rel=\"canonical\" href=\"https:\/\/v2charge.com\/ca\/area-de-suport\/models-bim\/\" \/>\n<meta property=\"og:locale\" content=\"ca_ES\" \/>\n<meta property=\"og:type\" content=\"article\" \/>\n<meta property=\"og:title\" content=\"Models BIM dels e-Chargers V2C\" \/>\n<meta property=\"og:description\" content=\"Descarrega&#039;t els models BIM dels carregadors V2C per a la seva integraci\u00f3 en projectes de disseny, planificaci\u00f3 i visualitzaci\u00f3\" \/>\n<meta property=\"og:url\" content=\"https:\/\/v2charge.com\/ca\/area-de-suport\/models-bim\/\" \/>\n<meta property=\"og:site_name\" content=\"V2C\" \/>\n<meta property=\"article:publisher\" content=\"https:\/\/www.facebook.com\/V2C.Charge\" \/>\n<meta property=\"article:modified_time\" content=\"2025-04-01T14:48:50+00:00\" \/>\n<meta property=\"og:image\" content=\"https:\/\/v2charge.com\/wp-content\/uploads\/2025\/04\/icono-trydan.png\" \/>\n<meta name=\"twitter:card\" content=\"summary_large_image\" \/>\n<meta name=\"twitter:site\" content=\"@V2C_Charge\" \/>\n<meta name=\"twitter:label1\" content=\"Est. reading time\" \/>\n\t<meta name=\"twitter:data1\" content=\"2 minuts\" \/>\n<script type=\"application\/ld+json\" class=\"yoast-schema-graph\">{\"@context\":\"https:\/\/schema.org\",\"@graph\":[{\"@type\":\"WebPage\",\"@id\":\"https:\/\/v2charge.com\/ca\/area-de-suport\/models-bim\/\",\"url\":\"https:\/\/v2charge.com\/ca\/area-de-suport\/models-bim\/\",\"name\":\"Models BIM dels e-Chargers V2C\",\"isPartOf\":{\"@id\":\"https:\/\/v2charge.com\/ca\/#website\"},\"primaryImageOfPage\":{\"@id\":\"https:\/\/v2charge.com\/ca\/area-de-suport\/models-bim\/#primaryimage\"},\"image\":{\"@id\":\"https:\/\/v2charge.com\/ca\/area-de-suport\/models-bim\/#primaryimage\"},\"thumbnailUrl\":\"https:\/\/v2charge.com\/wp-content\/uploads\/2025\/04\/icono-trydan.png\",\"datePublished\":\"2025-04-01T14:11:07+00:00\",\"dateModified\":\"2025-04-01T14:48:50+00:00\",\"description\":\"Descarrega't els models BIM dels carregadors V2C per a la seva integraci\u00f3 en projectes de disseny, planificaci\u00f3 i visualitzaci\u00f3\",\"breadcrumb\":{\"@id\":\"https:\/\/v2charge.com\/ca\/area-de-suport\/models-bim\/#breadcrumb\"},\"inLanguage\":\"ca\",\"potentialAction\":[{\"@type\":\"ReadAction\",\"target\":[\"https:\/\/v2charge.com\/ca\/area-de-suport\/models-bim\/\"]}]},{\"@type\":\"ImageObject\",\"inLanguage\":\"ca\",\"@id\":\"https:\/\/v2charge.com\/ca\/area-de-suport\/models-bim\/#primaryimage\",\"url\":\"https:\/\/v2charge.com\/wp-content\/uploads\/2025\/04\/icono-trydan.png\",\"contentUrl\":\"https:\/\/v2charge.com\/wp-content\/uploads\/2025\/04\/icono-trydan.png\"},{\"@type\":\"BreadcrumbList\",\"@id\":\"https:\/\/v2charge.com\/ca\/area-de-suport\/models-bim\/#breadcrumb\",\"itemListElement\":[{\"@type\":\"ListItem\",\"position\":1,\"name\":\"V2C\",\"item\":\"https:\/\/v2charge.com\/ca\/\"},{\"@type\":\"ListItem\",\"position\":2,\"name\":\"Models BIM\"}]},{\"@type\":\"WebSite\",\"@id\":\"https:\/\/v2charge.com\/ca\/#website\",\"url\":\"https:\/\/v2charge.com\/ca\/\",\"name\":\"V2C\",\"description\":\"#CargandoElMa\u00f1ana\",\"publisher\":{\"@id\":\"https:\/\/v2charge.com\/ca\/#organization\"},\"potentialAction\":[{\"@type\":\"SearchAction\",\"target\":{\"@type\":\"EntryPoint\",\"urlTemplate\":\"https:\/\/v2charge.com\/ca\/?s={search_term_string}\"},\"query-input\":{\"@type\":\"PropertyValueSpecification\",\"valueRequired\":true,\"valueName\":\"search_term_string\"}}],\"inLanguage\":\"ca\"},{\"@type\":\"Organization\",\"@id\":\"https:\/\/v2charge.com\/ca\/#organization\",\"name\":\"V2C\",\"url\":\"https:\/\/v2charge.com\/ca\/\",\"logo\":{\"@type\":\"ImageObject\",\"inLanguage\":\"ca\",\"@id\":\"https:\/\/v2charge.com\/ca\/#\/schema\/logo\/image\/\",\"url\":\"https:\/\/v2charge.com\/wp-content\/uploads\/2024\/11\/cropped-v2c-charge-logo-menu.png\",\"contentUrl\":\"https:\/\/v2charge.com\/wp-content\/uploads\/2024\/11\/cropped-v2c-charge-logo-menu.png\",\"width\":984,\"height\":431,\"caption\":\"V2C\"},\"image\":{\"@id\":\"https:\/\/v2charge.com\/ca\/#\/schema\/logo\/image\/\"},\"sameAs\":[\"https:\/\/www.facebook.com\/V2C.Charge\",\"https:\/\/x.com\/V2C_Charge\",\"https:\/\/www.instagram.com\/v2c.charge\/\",\"https:\/\/www.youtube.com\/@V2C\",\"https:\/\/www.linkedin.com\/company\/v2c-chargers\/\"]}]}<\/script>\n<!-- \/ Yoast SEO plugin. -->","yoast_head_json":{"title":"Models BIM dels e-Chargers V2C","description":"Descarrega't els models BIM dels carregadors V2C per a la seva integraci\u00f3 en projectes de disseny, planificaci\u00f3 i visualitzaci\u00f3","robots":{"index":"index","follow":"follow","max-snippet":"max-snippet:-1","max-image-preview":"max-image-preview:large","max-video-preview":"max-video-preview:-1"},"canonical":"https:\/\/v2charge.com\/ca\/area-de-suport\/models-bim\/","og_locale":"ca_ES","og_type":"article","og_title":"Models BIM dels e-Chargers V2C","og_description":"Descarrega't els models BIM dels carregadors V2C per a la seva integraci\u00f3 en projectes de disseny, planificaci\u00f3 i visualitzaci\u00f3","og_url":"https:\/\/v2charge.com\/ca\/area-de-suport\/models-bim\/","og_site_name":"V2C","article_publisher":"https:\/\/www.facebook.com\/V2C.Charge","article_modified_time":"2025-04-01T14:48:50+00:00","og_image":[{"url":"https:\/\/v2charge.com\/wp-content\/uploads\/2025\/04\/icono-trydan.png","type":"","width":"","height":""}],"twitter_card":"summary_large_image","twitter_site":"@V2C_Charge","twitter_misc":{"Est. reading time":"2 minuts"},"schema":{"@context":"https:\/\/schema.org","@graph":[{"@type":"WebPage","@id":"https:\/\/v2charge.com\/ca\/area-de-suport\/models-bim\/","url":"https:\/\/v2charge.com\/ca\/area-de-suport\/models-bim\/","name":"Models BIM dels e-Chargers V2C","isPartOf":{"@id":"https:\/\/v2charge.com\/ca\/#website"},"primaryImageOfPage":{"@id":"https:\/\/v2charge.com\/ca\/area-de-suport\/models-bim\/#primaryimage"},"image":{"@id":"https:\/\/v2charge.com\/ca\/area-de-suport\/models-bim\/#primaryimage"},"thumbnailUrl":"https:\/\/v2charge.com\/wp-content\/uploads\/2025\/04\/icono-trydan.png","datePublished":"2025-04-01T14:11:07+00:00","dateModified":"2025-04-01T14:48:50+00:00","description":"Descarrega't els models BIM dels carregadors V2C per a la seva integraci\u00f3 en projectes de disseny, planificaci\u00f3 i visualitzaci\u00f3","breadcrumb":{"@id":"https:\/\/v2charge.com\/ca\/area-de-suport\/models-bim\/#breadcrumb"},"inLanguage":"ca","potentialAction":[{"@type":"ReadAction","target":["https:\/\/v2charge.com\/ca\/area-de-suport\/models-bim\/"]}]},{"@type":"ImageObject","inLanguage":"ca","@id":"https:\/\/v2charge.com\/ca\/area-de-suport\/models-bim\/#primaryimage","url":"https:\/\/v2charge.com\/wp-content\/uploads\/2025\/04\/icono-trydan.png","contentUrl":"https:\/\/v2charge.com\/wp-content\/uploads\/2025\/04\/icono-trydan.png"},{"@type":"BreadcrumbList","@id":"https:\/\/v2charge.com\/ca\/area-de-suport\/models-bim\/#breadcrumb","itemListElement":[{"@type":"ListItem","position":1,"name":"V2C","item":"https:\/\/v2charge.com\/ca\/"},{"@type":"ListItem","position":2,"name":"Models BIM"}]},{"@type":"WebSite","@id":"https:\/\/v2charge.com\/ca\/#website","url":"https:\/\/v2charge.com\/ca\/","name":"V2C","description":"#CargandoElMa\u00f1ana","publisher":{"@id":"https:\/\/v2charge.com\/ca\/#organization"},"potentialAction":[{"@type":"SearchAction","target":{"@type":"EntryPoint","urlTemplate":"https:\/\/v2charge.com\/ca\/?s={search_term_string}"},"query-input":{"@type":"PropertyValueSpecification","valueRequired":true,"valueName":"search_term_string"}}],"inLanguage":"ca"},{"@type":"Organization","@id":"https:\/\/v2charge.com\/ca\/#organization","name":"V2C","url":"https:\/\/v2charge.com\/ca\/","logo":{"@type":"ImageObject","inLanguage":"ca","@id":"https:\/\/v2charge.com\/ca\/#\/schema\/logo\/image\/","url":"https:\/\/v2charge.com\/wp-content\/uploads\/2024\/11\/cropped-v2c-charge-logo-menu.png","contentUrl":"https:\/\/v2charge.com\/wp-content\/uploads\/2024\/11\/cropped-v2c-charge-logo-menu.png","width":984,"height":431,"caption":"V2C"},"image":{"@id":"https:\/\/v2charge.com\/ca\/#\/schema\/logo\/image\/"},"sameAs":["https:\/\/www.facebook.com\/V2C.Charge","https:\/\/x.com\/V2C_Charge","https:\/\/www.instagram.com\/v2c.charge\/","https:\/\/www.youtube.com\/@V2C","https:\/\/www.linkedin.com\/company\/v2c-chargers\/"]}]}},"uagb_featured_image_src":{"full":false,"thumbnail":false,"medium":false,"medium_large":false,"large":false,"gs-tiny":false,"xl":false,"xxl":false,"xxxl":false,"xxxxl":false,"xxxxxl":false,"1536x1536":false,"2048x2048":false},"uagb_author_info":{"display_name":"V2C","author_link":"https:\/\/v2charge.com\/ca\/author\/marketing\/"},"uagb_comment_info":0,"uagb_excerpt":"Models BIM dels e-Chargers V2C Posem a la teva disposici\u00f3 els models dels nostres carregadors en diferents formats per facilitar la seva integraci\u00f3 en projectes de disseny, planificaci\u00f3 i visualitzaci\u00f3, optimitzant el flux de treball BIM i la interoperabilitat amb altres programes. Models BIM en formats .rfa, .ifc i .fbx M\u00e9s informaci\u00f3 sobre els diferents&hellip;","_links":{"self":[{"href":"https:\/\/v2charge.com\/ca\/wp-json\/wp\/v2\/pages\/310118","targetHints":{"allow":["GET"]}}],"collection":[{"href":"https:\/\/v2charge.com\/ca\/wp-json\/wp\/v2\/pages"}],"about":[{"href":"https:\/\/v2charge.com\/ca\/wp-json\/wp\/v2\/types\/page"}],"author":[{"embeddable":true,"href":"https:\/\/v2charge.com\/ca\/wp-json\/wp\/v2\/users\/400"}],"replies":[{"embeddable":true,"href":"https:\/\/v2charge.com\/ca\/wp-json\/wp\/v2\/comments?post=310118"}],"version-history":[{"count":0,"href":"https:\/\/v2charge.com\/ca\/wp-json\/wp\/v2\/pages\/310118\/revisions"}],"up":[{"embeddable":true,"href":"https:\/\/v2charge.com\/ca\/wp-json\/wp\/v2\/pages\/310186"}],"wp:attachment":[{"href":"https:\/\/v2charge.com\/ca\/wp-json\/wp\/v2\/media?parent=310118"}],"curies":[{"name":"wp","href":"https:\/\/api.w.org\/{rel}","templated":true}]}}