{"id":310143,"date":"2021-04-28T10:48:17","date_gmt":"2021-04-28T10:48:17","guid":{"rendered":""},"modified":"2025-01-16T17:29:53","modified_gmt":"2025-01-16T15:29:53","slug":"control-dinamic-potencia","status":"publish","type":"page","link":"https:\/\/v2charge.com\/ca\/control-dinamic-potencia\/","title":{"rendered":"Control din\u00e0mic de pot\u00e8ncia"},"content":{"rendered":"\n<div class=\"wp-block-uagb-container uagb-block-bd58cebc alignfull uagb-is-root-container\"><div class=\"uagb-container-inner-blocks-wrap\">\n<div class=\"wp-block-uagb-container uagb-block-7b418547\">\n<div class=\"wp-block-uagb-container uagb-block-8291aab2\"><div class=\"wp-block-uagb-advanced-heading uagb-block-34fa328c\"><h1 class=\"uagb-heading-text\">Control din\u00e0mic de pot\u00e8ncia<\/h1><\/div>\n\n<div class=\"wp-block-uagb-advanced-heading uagb-block-1abc2395\"><h2 class=\"uagb-heading-text\">Apr\u00e8n sobre els beneficis de&nbsp;<strong>la c\u00e0rrega intel\u00b7ligent<\/strong><\/h2><\/div><\/div>\n\n\n\n<div class=\"wp-block-uagb-container uagb-block-3aa21f7c\"><\/div>\n<\/div>\n\n\n\n<div class=\"wp-block-uagb-container uagb-block-0ed6dfdd\">\n<div class=\"wp-block-uagb-container uagb-block-77bdb36b\">\n<div class=\"wp-block-uagb-image aligncenter uagb-block-e153a1d9 wp-block-uagb-image--layout-default wp-block-uagb-image--effect-static wp-block-uagb-image--align-center\"><figure class=\"wp-block-uagb-image__figure\"><img decoding=\"async\" srcset=\"https:\/\/v2charge.com\/wp-content\/uploads\/2021\/11\/grafica-control-dinamico-de-potencia-5.png \" sizes=\"auto, (max-width: 480px) 150px\" src=\"https:\/\/v2charge.com\/wp-content\/uploads\/2021\/11\/grafica-control-dinamico-de-potencia-5.png\" alt=\"\" class=\"uag-image-60214\" width=\"631\" height=\"392\" title=\"\" loading=\"lazy\" role=\"img\"\/><\/figure><\/div>\n<\/div>\n\n\n\n<div class=\"wp-block-uagb-container uagb-block-b681848b\"><p class=\"has-base-3-color has-text-color\">El control din\u00e0mic \u00e9s un sensor intel\u00b7ligent que mesura la pot\u00e8ncia de la instal\u00b7laci\u00f3, les necessitats dels aparells el\u00e8ctrics a la casa i el vehicle el\u00e8ctric per regular la c\u00e0rrega entre ells.<\/p>\n\n<p class=\"has-base-3-color has-text-color\">D&#8217;aquesta manera, no \u00e9s necessari augmentar la pot\u00e8ncia contractada per subministrar tots els teus dispositius.&nbsp;<\/p>\n\n<p class=\"has-base-3-color has-text-color\"><strong><strong>Carrega intel\u00b7ligent. Sense preocupacions. Sense talls de corrent.<\/strong><\/strong><\/p><\/div>\n<\/div>\n<\/div><\/div>\n\n\n\n<div class=\"wp-block-uagb-container uagb-block-bf0bb0e8 alignfull uagb-is-root-container\"><div class=\"uagb-container-inner-blocks-wrap\">\n<div class=\"wp-block-uagb-container uagb-block-601b3a85\">\n<div class=\"wp-block-uagb-container uagb-block-61d08f9f\">\n<div class=\"wp-block-uagb-image aligncenter uagb-block-dc4b1ae6 wp-block-uagb-image--layout-default wp-block-uagb-image--effect-static wp-block-uagb-image--align-center\"><figure class=\"wp-block-uagb-image__figure\"><img decoding=\"async\" srcset=\"https:\/\/v2charge.com\/wp-content\/uploads\/2023\/07\/seguridad-icono.png \" sizes=\"auto, (max-width: 480px) 150px\" src=\"https:\/\/v2charge.com\/wp-content\/uploads\/2023\/07\/seguridad-icono.png\" alt=\"\" class=\"uag-image-109348\" width=\"81\" height=\"95\" title=\"\" loading=\"lazy\" role=\"img\"\/><\/figure><\/div>\n\n\n<div class=\"wp-block-uagb-advanced-heading uagb-block-edfd7583\"><h2 class=\"uagb-heading-text\">Seguretat<\/h2><\/div>\n\n<div class=\"wp-block-uagb-advanced-heading uagb-block-b29ae060\"><p class=\"uagb-heading-text\">L&#8217;autoregulaci\u00f3 evita que les pujades de tensi\u00f3 causin talls de subministrament.<\/p><\/div><\/div>\n\n\n\n<div class=\"wp-block-uagb-container uagb-block-93242c66\">\n<div class=\"wp-block-uagb-image aligncenter uagb-block-a0f9af05 wp-block-uagb-image--layout-default wp-block-uagb-image--effect-static wp-block-uagb-image--align-center\"><figure class=\"wp-block-uagb-image__figure\"><img decoding=\"async\" srcset=\"https:\/\/v2charge.com\/wp-content\/uploads\/2021\/11\/euroahorro-1.png \" sizes=\"auto, (max-width: 480px) 150px\" src=\"https:\/\/v2charge.com\/wp-content\/uploads\/2021\/11\/euroahorro-1.png\" alt=\"\" class=\"uag-image-60937\" width=\"95\" height=\"95\" title=\"\" loading=\"lazy\" role=\"img\"\/><\/figure><\/div>\n\n\n<div class=\"wp-block-uagb-advanced-heading uagb-block-98865490\"><h2 class=\"uagb-heading-text\">Econ\u00f2mic<\/h2><\/div>\n\n<div class=\"wp-block-uagb-advanced-heading uagb-block-ffd145f1\"><p class=\"uagb-heading-text\">Et permet estalviar diners en el teu consum d&#8217;energia sense augmentar la pot\u00e8ncia contractada.<\/p><\/div><\/div>\n\n\n\n<div class=\"wp-block-uagb-container uagb-block-0b1f0cfb\">\n<div class=\"wp-block-uagb-image aligncenter uagb-block-1853f296 wp-block-uagb-image--layout-default wp-block-uagb-image--effect-static wp-block-uagb-image--align-center\"><figure class=\"wp-block-uagb-image__figure\"><img decoding=\"async\" srcset=\"https:\/\/v2charge.com\/wp-content\/uploads\/2021\/11\/Balance-4.png \" sizes=\"auto, (max-width: 480px) 150px\" src=\"https:\/\/v2charge.com\/wp-content\/uploads\/2021\/11\/Balance-4.png\" alt=\"\" class=\"uag-image-60501\" width=\"96\" height=\"96\" title=\"\" loading=\"lazy\" role=\"img\"\/><\/figure><\/div>\n\n\n<div class=\"wp-block-uagb-advanced-heading uagb-block-b2e9e184\"><h2 class=\"uagb-heading-text\">Equilibri<\/h2><\/div>\n\n<div class=\"wp-block-uagb-advanced-heading uagb-block-f24fa052\"><p class=\"uagb-heading-text\">La pot\u00e8ncia restant de la teva casa s&#8217;utilitzar\u00e0 per carregar el teu vehicle.&nbsp;<\/p><\/div><\/div>\n<\/div>\n<\/div><\/div>\n\n\n\n<div class=\"wp-block-uagb-container uagb-block-f9f348ab alignfull uagb-is-root-container\"><div class=\"uagb-container-inner-blocks-wrap\">\n<div class=\"wp-block-uagb-container uagb-block-f80d8aaa\">\n<div class=\"wp-block-uagb-container uagb-block-fd669160\">\n<div class=\"flourish-embed\" data-src=\"visualisation\/323987\"><\/div>\n<script src=\"https:\/\/public.flourish.studio\/resources\/embed.js\"><\/script>\n<\/div>\n\n\n\n<div class=\"wp-block-uagb-container uagb-block-a108b8d6\">\n<div class=\"flourish-embed flourish-chart\" data-src=\"visualisation\/323949\"><\/div>\n<script src=\"https:\/\/public.flourish.studio\/resources\/embed.js\"><\/script>\n<\/div>\n<\/div>\n<\/div><\/div>\n\n\n\n<div class=\"wp-block-uagb-container uagb-block-b7db42c8 alignfull uagb-is-root-container\"><div class=\"uagb-container-inner-blocks-wrap\">\n<div class=\"wp-block-uagb-container uagb-block-ef635077\">\n<div class=\"wp-block-uagb-container uagb-block-46751910\"><div class=\"wp-block-uagb-advanced-heading uagb-block-949d91de\"><h2 class=\"uagb-heading-text\">MODELS&nbsp;<strong>TRYDAN<\/strong>&nbsp;INTEGRATS<\/h2><\/div>\n\n\n<div class=\"wp-block-uagb-buttons uagb-buttons__outer-wrap uagb-btn__default-btn uagb-btn-tablet__default-btn uagb-btn-mobile__default-btn uagb-block-b9e71ae1\"><div class=\"uagb-buttons__wrap uagb-buttons-layout-wrap \"><div class=\"wp-block-uagb-buttons-child uagb-buttons__outer-wrap uagb-block-18b86a55 wp-block-button\"><div class=\"uagb-button__wrapper\"><a class=\"uagb-buttons-repeater wp-block-button__link\" aria-label=\"\" href=\"https:\/\/v2charge.com\/ca\/trydan-carregador-electric\/\" rel=\"follow noopener\" target=\"_self\"><div class=\"uagb-button__link\"><a href=\"https:\/\/v2charge.com\/ca\/trydan-carregador-electric\/\" target=\"_blank\" rel=\"noreferrer noopener\">VEURE CARGADOR TRYDAN<\/a><\/div><\/a><\/div><\/div><\/div><\/div>\n<\/div>\n\n\n\n<div class=\"wp-block-uagb-container uagb-block-71f2d1ac\">\n<div class=\"wp-block-uagb-image uagb-block-9c88c3c2 wp-block-uagb-image--layout-default wp-block-uagb-image--effect-static wp-block-uagb-image--align-none\"><figure class=\"wp-block-uagb-image__figure\"><img decoding=\"async\" srcset=\"https:\/\/v2charge.com\/wp-content\/uploads\/2021\/12\/trydan.jpg \" sizes=\"auto, (max-width: 480px) 150px\" src=\"https:\/\/v2charge.com\/wp-content\/uploads\/2021\/12\/trydan.jpg\" alt=\"\" class=\"uag-image-67172\" width=\"500\" height=\"500\" title=\"\" loading=\"lazy\" role=\"img\"\/><\/figure><\/div>\n<\/div>\n<\/div>\n\n\n\n<div class=\"wp-block-uagb-buttons uagb-buttons__outer-wrap uagb-btn__default-btn uagb-btn-tablet__default-btn uagb-btn-mobile__default-btn uagb-block-720fafdd\"><div class=\"uagb-buttons__wrap uagb-buttons-layout-wrap \"><div class=\"wp-block-uagb-buttons-child uagb-buttons__outer-wrap uagb-block-68856505 wp-block-button\"><div class=\"uagb-button__wrapper\"><a class=\"uagb-buttons-repeater wp-block-button__link\" aria-label=\"\" href=\"https:\/\/v2charge.com\/ca\/control-dinamic-potencia\/\" rel=\"follow noopener\" target=\"_self\"><div class=\"uagb-button__link\">Veure la configuraci\u00f3 de control din\u00e0mic de pot\u00e8ncia<\/div><\/a><\/div><\/div><\/div><\/div>\n<\/div><\/div>\n","protected":false},"excerpt":{"rendered":"<p>Control din\u00e0mic de pot\u00e8ncia Apr\u00e8n sobre els beneficis de&nbsp;la c\u00e0rrega intel\u00b7ligent El control din\u00e0mic \u00e9s un sensor intel\u00b7ligent que mesura la pot\u00e8ncia de la instal\u00b7laci\u00f3, les necessitats dels aparells el\u00e8ctrics a la casa i el vehicle el\u00e8ctric per regular la c\u00e0rrega entre ells. D&#8217;aquesta manera, no \u00e9s necessari augmentar la pot\u00e8ncia contractada per subministrar tots &#8230; <a title=\"Control din\u00e0mic de pot\u00e8ncia\" class=\"read-more\" href=\"https:\/\/v2charge.com\/ca\/control-dinamic-potencia\/\" aria-label=\"Read more about Control din\u00e0mic de pot\u00e8ncia\">Read more<\/a><\/p>\n","protected":false},"author":1,"featured_media":170346,"parent":0,"menu_order":0,"comment_status":"closed","ping_status":"closed","template":"","meta":{"_eb_attr":"","content-type":"","_uag_custom_page_level_css":"","footnotes":""},"class_list":["post-310143","page","type-page","status-publish","has-post-thumbnail"],"yoast_head":"<!-- This site is optimized with the Yoast SEO plugin v25.3.1 - https:\/\/yoast.com\/wordpress\/plugins\/seo\/ -->\n<title>Control Din\u00e0mic de Pot\u00e8ncia: Qu\u00e8 \u00e9s i Com Funciona | V2C<\/title>\n<meta name=\"description\" content=\"El control din\u00e0mic de pot\u00e8ncia et permet regular la pot\u00e8ncia contractada entre els diferents aparells electr\u00f2nics de la teva llar. Descobreix-ne m\u00e9s.\" \/>\n<meta name=\"robots\" content=\"index, follow, max-snippet:-1, max-image-preview:large, max-video-preview:-1\" \/>\n<link rel=\"canonical\" href=\"https:\/\/v2charge.com\/ca\/control-dinamic-potencia\/\" \/>\n<meta property=\"og:locale\" content=\"ca_ES\" \/>\n<meta property=\"og:type\" content=\"article\" \/>\n<meta property=\"og:title\" content=\"Control Din\u00e0mic de Pot\u00e8ncia: Qu\u00e8 \u00e9s i Com Funciona | V2C\" \/>\n<meta property=\"og:description\" content=\"El control din\u00e0mic de pot\u00e8ncia et permet regular la pot\u00e8ncia contractada entre els diferents aparells electr\u00f2nics de la teva llar. Descobreix-ne m\u00e9s.\" \/>\n<meta property=\"og:url\" content=\"https:\/\/v2charge.com\/ca\/control-dinamic-potencia\/\" \/>\n<meta property=\"og:site_name\" content=\"V2C\" \/>\n<meta property=\"article:publisher\" content=\"https:\/\/www.facebook.com\/V2C.Charge\" \/>\n<meta property=\"article:modified_time\" content=\"2025-01-16T15:29:53+00:00\" \/>\n<meta property=\"og:image\" content=\"https:\/\/v2charge.com\/wp-content\/uploads\/2024\/07\/v2c-electric-chargers.jpg\" \/>\n\t<meta property=\"og:image:width\" content=\"1200\" \/>\n\t<meta property=\"og:image:height\" content=\"675\" \/>\n\t<meta property=\"og:image:type\" content=\"image\/jpeg\" \/>\n<meta name=\"twitter:card\" content=\"summary_large_image\" \/>\n<meta name=\"twitter:site\" content=\"@V2C_Charge\" \/>\n<meta name=\"twitter:label1\" content=\"Est. reading time\" \/>\n\t<meta name=\"twitter:data1\" content=\"2 minuts\" \/>\n<script type=\"application\/ld+json\" class=\"yoast-schema-graph\">{\"@context\":\"https:\/\/schema.org\",\"@graph\":[{\"@type\":\"WebPage\",\"@id\":\"https:\/\/v2charge.com\/ca\/control-dinamic-potencia\/\",\"url\":\"https:\/\/v2charge.com\/ca\/control-dinamic-potencia\/\",\"name\":\"Control Din\u00e0mic de Pot\u00e8ncia: Qu\u00e8 \u00e9s i Com Funciona | V2C\",\"isPartOf\":{\"@id\":\"https:\/\/v2charge.com\/ca\/#website\"},\"primaryImageOfPage\":{\"@id\":\"https:\/\/v2charge.com\/ca\/control-dinamic-potencia\/#primaryimage\"},\"image\":{\"@id\":\"https:\/\/v2charge.com\/ca\/control-dinamic-potencia\/#primaryimage\"},\"thumbnailUrl\":\"https:\/\/v2charge.com\/wp-content\/uploads\/2024\/07\/v2c-electric-chargers.jpg\",\"datePublished\":\"2021-04-28T10:48:17+00:00\",\"dateModified\":\"2025-01-16T15:29:53+00:00\",\"description\":\"El control din\u00e0mic de pot\u00e8ncia et permet regular la pot\u00e8ncia contractada entre els diferents aparells electr\u00f2nics de la teva llar. Descobreix-ne m\u00e9s.\",\"breadcrumb\":{\"@id\":\"https:\/\/v2charge.com\/ca\/control-dinamic-potencia\/#breadcrumb\"},\"inLanguage\":\"ca\",\"potentialAction\":[{\"@type\":\"ReadAction\",\"target\":[\"https:\/\/v2charge.com\/ca\/control-dinamic-potencia\/\"]}]},{\"@type\":\"ImageObject\",\"inLanguage\":\"ca\",\"@id\":\"https:\/\/v2charge.com\/ca\/control-dinamic-potencia\/#primaryimage\",\"url\":\"https:\/\/v2charge.com\/wp-content\/uploads\/2024\/07\/v2c-electric-chargers.jpg\",\"contentUrl\":\"https:\/\/v2charge.com\/wp-content\/uploads\/2024\/07\/v2c-electric-chargers.jpg\",\"width\":1200,\"height\":675,\"caption\":\"V2C Electric Chargers\"},{\"@type\":\"BreadcrumbList\",\"@id\":\"https:\/\/v2charge.com\/ca\/control-dinamic-potencia\/#breadcrumb\",\"itemListElement\":[{\"@type\":\"ListItem\",\"position\":1,\"name\":\"V2C\",\"item\":\"https:\/\/v2charge.com\/ca\/\"},{\"@type\":\"ListItem\",\"position\":2,\"name\":\"Control din\u00e0mic de pot\u00e8ncia\"}]},{\"@type\":\"WebSite\",\"@id\":\"https:\/\/v2charge.com\/ca\/#website\",\"url\":\"https:\/\/v2charge.com\/ca\/\",\"name\":\"V2C\",\"description\":\"#CargandoElMa\u00f1ana\",\"publisher\":{\"@id\":\"https:\/\/v2charge.com\/ca\/#organization\"},\"potentialAction\":[{\"@type\":\"SearchAction\",\"target\":{\"@type\":\"EntryPoint\",\"urlTemplate\":\"https:\/\/v2charge.com\/ca\/?s={search_term_string}\"},\"query-input\":{\"@type\":\"PropertyValueSpecification\",\"valueRequired\":true,\"valueName\":\"search_term_string\"}}],\"inLanguage\":\"ca\"},{\"@type\":\"Organization\",\"@id\":\"https:\/\/v2charge.com\/ca\/#organization\",\"name\":\"V2C\",\"url\":\"https:\/\/v2charge.com\/ca\/\",\"logo\":{\"@type\":\"ImageObject\",\"inLanguage\":\"ca\",\"@id\":\"https:\/\/v2charge.com\/ca\/#\/schema\/logo\/image\/\",\"url\":\"https:\/\/v2charge.com\/wp-content\/uploads\/2024\/11\/cropped-v2c-charge-logo-menu.png\",\"contentUrl\":\"https:\/\/v2charge.com\/wp-content\/uploads\/2024\/11\/cropped-v2c-charge-logo-menu.png\",\"width\":984,\"height\":431,\"caption\":\"V2C\"},\"image\":{\"@id\":\"https:\/\/v2charge.com\/ca\/#\/schema\/logo\/image\/\"},\"sameAs\":[\"https:\/\/www.facebook.com\/V2C.Charge\",\"https:\/\/x.com\/V2C_Charge\",\"https:\/\/www.instagram.com\/v2c.charge\/\",\"https:\/\/www.youtube.com\/@V2C\",\"https:\/\/www.linkedin.com\/company\/v2c-chargers\/\"]}]}<\/script>\n<!-- \/ Yoast SEO plugin. -->","yoast_head_json":{"title":"Control Din\u00e0mic de Pot\u00e8ncia: Qu\u00e8 \u00e9s i Com Funciona | V2C","description":"El control din\u00e0mic de pot\u00e8ncia et permet regular la pot\u00e8ncia contractada entre els diferents aparells electr\u00f2nics de la teva llar. Descobreix-ne m\u00e9s.","robots":{"index":"index","follow":"follow","max-snippet":"max-snippet:-1","max-image-preview":"max-image-preview:large","max-video-preview":"max-video-preview:-1"},"canonical":"https:\/\/v2charge.com\/ca\/control-dinamic-potencia\/","og_locale":"ca_ES","og_type":"article","og_title":"Control Din\u00e0mic de Pot\u00e8ncia: Qu\u00e8 \u00e9s i Com Funciona | V2C","og_description":"El control din\u00e0mic de pot\u00e8ncia et permet regular la pot\u00e8ncia contractada entre els diferents aparells electr\u00f2nics de la teva llar. Descobreix-ne m\u00e9s.","og_url":"https:\/\/v2charge.com\/ca\/control-dinamic-potencia\/","og_site_name":"V2C","article_publisher":"https:\/\/www.facebook.com\/V2C.Charge","article_modified_time":"2025-01-16T15:29:53+00:00","og_image":[{"width":1200,"height":675,"url":"https:\/\/v2charge.com\/wp-content\/uploads\/2024\/07\/v2c-electric-chargers.jpg","type":"image\/jpeg"}],"twitter_card":"summary_large_image","twitter_site":"@V2C_Charge","twitter_misc":{"Est. reading time":"2 minuts"},"schema":{"@context":"https:\/\/schema.org","@graph":[{"@type":"WebPage","@id":"https:\/\/v2charge.com\/ca\/control-dinamic-potencia\/","url":"https:\/\/v2charge.com\/ca\/control-dinamic-potencia\/","name":"Control Din\u00e0mic de Pot\u00e8ncia: Qu\u00e8 \u00e9s i Com Funciona | V2C","isPartOf":{"@id":"https:\/\/v2charge.com\/ca\/#website"},"primaryImageOfPage":{"@id":"https:\/\/v2charge.com\/ca\/control-dinamic-potencia\/#primaryimage"},"image":{"@id":"https:\/\/v2charge.com\/ca\/control-dinamic-potencia\/#primaryimage"},"thumbnailUrl":"https:\/\/v2charge.com\/wp-content\/uploads\/2024\/07\/v2c-electric-chargers.jpg","datePublished":"2021-04-28T10:48:17+00:00","dateModified":"2025-01-16T15:29:53+00:00","description":"El control din\u00e0mic de pot\u00e8ncia et permet regular la pot\u00e8ncia contractada entre els diferents aparells electr\u00f2nics de la teva llar. Descobreix-ne m\u00e9s.","breadcrumb":{"@id":"https:\/\/v2charge.com\/ca\/control-dinamic-potencia\/#breadcrumb"},"inLanguage":"ca","potentialAction":[{"@type":"ReadAction","target":["https:\/\/v2charge.com\/ca\/control-dinamic-potencia\/"]}]},{"@type":"ImageObject","inLanguage":"ca","@id":"https:\/\/v2charge.com\/ca\/control-dinamic-potencia\/#primaryimage","url":"https:\/\/v2charge.com\/wp-content\/uploads\/2024\/07\/v2c-electric-chargers.jpg","contentUrl":"https:\/\/v2charge.com\/wp-content\/uploads\/2024\/07\/v2c-electric-chargers.jpg","width":1200,"height":675,"caption":"V2C Electric Chargers"},{"@type":"BreadcrumbList","@id":"https:\/\/v2charge.com\/ca\/control-dinamic-potencia\/#breadcrumb","itemListElement":[{"@type":"ListItem","position":1,"name":"V2C","item":"https:\/\/v2charge.com\/ca\/"},{"@type":"ListItem","position":2,"name":"Control din\u00e0mic de pot\u00e8ncia"}]},{"@type":"WebSite","@id":"https:\/\/v2charge.com\/ca\/#website","url":"https:\/\/v2charge.com\/ca\/","name":"V2C","description":"#CargandoElMa\u00f1ana","publisher":{"@id":"https:\/\/v2charge.com\/ca\/#organization"},"potentialAction":[{"@type":"SearchAction","target":{"@type":"EntryPoint","urlTemplate":"https:\/\/v2charge.com\/ca\/?s={search_term_string}"},"query-input":{"@type":"PropertyValueSpecification","valueRequired":true,"valueName":"search_term_string"}}],"inLanguage":"ca"},{"@type":"Organization","@id":"https:\/\/v2charge.com\/ca\/#organization","name":"V2C","url":"https:\/\/v2charge.com\/ca\/","logo":{"@type":"ImageObject","inLanguage":"ca","@id":"https:\/\/v2charge.com\/ca\/#\/schema\/logo\/image\/","url":"https:\/\/v2charge.com\/wp-content\/uploads\/2024\/11\/cropped-v2c-charge-logo-menu.png","contentUrl":"https:\/\/v2charge.com\/wp-content\/uploads\/2024\/11\/cropped-v2c-charge-logo-menu.png","width":984,"height":431,"caption":"V2C"},"image":{"@id":"https:\/\/v2charge.com\/ca\/#\/schema\/logo\/image\/"},"sameAs":["https:\/\/www.facebook.com\/V2C.Charge","https:\/\/x.com\/V2C_Charge","https:\/\/www.instagram.com\/v2c.charge\/","https:\/\/www.youtube.com\/@V2C","https:\/\/www.linkedin.com\/company\/v2c-chargers\/"]}]}},"uagb_featured_image_src":{"full":["https:\/\/v2charge.com\/wp-content\/uploads\/2024\/07\/v2c-electric-chargers.jpg",1200,675,false],"thumbnail":["https:\/\/v2charge.com\/wp-content\/uploads\/2024\/07\/v2c-electric-chargers-150x150.jpg",150,150,true],"medium":["https:\/\/v2charge.com\/wp-content\/uploads\/2024\/07\/v2c-electric-chargers-300x169.jpg",300,169,true],"medium_large":["https:\/\/v2charge.com\/wp-content\/uploads\/2024\/07\/v2c-electric-chargers-768x432.jpg",768,432,true],"large":["https:\/\/v2charge.com\/wp-content\/uploads\/2024\/07\/v2c-electric-chargers-1024x576.jpg",1024,576,true],"gs-tiny":["https:\/\/v2charge.com\/wp-content\/uploads\/2024\/07\/v2c-electric-chargers.jpg",50,28,false],"xl":["https:\/\/v2charge.com\/wp-content\/uploads\/2024\/07\/v2c-electric-chargers.jpg",1200,675,false],"xxl":["https:\/\/v2charge.com\/wp-content\/uploads\/2024\/07\/v2c-electric-chargers.jpg",1200,675,false],"xxxl":["https:\/\/v2charge.com\/wp-content\/uploads\/2024\/07\/v2c-electric-chargers.jpg",1200,675,false],"xxxxl":["https:\/\/v2charge.com\/wp-content\/uploads\/2024\/07\/v2c-electric-chargers.jpg",1200,675,false],"xxxxxl":["https:\/\/v2charge.com\/wp-content\/uploads\/2024\/07\/v2c-electric-chargers.jpg",1200,675,false],"1536x1536":["https:\/\/v2charge.com\/wp-content\/uploads\/2024\/07\/v2c-electric-chargers.jpg",1200,675,false],"2048x2048":["https:\/\/v2charge.com\/wp-content\/uploads\/2024\/07\/v2c-electric-chargers.jpg",1200,675,false]},"uagb_author_info":{"display_name":"V2C","author_link":"https:\/\/v2charge.com\/ca\/author\/root_k4eu7ki8\/"},"uagb_comment_info":0,"uagb_excerpt":"Control din\u00e0mic de pot\u00e8ncia Apr\u00e8n sobre els beneficis de&nbsp;la c\u00e0rrega intel\u00b7ligent El control din\u00e0mic \u00e9s un sensor intel\u00b7ligent que mesura la pot\u00e8ncia de la instal\u00b7laci\u00f3, les necessitats dels aparells el\u00e8ctrics a la casa i el vehicle el\u00e8ctric per regular la c\u00e0rrega entre ells. D&#8217;aquesta manera, no \u00e9s necessari augmentar la pot\u00e8ncia contractada per subministrar tots&hellip;","_links":{"self":[{"href":"https:\/\/v2charge.com\/ca\/wp-json\/wp\/v2\/pages\/310143","targetHints":{"allow":["GET"]}}],"collection":[{"href":"https:\/\/v2charge.com\/ca\/wp-json\/wp\/v2\/pages"}],"about":[{"href":"https:\/\/v2charge.com\/ca\/wp-json\/wp\/v2\/types\/page"}],"author":[{"embeddable":true,"href":"https:\/\/v2charge.com\/ca\/wp-json\/wp\/v2\/users\/1"}],"replies":[{"embeddable":true,"href":"https:\/\/v2charge.com\/ca\/wp-json\/wp\/v2\/comments?post=310143"}],"version-history":[{"count":0,"href":"https:\/\/v2charge.com\/ca\/wp-json\/wp\/v2\/pages\/310143\/revisions"}],"wp:featuredmedia":[{"embeddable":true,"href":"https:\/\/v2charge.com\/ca\/wp-json\/wp\/v2\/media\/170346"}],"wp:attachment":[{"href":"https:\/\/v2charge.com\/ca\/wp-json\/wp\/v2\/media?parent=310143"}],"curies":[{"name":"wp","href":"https:\/\/api.w.org\/{rel}","templated":true}]}}