{"id":310177,"date":"2021-10-11T07:44:05","date_gmt":"2021-10-11T07:44:05","guid":{"rendered":""},"modified":"2025-05-15T12:22:10","modified_gmt":"2025-05-15T10:22:10","slug":"e-carregadors","status":"publish","type":"page","link":"https:\/\/v2charge.com\/ca\/e-carregadors\/","title":{"rendered":"e-Carregadors"},"content":{"rendered":"\n<div class=\"wp-block-uagb-container uagb-block-3eeeb7b7 alignfull uagb-is-root-container\"><div class=\"uagb-container-inner-blocks-wrap\"><div class=\"wp-block-uagb-advanced-heading uagb-block-b008c341\"><h1 class=\"uagb-heading-text\">Descobreix els nostres <strong>e-Chargers<\/strong><\/h1><\/div>\n\n<div class=\"wp-block-uagb-advanced-heading uagb-block-ead22942\"><h2 class=\"uagb-heading-text\">Troba el carregador d&#8217;autom\u00f2bil el\u00e8ctric que millor s&#8217;adapti a les teves necessitats<\/h2><\/div><\/div><\/div>\n\n\n\n<div class=\"wp-block-uagb-container uagb-block-f63109f1 alignfull uagb-is-root-container\">\n<div class=\"wp-block-uagb-container uagb-block-b8f23ec5\">\n<div class=\"wp-block-uagb-container uagb-block-eaed02da\"><\/div>\n<\/div>\n\n\n\n<div class=\"wp-block-uagb-container uagb-block-af493a86\"><div class=\"wp-block-uagb-advanced-heading uagb-block-b7af62e7\"><h2 class=\"uagb-heading-text\">TRYDAN<\/h2><\/div>\n\n<div class=\"wp-block-uagb-advanced-heading uagb-block-369bffad\"><h3 class=\"uagb-heading-text\">Intel\u00b7lig\u00e8ncia i control absolut a les teves mans<\/h3><\/div>\n\n<p class=\"has-base-3-color has-text-color\">Amb Trydan, descobrir\u00e0s una nova manera de carregar: la m\u00e9s original i intel\u00b7ligent coneguda fins ara.<\/p>\n\n<p class=\"has-base-3-color has-text-color\">Un disseny revolucionari compost d&#8217;un estil d&#8217;avantguarda que aporta gr\u00e0cia i funcionalitat.<\/p>\n\n\n<div class=\"wp-block-uagb-buttons uagb-buttons__outer-wrap uagb-btn__default-btn uagb-btn-tablet__default-btn uagb-btn-mobile__default-btn uagb-block-dc48ca84\"><div class=\"uagb-buttons__wrap uagb-buttons-layout-wrap \"><div class=\"wp-block-uagb-buttons-child uagb-buttons__outer-wrap uagb-block-d99e6b32 wp-block-button\"><div class=\"uagb-button__wrapper\"><a class=\"uagb-buttons-repeater wp-block-button__link\" aria-label=\"\" href=\"https:\/\/v2charge.com\/ca\/trydan-carregador-electric\/\" rel=\"follow noopener\" target=\"_self\" role=\"button\"><div class=\"uagb-button__link\">VEURE TRYDAN<\/div><\/a><\/div><\/div><\/div><\/div>\n<\/div>\n<\/div>\n\n\n\n<div class=\"wp-block-uagb-container uagb-block-8d83ad62 alignfull uagb-is-root-container\">\n<div class=\"wp-block-uagb-container uagb-block-df871797\"><div class=\"wp-block-uagb-advanced-heading uagb-block-62e0970a\"><h2 class=\"uagb-heading-text\">TRYDAN PRO<\/h2><\/div>\n\n<div class=\"wp-block-uagb-advanced-heading uagb-block-b03b3d2c\"><h3 class=\"uagb-heading-text\">L&#8217;evoluci\u00f3 perfecta amb connectivitat total<\/h3><\/div>\n\n<p>Mantingueu-vos sempre connectats amb Trydan Pro. Tecnologia 4G i Ethernet per a un acc\u00e9s a Internet instantani i ininterromput.<\/p>\n\n<p>Identifiqueu m\u00faltiples usuaris i assegureu una c\u00e0rrega accessible i segura a trav\u00e9s de la seva tecnologia RFID\/NFC.<\/p>\n\n\n<div class=\"wp-block-uagb-buttons uagb-buttons__outer-wrap uagb-btn__default-btn uagb-btn-tablet__default-btn uagb-btn-mobile__default-btn uagb-block-7008c05c\"><div class=\"uagb-buttons__wrap uagb-buttons-layout-wrap \"><div class=\"wp-block-uagb-buttons-child uagb-buttons__outer-wrap uagb-block-1b818de0 wp-block-button is-style-outline\"><div class=\"uagb-button__wrapper\"><a class=\"uagb-buttons-repeater wp-block-button__link\" aria-label=\"\" href=\"https:\/\/v2charge.com\/ca\/area-de-suport\/suport-trydan-pro\/\" rel=\"follow noopener\" target=\"_self\" role=\"button\"><div class=\"uagb-button__link\">VEURE TRYDAN PRO<\/div><\/a><\/div><\/div><\/div><\/div>\n<\/div>\n\n\n\n<div class=\"wp-block-uagb-container uagb-block-efb230ef\">\n<div class=\"wp-block-uagb-container uagb-block-15439cb3\"><\/div>\n<\/div>\n<\/div>\n\n\n\n<div class=\"wp-block-uagb-container uagb-block-547d64c6 alignfull uagb-is-root-container\">\n<div class=\"wp-block-uagb-container uagb-block-606cc092\">\n<div class=\"wp-block-uagb-container uagb-block-f01f2188\"><\/div>\n<\/div>\n\n\n\n<div class=\"wp-block-uagb-container uagb-block-a97f2181\"><div class=\"wp-block-uagb-advanced-heading uagb-block-a1df6c01\"><h2 class=\"uagb-heading-text\">POLE PRO<\/h2><\/div>\n\n<div class=\"wp-block-uagb-advanced-heading uagb-block-ce47bbaf\"><h3 class=\"uagb-heading-text\">La soluci\u00f3 de compartici\u00f3 de c\u00e0rrega m\u00e9s intel\u00b7ligent i rendible<\/h3><\/div>\n\n<p class=\"has-base-3-color has-text-color\">Pole Pro integra la tecnologia m\u00e9s recent per oferir la c\u00e0rrega m\u00e9s eficient per a m\u00faltiples usuaris en espais p\u00fablics i privats.<\/p>\n\n<p class=\"has-base-3-color has-text-color\">Un disseny elegant i robust amb la millor connectivitat per als entorns m\u00e9s exigents en les seves dues versions, de peu o de paret.<\/p>\n\n\n<div class=\"wp-block-uagb-buttons uagb-buttons__outer-wrap uagb-btn__default-btn uagb-btn-tablet__default-btn uagb-btn-mobile__default-btn uagb-block-dc3d4f70\"><div class=\"uagb-buttons__wrap uagb-buttons-layout-wrap \"><div class=\"wp-block-uagb-buttons-child uagb-buttons__outer-wrap uagb-block-93b88203 wp-block-button\"><div class=\"uagb-button__wrapper\"><a class=\"uagb-buttons-repeater wp-block-button__link\" aria-label=\"\" href=\"https:\/\/v2charge.com\/ca\/pole-punt-recarrega\/\" rel=\"follow noopener\" target=\"_self\" role=\"button\"><div class=\"uagb-button__link\">VEURE POLE PRO<\/div><\/a><\/div><\/div><\/div><\/div>\n<\/div>\n<\/div>\n\n\n\n<div class=\"wp-block-uagb-container uagb-block-bb89d55d alignfull uagb-is-root-container\">\n<div class=\"wp-block-uagb-container uagb-block-03544c89\"><div class=\"wp-block-uagb-advanced-heading uagb-block-ae32fdcf\"><h2 class=\"uagb-heading-text\">DENKA<\/h2><\/div>\n\n<div class=\"wp-block-uagb-advanced-heading uagb-block-ba6ea7bd\"><h3 class=\"uagb-heading-text\">El carregador r\u00e0pid m\u00e9s ultra-compacte de la seva gamma<\/h3><\/div>\n\n<p class=\"has-contrast-color has-text-color\">Denka est\u00e0 dissenyat per oferir un rendiment m\u00e0xim en un espai m\u00ednim. Permet carregar fins a 140 km en nom\u00e9s 30 minuts, combinant pot\u00e8ncia i efici\u00e8ncia en cada \u00fas.<\/p>\n\n<p class=\"has-contrast-color has-text-color\">Disponible en versions de 20 kW i 40 kW.<\/p>\n\n\n<div class=\"wp-block-uagb-buttons uagb-buttons__outer-wrap uagb-btn__default-btn uagb-btn-tablet__default-btn uagb-btn-mobile__default-btn uagb-block-b87795b8\"><div class=\"uagb-buttons__wrap uagb-buttons-layout-wrap \"><div class=\"wp-block-uagb-buttons-child uagb-buttons__outer-wrap uagb-block-f94af162 wp-block-button is-style-outline\"><div class=\"uagb-button__wrapper\"><a class=\"uagb-buttons-repeater wp-block-button__link\" aria-label=\"\" href=\"https:\/\/v2charge.com\/ca\/area-de-suport\/suport-denka\/\" rel=\"follow noopener\" target=\"_self\" role=\"button\"><div class=\"uagb-button__link\">VEURE DENKA<\/div><\/a><\/div><\/div><\/div><\/div>\n<\/div>\n\n\n\n<div class=\"wp-block-uagb-container uagb-block-fa0686a4\">\n<div class=\"wp-block-uagb-container uagb-block-7299d301\"><\/div>\n<\/div>\n<\/div>\n\n\n\n<div class=\"wp-block-uagb-container uagb-block-26ae079b alignfull uagb-is-root-container\">\n<div class=\"wp-block-uagb-container uagb-block-b554521b\">\n<div class=\"wp-block-uagb-container uagb-block-9a000845\"><\/div>\n<\/div>\n\n\n\n<div class=\"wp-block-uagb-container uagb-block-a90475c3\"><div class=\"wp-block-uagb-advanced-heading uagb-block-c2bdcf5e\"><h2 class=\"uagb-heading-text\">SCREEN<\/h2><\/div>\n\n<div class=\"wp-block-uagb-advanced-heading uagb-block-517ae055\"><h3 class=\"uagb-heading-text\">El primer i \u00fanic e-Charger que integra publicitat<\/h3><\/div>\n\n<p class=\"has-base-3-color has-text-color\">Screen desenvolupa una nova tecnologia mai vista abans. Aquesta estaci\u00f3 de c\u00e0rrega excepcional \u00e9s capa\u00e7 de carregar qualsevol vehicle el\u00e8ctric i, al mateix temps, mostrar anuncis personalitzats.<\/p>\n\n<p class=\"has-base-3-color has-text-color\">Deixa&#8217;t sorprendre per la pres\u00e8ncia de la seva gran pantalla LED de 43 polzades.<\/p>\n\n\n<div class=\"wp-block-uagb-buttons uagb-buttons__outer-wrap uagb-btn__default-btn uagb-btn-tablet__default-btn uagb-btn-mobile__default-btn uagb-block-76d98a3d\"><div class=\"uagb-buttons__wrap uagb-buttons-layout-wrap \"><div class=\"wp-block-uagb-buttons-child uagb-buttons__outer-wrap uagb-block-10d6f73f wp-block-button is-style-outline\"><div class=\"uagb-button__wrapper\"><a class=\"uagb-buttons-repeater wp-block-button__link\" aria-label=\"\" href=\"https:\/\/v2charge.com\/ca\/screen-carregador-publicitat\/\" rel=\"follow noopener\" target=\"_self\" role=\"button\"><div class=\"uagb-button__link\">VEURE PANTALLA<\/div><\/a><\/div><\/div><\/div><\/div>\n<\/div>\n<\/div>\n\n\n\n<div class=\"wp-block-uagb-container uagb-block-0095458a alignfull uagb-is-root-container\">\n<div class=\"wp-block-uagb-container uagb-block-5361863f\"><div class=\"wp-block-uagb-advanced-heading uagb-block-fae95d4b\"><h2 class=\"uagb-heading-text\">EV PORTABLE<\/h2><\/div>\n\n<div class=\"wp-block-uagb-advanced-heading uagb-block-2258c590\"><h3 class=\"uagb-heading-text\">Lleugeresa i disseny on sigui que vagis<\/h3><\/div>\n\n<p class=\"has-contrast-color has-text-color\">Podeu viatjar sense canviar la vostra ruta. EV Portable \u00e9s un e-Charger lleuger, compacte i f\u00e0cil de transportar.<\/p>\n\n<p class=\"has-contrast-color has-text-color\">Les seves petites dimensions i la seva pot\u00e8ncia m\u00e0xima seran el teu millor company durant qualsevol viatge.<\/p>\n\n\n<div class=\"wp-block-uagb-buttons uagb-buttons__outer-wrap uagb-btn__default-btn uagb-btn-tablet__default-btn uagb-btn-mobile__default-btn uagb-block-a428d7ff\"><div class=\"uagb-buttons__wrap uagb-buttons-layout-wrap \"><div class=\"wp-block-uagb-buttons-child uagb-buttons__outer-wrap uagb-block-ec608a32 wp-block-button is-style-outline\"><div class=\"uagb-button__wrapper\"><a class=\"uagb-buttons-repeater wp-block-button__link\" aria-label=\"\" href=\"https:\/\/v2charge.com\/ca\/ev-portable-carregador-portatil\/\" rel=\"follow noopener\" target=\"_self\" role=\"button\"><div class=\"uagb-button__link\">VEURE EV PORTABLE<\/div><\/a><\/div><\/div><\/div><\/div>\n<\/div>\n\n\n\n<div class=\"wp-block-uagb-container uagb-block-7d76ad5b\">\n<div class=\"wp-block-uagb-container uagb-block-4cb2e33a\"><\/div>\n<\/div>\n<\/div>\n\n\n\n<div class=\"wp-block-uagb-container uagb-block-5b548101 alignfull uagb-is-root-container\"><div class=\"uagb-container-inner-blocks-wrap\"><div class=\"wp-block-uagb-advanced-heading uagb-block-cda468fa\"><h2 class=\"uagb-heading-text\">Consulteu el cat\u00e0leg dels nostres carregadors V2C<\/h2><\/div>\n\n\n<div class=\"wp-block-uagb-buttons uagb-buttons__outer-wrap uagb-btn__default-btn uagb-btn-tablet__default-btn uagb-btn-mobile__default-btn uagb-block-1846dace\"><div class=\"uagb-buttons__wrap uagb-buttons-layout-wrap \"><div class=\"wp-block-uagb-buttons-child uagb-buttons__outer-wrap uagb-block-34f2bffb wp-block-button is-style-outline\"><div class=\"uagb-button__wrapper\"><a class=\"uagb-buttons-repeater wp-block-button__link\" aria-label=\"\" href=\"https:\/\/v2charge.com\/ca\/cataleg\/\" rel=\"follow noopener\" target=\"_self\" role=\"button\"><div class=\"uagb-button__link\">Consultar cat\u00e0legs<\/div><\/a><\/div><\/div><\/div><\/div>\n<\/div><\/div>\n","protected":false},"excerpt":{"rendered":"<p>Descobreix els nostres e-Chargers Troba el carregador d&#8217;autom\u00f2bil el\u00e8ctric que millor s&#8217;adapti a les teves necessitats TRYDAN Intel\u00b7lig\u00e8ncia i control absolut a les teves mans Amb Trydan, descobrir\u00e0s una nova manera de carregar: la m\u00e9s original i intel\u00b7ligent coneguda fins ara. Un disseny revolucionari compost d&#8217;un estil d&#8217;avantguarda que aporta gr\u00e0cia i funcionalitat. TRYDAN PRO &#8230; <a title=\"e-Carregadors\" class=\"read-more\" href=\"https:\/\/v2charge.com\/ca\/e-carregadors\/\" aria-label=\"Read more about e-Carregadors\">Read more<\/a><\/p>\n","protected":false},"author":1,"featured_media":170346,"parent":0,"menu_order":0,"comment_status":"closed","ping_status":"closed","template":"","meta":{"_eb_attr":"","content-type":"","_uag_custom_page_level_css":"","footnotes":""},"class_list":["post-310177","page","type-page","status-publish","has-post-thumbnail"],"yoast_head":"<!-- This site is optimized with the Yoast SEO plugin v25.3.1 - https:\/\/yoast.com\/wordpress\/plugins\/seo\/ -->\n<title>V2C Carregadors \u25b7 Descobreix els Millors Carregadors d&#039;Autom\u00f2bils El\u00e8ctrics<\/title>\n<meta name=\"description\" content=\"Descobreix el nostre cat\u00e0leg d&#039;e-Chargers, els carregadors V2C que et portaran cap al futur, la sostenibilitat i la innovaci\u00f3 a trav\u00e9s de la c\u00e0rrega el\u00e8ctrica.\" \/>\n<meta name=\"robots\" content=\"index, follow, max-snippet:-1, max-image-preview:large, max-video-preview:-1\" \/>\n<link rel=\"canonical\" href=\"https:\/\/v2charge.com\/ca\/e-carregadors\/\" \/>\n<meta property=\"og:locale\" content=\"ca_ES\" \/>\n<meta property=\"og:type\" content=\"article\" \/>\n<meta property=\"og:title\" content=\"V2C Carregadors \u25b7 Descobreix els Millors Carregadors d&#039;Autom\u00f2bils El\u00e8ctrics\" \/>\n<meta property=\"og:description\" content=\"Descobreix el nostre cat\u00e0leg d&#039;e-Chargers, els carregadors V2C que et portaran cap al futur, la sostenibilitat i la innovaci\u00f3 a trav\u00e9s de la c\u00e0rrega el\u00e8ctrica.\" \/>\n<meta property=\"og:url\" content=\"https:\/\/v2charge.com\/ca\/e-carregadors\/\" \/>\n<meta property=\"og:site_name\" content=\"V2C\" \/>\n<meta property=\"article:publisher\" content=\"https:\/\/www.facebook.com\/V2C.Charge\" \/>\n<meta property=\"article:modified_time\" content=\"2025-05-15T10:22:10+00:00\" \/>\n<meta property=\"og:image\" content=\"https:\/\/v2charge.com\/wp-content\/uploads\/2024\/07\/v2c-electric-chargers.jpg\" \/>\n\t<meta property=\"og:image:width\" content=\"1200\" \/>\n\t<meta property=\"og:image:height\" content=\"675\" \/>\n\t<meta property=\"og:image:type\" content=\"image\/jpeg\" \/>\n<meta name=\"twitter:card\" content=\"summary_large_image\" \/>\n<meta name=\"twitter:site\" content=\"@V2C_Charge\" \/>\n<meta name=\"twitter:label1\" content=\"Est. reading time\" \/>\n\t<meta name=\"twitter:data1\" content=\"2 minuts\" \/>\n<script type=\"application\/ld+json\" class=\"yoast-schema-graph\">{\"@context\":\"https:\/\/schema.org\",\"@graph\":[{\"@type\":\"WebPage\",\"@id\":\"https:\/\/v2charge.com\/ca\/e-carregadors\/\",\"url\":\"https:\/\/v2charge.com\/ca\/e-carregadors\/\",\"name\":\"V2C Carregadors \u25b7 Descobreix els Millors Carregadors d'Autom\u00f2bils El\u00e8ctrics\",\"isPartOf\":{\"@id\":\"https:\/\/v2charge.com\/ca\/#website\"},\"primaryImageOfPage\":{\"@id\":\"https:\/\/v2charge.com\/ca\/e-carregadors\/#primaryimage\"},\"image\":{\"@id\":\"https:\/\/v2charge.com\/ca\/e-carregadors\/#primaryimage\"},\"thumbnailUrl\":\"https:\/\/v2charge.com\/wp-content\/uploads\/2024\/07\/v2c-electric-chargers.jpg\",\"datePublished\":\"2021-10-11T07:44:05+00:00\",\"dateModified\":\"2025-05-15T10:22:10+00:00\",\"description\":\"Descobreix el nostre cat\u00e0leg d'e-Chargers, els carregadors V2C que et portaran cap al futur, la sostenibilitat i la innovaci\u00f3 a trav\u00e9s de la c\u00e0rrega el\u00e8ctrica.\",\"breadcrumb\":{\"@id\":\"https:\/\/v2charge.com\/ca\/e-carregadors\/#breadcrumb\"},\"inLanguage\":\"ca\",\"potentialAction\":[{\"@type\":\"ReadAction\",\"target\":[\"https:\/\/v2charge.com\/ca\/e-carregadors\/\"]}]},{\"@type\":\"ImageObject\",\"inLanguage\":\"ca\",\"@id\":\"https:\/\/v2charge.com\/ca\/e-carregadors\/#primaryimage\",\"url\":\"https:\/\/v2charge.com\/wp-content\/uploads\/2024\/07\/v2c-electric-chargers.jpg\",\"contentUrl\":\"https:\/\/v2charge.com\/wp-content\/uploads\/2024\/07\/v2c-electric-chargers.jpg\",\"width\":1200,\"height\":675,\"caption\":\"V2C Electric Chargers\"},{\"@type\":\"BreadcrumbList\",\"@id\":\"https:\/\/v2charge.com\/ca\/e-carregadors\/#breadcrumb\",\"itemListElement\":[{\"@type\":\"ListItem\",\"position\":1,\"name\":\"V2C\",\"item\":\"https:\/\/v2charge.com\/ca\/\"},{\"@type\":\"ListItem\",\"position\":2,\"name\":\"e-Carregadors\"}]},{\"@type\":\"WebSite\",\"@id\":\"https:\/\/v2charge.com\/ca\/#website\",\"url\":\"https:\/\/v2charge.com\/ca\/\",\"name\":\"V2C\",\"description\":\"#CargandoElMa\u00f1ana\",\"publisher\":{\"@id\":\"https:\/\/v2charge.com\/ca\/#organization\"},\"potentialAction\":[{\"@type\":\"SearchAction\",\"target\":{\"@type\":\"EntryPoint\",\"urlTemplate\":\"https:\/\/v2charge.com\/ca\/?s={search_term_string}\"},\"query-input\":{\"@type\":\"PropertyValueSpecification\",\"valueRequired\":true,\"valueName\":\"search_term_string\"}}],\"inLanguage\":\"ca\"},{\"@type\":\"Organization\",\"@id\":\"https:\/\/v2charge.com\/ca\/#organization\",\"name\":\"V2C\",\"url\":\"https:\/\/v2charge.com\/ca\/\",\"logo\":{\"@type\":\"ImageObject\",\"inLanguage\":\"ca\",\"@id\":\"https:\/\/v2charge.com\/ca\/#\/schema\/logo\/image\/\",\"url\":\"https:\/\/v2charge.com\/wp-content\/uploads\/2024\/11\/cropped-v2c-charge-logo-menu.png\",\"contentUrl\":\"https:\/\/v2charge.com\/wp-content\/uploads\/2024\/11\/cropped-v2c-charge-logo-menu.png\",\"width\":984,\"height\":431,\"caption\":\"V2C\"},\"image\":{\"@id\":\"https:\/\/v2charge.com\/ca\/#\/schema\/logo\/image\/\"},\"sameAs\":[\"https:\/\/www.facebook.com\/V2C.Charge\",\"https:\/\/x.com\/V2C_Charge\",\"https:\/\/www.instagram.com\/v2c.charge\/\",\"https:\/\/www.youtube.com\/@V2C\",\"https:\/\/www.linkedin.com\/company\/v2c-chargers\/\"]}]}<\/script>\n<!-- \/ Yoast SEO plugin. -->","yoast_head_json":{"title":"V2C Carregadors \u25b7 Descobreix els Millors Carregadors d'Autom\u00f2bils El\u00e8ctrics","description":"Descobreix el nostre cat\u00e0leg d'e-Chargers, els carregadors V2C que et portaran cap al futur, la sostenibilitat i la innovaci\u00f3 a trav\u00e9s de la c\u00e0rrega el\u00e8ctrica.","robots":{"index":"index","follow":"follow","max-snippet":"max-snippet:-1","max-image-preview":"max-image-preview:large","max-video-preview":"max-video-preview:-1"},"canonical":"https:\/\/v2charge.com\/ca\/e-carregadors\/","og_locale":"ca_ES","og_type":"article","og_title":"V2C Carregadors \u25b7 Descobreix els Millors Carregadors d'Autom\u00f2bils El\u00e8ctrics","og_description":"Descobreix el nostre cat\u00e0leg d'e-Chargers, els carregadors V2C que et portaran cap al futur, la sostenibilitat i la innovaci\u00f3 a trav\u00e9s de la c\u00e0rrega el\u00e8ctrica.","og_url":"https:\/\/v2charge.com\/ca\/e-carregadors\/","og_site_name":"V2C","article_publisher":"https:\/\/www.facebook.com\/V2C.Charge","article_modified_time":"2025-05-15T10:22:10+00:00","og_image":[{"width":1200,"height":675,"url":"https:\/\/v2charge.com\/wp-content\/uploads\/2024\/07\/v2c-electric-chargers.jpg","type":"image\/jpeg"}],"twitter_card":"summary_large_image","twitter_site":"@V2C_Charge","twitter_misc":{"Est. reading time":"2 minuts"},"schema":{"@context":"https:\/\/schema.org","@graph":[{"@type":"WebPage","@id":"https:\/\/v2charge.com\/ca\/e-carregadors\/","url":"https:\/\/v2charge.com\/ca\/e-carregadors\/","name":"V2C Carregadors \u25b7 Descobreix els Millors Carregadors d'Autom\u00f2bils El\u00e8ctrics","isPartOf":{"@id":"https:\/\/v2charge.com\/ca\/#website"},"primaryImageOfPage":{"@id":"https:\/\/v2charge.com\/ca\/e-carregadors\/#primaryimage"},"image":{"@id":"https:\/\/v2charge.com\/ca\/e-carregadors\/#primaryimage"},"thumbnailUrl":"https:\/\/v2charge.com\/wp-content\/uploads\/2024\/07\/v2c-electric-chargers.jpg","datePublished":"2021-10-11T07:44:05+00:00","dateModified":"2025-05-15T10:22:10+00:00","description":"Descobreix el nostre cat\u00e0leg d'e-Chargers, els carregadors V2C que et portaran cap al futur, la sostenibilitat i la innovaci\u00f3 a trav\u00e9s de la c\u00e0rrega el\u00e8ctrica.","breadcrumb":{"@id":"https:\/\/v2charge.com\/ca\/e-carregadors\/#breadcrumb"},"inLanguage":"ca","potentialAction":[{"@type":"ReadAction","target":["https:\/\/v2charge.com\/ca\/e-carregadors\/"]}]},{"@type":"ImageObject","inLanguage":"ca","@id":"https:\/\/v2charge.com\/ca\/e-carregadors\/#primaryimage","url":"https:\/\/v2charge.com\/wp-content\/uploads\/2024\/07\/v2c-electric-chargers.jpg","contentUrl":"https:\/\/v2charge.com\/wp-content\/uploads\/2024\/07\/v2c-electric-chargers.jpg","width":1200,"height":675,"caption":"V2C Electric Chargers"},{"@type":"BreadcrumbList","@id":"https:\/\/v2charge.com\/ca\/e-carregadors\/#breadcrumb","itemListElement":[{"@type":"ListItem","position":1,"name":"V2C","item":"https:\/\/v2charge.com\/ca\/"},{"@type":"ListItem","position":2,"name":"e-Carregadors"}]},{"@type":"WebSite","@id":"https:\/\/v2charge.com\/ca\/#website","url":"https:\/\/v2charge.com\/ca\/","name":"V2C","description":"#CargandoElMa\u00f1ana","publisher":{"@id":"https:\/\/v2charge.com\/ca\/#organization"},"potentialAction":[{"@type":"SearchAction","target":{"@type":"EntryPoint","urlTemplate":"https:\/\/v2charge.com\/ca\/?s={search_term_string}"},"query-input":{"@type":"PropertyValueSpecification","valueRequired":true,"valueName":"search_term_string"}}],"inLanguage":"ca"},{"@type":"Organization","@id":"https:\/\/v2charge.com\/ca\/#organization","name":"V2C","url":"https:\/\/v2charge.com\/ca\/","logo":{"@type":"ImageObject","inLanguage":"ca","@id":"https:\/\/v2charge.com\/ca\/#\/schema\/logo\/image\/","url":"https:\/\/v2charge.com\/wp-content\/uploads\/2024\/11\/cropped-v2c-charge-logo-menu.png","contentUrl":"https:\/\/v2charge.com\/wp-content\/uploads\/2024\/11\/cropped-v2c-charge-logo-menu.png","width":984,"height":431,"caption":"V2C"},"image":{"@id":"https:\/\/v2charge.com\/ca\/#\/schema\/logo\/image\/"},"sameAs":["https:\/\/www.facebook.com\/V2C.Charge","https:\/\/x.com\/V2C_Charge","https:\/\/www.instagram.com\/v2c.charge\/","https:\/\/www.youtube.com\/@V2C","https:\/\/www.linkedin.com\/company\/v2c-chargers\/"]}]}},"uagb_featured_image_src":{"full":["https:\/\/v2charge.com\/wp-content\/uploads\/2024\/07\/v2c-electric-chargers.jpg",1200,675,false],"thumbnail":["https:\/\/v2charge.com\/wp-content\/uploads\/2024\/07\/v2c-electric-chargers-150x150.jpg",150,150,true],"medium":["https:\/\/v2charge.com\/wp-content\/uploads\/2024\/07\/v2c-electric-chargers-300x169.jpg",300,169,true],"medium_large":["https:\/\/v2charge.com\/wp-content\/uploads\/2024\/07\/v2c-electric-chargers-768x432.jpg",768,432,true],"large":["https:\/\/v2charge.com\/wp-content\/uploads\/2024\/07\/v2c-electric-chargers-1024x576.jpg",1024,576,true],"gs-tiny":["https:\/\/v2charge.com\/wp-content\/uploads\/2024\/07\/v2c-electric-chargers.jpg",50,28,false],"xl":["https:\/\/v2charge.com\/wp-content\/uploads\/2024\/07\/v2c-electric-chargers.jpg",1200,675,false],"xxl":["https:\/\/v2charge.com\/wp-content\/uploads\/2024\/07\/v2c-electric-chargers.jpg",1200,675,false],"xxxl":["https:\/\/v2charge.com\/wp-content\/uploads\/2024\/07\/v2c-electric-chargers.jpg",1200,675,false],"xxxxl":["https:\/\/v2charge.com\/wp-content\/uploads\/2024\/07\/v2c-electric-chargers.jpg",1200,675,false],"xxxxxl":["https:\/\/v2charge.com\/wp-content\/uploads\/2024\/07\/v2c-electric-chargers.jpg",1200,675,false],"1536x1536":["https:\/\/v2charge.com\/wp-content\/uploads\/2024\/07\/v2c-electric-chargers.jpg",1200,675,false],"2048x2048":["https:\/\/v2charge.com\/wp-content\/uploads\/2024\/07\/v2c-electric-chargers.jpg",1200,675,false]},"uagb_author_info":{"display_name":"V2C","author_link":"https:\/\/v2charge.com\/ca\/author\/root_k4eu7ki8\/"},"uagb_comment_info":0,"uagb_excerpt":"Descobreix els nostres e-Chargers Troba el carregador d&#8217;autom\u00f2bil el\u00e8ctric que millor s&#8217;adapti a les teves necessitats TRYDAN Intel\u00b7lig\u00e8ncia i control absolut a les teves mans Amb Trydan, descobrir\u00e0s una nova manera de carregar: la m\u00e9s original i intel\u00b7ligent coneguda fins ara. Un disseny revolucionari compost d&#8217;un estil d&#8217;avantguarda que aporta gr\u00e0cia i funcionalitat. TRYDAN PRO&hellip;","_links":{"self":[{"href":"https:\/\/v2charge.com\/ca\/wp-json\/wp\/v2\/pages\/310177","targetHints":{"allow":["GET"]}}],"collection":[{"href":"https:\/\/v2charge.com\/ca\/wp-json\/wp\/v2\/pages"}],"about":[{"href":"https:\/\/v2charge.com\/ca\/wp-json\/wp\/v2\/types\/page"}],"author":[{"embeddable":true,"href":"https:\/\/v2charge.com\/ca\/wp-json\/wp\/v2\/users\/1"}],"replies":[{"embeddable":true,"href":"https:\/\/v2charge.com\/ca\/wp-json\/wp\/v2\/comments?post=310177"}],"version-history":[{"count":0,"href":"https:\/\/v2charge.com\/ca\/wp-json\/wp\/v2\/pages\/310177\/revisions"}],"wp:featuredmedia":[{"embeddable":true,"href":"https:\/\/v2charge.com\/ca\/wp-json\/wp\/v2\/media\/170346"}],"wp:attachment":[{"href":"https:\/\/v2charge.com\/ca\/wp-json\/wp\/v2\/media?parent=310177"}],"curies":[{"name":"wp","href":"https:\/\/api.w.org\/{rel}","templated":true}]}}