{"id":310191,"date":"2023-02-01T11:47:32","date_gmt":"2023-02-01T09:47:32","guid":{"rendered":""},"modified":"2025-07-18T14:16:06","modified_gmt":"2025-07-18T12:16:06","slug":"connexio-kostal-ksem-amb-trydan","status":"publish","type":"page","link":"https:\/\/v2charge.com\/ca\/area-de-suport\/control-de-potencia\/control-dinamic-de-potencia\/connexio-kostal-ksem-amb-trydan\/","title":{"rendered":"Connexi\u00f3 Kostal KSEM amb Trydan"},"content":{"rendered":"\n<div class=\"wp-block-uagb-container uagb-block-3abc244a alignfull uagb-is-root-container\"><div class=\"uagb-container-inner-blocks-wrap\"><div class=\"yoast-breadcrumbs\"><span><span><a href=\"https:\/\/v2charge.com\/ca\/\">V2C<\/a><\/span> \u00bb <span><a href=\"https:\/\/v2charge.com\/ca\/support\/power-control\/dynamic\/\">Din\u00e1mico<\/a><\/span> \u00bb <span class=\"breadcrumb_last\" aria-current=\"page\">Connexi\u00f3 Kostal KSEM amb Trydan<\/span><\/span><\/div>\n\n<h1 class=\"wp-block-heading\">Connexi\u00f3 del Kostal KSEM amb Trydan<\/h1>\n\n\n<div class=\"wp-block-uagb-container uagb-block-94b2f0a4 alignfull uagb-is-root-container\"><div class=\"uagb-container-inner-blocks-wrap\">\n<div class=\"wp-block-uagb-container uagb-block-c65863b3\"><p><strong>Els inversors Kostal es poden connectar a Trydan directament a trav\u00e9s del comptador d&#8217;energia KSEM <\/strong>(Kostal Smart Energy Meter) mitjan\u00e7ant comunicaci\u00f3 Modbus TCP.<\/p><\/div>\n\n\n\n<div class=\"wp-block-uagb-container uagb-block-260fae18\">\n<div class=\"wp-block-uagb-image uagb-block-9078e420 wp-block-uagb-image--layout-default wp-block-uagb-image--effect-static wp-block-uagb-image--align-none\"><figure class=\"wp-block-uagb-image__figure\"><img decoding=\"async\" srcset=\"https:\/\/v2charge.com\/wp-content\/uploads\/2023\/12\/kostal-logo.png ,https:\/\/v2charge.com\/wp-content\/uploads\/2023\/12\/kostal-logo.png 780w, https:\/\/v2charge.com\/wp-content\/uploads\/2023\/12\/kostal-logo.png 360w\" sizes=\"auto, (max-width: 480px) 150px\" src=\"https:\/\/v2charge.com\/wp-content\/uploads\/2023\/12\/kostal-logo.png\" alt=\"\" class=\"uag-image-128994\" width=\"250\" height=\"65\" title=\"\" loading=\"lazy\" role=\"img\"\/><\/figure><\/div>\n<\/div>\n<\/div><\/div>\n<\/div><\/div>\n\n\n\n<div class=\"wp-block-uagb-container uagb-block-333fb119 alignfull uagb-is-root-container\"><div class=\"uagb-container-inner-blocks-wrap\">\n<div class=\"wp-block-uagb-container uagb-block-2ff110d0 default uagb-is-root-container\">\n<div class=\"wp-block-uagb-container uagb-block-cd442c87\">\n<div class=\"wp-block-uagb-image aligncenter uagb-block-4bb46c59 wp-block-uagb-image--layout-default wp-block-uagb-image--effect-static wp-block-uagb-image--align-center\"><figure class=\"wp-block-uagb-image__figure\"><img decoding=\"async\" srcset=\"https:\/\/v2charge.com\/wp-content\/uploads\/2023\/11\/icon-important.png ,https:\/\/v2charge.com\/wp-content\/uploads\/2023\/11\/icon-important.png 780w, https:\/\/v2charge.com\/wp-content\/uploads\/2023\/11\/icon-important.png 360w\" sizes=\"auto, (max-width: 480px) 150px\" src=\"https:\/\/v2charge.com\/wp-content\/uploads\/2023\/11\/icon-important.png\" alt=\"\" class=\"uag-image-125013\" width=\"50\" height=\"50\" title=\"\" loading=\"lazy\" role=\"img\"\/><\/figure><\/div>\n<\/div>\n\n\n\n<div class=\"wp-block-uagb-container uagb-block-38de7166\"><div class=\"wp-block-uagb-advanced-heading uagb-block-37ab01f0\"><p class=\"uagb-heading-text\">L&#8217;\u00fas de <strong>repetidors Wi-Fi<\/strong> o <strong>xarxes mesh<\/strong> pot afectar el funcionament adequat del sistema. Recomanem utilitzar una xarxa Wi-Fi <strong>estable<\/strong> i <strong>directa<\/strong> per assegurar una connexi\u00f3 \u00f2ptima entre el carregador i l&#8217;inversor.<\/p><\/div><\/div>\n<\/div>\n\n\n\n<div style=\"height:5px\" aria-hidden=\"true\" class=\"wp-block-spacer\"><\/div>\n<\/div><\/div>\n\n\n\n<div class=\"wp-block-uagb-container uagb-block-02b83e17 alignfull uagb-is-root-container\"><div class=\"uagb-container-inner-blocks-wrap\">\n<div class=\"wp-block-uagb-separator uagb-block-674a6466\"><div class=\"wp-block-uagb-separator__inner\" style=\"--my-background-image:\"><\/div><\/div>\n\n\n<h2 class=\"wp-block-heading\">Com establir la connexi\u00f3<\/h2>\n\n<p>Per establir la connexi\u00f3, primer activarem la comunicaci\u00f3 Modbus TCP. Per fer-ho, necessitem accedir a la IP del comptador KSEM, que es pot trobar al router o mitjan\u00e7ant aplicacions que permeten cercar adreces IP locals. A continuaci\u00f3, activarem l&#8217;esclau TCP a la secci\u00f3 de Configuraci\u00f3 Modbus.<\/p>\n\n\n<div class=\"wp-block-uagb-buttons uagb-buttons__outer-wrap uagb-btn__default-btn uagb-btn-tablet__default-btn uagb-btn-mobile__default-btn uagb-block-cff7e0d9\"><div class=\"uagb-buttons__wrap uagb-buttons-layout-wrap \"><div class=\"wp-block-uagb-buttons-child uagb-buttons__outer-wrap uagb-block-b3b0e0d0 wp-block-button\"><div class=\"uagb-button__wrapper\"><a class=\"uagb-buttons-repeater wp-block-button__link\" aria-label=\"\" href=\"https:\/\/v2charge.com\/ca\/trobar-ip-xarxa-local\/\" rel=\"follow noopener\" target=\"_self\" role=\"button\"><div class=\"uagb-button__link\">Com trobar l&#8217;IP dels dispositius connectats a la meva xarxa local?<\/div><\/a><\/div><\/div><\/div><\/div>\n\n\n\n<div class=\"wp-block-uagb-image aligncenter uagb-block-a8077fef wp-block-uagb-image--layout-default wp-block-uagb-image--effect-static wp-block-uagb-image--align-center\"><figure class=\"wp-block-uagb-image__figure\"><img decoding=\"async\" srcset=\"https:\/\/v2charge.com\/wp-content\/uploads\/2023\/12\/configuracion-modbus.jpg ,https:\/\/v2charge.com\/wp-content\/uploads\/2023\/12\/configuracion-modbus.jpg 780w, https:\/\/v2charge.com\/wp-content\/uploads\/2023\/12\/configuracion-modbus.jpg 360w\" sizes=\"auto, (max-width: 480px) 150px\" src=\"https:\/\/v2charge.com\/wp-content\/uploads\/2023\/12\/configuracion-modbus.jpg\" alt=\"\" class=\"uag-image-129027\" width=\"1024\" height=\"692\" title=\"\" loading=\"lazy\" role=\"img\"\/><\/figure><\/div>\n\n\n\n<hr class=\"wp-block-separator has-alpha-channel-opacity\"\/>\n\n\n<h2 class=\"wp-block-heading\">Configuraci\u00f3 de l&#8217;Inversor Kostal amb el Comptador KSEM a l&#8217;App V2C Cloud<\/h2><\/div><\/div>\n\n\n\n<div class=\"wp-block-uagb-container uagb-block-22ddbea3 alignfull uagb-is-root-container\"><div class=\"uagb-container-inner-blocks-wrap\">\n<div class=\"wp-block-uagb-container uagb-block-5a4283f6\"><p>Obriu l&#8217;aplicaci\u00f3 V2C Cloud, seleccioneu el punt de c\u00e0rrega i despr\u00e9s aneu a la secci\u00f3 de Configuraci\u00f3. Introdu\u00efu el Control Din\u00e0mic de Pot\u00e8ncia i seleccioneu Kostal KSEM a la secci\u00f3 del comptador.<br><\/p>\n\n<p>L&#8217;IP ser\u00e0 la mateixa que la que vas utilitzar per connectar-te al comptador KSEM a trav\u00e9s del web. Recorda, ha de ser a la mateixa xarxa WiFi local.<\/p>\n\n<p><em>Nota<strong>:<\/strong> Aquest tipus de connexi\u00f3 no mostrar\u00e0 la generaci\u00f3 fotovoltaica a l&#8217;App de V2C, per\u00f2 tots els modes de c\u00e0rrega funcionaran de la mateixa manera.<\/em><\/p><\/div>\n\n\n\n<div class=\"wp-block-uagb-container uagb-block-10d2a092\">\n<div class=\"wp-block-uagb-image aligncenter uagb-block-9be1b062 wp-block-uagb-image--layout-default wp-block-uagb-image--effect-static wp-block-uagb-image--align-center\"><figure class=\"wp-block-uagb-image__figure\"><img decoding=\"async\" srcset=\"https:\/\/v2charge.com\/wp-content\/uploads\/2024\/01\/kostal-ksem-inversor.jpg ,https:\/\/v2charge.com\/wp-content\/uploads\/2024\/01\/kostal-ksem-inversor.jpg 780w, https:\/\/v2charge.com\/wp-content\/uploads\/2024\/01\/kostal-ksem-inversor.jpg 360w\" sizes=\"auto, (max-width: 480px) 150px\" src=\"https:\/\/v2charge.com\/wp-content\/uploads\/2024\/01\/kostal-ksem-inversor.jpg\" alt=\"\" class=\"uag-image-133272\" width=\"400\" height=\"684\" title=\"\" loading=\"lazy\" role=\"img\"\/><\/figure><\/div>\n<\/div>\n<\/div><\/div>\n\n\n\n<div class=\"wp-block-uagb-container uagb-block-a9f804c6 alignfull uagb-is-root-container\"><div class=\"uagb-container-inner-blocks-wrap\"><div class=\"wp-block-uagb-advanced-heading uagb-block-58b04056\"><h2 class=\"uagb-heading-text\"><strong>Necessites suport t\u00e8cnic?<\/strong><\/h2><\/div>\n\n<div class=\"wp-block-uagb-advanced-heading uagb-block-84f10837\"><p class=\"uagb-heading-text\">Genera una sol\u00b7licitud al Centre de Suport T\u00e8cnic i ens posarem en contacte amb tu tan aviat com sigui possible per oferir-te la millor soluci\u00f3.<\/p><\/div>\n\n\n<div class=\"wp-block-uagb-buttons uagb-buttons__outer-wrap uagb-btn__default-btn uagb-btn-tablet__default-btn uagb-btn-mobile__default-btn uagb-block-c10fdcdd\"><div class=\"uagb-buttons__wrap uagb-buttons-layout-wrap \"><div class=\"wp-block-uagb-buttons-child uagb-buttons__outer-wrap uagb-block-1a8f0b68 wp-block-button\"><div class=\"uagb-button__wrapper\"><a class=\"uagb-buttons-repeater wp-block-button__link\" aria-label=\"\" href=\"https:\/\/v2charge.atlassian.net\/servicedesk\/customer\/portal\/3\" rel=\"follow noopener\" target=\"_self\" role=\"button\"><div class=\"uagb-button__link\">Contacta amb el suport t\u00e8cnic<\/div><\/a><\/div><\/div><\/div><\/div>\n<\/div><\/div>\n","protected":false},"excerpt":{"rendered":"<p>Connexi\u00f3 del Kostal KSEM amb Trydan Els inversors Kostal es poden connectar a Trydan directament a trav\u00e9s del comptador d&#8217;energia KSEM (Kostal Smart Energy Meter) mitjan\u00e7ant comunicaci\u00f3 Modbus TCP. L&#8217;\u00fas de repetidors Wi-Fi o xarxes mesh pot afectar el funcionament adequat del sistema. Recomanem utilitzar una xarxa Wi-Fi estable i directa per assegurar una connexi\u00f3 &#8230; <a title=\"Connexi\u00f3 Kostal KSEM amb Trydan\" class=\"read-more\" href=\"https:\/\/v2charge.com\/ca\/area-de-suport\/control-de-potencia\/control-dinamic-de-potencia\/connexio-kostal-ksem-amb-trydan\/\" aria-label=\"M\u00e9s informaci\u00f3 sobre Connexi\u00f3 Kostal KSEM amb Trydan\">Llegiu m\u00e9s<\/a><\/p>\n","protected":false},"author":1,"featured_media":0,"parent":309971,"menu_order":0,"comment_status":"closed","ping_status":"closed","template":"","meta":{"_eb_attr":"","content-type":"","_uag_custom_page_level_css":"","footnotes":""},"class_list":["post-310191","page","type-page","status-publish"],"yoast_head":"<!-- This site is optimized with the Yoast SEO plugin v25.3.1 - https:\/\/yoast.com\/wordpress\/plugins\/seo\/ -->\n<title>Connexi\u00f3 Kostal KSEM amb Trydan | V2C<\/title>\n<meta name=\"description\" content=\"Els inversors Kostal es poden connectar a Trydan directament a trav\u00e9s del comptador d&#039;energia KSEM (Kostal Smart Energy Meter) utilitzant la comunicaci\u00f3 Modbus TCP.\" \/>\n<meta name=\"robots\" content=\"index, follow, max-snippet:-1, max-image-preview:large, max-video-preview:-1\" \/>\n<link rel=\"canonical\" href=\"https:\/\/v2charge.com\/ca\/kostal-ksem-connection-with-trydan\/\" \/>\n<meta property=\"og:locale\" content=\"ca_ES\" \/>\n<meta property=\"og:type\" content=\"article\" \/>\n<meta property=\"og:title\" content=\"Connexi\u00f3 Kostal KSEM amb Trydan | V2C\" \/>\n<meta property=\"og:description\" content=\"Els inversors Kostal es poden connectar a Trydan directament a trav\u00e9s del comptador d&#039;energia KSEM (Kostal Smart Energy Meter) utilitzant la comunicaci\u00f3 Modbus TCP.\" \/>\n<meta property=\"og:url\" content=\"https:\/\/v2charge.com\/ca\/kostal-ksem-connection-with-trydan\/\" \/>\n<meta property=\"og:site_name\" content=\"V2C\" \/>\n<meta property=\"article:publisher\" content=\"https:\/\/www.facebook.com\/V2C.Charge\" \/>\n<meta property=\"article:modified_time\" content=\"2025-07-18T12:16:06+00:00\" \/>\n<meta property=\"og:image\" content=\"https:\/\/v2charge.com\/wp-content\/uploads\/2023\/12\/kostal-logo.png\" \/>\n<meta name=\"twitter:card\" content=\"summary_large_image\" \/>\n<meta name=\"twitter:site\" content=\"@V2C_Charge\" \/>\n<meta name=\"twitter:label1\" content=\"Temps estimat de lectura\" \/>\n\t<meta name=\"twitter:data1\" content=\"2 minuts\" \/>\n<script type=\"application\/ld+json\" class=\"yoast-schema-graph\">{\"@context\":\"https:\/\/schema.org\",\"@graph\":[{\"@type\":\"WebPage\",\"@id\":\"https:\/\/v2charge.com\/ca\/area-de-suport\/control-de-potencia\/control-dinamic-de-potencia\/connexio-kostal-ksem-amb-trydan\/\",\"url\":\"https:\/\/v2charge.com\/ca\/kostal-ksem-connection-with-trydan\/\",\"name\":\"Connexi\u00f3 Kostal KSEM amb Trydan | V2C\",\"isPartOf\":{\"@id\":\"https:\/\/v2charge.com\/ca\/#website\"},\"primaryImageOfPage\":{\"@id\":\"https:\/\/v2charge.com\/ca\/kostal-ksem-connection-with-trydan\/#primaryimage\"},\"image\":{\"@id\":\"https:\/\/v2charge.com\/ca\/kostal-ksem-connection-with-trydan\/#primaryimage\"},\"thumbnailUrl\":\"https:\/\/v2charge.com\/wp-content\/uploads\/2023\/12\/kostal-logo.png\",\"datePublished\":\"2023-02-01T09:47:32+00:00\",\"dateModified\":\"2025-07-18T12:16:06+00:00\",\"description\":\"Els inversors Kostal es poden connectar a Trydan directament a trav\u00e9s del comptador d'energia KSEM (Kostal Smart Energy Meter) utilitzant la comunicaci\u00f3 Modbus TCP.\",\"breadcrumb\":{\"@id\":\"https:\/\/v2charge.com\/ca\/kostal-ksem-connection-with-trydan\/#breadcrumb\"},\"inLanguage\":\"ca\",\"potentialAction\":[{\"@type\":\"ReadAction\",\"target\":[\"https:\/\/v2charge.com\/ca\/kostal-ksem-connection-with-trydan\/\"]}]},{\"@type\":\"ImageObject\",\"inLanguage\":\"ca\",\"@id\":\"https:\/\/v2charge.com\/ca\/kostal-ksem-connection-with-trydan\/#primaryimage\",\"url\":\"https:\/\/v2charge.com\/wp-content\/uploads\/2023\/12\/kostal-logo.png\",\"contentUrl\":\"https:\/\/v2charge.com\/wp-content\/uploads\/2023\/12\/kostal-logo.png\"},{\"@type\":\"BreadcrumbList\",\"@id\":\"https:\/\/v2charge.com\/ca\/kostal-ksem-connection-with-trydan\/#breadcrumb\",\"itemListElement\":[{\"@type\":\"ListItem\",\"position\":1,\"name\":\"V2C\",\"item\":\"https:\/\/v2charge.com\/ca\/\"},{\"@type\":\"ListItem\",\"position\":2,\"name\":\"Din\u00e1mico\",\"item\":\"https:\/\/v2charge.com\/ca\/support\/power-control\/dynamic\/\"},{\"@type\":\"ListItem\",\"position\":3,\"name\":\"Connexi\u00f3 Kostal KSEM amb Trydan\"}]},{\"@type\":\"WebSite\",\"@id\":\"https:\/\/v2charge.com\/ca\/#website\",\"url\":\"https:\/\/v2charge.com\/ca\/\",\"name\":\"V2C\",\"description\":\"#CargandoElMa\u00f1ana\",\"publisher\":{\"@id\":\"https:\/\/v2charge.com\/ca\/#organization\"},\"potentialAction\":[{\"@type\":\"SearchAction\",\"target\":{\"@type\":\"EntryPoint\",\"urlTemplate\":\"https:\/\/v2charge.com\/ca\/?s={search_term_string}\"},\"query-input\":{\"@type\":\"PropertyValueSpecification\",\"valueRequired\":true,\"valueName\":\"search_term_string\"}}],\"inLanguage\":\"ca\"},{\"@type\":\"Organization\",\"@id\":\"https:\/\/v2charge.com\/ca\/#organization\",\"name\":\"V2C\",\"url\":\"https:\/\/v2charge.com\/ca\/\",\"logo\":{\"@type\":\"ImageObject\",\"inLanguage\":\"ca\",\"@id\":\"https:\/\/v2charge.com\/ca\/#\/schema\/logo\/image\/\",\"url\":\"https:\/\/v2charge.com\/wp-content\/uploads\/2024\/11\/cropped-v2c-charge-logo-menu.png\",\"contentUrl\":\"https:\/\/v2charge.com\/wp-content\/uploads\/2024\/11\/cropped-v2c-charge-logo-menu.png\",\"width\":984,\"height\":431,\"caption\":\"V2C\"},\"image\":{\"@id\":\"https:\/\/v2charge.com\/ca\/#\/schema\/logo\/image\/\"},\"sameAs\":[\"https:\/\/www.facebook.com\/V2C.Charge\",\"https:\/\/x.com\/V2C_Charge\",\"https:\/\/www.instagram.com\/v2c.charge\/\",\"https:\/\/www.youtube.com\/@V2C\",\"https:\/\/www.linkedin.com\/company\/v2c-chargers\/\"]}]}<\/script>\n<!-- \/ Yoast SEO plugin. -->","yoast_head_json":{"title":"Connexi\u00f3 Kostal KSEM amb Trydan | V2C","description":"Els inversors Kostal es poden connectar a Trydan directament a trav\u00e9s del comptador d'energia KSEM (Kostal Smart Energy Meter) utilitzant la comunicaci\u00f3 Modbus TCP.","robots":{"index":"index","follow":"follow","max-snippet":"max-snippet:-1","max-image-preview":"max-image-preview:large","max-video-preview":"max-video-preview:-1"},"canonical":"https:\/\/v2charge.com\/ca\/kostal-ksem-connection-with-trydan\/","og_locale":"ca_ES","og_type":"article","og_title":"Connexi\u00f3 Kostal KSEM amb Trydan | V2C","og_description":"Els inversors Kostal es poden connectar a Trydan directament a trav\u00e9s del comptador d'energia KSEM (Kostal Smart Energy Meter) utilitzant la comunicaci\u00f3 Modbus TCP.","og_url":"https:\/\/v2charge.com\/ca\/kostal-ksem-connection-with-trydan\/","og_site_name":"V2C","article_publisher":"https:\/\/www.facebook.com\/V2C.Charge","article_modified_time":"2025-07-18T12:16:06+00:00","og_image":[{"url":"https:\/\/v2charge.com\/wp-content\/uploads\/2023\/12\/kostal-logo.png","type":"","width":"","height":""}],"twitter_card":"summary_large_image","twitter_site":"@V2C_Charge","twitter_misc":{"Temps estimat de lectura":"2 minuts"},"schema":{"@context":"https:\/\/schema.org","@graph":[{"@type":"WebPage","@id":"https:\/\/v2charge.com\/ca\/area-de-suport\/control-de-potencia\/control-dinamic-de-potencia\/connexio-kostal-ksem-amb-trydan\/","url":"https:\/\/v2charge.com\/ca\/kostal-ksem-connection-with-trydan\/","name":"Connexi\u00f3 Kostal KSEM amb Trydan | V2C","isPartOf":{"@id":"https:\/\/v2charge.com\/ca\/#website"},"primaryImageOfPage":{"@id":"https:\/\/v2charge.com\/ca\/kostal-ksem-connection-with-trydan\/#primaryimage"},"image":{"@id":"https:\/\/v2charge.com\/ca\/kostal-ksem-connection-with-trydan\/#primaryimage"},"thumbnailUrl":"https:\/\/v2charge.com\/wp-content\/uploads\/2023\/12\/kostal-logo.png","datePublished":"2023-02-01T09:47:32+00:00","dateModified":"2025-07-18T12:16:06+00:00","description":"Els inversors Kostal es poden connectar a Trydan directament a trav\u00e9s del comptador d'energia KSEM (Kostal Smart Energy Meter) utilitzant la comunicaci\u00f3 Modbus TCP.","breadcrumb":{"@id":"https:\/\/v2charge.com\/ca\/kostal-ksem-connection-with-trydan\/#breadcrumb"},"inLanguage":"ca","potentialAction":[{"@type":"ReadAction","target":["https:\/\/v2charge.com\/ca\/kostal-ksem-connection-with-trydan\/"]}]},{"@type":"ImageObject","inLanguage":"ca","@id":"https:\/\/v2charge.com\/ca\/kostal-ksem-connection-with-trydan\/#primaryimage","url":"https:\/\/v2charge.com\/wp-content\/uploads\/2023\/12\/kostal-logo.png","contentUrl":"https:\/\/v2charge.com\/wp-content\/uploads\/2023\/12\/kostal-logo.png"},{"@type":"BreadcrumbList","@id":"https:\/\/v2charge.com\/ca\/kostal-ksem-connection-with-trydan\/#breadcrumb","itemListElement":[{"@type":"ListItem","position":1,"name":"V2C","item":"https:\/\/v2charge.com\/ca\/"},{"@type":"ListItem","position":2,"name":"Din\u00e1mico","item":"https:\/\/v2charge.com\/ca\/support\/power-control\/dynamic\/"},{"@type":"ListItem","position":3,"name":"Connexi\u00f3 Kostal KSEM amb Trydan"}]},{"@type":"WebSite","@id":"https:\/\/v2charge.com\/ca\/#website","url":"https:\/\/v2charge.com\/ca\/","name":"V2C","description":"#CargandoElMa\u00f1ana","publisher":{"@id":"https:\/\/v2charge.com\/ca\/#organization"},"potentialAction":[{"@type":"SearchAction","target":{"@type":"EntryPoint","urlTemplate":"https:\/\/v2charge.com\/ca\/?s={search_term_string}"},"query-input":{"@type":"PropertyValueSpecification","valueRequired":true,"valueName":"search_term_string"}}],"inLanguage":"ca"},{"@type":"Organization","@id":"https:\/\/v2charge.com\/ca\/#organization","name":"V2C","url":"https:\/\/v2charge.com\/ca\/","logo":{"@type":"ImageObject","inLanguage":"ca","@id":"https:\/\/v2charge.com\/ca\/#\/schema\/logo\/image\/","url":"https:\/\/v2charge.com\/wp-content\/uploads\/2024\/11\/cropped-v2c-charge-logo-menu.png","contentUrl":"https:\/\/v2charge.com\/wp-content\/uploads\/2024\/11\/cropped-v2c-charge-logo-menu.png","width":984,"height":431,"caption":"V2C"},"image":{"@id":"https:\/\/v2charge.com\/ca\/#\/schema\/logo\/image\/"},"sameAs":["https:\/\/www.facebook.com\/V2C.Charge","https:\/\/x.com\/V2C_Charge","https:\/\/www.instagram.com\/v2c.charge\/","https:\/\/www.youtube.com\/@V2C","https:\/\/www.linkedin.com\/company\/v2c-chargers\/"]}]}},"uagb_featured_image_src":{"full":false,"thumbnail":false,"medium":false,"medium_large":false,"large":false,"gs-tiny":false,"xl":false,"xxl":false,"xxxl":false,"xxxxl":false,"xxxxxl":false,"1536x1536":false,"2048x2048":false},"uagb_author_info":{"display_name":"V2C","author_link":"https:\/\/v2charge.com\/ca\/author\/root_k4eu7ki8\/"},"uagb_comment_info":0,"uagb_excerpt":"Connexi\u00f3 del Kostal KSEM amb Trydan Els inversors Kostal es poden connectar a Trydan directament a trav\u00e9s del comptador d&#8217;energia KSEM (Kostal Smart Energy Meter) mitjan\u00e7ant comunicaci\u00f3 Modbus TCP. L&#8217;\u00fas de repetidors Wi-Fi o xarxes mesh pot afectar el funcionament adequat del sistema. Recomanem utilitzar una xarxa Wi-Fi estable i directa per assegurar una connexi\u00f3&hellip;","_links":{"self":[{"href":"https:\/\/v2charge.com\/ca\/wp-json\/wp\/v2\/pages\/310191","targetHints":{"allow":["GET"]}}],"collection":[{"href":"https:\/\/v2charge.com\/ca\/wp-json\/wp\/v2\/pages"}],"about":[{"href":"https:\/\/v2charge.com\/ca\/wp-json\/wp\/v2\/types\/page"}],"author":[{"embeddable":true,"href":"https:\/\/v2charge.com\/ca\/wp-json\/wp\/v2\/users\/1"}],"replies":[{"embeddable":true,"href":"https:\/\/v2charge.com\/ca\/wp-json\/wp\/v2\/comments?post=310191"}],"version-history":[{"count":0,"href":"https:\/\/v2charge.com\/ca\/wp-json\/wp\/v2\/pages\/310191\/revisions"}],"up":[{"embeddable":true,"href":"https:\/\/v2charge.com\/ca\/wp-json\/wp\/v2\/pages\/309971"}],"wp:attachment":[{"href":"https:\/\/v2charge.com\/ca\/wp-json\/wp\/v2\/media?parent=310191"}],"curies":[{"name":"wp","href":"https:\/\/api.w.org\/{rel}","templated":true}]}}