{"id":310196,"date":"2023-03-24T16:56:23","date_gmt":"2023-03-24T16:56:23","guid":{"rendered":""},"modified":"2025-07-18T14:50:49","modified_gmt":"2025-07-18T12:50:49","slug":"inversor-sma-trydan","status":"publish","type":"page","link":"https:\/\/v2charge.com\/ca\/area-de-suport\/control-de-potencia\/control-dinamic-de-potencia\/integracio-fotovoltaica\/inversor-sma-trydan\/","title":{"rendered":"Connectant l&#8217;inversor SMA Sunny Boy a Trydan"},"content":{"rendered":"\n<div class=\"wp-block-uagb-container uagb-block-fe221d78 alignfull uagb-is-root-container\"><div class=\"uagb-container-inner-blocks-wrap\"><div class=\"yoast-breadcrumbs\"><span><span><a href=\"https:\/\/v2charge.com\/ca\/\">V2C<\/a><\/span> \u00bb <span><a href=\"https:\/\/v2charge.com\/ca\/support\/power-control\/dynamic\/\">Din\u00e1mico<\/a><\/span> \u00bb <span><a href=\"https:\/\/v2charge.com\/ca\/support\/power-control\/dynamic\/photovoltaic\/\">Fotovoltaica<\/a><\/span> \u00bb <span class=\"breadcrumb_last\" aria-current=\"page\">Connectant l&#8217;inversor SMA Sunny Boy a Trydan<\/span><\/span><\/div>\n\n<h1 class=\"wp-block-heading\">Connexi\u00f3 de l&#8217;Inversor SMA Sunny Boy amb Trydan<\/h1>\n\n\n<div class=\"wp-block-uagb-container uagb-block-7ccd2e9b alignfull uagb-is-root-container\"><div class=\"uagb-container-inner-blocks-wrap\">\n<div class=\"wp-block-uagb-container uagb-block-b67aa1cf\">\n<div class=\"wp-block-uagb-image uagb-block-b8ec2710 wp-block-uagb-image--layout-default wp-block-uagb-image--effect-static wp-block-uagb-image--align-none\"><figure class=\"wp-block-uagb-image__figure\"><img decoding=\"async\" srcset=\"https:\/\/v2charge.com\/wp-content\/uploads\/2023\/12\/sma-logo.png ,https:\/\/v2charge.com\/wp-content\/uploads\/2023\/12\/sma-logo.png 780w, https:\/\/v2charge.com\/wp-content\/uploads\/2023\/12\/sma-logo.png 360w\" sizes=\"auto, (max-width: 480px) 150px\" src=\"https:\/\/v2charge.com\/wp-content\/uploads\/2023\/12\/sma-logo.png\" alt=\"\" class=\"uag-image-129057\" width=\"250\" height=\"164\" title=\"\" loading=\"lazy\" role=\"img\"\/><\/figure><\/div>\n<\/div>\n\n\n\n<div class=\"wp-block-uagb-container uagb-block-bb5c168e\"><p>Si teniu un <strong>SMA Sunny Boy<\/strong> inversor, podeu connectar-lo al punt de c\u00e0rrega Trydan per maximitzar l&#8217;\u00fas de l&#8217;energia solar de la vostra instal\u00b7laci\u00f3.<\/p><\/div>\n<\/div><\/div>\n\n\n\n<div class=\"wp-block-uagb-container uagb-block-333fb119 alignfull uagb-is-root-container\"><div class=\"uagb-container-inner-blocks-wrap\">\n<div class=\"wp-block-uagb-container uagb-block-2ff110d0 default uagb-is-root-container\">\n<div class=\"wp-block-uagb-container uagb-block-cd442c87\">\n<div class=\"wp-block-uagb-image aligncenter uagb-block-4bb46c59 wp-block-uagb-image--layout-default wp-block-uagb-image--effect-static wp-block-uagb-image--align-center\"><figure class=\"wp-block-uagb-image__figure\"><img decoding=\"async\" srcset=\"https:\/\/v2charge.com\/wp-content\/uploads\/2023\/11\/icon-important.png ,https:\/\/v2charge.com\/wp-content\/uploads\/2023\/11\/icon-important.png 780w, https:\/\/v2charge.com\/wp-content\/uploads\/2023\/11\/icon-important.png 360w\" sizes=\"auto, (max-width: 480px) 150px\" src=\"https:\/\/v2charge.com\/wp-content\/uploads\/2023\/11\/icon-important.png\" alt=\"\" class=\"uag-image-125013\" width=\"50\" height=\"50\" title=\"\" loading=\"lazy\" role=\"img\"\/><\/figure><\/div>\n<\/div>\n\n\n\n<div class=\"wp-block-uagb-container uagb-block-38de7166\"><div class=\"wp-block-uagb-advanced-heading uagb-block-37ab01f0\"><p class=\"uagb-heading-text\">L&#8217;\u00fas de <strong>repetidors Wi-Fi<\/strong> o <strong>xarxes mesh<\/strong> pot afectar el funcionament adequat del sistema. Recomanem utilitzar una xarxa <strong>Wi-Fi<\/strong> <strong>estable<\/strong> i <strong>directa<\/strong> per assegurar una connexi\u00f3 \u00f2ptima entre el carregador i l&#8217;inversor.<\/p><\/div><\/div>\n<\/div>\n\n\n\n<div style=\"height:5px\" aria-hidden=\"true\" class=\"wp-block-spacer\"><\/div>\n<\/div><\/div>\n\n\n\n<div class=\"wp-block-uagb-separator uagb-block-5fd34e2f\"><div class=\"wp-block-uagb-separator__inner\" style=\"--my-background-image:\"><\/div><\/div>\n\n\n<h2 class=\"wp-block-heading\">Passos per establir la connexi\u00f3<\/h2>\n\n<h3 class=\"wp-block-heading\">Activa el MODBUS TCP al teu inversor.<\/h3>\n\n\n<hr class=\"wp-block-separator has-alpha-channel-opacity\"\/>\n\n\n<div class=\"wp-block-uagb-info-box uagb-block-7dc4dcde uagb-infobox__content-wrap  uagb-infobox-icon-left uagb-infobox-left uagb-infobox-stacked-tablet uagb-infobox-image-valign-top\"><div class=\"uagb-ifb-image-content\"><img decoding=\"async\" src=\"https:\/\/v2charge.com\/wp-content\/uploads\/2023\/11\/numero-uno.png\" alt=\"\" width=\"48\" height=\"48\" loading=\"lazy\"\/><\/div><div class=\"uagb-ifb-content\"><div class=\"uagb-ifb-title-wrap\"><\/div><p class=\"uagb-ifb-desc\">Connecta&#8217;t a l&#8217;adre\u00e7a IP de l&#8217;inversor introduint la IP en un dispositiu connectat a la mateixa xarxa local, accedint a la interf\u00edcie SMA Sunny Boy. Apr\u00e8n <a href=\"https:\/\/v2charge.com\/ca\/trobar-ip-xarxa-local\/\">com trobar la IP dels dispositius connectats a la teva xarxa<\/a>.<\/p><\/div><\/div>\n\n\n<div class=\"wp-block-uagb-image aligncenter uagb-block-a1d26b2e wp-block-uagb-image--layout-default wp-block-uagb-image--effect-static wp-block-uagb-image--align-center\"><figure class=\"wp-block-uagb-image__figure\"><img decoding=\"async\" srcset=\"https:\/\/v2charge.com\/wp-content\/uploads\/2023\/12\/sunny-boy-ip.jpg ,https:\/\/v2charge.com\/wp-content\/uploads\/2023\/12\/sunny-boy-ip.jpg 780w, https:\/\/v2charge.com\/wp-content\/uploads\/2023\/12\/sunny-boy-ip.jpg 360w\" sizes=\"auto, (max-width: 480px) 150px\" src=\"https:\/\/v2charge.com\/wp-content\/uploads\/2023\/12\/sunny-boy-ip.jpg\" alt=\"\" class=\"uag-image-129066\" width=\"732\" height=\"295\" title=\"\" loading=\"lazy\" role=\"img\"\/><\/figure><\/div>\n\n\n<div class=\"wp-block-uagb-info-box uagb-block-b74fc743 uagb-infobox__content-wrap  uagb-infobox-icon-left uagb-infobox-left uagb-infobox-stacked-tablet uagb-infobox-image-valign-top\"><div class=\"uagb-ifb-image-content\"><img decoding=\"async\" src=\"https:\/\/v2charge.com\/wp-content\/uploads\/2023\/11\/numero-dos.png\" alt=\"\" width=\"48\" height=\"48\" loading=\"lazy\"\/><\/div><div class=\"uagb-ifb-content\"><div class=\"uagb-ifb-title-wrap\"><\/div><p class=\"uagb-ifb-desc\">La contrasenya es proporciona amb el producte en el moment de la compra. Si no est\u00e0 disponible, contacta amb el teu instal\u00b7ladors o tr liga a SMA al <a href=\"tel:935635099\">93 563 50 99<\/a>.<\/p><\/div><\/div>\n\n<div class=\"wp-block-uagb-info-box uagb-block-05ba8063 uagb-infobox__content-wrap  uagb-infobox-icon-left uagb-infobox-left uagb-infobox-stacked-tablet uagb-infobox-image-valign-top\"><div class=\"uagb-ifb-image-content\"><img decoding=\"async\" src=\"https:\/\/v2charge.com\/wp-content\/uploads\/2023\/11\/numero-tres.png\" alt=\"\" width=\"48\" height=\"48\" loading=\"lazy\"\/><\/div><div class=\"uagb-ifb-content\"><div class=\"uagb-ifb-title-wrap\"><\/div><p class=\"uagb-ifb-desc\">A continuaci\u00f3, selecciona l&#8217;inversor SMA que desitges configurar a l&#8217;arbre de la planta.<\/p><\/div><\/div>\n\n<div class=\"wp-block-uagb-info-box uagb-block-f515a8b1 uagb-infobox__content-wrap  uagb-infobox-icon-left uagb-infobox-left uagb-infobox-stacked-tablet uagb-infobox-image-valign-top\"><div class=\"uagb-ifb-image-content\"><img decoding=\"async\" src=\"https:\/\/v2charge.com\/wp-content\/uploads\/2023\/11\/numero-cuatro.png\" alt=\"\" width=\"48\" height=\"48\" loading=\"lazy\"\/><\/div><div class=\"uagb-ifb-content\"><div class=\"uagb-ifb-title-wrap\"><\/div><p class=\"uagb-ifb-desc\">V\u00e9s a la pestanya <em>Configuraci\u00f3<\/em> i selecciona el grup de par\u00e0metres <em>Comunicaci\u00f3 Externa<\/em>. Fes clic a <em>Editar<\/em> i despr\u00e9s <em>habilita el servidor TCP sota el grup Modbus<\/em> \u2013 grup Servidor TCP (Habilitat \u2013 S\u00ed).<\/p><\/div><\/div>\n\n<h3 class=\"wp-block-heading\">Emparellament del Punt de C\u00e0rrega Trydan amb l&#8217;Inversor SMA Sunny Boy<\/h3>\n\n\n<hr class=\"wp-block-separator has-alpha-channel-opacity\"\/>\n\n\n\n<div class=\"wp-block-uagb-container uagb-block-e1ccf0ef alignfull uagb-is-root-container\"><div class=\"uagb-container-inner-blocks-wrap\">\n<div class=\"wp-block-uagb-container uagb-block-f312fe50\"><p>Obriu l&#8217;aplicaci\u00f3 V2C Cloud, seleccioneu el punt de c\u00e0rrega i aneu a la secci\u00f3 <strong>Configuraci\u00f3<\/strong>.<br><br>En Control Din\u00e0mic de Pot\u00e8ncia, seleccioneu l&#8217;inversor SMA Sunny.<\/p><\/div>\n\n\n\n<div class=\"wp-block-uagb-container uagb-block-d4e5e05c\">\n<div class=\"wp-block-uagb-image aligncenter uagb-block-62fb1510 wp-block-uagb-image--layout-default wp-block-uagb-image--effect-static wp-block-uagb-image--align-center\"><figure class=\"wp-block-uagb-image__figure\"><img decoding=\"async\" srcset=\"https:\/\/v2charge.com\/wp-content\/uploads\/2024\/01\/sma-inversor.jpg ,https:\/\/v2charge.com\/wp-content\/uploads\/2024\/01\/sma-inversor.jpg 780w, https:\/\/v2charge.com\/wp-content\/uploads\/2024\/01\/sma-inversor.jpg 360w\" sizes=\"auto, (max-width: 480px) 150px\" src=\"https:\/\/v2charge.com\/wp-content\/uploads\/2024\/01\/sma-inversor.jpg\" alt=\"\" class=\"uag-image-133283\" width=\"400\" height=\"684\" title=\"\" loading=\"lazy\" role=\"img\"\/><\/figure><\/div>\n<\/div>\n<\/div><\/div>\n<\/div><\/div>\n\n\n\n<div style=\"height:60px\" aria-hidden=\"true\" class=\"wp-block-spacer\"><\/div>\n\n\n\n<div class=\"wp-block-uagb-container uagb-block-726fb046 alignfull uagb-is-root-container\"><div class=\"uagb-container-inner-blocks-wrap\"><div class=\"wp-block-uagb-advanced-heading uagb-block-231bfedd\"><h2 class=\"uagb-heading-text\"><strong>Necessites suport t\u00e8cnic?<\/strong><\/h2><\/div>\n\n<div class=\"wp-block-uagb-advanced-heading uagb-block-95d39efb\"><p class=\"uagb-heading-text\">Genera una sol\u00b7licitud al Centre de Suport T\u00e8cnic i ens posarem en contacte amb tu tan aviat com sigui possible per oferir-te la millor soluci\u00f3.<\/p><\/div>\n\n\n<div class=\"wp-block-uagb-buttons uagb-buttons__outer-wrap uagb-btn__default-btn uagb-btn-tablet__default-btn uagb-btn-mobile__default-btn uagb-block-a05012ca\"><div class=\"uagb-buttons__wrap uagb-buttons-layout-wrap \"><div class=\"wp-block-uagb-buttons-child uagb-buttons__outer-wrap uagb-block-ee41b68e wp-block-button\"><div class=\"uagb-button__wrapper\"><a class=\"uagb-buttons-repeater wp-block-button__link\" aria-label=\"\" href=\"https:\/\/v2charge.atlassian.net\/servicedesk\/customer\/portal\/3\" rel=\"follow noopener\" target=\"_self\" role=\"button\"><div class=\"uagb-button__link\">Contacta amb el Suport T\u00e8cnic<\/div><\/a><\/div><\/div><\/div><\/div>\n<\/div><\/div>\n","protected":false},"excerpt":{"rendered":"<p>Connexi\u00f3 de l&#8217;Inversor SMA Sunny Boy amb Trydan Si teniu un SMA Sunny Boy inversor, podeu connectar-lo al punt de c\u00e0rrega Trydan per maximitzar l&#8217;\u00fas de l&#8217;energia solar de la vostra instal\u00b7laci\u00f3. L&#8217;\u00fas de repetidors Wi-Fi o xarxes mesh pot afectar el funcionament adequat del sistema. Recomanem utilitzar una xarxa Wi-Fi estable i directa per &#8230; <a title=\"Connectant l&#8217;inversor SMA Sunny Boy a Trydan\" class=\"read-more\" href=\"https:\/\/v2charge.com\/ca\/area-de-suport\/control-de-potencia\/control-dinamic-de-potencia\/integracio-fotovoltaica\/inversor-sma-trydan\/\" aria-label=\"Read more about Connectant l&#8217;inversor SMA Sunny Boy a Trydan\">Read more<\/a><\/p>\n","protected":false},"author":1,"featured_media":0,"parent":310036,"menu_order":0,"comment_status":"closed","ping_status":"closed","template":"","meta":{"_eb_attr":"","content-type":"","_uag_custom_page_level_css":"","footnotes":""},"class_list":["post-310196","page","type-page","status-publish"],"yoast_head":"<!-- This site is optimized with the Yoast SEO plugin v25.3.1 - https:\/\/yoast.com\/wordpress\/plugins\/seo\/ -->\n<title>Connexi\u00f3 de l&#039;Inversor SMA Sunny Boy amb Trydan | Suport V2C<\/title>\n<meta name=\"description\" content=\"Connecta el teu inversor SMA Sunny Boy amb el punt de c\u00e0rrega Trydan per aprofitar l&#039;energia solar de la teva instal\u00b7laci\u00f3.\" \/>\n<meta name=\"robots\" content=\"index, follow, max-snippet:-1, max-image-preview:large, max-video-preview:-1\" \/>\n<link rel=\"canonical\" href=\"https:\/\/v2charge.com\/ca\/area-de-suport\/control-de-potencia\/control-dinamic-de-potencia\/integracio-fotovoltaica\/inversor-sma-trydan\/\" \/>\n<meta property=\"og:locale\" content=\"ca_ES\" \/>\n<meta property=\"og:type\" content=\"article\" \/>\n<meta property=\"og:title\" content=\"Connexi\u00f3 de l&#039;Inversor SMA Sunny Boy amb Trydan | Suport V2C\" \/>\n<meta property=\"og:description\" content=\"Connecta el teu inversor SMA Sunny Boy amb el punt de c\u00e0rrega Trydan per aprofitar l&#039;energia solar de la teva instal\u00b7laci\u00f3.\" \/>\n<meta property=\"og:url\" content=\"https:\/\/v2charge.com\/ca\/area-de-suport\/control-de-potencia\/control-dinamic-de-potencia\/integracio-fotovoltaica\/inversor-sma-trydan\/\" \/>\n<meta property=\"og:site_name\" content=\"V2C\" \/>\n<meta property=\"article:publisher\" content=\"https:\/\/www.facebook.com\/V2C.Charge\" \/>\n<meta property=\"article:modified_time\" content=\"2025-07-18T12:50:49+00:00\" \/>\n<meta property=\"og:image\" content=\"https:\/\/v2charge.com\/wp-content\/uploads\/2023\/12\/sma-logo.png\" \/>\n<meta name=\"twitter:card\" content=\"summary_large_image\" \/>\n<meta name=\"twitter:site\" content=\"@V2C_Charge\" \/>\n<meta name=\"twitter:label1\" content=\"Est. reading time\" \/>\n\t<meta name=\"twitter:data1\" content=\"3 minuts\" \/>\n<script type=\"application\/ld+json\" class=\"yoast-schema-graph\">{\"@context\":\"https:\/\/schema.org\",\"@graph\":[{\"@type\":\"WebPage\",\"@id\":\"https:\/\/v2charge.com\/ca\/area-de-suport\/control-de-potencia\/control-dinamic-de-potencia\/integracio-fotovoltaica\/inversor-sma-trydan\/\",\"url\":\"https:\/\/v2charge.com\/ca\/area-de-suport\/control-de-potencia\/control-dinamic-de-potencia\/integracio-fotovoltaica\/inversor-sma-trydan\/\",\"name\":\"Connexi\u00f3 de l'Inversor SMA Sunny Boy amb Trydan | Suport V2C\",\"isPartOf\":{\"@id\":\"https:\/\/v2charge.com\/ca\/#website\"},\"primaryImageOfPage\":{\"@id\":\"https:\/\/v2charge.com\/ca\/area-de-suport\/control-de-potencia\/control-dinamic-de-potencia\/integracio-fotovoltaica\/inversor-sma-trydan\/#primaryimage\"},\"image\":{\"@id\":\"https:\/\/v2charge.com\/ca\/area-de-suport\/control-de-potencia\/control-dinamic-de-potencia\/integracio-fotovoltaica\/inversor-sma-trydan\/#primaryimage\"},\"thumbnailUrl\":\"https:\/\/v2charge.com\/wp-content\/uploads\/2023\/12\/sma-logo.png\",\"datePublished\":\"2023-03-24T16:56:23+00:00\",\"dateModified\":\"2025-07-18T12:50:49+00:00\",\"description\":\"Connecta el teu inversor SMA Sunny Boy amb el punt de c\u00e0rrega Trydan per aprofitar l'energia solar de la teva instal\u00b7laci\u00f3.\",\"breadcrumb\":{\"@id\":\"https:\/\/v2charge.com\/ca\/area-de-suport\/control-de-potencia\/control-dinamic-de-potencia\/integracio-fotovoltaica\/inversor-sma-trydan\/#breadcrumb\"},\"inLanguage\":\"ca\",\"potentialAction\":[{\"@type\":\"ReadAction\",\"target\":[\"https:\/\/v2charge.com\/ca\/area-de-suport\/control-de-potencia\/control-dinamic-de-potencia\/integracio-fotovoltaica\/inversor-sma-trydan\/\"]}]},{\"@type\":\"ImageObject\",\"inLanguage\":\"ca\",\"@id\":\"https:\/\/v2charge.com\/ca\/area-de-suport\/control-de-potencia\/control-dinamic-de-potencia\/integracio-fotovoltaica\/inversor-sma-trydan\/#primaryimage\",\"url\":\"https:\/\/v2charge.com\/wp-content\/uploads\/2023\/12\/sma-logo.png\",\"contentUrl\":\"https:\/\/v2charge.com\/wp-content\/uploads\/2023\/12\/sma-logo.png\"},{\"@type\":\"BreadcrumbList\",\"@id\":\"https:\/\/v2charge.com\/ca\/area-de-suport\/control-de-potencia\/control-dinamic-de-potencia\/integracio-fotovoltaica\/inversor-sma-trydan\/#breadcrumb\",\"itemListElement\":[{\"@type\":\"ListItem\",\"position\":1,\"name\":\"V2C\",\"item\":\"https:\/\/v2charge.com\/ca\/\"},{\"@type\":\"ListItem\",\"position\":2,\"name\":\"Din\u00e1mico\",\"item\":\"https:\/\/v2charge.com\/ca\/support\/power-control\/dynamic\/\"},{\"@type\":\"ListItem\",\"position\":3,\"name\":\"Fotovoltaica\",\"item\":\"https:\/\/v2charge.com\/ca\/support\/power-control\/dynamic\/photovoltaic\/\"},{\"@type\":\"ListItem\",\"position\":4,\"name\":\"Connectant l&#8217;inversor SMA Sunny Boy a Trydan\"}]},{\"@type\":\"WebSite\",\"@id\":\"https:\/\/v2charge.com\/ca\/#website\",\"url\":\"https:\/\/v2charge.com\/ca\/\",\"name\":\"V2C\",\"description\":\"#CargandoElMa\u00f1ana\",\"publisher\":{\"@id\":\"https:\/\/v2charge.com\/ca\/#organization\"},\"potentialAction\":[{\"@type\":\"SearchAction\",\"target\":{\"@type\":\"EntryPoint\",\"urlTemplate\":\"https:\/\/v2charge.com\/ca\/?s={search_term_string}\"},\"query-input\":{\"@type\":\"PropertyValueSpecification\",\"valueRequired\":true,\"valueName\":\"search_term_string\"}}],\"inLanguage\":\"ca\"},{\"@type\":\"Organization\",\"@id\":\"https:\/\/v2charge.com\/ca\/#organization\",\"name\":\"V2C\",\"url\":\"https:\/\/v2charge.com\/ca\/\",\"logo\":{\"@type\":\"ImageObject\",\"inLanguage\":\"ca\",\"@id\":\"https:\/\/v2charge.com\/ca\/#\/schema\/logo\/image\/\",\"url\":\"https:\/\/v2charge.com\/wp-content\/uploads\/2024\/11\/cropped-v2c-charge-logo-menu.png\",\"contentUrl\":\"https:\/\/v2charge.com\/wp-content\/uploads\/2024\/11\/cropped-v2c-charge-logo-menu.png\",\"width\":984,\"height\":431,\"caption\":\"V2C\"},\"image\":{\"@id\":\"https:\/\/v2charge.com\/ca\/#\/schema\/logo\/image\/\"},\"sameAs\":[\"https:\/\/www.facebook.com\/V2C.Charge\",\"https:\/\/x.com\/V2C_Charge\",\"https:\/\/www.instagram.com\/v2c.charge\/\",\"https:\/\/www.youtube.com\/@V2C\",\"https:\/\/www.linkedin.com\/company\/v2c-chargers\/\"]}]}<\/script>\n<!-- \/ Yoast SEO plugin. -->","yoast_head_json":{"title":"Connexi\u00f3 de l'Inversor SMA Sunny Boy amb Trydan | Suport V2C","description":"Connecta el teu inversor SMA Sunny Boy amb el punt de c\u00e0rrega Trydan per aprofitar l'energia solar de la teva instal\u00b7laci\u00f3.","robots":{"index":"index","follow":"follow","max-snippet":"max-snippet:-1","max-image-preview":"max-image-preview:large","max-video-preview":"max-video-preview:-1"},"canonical":"https:\/\/v2charge.com\/ca\/area-de-suport\/control-de-potencia\/control-dinamic-de-potencia\/integracio-fotovoltaica\/inversor-sma-trydan\/","og_locale":"ca_ES","og_type":"article","og_title":"Connexi\u00f3 de l'Inversor SMA Sunny Boy amb Trydan | Suport V2C","og_description":"Connecta el teu inversor SMA Sunny Boy amb el punt de c\u00e0rrega Trydan per aprofitar l'energia solar de la teva instal\u00b7laci\u00f3.","og_url":"https:\/\/v2charge.com\/ca\/area-de-suport\/control-de-potencia\/control-dinamic-de-potencia\/integracio-fotovoltaica\/inversor-sma-trydan\/","og_site_name":"V2C","article_publisher":"https:\/\/www.facebook.com\/V2C.Charge","article_modified_time":"2025-07-18T12:50:49+00:00","og_image":[{"url":"https:\/\/v2charge.com\/wp-content\/uploads\/2023\/12\/sma-logo.png","type":"","width":"","height":""}],"twitter_card":"summary_large_image","twitter_site":"@V2C_Charge","twitter_misc":{"Est. reading time":"3 minuts"},"schema":{"@context":"https:\/\/schema.org","@graph":[{"@type":"WebPage","@id":"https:\/\/v2charge.com\/ca\/area-de-suport\/control-de-potencia\/control-dinamic-de-potencia\/integracio-fotovoltaica\/inversor-sma-trydan\/","url":"https:\/\/v2charge.com\/ca\/area-de-suport\/control-de-potencia\/control-dinamic-de-potencia\/integracio-fotovoltaica\/inversor-sma-trydan\/","name":"Connexi\u00f3 de l'Inversor SMA Sunny Boy amb Trydan | Suport V2C","isPartOf":{"@id":"https:\/\/v2charge.com\/ca\/#website"},"primaryImageOfPage":{"@id":"https:\/\/v2charge.com\/ca\/area-de-suport\/control-de-potencia\/control-dinamic-de-potencia\/integracio-fotovoltaica\/inversor-sma-trydan\/#primaryimage"},"image":{"@id":"https:\/\/v2charge.com\/ca\/area-de-suport\/control-de-potencia\/control-dinamic-de-potencia\/integracio-fotovoltaica\/inversor-sma-trydan\/#primaryimage"},"thumbnailUrl":"https:\/\/v2charge.com\/wp-content\/uploads\/2023\/12\/sma-logo.png","datePublished":"2023-03-24T16:56:23+00:00","dateModified":"2025-07-18T12:50:49+00:00","description":"Connecta el teu inversor SMA Sunny Boy amb el punt de c\u00e0rrega Trydan per aprofitar l'energia solar de la teva instal\u00b7laci\u00f3.","breadcrumb":{"@id":"https:\/\/v2charge.com\/ca\/area-de-suport\/control-de-potencia\/control-dinamic-de-potencia\/integracio-fotovoltaica\/inversor-sma-trydan\/#breadcrumb"},"inLanguage":"ca","potentialAction":[{"@type":"ReadAction","target":["https:\/\/v2charge.com\/ca\/area-de-suport\/control-de-potencia\/control-dinamic-de-potencia\/integracio-fotovoltaica\/inversor-sma-trydan\/"]}]},{"@type":"ImageObject","inLanguage":"ca","@id":"https:\/\/v2charge.com\/ca\/area-de-suport\/control-de-potencia\/control-dinamic-de-potencia\/integracio-fotovoltaica\/inversor-sma-trydan\/#primaryimage","url":"https:\/\/v2charge.com\/wp-content\/uploads\/2023\/12\/sma-logo.png","contentUrl":"https:\/\/v2charge.com\/wp-content\/uploads\/2023\/12\/sma-logo.png"},{"@type":"BreadcrumbList","@id":"https:\/\/v2charge.com\/ca\/area-de-suport\/control-de-potencia\/control-dinamic-de-potencia\/integracio-fotovoltaica\/inversor-sma-trydan\/#breadcrumb","itemListElement":[{"@type":"ListItem","position":1,"name":"V2C","item":"https:\/\/v2charge.com\/ca\/"},{"@type":"ListItem","position":2,"name":"Din\u00e1mico","item":"https:\/\/v2charge.com\/ca\/support\/power-control\/dynamic\/"},{"@type":"ListItem","position":3,"name":"Fotovoltaica","item":"https:\/\/v2charge.com\/ca\/support\/power-control\/dynamic\/photovoltaic\/"},{"@type":"ListItem","position":4,"name":"Connectant l&#8217;inversor SMA Sunny Boy a Trydan"}]},{"@type":"WebSite","@id":"https:\/\/v2charge.com\/ca\/#website","url":"https:\/\/v2charge.com\/ca\/","name":"V2C","description":"#CargandoElMa\u00f1ana","publisher":{"@id":"https:\/\/v2charge.com\/ca\/#organization"},"potentialAction":[{"@type":"SearchAction","target":{"@type":"EntryPoint","urlTemplate":"https:\/\/v2charge.com\/ca\/?s={search_term_string}"},"query-input":{"@type":"PropertyValueSpecification","valueRequired":true,"valueName":"search_term_string"}}],"inLanguage":"ca"},{"@type":"Organization","@id":"https:\/\/v2charge.com\/ca\/#organization","name":"V2C","url":"https:\/\/v2charge.com\/ca\/","logo":{"@type":"ImageObject","inLanguage":"ca","@id":"https:\/\/v2charge.com\/ca\/#\/schema\/logo\/image\/","url":"https:\/\/v2charge.com\/wp-content\/uploads\/2024\/11\/cropped-v2c-charge-logo-menu.png","contentUrl":"https:\/\/v2charge.com\/wp-content\/uploads\/2024\/11\/cropped-v2c-charge-logo-menu.png","width":984,"height":431,"caption":"V2C"},"image":{"@id":"https:\/\/v2charge.com\/ca\/#\/schema\/logo\/image\/"},"sameAs":["https:\/\/www.facebook.com\/V2C.Charge","https:\/\/x.com\/V2C_Charge","https:\/\/www.instagram.com\/v2c.charge\/","https:\/\/www.youtube.com\/@V2C","https:\/\/www.linkedin.com\/company\/v2c-chargers\/"]}]}},"uagb_featured_image_src":{"full":false,"thumbnail":false,"medium":false,"medium_large":false,"large":false,"gs-tiny":false,"xl":false,"xxl":false,"xxxl":false,"xxxxl":false,"xxxxxl":false,"1536x1536":false,"2048x2048":false},"uagb_author_info":{"display_name":"V2C","author_link":"https:\/\/v2charge.com\/ca\/author\/root_k4eu7ki8\/"},"uagb_comment_info":0,"uagb_excerpt":"Connexi\u00f3 de l&#8217;Inversor SMA Sunny Boy amb Trydan Si teniu un SMA Sunny Boy inversor, podeu connectar-lo al punt de c\u00e0rrega Trydan per maximitzar l&#8217;\u00fas de l&#8217;energia solar de la vostra instal\u00b7laci\u00f3. L&#8217;\u00fas de repetidors Wi-Fi o xarxes mesh pot afectar el funcionament adequat del sistema. Recomanem utilitzar una xarxa Wi-Fi estable i directa per&hellip;","_links":{"self":[{"href":"https:\/\/v2charge.com\/ca\/wp-json\/wp\/v2\/pages\/310196","targetHints":{"allow":["GET"]}}],"collection":[{"href":"https:\/\/v2charge.com\/ca\/wp-json\/wp\/v2\/pages"}],"about":[{"href":"https:\/\/v2charge.com\/ca\/wp-json\/wp\/v2\/types\/page"}],"author":[{"embeddable":true,"href":"https:\/\/v2charge.com\/ca\/wp-json\/wp\/v2\/users\/1"}],"replies":[{"embeddable":true,"href":"https:\/\/v2charge.com\/ca\/wp-json\/wp\/v2\/comments?post=310196"}],"version-history":[{"count":0,"href":"https:\/\/v2charge.com\/ca\/wp-json\/wp\/v2\/pages\/310196\/revisions"}],"up":[{"embeddable":true,"href":"https:\/\/v2charge.com\/ca\/wp-json\/wp\/v2\/pages\/310036"}],"wp:attachment":[{"href":"https:\/\/v2charge.com\/ca\/wp-json\/wp\/v2\/media?parent=310196"}],"curies":[{"name":"wp","href":"https:\/\/api.w.org\/{rel}","templated":true}]}}