{"id":293785,"date":"2025-12-31T19:00:51","date_gmt":"2025-12-31T17:00:51","guid":{"rendered":"https:\/\/v2charge.com\/dynamicke-rizeni-vykonu\/"},"modified":"2025-12-31T19:00:51","modified_gmt":"2025-12-31T17:00:51","slug":"dynamicke-rizeni-vykonu","status":"publish","type":"page","link":"https:\/\/v2charge.com\/cs\/dynamicke-rizeni-vykonu\/","title":{"rendered":"Dynamick\u00e9 \u0159\u00edzen\u00ed v\u00fdkonu"},"content":{"rendered":"\n<div class=\"wp-block-uagb-container uagb-block-bd58cebc alignfull uagb-is-root-container\"><div class=\"uagb-container-inner-blocks-wrap\">\n<div class=\"wp-block-uagb-container uagb-block-7b418547\">\n<div class=\"wp-block-uagb-container uagb-block-8291aab2\">\n<div class=\"wp-block-uagb-advanced-heading uagb-block-34fa328c\"><h1 class=\"uagb-heading-text\">Dynamick\u00e9 \u0159\u00edzen\u00ed v\u00fdkonu<\/h1><\/div>\n\n\n\n<div class=\"wp-block-uagb-advanced-heading uagb-block-1abc2395\"><h2 class=\"uagb-heading-text\">P\u0159e\u010dt\u011bte si o v\u00fdhod\u00e1ch <strong>chytr\u00e9ho nab\u00edjen\u00ed<\/strong><\/h2><\/div>\n<\/div>\n\n\n\n<div class=\"wp-block-uagb-container uagb-block-3aa21f7c\"><\/div>\n<\/div>\n\n\n\n<div class=\"wp-block-uagb-container uagb-block-0ed6dfdd\">\n<div class=\"wp-block-uagb-container uagb-block-77bdb36b\">\n<div class=\"wp-block-uagb-image aligncenter uagb-block-e153a1d9 wp-block-uagb-image--layout-default wp-block-uagb-image--effect-static wp-block-uagb-image--align-center\"><figure class=\"wp-block-uagb-image__figure\"><img decoding=\"async\" srcset=\"https:\/\/v2charge.com\/wp-content\/uploads\/2021\/11\/grafica-control-dinamico-de-potencia-5.png\n \" sizes=\"auto, (max-width: 480px) 150px\" src=\"https:\/\/v2charge.com\/wp-content\/uploads\/2021\/11\/grafica-control-dinamico-de-potencia-5.png\" alt=\"\" class=\"uag-image-60214\" width=\"631\" height=\"392\" title=\"\" loading=\"lazy\" role=\"img\"><\/figure><\/div>\n<\/div>\n\n\n\n<div class=\"wp-block-uagb-container uagb-block-b681848b\">\n<p class=\"has-base-3-color has-text-color\">Dynamick\u00e1 regulace je inteligentn\u00ed senzor, kter\u00fd m\u011b\u0159\u00ed v\u00fdkon instalace, pot\u0159eby elektrick\u00fdch spot\u0159ebi\u010d\u016f v dom\u011b a elektromobilu a reguluje jejich vz\u00e1jemn\u00e9 nab\u00edjen\u00ed.<\/p>\n\n\n\n<p class=\"has-base-3-color has-text-color\">T\u00edmto zp\u016fsobem nen\u00ed nutn\u00e9 zvy\u0161ovat smluvn\u00ed v\u00fdkon pro nap\u00e1jen\u00ed v\u0161ech za\u0159\u00edzen\u00ed.&nbsp;<\/p>\n\n\n\n<p class=\"has-base-3-color has-text-color\"><strong><strong>Chytr\u00e9 nab\u00edjen\u00ed. \u017d\u00e1dn\u00e9 starosti. \u017d\u00e1dn\u00e9 v\u00fdpadky proudu.  <\/strong><\/strong><\/p>\n<\/div>\n<\/div>\n<\/div><\/div>\n\n\n\n<div class=\"wp-block-uagb-container uagb-block-bf0bb0e8 alignfull uagb-is-root-container\"><div class=\"uagb-container-inner-blocks-wrap\">\n<div class=\"wp-block-uagb-container uagb-block-601b3a85\">\n<div class=\"wp-block-uagb-container uagb-block-61d08f9f\">\n<div class=\"wp-block-uagb-image aligncenter uagb-block-dc4b1ae6 wp-block-uagb-image--layout-default wp-block-uagb-image--effect-static wp-block-uagb-image--align-center\"><figure class=\"wp-block-uagb-image__figure\"><img decoding=\"async\" srcset=\"https:\/\/v2charge.com\/wp-content\/uploads\/2023\/07\/seguridad-icono.png\n \" sizes=\"auto, (max-width: 480px) 150px\" src=\"https:\/\/v2charge.com\/wp-content\/uploads\/2023\/07\/seguridad-icono.png\" alt=\"\" class=\"uag-image-109348\" width=\"81\" height=\"95\" title=\"\" loading=\"lazy\" role=\"img\"><\/figure><\/div>\n\n\n\n<div class=\"wp-block-uagb-advanced-heading uagb-block-edfd7583\"><h2 class=\"uagb-heading-text\">Zabezpe\u010den\u00ed<\/h2><\/div>\n\n\n\n<div class=\"wp-block-uagb-advanced-heading uagb-block-b29ae060\"><p class=\"uagb-heading-text\">Samoregulace zabra\u0148uje p\u0159ep\u011bt\u00edm, kter\u00e1 zp\u016fsobuj\u00ed v\u00fdpadky proudu.<\/p><\/div>\n<\/div>\n\n\n\n<div class=\"wp-block-uagb-container uagb-block-93242c66\">\n<div class=\"wp-block-uagb-image aligncenter uagb-block-a0f9af05 wp-block-uagb-image--layout-default wp-block-uagb-image--effect-static wp-block-uagb-image--align-center\"><figure class=\"wp-block-uagb-image__figure\"><img decoding=\"async\" srcset=\"https:\/\/v2charge.com\/wp-content\/uploads\/2021\/11\/euroahorro-1.png\n \" sizes=\"auto, (max-width: 480px) 150px\" src=\"https:\/\/v2charge.com\/wp-content\/uploads\/2021\/11\/euroahorro-1.png\" alt=\"\" class=\"uag-image-60937\" width=\"95\" height=\"95\" title=\"\" loading=\"lazy\" role=\"img\"><\/figure><\/div>\n\n\n\n<div class=\"wp-block-uagb-advanced-heading uagb-block-98865490\"><h2 class=\"uagb-heading-text\">Ekonomick\u00e9<\/h2><\/div>\n\n\n\n<div class=\"wp-block-uagb-advanced-heading uagb-block-ffd145f1\"><p class=\"uagb-heading-text\">Umo\u017e\u0148uje v\u00e1m u\u0161et\u0159it pen\u00edze za spot\u0159ebu energie, ani\u017e byste museli zvy\u0161ovat smluvn\u00ed v\u00fdkon.<\/p><\/div>\n<\/div>\n\n\n\n<div class=\"wp-block-uagb-container uagb-block-0b1f0cfb\">\n<div class=\"wp-block-uagb-image aligncenter uagb-block-1853f296 wp-block-uagb-image--layout-default wp-block-uagb-image--effect-static wp-block-uagb-image--align-center\"><figure class=\"wp-block-uagb-image__figure\"><img decoding=\"async\" srcset=\"https:\/\/v2charge.com\/wp-content\/uploads\/2021\/11\/Balance-4.png\n \" sizes=\"auto, (max-width: 480px) 150px\" src=\"https:\/\/v2charge.com\/wp-content\/uploads\/2021\/11\/Balance-4.png\" alt=\"\" class=\"uag-image-60501\" width=\"96\" height=\"96\" title=\"\" loading=\"lazy\" role=\"img\"><\/figure><\/div>\n\n\n\n<div class=\"wp-block-uagb-advanced-heading uagb-block-b2e9e184\"><h2 class=\"uagb-heading-text\">Bilance<\/h2><\/div>\n\n\n\n<div class=\"wp-block-uagb-advanced-heading uagb-block-f24fa052\"><p class=\"uagb-heading-text\">Zb\u00fdvaj\u00edc\u00ed energie va\u0161eho domu bude pou\u017eita k nab\u00edjen\u00ed va\u0161eho vozidla.&nbsp;<\/p><\/div>\n<\/div>\n<\/div>\n<\/div><\/div>\n\n\n\n<div class=\"wp-block-uagb-container uagb-block-f9f348ab alignfull uagb-is-root-container\"><div class=\"uagb-container-inner-blocks-wrap\">\n<div class=\"wp-block-uagb-container uagb-block-f80d8aaa\">\n<div class=\"wp-block-uagb-container uagb-block-fd669160\">\n<div class=\"flourish-embed\" data-src=\"visualisation\/323987\"><\/div>\n<script src=\"https:\/\/public.flourish.studio\/resources\/embed.js\"><\/script>\n<\/div>\n\n\n\n<div class=\"wp-block-uagb-container uagb-block-a108b8d6\">\n<div class=\"flourish-embed flourish-chart\" data-src=\"visualisation\/323949\"><\/div>\n<script src=\"https:\/\/public.flourish.studio\/resources\/embed.js\"><\/script>\n<\/div>\n<\/div>\n<\/div><\/div>\n\n\n\n<div class=\"wp-block-uagb-container uagb-block-b7db42c8 alignfull uagb-is-root-container\"><div class=\"uagb-container-inner-blocks-wrap\">\n<div class=\"wp-block-uagb-container uagb-block-ef635077\">\n<div class=\"wp-block-uagb-container uagb-block-46751910\">\n<div class=\"wp-block-uagb-advanced-heading uagb-block-949d91de\"><h2 class=\"uagb-heading-text\">VESTAV\u011aN\u00c9 MODELY <strong>TRYDAN<\/strong> <\/h2><\/div>\n\n\n\n<div class=\"wp-block-uagb-buttons uagb-buttons__outer-wrap uagb-btn__default-btn uagb-btn-tablet__default-btn uagb-btn-mobile__default-btn uagb-block-b9e71ae1\"><div class=\"uagb-buttons__wrap uagb-buttons-layout-wrap \">\n<div class=\"wp-block-uagb-buttons-child uagb-buttons__outer-wrap uagb-block-18b86a55 wp-block-button\"><div class=\"uagb-button__wrapper\"><a class=\"uagb-buttons-repeater wp-block-button__link\" aria-label=\"\" href=\"https:\/\/v2charge.com\/cs\/trydan\/\" rel=\"follow noopener\" target=\"_self\"><div class=\"uagb-button__link\"><a href=\"https:\/\/v2charge.com\/cs\/trydan\/\" target=\"_blank\" rel=\"noreferrer noopener\">ZOBRAZIT NAB\u00cdJE\u010cKU TRYDAN<\/a><\/div><\/a><\/div><\/div>\n<\/div><\/div>\n<\/div>\n\n\n\n<div class=\"wp-block-uagb-container uagb-block-71f2d1ac\">\n<div class=\"wp-block-uagb-image uagb-block-9c88c3c2 wp-block-uagb-image--layout-default wp-block-uagb-image--effect-static wp-block-uagb-image--align-none\"><figure class=\"wp-block-uagb-image__figure\"><img decoding=\"async\" srcset=\"https:\/\/v2charge.com\/wp-content\/uploads\/2021\/12\/trydan.jpg\n \" sizes=\"auto, (max-width: 480px) 150px\" src=\"https:\/\/v2charge.com\/wp-content\/uploads\/2021\/12\/trydan.jpg\" alt=\"\" class=\"uag-image-67172\" width=\"500\" height=\"500\" title=\"\" loading=\"lazy\" role=\"img\"><\/figure><\/div>\n<\/div>\n<\/div>\n\n\n\n<div class=\"wp-block-uagb-buttons uagb-buttons__outer-wrap uagb-btn__default-btn uagb-btn-tablet__default-btn uagb-btn-mobile__default-btn uagb-block-720fafdd\"><div class=\"uagb-buttons__wrap uagb-buttons-layout-wrap \">\n<div class=\"wp-block-uagb-buttons-child uagb-buttons__outer-wrap uagb-block-68856505 wp-block-button\"><div class=\"uagb-button__wrapper\"><a class=\"uagb-buttons-repeater wp-block-button__link\" aria-label=\"\" href=\"https:\/\/v2charge.com\/support\/trydan\/dynamic-power-control\/\" rel=\"follow noopener\" target=\"_self\"><div class=\"uagb-button__link\">Viz nastaven\u00ed dynamick\u00e9 regulace v\u00fdkonu<\/div><\/a><\/div><\/div>\n<\/div><\/div>\n<\/div><\/div>\n","protected":false},"excerpt":{"rendered":"<p>Dynamick\u00e9 \u0159\u00edzen\u00ed v\u00fdkonu P\u0159e\u010dt\u011bte si o v\u00fdhod\u00e1ch chytr\u00e9ho nab\u00edjen\u00ed Dynamick\u00e1 regulace je inteligentn\u00ed senzor, kter\u00fd m\u011b\u0159\u00ed v\u00fdkon instalace, pot\u0159eby elektrick\u00fdch spot\u0159ebi\u010d\u016f v dom\u011b a elektromobilu a reguluje jejich vz\u00e1jemn\u00e9 nab\u00edjen\u00ed. T\u00edmto zp\u016fsobem nen\u00ed nutn\u00e9 zvy\u0161ovat smluvn\u00ed v\u00fdkon pro nap\u00e1jen\u00ed v\u0161ech za\u0159\u00edzen\u00ed.&nbsp; Chytr\u00e9 nab\u00edjen\u00ed. \u017d\u00e1dn\u00e9 starosti. \u017d\u00e1dn\u00e9 v\u00fdpadky proudu. Zabezpe\u010den\u00ed Samoregulace zabra\u0148uje p\u0159ep\u011bt\u00edm, kter\u00e1 zp\u016fsobuj\u00ed v\u00fdpadky &#8230; <a title=\"Dynamick\u00e9 \u0159\u00edzen\u00ed v\u00fdkonu\" class=\"read-more\" href=\"https:\/\/v2charge.com\/cs\/dynamicke-rizeni-vykonu\/\" aria-label=\"Read more about Dynamick\u00e9 \u0159\u00edzen\u00ed v\u00fdkonu\">\u010c\u00edst d\u00e1l<\/a><\/p>\n","protected":false},"author":1,"featured_media":170347,"parent":0,"menu_order":0,"comment_status":"closed","ping_status":"closed","template":"","meta":{"_eb_attr":"","content-type":"","_uag_custom_page_level_css":"","footnotes":""},"class_list":["post-293785","page","type-page","status-publish","has-post-thumbnail"],"yoast_head":"<!-- This site is optimized with the Yoast SEO plugin v25.3.1 - https:\/\/yoast.com\/wordpress\/plugins\/seo\/ -->\n<title>Dynamick\u00e9 \u0159\u00edzen\u00ed v\u00fdkonu: Co to je a jak to funguje | V2C<\/title>\n<meta name=\"description\" content=\"Dynamick\u00e1 regulace v\u00fdkonu umo\u017e\u0148uje regulovat smluvn\u00ed v\u00fdkon mezi r\u016fzn\u00fdmi elektronick\u00fdmi spot\u0159ebi\u010di ve va\u0161\u00ed dom\u00e1cnosti. Zjist\u011bte o n\u00ed v\u00edce.\" \/>\n<meta name=\"robots\" content=\"index, follow, max-snippet:-1, max-image-preview:large, max-video-preview:-1\" \/>\n<link rel=\"canonical\" href=\"https:\/\/v2charge.com\/cs\/dynamicke-rizeni-vykonu\/\" \/>\n<meta property=\"og:locale\" content=\"cs_CZ\" \/>\n<meta property=\"og:type\" content=\"article\" \/>\n<meta property=\"og:title\" content=\"Dynamick\u00e9 \u0159\u00edzen\u00ed v\u00fdkonu: Co to je a jak to funguje | V2C\" \/>\n<meta property=\"og:description\" content=\"Dynamick\u00e1 regulace v\u00fdkonu umo\u017e\u0148uje regulovat smluvn\u00ed v\u00fdkon mezi r\u016fzn\u00fdmi elektronick\u00fdmi spot\u0159ebi\u010di ve va\u0161\u00ed dom\u00e1cnosti. Zjist\u011bte o n\u00ed v\u00edce.\" \/>\n<meta property=\"og:url\" content=\"https:\/\/v2charge.com\/cs\/dynamicke-rizeni-vykonu\/\" \/>\n<meta property=\"og:site_name\" content=\"V2C\" \/>\n<meta property=\"article:publisher\" content=\"https:\/\/www.facebook.com\/V2C.Charge\" \/>\n<meta property=\"og:image\" content=\"https:\/\/v2charge.com\/wp-content\/uploads\/2024\/07\/v2c-electric-chargers.jpg\" \/>\n\t<meta property=\"og:image:width\" content=\"1200\" \/>\n\t<meta property=\"og:image:height\" content=\"675\" \/>\n\t<meta property=\"og:image:type\" content=\"image\/jpeg\" \/>\n<meta name=\"twitter:card\" content=\"summary_large_image\" \/>\n<meta name=\"twitter:site\" content=\"@V2C_Charge\" \/>\n<meta name=\"twitter:label1\" content=\"Odhadovan\u00e1 doba \u010dten\u00ed\" \/>\n\t<meta name=\"twitter:data1\" content=\"1 minuta\" \/>\n<script type=\"application\/ld+json\" class=\"yoast-schema-graph\">{\"@context\":\"https:\/\/schema.org\",\"@graph\":[{\"@type\":\"WebPage\",\"@id\":\"https:\/\/v2charge.com\/cs\/dynamicke-rizeni-vykonu\/\",\"url\":\"https:\/\/v2charge.com\/cs\/dynamicke-rizeni-vykonu\/\",\"name\":\"Dynamick\u00e9 \u0159\u00edzen\u00ed v\u00fdkonu: Co to je a jak to funguje | V2C\",\"isPartOf\":{\"@id\":\"https:\/\/v2charge.com\/cs\/#website\"},\"primaryImageOfPage\":{\"@id\":\"https:\/\/v2charge.com\/cs\/dynamicke-rizeni-vykonu\/#primaryimage\"},\"image\":{\"@id\":\"https:\/\/v2charge.com\/cs\/dynamicke-rizeni-vykonu\/#primaryimage\"},\"thumbnailUrl\":\"https:\/\/v2charge.com\/wp-content\/uploads\/2024\/07\/v2c-electric-chargers.jpg\",\"datePublished\":\"2025-12-31T17:00:51+00:00\",\"description\":\"Dynamick\u00e1 regulace v\u00fdkonu umo\u017e\u0148uje regulovat smluvn\u00ed v\u00fdkon mezi r\u016fzn\u00fdmi elektronick\u00fdmi spot\u0159ebi\u010di ve va\u0161\u00ed dom\u00e1cnosti. Zjist\u011bte o n\u00ed v\u00edce.\",\"breadcrumb\":{\"@id\":\"https:\/\/v2charge.com\/cs\/dynamicke-rizeni-vykonu\/#breadcrumb\"},\"inLanguage\":\"cs\",\"potentialAction\":[{\"@type\":\"ReadAction\",\"target\":[\"https:\/\/v2charge.com\/cs\/dynamicke-rizeni-vykonu\/\"]}]},{\"@type\":\"ImageObject\",\"inLanguage\":\"cs\",\"@id\":\"https:\/\/v2charge.com\/cs\/dynamicke-rizeni-vykonu\/#primaryimage\",\"url\":\"https:\/\/v2charge.com\/wp-content\/uploads\/2024\/07\/v2c-electric-chargers.jpg\",\"contentUrl\":\"https:\/\/v2charge.com\/wp-content\/uploads\/2024\/07\/v2c-electric-chargers.jpg\",\"width\":1200,\"height\":675,\"caption\":\"V2C Electric Chargers\"},{\"@type\":\"BreadcrumbList\",\"@id\":\"https:\/\/v2charge.com\/cs\/dynamicke-rizeni-vykonu\/#breadcrumb\",\"itemListElement\":[{\"@type\":\"ListItem\",\"position\":1,\"name\":\"V2C\",\"item\":\"https:\/\/v2charge.com\/cs\/\"},{\"@type\":\"ListItem\",\"position\":2,\"name\":\"Dynamick\u00e9 \u0159\u00edzen\u00ed v\u00fdkonu\"}]},{\"@type\":\"WebSite\",\"@id\":\"https:\/\/v2charge.com\/cs\/#website\",\"url\":\"https:\/\/v2charge.com\/cs\/\",\"name\":\"V2C\",\"description\":\"#CargandoElMa\u00f1ana\",\"publisher\":{\"@id\":\"https:\/\/v2charge.com\/cs\/#organization\"},\"potentialAction\":[{\"@type\":\"SearchAction\",\"target\":{\"@type\":\"EntryPoint\",\"urlTemplate\":\"https:\/\/v2charge.com\/cs\/?s={search_term_string}\"},\"query-input\":{\"@type\":\"PropertyValueSpecification\",\"valueRequired\":true,\"valueName\":\"search_term_string\"}}],\"inLanguage\":\"cs\"},{\"@type\":\"Organization\",\"@id\":\"https:\/\/v2charge.com\/cs\/#organization\",\"name\":\"V2C\",\"url\":\"https:\/\/v2charge.com\/cs\/\",\"logo\":{\"@type\":\"ImageObject\",\"inLanguage\":\"cs\",\"@id\":\"https:\/\/v2charge.com\/cs\/#\/schema\/logo\/image\/\",\"url\":\"https:\/\/v2charge.com\/wp-content\/uploads\/2024\/11\/cropped-v2c-charge-logo-menu.png\",\"contentUrl\":\"https:\/\/v2charge.com\/wp-content\/uploads\/2024\/11\/cropped-v2c-charge-logo-menu.png\",\"width\":984,\"height\":431,\"caption\":\"V2C\"},\"image\":{\"@id\":\"https:\/\/v2charge.com\/cs\/#\/schema\/logo\/image\/\"},\"sameAs\":[\"https:\/\/www.facebook.com\/V2C.Charge\",\"https:\/\/x.com\/V2C_Charge\",\"https:\/\/www.instagram.com\/v2c.charge\/\",\"https:\/\/www.youtube.com\/@V2C\",\"https:\/\/www.linkedin.com\/company\/v2c-chargers\/\"]}]}<\/script>\n<!-- \/ Yoast SEO plugin. -->","yoast_head_json":{"title":"Dynamick\u00e9 \u0159\u00edzen\u00ed v\u00fdkonu: Co to je a jak to funguje | V2C","description":"Dynamick\u00e1 regulace v\u00fdkonu umo\u017e\u0148uje regulovat smluvn\u00ed v\u00fdkon mezi r\u016fzn\u00fdmi elektronick\u00fdmi spot\u0159ebi\u010di ve va\u0161\u00ed dom\u00e1cnosti. Zjist\u011bte o n\u00ed v\u00edce.","robots":{"index":"index","follow":"follow","max-snippet":"max-snippet:-1","max-image-preview":"max-image-preview:large","max-video-preview":"max-video-preview:-1"},"canonical":"https:\/\/v2charge.com\/cs\/dynamicke-rizeni-vykonu\/","og_locale":"cs_CZ","og_type":"article","og_title":"Dynamick\u00e9 \u0159\u00edzen\u00ed v\u00fdkonu: Co to je a jak to funguje | V2C","og_description":"Dynamick\u00e1 regulace v\u00fdkonu umo\u017e\u0148uje regulovat smluvn\u00ed v\u00fdkon mezi r\u016fzn\u00fdmi elektronick\u00fdmi spot\u0159ebi\u010di ve va\u0161\u00ed dom\u00e1cnosti. Zjist\u011bte o n\u00ed v\u00edce.","og_url":"https:\/\/v2charge.com\/cs\/dynamicke-rizeni-vykonu\/","og_site_name":"V2C","article_publisher":"https:\/\/www.facebook.com\/V2C.Charge","og_image":[{"width":1200,"height":675,"url":"https:\/\/v2charge.com\/wp-content\/uploads\/2024\/07\/v2c-electric-chargers.jpg","type":"image\/jpeg"}],"twitter_card":"summary_large_image","twitter_site":"@V2C_Charge","twitter_misc":{"Odhadovan\u00e1 doba \u010dten\u00ed":"1 minuta"},"schema":{"@context":"https:\/\/schema.org","@graph":[{"@type":"WebPage","@id":"https:\/\/v2charge.com\/cs\/dynamicke-rizeni-vykonu\/","url":"https:\/\/v2charge.com\/cs\/dynamicke-rizeni-vykonu\/","name":"Dynamick\u00e9 \u0159\u00edzen\u00ed v\u00fdkonu: Co to je a jak to funguje | V2C","isPartOf":{"@id":"https:\/\/v2charge.com\/cs\/#website"},"primaryImageOfPage":{"@id":"https:\/\/v2charge.com\/cs\/dynamicke-rizeni-vykonu\/#primaryimage"},"image":{"@id":"https:\/\/v2charge.com\/cs\/dynamicke-rizeni-vykonu\/#primaryimage"},"thumbnailUrl":"https:\/\/v2charge.com\/wp-content\/uploads\/2024\/07\/v2c-electric-chargers.jpg","datePublished":"2025-12-31T17:00:51+00:00","description":"Dynamick\u00e1 regulace v\u00fdkonu umo\u017e\u0148uje regulovat smluvn\u00ed v\u00fdkon mezi r\u016fzn\u00fdmi elektronick\u00fdmi spot\u0159ebi\u010di ve va\u0161\u00ed dom\u00e1cnosti. Zjist\u011bte o n\u00ed v\u00edce.","breadcrumb":{"@id":"https:\/\/v2charge.com\/cs\/dynamicke-rizeni-vykonu\/#breadcrumb"},"inLanguage":"cs","potentialAction":[{"@type":"ReadAction","target":["https:\/\/v2charge.com\/cs\/dynamicke-rizeni-vykonu\/"]}]},{"@type":"ImageObject","inLanguage":"cs","@id":"https:\/\/v2charge.com\/cs\/dynamicke-rizeni-vykonu\/#primaryimage","url":"https:\/\/v2charge.com\/wp-content\/uploads\/2024\/07\/v2c-electric-chargers.jpg","contentUrl":"https:\/\/v2charge.com\/wp-content\/uploads\/2024\/07\/v2c-electric-chargers.jpg","width":1200,"height":675,"caption":"V2C Electric Chargers"},{"@type":"BreadcrumbList","@id":"https:\/\/v2charge.com\/cs\/dynamicke-rizeni-vykonu\/#breadcrumb","itemListElement":[{"@type":"ListItem","position":1,"name":"V2C","item":"https:\/\/v2charge.com\/cs\/"},{"@type":"ListItem","position":2,"name":"Dynamick\u00e9 \u0159\u00edzen\u00ed v\u00fdkonu"}]},{"@type":"WebSite","@id":"https:\/\/v2charge.com\/cs\/#website","url":"https:\/\/v2charge.com\/cs\/","name":"V2C","description":"#CargandoElMa\u00f1ana","publisher":{"@id":"https:\/\/v2charge.com\/cs\/#organization"},"potentialAction":[{"@type":"SearchAction","target":{"@type":"EntryPoint","urlTemplate":"https:\/\/v2charge.com\/cs\/?s={search_term_string}"},"query-input":{"@type":"PropertyValueSpecification","valueRequired":true,"valueName":"search_term_string"}}],"inLanguage":"cs"},{"@type":"Organization","@id":"https:\/\/v2charge.com\/cs\/#organization","name":"V2C","url":"https:\/\/v2charge.com\/cs\/","logo":{"@type":"ImageObject","inLanguage":"cs","@id":"https:\/\/v2charge.com\/cs\/#\/schema\/logo\/image\/","url":"https:\/\/v2charge.com\/wp-content\/uploads\/2024\/11\/cropped-v2c-charge-logo-menu.png","contentUrl":"https:\/\/v2charge.com\/wp-content\/uploads\/2024\/11\/cropped-v2c-charge-logo-menu.png","width":984,"height":431,"caption":"V2C"},"image":{"@id":"https:\/\/v2charge.com\/cs\/#\/schema\/logo\/image\/"},"sameAs":["https:\/\/www.facebook.com\/V2C.Charge","https:\/\/x.com\/V2C_Charge","https:\/\/www.instagram.com\/v2c.charge\/","https:\/\/www.youtube.com\/@V2C","https:\/\/www.linkedin.com\/company\/v2c-chargers\/"]}]}},"uagb_featured_image_src":{"full":["https:\/\/v2charge.com\/wp-content\/uploads\/2024\/07\/v2c-electric-chargers.jpg",1200,675,false],"thumbnail":["https:\/\/v2charge.com\/wp-content\/uploads\/2024\/07\/v2c-electric-chargers-150x150.jpg",150,150,true],"medium":["https:\/\/v2charge.com\/wp-content\/uploads\/2024\/07\/v2c-electric-chargers-300x169.jpg",300,169,true],"medium_large":["https:\/\/v2charge.com\/wp-content\/uploads\/2024\/07\/v2c-electric-chargers-768x432.jpg",768,432,true],"large":["https:\/\/v2charge.com\/wp-content\/uploads\/2024\/07\/v2c-electric-chargers-1024x576.jpg",1024,576,true],"gs-tiny":["https:\/\/v2charge.com\/wp-content\/uploads\/2024\/07\/v2c-electric-chargers.jpg",50,28,false],"xl":["https:\/\/v2charge.com\/wp-content\/uploads\/2024\/07\/v2c-electric-chargers.jpg",1200,675,false],"xxl":["https:\/\/v2charge.com\/wp-content\/uploads\/2024\/07\/v2c-electric-chargers.jpg",1200,675,false],"xxxl":["https:\/\/v2charge.com\/wp-content\/uploads\/2024\/07\/v2c-electric-chargers.jpg",1200,675,false],"xxxxl":["https:\/\/v2charge.com\/wp-content\/uploads\/2024\/07\/v2c-electric-chargers.jpg",1200,675,false],"xxxxxl":["https:\/\/v2charge.com\/wp-content\/uploads\/2024\/07\/v2c-electric-chargers.jpg",1200,675,false],"1536x1536":["https:\/\/v2charge.com\/wp-content\/uploads\/2024\/07\/v2c-electric-chargers.jpg",1200,675,false],"2048x2048":["https:\/\/v2charge.com\/wp-content\/uploads\/2024\/07\/v2c-electric-chargers.jpg",1200,675,false]},"uagb_author_info":{"display_name":"V2C","author_link":"https:\/\/v2charge.com\/cs\/author\/root_k4eu7ki8\/"},"uagb_comment_info":0,"uagb_excerpt":"Dynamick\u00e9 \u0159\u00edzen\u00ed v\u00fdkonu P\u0159e\u010dt\u011bte si o v\u00fdhod\u00e1ch chytr\u00e9ho nab\u00edjen\u00ed Dynamick\u00e1 regulace je inteligentn\u00ed senzor, kter\u00fd m\u011b\u0159\u00ed v\u00fdkon instalace, pot\u0159eby elektrick\u00fdch spot\u0159ebi\u010d\u016f v dom\u011b a elektromobilu a reguluje jejich vz\u00e1jemn\u00e9 nab\u00edjen\u00ed. T\u00edmto zp\u016fsobem nen\u00ed nutn\u00e9 zvy\u0161ovat smluvn\u00ed v\u00fdkon pro nap\u00e1jen\u00ed v\u0161ech za\u0159\u00edzen\u00ed.&nbsp; Chytr\u00e9 nab\u00edjen\u00ed. \u017d\u00e1dn\u00e9 starosti. \u017d\u00e1dn\u00e9 v\u00fdpadky proudu. Zabezpe\u010den\u00ed Samoregulace zabra\u0148uje p\u0159ep\u011bt\u00edm, kter\u00e1 zp\u016fsobuj\u00ed v\u00fdpadky&hellip;","_links":{"self":[{"href":"https:\/\/v2charge.com\/cs\/wp-json\/wp\/v2\/pages\/293785","targetHints":{"allow":["GET"]}}],"collection":[{"href":"https:\/\/v2charge.com\/cs\/wp-json\/wp\/v2\/pages"}],"about":[{"href":"https:\/\/v2charge.com\/cs\/wp-json\/wp\/v2\/types\/page"}],"author":[{"embeddable":true,"href":"https:\/\/v2charge.com\/cs\/wp-json\/wp\/v2\/users\/1"}],"replies":[{"embeddable":true,"href":"https:\/\/v2charge.com\/cs\/wp-json\/wp\/v2\/comments?post=293785"}],"version-history":[{"count":0,"href":"https:\/\/v2charge.com\/cs\/wp-json\/wp\/v2\/pages\/293785\/revisions"}],"wp:featuredmedia":[{"embeddable":true,"href":"https:\/\/v2charge.com\/cs\/wp-json\/wp\/v2\/media\/170347"}],"wp:attachment":[{"href":"https:\/\/v2charge.com\/cs\/wp-json\/wp\/v2\/media?parent=293785"}],"curies":[{"name":"wp","href":"https:\/\/api.w.org\/{rel}","templated":true}]}}