{"id":293804,"date":"2025-12-31T19:01:27","date_gmt":"2025-12-31T17:01:27","guid":{"rendered":"https:\/\/v2charge.com\/acceso-portal-del-distribuidor\/"},"modified":"2025-12-31T19:01:27","modified_gmt":"2025-12-31T17:01:27","slug":"acceso-portal-del-distribuidor","status":"publish","type":"page","link":"https:\/\/v2charge.com\/cs\/acceso-portal-del-distribuidor\/","title":{"rendered":"Acceso Portal del Distribuidor"},"content":{"rendered":"\n<div class=\"wp-block-uagb-container uagb-block-4c0e6936 alignfull uagb-is-root-container\"><div class=\"uagb-container-inner-blocks-wrap\">\n<div class=\"wp-block-uagb-advanced-heading uagb-block-1bc1fbc2\"><h2 class=\"uagb-heading-text\">PARTNERSK\u00c1 OBLAST<\/h2><\/div>\n\n\n\n<div class=\"wp-block-uagb-separator uagb-block-9122c2fb\"><div class=\"wp-block-uagb-separator__inner\" style=\"--my-background-image:\"><\/div><\/div>\n\n\n\n<div class=\"wp-block-uagb-advanced-heading uagb-block-10180f7d\"><h2 class=\"uagb-heading-text\">Jedn\u00e1 se o exkluzivn\u00ed obsah pro partnery. Pro p\u0159\u00edstup se zaregistrujte. Po odesl\u00e1n\u00ed \u017e\u00e1dosti autorizujeme va\u0161eho u\u017eivatele do 24 hodin.  <\/h2><\/div>\n\n\n\n<div class=\"wp-block-uagb-buttons uagb-buttons__outer-wrap uagb-btn__default-btn uagb-btn-tablet__default-btn uagb-btn-mobile__default-btn uagb-block-bee04016\"><div class=\"uagb-buttons__wrap uagb-buttons-layout-wrap\">\n<div class=\"wp-block-uagb-buttons-child uagb-buttons__outer-wrap uagb-block-b4ecbe45 wp-block-button\"><div class=\"uagb-button__wrapper\"><a class=\"uagb-buttons-repeater wp-block-button__link\" href=\"https:\/\/v2charge.com\/register\/\" onclick=\"return true;\" rel=\"follow noopener\" target=\"_self\"><div class=\"uagb-button__link\">Zaregistrujte se zde<\/div><\/a><\/div><\/div>\n<\/div><\/div>\n<\/div><\/div>\n\n\n\n<div class=\"wp-block-uagb-advanced-heading uagb-block-15bb0882\"><h2 class=\"uagb-heading-text\">Jste ji\u017e partnerem?<\/h2><\/div>\n\n\n\n<div class=\"wp-block-uagb-advanced-heading uagb-block-033c990a\"><h2 class=\"uagb-heading-text\"><br>P\u0159ihlaste se do oblasti pomoc\u00ed sv\u00e9ho u\u017eivatelsk\u00e9ho jm\u00e9na a hesla.<\/h2><\/div>\n","protected":false},"excerpt":{"rendered":"<p>PARTNERSK\u00c1 OBLAST Jedn\u00e1 se o exkluzivn\u00ed obsah pro partnery. Pro p\u0159\u00edstup se zaregistrujte. Po odesl\u00e1n\u00ed \u017e\u00e1dosti autorizujeme va\u0161eho u\u017eivatele do 24 hodin. Jste ji\u017e partnerem? P\u0159ihlaste se do oblasti pomoc\u00ed sv\u00e9ho u\u017eivatelsk\u00e9ho jm\u00e9na a hesla.<\/p>\n","protected":false},"author":1,"featured_media":0,"parent":0,"menu_order":0,"comment_status":"closed","ping_status":"closed","template":"","meta":{"_eb_attr":"","content-type":"","_uag_custom_page_level_css":"","footnotes":""},"class_list":["post-293804","page","type-page","status-publish"],"yoast_head":"<!-- This site is optimized with the Yoast SEO plugin v25.3.1 - https:\/\/yoast.com\/wordpress\/plugins\/seo\/ -->\n<title>Partnersk\u00e1 oblast - V2C<\/title>\n<meta name=\"robots\" content=\"noindex, follow\" \/>\n<meta property=\"og:locale\" content=\"cs_CZ\" \/>\n<meta property=\"og:type\" content=\"article\" \/>\n<meta property=\"og:title\" content=\"Partnersk\u00e1 oblast - V2C\" \/>\n<meta property=\"og:description\" content=\"PARTNERSK\u00c1 OBLAST Jedn\u00e1 se o exkluzivn\u00ed obsah pro partnery. Pro p\u0159\u00edstup se zaregistrujte. Po odesl\u00e1n\u00ed \u017e\u00e1dosti autorizujeme va\u0161eho u\u017eivatele do 24 hodin. Jste ji\u017e partnerem? P\u0159ihlaste se do oblasti pomoc\u00ed sv\u00e9ho u\u017eivatelsk\u00e9ho jm\u00e9na a hesla.\" \/>\n<meta property=\"og:url\" content=\"https:\/\/v2charge.com\/cs\/acceso-portal-del-distribuidor\/\" \/>\n<meta property=\"og:site_name\" content=\"V2C\" \/>\n<meta property=\"article:publisher\" content=\"https:\/\/www.facebook.com\/V2C.Charge\" \/>\n<meta property=\"og:image\" content=\"https:\/\/v2charge.com\/wp-content\/uploads\/2024\/07\/v2c-electric-chargers.jpg\" \/>\n\t<meta property=\"og:image:width\" content=\"1200\" \/>\n\t<meta property=\"og:image:height\" content=\"675\" \/>\n\t<meta property=\"og:image:type\" content=\"image\/jpeg\" \/>\n<meta name=\"twitter:card\" content=\"summary_large_image\" \/>\n<meta name=\"twitter:site\" content=\"@V2C_Charge\" \/>\n<script type=\"application\/ld+json\" class=\"yoast-schema-graph\">{\"@context\":\"https:\/\/schema.org\",\"@graph\":[{\"@type\":\"WebPage\",\"@id\":\"https:\/\/v2charge.com\/cs\/acceso-portal-del-distribuidor\/\",\"url\":\"https:\/\/v2charge.com\/cs\/acceso-portal-del-distribuidor\/\",\"name\":\"Partnersk\u00e1 oblast - V2C\",\"isPartOf\":{\"@id\":\"https:\/\/v2charge.com\/cs\/#website\"},\"datePublished\":\"2025-12-31T17:01:27+00:00\",\"breadcrumb\":{\"@id\":\"https:\/\/v2charge.com\/cs\/acceso-portal-del-distribuidor\/#breadcrumb\"},\"inLanguage\":\"cs\",\"potentialAction\":[{\"@type\":\"ReadAction\",\"target\":[\"https:\/\/v2charge.com\/cs\/acceso-portal-del-distribuidor\/\"]}]},{\"@type\":\"BreadcrumbList\",\"@id\":\"https:\/\/v2charge.com\/cs\/acceso-portal-del-distribuidor\/#breadcrumb\",\"itemListElement\":[{\"@type\":\"ListItem\",\"position\":1,\"name\":\"V2C\",\"item\":\"https:\/\/v2charge.com\/cs\/\"},{\"@type\":\"ListItem\",\"position\":2,\"name\":\"Acceso Portal del Distribuidor\"}]},{\"@type\":\"WebSite\",\"@id\":\"https:\/\/v2charge.com\/cs\/#website\",\"url\":\"https:\/\/v2charge.com\/cs\/\",\"name\":\"V2C\",\"description\":\"#CargandoElMa\u00f1ana\",\"publisher\":{\"@id\":\"https:\/\/v2charge.com\/cs\/#organization\"},\"potentialAction\":[{\"@type\":\"SearchAction\",\"target\":{\"@type\":\"EntryPoint\",\"urlTemplate\":\"https:\/\/v2charge.com\/cs\/?s={search_term_string}\"},\"query-input\":{\"@type\":\"PropertyValueSpecification\",\"valueRequired\":true,\"valueName\":\"search_term_string\"}}],\"inLanguage\":\"cs\"},{\"@type\":\"Organization\",\"@id\":\"https:\/\/v2charge.com\/cs\/#organization\",\"name\":\"V2C\",\"url\":\"https:\/\/v2charge.com\/cs\/\",\"logo\":{\"@type\":\"ImageObject\",\"inLanguage\":\"cs\",\"@id\":\"https:\/\/v2charge.com\/cs\/#\/schema\/logo\/image\/\",\"url\":\"https:\/\/v2charge.com\/wp-content\/uploads\/2024\/11\/cropped-v2c-charge-logo-menu.png\",\"contentUrl\":\"https:\/\/v2charge.com\/wp-content\/uploads\/2024\/11\/cropped-v2c-charge-logo-menu.png\",\"width\":984,\"height\":431,\"caption\":\"V2C\"},\"image\":{\"@id\":\"https:\/\/v2charge.com\/cs\/#\/schema\/logo\/image\/\"},\"sameAs\":[\"https:\/\/www.facebook.com\/V2C.Charge\",\"https:\/\/x.com\/V2C_Charge\",\"https:\/\/www.instagram.com\/v2c.charge\/\",\"https:\/\/www.youtube.com\/@V2C\",\"https:\/\/www.linkedin.com\/company\/v2c-chargers\/\"]}]}<\/script>\n<!-- \/ Yoast SEO plugin. -->","yoast_head_json":{"title":"Partnersk\u00e1 oblast - V2C","robots":{"index":"noindex","follow":"follow"},"og_locale":"cs_CZ","og_type":"article","og_title":"Partnersk\u00e1 oblast - V2C","og_description":"PARTNERSK\u00c1 OBLAST Jedn\u00e1 se o exkluzivn\u00ed obsah pro partnery. Pro p\u0159\u00edstup se zaregistrujte. Po odesl\u00e1n\u00ed \u017e\u00e1dosti autorizujeme va\u0161eho u\u017eivatele do 24 hodin. Jste ji\u017e partnerem? P\u0159ihlaste se do oblasti pomoc\u00ed sv\u00e9ho u\u017eivatelsk\u00e9ho jm\u00e9na a hesla.","og_url":"https:\/\/v2charge.com\/cs\/acceso-portal-del-distribuidor\/","og_site_name":"V2C","article_publisher":"https:\/\/www.facebook.com\/V2C.Charge","og_image":[{"width":1200,"height":675,"url":"https:\/\/v2charge.com\/wp-content\/uploads\/2024\/07\/v2c-electric-chargers.jpg","type":"image\/jpeg"}],"twitter_card":"summary_large_image","twitter_site":"@V2C_Charge","schema":{"@context":"https:\/\/schema.org","@graph":[{"@type":"WebPage","@id":"https:\/\/v2charge.com\/cs\/acceso-portal-del-distribuidor\/","url":"https:\/\/v2charge.com\/cs\/acceso-portal-del-distribuidor\/","name":"Partnersk\u00e1 oblast - V2C","isPartOf":{"@id":"https:\/\/v2charge.com\/cs\/#website"},"datePublished":"2025-12-31T17:01:27+00:00","breadcrumb":{"@id":"https:\/\/v2charge.com\/cs\/acceso-portal-del-distribuidor\/#breadcrumb"},"inLanguage":"cs","potentialAction":[{"@type":"ReadAction","target":["https:\/\/v2charge.com\/cs\/acceso-portal-del-distribuidor\/"]}]},{"@type":"BreadcrumbList","@id":"https:\/\/v2charge.com\/cs\/acceso-portal-del-distribuidor\/#breadcrumb","itemListElement":[{"@type":"ListItem","position":1,"name":"V2C","item":"https:\/\/v2charge.com\/cs\/"},{"@type":"ListItem","position":2,"name":"Acceso Portal del Distribuidor"}]},{"@type":"WebSite","@id":"https:\/\/v2charge.com\/cs\/#website","url":"https:\/\/v2charge.com\/cs\/","name":"V2C","description":"#CargandoElMa\u00f1ana","publisher":{"@id":"https:\/\/v2charge.com\/cs\/#organization"},"potentialAction":[{"@type":"SearchAction","target":{"@type":"EntryPoint","urlTemplate":"https:\/\/v2charge.com\/cs\/?s={search_term_string}"},"query-input":{"@type":"PropertyValueSpecification","valueRequired":true,"valueName":"search_term_string"}}],"inLanguage":"cs"},{"@type":"Organization","@id":"https:\/\/v2charge.com\/cs\/#organization","name":"V2C","url":"https:\/\/v2charge.com\/cs\/","logo":{"@type":"ImageObject","inLanguage":"cs","@id":"https:\/\/v2charge.com\/cs\/#\/schema\/logo\/image\/","url":"https:\/\/v2charge.com\/wp-content\/uploads\/2024\/11\/cropped-v2c-charge-logo-menu.png","contentUrl":"https:\/\/v2charge.com\/wp-content\/uploads\/2024\/11\/cropped-v2c-charge-logo-menu.png","width":984,"height":431,"caption":"V2C"},"image":{"@id":"https:\/\/v2charge.com\/cs\/#\/schema\/logo\/image\/"},"sameAs":["https:\/\/www.facebook.com\/V2C.Charge","https:\/\/x.com\/V2C_Charge","https:\/\/www.instagram.com\/v2c.charge\/","https:\/\/www.youtube.com\/@V2C","https:\/\/www.linkedin.com\/company\/v2c-chargers\/"]}]}},"uagb_featured_image_src":{"full":false,"thumbnail":false,"medium":false,"medium_large":false,"large":false,"gs-tiny":false,"xl":false,"xxl":false,"xxxl":false,"xxxxl":false,"xxxxxl":false,"1536x1536":false,"2048x2048":false},"uagb_author_info":{"display_name":"V2C","author_link":"https:\/\/v2charge.com\/cs\/author\/root_k4eu7ki8\/"},"uagb_comment_info":0,"uagb_excerpt":"PARTNERSK\u00c1 OBLAST Jedn\u00e1 se o exkluzivn\u00ed obsah pro partnery. Pro p\u0159\u00edstup se zaregistrujte. Po odesl\u00e1n\u00ed \u017e\u00e1dosti autorizujeme va\u0161eho u\u017eivatele do 24 hodin. Jste ji\u017e partnerem? P\u0159ihlaste se do oblasti pomoc\u00ed sv\u00e9ho u\u017eivatelsk\u00e9ho jm\u00e9na a hesla.","_links":{"self":[{"href":"https:\/\/v2charge.com\/cs\/wp-json\/wp\/v2\/pages\/293804","targetHints":{"allow":["GET"]}}],"collection":[{"href":"https:\/\/v2charge.com\/cs\/wp-json\/wp\/v2\/pages"}],"about":[{"href":"https:\/\/v2charge.com\/cs\/wp-json\/wp\/v2\/types\/page"}],"author":[{"embeddable":true,"href":"https:\/\/v2charge.com\/cs\/wp-json\/wp\/v2\/users\/1"}],"replies":[{"embeddable":true,"href":"https:\/\/v2charge.com\/cs\/wp-json\/wp\/v2\/comments?post=293804"}],"version-history":[{"count":0,"href":"https:\/\/v2charge.com\/cs\/wp-json\/wp\/v2\/pages\/293804\/revisions"}],"wp:attachment":[{"href":"https:\/\/v2charge.com\/cs\/wp-json\/wp\/v2\/media?parent=293804"}],"curies":[{"name":"wp","href":"https:\/\/api.w.org\/{rel}","templated":true}]}}