{"id":318086,"date":"2018-05-31T15:46:08","date_gmt":"2018-05-31T15:46:08","guid":{"rendered":""},"modified":"2026-04-25T17:58:29","modified_gmt":"2026-04-25T17:58:29","slug":"pravni-upozorn-ni-a-zasady-ochrany-osobnich-udaj","status":"publish","type":"page","link":"https:\/\/v2charge.com\/cs\/pravni-upozorn-ni-a-zasady-ochrany-osobnich-udaj\/","title":{"rendered":"Z\u00e1sady ochrany osobn\u00edch \u00fadaj\u016f a pr\u00e1vn\u00ed upozorn\u011bn\u00ed"},"content":{"rendered":"<p><strong>Politika ochrany soukrom\u00ed, pou\u017e\u00edv\u00e1n\u00ed cookies a dal\u0161\u00ed informace<\/strong><\/p>\n<p>V2Charge (V2C) Politika ochrany soukrom\u00ed. Tato webov\u00e1 str\u00e1nka je majetkem spole\u010dnosti NEGOCIOS INTELIGENTES 7EXPERIENCE S.L. (d\u00e1le jen \u201eV2C\u201c), se s\u00eddlem Avenida Cam\u00ed Nou 268 Xirivella (Valencie), CIF N\u00ba B98496706.<br \/>\nV souladu se z\u00e1konem 15\/99 o ochran\u011b osobn\u00edch \u00fadaj\u016f v\u00e1s informujeme, \u017ee v\u0161echny va\u0161e \u00fadaje jsou ulo\u017eeny v souboru vlastn\u011bn\u00e9m spole\u010dnost\u00ed NEGOCIOS INTELIGENTES 7 EXPERIENCE S.L., aby bylo mo\u017en\u00e9 odpov\u011bd\u011bt na va\u0161e dotazy, spravovat obchodn\u00ed vztahy a informovat o produktech a slu\u017eb\u00e1ch spole\u010dnosti, a to jak\u00fdmikoli prost\u0159edky, v\u010detn\u011b elektronick\u00fdch.<\/p>\n<p>Neshroma\u017e\u010fujeme \u00fadaje o kreditn\u00edch kart\u00e1ch ani nesd\u00edl\u00edme osobn\u00ed \u00fadaje u\u017eivatel\u016f s t\u0159et\u00edmi stranami. Neprod\u00e1v\u00e1me, nepronaj\u00edm\u00e1me ani neposkytujeme osobn\u00ed \u00fadaje, kter\u00e9 by umo\u017enily identifikaci va\u0161\u00ed identity t\u0159et\u00edm stran\u00e1m, ani v budoucnu, bez va\u0161eho souhlasu. V n\u011bkter\u00fdch p\u0159\u00edpadech v\u0161ak m\u016f\u017eeme vyu\u017e\u00edt dodavatele, partnery nebo agentury k zpracov\u00e1n\u00ed va\u0161ich osobn\u00edch informac\u00ed na\u0161\u00edm jm\u00e9nem, v\u017edy v souladu s na\u0161imi pokyny a po\u017eadavky na dodr\u017eov\u00e1n\u00ed nejp\u0159\u00edsn\u011bj\u0161\u00edch bezpe\u010dnostn\u00edch standard\u016f.<\/p>\n<p>Pokud v budoucnu zah\u00e1j\u00edme nov\u00e9 obchodn\u00ed aktivity na\u0161\u00ed spole\u010dnosti (NEGOCIOS INTELIGENTES 7EXPERIENCE S.L.) nebo jin\u00fdch spole\u010dnost\u00ed, kter\u00e9 jsou jej\u00edmi \u00fa\u010dastn\u00edky, souvisej\u00edc\u00ed s produkty a slu\u017ebami nab\u00edzen\u00fdmi V2C, pou\u017eijeme va\u0161e osobn\u00ed \u00fadaje k informov\u00e1n\u00ed o zah\u00e1jen\u00ed a usnadn\u011bn\u00ed jejich pou\u017e\u00edv\u00e1n\u00ed nebo objedn\u00e1v\u00e1n\u00ed. V takov\u00e9m p\u0159\u00edpad\u011b v\u00e1s p\u0159edem informujeme, abychom umo\u017enili odstran\u011bn\u00ed va\u0161ich \u00fadaj\u016f z t\u011bchto slu\u017eeb.<\/p>\n<p>Kdy\u017e se registrujete na na\u0161ich webov\u00fdch str\u00e1nk\u00e1ch nebo n\u00e1s kontaktujete, shroma\u017e\u010fujeme dva typy informac\u00ed: 1) Osobn\u00ed informace, kter\u00e9 dobrovoln\u011b poskytujete, jako je va\u0161e jm\u00e9no, adresa, telefonn\u00ed \u010d\u00edslo a e-mailov\u00e1 adresa. 2) IP adresa va\u0161eho po\u010d\u00edta\u010de a anonymn\u00ed informace shrom\u00e1\u017ed\u011bn\u00e9 cookies p\u0159i proch\u00e1zen\u00ed na\u0161ich webov\u00fdch str\u00e1nek, kter\u00e9 n\u00e1m pom\u00e1haj\u00ed zlep\u0161ovat na\u0161e webov\u00e9 str\u00e1nky a slu\u017eby. Pokud se chcete dozv\u011bd\u011bt v\u00edce o pou\u017e\u00edv\u00e1n\u00ed cookies, nav\u0161tivte pros\u00edm \/es\/Legal\/Cookies.<\/p>\n<p><strong>Va\u0161e pr\u00e1va<\/strong><\/p>\n<p>Legislativa upravuj\u00edc\u00ed ochranu \u00fadaj\u016f vy\u017eaduje, aby va\u0161e osobn\u00ed \u00fadaje byly zpracov\u00e1v\u00e1ny poctiv\u011b, p\u0159im\u011b\u0159en\u011b, p\u0159esn\u011b a nikoli nadm\u011brn\u011b. Osobn\u00ed \u00fadaje mus\u00ed b\u00fdt udr\u017eov\u00e1ny aktu\u00e1ln\u00ed a nesm\u00ed b\u00fdt uchov\u00e1v\u00e1ny d\u00e9le, ne\u017e je nezbytn\u00e9. Tak\u00e9 mus\u00ed b\u00fdt uchov\u00e1v\u00e1ny v bezpe\u010d\u00ed, aby se zabr\u00e1nilo neopr\u00e1vn\u011bn\u00e9mu p\u0159\u00edstupu jin\u00fdch osob, a m\u00e1te pr\u00e1vo v\u011bd\u011bt, jak\u00e9 informace m\u00e1me, a opravit nespr\u00e1vn\u00e9 \u00fadaje. Kdykoli m\u016f\u017eete uplatnit sv\u00e1 pr\u00e1va na p\u0159\u00edstup, opravu, n\u00e1mitku nebo vymaz\u00e1n\u00ed t\u00edm, \u017ee za\u0161lete \u017e\u00e1dost na adresu info@v2charge.com nebo po\u0161tou na adresu NEGOCIOS INTELIGENTES 7EXPERIENCE S.L., Avenida Cam\u00ed Nou 268 Xirivella 46950, p\u0159i\u010dem\u017e p\u0159ilo\u017e\u00edte kopii sv\u00e9ho N\u00e1rodn\u00edho identifika\u010dn\u00edho dokladu (DNI) nebo ekvivalentn\u00edho dokumentu.<\/p>\n<p><strong>Cookies<\/strong><\/p>\n<p>N\u011bkdy na webov\u00fdch str\u00e1nk\u00e1ch V2C pou\u017e\u00edv\u00e1me funk\u010dnost \u201ecookies\u201c va\u0161eho internetov\u00e9ho prohl\u00ed\u017ee\u010de. \u201eCookie\u201c je velmi mal\u00fd textov\u00fd soubor, kter\u00fd v\u00e1\u0161 prohl\u00ed\u017ee\u010d ukl\u00e1d\u00e1 na pevn\u00fd disk va\u0161eho po\u010d\u00edta\u010de, co\u017e n\u00e1m umo\u017e\u0148uje maximalizovat va\u0161i n\u00e1v\u0161t\u011bvu na na\u0161ich webov\u00fdch str\u00e1nk\u00e1ch a zlep\u0161it u\u017eivatelskou zku\u0161enost. \u201eCookie\u201c m\u016f\u017ee b\u00fdt pova\u017eov\u00e1no za identifika\u010dn\u00ed kartu, kter\u00e1 webov\u00e9 str\u00e1nce \u0159\u00edk\u00e1, kdy jste se vr\u00e1tili.<\/p>\n<p>V2C zach\u00e1z\u00ed se v\u0161emi informacemi pe\u010dliv\u011b a bezpe\u010dn\u011b. Nikdy neshroma\u017e\u010fujeme ani nezpracov\u00e1v\u00e1me va\u0161e bankovn\u00ed \u00fadaje nebo \u00fadaje o kreditn\u00edch kart\u00e1ch, ale tyto informace budou p\u0159\u00edmo spravov\u00e1ny na\u0161imi platebn\u00edmi zprost\u0159edkovateli, kte\u0159\u00ed spl\u0148uj\u00ed v\u0161echny bezpe\u010dnostn\u00ed a pr\u00e1vn\u00ed po\u017eadavky. Pros\u00edm, pamatujte, \u017ee nebudeme nikdy po\u017eadovat potvrzen\u00ed podrobnost\u00ed va\u0161eho \u00fa\u010dtu, kdy\u017e je va\u0161e karta odm\u00edtnuta v okam\u017eiku platby. Kdy\u017e se s v\u00e1mi spoj\u00edme, nikdy nebudeme po\u017eadovat va\u0161e heslo nebo PIN karty. Nedoporu\u010duje se zad\u00e1vat \u010d\u00edslo va\u0161eho \u00fa\u010dtu nebo heslo do e-mailu nebo kliknout na odkaz, kter\u00fd poch\u00e1z\u00ed z e-mailu.<\/p>\n<p><strong>Zm\u011bna politiky ochrany soukrom\u00ed<\/strong><\/p>\n<p>Aktualizace a zm\u011bny politiky ochrany soukrom\u00ed budou provedeny v souladu s pravidly uveden\u00fdmi v podm\u00ednk\u00e1ch pou\u017eit\u00ed.<\/p>\n","protected":false},"excerpt":{"rendered":"<p>Politika ochrany soukrom\u00ed, pou\u017e\u00edv\u00e1n\u00ed cookies a dal\u0161\u00ed informace V2Charge (V2C) Politika ochrany soukrom\u00ed. Tato webov\u00e1 str\u00e1nka je majetkem spole\u010dnosti NEGOCIOS INTELIGENTES 7EXPERIENCE S.L. (d\u00e1le jen \u201eV2C\u201c), se s\u00eddlem Avenida Cam\u00ed Nou 268 Xirivella (Valencie), CIF N\u00ba B98496706. V souladu se z\u00e1konem 15\/99 o ochran\u011b osobn\u00edch \u00fadaj\u016f v\u00e1s informujeme, \u017ee v\u0161echny va\u0161e \u00fadaje jsou ulo\u017eeny v &#8230; <a title=\"Z\u00e1sady ochrany osobn\u00edch \u00fadaj\u016f a pr\u00e1vn\u00ed upozorn\u011bn\u00ed\" class=\"read-more\" href=\"https:\/\/v2charge.com\/cs\/pravni-upozorn-ni-a-zasady-ochrany-osobnich-udaj\/\" aria-label=\"Read more about Z\u00e1sady ochrany osobn\u00edch \u00fadaj\u016f a pr\u00e1vn\u00ed upozorn\u011bn\u00ed\">\u010c\u00edst d\u00e1l<\/a><\/p>\n","protected":false},"author":1,"featured_media":170354,"parent":0,"menu_order":0,"comment_status":"closed","ping_status":"closed","template":"","meta":{"_eb_attr":"","content-type":"","_uag_custom_page_level_css":"","footnotes":""},"class_list":["post-318086","page","type-page","status-publish","has-post-thumbnail"],"yoast_head":"<!-- This site is optimized with the Yoast SEO plugin v25.3.1 - https:\/\/yoast.com\/wordpress\/plugins\/seo\/ -->\n<title>Z\u00e1sady ochrany osobn\u00edch \u00fadaj\u016f a pr\u00e1vn\u00ed upozorn\u011bn\u00ed - V2C Nab\u00edjec\u00ed Stanice<\/title>\n<meta name=\"robots\" content=\"noindex, follow\" \/>\n<meta property=\"og:locale\" content=\"cs_CZ\" \/>\n<meta property=\"og:type\" content=\"article\" \/>\n<meta property=\"og:title\" content=\"Z\u00e1sady ochrany osobn\u00edch \u00fadaj\u016f a pr\u00e1vn\u00ed upozorn\u011bn\u00ed - V2C Nab\u00edjec\u00ed Stanice\" \/>\n<meta property=\"og:description\" content=\"Politika ochrany soukrom\u00ed, pou\u017e\u00edv\u00e1n\u00ed cookies a dal\u0161\u00ed informace V2Charge (V2C) Politika ochrany soukrom\u00ed. Tato webov\u00e1 str\u00e1nka je majetkem spole\u010dnosti NEGOCIOS INTELIGENTES 7EXPERIENCE S.L. (d\u00e1le jen \u201eV2C\u201c), se s\u00eddlem Avenida Cam\u00ed Nou 268 Xirivella (Valencie), CIF N\u00ba B98496706. V souladu se z\u00e1konem 15\/99 o ochran\u011b osobn\u00edch \u00fadaj\u016f v\u00e1s informujeme, \u017ee v\u0161echny va\u0161e \u00fadaje jsou ulo\u017eeny v ... \u010c\u00edst d\u00e1l\" \/>\n<meta property=\"og:url\" content=\"https:\/\/v2charge.com\/cs\/pravni-upozorn-ni-a-zasady-ochrany-osobnich-udaj\/\" \/>\n<meta property=\"og:site_name\" content=\"V2C\" \/>\n<meta property=\"article:publisher\" content=\"https:\/\/www.facebook.com\/V2C.Charge\" \/>\n<meta property=\"article:modified_time\" content=\"2026-04-25T17:58:29+00:00\" \/>\n<meta property=\"og:image\" content=\"https:\/\/v2charge.com\/wp-content\/uploads\/2024\/07\/v2c-electric-chargers.jpg\" \/>\n\t<meta property=\"og:image:width\" content=\"1200\" \/>\n\t<meta property=\"og:image:height\" content=\"675\" \/>\n\t<meta property=\"og:image:type\" content=\"image\/jpeg\" \/>\n<meta name=\"twitter:card\" content=\"summary_large_image\" \/>\n<meta name=\"twitter:site\" content=\"@V2C_Charge\" \/>\n<meta name=\"twitter:label1\" content=\"Odhadovan\u00e1 doba \u010dten\u00ed\" \/>\n\t<meta name=\"twitter:data1\" content=\"4 minuty\" \/>\n<script type=\"application\/ld+json\" class=\"yoast-schema-graph\">{\"@context\":\"https:\/\/schema.org\",\"@graph\":[{\"@type\":\"WebPage\",\"@id\":\"https:\/\/v2charge.com\/cs\/pravni-upozorn-ni-a-zasady-ochrany-osobnich-udaj\/\",\"url\":\"https:\/\/v2charge.com\/cs\/pravni-upozorn-ni-a-zasady-ochrany-osobnich-udaj\/\",\"name\":\"Z\u00e1sady ochrany osobn\u00edch \u00fadaj\u016f a pr\u00e1vn\u00ed upozorn\u011bn\u00ed - V2C Nab\u00edjec\u00ed Stanice\",\"isPartOf\":{\"@id\":\"https:\/\/v2charge.com\/cs\/#website\"},\"primaryImageOfPage\":{\"@id\":\"https:\/\/v2charge.com\/cs\/pravni-upozorn-ni-a-zasady-ochrany-osobnich-udaj\/#primaryimage\"},\"image\":{\"@id\":\"https:\/\/v2charge.com\/cs\/pravni-upozorn-ni-a-zasady-ochrany-osobnich-udaj\/#primaryimage\"},\"thumbnailUrl\":\"https:\/\/v2charge.com\/wp-content\/uploads\/2024\/07\/v2c-electric-chargers.jpg\",\"datePublished\":\"2018-05-31T15:46:08+00:00\",\"dateModified\":\"2026-04-25T17:58:29+00:00\",\"breadcrumb\":{\"@id\":\"https:\/\/v2charge.com\/cs\/pravni-upozorn-ni-a-zasady-ochrany-osobnich-udaj\/#breadcrumb\"},\"inLanguage\":\"cs\",\"potentialAction\":[{\"@type\":\"ReadAction\",\"target\":[\"https:\/\/v2charge.com\/cs\/pravni-upozorn-ni-a-zasady-ochrany-osobnich-udaj\/\"]}]},{\"@type\":\"ImageObject\",\"inLanguage\":\"cs\",\"@id\":\"https:\/\/v2charge.com\/cs\/pravni-upozorn-ni-a-zasady-ochrany-osobnich-udaj\/#primaryimage\",\"url\":\"https:\/\/v2charge.com\/wp-content\/uploads\/2024\/07\/v2c-electric-chargers.jpg\",\"contentUrl\":\"https:\/\/v2charge.com\/wp-content\/uploads\/2024\/07\/v2c-electric-chargers.jpg\",\"width\":1200,\"height\":675,\"caption\":\"V2C Electric Chargers\"},{\"@type\":\"BreadcrumbList\",\"@id\":\"https:\/\/v2charge.com\/cs\/pravni-upozorn-ni-a-zasady-ochrany-osobnich-udaj\/#breadcrumb\",\"itemListElement\":[{\"@type\":\"ListItem\",\"position\":1,\"name\":\"V2C\",\"item\":\"https:\/\/v2charge.com\/cs\/\"},{\"@type\":\"ListItem\",\"position\":2,\"name\":\"Pr\u00e1vn\u00ed upozorn\u011bn\u00ed a z\u00e1sady ochrany osobn\u00edch \u00fadaj\u016f\"}]},{\"@type\":\"WebSite\",\"@id\":\"https:\/\/v2charge.com\/cs\/#website\",\"url\":\"https:\/\/v2charge.com\/cs\/\",\"name\":\"V2C\",\"description\":\"#CargandoElMa\u00f1ana\",\"publisher\":{\"@id\":\"https:\/\/v2charge.com\/cs\/#organization\"},\"potentialAction\":[{\"@type\":\"SearchAction\",\"target\":{\"@type\":\"EntryPoint\",\"urlTemplate\":\"https:\/\/v2charge.com\/cs\/?s={search_term_string}\"},\"query-input\":{\"@type\":\"PropertyValueSpecification\",\"valueRequired\":true,\"valueName\":\"search_term_string\"}}],\"inLanguage\":\"cs\"},{\"@type\":\"Organization\",\"@id\":\"https:\/\/v2charge.com\/cs\/#organization\",\"name\":\"V2C\",\"url\":\"https:\/\/v2charge.com\/cs\/\",\"logo\":{\"@type\":\"ImageObject\",\"inLanguage\":\"cs\",\"@id\":\"https:\/\/v2charge.com\/cs\/#\/schema\/logo\/image\/\",\"url\":\"https:\/\/v2charge.com\/wp-content\/uploads\/2024\/11\/cropped-v2c-charge-logo-menu.png\",\"contentUrl\":\"https:\/\/v2charge.com\/wp-content\/uploads\/2024\/11\/cropped-v2c-charge-logo-menu.png\",\"width\":984,\"height\":431,\"caption\":\"V2C\"},\"image\":{\"@id\":\"https:\/\/v2charge.com\/cs\/#\/schema\/logo\/image\/\"},\"sameAs\":[\"https:\/\/www.facebook.com\/V2C.Charge\",\"https:\/\/x.com\/V2C_Charge\",\"https:\/\/www.instagram.com\/v2c.charge\/\",\"https:\/\/www.youtube.com\/@V2C\",\"https:\/\/www.linkedin.com\/company\/v2c-chargers\/\"]}]}<\/script>\n<!-- \/ Yoast SEO plugin. -->","yoast_head_json":{"title":"Z\u00e1sady ochrany osobn\u00edch \u00fadaj\u016f a pr\u00e1vn\u00ed upozorn\u011bn\u00ed - V2C Nab\u00edjec\u00ed Stanice","robots":{"index":"noindex","follow":"follow"},"og_locale":"cs_CZ","og_type":"article","og_title":"Z\u00e1sady ochrany osobn\u00edch \u00fadaj\u016f a pr\u00e1vn\u00ed upozorn\u011bn\u00ed - V2C Nab\u00edjec\u00ed Stanice","og_description":"Politika ochrany soukrom\u00ed, pou\u017e\u00edv\u00e1n\u00ed cookies a dal\u0161\u00ed informace V2Charge (V2C) Politika ochrany soukrom\u00ed. Tato webov\u00e1 str\u00e1nka je majetkem spole\u010dnosti NEGOCIOS INTELIGENTES 7EXPERIENCE S.L. (d\u00e1le jen \u201eV2C\u201c), se s\u00eddlem Avenida Cam\u00ed Nou 268 Xirivella (Valencie), CIF N\u00ba B98496706. V souladu se z\u00e1konem 15\/99 o ochran\u011b osobn\u00edch \u00fadaj\u016f v\u00e1s informujeme, \u017ee v\u0161echny va\u0161e \u00fadaje jsou ulo\u017eeny v ... \u010c\u00edst d\u00e1l","og_url":"https:\/\/v2charge.com\/cs\/pravni-upozorn-ni-a-zasady-ochrany-osobnich-udaj\/","og_site_name":"V2C","article_publisher":"https:\/\/www.facebook.com\/V2C.Charge","article_modified_time":"2026-04-25T17:58:29+00:00","og_image":[{"width":1200,"height":675,"url":"https:\/\/v2charge.com\/wp-content\/uploads\/2024\/07\/v2c-electric-chargers.jpg","type":"image\/jpeg"}],"twitter_card":"summary_large_image","twitter_site":"@V2C_Charge","twitter_misc":{"Odhadovan\u00e1 doba \u010dten\u00ed":"4 minuty"},"schema":{"@context":"https:\/\/schema.org","@graph":[{"@type":"WebPage","@id":"https:\/\/v2charge.com\/cs\/pravni-upozorn-ni-a-zasady-ochrany-osobnich-udaj\/","url":"https:\/\/v2charge.com\/cs\/pravni-upozorn-ni-a-zasady-ochrany-osobnich-udaj\/","name":"Z\u00e1sady ochrany osobn\u00edch \u00fadaj\u016f a pr\u00e1vn\u00ed upozorn\u011bn\u00ed - V2C Nab\u00edjec\u00ed Stanice","isPartOf":{"@id":"https:\/\/v2charge.com\/cs\/#website"},"primaryImageOfPage":{"@id":"https:\/\/v2charge.com\/cs\/pravni-upozorn-ni-a-zasady-ochrany-osobnich-udaj\/#primaryimage"},"image":{"@id":"https:\/\/v2charge.com\/cs\/pravni-upozorn-ni-a-zasady-ochrany-osobnich-udaj\/#primaryimage"},"thumbnailUrl":"https:\/\/v2charge.com\/wp-content\/uploads\/2024\/07\/v2c-electric-chargers.jpg","datePublished":"2018-05-31T15:46:08+00:00","dateModified":"2026-04-25T17:58:29+00:00","breadcrumb":{"@id":"https:\/\/v2charge.com\/cs\/pravni-upozorn-ni-a-zasady-ochrany-osobnich-udaj\/#breadcrumb"},"inLanguage":"cs","potentialAction":[{"@type":"ReadAction","target":["https:\/\/v2charge.com\/cs\/pravni-upozorn-ni-a-zasady-ochrany-osobnich-udaj\/"]}]},{"@type":"ImageObject","inLanguage":"cs","@id":"https:\/\/v2charge.com\/cs\/pravni-upozorn-ni-a-zasady-ochrany-osobnich-udaj\/#primaryimage","url":"https:\/\/v2charge.com\/wp-content\/uploads\/2024\/07\/v2c-electric-chargers.jpg","contentUrl":"https:\/\/v2charge.com\/wp-content\/uploads\/2024\/07\/v2c-electric-chargers.jpg","width":1200,"height":675,"caption":"V2C Electric Chargers"},{"@type":"BreadcrumbList","@id":"https:\/\/v2charge.com\/cs\/pravni-upozorn-ni-a-zasady-ochrany-osobnich-udaj\/#breadcrumb","itemListElement":[{"@type":"ListItem","position":1,"name":"V2C","item":"https:\/\/v2charge.com\/cs\/"},{"@type":"ListItem","position":2,"name":"Pr\u00e1vn\u00ed upozorn\u011bn\u00ed a z\u00e1sady ochrany osobn\u00edch \u00fadaj\u016f"}]},{"@type":"WebSite","@id":"https:\/\/v2charge.com\/cs\/#website","url":"https:\/\/v2charge.com\/cs\/","name":"V2C","description":"#CargandoElMa\u00f1ana","publisher":{"@id":"https:\/\/v2charge.com\/cs\/#organization"},"potentialAction":[{"@type":"SearchAction","target":{"@type":"EntryPoint","urlTemplate":"https:\/\/v2charge.com\/cs\/?s={search_term_string}"},"query-input":{"@type":"PropertyValueSpecification","valueRequired":true,"valueName":"search_term_string"}}],"inLanguage":"cs"},{"@type":"Organization","@id":"https:\/\/v2charge.com\/cs\/#organization","name":"V2C","url":"https:\/\/v2charge.com\/cs\/","logo":{"@type":"ImageObject","inLanguage":"cs","@id":"https:\/\/v2charge.com\/cs\/#\/schema\/logo\/image\/","url":"https:\/\/v2charge.com\/wp-content\/uploads\/2024\/11\/cropped-v2c-charge-logo-menu.png","contentUrl":"https:\/\/v2charge.com\/wp-content\/uploads\/2024\/11\/cropped-v2c-charge-logo-menu.png","width":984,"height":431,"caption":"V2C"},"image":{"@id":"https:\/\/v2charge.com\/cs\/#\/schema\/logo\/image\/"},"sameAs":["https:\/\/www.facebook.com\/V2C.Charge","https:\/\/x.com\/V2C_Charge","https:\/\/www.instagram.com\/v2c.charge\/","https:\/\/www.youtube.com\/@V2C","https:\/\/www.linkedin.com\/company\/v2c-chargers\/"]}]}},"uagb_featured_image_src":{"full":["https:\/\/v2charge.com\/wp-content\/uploads\/2024\/07\/v2c-electric-chargers.jpg",1200,675,false],"thumbnail":["https:\/\/v2charge.com\/wp-content\/uploads\/2024\/07\/v2c-electric-chargers-150x150.jpg",150,150,true],"medium":["https:\/\/v2charge.com\/wp-content\/uploads\/2024\/07\/v2c-electric-chargers-300x169.jpg",300,169,true],"medium_large":["https:\/\/v2charge.com\/wp-content\/uploads\/2024\/07\/v2c-electric-chargers-768x432.jpg",768,432,true],"large":["https:\/\/v2charge.com\/wp-content\/uploads\/2024\/07\/v2c-electric-chargers-1024x576.jpg",1024,576,true],"gs-tiny":["https:\/\/v2charge.com\/wp-content\/uploads\/2024\/07\/v2c-electric-chargers.jpg",50,28,false],"xl":["https:\/\/v2charge.com\/wp-content\/uploads\/2024\/07\/v2c-electric-chargers.jpg",1200,675,false],"xxl":["https:\/\/v2charge.com\/wp-content\/uploads\/2024\/07\/v2c-electric-chargers.jpg",1200,675,false],"xxxl":["https:\/\/v2charge.com\/wp-content\/uploads\/2024\/07\/v2c-electric-chargers.jpg",1200,675,false],"xxxxl":["https:\/\/v2charge.com\/wp-content\/uploads\/2024\/07\/v2c-electric-chargers.jpg",1200,675,false],"xxxxxl":["https:\/\/v2charge.com\/wp-content\/uploads\/2024\/07\/v2c-electric-chargers.jpg",1200,675,false],"1536x1536":["https:\/\/v2charge.com\/wp-content\/uploads\/2024\/07\/v2c-electric-chargers.jpg",1200,675,false],"2048x2048":["https:\/\/v2charge.com\/wp-content\/uploads\/2024\/07\/v2c-electric-chargers.jpg",1200,675,false]},"uagb_author_info":{"display_name":"V2C","author_link":"https:\/\/v2charge.com\/cs\/author\/root_k4eu7ki8\/"},"uagb_comment_info":0,"uagb_excerpt":"Politika ochrany soukrom\u00ed, pou\u017e\u00edv\u00e1n\u00ed cookies a dal\u0161\u00ed informace V2Charge (V2C) Politika ochrany soukrom\u00ed. Tato webov\u00e1 str\u00e1nka je majetkem spole\u010dnosti NEGOCIOS INTELIGENTES 7EXPERIENCE S.L. (d\u00e1le jen \u201eV2C\u201c), se s\u00eddlem Avenida Cam\u00ed Nou 268 Xirivella (Valencie), CIF N\u00ba B98496706. V souladu se z\u00e1konem 15\/99 o ochran\u011b osobn\u00edch \u00fadaj\u016f v\u00e1s informujeme, \u017ee v\u0161echny va\u0161e \u00fadaje jsou ulo\u017eeny v&hellip;","_links":{"self":[{"href":"https:\/\/v2charge.com\/cs\/wp-json\/wp\/v2\/pages\/318086","targetHints":{"allow":["GET"]}}],"collection":[{"href":"https:\/\/v2charge.com\/cs\/wp-json\/wp\/v2\/pages"}],"about":[{"href":"https:\/\/v2charge.com\/cs\/wp-json\/wp\/v2\/types\/page"}],"author":[{"embeddable":true,"href":"https:\/\/v2charge.com\/cs\/wp-json\/wp\/v2\/users\/1"}],"replies":[{"embeddable":true,"href":"https:\/\/v2charge.com\/cs\/wp-json\/wp\/v2\/comments?post=318086"}],"version-history":[{"count":0,"href":"https:\/\/v2charge.com\/cs\/wp-json\/wp\/v2\/pages\/318086\/revisions"}],"wp:featuredmedia":[{"embeddable":true,"href":"https:\/\/v2charge.com\/cs\/wp-json\/wp\/v2\/media\/170354"}],"wp:attachment":[{"href":"https:\/\/v2charge.com\/cs\/wp-json\/wp\/v2\/media?parent=318086"}],"curies":[{"name":"wp","href":"https:\/\/api.w.org\/{rel}","templated":true}]}}