{"id":318283,"date":"2018-06-01T09:43:28","date_gmt":"2018-06-01T09:43:28","guid":{"rendered":""},"modified":"2026-04-25T17:58:12","modified_gmt":"2026-04-25T17:58:12","slug":"zasady-pou-ivani-cookies","status":"publish","type":"page","link":"https:\/\/v2charge.com\/cs\/zasady-pou-ivani-cookies\/","title":{"rendered":"Cookie politika"},"content":{"rendered":"<p>Tato webov\u00e9 str\u00e1nky jsou vlastnictv\u00edm spole\u010dnosti NEGOCIOS INTELIGENTES 7 EXPERIENCE S.L. Vstup na tyto str\u00e1nky znamen\u00e1, \u017ee jste se sezn\u00e1mili a souhlas\u00edte s politikou ochrany soukrom\u00ed. Podle \u010dl\u00e1nku 10 z\u00e1kona 34\/2002, z\u00e1kona o informa\u010dn\u00ed spole\u010dnosti a elektronick\u00e9m obchodu (LSSI), jsou uvedeny identifika\u010dn\u00ed \u00fadaje.<\/p>\n<h2>Co jsou cookies?<\/h2>\n<p>Cookie je soubor, kter\u00fd se st\u00e1hne do va\u0161eho po\u010d\u00edta\u010de nebo termin\u00e1lu p\u0159i vstupu na na\u0161e webov\u00e9 str\u00e1nky. Cookies n\u00e1m umo\u017e\u0148uj\u00ed uchov\u00e1vat a obnovovat informace o u\u017eivatelsk\u00fdch nebo naviga\u010dn\u00edch zvyc\u00edch jejich za\u0159\u00edzen\u00ed a mohou b\u00fdt pou\u017eity k rozpozn\u00e1n\u00ed u\u017eivatele, s ohledem na informace, kter\u00e9 obsahuj\u00ed, a na to, jak u\u017eivatel pou\u017e\u00edv\u00e1 sv\u00e9 za\u0159\u00edzen\u00ed.<\/p>\n<h2>Jak\u00e9 typy cookies pou\u017e\u00edvaj\u00ed na\u0161e webov\u00e9 str\u00e1nky?<\/h2>\n<p>Vlastn\u00ed cookies: Jsou to cookies, kter\u00e9 pos\u00edl\u00e1me z na\u0161ich webov\u00fdch str\u00e1nek do va\u0161eho po\u010d\u00edta\u010de nebo termin\u00e1lu.<br \/>Cookies t\u0159et\u00edch stran: Jsou to cookies, kter\u00e9 jsou zas\u00edl\u00e1ny do va\u0161eho po\u010d\u00edta\u010de nebo termin\u00e1lu z dom\u00e9ny nebo webov\u00e9 str\u00e1nky, kter\u00e1 nen\u00ed pod na\u0161\u00ed spr\u00e1vou, ale zpracov\u00e1v\u00e1 data z\u00edskan\u00e1 pomoc\u00ed cookies jin\u00fd subjekt.<br \/>Analytick\u00e9 cookies: Jsou to cookies, kter\u00e9 n\u00e1m nebo t\u0159et\u00edm stran\u00e1m umo\u017e\u0148uj\u00ed kvantifikovat po\u010det u\u017eivatel\u016f a m\u011b\u0159it a analyzovat pou\u017e\u00edv\u00e1n\u00ed na\u0161ich webov\u00fdch str\u00e1nek. K tomu analyzujeme navigaci na na\u0161ich webov\u00fdch str\u00e1nk\u00e1ch, abychom zlep\u0161ili nab\u00eddku na\u0161ich produkt\u016f nebo slu\u017eeb.<\/p>\n<h2>Cookies pou\u017e\u00edvan\u00e9 na www.v2charge.com jsou n\u00e1sleduj\u00edc\u00ed:<\/h2>\n<p>Nezbytn\u00e9 cookies, nap\u0159\u00edklad ty, kter\u00e9 umo\u017e\u0148uj\u00ed spr\u00e1vnou navigaci a efektivn\u00ed na\u010d\u00edt\u00e1n\u00ed obsahu webov\u00fdch str\u00e1nek. PHPSESSID SESION \u2013 Tento cookie se pou\u017e\u00edv\u00e1 k nastaven\u00ed relace u\u017eivatele pro u\u017eivatele, kter\u00fd nav\u0161t\u00edvil na\u0161e webov\u00e9 str\u00e1nky. Je to zp\u016fsob, jak identifikovat a spravovat stav konkr\u00e9tn\u00edho u\u017eivatele \u2013 prom\u011bnn\u00e9 relace \u2013 a umo\u017e\u0148uje p\u0159enos informac\u00ed mezi str\u00e1nkami na na\u0161ich webov\u00fdch str\u00e1nk\u00e1ch. WordPress_test_cookie SESION \u2013 Tento cookie se pou\u017e\u00edv\u00e1 spr\u00e1vcem obsahu WordPress k ov\u011b\u0159en\u00ed, zda jsou cookies aktivov\u00e1ny v prohl\u00ed\u017ee\u010di. Wp-settings-{time}-`{`UID`}` \u2013 UID na konci n\u00e1zvu cookie obsahuje ID u\u017eivatele ulo\u017een\u00e9 v datab\u00e1zi WordPress. Pou\u017e\u00edv\u00e1 se k uchov\u00e1n\u00ed vzhledu administra\u010dn\u00edho rozhran\u00ed a m\u016f\u017ee b\u00fdt tak\u00e9 pou\u017eito k uchov\u00e1n\u00ed vzhledu webov\u00e9 str\u00e1nky. WordPress_logged_in_`{`hash`}` \u2013 Po p\u0159ihl\u00e1\u0161en\u00ed aktivuje WordPress cookie wordpress_logged_in_`{`hash`}`, kter\u00fd ukazuje, kdy jste se p\u0159ihl\u00e1sili a kdo jste, a pou\u017e\u00edv\u00e1 se pro rozhran\u00ed WordPress. WordPress_`{`hash`}` \u2013 Tento cookie se aktivuje p\u0159i p\u0159ihl\u00e1\u0161en\u00ed a uchov\u00e1v\u00e1 autentiza\u010dn\u00ed \u00fadaje. Jeho pou\u017eit\u00ed je omezeno na administra\u010dn\u00ed oblast, \/wp-config\/.<\/p>\n<p>Cookies t\u0159et\u00edch stran, nap\u0159\u00edklad ty, kter\u00e9 pou\u017e\u00edvaj\u00ed extern\u00ed obsah jako soci\u00e1ln\u00ed s\u00edt\u011b nebo Google Maps. _NID, _PREF \u2013 Tyto cookies Google Maps registruj\u00ed p\u016fvod u\u017eivatele a kl\u00ed\u010dov\u00e1 slova. HSID, SSID, APISID, SAPISID, BEAT, OTZ, BEAT \u2013 Umo\u017e\u0148uj\u00ed sd\u00edlen\u00ed obsahu na soci\u00e1ln\u00edch s\u00edt\u00edch. __ga, __utma, __utmb, __utmc, __utmv, __utmz, _twitter_sess, external_referer, guest_id \u2013 Jsou to cookies, kter\u00e9 Twitter instaluje pro sledov\u00e1n\u00ed u\u017eivatel\u016f, remarketing a analytiku.<\/p>\n<p>Analytick\u00e9 cookies, kter\u00e9 pou\u017e\u00edv\u00e1 Google Analytics pro anal\u00fdzu, v\u00fdzkum nebo statistiku za \u00fa\u010delem zlep\u0161en\u00ed zku\u0161enosti na webov\u00fdch str\u00e1nk\u00e1ch. Pomoc\u00ed t\u011bchto cookies je mo\u017en\u00e9 n\u00e1v\u0161t\u011bvn\u00edk\u016fm uk\u00e1zat d\u016fle\u017eit\u011bj\u0161\u00ed informace. __hstc, hubspotutk, __hssc, __hssrc, __hs_opt_out, __hs_do_not_track, __hs_testcookie, hsPagesViewedThisSession, hsfirstvisit: Cookies Hubspot, n\u00e1stroje pro webovou analytiku, pro anal\u00fdzu a m\u011b\u0159en\u00ed pou\u017e\u00edv\u00e1n\u00ed na\u0161ich webov\u00fdch str\u00e1nek a zlep\u0161en\u00ed na\u0161ich slu\u017eeb prost\u0159ednictv\u00edm online marketingu. _utma, _utmb, _utmz, _utmc, _utmt: Hlavn\u00edm c\u00edlem je identifikovat po\u010det n\u00e1v\u0161t\u011bv, dobu konzultace, prohl\u00ed\u017ee\u010d pou\u017eit\u00fd pro p\u0159\u00edstup na web, pou\u017eit\u00e1 kl\u00ed\u010dov\u00e1 slova, glob\u00e1ln\u00ed um\u00edst\u011bn\u00ed n\u00e1v\u0161t\u011bvn\u00edka, nav\u0161t\u00edven\u00fd obsah na webu a dal\u0161\u00ed parametry webov\u00e9ho provozu, v\u017edy anonymn\u011b. Google uchov\u00e1v\u00e1 informace shrom\u00e1\u017ed\u011bn\u00e9 prost\u0159ednictv\u00edm cookies, ani\u017e by identifikoval u\u017eivatele. _hjIncludedInSample a _hjUserId: Cookies Hotjar, n\u00e1stroje pro webovou analytiku, pro anal\u00fdzu a m\u011b\u0159en\u00ed pou\u017e\u00edv\u00e1n\u00ed na\u0161ich webov\u00fdch str\u00e1nek a zlep\u0161en\u00ed na\u0161ich slu\u017eeb.<\/p>\n<p>Na z\u00e1klad\u011b volby, kterou u\u010din\u00edte ohledn\u011b pou\u017e\u00edv\u00e1n\u00ed cookies na t\u00e9to webov\u00e9 str\u00e1nce, v\u00e1m bude zasl\u00e1n dal\u0161\u00ed cookie, aby se zajistilo va\u0161e rozhodnut\u00ed a abyste nemuseli znovu p\u0159ij\u00edmat pou\u017e\u00edv\u00e1n\u00ed cookies poka\u017ed\u00e9, kdy\u017e nav\u0161t\u00edv\u00edte na\u0161e webov\u00e9 str\u00e1nky. C\u00edlem tohoto seznamu cookies je pomoci v\u00e1m rozpoznat cookies ulo\u017een\u00e9 ve va\u0161em prohl\u00ed\u017ee\u010di, kdy\u017e nav\u0161t\u00edv\u00edte na\u0161e webov\u00e9 str\u00e1nky nebo kdy\u017e vid\u00edte na\u0161e reklamy na jin\u00fdch str\u00e1nk\u00e1ch. Sna\u017eili jsme se zahrnout v\u0161echny cookies, kter\u00e9 pou\u017e\u00edv\u00e1me jak my, tak na\u0161i technologi\u010dt\u00ed partne\u0159i, ale m\u011bjte na pam\u011bti, \u017ee n\u011bkdy m\u016f\u017eeme m\u00edt zpo\u017ed\u011bn\u00ed p\u0159i aktualizaci seznamu. Pokud si v\u0161imnete n\u011bjak\u00e9 nesrovnalosti nebo si mysl\u00edte, \u017ee n\u011bjak\u00fd cookie chyb\u00ed, nev\u00e1hejte n\u00e1m to \u0159\u00edct.<\/p>\n<div style=\"height:100px\" aria-hidden=\"true\" class=\"wp-block-spacer\"><\/div>\n","protected":false},"excerpt":{"rendered":"<p>Tato webov\u00e9 str\u00e1nky jsou vlastnictv\u00edm spole\u010dnosti NEGOCIOS INTELIGENTES 7 EXPERIENCE S.L. Vstup na tyto str\u00e1nky znamen\u00e1, \u017ee jste se sezn\u00e1mili a souhlas\u00edte s politikou ochrany soukrom\u00ed. Podle \u010dl\u00e1nku 10 z\u00e1kona 34\/2002, z\u00e1kona o informa\u010dn\u00ed spole\u010dnosti a elektronick\u00e9m obchodu (LSSI), jsou uvedeny identifika\u010dn\u00ed \u00fadaje. Co jsou cookies? Cookie je soubor, kter\u00fd se st\u00e1hne do va\u0161eho po\u010d\u00edta\u010de &#8230; <a title=\"Cookie politika\" class=\"read-more\" href=\"https:\/\/v2charge.com\/cs\/zasady-pou-ivani-cookies\/\" aria-label=\"Read more about Cookie politika\">\u010c\u00edst d\u00e1l<\/a><\/p>\n","protected":false},"author":1,"featured_media":170354,"parent":0,"menu_order":0,"comment_status":"closed","ping_status":"closed","template":"","meta":{"_eb_attr":"","content-type":"","_uag_custom_page_level_css":"","footnotes":""},"class_list":["post-318283","page","type-page","status-publish","has-post-thumbnail"],"yoast_head":"<!-- This site is optimized with the Yoast SEO plugin v25.3.1 - https:\/\/yoast.com\/wordpress\/plugins\/seo\/ -->\n<title>Cookies | V2C Nab\u00edjec\u00ed Stanice pro Elektrick\u00e1 Vozidla<\/title>\n<meta name=\"robots\" content=\"noindex, follow\" \/>\n<meta property=\"og:locale\" content=\"cs_CZ\" \/>\n<meta property=\"og:type\" content=\"article\" \/>\n<meta property=\"og:title\" content=\"Cookies | V2C Nab\u00edjec\u00ed Stanice pro Elektrick\u00e1 Vozidla\" \/>\n<meta property=\"og:description\" content=\"Tato webov\u00e9 str\u00e1nky jsou vlastnictv\u00edm spole\u010dnosti NEGOCIOS INTELIGENTES 7 EXPERIENCE S.L. Vstup na tyto str\u00e1nky znamen\u00e1, \u017ee jste se sezn\u00e1mili a souhlas\u00edte s politikou ochrany soukrom\u00ed. Podle \u010dl\u00e1nku 10 z\u00e1kona 34\/2002, z\u00e1kona o informa\u010dn\u00ed spole\u010dnosti a elektronick\u00e9m obchodu (LSSI), jsou uvedeny identifika\u010dn\u00ed \u00fadaje. Co jsou cookies? Cookie je soubor, kter\u00fd se st\u00e1hne do va\u0161eho po\u010d\u00edta\u010de ... \u010c\u00edst d\u00e1l\" \/>\n<meta property=\"og:url\" content=\"https:\/\/v2charge.com\/cs\/zasady-pou-ivani-cookies\/\" \/>\n<meta property=\"og:site_name\" content=\"V2C\" \/>\n<meta property=\"article:publisher\" content=\"https:\/\/www.facebook.com\/V2C.Charge\" \/>\n<meta property=\"article:modified_time\" content=\"2026-04-25T17:58:12+00:00\" \/>\n<meta property=\"og:image\" content=\"https:\/\/v2charge.com\/wp-content\/uploads\/2024\/07\/v2c-electric-chargers.jpg\" \/>\n\t<meta property=\"og:image:width\" content=\"1200\" \/>\n\t<meta property=\"og:image:height\" content=\"675\" \/>\n\t<meta property=\"og:image:type\" content=\"image\/jpeg\" \/>\n<meta name=\"twitter:card\" content=\"summary_large_image\" \/>\n<meta name=\"twitter:site\" content=\"@V2C_Charge\" \/>\n<meta name=\"twitter:label1\" content=\"Odhadovan\u00e1 doba \u010dten\u00ed\" \/>\n\t<meta name=\"twitter:data1\" content=\"9 minut\" \/>\n<script type=\"application\/ld+json\" class=\"yoast-schema-graph\">{\"@context\":\"https:\/\/schema.org\",\"@graph\":[{\"@type\":\"WebPage\",\"@id\":\"https:\/\/v2charge.com\/cs\/zasady-pou-ivani-cookies\/\",\"url\":\"https:\/\/v2charge.com\/cs\/zasady-pou-ivani-cookies\/\",\"name\":\"Cookies | V2C Nab\u00edjec\u00ed Stanice pro Elektrick\u00e1 Vozidla\",\"isPartOf\":{\"@id\":\"https:\/\/v2charge.com\/cs\/#website\"},\"primaryImageOfPage\":{\"@id\":\"https:\/\/v2charge.com\/cs\/zasady-pou-ivani-cookies\/#primaryimage\"},\"image\":{\"@id\":\"https:\/\/v2charge.com\/cs\/zasady-pou-ivani-cookies\/#primaryimage\"},\"thumbnailUrl\":\"https:\/\/v2charge.com\/wp-content\/uploads\/2024\/07\/v2c-electric-chargers.jpg\",\"datePublished\":\"2018-06-01T09:43:28+00:00\",\"dateModified\":\"2026-04-25T17:58:12+00:00\",\"breadcrumb\":{\"@id\":\"https:\/\/v2charge.com\/cs\/zasady-pou-ivani-cookies\/#breadcrumb\"},\"inLanguage\":\"cs\",\"potentialAction\":[{\"@type\":\"ReadAction\",\"target\":[\"https:\/\/v2charge.com\/cs\/zasady-pou-ivani-cookies\/\"]}]},{\"@type\":\"ImageObject\",\"inLanguage\":\"cs\",\"@id\":\"https:\/\/v2charge.com\/cs\/zasady-pou-ivani-cookies\/#primaryimage\",\"url\":\"https:\/\/v2charge.com\/wp-content\/uploads\/2024\/07\/v2c-electric-chargers.jpg\",\"contentUrl\":\"https:\/\/v2charge.com\/wp-content\/uploads\/2024\/07\/v2c-electric-chargers.jpg\",\"width\":1200,\"height\":675,\"caption\":\"V2C Electric Chargers\"},{\"@type\":\"BreadcrumbList\",\"@id\":\"https:\/\/v2charge.com\/cs\/zasady-pou-ivani-cookies\/#breadcrumb\",\"itemListElement\":[{\"@type\":\"ListItem\",\"position\":1,\"name\":\"V2C\",\"item\":\"https:\/\/v2charge.com\/cs\/\"},{\"@type\":\"ListItem\",\"position\":2,\"name\":\"Z\u00e1sady pou\u017e\u00edv\u00e1n\u00ed cookies\"}]},{\"@type\":\"WebSite\",\"@id\":\"https:\/\/v2charge.com\/cs\/#website\",\"url\":\"https:\/\/v2charge.com\/cs\/\",\"name\":\"V2C\",\"description\":\"#CargandoElMa\u00f1ana\",\"publisher\":{\"@id\":\"https:\/\/v2charge.com\/cs\/#organization\"},\"potentialAction\":[{\"@type\":\"SearchAction\",\"target\":{\"@type\":\"EntryPoint\",\"urlTemplate\":\"https:\/\/v2charge.com\/cs\/?s={search_term_string}\"},\"query-input\":{\"@type\":\"PropertyValueSpecification\",\"valueRequired\":true,\"valueName\":\"search_term_string\"}}],\"inLanguage\":\"cs\"},{\"@type\":\"Organization\",\"@id\":\"https:\/\/v2charge.com\/cs\/#organization\",\"name\":\"V2C\",\"url\":\"https:\/\/v2charge.com\/cs\/\",\"logo\":{\"@type\":\"ImageObject\",\"inLanguage\":\"cs\",\"@id\":\"https:\/\/v2charge.com\/cs\/#\/schema\/logo\/image\/\",\"url\":\"https:\/\/v2charge.com\/wp-content\/uploads\/2024\/11\/cropped-v2c-charge-logo-menu.png\",\"contentUrl\":\"https:\/\/v2charge.com\/wp-content\/uploads\/2024\/11\/cropped-v2c-charge-logo-menu.png\",\"width\":984,\"height\":431,\"caption\":\"V2C\"},\"image\":{\"@id\":\"https:\/\/v2charge.com\/cs\/#\/schema\/logo\/image\/\"},\"sameAs\":[\"https:\/\/www.facebook.com\/V2C.Charge\",\"https:\/\/x.com\/V2C_Charge\",\"https:\/\/www.instagram.com\/v2c.charge\/\",\"https:\/\/www.youtube.com\/@V2C\",\"https:\/\/www.linkedin.com\/company\/v2c-chargers\/\"]}]}<\/script>\n<!-- \/ Yoast SEO plugin. -->","yoast_head_json":{"title":"Cookies | V2C Nab\u00edjec\u00ed Stanice pro Elektrick\u00e1 Vozidla","robots":{"index":"noindex","follow":"follow"},"og_locale":"cs_CZ","og_type":"article","og_title":"Cookies | V2C Nab\u00edjec\u00ed Stanice pro Elektrick\u00e1 Vozidla","og_description":"Tato webov\u00e9 str\u00e1nky jsou vlastnictv\u00edm spole\u010dnosti NEGOCIOS INTELIGENTES 7 EXPERIENCE S.L. Vstup na tyto str\u00e1nky znamen\u00e1, \u017ee jste se sezn\u00e1mili a souhlas\u00edte s politikou ochrany soukrom\u00ed. Podle \u010dl\u00e1nku 10 z\u00e1kona 34\/2002, z\u00e1kona o informa\u010dn\u00ed spole\u010dnosti a elektronick\u00e9m obchodu (LSSI), jsou uvedeny identifika\u010dn\u00ed \u00fadaje. Co jsou cookies? Cookie je soubor, kter\u00fd se st\u00e1hne do va\u0161eho po\u010d\u00edta\u010de ... \u010c\u00edst d\u00e1l","og_url":"https:\/\/v2charge.com\/cs\/zasady-pou-ivani-cookies\/","og_site_name":"V2C","article_publisher":"https:\/\/www.facebook.com\/V2C.Charge","article_modified_time":"2026-04-25T17:58:12+00:00","og_image":[{"width":1200,"height":675,"url":"https:\/\/v2charge.com\/wp-content\/uploads\/2024\/07\/v2c-electric-chargers.jpg","type":"image\/jpeg"}],"twitter_card":"summary_large_image","twitter_site":"@V2C_Charge","twitter_misc":{"Odhadovan\u00e1 doba \u010dten\u00ed":"9 minut"},"schema":{"@context":"https:\/\/schema.org","@graph":[{"@type":"WebPage","@id":"https:\/\/v2charge.com\/cs\/zasady-pou-ivani-cookies\/","url":"https:\/\/v2charge.com\/cs\/zasady-pou-ivani-cookies\/","name":"Cookies | V2C Nab\u00edjec\u00ed Stanice pro Elektrick\u00e1 Vozidla","isPartOf":{"@id":"https:\/\/v2charge.com\/cs\/#website"},"primaryImageOfPage":{"@id":"https:\/\/v2charge.com\/cs\/zasady-pou-ivani-cookies\/#primaryimage"},"image":{"@id":"https:\/\/v2charge.com\/cs\/zasady-pou-ivani-cookies\/#primaryimage"},"thumbnailUrl":"https:\/\/v2charge.com\/wp-content\/uploads\/2024\/07\/v2c-electric-chargers.jpg","datePublished":"2018-06-01T09:43:28+00:00","dateModified":"2026-04-25T17:58:12+00:00","breadcrumb":{"@id":"https:\/\/v2charge.com\/cs\/zasady-pou-ivani-cookies\/#breadcrumb"},"inLanguage":"cs","potentialAction":[{"@type":"ReadAction","target":["https:\/\/v2charge.com\/cs\/zasady-pou-ivani-cookies\/"]}]},{"@type":"ImageObject","inLanguage":"cs","@id":"https:\/\/v2charge.com\/cs\/zasady-pou-ivani-cookies\/#primaryimage","url":"https:\/\/v2charge.com\/wp-content\/uploads\/2024\/07\/v2c-electric-chargers.jpg","contentUrl":"https:\/\/v2charge.com\/wp-content\/uploads\/2024\/07\/v2c-electric-chargers.jpg","width":1200,"height":675,"caption":"V2C Electric Chargers"},{"@type":"BreadcrumbList","@id":"https:\/\/v2charge.com\/cs\/zasady-pou-ivani-cookies\/#breadcrumb","itemListElement":[{"@type":"ListItem","position":1,"name":"V2C","item":"https:\/\/v2charge.com\/cs\/"},{"@type":"ListItem","position":2,"name":"Z\u00e1sady pou\u017e\u00edv\u00e1n\u00ed cookies"}]},{"@type":"WebSite","@id":"https:\/\/v2charge.com\/cs\/#website","url":"https:\/\/v2charge.com\/cs\/","name":"V2C","description":"#CargandoElMa\u00f1ana","publisher":{"@id":"https:\/\/v2charge.com\/cs\/#organization"},"potentialAction":[{"@type":"SearchAction","target":{"@type":"EntryPoint","urlTemplate":"https:\/\/v2charge.com\/cs\/?s={search_term_string}"},"query-input":{"@type":"PropertyValueSpecification","valueRequired":true,"valueName":"search_term_string"}}],"inLanguage":"cs"},{"@type":"Organization","@id":"https:\/\/v2charge.com\/cs\/#organization","name":"V2C","url":"https:\/\/v2charge.com\/cs\/","logo":{"@type":"ImageObject","inLanguage":"cs","@id":"https:\/\/v2charge.com\/cs\/#\/schema\/logo\/image\/","url":"https:\/\/v2charge.com\/wp-content\/uploads\/2024\/11\/cropped-v2c-charge-logo-menu.png","contentUrl":"https:\/\/v2charge.com\/wp-content\/uploads\/2024\/11\/cropped-v2c-charge-logo-menu.png","width":984,"height":431,"caption":"V2C"},"image":{"@id":"https:\/\/v2charge.com\/cs\/#\/schema\/logo\/image\/"},"sameAs":["https:\/\/www.facebook.com\/V2C.Charge","https:\/\/x.com\/V2C_Charge","https:\/\/www.instagram.com\/v2c.charge\/","https:\/\/www.youtube.com\/@V2C","https:\/\/www.linkedin.com\/company\/v2c-chargers\/"]}]}},"uagb_featured_image_src":{"full":["https:\/\/v2charge.com\/wp-content\/uploads\/2024\/07\/v2c-electric-chargers.jpg",1200,675,false],"thumbnail":["https:\/\/v2charge.com\/wp-content\/uploads\/2024\/07\/v2c-electric-chargers-150x150.jpg",150,150,true],"medium":["https:\/\/v2charge.com\/wp-content\/uploads\/2024\/07\/v2c-electric-chargers-300x169.jpg",300,169,true],"medium_large":["https:\/\/v2charge.com\/wp-content\/uploads\/2024\/07\/v2c-electric-chargers-768x432.jpg",768,432,true],"large":["https:\/\/v2charge.com\/wp-content\/uploads\/2024\/07\/v2c-electric-chargers-1024x576.jpg",1024,576,true],"gs-tiny":["https:\/\/v2charge.com\/wp-content\/uploads\/2024\/07\/v2c-electric-chargers.jpg",50,28,false],"xl":["https:\/\/v2charge.com\/wp-content\/uploads\/2024\/07\/v2c-electric-chargers.jpg",1200,675,false],"xxl":["https:\/\/v2charge.com\/wp-content\/uploads\/2024\/07\/v2c-electric-chargers.jpg",1200,675,false],"xxxl":["https:\/\/v2charge.com\/wp-content\/uploads\/2024\/07\/v2c-electric-chargers.jpg",1200,675,false],"xxxxl":["https:\/\/v2charge.com\/wp-content\/uploads\/2024\/07\/v2c-electric-chargers.jpg",1200,675,false],"xxxxxl":["https:\/\/v2charge.com\/wp-content\/uploads\/2024\/07\/v2c-electric-chargers.jpg",1200,675,false],"1536x1536":["https:\/\/v2charge.com\/wp-content\/uploads\/2024\/07\/v2c-electric-chargers.jpg",1200,675,false],"2048x2048":["https:\/\/v2charge.com\/wp-content\/uploads\/2024\/07\/v2c-electric-chargers.jpg",1200,675,false]},"uagb_author_info":{"display_name":"V2C","author_link":"https:\/\/v2charge.com\/cs\/author\/root_k4eu7ki8\/"},"uagb_comment_info":0,"uagb_excerpt":"Tato webov\u00e9 str\u00e1nky jsou vlastnictv\u00edm spole\u010dnosti NEGOCIOS INTELIGENTES 7 EXPERIENCE S.L. Vstup na tyto str\u00e1nky znamen\u00e1, \u017ee jste se sezn\u00e1mili a souhlas\u00edte s politikou ochrany soukrom\u00ed. Podle \u010dl\u00e1nku 10 z\u00e1kona 34\/2002, z\u00e1kona o informa\u010dn\u00ed spole\u010dnosti a elektronick\u00e9m obchodu (LSSI), jsou uvedeny identifika\u010dn\u00ed \u00fadaje. Co jsou cookies? Cookie je soubor, kter\u00fd se st\u00e1hne do va\u0161eho po\u010d\u00edta\u010de&hellip;","_links":{"self":[{"href":"https:\/\/v2charge.com\/cs\/wp-json\/wp\/v2\/pages\/318283","targetHints":{"allow":["GET"]}}],"collection":[{"href":"https:\/\/v2charge.com\/cs\/wp-json\/wp\/v2\/pages"}],"about":[{"href":"https:\/\/v2charge.com\/cs\/wp-json\/wp\/v2\/types\/page"}],"author":[{"embeddable":true,"href":"https:\/\/v2charge.com\/cs\/wp-json\/wp\/v2\/users\/1"}],"replies":[{"embeddable":true,"href":"https:\/\/v2charge.com\/cs\/wp-json\/wp\/v2\/comments?post=318283"}],"version-history":[{"count":0,"href":"https:\/\/v2charge.com\/cs\/wp-json\/wp\/v2\/pages\/318283\/revisions"}],"wp:featuredmedia":[{"embeddable":true,"href":"https:\/\/v2charge.com\/cs\/wp-json\/wp\/v2\/media\/170354"}],"wp:attachment":[{"href":"https:\/\/v2charge.com\/cs\/wp-json\/wp\/v2\/media?parent=318283"}],"curies":[{"name":"wp","href":"https:\/\/api.w.org\/{rel}","templated":true}]}}