{"id":318296,"date":"2021-12-31T13:08:13","date_gmt":"2021-12-31T13:08:13","guid":{"rendered":""},"modified":"2023-10-02T13:21:33","modified_gmt":"2023-10-02T11:21:33","slug":"jak-p-ipojit-svou-nabijeci-stanici-v2c-k-wifi","status":"publish","type":"page","link":"https:\/\/v2charge.com\/cs\/jak-p-ipojit-svou-nabijeci-stanici-v2c-k-wifi\/","title":{"rendered":"Jak p\u0159ipojit svou nab\u00edjec\u00ed stanici V2C k wifi?"},"content":{"rendered":"\n<div style=\"height:60px\" aria-hidden=\"true\" class=\"wp-block-spacer\"><\/div>\n<h1>Jak p\u0159ipojit svou nab\u00edjec\u00ed stanici V2C k wifi?<\/h1><p>V z\u00e1vislosti na modelu, kter\u00fd m\u00e1te, se proces provede jedn\u00edm nebo druh\u00fdm zp\u016fsobem. Nicm\u00e9n\u011b v\u0161echny maj\u00ed spole\u010dn\u00e9, \u017ee mus\u00ed b\u00fdt provedeny prost\u0159ednictv\u00edm mobiln\u00ed aplikace a Bluetooth mus\u00ed b\u00fdt aktivov\u00e1no.<\/p>\n\n\n<blockquote class=\"wp-block-quote is-layout-flow wp-block-quote-is-layout-flow\"><p>Pou\u017eit\u00ed Bluetooth vy\u017eaduje povolen\u00ed lokalizace na v\u011bt\u0161in\u011b za\u0159\u00edzen\u00ed Android.<\/p><\/blockquote>\n\n\n<p>P\u0159ipojen\u00ed mezi nab\u00edjec\u00edm bodem a aplikac\u00ed se prov\u00e1d\u00ed prost\u0159ednictv\u00edm Bluetooth, <\/p>\n\n\n<ol class=\"wp-block-list\"><li>Prvn\u00ed mo\u017enost\u00ed je prov\u00e9st to b\u011bhem p\u00e1rov\u00e1n\u00ed za\u0159\u00edzen\u00ed (mus\u00edte m\u00edt zapnut\u00fd Bluetooth a b\u00fdt n\u011bkolik metr\u016f od n\u011bj). Pokud p\u00e1rov\u00e1n\u00ed neprob\u011bhne vedle za\u0159\u00edzen\u00ed nebo nem\u00e1te v tu chv\u00edli zapnut\u00fd Bluetooth, m\u016f\u017eete to p\u0159esko\u010dit a prov\u00e9st to pozd\u011bji).<\/li>\n\n<li>Druh\u00e1 mo\u017enost je prost\u0159ednictv\u00edm menu.<\/li><\/ol>\n\n\n<p>Pokud je nab\u00edjec\u00ed m\u00edsto p\u0159ipojeno k internetu, v aplikaci se zobraz\u00ed sign\u00e1ly ve tvaru vlny. Pokud je mo\u017en\u00e9 p\u0159ipojen\u00ed p\u0159es bluetooth, v aplikaci se zobraz\u00ed symbol bluetooth.<\/p>\n\n<div class=\"wp-block-image\">\n<figure class=\"aligncenter size-large is-resized\"><img decoding=\"async\" src=\"https:\/\/v2charge.com\/wp-content\/uploads\/2022\/12\/v2c-internet-bluetooth-731x1024.jpg\" alt=\"V2C APP Conexiones\" class=\"wp-image-90736\" width=\"366\" height=\"512\" srcset=\"https:\/\/v2charge.com\/wp-content\/uploads\/2022\/12\/v2c-internet-bluetooth-731x1024.jpg 731w, https:\/\/v2charge.com\/wp-content\/uploads\/2022\/12\/v2c-internet-bluetooth-214x300.jpg 214w, https:\/\/v2charge.com\/wp-content\/uploads\/2022\/12\/v2c-internet-bluetooth-768x1075.jpg 768w, https:\/\/v2charge.com\/wp-content\/uploads\/2022\/12\/v2c-internet-bluetooth-1097x1536.jpg 1097w, https:\/\/v2charge.com\/wp-content\/uploads\/2022\/12\/v2c-internet-bluetooth.jpg 1385w\" sizes=\"(max-width: 366px) 100vw, 366px\" \/><\/figure>\n<\/div>\n\n<p>Pokud m\u00e1me p\u0159ipojen\u00ed p\u0159es bluetooth, m\u016f\u017eeme p\u0159istupovat k za\u0159\u00edzen\u00ed na jeho hlavn\u00edm displeji. Vstoup\u00edme do nab\u00edjec\u00edho bodu v re\u017eimu bluetooth. P\u0159\u00edstup k z\u00e1lo\u017ece nastaven\u00ed.<\/p>\n\n<blockquote class=\"is-layout-flow wp-block-quote-is-layout-flow\"><p>Za\u0159\u00edzen\u00ed, kter\u00e1 nelze pou\u017e\u00edvat p\u0159es bluetooth, se p\u0159\u00edmo dostanou na str\u00e1nku nastaven\u00ed Wifi.<\/p><\/blockquote>\n\n\n<figure><img decoding=\"async\" src=\"https:\/\/v2charge.com\/wp-content\/uploads\/2022\/12\/v2c-app-ajustes-731x1024.jpg\" alt=\"Ajustes V2C App\" width=\"366\" height=\"512\"\/><\/figure>\n\n\n<p>P\u0159\u00edstupem do nab\u00eddky nastaven\u00ed v doln\u00ed \u010d\u00e1sti m\u016f\u017eeme vybrat nastaven\u00ed WIFI.<\/p>\n\n\n<figure><img decoding=\"async\" src=\"https:\/\/v2charge.com\/wp-content\/uploads\/2022\/12\/configuracio\u0301n-app-v2c-731x1024.jpg\" alt=\"Configuraci\u00f3n App\" width=\"366\" height=\"512\"\/><\/figure>\n\n\n\n<figure><img decoding=\"async\" src=\"https:\/\/v2charge.com\/wp-content\/uploads\/2022\/12\/v2c-app-wifi-conectar-731x1024.jpg\" alt=\"V2C App Wi-Fi\" width=\"366\" height=\"512\"\/><\/figure>\n\n\n<p>Na za\u0159\u00edzen\u00edch Android, pokud m\u00e1te Wi-Fi aktivovanou, automaticky se v\u00e1m zobraz\u00ed dostupn\u00e9 s\u00edt\u011b, jinak je t\u0159eba napsat n\u00e1zev Wi-Fi SSID, tak jak je uveden na routeru (s ohledem na velk\u00e1 a mal\u00e1 p\u00edsmena). Uve\u010fte heslo.<\/p>\n\n<p>V z\u00e1vislosti na za\u0159\u00edzen\u00ed se v tu chv\u00edli restartuje. Po n\u011bkolika minut\u00e1ch od restartu by se m\u011bl v aplikaci objevit nab\u00edjec\u00ed bod s p\u0159ipojen\u00edm k internetu. Pokud tomu tak nen\u00ed, zkontrolujte, zda je heslo spr\u00e1vn\u00e9. Dal\u0161\u00ed informace o tom, jak zjistit, zda je moje za\u0159\u00edzen\u00ed p\u0159ipojeno, naleznete v manu\u00e1lu nab\u00edjec\u00edho bodu.<\/p>\n\n<blockquote class=\"is-layout-flow wp-block-quote-is-layout-flow\"><p>V\u017edy p\u0159ipojte za\u0159\u00edzen\u00ed k wifi s\u00edti, kter\u00e1 m\u00e1 spr\u00e1vn\u00fd sign\u00e1l, nebo nainstalujte wifi repeater, jinak budete m\u00edt probl\u00e9my s odpojen\u00edm nebo \u0161patn\u00fdm fungov\u00e1n\u00edm. <\/p><p>Wifi s\u00edt\u011b s n\u011bjak\u00fdm typem bezpe\u010dnostn\u00ed ochrany (firewall), blokov\u00e1n\u00edm DHCP, uzav\u0159en\u00edm port\u016f atd., obvykle spojen\u00e9 s firmami, by m\u011bly b\u00fdt nakonfigurov\u00e1ny s technick\u00fdm odpov\u011bdn\u00fdm pracovn\u00edkem. Pro v\u00edce informac\u00ed se obra\u0165te na na\u0161i z\u00e1kaznickou podporu. <\/p><\/blockquote>\n\n\n<div style=\"height:60px\" aria-hidden=\"true\" class=\"wp-block-spacer\"><\/div>\n","protected":false},"excerpt":{"rendered":"<p>Jak p\u0159ipojit svou nab\u00edjec\u00ed stanici V2C k wifi? V z\u00e1vislosti na modelu, kter\u00fd m\u00e1te, se proces provede jedn\u00edm nebo druh\u00fdm zp\u016fsobem. Nicm\u00e9n\u011b v\u0161echny maj\u00ed spole\u010dn\u00e9, \u017ee mus\u00ed b\u00fdt provedeny prost\u0159ednictv\u00edm mobiln\u00ed aplikace a Bluetooth mus\u00ed b\u00fdt aktivov\u00e1no. Pou\u017eit\u00ed Bluetooth vy\u017eaduje povolen\u00ed lokalizace na v\u011bt\u0161in\u011b za\u0159\u00edzen\u00ed Android. P\u0159ipojen\u00ed mezi nab\u00edjec\u00edm bodem a aplikac\u00ed se prov\u00e1d\u00ed prost\u0159ednictv\u00edm &#8230; <a title=\"Jak p\u0159ipojit svou nab\u00edjec\u00ed stanici V2C k wifi?\" class=\"read-more\" href=\"https:\/\/v2charge.com\/cs\/jak-p-ipojit-svou-nabijeci-stanici-v2c-k-wifi\/\" aria-label=\"Read more about Jak p\u0159ipojit svou nab\u00edjec\u00ed stanici V2C k wifi?\">\u010c\u00edst d\u00e1l<\/a><\/p>\n","protected":false},"author":1,"featured_media":170354,"parent":0,"menu_order":0,"comment_status":"closed","ping_status":"closed","template":"","meta":{"_eb_attr":"","content-type":"","_uag_custom_page_level_css":"","footnotes":""},"class_list":["post-318296","page","type-page","status-publish","has-post-thumbnail"],"yoast_head":"<!-- This site is optimized with the Yoast SEO plugin v25.3.1 - https:\/\/yoast.com\/wordpress\/plugins\/seo\/ -->\n<title>Jak p\u0159ipojit svou elektrickou nab\u00edjec\u00ed stanici k WiFi? | V2C<\/title>\n<meta name=\"description\" content=\"Vysv\u011btl\u00edme ti, jak p\u0159ipojit tv\u016fj nab\u00edjec\u00ed bod V2C k Wi-Fi. U\u017eij si nejnov\u011bj\u0161\u00ed technologie s na\u0161imi e-Chargery.\" \/>\n<meta name=\"robots\" content=\"index, follow, max-snippet:-1, max-image-preview:large, max-video-preview:-1\" \/>\n<link rel=\"canonical\" href=\"https:\/\/v2charge.com\/cs\/jak-p-ipojit-svou-nabijeci-stanici-v2c-k-wifi\/\" \/>\n<meta property=\"og:locale\" content=\"cs_CZ\" \/>\n<meta property=\"og:type\" content=\"article\" \/>\n<meta property=\"og:title\" content=\"Jak p\u0159ipojit svou elektrickou nab\u00edjec\u00ed stanici k WiFi? | V2C\" \/>\n<meta property=\"og:description\" content=\"Vysv\u011btl\u00edme ti, jak p\u0159ipojit tv\u016fj nab\u00edjec\u00ed bod V2C k Wi-Fi. U\u017eij si nejnov\u011bj\u0161\u00ed technologie s na\u0161imi e-Chargery.\" \/>\n<meta property=\"og:url\" content=\"https:\/\/v2charge.com\/cs\/jak-p-ipojit-svou-nabijeci-stanici-v2c-k-wifi\/\" \/>\n<meta property=\"og:site_name\" content=\"V2C\" \/>\n<meta property=\"article:publisher\" content=\"https:\/\/www.facebook.com\/V2C.Charge\" \/>\n<meta property=\"article:modified_time\" content=\"2023-10-02T11:21:33+00:00\" \/>\n<meta property=\"og:image\" content=\"https:\/\/v2charge.com\/wp-content\/uploads\/2024\/07\/v2c-electric-chargers.jpg\" \/>\n\t<meta property=\"og:image:width\" content=\"1200\" \/>\n\t<meta property=\"og:image:height\" content=\"675\" \/>\n\t<meta property=\"og:image:type\" content=\"image\/jpeg\" \/>\n<meta name=\"twitter:card\" content=\"summary_large_image\" \/>\n<meta name=\"twitter:site\" content=\"@V2C_Charge\" \/>\n<meta name=\"twitter:label1\" content=\"Odhadovan\u00e1 doba \u010dten\u00ed\" \/>\n\t<meta name=\"twitter:data1\" content=\"3 minuty\" \/>\n<script type=\"application\/ld+json\" class=\"yoast-schema-graph\">{\"@context\":\"https:\/\/schema.org\",\"@graph\":[{\"@type\":\"WebPage\",\"@id\":\"https:\/\/v2charge.com\/cs\/jak-p-ipojit-svou-nabijeci-stanici-v2c-k-wifi\/\",\"url\":\"https:\/\/v2charge.com\/cs\/jak-p-ipojit-svou-nabijeci-stanici-v2c-k-wifi\/\",\"name\":\"Jak p\u0159ipojit svou elektrickou nab\u00edjec\u00ed stanici k WiFi? | V2C\",\"isPartOf\":{\"@id\":\"https:\/\/v2charge.com\/cs\/#website\"},\"primaryImageOfPage\":{\"@id\":\"https:\/\/v2charge.com\/cs\/jak-p-ipojit-svou-nabijeci-stanici-v2c-k-wifi\/#primaryimage\"},\"image\":{\"@id\":\"https:\/\/v2charge.com\/cs\/jak-p-ipojit-svou-nabijeci-stanici-v2c-k-wifi\/#primaryimage\"},\"thumbnailUrl\":\"https:\/\/v2charge.com\/wp-content\/uploads\/2024\/07\/v2c-electric-chargers.jpg\",\"datePublished\":\"2021-12-31T13:08:13+00:00\",\"dateModified\":\"2023-10-02T11:21:33+00:00\",\"description\":\"Vysv\u011btl\u00edme ti, jak p\u0159ipojit tv\u016fj nab\u00edjec\u00ed bod V2C k Wi-Fi. U\u017eij si nejnov\u011bj\u0161\u00ed technologie s na\u0161imi e-Chargery.\",\"breadcrumb\":{\"@id\":\"https:\/\/v2charge.com\/cs\/jak-p-ipojit-svou-nabijeci-stanici-v2c-k-wifi\/#breadcrumb\"},\"inLanguage\":\"cs\",\"potentialAction\":[{\"@type\":\"ReadAction\",\"target\":[\"https:\/\/v2charge.com\/cs\/jak-p-ipojit-svou-nabijeci-stanici-v2c-k-wifi\/\"]}]},{\"@type\":\"ImageObject\",\"inLanguage\":\"cs\",\"@id\":\"https:\/\/v2charge.com\/cs\/jak-p-ipojit-svou-nabijeci-stanici-v2c-k-wifi\/#primaryimage\",\"url\":\"https:\/\/v2charge.com\/wp-content\/uploads\/2024\/07\/v2c-electric-chargers.jpg\",\"contentUrl\":\"https:\/\/v2charge.com\/wp-content\/uploads\/2024\/07\/v2c-electric-chargers.jpg\",\"width\":1200,\"height\":675,\"caption\":\"V2C Electric Chargers\"},{\"@type\":\"BreadcrumbList\",\"@id\":\"https:\/\/v2charge.com\/cs\/jak-p-ipojit-svou-nabijeci-stanici-v2c-k-wifi\/#breadcrumb\",\"itemListElement\":[{\"@type\":\"ListItem\",\"position\":1,\"name\":\"V2C\",\"item\":\"https:\/\/v2charge.com\/cs\/\"},{\"@type\":\"ListItem\",\"position\":2,\"name\":\"Jak p\u0159ipojit svou nab\u00edjec\u00ed stanici V2C k wifi?\"}]},{\"@type\":\"WebSite\",\"@id\":\"https:\/\/v2charge.com\/cs\/#website\",\"url\":\"https:\/\/v2charge.com\/cs\/\",\"name\":\"V2C\",\"description\":\"#CargandoElMa\u00f1ana\",\"publisher\":{\"@id\":\"https:\/\/v2charge.com\/cs\/#organization\"},\"potentialAction\":[{\"@type\":\"SearchAction\",\"target\":{\"@type\":\"EntryPoint\",\"urlTemplate\":\"https:\/\/v2charge.com\/cs\/?s={search_term_string}\"},\"query-input\":{\"@type\":\"PropertyValueSpecification\",\"valueRequired\":true,\"valueName\":\"search_term_string\"}}],\"inLanguage\":\"cs\"},{\"@type\":\"Organization\",\"@id\":\"https:\/\/v2charge.com\/cs\/#organization\",\"name\":\"V2C\",\"url\":\"https:\/\/v2charge.com\/cs\/\",\"logo\":{\"@type\":\"ImageObject\",\"inLanguage\":\"cs\",\"@id\":\"https:\/\/v2charge.com\/cs\/#\/schema\/logo\/image\/\",\"url\":\"https:\/\/v2charge.com\/wp-content\/uploads\/2024\/11\/cropped-v2c-charge-logo-menu.png\",\"contentUrl\":\"https:\/\/v2charge.com\/wp-content\/uploads\/2024\/11\/cropped-v2c-charge-logo-menu.png\",\"width\":984,\"height\":431,\"caption\":\"V2C\"},\"image\":{\"@id\":\"https:\/\/v2charge.com\/cs\/#\/schema\/logo\/image\/\"},\"sameAs\":[\"https:\/\/www.facebook.com\/V2C.Charge\",\"https:\/\/x.com\/V2C_Charge\",\"https:\/\/www.instagram.com\/v2c.charge\/\",\"https:\/\/www.youtube.com\/@V2C\",\"https:\/\/www.linkedin.com\/company\/v2c-chargers\/\"]}]}<\/script>\n<!-- \/ Yoast SEO plugin. -->","yoast_head_json":{"title":"Jak p\u0159ipojit svou elektrickou nab\u00edjec\u00ed stanici k WiFi? | V2C","description":"Vysv\u011btl\u00edme ti, jak p\u0159ipojit tv\u016fj nab\u00edjec\u00ed bod V2C k Wi-Fi. U\u017eij si nejnov\u011bj\u0161\u00ed technologie s na\u0161imi e-Chargery.","robots":{"index":"index","follow":"follow","max-snippet":"max-snippet:-1","max-image-preview":"max-image-preview:large","max-video-preview":"max-video-preview:-1"},"canonical":"https:\/\/v2charge.com\/cs\/jak-p-ipojit-svou-nabijeci-stanici-v2c-k-wifi\/","og_locale":"cs_CZ","og_type":"article","og_title":"Jak p\u0159ipojit svou elektrickou nab\u00edjec\u00ed stanici k WiFi? | V2C","og_description":"Vysv\u011btl\u00edme ti, jak p\u0159ipojit tv\u016fj nab\u00edjec\u00ed bod V2C k Wi-Fi. U\u017eij si nejnov\u011bj\u0161\u00ed technologie s na\u0161imi e-Chargery.","og_url":"https:\/\/v2charge.com\/cs\/jak-p-ipojit-svou-nabijeci-stanici-v2c-k-wifi\/","og_site_name":"V2C","article_publisher":"https:\/\/www.facebook.com\/V2C.Charge","article_modified_time":"2023-10-02T11:21:33+00:00","og_image":[{"width":1200,"height":675,"url":"https:\/\/v2charge.com\/wp-content\/uploads\/2024\/07\/v2c-electric-chargers.jpg","type":"image\/jpeg"}],"twitter_card":"summary_large_image","twitter_site":"@V2C_Charge","twitter_misc":{"Odhadovan\u00e1 doba \u010dten\u00ed":"3 minuty"},"schema":{"@context":"https:\/\/schema.org","@graph":[{"@type":"WebPage","@id":"https:\/\/v2charge.com\/cs\/jak-p-ipojit-svou-nabijeci-stanici-v2c-k-wifi\/","url":"https:\/\/v2charge.com\/cs\/jak-p-ipojit-svou-nabijeci-stanici-v2c-k-wifi\/","name":"Jak p\u0159ipojit svou elektrickou nab\u00edjec\u00ed stanici k WiFi? | V2C","isPartOf":{"@id":"https:\/\/v2charge.com\/cs\/#website"},"primaryImageOfPage":{"@id":"https:\/\/v2charge.com\/cs\/jak-p-ipojit-svou-nabijeci-stanici-v2c-k-wifi\/#primaryimage"},"image":{"@id":"https:\/\/v2charge.com\/cs\/jak-p-ipojit-svou-nabijeci-stanici-v2c-k-wifi\/#primaryimage"},"thumbnailUrl":"https:\/\/v2charge.com\/wp-content\/uploads\/2024\/07\/v2c-electric-chargers.jpg","datePublished":"2021-12-31T13:08:13+00:00","dateModified":"2023-10-02T11:21:33+00:00","description":"Vysv\u011btl\u00edme ti, jak p\u0159ipojit tv\u016fj nab\u00edjec\u00ed bod V2C k Wi-Fi. U\u017eij si nejnov\u011bj\u0161\u00ed technologie s na\u0161imi e-Chargery.","breadcrumb":{"@id":"https:\/\/v2charge.com\/cs\/jak-p-ipojit-svou-nabijeci-stanici-v2c-k-wifi\/#breadcrumb"},"inLanguage":"cs","potentialAction":[{"@type":"ReadAction","target":["https:\/\/v2charge.com\/cs\/jak-p-ipojit-svou-nabijeci-stanici-v2c-k-wifi\/"]}]},{"@type":"ImageObject","inLanguage":"cs","@id":"https:\/\/v2charge.com\/cs\/jak-p-ipojit-svou-nabijeci-stanici-v2c-k-wifi\/#primaryimage","url":"https:\/\/v2charge.com\/wp-content\/uploads\/2024\/07\/v2c-electric-chargers.jpg","contentUrl":"https:\/\/v2charge.com\/wp-content\/uploads\/2024\/07\/v2c-electric-chargers.jpg","width":1200,"height":675,"caption":"V2C Electric Chargers"},{"@type":"BreadcrumbList","@id":"https:\/\/v2charge.com\/cs\/jak-p-ipojit-svou-nabijeci-stanici-v2c-k-wifi\/#breadcrumb","itemListElement":[{"@type":"ListItem","position":1,"name":"V2C","item":"https:\/\/v2charge.com\/cs\/"},{"@type":"ListItem","position":2,"name":"Jak p\u0159ipojit svou nab\u00edjec\u00ed stanici V2C k wifi?"}]},{"@type":"WebSite","@id":"https:\/\/v2charge.com\/cs\/#website","url":"https:\/\/v2charge.com\/cs\/","name":"V2C","description":"#CargandoElMa\u00f1ana","publisher":{"@id":"https:\/\/v2charge.com\/cs\/#organization"},"potentialAction":[{"@type":"SearchAction","target":{"@type":"EntryPoint","urlTemplate":"https:\/\/v2charge.com\/cs\/?s={search_term_string}"},"query-input":{"@type":"PropertyValueSpecification","valueRequired":true,"valueName":"search_term_string"}}],"inLanguage":"cs"},{"@type":"Organization","@id":"https:\/\/v2charge.com\/cs\/#organization","name":"V2C","url":"https:\/\/v2charge.com\/cs\/","logo":{"@type":"ImageObject","inLanguage":"cs","@id":"https:\/\/v2charge.com\/cs\/#\/schema\/logo\/image\/","url":"https:\/\/v2charge.com\/wp-content\/uploads\/2024\/11\/cropped-v2c-charge-logo-menu.png","contentUrl":"https:\/\/v2charge.com\/wp-content\/uploads\/2024\/11\/cropped-v2c-charge-logo-menu.png","width":984,"height":431,"caption":"V2C"},"image":{"@id":"https:\/\/v2charge.com\/cs\/#\/schema\/logo\/image\/"},"sameAs":["https:\/\/www.facebook.com\/V2C.Charge","https:\/\/x.com\/V2C_Charge","https:\/\/www.instagram.com\/v2c.charge\/","https:\/\/www.youtube.com\/@V2C","https:\/\/www.linkedin.com\/company\/v2c-chargers\/"]}]}},"uagb_featured_image_src":{"full":["https:\/\/v2charge.com\/wp-content\/uploads\/2024\/07\/v2c-electric-chargers.jpg",1200,675,false],"thumbnail":["https:\/\/v2charge.com\/wp-content\/uploads\/2024\/07\/v2c-electric-chargers-150x150.jpg",150,150,true],"medium":["https:\/\/v2charge.com\/wp-content\/uploads\/2024\/07\/v2c-electric-chargers-300x169.jpg",300,169,true],"medium_large":["https:\/\/v2charge.com\/wp-content\/uploads\/2024\/07\/v2c-electric-chargers-768x432.jpg",768,432,true],"large":["https:\/\/v2charge.com\/wp-content\/uploads\/2024\/07\/v2c-electric-chargers-1024x576.jpg",1024,576,true],"gs-tiny":["https:\/\/v2charge.com\/wp-content\/uploads\/2024\/07\/v2c-electric-chargers.jpg",50,28,false],"xl":["https:\/\/v2charge.com\/wp-content\/uploads\/2024\/07\/v2c-electric-chargers.jpg",1200,675,false],"xxl":["https:\/\/v2charge.com\/wp-content\/uploads\/2024\/07\/v2c-electric-chargers.jpg",1200,675,false],"xxxl":["https:\/\/v2charge.com\/wp-content\/uploads\/2024\/07\/v2c-electric-chargers.jpg",1200,675,false],"xxxxl":["https:\/\/v2charge.com\/wp-content\/uploads\/2024\/07\/v2c-electric-chargers.jpg",1200,675,false],"xxxxxl":["https:\/\/v2charge.com\/wp-content\/uploads\/2024\/07\/v2c-electric-chargers.jpg",1200,675,false],"1536x1536":["https:\/\/v2charge.com\/wp-content\/uploads\/2024\/07\/v2c-electric-chargers.jpg",1200,675,false],"2048x2048":["https:\/\/v2charge.com\/wp-content\/uploads\/2024\/07\/v2c-electric-chargers.jpg",1200,675,false]},"uagb_author_info":{"display_name":"V2C","author_link":"https:\/\/v2charge.com\/cs\/author\/root_k4eu7ki8\/"},"uagb_comment_info":0,"uagb_excerpt":"Jak p\u0159ipojit svou nab\u00edjec\u00ed stanici V2C k wifi? V z\u00e1vislosti na modelu, kter\u00fd m\u00e1te, se proces provede jedn\u00edm nebo druh\u00fdm zp\u016fsobem. Nicm\u00e9n\u011b v\u0161echny maj\u00ed spole\u010dn\u00e9, \u017ee mus\u00ed b\u00fdt provedeny prost\u0159ednictv\u00edm mobiln\u00ed aplikace a Bluetooth mus\u00ed b\u00fdt aktivov\u00e1no. Pou\u017eit\u00ed Bluetooth vy\u017eaduje povolen\u00ed lokalizace na v\u011bt\u0161in\u011b za\u0159\u00edzen\u00ed Android. P\u0159ipojen\u00ed mezi nab\u00edjec\u00edm bodem a aplikac\u00ed se prov\u00e1d\u00ed prost\u0159ednictv\u00edm&hellip;","_links":{"self":[{"href":"https:\/\/v2charge.com\/cs\/wp-json\/wp\/v2\/pages\/318296","targetHints":{"allow":["GET"]}}],"collection":[{"href":"https:\/\/v2charge.com\/cs\/wp-json\/wp\/v2\/pages"}],"about":[{"href":"https:\/\/v2charge.com\/cs\/wp-json\/wp\/v2\/types\/page"}],"author":[{"embeddable":true,"href":"https:\/\/v2charge.com\/cs\/wp-json\/wp\/v2\/users\/1"}],"replies":[{"embeddable":true,"href":"https:\/\/v2charge.com\/cs\/wp-json\/wp\/v2\/comments?post=318296"}],"version-history":[{"count":0,"href":"https:\/\/v2charge.com\/cs\/wp-json\/wp\/v2\/pages\/318296\/revisions"}],"wp:featuredmedia":[{"embeddable":true,"href":"https:\/\/v2charge.com\/cs\/wp-json\/wp\/v2\/media\/170354"}],"wp:attachment":[{"href":"https:\/\/v2charge.com\/cs\/wp-json\/wp\/v2\/media?parent=318296"}],"curies":[{"name":"wp","href":"https:\/\/api.w.org\/{rel}","templated":true}]}}