{"id":318302,"date":"2022-01-24T22:32:04","date_gmt":"2022-01-24T22:32:04","guid":{"rendered":""},"modified":"2026-04-25T19:38:04","modified_gmt":"2026-04-25T19:38:04","slug":"pro-moje-nabijeci-stanice-sni-uje-v-kon-nabijeni-b-hem-posledni-minuty-nabijeni","status":"publish","type":"page","link":"https:\/\/v2charge.com\/cs\/pro-moje-nabijeci-stanice-sni-uje-v-kon-nabijeni-b-hem-posledni-minuty-nabijeni\/","title":{"rendered":"Pro\u010d m\u016fj e-Charger sni\u017euje v\u00fdkon nab\u00edjen\u00ed v posledn\u00ed minut\u011b nab\u00edjen\u00ed?"},"content":{"rendered":"<p>Abychom maximalizovali \u017eivotnost va\u0161eho e-nab\u00edje\u010de, vyh\u00fdb\u00e1me se obloukov\u00fdm kontakt\u016fm, jak jen to je mo\u017en\u00e9. Proto, kdy\u017e v\u00edme, kdy bude nab\u00edjen\u00ed dokon\u010deno, sni\u017eujeme nab\u00edjec\u00ed v\u00fdkon na maximum. To zabra\u0148uje obloukov\u00e1n\u00ed p\u0159i otev\u0159en\u00ed oblouku.<\/p>\n","protected":false},"excerpt":{"rendered":"<p>Abychom maximalizovali \u017eivotnost va\u0161eho e-nab\u00edje\u010de, vyh\u00fdb\u00e1me se obloukov\u00fdm kontakt\u016fm, jak jen to je mo\u017en\u00e9. Proto, kdy\u017e v\u00edme, kdy bude nab\u00edjen\u00ed dokon\u010deno, sni\u017eujeme nab\u00edjec\u00ed v\u00fdkon na maximum. To zabra\u0148uje obloukov\u00e1n\u00ed p\u0159i otev\u0159en\u00ed oblouku.<\/p>\n","protected":false},"author":1,"featured_media":170354,"parent":0,"menu_order":0,"comment_status":"closed","ping_status":"closed","template":"","meta":{"_eb_attr":"","content-type":"","_uag_custom_page_level_css":"","footnotes":""},"class_list":["post-318302","page","type-page","status-publish","has-post-thumbnail"],"yoast_head":"<!-- This site is optimized with the Yoast SEO plugin v25.3.1 - https:\/\/yoast.com\/wordpress\/plugins\/seo\/ -->\n<title>Pro\u010d m\u016fj e-Charger sni\u017euje v\u00fdkon v posledn\u00ed minut\u011b? | V2C<\/title>\n<meta name=\"description\" content=\"Vysv\u011btl\u00edme ti, pro\u010d se tv\u00e1 nab\u00edjec\u00ed stanice sni\u017euje v\u00fdkon b\u011bhem posledn\u00ed minuty nab\u00edjen\u00ed: Zp\u016fsob, jak prodlou\u017eit \u017eivotnost nab\u00edje\u010dky.\" \/>\n<meta name=\"robots\" content=\"index, follow, max-snippet:-1, max-image-preview:large, max-video-preview:-1\" \/>\n<link rel=\"canonical\" href=\"https:\/\/v2charge.com\/cs\/pro-moje-nabijeci-stanice-sni-uje-v-kon-nabijeni-b-hem-posledni-minuty-nabijeni\/\" \/>\n<meta property=\"og:locale\" content=\"cs_CZ\" \/>\n<meta property=\"og:type\" content=\"article\" \/>\n<meta property=\"og:title\" content=\"Pro\u010d m\u016fj e-Charger sni\u017euje v\u00fdkon v posledn\u00ed minut\u011b? | V2C\" \/>\n<meta property=\"og:description\" content=\"Vysv\u011btl\u00edme ti, pro\u010d se tv\u00e1 nab\u00edjec\u00ed stanice sni\u017euje v\u00fdkon b\u011bhem posledn\u00ed minuty nab\u00edjen\u00ed: Zp\u016fsob, jak prodlou\u017eit \u017eivotnost nab\u00edje\u010dky.\" \/>\n<meta property=\"og:url\" content=\"https:\/\/v2charge.com\/cs\/pro-moje-nabijeci-stanice-sni-uje-v-kon-nabijeni-b-hem-posledni-minuty-nabijeni\/\" \/>\n<meta property=\"og:site_name\" content=\"V2C\" \/>\n<meta property=\"article:publisher\" content=\"https:\/\/www.facebook.com\/V2C.Charge\" \/>\n<meta property=\"article:modified_time\" content=\"2026-04-25T19:38:04+00:00\" \/>\n<meta property=\"og:image\" content=\"https:\/\/v2charge.com\/wp-content\/uploads\/2024\/07\/v2c-electric-chargers.jpg\" \/>\n\t<meta property=\"og:image:width\" content=\"1200\" \/>\n\t<meta property=\"og:image:height\" content=\"675\" \/>\n\t<meta property=\"og:image:type\" content=\"image\/jpeg\" \/>\n<meta name=\"twitter:card\" content=\"summary_large_image\" \/>\n<meta name=\"twitter:site\" content=\"@V2C_Charge\" \/>\n<meta name=\"twitter:label1\" content=\"Odhadovan\u00e1 doba \u010dten\u00ed\" \/>\n\t<meta name=\"twitter:data1\" content=\"1 minuta\" \/>\n<script type=\"application\/ld+json\" class=\"yoast-schema-graph\">{\"@context\":\"https:\/\/schema.org\",\"@graph\":[{\"@type\":\"WebPage\",\"@id\":\"https:\/\/v2charge.com\/cs\/pro-moje-nabijeci-stanice-sni-uje-v-kon-nabijeni-b-hem-posledni-minuty-nabijeni\/\",\"url\":\"https:\/\/v2charge.com\/cs\/pro-moje-nabijeci-stanice-sni-uje-v-kon-nabijeni-b-hem-posledni-minuty-nabijeni\/\",\"name\":\"Pro\u010d m\u016fj e-Charger sni\u017euje v\u00fdkon v posledn\u00ed minut\u011b? | V2C\",\"isPartOf\":{\"@id\":\"https:\/\/v2charge.com\/cs\/#website\"},\"primaryImageOfPage\":{\"@id\":\"https:\/\/v2charge.com\/cs\/pro-moje-nabijeci-stanice-sni-uje-v-kon-nabijeni-b-hem-posledni-minuty-nabijeni\/#primaryimage\"},\"image\":{\"@id\":\"https:\/\/v2charge.com\/cs\/pro-moje-nabijeci-stanice-sni-uje-v-kon-nabijeni-b-hem-posledni-minuty-nabijeni\/#primaryimage\"},\"thumbnailUrl\":\"https:\/\/v2charge.com\/wp-content\/uploads\/2024\/07\/v2c-electric-chargers.jpg\",\"datePublished\":\"2022-01-24T22:32:04+00:00\",\"dateModified\":\"2026-04-25T19:38:04+00:00\",\"description\":\"Vysv\u011btl\u00edme ti, pro\u010d se tv\u00e1 nab\u00edjec\u00ed stanice sni\u017euje v\u00fdkon b\u011bhem posledn\u00ed minuty nab\u00edjen\u00ed: Zp\u016fsob, jak prodlou\u017eit \u017eivotnost nab\u00edje\u010dky.\",\"breadcrumb\":{\"@id\":\"https:\/\/v2charge.com\/cs\/pro-moje-nabijeci-stanice-sni-uje-v-kon-nabijeni-b-hem-posledni-minuty-nabijeni\/#breadcrumb\"},\"inLanguage\":\"cs\",\"potentialAction\":[{\"@type\":\"ReadAction\",\"target\":[\"https:\/\/v2charge.com\/cs\/pro-moje-nabijeci-stanice-sni-uje-v-kon-nabijeni-b-hem-posledni-minuty-nabijeni\/\"]}]},{\"@type\":\"ImageObject\",\"inLanguage\":\"cs\",\"@id\":\"https:\/\/v2charge.com\/cs\/pro-moje-nabijeci-stanice-sni-uje-v-kon-nabijeni-b-hem-posledni-minuty-nabijeni\/#primaryimage\",\"url\":\"https:\/\/v2charge.com\/wp-content\/uploads\/2024\/07\/v2c-electric-chargers.jpg\",\"contentUrl\":\"https:\/\/v2charge.com\/wp-content\/uploads\/2024\/07\/v2c-electric-chargers.jpg\",\"width\":1200,\"height\":675,\"caption\":\"V2C Electric Chargers\"},{\"@type\":\"BreadcrumbList\",\"@id\":\"https:\/\/v2charge.com\/cs\/pro-moje-nabijeci-stanice-sni-uje-v-kon-nabijeni-b-hem-posledni-minuty-nabijeni\/#breadcrumb\",\"itemListElement\":[{\"@type\":\"ListItem\",\"position\":1,\"name\":\"V2C\",\"item\":\"https:\/\/v2charge.com\/cs\/\"},{\"@type\":\"ListItem\",\"position\":2,\"name\":\"Pro\u010d moje nab\u00edjec\u00ed stanice sni\u017euje v\u00fdkon nab\u00edjen\u00ed b\u011bhem posledn\u00ed minuty nab\u00edjen\u00ed?\"}]},{\"@type\":\"WebSite\",\"@id\":\"https:\/\/v2charge.com\/cs\/#website\",\"url\":\"https:\/\/v2charge.com\/cs\/\",\"name\":\"V2C\",\"description\":\"#CargandoElMa\u00f1ana\",\"publisher\":{\"@id\":\"https:\/\/v2charge.com\/cs\/#organization\"},\"potentialAction\":[{\"@type\":\"SearchAction\",\"target\":{\"@type\":\"EntryPoint\",\"urlTemplate\":\"https:\/\/v2charge.com\/cs\/?s={search_term_string}\"},\"query-input\":{\"@type\":\"PropertyValueSpecification\",\"valueRequired\":true,\"valueName\":\"search_term_string\"}}],\"inLanguage\":\"cs\"},{\"@type\":\"Organization\",\"@id\":\"https:\/\/v2charge.com\/cs\/#organization\",\"name\":\"V2C\",\"url\":\"https:\/\/v2charge.com\/cs\/\",\"logo\":{\"@type\":\"ImageObject\",\"inLanguage\":\"cs\",\"@id\":\"https:\/\/v2charge.com\/cs\/#\/schema\/logo\/image\/\",\"url\":\"https:\/\/v2charge.com\/wp-content\/uploads\/2024\/11\/cropped-v2c-charge-logo-menu.png\",\"contentUrl\":\"https:\/\/v2charge.com\/wp-content\/uploads\/2024\/11\/cropped-v2c-charge-logo-menu.png\",\"width\":984,\"height\":431,\"caption\":\"V2C\"},\"image\":{\"@id\":\"https:\/\/v2charge.com\/cs\/#\/schema\/logo\/image\/\"},\"sameAs\":[\"https:\/\/www.facebook.com\/V2C.Charge\",\"https:\/\/x.com\/V2C_Charge\",\"https:\/\/www.instagram.com\/v2c.charge\/\",\"https:\/\/www.youtube.com\/@V2C\",\"https:\/\/www.linkedin.com\/company\/v2c-chargers\/\"]}]}<\/script>\n<!-- \/ Yoast SEO plugin. -->","yoast_head_json":{"title":"Pro\u010d m\u016fj e-Charger sni\u017euje v\u00fdkon v posledn\u00ed minut\u011b? | V2C","description":"Vysv\u011btl\u00edme ti, pro\u010d se tv\u00e1 nab\u00edjec\u00ed stanice sni\u017euje v\u00fdkon b\u011bhem posledn\u00ed minuty nab\u00edjen\u00ed: Zp\u016fsob, jak prodlou\u017eit \u017eivotnost nab\u00edje\u010dky.","robots":{"index":"index","follow":"follow","max-snippet":"max-snippet:-1","max-image-preview":"max-image-preview:large","max-video-preview":"max-video-preview:-1"},"canonical":"https:\/\/v2charge.com\/cs\/pro-moje-nabijeci-stanice-sni-uje-v-kon-nabijeni-b-hem-posledni-minuty-nabijeni\/","og_locale":"cs_CZ","og_type":"article","og_title":"Pro\u010d m\u016fj e-Charger sni\u017euje v\u00fdkon v posledn\u00ed minut\u011b? | V2C","og_description":"Vysv\u011btl\u00edme ti, pro\u010d se tv\u00e1 nab\u00edjec\u00ed stanice sni\u017euje v\u00fdkon b\u011bhem posledn\u00ed minuty nab\u00edjen\u00ed: Zp\u016fsob, jak prodlou\u017eit \u017eivotnost nab\u00edje\u010dky.","og_url":"https:\/\/v2charge.com\/cs\/pro-moje-nabijeci-stanice-sni-uje-v-kon-nabijeni-b-hem-posledni-minuty-nabijeni\/","og_site_name":"V2C","article_publisher":"https:\/\/www.facebook.com\/V2C.Charge","article_modified_time":"2026-04-25T19:38:04+00:00","og_image":[{"width":1200,"height":675,"url":"https:\/\/v2charge.com\/wp-content\/uploads\/2024\/07\/v2c-electric-chargers.jpg","type":"image\/jpeg"}],"twitter_card":"summary_large_image","twitter_site":"@V2C_Charge","twitter_misc":{"Odhadovan\u00e1 doba \u010dten\u00ed":"1 minuta"},"schema":{"@context":"https:\/\/schema.org","@graph":[{"@type":"WebPage","@id":"https:\/\/v2charge.com\/cs\/pro-moje-nabijeci-stanice-sni-uje-v-kon-nabijeni-b-hem-posledni-minuty-nabijeni\/","url":"https:\/\/v2charge.com\/cs\/pro-moje-nabijeci-stanice-sni-uje-v-kon-nabijeni-b-hem-posledni-minuty-nabijeni\/","name":"Pro\u010d m\u016fj e-Charger sni\u017euje v\u00fdkon v posledn\u00ed minut\u011b? | V2C","isPartOf":{"@id":"https:\/\/v2charge.com\/cs\/#website"},"primaryImageOfPage":{"@id":"https:\/\/v2charge.com\/cs\/pro-moje-nabijeci-stanice-sni-uje-v-kon-nabijeni-b-hem-posledni-minuty-nabijeni\/#primaryimage"},"image":{"@id":"https:\/\/v2charge.com\/cs\/pro-moje-nabijeci-stanice-sni-uje-v-kon-nabijeni-b-hem-posledni-minuty-nabijeni\/#primaryimage"},"thumbnailUrl":"https:\/\/v2charge.com\/wp-content\/uploads\/2024\/07\/v2c-electric-chargers.jpg","datePublished":"2022-01-24T22:32:04+00:00","dateModified":"2026-04-25T19:38:04+00:00","description":"Vysv\u011btl\u00edme ti, pro\u010d se tv\u00e1 nab\u00edjec\u00ed stanice sni\u017euje v\u00fdkon b\u011bhem posledn\u00ed minuty nab\u00edjen\u00ed: Zp\u016fsob, jak prodlou\u017eit \u017eivotnost nab\u00edje\u010dky.","breadcrumb":{"@id":"https:\/\/v2charge.com\/cs\/pro-moje-nabijeci-stanice-sni-uje-v-kon-nabijeni-b-hem-posledni-minuty-nabijeni\/#breadcrumb"},"inLanguage":"cs","potentialAction":[{"@type":"ReadAction","target":["https:\/\/v2charge.com\/cs\/pro-moje-nabijeci-stanice-sni-uje-v-kon-nabijeni-b-hem-posledni-minuty-nabijeni\/"]}]},{"@type":"ImageObject","inLanguage":"cs","@id":"https:\/\/v2charge.com\/cs\/pro-moje-nabijeci-stanice-sni-uje-v-kon-nabijeni-b-hem-posledni-minuty-nabijeni\/#primaryimage","url":"https:\/\/v2charge.com\/wp-content\/uploads\/2024\/07\/v2c-electric-chargers.jpg","contentUrl":"https:\/\/v2charge.com\/wp-content\/uploads\/2024\/07\/v2c-electric-chargers.jpg","width":1200,"height":675,"caption":"V2C Electric Chargers"},{"@type":"BreadcrumbList","@id":"https:\/\/v2charge.com\/cs\/pro-moje-nabijeci-stanice-sni-uje-v-kon-nabijeni-b-hem-posledni-minuty-nabijeni\/#breadcrumb","itemListElement":[{"@type":"ListItem","position":1,"name":"V2C","item":"https:\/\/v2charge.com\/cs\/"},{"@type":"ListItem","position":2,"name":"Pro\u010d moje nab\u00edjec\u00ed stanice sni\u017euje v\u00fdkon nab\u00edjen\u00ed b\u011bhem posledn\u00ed minuty nab\u00edjen\u00ed?"}]},{"@type":"WebSite","@id":"https:\/\/v2charge.com\/cs\/#website","url":"https:\/\/v2charge.com\/cs\/","name":"V2C","description":"#CargandoElMa\u00f1ana","publisher":{"@id":"https:\/\/v2charge.com\/cs\/#organization"},"potentialAction":[{"@type":"SearchAction","target":{"@type":"EntryPoint","urlTemplate":"https:\/\/v2charge.com\/cs\/?s={search_term_string}"},"query-input":{"@type":"PropertyValueSpecification","valueRequired":true,"valueName":"search_term_string"}}],"inLanguage":"cs"},{"@type":"Organization","@id":"https:\/\/v2charge.com\/cs\/#organization","name":"V2C","url":"https:\/\/v2charge.com\/cs\/","logo":{"@type":"ImageObject","inLanguage":"cs","@id":"https:\/\/v2charge.com\/cs\/#\/schema\/logo\/image\/","url":"https:\/\/v2charge.com\/wp-content\/uploads\/2024\/11\/cropped-v2c-charge-logo-menu.png","contentUrl":"https:\/\/v2charge.com\/wp-content\/uploads\/2024\/11\/cropped-v2c-charge-logo-menu.png","width":984,"height":431,"caption":"V2C"},"image":{"@id":"https:\/\/v2charge.com\/cs\/#\/schema\/logo\/image\/"},"sameAs":["https:\/\/www.facebook.com\/V2C.Charge","https:\/\/x.com\/V2C_Charge","https:\/\/www.instagram.com\/v2c.charge\/","https:\/\/www.youtube.com\/@V2C","https:\/\/www.linkedin.com\/company\/v2c-chargers\/"]}]}},"uagb_featured_image_src":{"full":["https:\/\/v2charge.com\/wp-content\/uploads\/2024\/07\/v2c-electric-chargers.jpg",1200,675,false],"thumbnail":["https:\/\/v2charge.com\/wp-content\/uploads\/2024\/07\/v2c-electric-chargers-150x150.jpg",150,150,true],"medium":["https:\/\/v2charge.com\/wp-content\/uploads\/2024\/07\/v2c-electric-chargers-300x169.jpg",300,169,true],"medium_large":["https:\/\/v2charge.com\/wp-content\/uploads\/2024\/07\/v2c-electric-chargers-768x432.jpg",768,432,true],"large":["https:\/\/v2charge.com\/wp-content\/uploads\/2024\/07\/v2c-electric-chargers-1024x576.jpg",1024,576,true],"gs-tiny":["https:\/\/v2charge.com\/wp-content\/uploads\/2024\/07\/v2c-electric-chargers.jpg",50,28,false],"xl":["https:\/\/v2charge.com\/wp-content\/uploads\/2024\/07\/v2c-electric-chargers.jpg",1200,675,false],"xxl":["https:\/\/v2charge.com\/wp-content\/uploads\/2024\/07\/v2c-electric-chargers.jpg",1200,675,false],"xxxl":["https:\/\/v2charge.com\/wp-content\/uploads\/2024\/07\/v2c-electric-chargers.jpg",1200,675,false],"xxxxl":["https:\/\/v2charge.com\/wp-content\/uploads\/2024\/07\/v2c-electric-chargers.jpg",1200,675,false],"xxxxxl":["https:\/\/v2charge.com\/wp-content\/uploads\/2024\/07\/v2c-electric-chargers.jpg",1200,675,false],"1536x1536":["https:\/\/v2charge.com\/wp-content\/uploads\/2024\/07\/v2c-electric-chargers.jpg",1200,675,false],"2048x2048":["https:\/\/v2charge.com\/wp-content\/uploads\/2024\/07\/v2c-electric-chargers.jpg",1200,675,false]},"uagb_author_info":{"display_name":"V2C","author_link":"https:\/\/v2charge.com\/cs\/author\/root_k4eu7ki8\/"},"uagb_comment_info":0,"uagb_excerpt":"Abychom maximalizovali \u017eivotnost va\u0161eho e-nab\u00edje\u010de, vyh\u00fdb\u00e1me se obloukov\u00fdm kontakt\u016fm, jak jen to je mo\u017en\u00e9. Proto, kdy\u017e v\u00edme, kdy bude nab\u00edjen\u00ed dokon\u010deno, sni\u017eujeme nab\u00edjec\u00ed v\u00fdkon na maximum. To zabra\u0148uje obloukov\u00e1n\u00ed p\u0159i otev\u0159en\u00ed oblouku.","_links":{"self":[{"href":"https:\/\/v2charge.com\/cs\/wp-json\/wp\/v2\/pages\/318302","targetHints":{"allow":["GET"]}}],"collection":[{"href":"https:\/\/v2charge.com\/cs\/wp-json\/wp\/v2\/pages"}],"about":[{"href":"https:\/\/v2charge.com\/cs\/wp-json\/wp\/v2\/types\/page"}],"author":[{"embeddable":true,"href":"https:\/\/v2charge.com\/cs\/wp-json\/wp\/v2\/users\/1"}],"replies":[{"embeddable":true,"href":"https:\/\/v2charge.com\/cs\/wp-json\/wp\/v2\/comments?post=318302"}],"version-history":[{"count":0,"href":"https:\/\/v2charge.com\/cs\/wp-json\/wp\/v2\/pages\/318302\/revisions"}],"wp:featuredmedia":[{"embeddable":true,"href":"https:\/\/v2charge.com\/cs\/wp-json\/wp\/v2\/media\/170354"}],"wp:attachment":[{"href":"https:\/\/v2charge.com\/cs\/wp-json\/wp\/v2\/media?parent=318302"}],"curies":[{"name":"wp","href":"https:\/\/api.w.org\/{rel}","templated":true}]}}