{"id":318309,"date":"2022-02-22T18:25:29","date_gmt":"2022-02-22T18:25:29","guid":{"rendered":""},"modified":"2023-06-12T11:08:31","modified_gmt":"2023-06-12T11:08:31","slug":"nabijeci-stanice-trydan-s-nekone-nou-impedanci-pro-schema-2-itc-bt-52","status":"publish","type":"page","link":"https:\/\/v2charge.com\/cs\/nabijeci-stanice-trydan-s-nekone-nou-impedanci-pro-schema-2-itc-bt-52\/","title":{"rendered":"Nab\u00edjec\u00ed stanice Trydan s nekone\u010dnou impedanc\u00ed pro sch\u00e9ma 2 ITC BT 52"},"content":{"rendered":"\n<div style=\"height:60px\" aria-hidden=\"true\" class=\"wp-block-spacer\"><\/div>\n\n\n<h1 class=\"wp-block-heading\">Nab\u00edjec\u00ed stanice Trydan s nekone\u010dnou impedanc\u00ed pro sch\u00e9ma 2 ITC BT 52<\/h1>\n\n<p>\u0160pan\u011blsk\u00e1 norma ITC BT 52 stanovuje v sch\u00e9matu 2 instalace nab\u00edjec\u00edch bod\u016f pro elektrick\u00e1 vozidla pot\u0159ebu moci<strong> resetovat m\u011b\u0159i\u010d p\u0159\u00edmo z dom\u00e1cnosti<\/strong> (resetova\u010d). Jde o ot\u00e1zku pohodl\u00ed, sp\u00ed\u0161e ne\u017e bezpe\u010dnosti, ale tak je to pops\u00e1no v norm\u011b.<\/p>\n\n<blockquote class=\"is-layout-flow wp-block-quote-is-layout-flow\"><p>Pro sch\u00e9ma 2 [&#8230;]. Funkci \u0159\u00edzen\u00ed v\u00fdkonu, kterou si z\u00e1kazn\u00edk objednal, provede hlavn\u00ed m\u011b\u0159i\u010d, ani\u017e by bylo nutn\u00e9 instalovat samostatn\u00fd ICP. V p\u0159\u00edpad\u011b aktivace funkce \u0159\u00edzen\u00ed v\u00fdkonu bude jej\u00ed obnoven\u00ed provedeno p\u0159\u00edmo z dom\u00e1cnosti.<\/p><\/blockquote>\n\n<p>To znamen\u00e1, \u017ee mus\u00edte b\u00fdt schopni znovu nastavit elektrom\u011br p\u0159\u00edmo z dom\u00e1cnosti. e-Charger <a href=\"https:\/\/v2charge.com\/cs\/trydan\/\">Trydan<\/a>, ve verzi s integrovan\u00fdmi ochranami, automaticky disponuje <strong>nekone\u010dnou impedanc\u00ed<\/strong> (tak\u00e9 naz\u00fdvanou nulov\u00e1 impedanc\u00ed), kter\u00e1 umo\u017e\u0148uje, aby elektrom\u011br nedetekoval nab\u00edjec\u00ed m\u00edsto. To znamen\u00e1, \u017ee automaticky, p\u0159i vypnut\u00ed a zapnut\u00ed hlavn\u00edho jisti\u010de na\u0161ich dom\u00e1cnost\u00ed (nebo star\u00e9ho ICP), znovu nastav\u00edme instalaci. <\/p>\n\n<p>Neomezen\u00fd impedance je <strong>technologie vyvinut\u00e1 spole\u010dnost\u00ed V2C<\/strong>, kter\u00e1 umo\u017e\u0148uje, aby m\u011b\u0159i\u010d nevid\u011bl samotn\u00fd nab\u00edjec\u00ed bod.<\/p>\n\n<p>Dob\u00edjec\u00ed stanice Trydan disponuje nejnov\u011bj\u0161\u00ed technologi\u00ed, kter\u00e1 umo\u017e\u0148uje instal\u00e1tor\u016fm\/z\u00e1kazn\u00edk\u016fm <strong>\u0161et\u0159it n\u00e1klady na jejich instalaci<\/strong>. S touto dob\u00edjec\u00ed stanic\u00ed se vyhne\u0161 nutnosti instalovat n\u00e1kladn\u00fd p\u0159ep\u00edna\u010d, rel\u00e9 atd.<\/p>\n\n\n<div style=\"height:60px\" aria-hidden=\"true\" class=\"wp-block-spacer\"><\/div>\n","protected":false},"excerpt":{"rendered":"<p>Nab\u00edjec\u00ed stanice Trydan s nekone\u010dnou impedanc\u00ed pro sch\u00e9ma 2 ITC BT 52 \u0160pan\u011blsk\u00e1 norma ITC BT 52 stanovuje v sch\u00e9matu 2 instalace nab\u00edjec\u00edch bod\u016f pro elektrick\u00e1 vozidla pot\u0159ebu moci resetovat m\u011b\u0159i\u010d p\u0159\u00edmo z dom\u00e1cnosti (resetova\u010d). Jde o ot\u00e1zku pohodl\u00ed, sp\u00ed\u0161e ne\u017e bezpe\u010dnosti, ale tak je to pops\u00e1no v norm\u011b. Pro sch\u00e9ma 2 [&#8230;]. Funkci \u0159\u00edzen\u00ed &#8230; <a title=\"Nab\u00edjec\u00ed stanice Trydan s nekone\u010dnou impedanc\u00ed pro sch\u00e9ma 2 ITC BT 52\" class=\"read-more\" href=\"https:\/\/v2charge.com\/cs\/nabijeci-stanice-trydan-s-nekone-nou-impedanci-pro-schema-2-itc-bt-52\/\" aria-label=\"Read more about Nab\u00edjec\u00ed stanice Trydan s nekone\u010dnou impedanc\u00ed pro sch\u00e9ma 2 ITC BT 52\">\u010c\u00edst d\u00e1l<\/a><\/p>\n","protected":false},"author":1,"featured_media":170354,"parent":0,"menu_order":0,"comment_status":"closed","ping_status":"closed","template":"","meta":{"_eb_attr":"","content-type":"","_uag_custom_page_level_css":"","footnotes":""},"class_list":["post-318309","page","type-page","status-publish","has-post-thumbnail"],"yoast_head":"<!-- This site is optimized with the Yoast SEO plugin v25.3.1 - https:\/\/yoast.com\/wordpress\/plugins\/seo\/ -->\n<title>Impedance infinity at charging points<\/title>\n<meta name=\"description\" content=\"Nab\u00edjec\u00ed stanice pro elektrick\u00e1 vozidla s nekone\u010dnou impedanc\u00ed | Znovu sestavte nab\u00edje\u010dku z dom\u00e1cnosti | V2C\" \/>\n<meta name=\"robots\" content=\"index, follow, max-snippet:-1, max-image-preview:large, max-video-preview:-1\" \/>\n<link rel=\"canonical\" href=\"https:\/\/v2charge.com\/cs\/nabijeci-stanice-trydan-s-nekone-nou-impedanci-pro-schema-2-itc-bt-52\/\" \/>\n<meta property=\"og:locale\" content=\"cs_CZ\" \/>\n<meta property=\"og:type\" content=\"article\" \/>\n<meta property=\"og:title\" content=\"Impedance infinity at charging points\" \/>\n<meta property=\"og:description\" content=\"Nab\u00edjec\u00ed stanice pro elektrick\u00e1 vozidla s nekone\u010dnou impedanc\u00ed | Znovu sestavte nab\u00edje\u010dku z dom\u00e1cnosti | V2C\" \/>\n<meta property=\"og:url\" content=\"https:\/\/v2charge.com\/cs\/nabijeci-stanice-trydan-s-nekone-nou-impedanci-pro-schema-2-itc-bt-52\/\" \/>\n<meta property=\"og:site_name\" content=\"V2C\" \/>\n<meta property=\"article:publisher\" content=\"https:\/\/www.facebook.com\/V2C.Charge\" \/>\n<meta property=\"article:modified_time\" content=\"2023-06-12T11:08:31+00:00\" \/>\n<meta property=\"og:image\" content=\"https:\/\/v2charge.com\/wp-content\/uploads\/2024\/07\/v2c-electric-chargers.jpg\" \/>\n\t<meta property=\"og:image:width\" content=\"1200\" \/>\n\t<meta property=\"og:image:height\" content=\"675\" \/>\n\t<meta property=\"og:image:type\" content=\"image\/jpeg\" \/>\n<meta name=\"twitter:card\" content=\"summary_large_image\" \/>\n<meta name=\"twitter:site\" content=\"@V2C_Charge\" \/>\n<meta name=\"twitter:label1\" content=\"Odhadovan\u00e1 doba \u010dten\u00ed\" \/>\n\t<meta name=\"twitter:data1\" content=\"2 minuty\" \/>\n<script type=\"application\/ld+json\" class=\"yoast-schema-graph\">{\"@context\":\"https:\/\/schema.org\",\"@graph\":[{\"@type\":\"WebPage\",\"@id\":\"https:\/\/v2charge.com\/cs\/nabijeci-stanice-trydan-s-nekone-nou-impedanci-pro-schema-2-itc-bt-52\/\",\"url\":\"https:\/\/v2charge.com\/cs\/nabijeci-stanice-trydan-s-nekone-nou-impedanci-pro-schema-2-itc-bt-52\/\",\"name\":\"Impedance infinity at charging points\",\"isPartOf\":{\"@id\":\"https:\/\/v2charge.com\/cs\/#website\"},\"primaryImageOfPage\":{\"@id\":\"https:\/\/v2charge.com\/cs\/nabijeci-stanice-trydan-s-nekone-nou-impedanci-pro-schema-2-itc-bt-52\/#primaryimage\"},\"image\":{\"@id\":\"https:\/\/v2charge.com\/cs\/nabijeci-stanice-trydan-s-nekone-nou-impedanci-pro-schema-2-itc-bt-52\/#primaryimage\"},\"thumbnailUrl\":\"https:\/\/v2charge.com\/wp-content\/uploads\/2024\/07\/v2c-electric-chargers.jpg\",\"datePublished\":\"2022-02-22T18:25:29+00:00\",\"dateModified\":\"2023-06-12T11:08:31+00:00\",\"description\":\"Nab\u00edjec\u00ed stanice pro elektrick\u00e1 vozidla s nekone\u010dnou impedanc\u00ed | Znovu sestavte nab\u00edje\u010dku z dom\u00e1cnosti | V2C\",\"breadcrumb\":{\"@id\":\"https:\/\/v2charge.com\/cs\/nabijeci-stanice-trydan-s-nekone-nou-impedanci-pro-schema-2-itc-bt-52\/#breadcrumb\"},\"inLanguage\":\"cs\",\"potentialAction\":[{\"@type\":\"ReadAction\",\"target\":[\"https:\/\/v2charge.com\/cs\/nabijeci-stanice-trydan-s-nekone-nou-impedanci-pro-schema-2-itc-bt-52\/\"]}]},{\"@type\":\"ImageObject\",\"inLanguage\":\"cs\",\"@id\":\"https:\/\/v2charge.com\/cs\/nabijeci-stanice-trydan-s-nekone-nou-impedanci-pro-schema-2-itc-bt-52\/#primaryimage\",\"url\":\"https:\/\/v2charge.com\/wp-content\/uploads\/2024\/07\/v2c-electric-chargers.jpg\",\"contentUrl\":\"https:\/\/v2charge.com\/wp-content\/uploads\/2024\/07\/v2c-electric-chargers.jpg\",\"width\":1200,\"height\":675,\"caption\":\"V2C Electric Chargers\"},{\"@type\":\"BreadcrumbList\",\"@id\":\"https:\/\/v2charge.com\/cs\/nabijeci-stanice-trydan-s-nekone-nou-impedanci-pro-schema-2-itc-bt-52\/#breadcrumb\",\"itemListElement\":[{\"@type\":\"ListItem\",\"position\":1,\"name\":\"V2C\",\"item\":\"https:\/\/v2charge.com\/cs\/\"},{\"@type\":\"ListItem\",\"position\":2,\"name\":\"Nab\u00edjec\u00ed stanice Trydan s nekone\u010dnou impedanc\u00ed pro sch\u00e9ma 2 ITC BT 52\"}]},{\"@type\":\"WebSite\",\"@id\":\"https:\/\/v2charge.com\/cs\/#website\",\"url\":\"https:\/\/v2charge.com\/cs\/\",\"name\":\"V2C\",\"description\":\"#CargandoElMa\u00f1ana\",\"publisher\":{\"@id\":\"https:\/\/v2charge.com\/cs\/#organization\"},\"potentialAction\":[{\"@type\":\"SearchAction\",\"target\":{\"@type\":\"EntryPoint\",\"urlTemplate\":\"https:\/\/v2charge.com\/cs\/?s={search_term_string}\"},\"query-input\":{\"@type\":\"PropertyValueSpecification\",\"valueRequired\":true,\"valueName\":\"search_term_string\"}}],\"inLanguage\":\"cs\"},{\"@type\":\"Organization\",\"@id\":\"https:\/\/v2charge.com\/cs\/#organization\",\"name\":\"V2C\",\"url\":\"https:\/\/v2charge.com\/cs\/\",\"logo\":{\"@type\":\"ImageObject\",\"inLanguage\":\"cs\",\"@id\":\"https:\/\/v2charge.com\/cs\/#\/schema\/logo\/image\/\",\"url\":\"https:\/\/v2charge.com\/wp-content\/uploads\/2024\/11\/cropped-v2c-charge-logo-menu.png\",\"contentUrl\":\"https:\/\/v2charge.com\/wp-content\/uploads\/2024\/11\/cropped-v2c-charge-logo-menu.png\",\"width\":984,\"height\":431,\"caption\":\"V2C\"},\"image\":{\"@id\":\"https:\/\/v2charge.com\/cs\/#\/schema\/logo\/image\/\"},\"sameAs\":[\"https:\/\/www.facebook.com\/V2C.Charge\",\"https:\/\/x.com\/V2C_Charge\",\"https:\/\/www.instagram.com\/v2c.charge\/\",\"https:\/\/www.youtube.com\/@V2C\",\"https:\/\/www.linkedin.com\/company\/v2c-chargers\/\"]}]}<\/script>\n<!-- \/ Yoast SEO plugin. -->","yoast_head_json":{"title":"Impedance infinity at charging points","description":"Nab\u00edjec\u00ed stanice pro elektrick\u00e1 vozidla s nekone\u010dnou impedanc\u00ed | Znovu sestavte nab\u00edje\u010dku z dom\u00e1cnosti | V2C","robots":{"index":"index","follow":"follow","max-snippet":"max-snippet:-1","max-image-preview":"max-image-preview:large","max-video-preview":"max-video-preview:-1"},"canonical":"https:\/\/v2charge.com\/cs\/nabijeci-stanice-trydan-s-nekone-nou-impedanci-pro-schema-2-itc-bt-52\/","og_locale":"cs_CZ","og_type":"article","og_title":"Impedance infinity at charging points","og_description":"Nab\u00edjec\u00ed stanice pro elektrick\u00e1 vozidla s nekone\u010dnou impedanc\u00ed | Znovu sestavte nab\u00edje\u010dku z dom\u00e1cnosti | V2C","og_url":"https:\/\/v2charge.com\/cs\/nabijeci-stanice-trydan-s-nekone-nou-impedanci-pro-schema-2-itc-bt-52\/","og_site_name":"V2C","article_publisher":"https:\/\/www.facebook.com\/V2C.Charge","article_modified_time":"2023-06-12T11:08:31+00:00","og_image":[{"width":1200,"height":675,"url":"https:\/\/v2charge.com\/wp-content\/uploads\/2024\/07\/v2c-electric-chargers.jpg","type":"image\/jpeg"}],"twitter_card":"summary_large_image","twitter_site":"@V2C_Charge","twitter_misc":{"Odhadovan\u00e1 doba \u010dten\u00ed":"2 minuty"},"schema":{"@context":"https:\/\/schema.org","@graph":[{"@type":"WebPage","@id":"https:\/\/v2charge.com\/cs\/nabijeci-stanice-trydan-s-nekone-nou-impedanci-pro-schema-2-itc-bt-52\/","url":"https:\/\/v2charge.com\/cs\/nabijeci-stanice-trydan-s-nekone-nou-impedanci-pro-schema-2-itc-bt-52\/","name":"Impedance infinity at charging points","isPartOf":{"@id":"https:\/\/v2charge.com\/cs\/#website"},"primaryImageOfPage":{"@id":"https:\/\/v2charge.com\/cs\/nabijeci-stanice-trydan-s-nekone-nou-impedanci-pro-schema-2-itc-bt-52\/#primaryimage"},"image":{"@id":"https:\/\/v2charge.com\/cs\/nabijeci-stanice-trydan-s-nekone-nou-impedanci-pro-schema-2-itc-bt-52\/#primaryimage"},"thumbnailUrl":"https:\/\/v2charge.com\/wp-content\/uploads\/2024\/07\/v2c-electric-chargers.jpg","datePublished":"2022-02-22T18:25:29+00:00","dateModified":"2023-06-12T11:08:31+00:00","description":"Nab\u00edjec\u00ed stanice pro elektrick\u00e1 vozidla s nekone\u010dnou impedanc\u00ed | Znovu sestavte nab\u00edje\u010dku z dom\u00e1cnosti | V2C","breadcrumb":{"@id":"https:\/\/v2charge.com\/cs\/nabijeci-stanice-trydan-s-nekone-nou-impedanci-pro-schema-2-itc-bt-52\/#breadcrumb"},"inLanguage":"cs","potentialAction":[{"@type":"ReadAction","target":["https:\/\/v2charge.com\/cs\/nabijeci-stanice-trydan-s-nekone-nou-impedanci-pro-schema-2-itc-bt-52\/"]}]},{"@type":"ImageObject","inLanguage":"cs","@id":"https:\/\/v2charge.com\/cs\/nabijeci-stanice-trydan-s-nekone-nou-impedanci-pro-schema-2-itc-bt-52\/#primaryimage","url":"https:\/\/v2charge.com\/wp-content\/uploads\/2024\/07\/v2c-electric-chargers.jpg","contentUrl":"https:\/\/v2charge.com\/wp-content\/uploads\/2024\/07\/v2c-electric-chargers.jpg","width":1200,"height":675,"caption":"V2C Electric Chargers"},{"@type":"BreadcrumbList","@id":"https:\/\/v2charge.com\/cs\/nabijeci-stanice-trydan-s-nekone-nou-impedanci-pro-schema-2-itc-bt-52\/#breadcrumb","itemListElement":[{"@type":"ListItem","position":1,"name":"V2C","item":"https:\/\/v2charge.com\/cs\/"},{"@type":"ListItem","position":2,"name":"Nab\u00edjec\u00ed stanice Trydan s nekone\u010dnou impedanc\u00ed pro sch\u00e9ma 2 ITC BT 52"}]},{"@type":"WebSite","@id":"https:\/\/v2charge.com\/cs\/#website","url":"https:\/\/v2charge.com\/cs\/","name":"V2C","description":"#CargandoElMa\u00f1ana","publisher":{"@id":"https:\/\/v2charge.com\/cs\/#organization"},"potentialAction":[{"@type":"SearchAction","target":{"@type":"EntryPoint","urlTemplate":"https:\/\/v2charge.com\/cs\/?s={search_term_string}"},"query-input":{"@type":"PropertyValueSpecification","valueRequired":true,"valueName":"search_term_string"}}],"inLanguage":"cs"},{"@type":"Organization","@id":"https:\/\/v2charge.com\/cs\/#organization","name":"V2C","url":"https:\/\/v2charge.com\/cs\/","logo":{"@type":"ImageObject","inLanguage":"cs","@id":"https:\/\/v2charge.com\/cs\/#\/schema\/logo\/image\/","url":"https:\/\/v2charge.com\/wp-content\/uploads\/2024\/11\/cropped-v2c-charge-logo-menu.png","contentUrl":"https:\/\/v2charge.com\/wp-content\/uploads\/2024\/11\/cropped-v2c-charge-logo-menu.png","width":984,"height":431,"caption":"V2C"},"image":{"@id":"https:\/\/v2charge.com\/cs\/#\/schema\/logo\/image\/"},"sameAs":["https:\/\/www.facebook.com\/V2C.Charge","https:\/\/x.com\/V2C_Charge","https:\/\/www.instagram.com\/v2c.charge\/","https:\/\/www.youtube.com\/@V2C","https:\/\/www.linkedin.com\/company\/v2c-chargers\/"]}]}},"uagb_featured_image_src":{"full":["https:\/\/v2charge.com\/wp-content\/uploads\/2024\/07\/v2c-electric-chargers.jpg",1200,675,false],"thumbnail":["https:\/\/v2charge.com\/wp-content\/uploads\/2024\/07\/v2c-electric-chargers-150x150.jpg",150,150,true],"medium":["https:\/\/v2charge.com\/wp-content\/uploads\/2024\/07\/v2c-electric-chargers-300x169.jpg",300,169,true],"medium_large":["https:\/\/v2charge.com\/wp-content\/uploads\/2024\/07\/v2c-electric-chargers-768x432.jpg",768,432,true],"large":["https:\/\/v2charge.com\/wp-content\/uploads\/2024\/07\/v2c-electric-chargers-1024x576.jpg",1024,576,true],"gs-tiny":["https:\/\/v2charge.com\/wp-content\/uploads\/2024\/07\/v2c-electric-chargers.jpg",50,28,false],"xl":["https:\/\/v2charge.com\/wp-content\/uploads\/2024\/07\/v2c-electric-chargers.jpg",1200,675,false],"xxl":["https:\/\/v2charge.com\/wp-content\/uploads\/2024\/07\/v2c-electric-chargers.jpg",1200,675,false],"xxxl":["https:\/\/v2charge.com\/wp-content\/uploads\/2024\/07\/v2c-electric-chargers.jpg",1200,675,false],"xxxxl":["https:\/\/v2charge.com\/wp-content\/uploads\/2024\/07\/v2c-electric-chargers.jpg",1200,675,false],"xxxxxl":["https:\/\/v2charge.com\/wp-content\/uploads\/2024\/07\/v2c-electric-chargers.jpg",1200,675,false],"1536x1536":["https:\/\/v2charge.com\/wp-content\/uploads\/2024\/07\/v2c-electric-chargers.jpg",1200,675,false],"2048x2048":["https:\/\/v2charge.com\/wp-content\/uploads\/2024\/07\/v2c-electric-chargers.jpg",1200,675,false]},"uagb_author_info":{"display_name":"V2C","author_link":"https:\/\/v2charge.com\/cs\/author\/root_k4eu7ki8\/"},"uagb_comment_info":0,"uagb_excerpt":"Nab\u00edjec\u00ed stanice Trydan s nekone\u010dnou impedanc\u00ed pro sch\u00e9ma 2 ITC BT 52 \u0160pan\u011blsk\u00e1 norma ITC BT 52 stanovuje v sch\u00e9matu 2 instalace nab\u00edjec\u00edch bod\u016f pro elektrick\u00e1 vozidla pot\u0159ebu moci resetovat m\u011b\u0159i\u010d p\u0159\u00edmo z dom\u00e1cnosti (resetova\u010d). Jde o ot\u00e1zku pohodl\u00ed, sp\u00ed\u0161e ne\u017e bezpe\u010dnosti, ale tak je to pops\u00e1no v norm\u011b. Pro sch\u00e9ma 2 [&#8230;]. Funkci \u0159\u00edzen\u00ed&hellip;","_links":{"self":[{"href":"https:\/\/v2charge.com\/cs\/wp-json\/wp\/v2\/pages\/318309","targetHints":{"allow":["GET"]}}],"collection":[{"href":"https:\/\/v2charge.com\/cs\/wp-json\/wp\/v2\/pages"}],"about":[{"href":"https:\/\/v2charge.com\/cs\/wp-json\/wp\/v2\/types\/page"}],"author":[{"embeddable":true,"href":"https:\/\/v2charge.com\/cs\/wp-json\/wp\/v2\/users\/1"}],"replies":[{"embeddable":true,"href":"https:\/\/v2charge.com\/cs\/wp-json\/wp\/v2\/comments?post=318309"}],"version-history":[{"count":0,"href":"https:\/\/v2charge.com\/cs\/wp-json\/wp\/v2\/pages\/318309\/revisions"}],"wp:featuredmedia":[{"embeddable":true,"href":"https:\/\/v2charge.com\/cs\/wp-json\/wp\/v2\/media\/170354"}],"wp:attachment":[{"href":"https:\/\/v2charge.com\/cs\/wp-json\/wp\/v2\/media?parent=318309"}],"curies":[{"name":"wp","href":"https:\/\/api.w.org\/{rel}","templated":true}]}}