{"id":318311,"date":"2022-03-02T12:26:43","date_gmt":"2022-03-02T12:26:43","guid":{"rendered":""},"modified":"2026-04-25T16:21:35","modified_gmt":"2026-04-25T16:21:35","slug":"funk-ni-p-ikazy-pro-alexu","status":"publish","type":"page","link":"https:\/\/v2charge.com\/cs\/funk-ni-p-ikazy-pro-alexu\/","title":{"rendered":"Funk\u010dn\u00ed p\u0159\u00edkazy Alexa"},"content":{"rendered":"\n<div class=\"wp-block-uagb-container uagb-block-87f3e222 alignfull uagb-is-root-container\"><div class=\"uagb-container-inner-blocks-wrap\">\n<div class=\"wp-block-uagb-container uagb-block-61e05ace\">\n<div class=\"wp-block-uagb-container uagb-block-49dd5545\"><\/div>\n\n\n\n<div class=\"wp-block-uagb-container uagb-block-a6f23dbb\"><div class=\"wp-block-uagb-advanced-heading uagb-block-37d60ed8\"><h1 class=\"uagb-heading-text\">Funk\u010dn\u00ed p\u0159\u00edkazy Alexa pro nab\u00edje\u010dku Trydan<\/h1><\/div>\n\n<div class=\"wp-block-uagb-advanced-heading uagb-block-30e234f3\"><h2 class=\"uagb-heading-text\">Pono\u0159te se do technologick\u00e9ho z\u00e1\u017eitku<\/h2><\/div>\n\n<p class=\"has-text-color\" style=\"color:#c2c0c0;font-size:16px\">Ovl\u00e1dejte v\u0161echny funk\u010dn\u00ed p\u0159\u00edkazy Alexy, abyste mohli ovl\u00e1dat e-Charger sv\u00fdm hlasem.<br>Inovace, okam\u017eitost a pohodl\u00ed pro jedine\u010dn\u00fd z\u00e1\u017eitek z nab\u00edjen\u00ed.<\/p>\n\n\n<div class=\"wp-block-uagb-buttons uagb-buttons__outer-wrap uagb-btn__default-btn uagb-btn-tablet__default-btn uagb-btn-mobile__default-btn uagb-block-5cce864d\"><div class=\"uagb-buttons__wrap uagb-buttons-layout-wrap \"><div class=\"wp-block-uagb-buttons-child uagb-buttons__outer-wrap uagb-block-9badb23f wp-block-button\"><div class=\"uagb-button__wrapper\"><a class=\"uagb-buttons-repeater wp-block-button__link\" aria-label=\"\" href=\"https:\/\/v2charge.com\/wp-content\/uploads\/2022\/05\/Link-Alexa.pdf\" rel=\"follow noopener\" target=\"_blank\" role=\"button\"><div class=\"uagb-button__link\">Sp\u00e1rujte sv\u016fj e-Charger s Alexou<\/div><\/a><\/div><\/div><\/div><\/div>\n<\/div>\n<\/div>\n<\/div><\/div>\n\n\n\n<div style=\"height:30px\" aria-hidden=\"true\" class=\"wp-block-spacer\"><\/div>\n\n\n\n<div class=\"wp-block-uagb-container uagb-block-5bf65f41 alignfull uagb-is-root-container\"><div class=\"uagb-container-inner-blocks-wrap\">\n<div class=\"wp-block-uagb-container uagb-block-da71c77d default uagb-is-root-container\">\n<div class=\"wp-block-uagb-container uagb-block-0ddc93fc\">\n<div class=\"wp-block-uagb-image aligncenter uagb-block-d4d8c154 wp-block-uagb-image--layout-default wp-block-uagb-image--effect-static wp-block-uagb-image--align-center\"><figure class=\"wp-block-uagb-image__figure\"><img decoding=\"async\" srcset=\"https:\/\/v2charge.com\/wp-content\/uploads\/2023\/11\/icon-important.png ,https:\/\/v2charge.com\/wp-content\/uploads\/2023\/11\/icon-important.png 780w, https:\/\/v2charge.com\/wp-content\/uploads\/2023\/11\/icon-important.png 360w\" sizes=\"auto, (max-width: 480px) 150px\" src=\"https:\/\/v2charge.com\/wp-content\/uploads\/2023\/11\/icon-important.png\" alt=\"\" class=\"uag-image-125013\" width=\"50\" height=\"50\" title=\"\" loading=\"lazy\" role=\"img\"\/><\/figure><\/div>\n<\/div>\n\n\n\n<div class=\"wp-block-uagb-container uagb-block-67cf4dad\"><div class=\"wp-block-uagb-advanced-heading uagb-block-459cee5f\"><p class=\"uagb-heading-text\"><strong><strong><em>Obecn\u00fd vzor je: &#8222;Alexa, nastav [n\u00e1zev nab\u00edje\u010dky] na [slovo] re\u017eim.&#8220;<\/em><\/strong><\/strong><\/p><\/div><\/div>\n<\/div>\n<\/div><\/div>\n\n\n\n<div style=\"height:30px\" aria-hidden=\"true\" class=\"wp-block-spacer\"><\/div>\n\n\n\n<div class=\"wp-block-uagb-container uagb-block-ccfebc02 alignfull uagb-is-root-container\"><div class=\"uagb-container-inner-blocks-wrap\"><div class=\"wp-block-uagb-advanced-heading uagb-block-bd6206dc\"><h2 class=\"uagb-heading-text\">Zamkn\u011bte nab\u00edje\u010dku<\/h2><\/div>\n\n<p>&#8222;\u2026v re\u017eimu z\u00e1mku&#8220;<\/p><\/div><\/div>\n\n\n\n<div style=\"height:40px\" aria-hidden=\"true\" class=\"wp-block-spacer\"><\/div>\n\n\n\n<div class=\"wp-block-uagb-container uagb-block-9ac41ac8 alignfull uagb-is-root-container\"><div class=\"uagb-container-inner-blocks-wrap\"><div class=\"wp-block-uagb-advanced-heading uagb-block-0287eec7\"><h2 class=\"uagb-heading-text\">Odemkn\u011bte nab\u00edje\u010dku<\/h2><\/div>\n\n<p>&#8222;\u2026v re\u017eimu Odemknout&#8220;<\/p><\/div><\/div>\n\n\n\n<div style=\"height:40px\" aria-hidden=\"true\" class=\"wp-block-spacer\"><\/div>\n\n\n\n<div class=\"wp-block-uagb-container uagb-block-10fa5e64 alignfull uagb-is-root-container\"><div class=\"uagb-container-inner-blocks-wrap\"><div class=\"wp-block-uagb-advanced-heading uagb-block-d62318d2\"><h2 class=\"uagb-heading-text\">Pozastavit nab\u00edjen\u00ed<\/h2><\/div>\n\n<p>&#8222;\u2026v re\u017eimu Pozastaveno&#8220; \/ &#8222;\u2026v re\u017eimu Pozastaveno&#8220; \/ &#8222;\u2026v re\u017eimu Na pozastaven\u00ed&#8220;<br><br>&#8222;\u2026v re\u017eimu Pozastavit nab\u00edjen\u00ed&#8220; \/ &#8222;\u2026v re\u017eimu Pozastavit nab\u00edjen\u00ed&#8220;<br><br>&#8222;\u2026v re\u017eimu Zastavit nab\u00edjen\u00ed&#8220; \/ &#8222;\u2026v re\u017eimu Pozastavit&#8220; \/ &#8222;\u2026v re\u017eimu Pozastavit to&#8220;<\/p><\/div><\/div>\n\n\n\n<div style=\"height:40px\" aria-hidden=\"true\" class=\"wp-block-spacer\"><\/div>\n\n\n\n<div class=\"wp-block-uagb-container uagb-block-59c2256a alignfull uagb-is-root-container\"><div class=\"uagb-container-inner-blocks-wrap\"><div class=\"wp-block-uagb-advanced-heading uagb-block-bb56ec01\"><h2 class=\"uagb-heading-text\">Pokra\u010dovat v nab\u00edjen\u00ed<\/h2><\/div>\n\n<p>&#8222;\u2026v re\u017eimu Obnoven\u00ed&#8220; \/ &#8222;\u2026v re\u017eimu Obnoven\u00ed to&#8220; \/ &#8222;\u2026v re\u017eimu Obnoven\u00ed pro m\u011b&#8220;<br><br>&#8222;\u2026v re\u017eimu Obnoven\u00ed nab\u00edjen\u00ed&#8220; \/ &#8222;\u2026v re\u017eimu Obnoven\u00ed nabit\u00ed&#8220;<br><br>&#8222;\u2026v re\u017eimu Obnoven\u00ed nab\u00edjen\u00ed&#8220; \/ &#8222;\u2026v re\u017eimu Obnoven\u00ed&#8220; \/ &#8222;\u2026v re\u017eimu Obnoven\u00ed to&#8220;<\/p><\/div><\/div>\n\n\n\n<div style=\"height:49px\" aria-hidden=\"true\" class=\"wp-block-spacer\"><\/div>\n\n\n\n<div class=\"wp-block-uagb-container uagb-block-0038c469 alignfull uagb-is-root-container\"><div class=\"uagb-container-inner-blocks-wrap\"><div class=\"wp-block-uagb-advanced-heading uagb-block-705e418c\"><h2 class=\"uagb-heading-text\">Zkontrolujte stav<\/h2><\/div>\n\n<p>&#8222;Alexo, jak\u00fd je stav [n\u00e1zev nab\u00edje\u010dky]?&#8220;<\/p>\n\n<p><strong>Mo\u017en\u00e9 odpov\u011bdi:<br><\/strong><br><strong><br><strong>Elektrick\u00e9 vozidlo p\u0159ipojeno<\/strong><\/strong> &#8211; Auto je zapojeno, ale nenab\u00edj\u00ed (Pohotovost)<br><strong><br><strong>\u010cek\u00e1n\u00ed na elektrick\u00e9 vozidlo<\/strong><\/strong> &#8211; Nab\u00edje\u010dka je p\u0159ipravena, \u017e\u00e1dn\u00e9 auto nen\u00ed p\u0159ipojeno<br><strong><br><strong>Elektrick\u00e9 vozidlo nab\u00edj\u00ed<\/strong><\/strong> &#8211; Aktivn\u00ed nab\u00edjen\u00ed prob\u00edh\u00e1<br><strong><br><strong>Nab\u00edjen\u00ed pozastaveno<\/strong><\/strong> &#8211; Nab\u00edjen\u00ed bylo ru\u010dn\u011b pozastaveno<br><strong><br><strong>Nab\u00edje\u010dka uzam\u010dena<\/strong><\/strong> &#8211; Nab\u00edje\u010dka je uzam\u010dena<br><strong><br><strong>Nab\u00edje\u010dka offline<\/strong><\/strong> &#8211; Nab\u00edje\u010dka nem\u00e1 internetov\u00e9 p\u0159ipojen\u00ed<\/p>\n\n<p><em><br><em><strong>D\u016eLE\u017dIT\u00c9<\/strong>: Pauza funguje pouze v p\u0159\u00edpad\u011b, \u017ee auto aktivn\u011b nab\u00edj\u00ed. Obnoven\u00ed funguje pouze v p\u0159\u00edpad\u011b, \u017ee je nab\u00edjen\u00ed pozastaveno. Pokud je nab\u00edje\u010dka offline, Alexa odpov\u00ed chybou ENDPOINT_UNREACHABLE.<\/em><\/em><\/p><\/div><\/div>\n\n\n\n<div style=\"height:30px\" aria-hidden=\"true\" class=\"wp-block-spacer\"><\/div>\n","protected":false},"excerpt":{"rendered":"<p>Funk\u010dn\u00ed p\u0159\u00edkazy Alexa pro nab\u00edje\u010dku Trydan Pono\u0159te se do technologick\u00e9ho z\u00e1\u017eitku Ovl\u00e1dejte v\u0161echny funk\u010dn\u00ed p\u0159\u00edkazy Alexy, abyste mohli ovl\u00e1dat e-Charger sv\u00fdm hlasem.Inovace, okam\u017eitost a pohodl\u00ed pro jedine\u010dn\u00fd z\u00e1\u017eitek z nab\u00edjen\u00ed. Obecn\u00fd vzor je: &#8222;Alexa, nastav [n\u00e1zev nab\u00edje\u010dky] na [slovo] re\u017eim.&#8220; Zamkn\u011bte nab\u00edje\u010dku &#8222;\u2026v re\u017eimu z\u00e1mku&#8220; Odemkn\u011bte nab\u00edje\u010dku &#8222;\u2026v re\u017eimu Odemknout&#8220; Pozastavit nab\u00edjen\u00ed &#8222;\u2026v re\u017eimu Pozastaveno&#8220; &#8230; <a title=\"Funk\u010dn\u00ed p\u0159\u00edkazy Alexa\" class=\"read-more\" href=\"https:\/\/v2charge.com\/cs\/funk-ni-p-ikazy-pro-alexu\/\" aria-label=\"Read more about Funk\u010dn\u00ed p\u0159\u00edkazy Alexa\">\u010c\u00edst d\u00e1l<\/a><\/p>\n","protected":false},"author":1,"featured_media":170354,"parent":0,"menu_order":0,"comment_status":"closed","ping_status":"closed","template":"","meta":{"_eb_attr":"","content-type":"","_uag_custom_page_level_css":"","footnotes":""},"class_list":["post-318311","page","type-page","status-publish","has-post-thumbnail"],"yoast_head":"<!-- This site is optimized with the Yoast SEO plugin v25.3.1 - https:\/\/yoast.com\/wordpress\/plugins\/seo\/ -->\n<title>Funk\u010dn\u00ed p\u0159\u00edkazy Alexy pro V2C Cloud | V2C \u00ae<\/title>\n<meta name=\"description\" content=\"Poznejte funk\u010dn\u00ed p\u0159\u00edkazy Alexy pro v\u00e1\u0161 elektrick\u00fd nab\u00edje\u010d V2C a za\u010dn\u011bte spravovat nab\u00edjen\u00ed va\u0161eho vozidla v re\u00e1ln\u00e9m \u010dase.\" \/>\n<meta name=\"robots\" content=\"index, follow, max-snippet:-1, max-image-preview:large, max-video-preview:-1\" \/>\n<link rel=\"canonical\" href=\"https:\/\/v2charge.com\/cs\/funk-ni-p-ikazy-pro-alexu\/\" \/>\n<meta property=\"og:locale\" content=\"cs_CZ\" \/>\n<meta property=\"og:type\" content=\"article\" \/>\n<meta property=\"og:title\" content=\"Funk\u010dn\u00ed p\u0159\u00edkazy Alexy pro V2C Cloud | V2C \u00ae\" \/>\n<meta property=\"og:description\" content=\"Poznejte funk\u010dn\u00ed p\u0159\u00edkazy Alexy pro v\u00e1\u0161 elektrick\u00fd nab\u00edje\u010d V2C a za\u010dn\u011bte spravovat nab\u00edjen\u00ed va\u0161eho vozidla v re\u00e1ln\u00e9m \u010dase.\" \/>\n<meta property=\"og:url\" content=\"https:\/\/v2charge.com\/cs\/funk-ni-p-ikazy-pro-alexu\/\" \/>\n<meta property=\"og:site_name\" content=\"V2C\" \/>\n<meta property=\"article:publisher\" content=\"https:\/\/www.facebook.com\/V2C.Charge\" \/>\n<meta property=\"article:modified_time\" content=\"2026-04-25T16:21:35+00:00\" \/>\n<meta property=\"og:image\" content=\"https:\/\/v2charge.com\/wp-content\/uploads\/2024\/07\/v2c-electric-chargers.jpg\" \/>\n\t<meta property=\"og:image:width\" content=\"1200\" \/>\n\t<meta property=\"og:image:height\" content=\"675\" \/>\n\t<meta property=\"og:image:type\" content=\"image\/jpeg\" \/>\n<meta name=\"twitter:card\" content=\"summary_large_image\" \/>\n<meta name=\"twitter:site\" content=\"@V2C_Charge\" \/>\n<meta name=\"twitter:label1\" content=\"Odhadovan\u00e1 doba \u010dten\u00ed\" \/>\n\t<meta name=\"twitter:data1\" content=\"2 minuty\" \/>\n<script type=\"application\/ld+json\" class=\"yoast-schema-graph\">{\"@context\":\"https:\/\/schema.org\",\"@graph\":[{\"@type\":\"WebPage\",\"@id\":\"https:\/\/v2charge.com\/cs\/funk-ni-p-ikazy-pro-alexu\/\",\"url\":\"https:\/\/v2charge.com\/cs\/funk-ni-p-ikazy-pro-alexu\/\",\"name\":\"Funk\u010dn\u00ed p\u0159\u00edkazy Alexy pro V2C Cloud | V2C \u00ae\",\"isPartOf\":{\"@id\":\"https:\/\/v2charge.com\/cs\/#website\"},\"primaryImageOfPage\":{\"@id\":\"https:\/\/v2charge.com\/cs\/funk-ni-p-ikazy-pro-alexu\/#primaryimage\"},\"image\":{\"@id\":\"https:\/\/v2charge.com\/cs\/funk-ni-p-ikazy-pro-alexu\/#primaryimage\"},\"thumbnailUrl\":\"https:\/\/v2charge.com\/wp-content\/uploads\/2024\/07\/v2c-electric-chargers.jpg\",\"datePublished\":\"2022-03-02T12:26:43+00:00\",\"dateModified\":\"2026-04-25T16:21:35+00:00\",\"description\":\"Poznejte funk\u010dn\u00ed p\u0159\u00edkazy Alexy pro v\u00e1\u0161 elektrick\u00fd nab\u00edje\u010d V2C a za\u010dn\u011bte spravovat nab\u00edjen\u00ed va\u0161eho vozidla v re\u00e1ln\u00e9m \u010dase.\",\"breadcrumb\":{\"@id\":\"https:\/\/v2charge.com\/cs\/funk-ni-p-ikazy-pro-alexu\/#breadcrumb\"},\"inLanguage\":\"cs\",\"potentialAction\":[{\"@type\":\"ReadAction\",\"target\":[\"https:\/\/v2charge.com\/cs\/funk-ni-p-ikazy-pro-alexu\/\"]}]},{\"@type\":\"ImageObject\",\"inLanguage\":\"cs\",\"@id\":\"https:\/\/v2charge.com\/cs\/funk-ni-p-ikazy-pro-alexu\/#primaryimage\",\"url\":\"https:\/\/v2charge.com\/wp-content\/uploads\/2024\/07\/v2c-electric-chargers.jpg\",\"contentUrl\":\"https:\/\/v2charge.com\/wp-content\/uploads\/2024\/07\/v2c-electric-chargers.jpg\",\"width\":1200,\"height\":675,\"caption\":\"V2C Electric Chargers\"},{\"@type\":\"BreadcrumbList\",\"@id\":\"https:\/\/v2charge.com\/cs\/funk-ni-p-ikazy-pro-alexu\/#breadcrumb\",\"itemListElement\":[{\"@type\":\"ListItem\",\"position\":1,\"name\":\"V2C\",\"item\":\"https:\/\/v2charge.com\/cs\/\"},{\"@type\":\"ListItem\",\"position\":2,\"name\":\"Funk\u010dn\u00ed p\u0159\u00edkazy pro Alexu\"}]},{\"@type\":\"WebSite\",\"@id\":\"https:\/\/v2charge.com\/cs\/#website\",\"url\":\"https:\/\/v2charge.com\/cs\/\",\"name\":\"V2C\",\"description\":\"#CargandoElMa\u00f1ana\",\"publisher\":{\"@id\":\"https:\/\/v2charge.com\/cs\/#organization\"},\"potentialAction\":[{\"@type\":\"SearchAction\",\"target\":{\"@type\":\"EntryPoint\",\"urlTemplate\":\"https:\/\/v2charge.com\/cs\/?s={search_term_string}\"},\"query-input\":{\"@type\":\"PropertyValueSpecification\",\"valueRequired\":true,\"valueName\":\"search_term_string\"}}],\"inLanguage\":\"cs\"},{\"@type\":\"Organization\",\"@id\":\"https:\/\/v2charge.com\/cs\/#organization\",\"name\":\"V2C\",\"url\":\"https:\/\/v2charge.com\/cs\/\",\"logo\":{\"@type\":\"ImageObject\",\"inLanguage\":\"cs\",\"@id\":\"https:\/\/v2charge.com\/cs\/#\/schema\/logo\/image\/\",\"url\":\"https:\/\/v2charge.com\/wp-content\/uploads\/2024\/11\/cropped-v2c-charge-logo-menu.png\",\"contentUrl\":\"https:\/\/v2charge.com\/wp-content\/uploads\/2024\/11\/cropped-v2c-charge-logo-menu.png\",\"width\":984,\"height\":431,\"caption\":\"V2C\"},\"image\":{\"@id\":\"https:\/\/v2charge.com\/cs\/#\/schema\/logo\/image\/\"},\"sameAs\":[\"https:\/\/www.facebook.com\/V2C.Charge\",\"https:\/\/x.com\/V2C_Charge\",\"https:\/\/www.instagram.com\/v2c.charge\/\",\"https:\/\/www.youtube.com\/@V2C\",\"https:\/\/www.linkedin.com\/company\/v2c-chargers\/\"]}]}<\/script>\n<!-- \/ Yoast SEO plugin. -->","yoast_head_json":{"title":"Funk\u010dn\u00ed p\u0159\u00edkazy Alexy pro V2C Cloud | V2C \u00ae","description":"Poznejte funk\u010dn\u00ed p\u0159\u00edkazy Alexy pro v\u00e1\u0161 elektrick\u00fd nab\u00edje\u010d V2C a za\u010dn\u011bte spravovat nab\u00edjen\u00ed va\u0161eho vozidla v re\u00e1ln\u00e9m \u010dase.","robots":{"index":"index","follow":"follow","max-snippet":"max-snippet:-1","max-image-preview":"max-image-preview:large","max-video-preview":"max-video-preview:-1"},"canonical":"https:\/\/v2charge.com\/cs\/funk-ni-p-ikazy-pro-alexu\/","og_locale":"cs_CZ","og_type":"article","og_title":"Funk\u010dn\u00ed p\u0159\u00edkazy Alexy pro V2C Cloud | V2C \u00ae","og_description":"Poznejte funk\u010dn\u00ed p\u0159\u00edkazy Alexy pro v\u00e1\u0161 elektrick\u00fd nab\u00edje\u010d V2C a za\u010dn\u011bte spravovat nab\u00edjen\u00ed va\u0161eho vozidla v re\u00e1ln\u00e9m \u010dase.","og_url":"https:\/\/v2charge.com\/cs\/funk-ni-p-ikazy-pro-alexu\/","og_site_name":"V2C","article_publisher":"https:\/\/www.facebook.com\/V2C.Charge","article_modified_time":"2026-04-25T16:21:35+00:00","og_image":[{"width":1200,"height":675,"url":"https:\/\/v2charge.com\/wp-content\/uploads\/2024\/07\/v2c-electric-chargers.jpg","type":"image\/jpeg"}],"twitter_card":"summary_large_image","twitter_site":"@V2C_Charge","twitter_misc":{"Odhadovan\u00e1 doba \u010dten\u00ed":"2 minuty"},"schema":{"@context":"https:\/\/schema.org","@graph":[{"@type":"WebPage","@id":"https:\/\/v2charge.com\/cs\/funk-ni-p-ikazy-pro-alexu\/","url":"https:\/\/v2charge.com\/cs\/funk-ni-p-ikazy-pro-alexu\/","name":"Funk\u010dn\u00ed p\u0159\u00edkazy Alexy pro V2C Cloud | V2C \u00ae","isPartOf":{"@id":"https:\/\/v2charge.com\/cs\/#website"},"primaryImageOfPage":{"@id":"https:\/\/v2charge.com\/cs\/funk-ni-p-ikazy-pro-alexu\/#primaryimage"},"image":{"@id":"https:\/\/v2charge.com\/cs\/funk-ni-p-ikazy-pro-alexu\/#primaryimage"},"thumbnailUrl":"https:\/\/v2charge.com\/wp-content\/uploads\/2024\/07\/v2c-electric-chargers.jpg","datePublished":"2022-03-02T12:26:43+00:00","dateModified":"2026-04-25T16:21:35+00:00","description":"Poznejte funk\u010dn\u00ed p\u0159\u00edkazy Alexy pro v\u00e1\u0161 elektrick\u00fd nab\u00edje\u010d V2C a za\u010dn\u011bte spravovat nab\u00edjen\u00ed va\u0161eho vozidla v re\u00e1ln\u00e9m \u010dase.","breadcrumb":{"@id":"https:\/\/v2charge.com\/cs\/funk-ni-p-ikazy-pro-alexu\/#breadcrumb"},"inLanguage":"cs","potentialAction":[{"@type":"ReadAction","target":["https:\/\/v2charge.com\/cs\/funk-ni-p-ikazy-pro-alexu\/"]}]},{"@type":"ImageObject","inLanguage":"cs","@id":"https:\/\/v2charge.com\/cs\/funk-ni-p-ikazy-pro-alexu\/#primaryimage","url":"https:\/\/v2charge.com\/wp-content\/uploads\/2024\/07\/v2c-electric-chargers.jpg","contentUrl":"https:\/\/v2charge.com\/wp-content\/uploads\/2024\/07\/v2c-electric-chargers.jpg","width":1200,"height":675,"caption":"V2C Electric Chargers"},{"@type":"BreadcrumbList","@id":"https:\/\/v2charge.com\/cs\/funk-ni-p-ikazy-pro-alexu\/#breadcrumb","itemListElement":[{"@type":"ListItem","position":1,"name":"V2C","item":"https:\/\/v2charge.com\/cs\/"},{"@type":"ListItem","position":2,"name":"Funk\u010dn\u00ed p\u0159\u00edkazy pro Alexu"}]},{"@type":"WebSite","@id":"https:\/\/v2charge.com\/cs\/#website","url":"https:\/\/v2charge.com\/cs\/","name":"V2C","description":"#CargandoElMa\u00f1ana","publisher":{"@id":"https:\/\/v2charge.com\/cs\/#organization"},"potentialAction":[{"@type":"SearchAction","target":{"@type":"EntryPoint","urlTemplate":"https:\/\/v2charge.com\/cs\/?s={search_term_string}"},"query-input":{"@type":"PropertyValueSpecification","valueRequired":true,"valueName":"search_term_string"}}],"inLanguage":"cs"},{"@type":"Organization","@id":"https:\/\/v2charge.com\/cs\/#organization","name":"V2C","url":"https:\/\/v2charge.com\/cs\/","logo":{"@type":"ImageObject","inLanguage":"cs","@id":"https:\/\/v2charge.com\/cs\/#\/schema\/logo\/image\/","url":"https:\/\/v2charge.com\/wp-content\/uploads\/2024\/11\/cropped-v2c-charge-logo-menu.png","contentUrl":"https:\/\/v2charge.com\/wp-content\/uploads\/2024\/11\/cropped-v2c-charge-logo-menu.png","width":984,"height":431,"caption":"V2C"},"image":{"@id":"https:\/\/v2charge.com\/cs\/#\/schema\/logo\/image\/"},"sameAs":["https:\/\/www.facebook.com\/V2C.Charge","https:\/\/x.com\/V2C_Charge","https:\/\/www.instagram.com\/v2c.charge\/","https:\/\/www.youtube.com\/@V2C","https:\/\/www.linkedin.com\/company\/v2c-chargers\/"]}]}},"uagb_featured_image_src":{"full":["https:\/\/v2charge.com\/wp-content\/uploads\/2024\/07\/v2c-electric-chargers.jpg",1200,675,false],"thumbnail":["https:\/\/v2charge.com\/wp-content\/uploads\/2024\/07\/v2c-electric-chargers-150x150.jpg",150,150,true],"medium":["https:\/\/v2charge.com\/wp-content\/uploads\/2024\/07\/v2c-electric-chargers-300x169.jpg",300,169,true],"medium_large":["https:\/\/v2charge.com\/wp-content\/uploads\/2024\/07\/v2c-electric-chargers-768x432.jpg",768,432,true],"large":["https:\/\/v2charge.com\/wp-content\/uploads\/2024\/07\/v2c-electric-chargers-1024x576.jpg",1024,576,true],"gs-tiny":["https:\/\/v2charge.com\/wp-content\/uploads\/2024\/07\/v2c-electric-chargers.jpg",50,28,false],"xl":["https:\/\/v2charge.com\/wp-content\/uploads\/2024\/07\/v2c-electric-chargers.jpg",1200,675,false],"xxl":["https:\/\/v2charge.com\/wp-content\/uploads\/2024\/07\/v2c-electric-chargers.jpg",1200,675,false],"xxxl":["https:\/\/v2charge.com\/wp-content\/uploads\/2024\/07\/v2c-electric-chargers.jpg",1200,675,false],"xxxxl":["https:\/\/v2charge.com\/wp-content\/uploads\/2024\/07\/v2c-electric-chargers.jpg",1200,675,false],"xxxxxl":["https:\/\/v2charge.com\/wp-content\/uploads\/2024\/07\/v2c-electric-chargers.jpg",1200,675,false],"1536x1536":["https:\/\/v2charge.com\/wp-content\/uploads\/2024\/07\/v2c-electric-chargers.jpg",1200,675,false],"2048x2048":["https:\/\/v2charge.com\/wp-content\/uploads\/2024\/07\/v2c-electric-chargers.jpg",1200,675,false]},"uagb_author_info":{"display_name":"V2C","author_link":"https:\/\/v2charge.com\/cs\/author\/root_k4eu7ki8\/"},"uagb_comment_info":0,"uagb_excerpt":"Funk\u010dn\u00ed p\u0159\u00edkazy Alexa pro nab\u00edje\u010dku Trydan Pono\u0159te se do technologick\u00e9ho z\u00e1\u017eitku Ovl\u00e1dejte v\u0161echny funk\u010dn\u00ed p\u0159\u00edkazy Alexy, abyste mohli ovl\u00e1dat e-Charger sv\u00fdm hlasem.Inovace, okam\u017eitost a pohodl\u00ed pro jedine\u010dn\u00fd z\u00e1\u017eitek z nab\u00edjen\u00ed. Obecn\u00fd vzor je: &#8222;Alexa, nastav [n\u00e1zev nab\u00edje\u010dky] na [slovo] re\u017eim.&#8220; Zamkn\u011bte nab\u00edje\u010dku &#8222;\u2026v re\u017eimu z\u00e1mku&#8220; Odemkn\u011bte nab\u00edje\u010dku &#8222;\u2026v re\u017eimu Odemknout&#8220; Pozastavit nab\u00edjen\u00ed &#8222;\u2026v re\u017eimu Pozastaveno&#8220;&hellip;","_links":{"self":[{"href":"https:\/\/v2charge.com\/cs\/wp-json\/wp\/v2\/pages\/318311","targetHints":{"allow":["GET"]}}],"collection":[{"href":"https:\/\/v2charge.com\/cs\/wp-json\/wp\/v2\/pages"}],"about":[{"href":"https:\/\/v2charge.com\/cs\/wp-json\/wp\/v2\/types\/page"}],"author":[{"embeddable":true,"href":"https:\/\/v2charge.com\/cs\/wp-json\/wp\/v2\/users\/1"}],"replies":[{"embeddable":true,"href":"https:\/\/v2charge.com\/cs\/wp-json\/wp\/v2\/comments?post=318311"}],"version-history":[{"count":0,"href":"https:\/\/v2charge.com\/cs\/wp-json\/wp\/v2\/pages\/318311\/revisions"}],"wp:featuredmedia":[{"embeddable":true,"href":"https:\/\/v2charge.com\/cs\/wp-json\/wp\/v2\/media\/170354"}],"wp:attachment":[{"href":"https:\/\/v2charge.com\/cs\/wp-json\/wp\/v2\/media?parent=318311"}],"curies":[{"name":"wp","href":"https:\/\/api.w.org\/{rel}","templated":true}]}}