{"id":318321,"date":"2022-09-11T18:46:25","date_gmt":"2022-09-11T16:46:25","guid":{"rendered":""},"modified":"2026-04-25T19:03:42","modified_gmt":"2026-04-25T19:03:42","slug":"p-ipojit-trydan-k-m-i-i-energie-wibeee","status":"publish","type":"page","link":"https:\/\/v2charge.com\/cs\/p-ipojit-trydan-k-m-i-i-energie-wibeee\/","title":{"rendered":"P\u0159ipojen\u00ed Trydan s m\u011b\u0159i\u010dem energie Wibeee"},"content":{"rendered":"\n<div class=\"wp-block-uagb-container uagb-block-ab7cfef6 alignfull uagb-is-root-container\"><div class=\"uagb-container-inner-blocks-wrap\"><div class=\"yoast-breadcrumbs\"><span><span><a href=\"https:\/\/v2charge.com\/cs\/\">V2C<\/a><\/span> \u00bb <span class=\"breadcrumb_last\" aria-current=\"page\">Medidor Wibeee<\/span><\/span><\/div>\n\n<div class=\"wp-block-uagb-advanced-heading uagb-block-b32c4bfc\"><h1 class=\"uagb-heading-text\">P\u0159ipojen\u00ed Trydan k m\u011b\u0159i\u010di energie Wibeee<\/h1><\/div><\/div><\/div>\n\n\n\n<div class=\"wp-block-uagb-container uagb-block-d1d57cfd alignfull uagb-is-root-container\"><div class=\"uagb-container-inner-blocks-wrap\">\n<div class=\"wp-block-uagb-container uagb-block-1d926316 alignfull uagb-is-root-container\"><div class=\"uagb-container-inner-blocks-wrap\">\n<div class=\"wp-block-uagb-container uagb-block-3769988c\">\n<div class=\"wp-block-uagb-image aligncenter uagb-block-dd804c57 wp-block-uagb-image--layout-default wp-block-uagb-image--effect-static wp-block-uagb-image--align-center\"><figure class=\"wp-block-uagb-image__figure\"><img decoding=\"async\" srcset=\"https:\/\/v2charge.com\/wp-content\/uploads\/2023\/12\/wibee-logo.png ,https:\/\/v2charge.com\/wp-content\/uploads\/2023\/12\/wibee-logo.png 780w, https:\/\/v2charge.com\/wp-content\/uploads\/2023\/12\/wibee-logo.png 360w\" sizes=\"auto, (max-width: 480px) 150px\" src=\"https:\/\/v2charge.com\/wp-content\/uploads\/2023\/12\/wibee-logo.png\" alt=\"\" class=\"uag-image-130122\" width=\"400\" height=\"124\" title=\"\" loading=\"lazy\" role=\"img\"\/><\/figure><\/div>\n<\/div>\n\n\n\n<div class=\"wp-block-uagb-container uagb-block-a2bfc09c\"><div class=\"wp-block-uagb-advanced-heading uagb-block-892dcedd\"><p class=\"uagb-heading-text\"><strong>Trydan <\/strong>je kompatibiln\u00ed s energetick\u00fdm m\u011b\u0159i\u010dem Wibeee od <strong>Smilics Technologies<\/strong>, a to jak v jeho fotovoltaick\u00e9, tak jednof\u00e1zov\u00e9 verzi.<br><br>Kompatibiln\u00ed za\u0159\u00edzen\u00ed jsou <strong>Wibeee Box<\/strong>, vysoce univerz\u00e1ln\u00ed m\u011b\u0159i\u010d, kter\u00fd se prim\u00e1rn\u011b pou\u017e\u00edv\u00e1 pro fotovoltaiku, a <strong>Wibeee Home<\/strong>. Pro p\u0159ipojen\u00ed k fotovoltaick\u00e9mu syst\u00e9mu by m\u011bl b\u00fdt sv\u011brac\u00ed \u010d. 1 p\u0159ipojen k celkov\u00e9 spot\u0159eb\u011b a sv\u011brac\u00ed \u010d. 2 k fotovoltaick\u00e9mu invertoru.<\/p><\/div><\/div>\n<\/div><\/div>\n\n\n\n<div class=\"wp-block-uagb-container uagb-block-333fb119 alignfull uagb-is-root-container\"><div class=\"uagb-container-inner-blocks-wrap\">\n<div class=\"wp-block-uagb-container uagb-block-2ff110d0 default uagb-is-root-container\">\n<div class=\"wp-block-uagb-container uagb-block-cd442c87\">\n<div class=\"wp-block-uagb-image aligncenter uagb-block-4bb46c59 wp-block-uagb-image--layout-default wp-block-uagb-image--effect-static wp-block-uagb-image--align-center\"><figure class=\"wp-block-uagb-image__figure\"><img decoding=\"async\" srcset=\"https:\/\/v2charge.com\/wp-content\/uploads\/2023\/11\/icon-important.png ,https:\/\/v2charge.com\/wp-content\/uploads\/2023\/11\/icon-important.png 780w, https:\/\/v2charge.com\/wp-content\/uploads\/2023\/11\/icon-important.png 360w\" sizes=\"auto, (max-width: 480px) 150px\" src=\"https:\/\/v2charge.com\/wp-content\/uploads\/2023\/11\/icon-important.png\" alt=\"\" class=\"uag-image-125013\" width=\"50\" height=\"50\" title=\"\" loading=\"lazy\" role=\"img\"\/><\/figure><\/div>\n<\/div>\n\n\n\n<div class=\"wp-block-uagb-container uagb-block-38de7166\"><div class=\"wp-block-uagb-advanced-heading uagb-block-37ab01f0\"><p class=\"uagb-heading-text\">Pou\u017eit\u00ed <strong>Wi-Fi repeater\u016f<\/strong> nebo <strong>mesh s\u00edt\u00ed<\/strong> m\u016f\u017ee ovlivnit spr\u00e1vnou funkci syst\u00e9mu. Doporu\u010dujeme pou\u017e\u00edvat <strong>stabiln\u00ed<\/strong> a <strong>p\u0159\u00edmou Wi-Fi<\/strong> s\u00ed\u0165, aby bylo zaji\u0161t\u011bno optim\u00e1ln\u00ed p\u0159ipojen\u00ed mezi nab\u00edje\u010dkou a m\u011b\u0159i\u010dem.<\/p><\/div><\/div>\n<\/div>\n\n\n\n<div style=\"height:5px\" aria-hidden=\"true\" class=\"wp-block-spacer\"><\/div>\n<\/div><\/div>\n\n\n\n<div class=\"wp-block-uagb-separator uagb-block-824a65ea\"><div class=\"wp-block-uagb-separator__inner\" style=\"--my-background-image:\"><\/div><\/div>\n\n\n<div class=\"wp-block-uagb-advanced-heading uagb-block-bead9183\"><h2 class=\"uagb-heading-text\">Kroky pro p\u0159ipojen\u00ed m\u011b\u0159i\u010de Wibeee k WiFi<\/h2><\/div>\n\n\n<div class=\"wp-block-uagb-container uagb-block-18eeea3d alignfull uagb-is-root-container\"><div class=\"uagb-container-inner-blocks-wrap\"><div class=\"wp-block-uagb-info-box uagb-block-bb6a2ad9 uagb-infobox__content-wrap  uagb-infobox-icon-left uagb-infobox-left uagb-infobox-stacked-tablet uagb-infobox-image-valign-top\"><div class=\"uagb-ifb-image-content\"><img decoding=\"async\" src=\"https:\/\/v2charge.com\/wp-content\/uploads\/2023\/11\/numero-uno.png\" alt=\"\" width=\"38\" height=\"38\" loading=\"lazy\"\/><\/div><div class=\"uagb-ifb-content\"><div class=\"uagb-ifb-title-wrap\"><\/div><p class=\"uagb-ifb-desc\">V aplikaci <strong>Wibeee Next<\/strong>, a\u0165 u\u017e na po\u010d\u00edta\u010di nebo mobilu, najd\u011bte <strong>IP adresu<\/strong> Wibeee.<\/p><\/div><\/div>\n\n\n<div class=\"wp-block-uagb-image aligncenter uagb-block-0ede07ef wp-block-uagb-image--layout-default wp-block-uagb-image--effect-static wp-block-uagb-image--align-center\"><figure class=\"wp-block-uagb-image__figure\"><img decoding=\"async\" srcset=\"https:\/\/v2charge.com\/wp-content\/uploads\/2024\/01\/conexion-wifi-wibee-trydan.jpg ,https:\/\/v2charge.com\/wp-content\/uploads\/2024\/01\/conexion-wifi-wibee-trydan.jpg 780w, https:\/\/v2charge.com\/wp-content\/uploads\/2024\/01\/conexion-wifi-wibee-trydan.jpg 360w\" sizes=\"auto, (max-width: 480px) 150px\" src=\"https:\/\/v2charge.com\/wp-content\/uploads\/2024\/01\/conexion-wifi-wibee-trydan.jpg\" alt=\"\" class=\"uag-image-131292\" width=\"750\" height=\"257\" title=\"\" loading=\"lazy\" role=\"img\"\/><\/figure><\/div>\n<\/div><\/div>\n\n\n\n<div class=\"wp-block-uagb-separator uagb-block-1f4e5f80\"><div class=\"wp-block-uagb-separator__inner\" style=\"--my-background-image:\"><\/div><\/div>\n\n\n\n<div class=\"wp-block-uagb-container uagb-block-bf18b7b8 alignfull uagb-is-root-container\"><div class=\"uagb-container-inner-blocks-wrap\">\n<div class=\"wp-block-uagb-container uagb-block-63fc9fe5\"><div class=\"wp-block-uagb-advanced-heading uagb-block-17704ad3\"><h2 class=\"uagb-heading-text\">Konfigurace m\u011b\u0159i\u010de Wibeee v aplikaci V2C Cloud<\/h2><\/div>\n\n<p>Otev\u0159ete aplikaci V2C Cloud, vyberte nab\u00edjec\u00ed stanici a pot\u00e9 p\u0159ejd\u011bte do sekce nastaven\u00ed.<br><br>P\u0159ejd\u011bte do sekce dynamick\u00e9 \u0159\u00edzen\u00ed v\u00fdkonu, vyberte &#8218;m\u011b\u0159i\u010d&#8216; v z\u00e1lo\u017ece typu za\u0159\u00edzen\u00ed a zvolte Wibeee pod &#8218;typ m\u011b\u0159i\u010de&#8216;.<br><br>D\u00e1le vyberte odpov\u00eddaj\u00edc\u00ed typ instalace.<br><br><strong>Ulo\u017ete konfiguraci, aby bylo zaji\u0161t\u011bno spr\u00e1vn\u00e9 fungov\u00e1n\u00ed dynamick\u00e9ho \u0159\u00edzen\u00ed v\u00fdkonu. Pot\u00e9 ji p\u0159izp\u016fsobte, aby vyhovovala va\u0161im pot\u0159eb\u00e1m p\u0159i nab\u00edjen\u00ed.<\/strong><\/p><\/div>\n\n\n\n<div class=\"wp-block-uagb-container uagb-block-071ab2ad\">\n<div class=\"wp-block-uagb-image uagb-block-861583ee wp-block-uagb-image--layout-default wp-block-uagb-image--effect-static wp-block-uagb-image--align-none\"><figure class=\"wp-block-uagb-image__figure\"><img decoding=\"async\" srcset=\"https:\/\/v2charge.com\/wp-content\/uploads\/2024\/05\/select-meter-wibeee.jpg ,https:\/\/v2charge.com\/wp-content\/uploads\/2024\/05\/select-meter-wibeee.jpg 780w, https:\/\/v2charge.com\/wp-content\/uploads\/2024\/05\/select-meter-wibeee.jpg 360w\" sizes=\"auto, (max-width: 480px) 150px\" src=\"https:\/\/v2charge.com\/wp-content\/uploads\/2024\/05\/select-meter-wibeee.jpg\" alt=\"\" class=\"uag-image-157230\" width=\"731\" height=\"1024\" title=\"select-meter-wibeee\" loading=\"lazy\" role=\"img\"\/><\/figure><\/div>\n<\/div>\n<\/div><\/div>\n\n\n\n<div style=\"height:40px\" aria-hidden=\"true\" class=\"wp-block-spacer\"><\/div>\n<\/div><\/div>\n\n\n\n<div class=\"wp-block-uagb-container uagb-block-c6f38013 alignfull uagb-is-root-container\"><div class=\"uagb-container-inner-blocks-wrap\"><div class=\"wp-block-uagb-advanced-heading uagb-block-6963d70c\"><h2 class=\"uagb-heading-text\"><strong>Pot\u0159ebujete technickou podporu?<\/strong><\/h2><\/div>\n\n<div class=\"wp-block-uagb-advanced-heading uagb-block-408243eb\"><p class=\"uagb-heading-text\">Ode\u0161lete \u017e\u00e1dost prost\u0159ednictv\u00edm Technick\u00e9ho podp\u016frn\u00e9ho centra a my v\u00e1s co nejd\u0159\u00edve kontaktujeme, abychom v\u00e1m poskytli nejlep\u0161\u00ed \u0159e\u0161en\u00ed.<\/p><\/div>\n\n\n<div class=\"wp-block-uagb-buttons uagb-buttons__outer-wrap uagb-btn__default-btn uagb-btn-tablet__default-btn uagb-btn-mobile__default-btn uagb-block-ba1e67d1\"><div class=\"uagb-buttons__wrap uagb-buttons-layout-wrap \"><div class=\"wp-block-uagb-buttons-child uagb-buttons__outer-wrap uagb-block-23cfb623 wp-block-button\"><div class=\"uagb-button__wrapper\"><a class=\"uagb-buttons-repeater wp-block-button__link\" aria-label=\"\" href=\"https:\/\/v2charge.atlassian.net\/servicedesk\/customer\/portal\/3\" rel=\"follow noopener\" target=\"_self\" role=\"button\"><div class=\"uagb-button__link\">Kontaktujte technickou podporu<\/div><\/a><\/div><\/div><\/div><\/div>\n<\/div><\/div>\n","protected":false},"excerpt":{"rendered":"<p>P\u0159ipojen\u00ed Trydan k m\u011b\u0159i\u010di energie Wibeee Trydan je kompatibiln\u00ed s energetick\u00fdm m\u011b\u0159i\u010dem Wibeee od Smilics Technologies, a to jak v jeho fotovoltaick\u00e9, tak jednof\u00e1zov\u00e9 verzi. Kompatibiln\u00ed za\u0159\u00edzen\u00ed jsou Wibeee Box, vysoce univerz\u00e1ln\u00ed m\u011b\u0159i\u010d, kter\u00fd se prim\u00e1rn\u011b pou\u017e\u00edv\u00e1 pro fotovoltaiku, a Wibeee Home. Pro p\u0159ipojen\u00ed k fotovoltaick\u00e9mu syst\u00e9mu by m\u011bl b\u00fdt sv\u011brac\u00ed \u010d. 1 p\u0159ipojen k &#8230; <a title=\"P\u0159ipojen\u00ed Trydan s m\u011b\u0159i\u010dem energie Wibeee\" class=\"read-more\" href=\"https:\/\/v2charge.com\/cs\/p-ipojit-trydan-k-m-i-i-energie-wibeee\/\" aria-label=\"Read more about P\u0159ipojen\u00ed Trydan s m\u011b\u0159i\u010dem energie Wibeee\">\u010c\u00edst d\u00e1l<\/a><\/p>\n","protected":false},"author":1,"featured_media":170354,"parent":0,"menu_order":0,"comment_status":"closed","ping_status":"closed","template":"","meta":{"_eb_attr":"","content-type":"","_uag_custom_page_level_css":"","footnotes":""},"class_list":["post-318321","page","type-page","status-publish","has-post-thumbnail"],"yoast_head":"<!-- This site is optimized with the Yoast SEO plugin v25.3.1 - https:\/\/yoast.com\/wordpress\/plugins\/seo\/ -->\n<title>P\u0159ipojen\u00ed nab\u00edje\u010dky Trydan - M\u011b\u0159i\u010d energie Wibeee | V2C<\/title>\n<meta name=\"description\" content=\"Nau\u010dte se p\u0159ipojit sv\u016fj nab\u00edje\u010d Trydan k m\u011b\u0159i\u010di energie Wibeee. Za\u010dn\u011bte optimalizovat sv\u016fj proces elektrick\u00e9ho nab\u00edjen\u00ed je\u0161t\u011b dnes!\" \/>\n<meta name=\"robots\" content=\"index, follow, max-snippet:-1, max-image-preview:large, max-video-preview:-1\" \/>\n<link rel=\"canonical\" href=\"https:\/\/v2charge.com\/cs\/soporte\/trydan\/integracion-fotovoltaica\/medidor-wibeee\/\" \/>\n<meta property=\"og:locale\" content=\"cs_CZ\" \/>\n<meta property=\"og:type\" content=\"article\" \/>\n<meta property=\"og:title\" content=\"P\u0159ipojen\u00ed nab\u00edje\u010dky Trydan - M\u011b\u0159i\u010d energie Wibeee | V2C\" \/>\n<meta property=\"og:description\" content=\"Nau\u010dte se p\u0159ipojit sv\u016fj nab\u00edje\u010d Trydan k m\u011b\u0159i\u010di energie Wibeee. Za\u010dn\u011bte optimalizovat sv\u016fj proces elektrick\u00e9ho nab\u00edjen\u00ed je\u0161t\u011b dnes!\" \/>\n<meta property=\"og:url\" content=\"https:\/\/v2charge.com\/cs\/soporte\/trydan\/integracion-fotovoltaica\/medidor-wibeee\/\" \/>\n<meta property=\"og:site_name\" content=\"V2C\" \/>\n<meta property=\"article:publisher\" content=\"https:\/\/www.facebook.com\/V2C.Charge\" \/>\n<meta property=\"article:modified_time\" content=\"2026-04-25T19:03:42+00:00\" \/>\n<meta property=\"og:image\" content=\"https:\/\/v2charge.com\/wp-content\/uploads\/2024\/07\/v2c-electric-chargers.jpg\" \/>\n\t<meta property=\"og:image:width\" content=\"1200\" \/>\n\t<meta property=\"og:image:height\" content=\"675\" \/>\n\t<meta property=\"og:image:type\" content=\"image\/jpeg\" \/>\n<meta name=\"twitter:card\" content=\"summary_large_image\" \/>\n<meta name=\"twitter:site\" content=\"@V2C_Charge\" \/>\n<meta name=\"twitter:label1\" content=\"Odhadovan\u00e1 doba \u010dten\u00ed\" \/>\n\t<meta name=\"twitter:data1\" content=\"3 minuty\" \/>\n<script type=\"application\/ld+json\" class=\"yoast-schema-graph\">{\"@context\":\"https:\/\/schema.org\",\"@graph\":[{\"@type\":\"WebPage\",\"@id\":\"https:\/\/v2charge.com\/cs\/p-ipojit-trydan-k-m-i-i-energie-wibeee\/\",\"url\":\"https:\/\/v2charge.com\/cs\/soporte\/trydan\/integracion-fotovoltaica\/medidor-wibeee\/\",\"name\":\"P\u0159ipojen\u00ed nab\u00edje\u010dky Trydan - M\u011b\u0159i\u010d energie Wibeee | V2C\",\"isPartOf\":{\"@id\":\"https:\/\/v2charge.com\/cs\/#website\"},\"primaryImageOfPage\":{\"@id\":\"https:\/\/v2charge.com\/cs\/soporte\/trydan\/integracion-fotovoltaica\/medidor-wibeee\/#primaryimage\"},\"image\":{\"@id\":\"https:\/\/v2charge.com\/cs\/soporte\/trydan\/integracion-fotovoltaica\/medidor-wibeee\/#primaryimage\"},\"thumbnailUrl\":\"https:\/\/v2charge.com\/wp-content\/uploads\/2024\/07\/v2c-electric-chargers.jpg\",\"datePublished\":\"2022-09-11T16:46:25+00:00\",\"dateModified\":\"2026-04-25T19:03:42+00:00\",\"description\":\"Nau\u010dte se p\u0159ipojit sv\u016fj nab\u00edje\u010d Trydan k m\u011b\u0159i\u010di energie Wibeee. Za\u010dn\u011bte optimalizovat sv\u016fj proces elektrick\u00e9ho nab\u00edjen\u00ed je\u0161t\u011b dnes!\",\"breadcrumb\":{\"@id\":\"https:\/\/v2charge.com\/cs\/soporte\/trydan\/integracion-fotovoltaica\/medidor-wibeee\/#breadcrumb\"},\"inLanguage\":\"cs\",\"potentialAction\":[{\"@type\":\"ReadAction\",\"target\":[\"https:\/\/v2charge.com\/cs\/soporte\/trydan\/integracion-fotovoltaica\/medidor-wibeee\/\"]}]},{\"@type\":\"ImageObject\",\"inLanguage\":\"cs\",\"@id\":\"https:\/\/v2charge.com\/cs\/soporte\/trydan\/integracion-fotovoltaica\/medidor-wibeee\/#primaryimage\",\"url\":\"https:\/\/v2charge.com\/wp-content\/uploads\/2024\/07\/v2c-electric-chargers.jpg\",\"contentUrl\":\"https:\/\/v2charge.com\/wp-content\/uploads\/2024\/07\/v2c-electric-chargers.jpg\",\"width\":1200,\"height\":675,\"caption\":\"V2C Electric Chargers\"},{\"@type\":\"BreadcrumbList\",\"@id\":\"https:\/\/v2charge.com\/cs\/soporte\/trydan\/integracion-fotovoltaica\/medidor-wibeee\/#breadcrumb\",\"itemListElement\":[{\"@type\":\"ListItem\",\"position\":1,\"name\":\"V2C\",\"item\":\"https:\/\/v2charge.com\/cs\/\"},{\"@type\":\"ListItem\",\"position\":2,\"name\":\"Medidor Wibeee\"}]},{\"@type\":\"WebSite\",\"@id\":\"https:\/\/v2charge.com\/cs\/#website\",\"url\":\"https:\/\/v2charge.com\/cs\/\",\"name\":\"V2C\",\"description\":\"#CargandoElMa\u00f1ana\",\"publisher\":{\"@id\":\"https:\/\/v2charge.com\/cs\/#organization\"},\"potentialAction\":[{\"@type\":\"SearchAction\",\"target\":{\"@type\":\"EntryPoint\",\"urlTemplate\":\"https:\/\/v2charge.com\/cs\/?s={search_term_string}\"},\"query-input\":{\"@type\":\"PropertyValueSpecification\",\"valueRequired\":true,\"valueName\":\"search_term_string\"}}],\"inLanguage\":\"cs\"},{\"@type\":\"Organization\",\"@id\":\"https:\/\/v2charge.com\/cs\/#organization\",\"name\":\"V2C\",\"url\":\"https:\/\/v2charge.com\/cs\/\",\"logo\":{\"@type\":\"ImageObject\",\"inLanguage\":\"cs\",\"@id\":\"https:\/\/v2charge.com\/cs\/#\/schema\/logo\/image\/\",\"url\":\"https:\/\/v2charge.com\/wp-content\/uploads\/2024\/11\/cropped-v2c-charge-logo-menu.png\",\"contentUrl\":\"https:\/\/v2charge.com\/wp-content\/uploads\/2024\/11\/cropped-v2c-charge-logo-menu.png\",\"width\":984,\"height\":431,\"caption\":\"V2C\"},\"image\":{\"@id\":\"https:\/\/v2charge.com\/cs\/#\/schema\/logo\/image\/\"},\"sameAs\":[\"https:\/\/www.facebook.com\/V2C.Charge\",\"https:\/\/x.com\/V2C_Charge\",\"https:\/\/www.instagram.com\/v2c.charge\/\",\"https:\/\/www.youtube.com\/@V2C\",\"https:\/\/www.linkedin.com\/company\/v2c-chargers\/\"]}]}<\/script>\n<!-- \/ Yoast SEO plugin. -->","yoast_head_json":{"title":"P\u0159ipojen\u00ed nab\u00edje\u010dky Trydan - M\u011b\u0159i\u010d energie Wibeee | V2C","description":"Nau\u010dte se p\u0159ipojit sv\u016fj nab\u00edje\u010d Trydan k m\u011b\u0159i\u010di energie Wibeee. Za\u010dn\u011bte optimalizovat sv\u016fj proces elektrick\u00e9ho nab\u00edjen\u00ed je\u0161t\u011b dnes!","robots":{"index":"index","follow":"follow","max-snippet":"max-snippet:-1","max-image-preview":"max-image-preview:large","max-video-preview":"max-video-preview:-1"},"canonical":"https:\/\/v2charge.com\/cs\/soporte\/trydan\/integracion-fotovoltaica\/medidor-wibeee\/","og_locale":"cs_CZ","og_type":"article","og_title":"P\u0159ipojen\u00ed nab\u00edje\u010dky Trydan - M\u011b\u0159i\u010d energie Wibeee | V2C","og_description":"Nau\u010dte se p\u0159ipojit sv\u016fj nab\u00edje\u010d Trydan k m\u011b\u0159i\u010di energie Wibeee. Za\u010dn\u011bte optimalizovat sv\u016fj proces elektrick\u00e9ho nab\u00edjen\u00ed je\u0161t\u011b dnes!","og_url":"https:\/\/v2charge.com\/cs\/soporte\/trydan\/integracion-fotovoltaica\/medidor-wibeee\/","og_site_name":"V2C","article_publisher":"https:\/\/www.facebook.com\/V2C.Charge","article_modified_time":"2026-04-25T19:03:42+00:00","og_image":[{"width":1200,"height":675,"url":"https:\/\/v2charge.com\/wp-content\/uploads\/2024\/07\/v2c-electric-chargers.jpg","type":"image\/jpeg"}],"twitter_card":"summary_large_image","twitter_site":"@V2C_Charge","twitter_misc":{"Odhadovan\u00e1 doba \u010dten\u00ed":"3 minuty"},"schema":{"@context":"https:\/\/schema.org","@graph":[{"@type":"WebPage","@id":"https:\/\/v2charge.com\/cs\/p-ipojit-trydan-k-m-i-i-energie-wibeee\/","url":"https:\/\/v2charge.com\/cs\/soporte\/trydan\/integracion-fotovoltaica\/medidor-wibeee\/","name":"P\u0159ipojen\u00ed nab\u00edje\u010dky Trydan - M\u011b\u0159i\u010d energie Wibeee | V2C","isPartOf":{"@id":"https:\/\/v2charge.com\/cs\/#website"},"primaryImageOfPage":{"@id":"https:\/\/v2charge.com\/cs\/soporte\/trydan\/integracion-fotovoltaica\/medidor-wibeee\/#primaryimage"},"image":{"@id":"https:\/\/v2charge.com\/cs\/soporte\/trydan\/integracion-fotovoltaica\/medidor-wibeee\/#primaryimage"},"thumbnailUrl":"https:\/\/v2charge.com\/wp-content\/uploads\/2024\/07\/v2c-electric-chargers.jpg","datePublished":"2022-09-11T16:46:25+00:00","dateModified":"2026-04-25T19:03:42+00:00","description":"Nau\u010dte se p\u0159ipojit sv\u016fj nab\u00edje\u010d Trydan k m\u011b\u0159i\u010di energie Wibeee. Za\u010dn\u011bte optimalizovat sv\u016fj proces elektrick\u00e9ho nab\u00edjen\u00ed je\u0161t\u011b dnes!","breadcrumb":{"@id":"https:\/\/v2charge.com\/cs\/soporte\/trydan\/integracion-fotovoltaica\/medidor-wibeee\/#breadcrumb"},"inLanguage":"cs","potentialAction":[{"@type":"ReadAction","target":["https:\/\/v2charge.com\/cs\/soporte\/trydan\/integracion-fotovoltaica\/medidor-wibeee\/"]}]},{"@type":"ImageObject","inLanguage":"cs","@id":"https:\/\/v2charge.com\/cs\/soporte\/trydan\/integracion-fotovoltaica\/medidor-wibeee\/#primaryimage","url":"https:\/\/v2charge.com\/wp-content\/uploads\/2024\/07\/v2c-electric-chargers.jpg","contentUrl":"https:\/\/v2charge.com\/wp-content\/uploads\/2024\/07\/v2c-electric-chargers.jpg","width":1200,"height":675,"caption":"V2C Electric Chargers"},{"@type":"BreadcrumbList","@id":"https:\/\/v2charge.com\/cs\/soporte\/trydan\/integracion-fotovoltaica\/medidor-wibeee\/#breadcrumb","itemListElement":[{"@type":"ListItem","position":1,"name":"V2C","item":"https:\/\/v2charge.com\/cs\/"},{"@type":"ListItem","position":2,"name":"Medidor Wibeee"}]},{"@type":"WebSite","@id":"https:\/\/v2charge.com\/cs\/#website","url":"https:\/\/v2charge.com\/cs\/","name":"V2C","description":"#CargandoElMa\u00f1ana","publisher":{"@id":"https:\/\/v2charge.com\/cs\/#organization"},"potentialAction":[{"@type":"SearchAction","target":{"@type":"EntryPoint","urlTemplate":"https:\/\/v2charge.com\/cs\/?s={search_term_string}"},"query-input":{"@type":"PropertyValueSpecification","valueRequired":true,"valueName":"search_term_string"}}],"inLanguage":"cs"},{"@type":"Organization","@id":"https:\/\/v2charge.com\/cs\/#organization","name":"V2C","url":"https:\/\/v2charge.com\/cs\/","logo":{"@type":"ImageObject","inLanguage":"cs","@id":"https:\/\/v2charge.com\/cs\/#\/schema\/logo\/image\/","url":"https:\/\/v2charge.com\/wp-content\/uploads\/2024\/11\/cropped-v2c-charge-logo-menu.png","contentUrl":"https:\/\/v2charge.com\/wp-content\/uploads\/2024\/11\/cropped-v2c-charge-logo-menu.png","width":984,"height":431,"caption":"V2C"},"image":{"@id":"https:\/\/v2charge.com\/cs\/#\/schema\/logo\/image\/"},"sameAs":["https:\/\/www.facebook.com\/V2C.Charge","https:\/\/x.com\/V2C_Charge","https:\/\/www.instagram.com\/v2c.charge\/","https:\/\/www.youtube.com\/@V2C","https:\/\/www.linkedin.com\/company\/v2c-chargers\/"]}]}},"uagb_featured_image_src":{"full":["https:\/\/v2charge.com\/wp-content\/uploads\/2024\/07\/v2c-electric-chargers.jpg",1200,675,false],"thumbnail":["https:\/\/v2charge.com\/wp-content\/uploads\/2024\/07\/v2c-electric-chargers-150x150.jpg",150,150,true],"medium":["https:\/\/v2charge.com\/wp-content\/uploads\/2024\/07\/v2c-electric-chargers-300x169.jpg",300,169,true],"medium_large":["https:\/\/v2charge.com\/wp-content\/uploads\/2024\/07\/v2c-electric-chargers-768x432.jpg",768,432,true],"large":["https:\/\/v2charge.com\/wp-content\/uploads\/2024\/07\/v2c-electric-chargers-1024x576.jpg",1024,576,true],"gs-tiny":["https:\/\/v2charge.com\/wp-content\/uploads\/2024\/07\/v2c-electric-chargers.jpg",50,28,false],"xl":["https:\/\/v2charge.com\/wp-content\/uploads\/2024\/07\/v2c-electric-chargers.jpg",1200,675,false],"xxl":["https:\/\/v2charge.com\/wp-content\/uploads\/2024\/07\/v2c-electric-chargers.jpg",1200,675,false],"xxxl":["https:\/\/v2charge.com\/wp-content\/uploads\/2024\/07\/v2c-electric-chargers.jpg",1200,675,false],"xxxxl":["https:\/\/v2charge.com\/wp-content\/uploads\/2024\/07\/v2c-electric-chargers.jpg",1200,675,false],"xxxxxl":["https:\/\/v2charge.com\/wp-content\/uploads\/2024\/07\/v2c-electric-chargers.jpg",1200,675,false],"1536x1536":["https:\/\/v2charge.com\/wp-content\/uploads\/2024\/07\/v2c-electric-chargers.jpg",1200,675,false],"2048x2048":["https:\/\/v2charge.com\/wp-content\/uploads\/2024\/07\/v2c-electric-chargers.jpg",1200,675,false]},"uagb_author_info":{"display_name":"V2C","author_link":"https:\/\/v2charge.com\/cs\/author\/root_k4eu7ki8\/"},"uagb_comment_info":0,"uagb_excerpt":"P\u0159ipojen\u00ed Trydan k m\u011b\u0159i\u010di energie Wibeee Trydan je kompatibiln\u00ed s energetick\u00fdm m\u011b\u0159i\u010dem Wibeee od Smilics Technologies, a to jak v jeho fotovoltaick\u00e9, tak jednof\u00e1zov\u00e9 verzi. Kompatibiln\u00ed za\u0159\u00edzen\u00ed jsou Wibeee Box, vysoce univerz\u00e1ln\u00ed m\u011b\u0159i\u010d, kter\u00fd se prim\u00e1rn\u011b pou\u017e\u00edv\u00e1 pro fotovoltaiku, a Wibeee Home. Pro p\u0159ipojen\u00ed k fotovoltaick\u00e9mu syst\u00e9mu by m\u011bl b\u00fdt sv\u011brac\u00ed \u010d. 1 p\u0159ipojen k&hellip;","_links":{"self":[{"href":"https:\/\/v2charge.com\/cs\/wp-json\/wp\/v2\/pages\/318321","targetHints":{"allow":["GET"]}}],"collection":[{"href":"https:\/\/v2charge.com\/cs\/wp-json\/wp\/v2\/pages"}],"about":[{"href":"https:\/\/v2charge.com\/cs\/wp-json\/wp\/v2\/types\/page"}],"author":[{"embeddable":true,"href":"https:\/\/v2charge.com\/cs\/wp-json\/wp\/v2\/users\/1"}],"replies":[{"embeddable":true,"href":"https:\/\/v2charge.com\/cs\/wp-json\/wp\/v2\/comments?post=318321"}],"version-history":[{"count":0,"href":"https:\/\/v2charge.com\/cs\/wp-json\/wp\/v2\/pages\/318321\/revisions"}],"wp:featuredmedia":[{"embeddable":true,"href":"https:\/\/v2charge.com\/cs\/wp-json\/wp\/v2\/media\/170354"}],"wp:attachment":[{"href":"https:\/\/v2charge.com\/cs\/wp-json\/wp\/v2\/media?parent=318321"}],"curies":[{"name":"wp","href":"https:\/\/api.w.org\/{rel}","templated":true}]}}