{"id":318322,"date":"2022-11-18T07:03:45","date_gmt":"2022-11-18T07:03:45","guid":{"rendered":""},"modified":"2023-05-03T13:26:49","modified_gmt":"2023-05-03T13:26:49","slug":"jednotlivci","status":"publish","type":"page","link":"https:\/\/v2charge.com\/cs\/jednotlivci\/","title":{"rendered":"Jednotlivci"},"content":{"rendered":"<h1>Oblast pro jednotlivce<\/h1>\n<p>P\u0159ipojte se k cest\u011b <em>e-mobility<em><\/em><\/em><\/p>\n<p><em><em>                      <img decoding=\"async\" src=\"https:\/\/v2charge.com\/wp-content\/uploads\/2022\/10\/v2c-store.jpg\" alt=\"img\"><\/p>\n<h2>Kupte si sv\u016fj<br \/>\ne-Charger v obchod\u011b V2C<\/h2>\n<p>P\u0159\u00edstupte k ofici\u00e1ln\u00edmu obchodu V2C a po\u0159i\u010fte si inteligentn\u00ed a inovativn\u00ed e-Charger. P\u0159izp\u016fsobte si ho podle sv\u00fdch pot\u0159eb a obdr\u017e\u00edte ho za 24\/48 hodin.<\/p>\n<p><a href=\"https:\/\/v2charge.com\/cs\/store\/\" target=\"_blank\" rel=\"noopener\">V\u00edce informac\u00ed<\/a><br \/>\n<img decoding=\"async\" src=\"https:\/\/v2charge.com\/wp-content\/uploads\/2022\/10\/recursos-v2c.jpg\" alt=\"img\"><\/p>\n<h2>Prozkoumejte v\u0161echny zdroje<\/h2>\n<p>Chcete zn\u00e1t v\u0161echny detaily o e-Chargeru? Zde si prohl\u00e9dn\u011bte katalogy, technick\u00e9 listy, u\u017eivatelsk\u00e9 p\u0159\u00edru\u010dky a posledn\u00ed aktualizace ka\u017ed\u00e9ho nab\u00edje\u010de.<\/p>\n<p><a href=\"\/cs\/zdroje-pro-jednotlivce\/\" target=\"_self\" rel=\"noopener\">V\u00edce informac\u00ed<\/a><br \/>\n<img decoding=\"async\" src=\"https:\/\/v2charge.com\/wp-content\/uploads\/2022\/10\/comunidad-v2c.png\" alt=\"img\"><\/p>\n<h2>Sta\u0148te se sou\u010d\u00e1st\u00ed komunity V2C<\/h2>\n<p>Cesta e-mobility je cel\u00fdm hnut\u00edm: hnut\u00edm komunity, kter\u00e1 vznikla ve Valencii a sm\u011b\u0159uje do zbytku sv\u011bta. P\u0159id\u00e1te se k n\u00e1m?<\/p>\n<p><a href=\"\/cs\/comunidad\/\" target=\"_self\" rel=\"noopener\">V\u00edce informac\u00ed<\/a><br \/>\n<img decoding=\"async\" src=\"https:\/\/v2charge.com\/wp-content\/uploads\/2022\/10\/instaladores-v2c.jpg\" alt=\"img\"><\/p>\n<h2>Najd\u011bte sv\u00e9ho autorizovan\u00e9ho instalat\u00e9ra<\/h2>\n<p>Po\u017e\u00e1dejte o instalaci e-Chargeru V2C. Nab\u00edz\u00edme v\u00e1m \u0161irokou s\u00ed\u0165 kvalifikovan\u00fdch instalat\u00e9r\u016f.<\/p>\n<p><a href=\"\/cs\/najd-te-sveho-instalatera\/\" target=\"_self\" rel=\"noopener\">V\u00edce informac\u00ed<\/a><\/p>\n<p><\/em><\/em><\/p>\n","protected":false},"excerpt":{"rendered":"<p>Oblast pro jednotlivce P\u0159ipojte se k cest\u011b e-mobility Kupte si sv\u016fj e-Charger v obchod\u011b V2C P\u0159\u00edstupte k ofici\u00e1ln\u00edmu obchodu V2C a po\u0159i\u010fte si inteligentn\u00ed a inovativn\u00ed e-Charger. P\u0159izp\u016fsobte si ho podle sv\u00fdch pot\u0159eb a obdr\u017e\u00edte ho za 24\/48 hodin. V\u00edce informac\u00ed Prozkoumejte v\u0161echny zdroje Chcete zn\u00e1t v\u0161echny detaily o e-Chargeru? Zde si prohl\u00e9dn\u011bte katalogy, technick\u00e9 &#8230; <a title=\"Jednotlivci\" class=\"read-more\" href=\"https:\/\/v2charge.com\/cs\/jednotlivci\/\" aria-label=\"Read more about Jednotlivci\">\u010c\u00edst d\u00e1l<\/a><\/p>\n","protected":false},"author":1,"featured_media":170354,"parent":0,"menu_order":0,"comment_status":"closed","ping_status":"closed","template":"elementor_header_footer","meta":{"_eb_attr":"","content-type":"","_uag_custom_page_level_css":"","footnotes":""},"class_list":["post-318322","page","type-page","status-publish","has-post-thumbnail"],"yoast_head":"<!-- This site is optimized with the Yoast SEO plugin v25.3.1 - https:\/\/yoast.com\/wordpress\/plugins\/seo\/ -->\n<title>Oblast jednotlivc\u016f \u25b7 Online obchod + Zdroje | V2C<\/title>\n<meta name=\"description\" content=\"Nav\u0161tivte online obchod V2C a v\u0161echny zdroje v oblasti pro jednotlivce. Najd\u011bte nejlep\u0161\u00ed nab\u00edje\u010dku pro va\u0161e elektrick\u00e9 auto. \u2705\" \/>\n<meta name=\"robots\" content=\"index, follow, max-snippet:-1, max-image-preview:large, max-video-preview:-1\" \/>\n<link rel=\"canonical\" href=\"https:\/\/v2charge.com\/cs\/jednotlivci\/\" \/>\n<meta property=\"og:locale\" content=\"cs_CZ\" \/>\n<meta property=\"og:type\" content=\"article\" \/>\n<meta property=\"og:title\" content=\"Oblast jednotlivc\u016f \u25b7 Online obchod + Zdroje | V2C\" \/>\n<meta property=\"og:description\" content=\"Nav\u0161tivte online obchod V2C a v\u0161echny zdroje v oblasti pro jednotlivce. Najd\u011bte nejlep\u0161\u00ed nab\u00edje\u010dku pro va\u0161e elektrick\u00e9 auto. \u2705\" \/>\n<meta property=\"og:url\" content=\"https:\/\/v2charge.com\/cs\/jednotlivci\/\" \/>\n<meta property=\"og:site_name\" content=\"V2C\" \/>\n<meta property=\"article:publisher\" content=\"https:\/\/www.facebook.com\/V2C.Charge\" \/>\n<meta property=\"article:modified_time\" content=\"2023-05-03T13:26:49+00:00\" \/>\n<meta property=\"og:image\" content=\"https:\/\/v2charge.com\/wp-content\/uploads\/2024\/07\/v2c-electric-chargers.jpg\" \/>\n\t<meta property=\"og:image:width\" content=\"1200\" \/>\n\t<meta property=\"og:image:height\" content=\"675\" \/>\n\t<meta property=\"og:image:type\" content=\"image\/jpeg\" \/>\n<meta name=\"twitter:card\" content=\"summary_large_image\" \/>\n<meta name=\"twitter:site\" content=\"@V2C_Charge\" \/>\n<meta name=\"twitter:label1\" content=\"Odhadovan\u00e1 doba \u010dten\u00ed\" \/>\n\t<meta name=\"twitter:data1\" content=\"2 minuty\" \/>\n<script type=\"application\/ld+json\" class=\"yoast-schema-graph\">{\"@context\":\"https:\/\/schema.org\",\"@graph\":[{\"@type\":\"WebPage\",\"@id\":\"https:\/\/v2charge.com\/cs\/jednotlivci\/\",\"url\":\"https:\/\/v2charge.com\/cs\/jednotlivci\/\",\"name\":\"Oblast jednotlivc\u016f \u25b7 Online obchod + Zdroje | V2C\",\"isPartOf\":{\"@id\":\"https:\/\/v2charge.com\/cs\/#website\"},\"primaryImageOfPage\":{\"@id\":\"https:\/\/v2charge.com\/cs\/jednotlivci\/#primaryimage\"},\"image\":{\"@id\":\"https:\/\/v2charge.com\/cs\/jednotlivci\/#primaryimage\"},\"thumbnailUrl\":\"https:\/\/v2charge.com\/wp-content\/uploads\/2024\/07\/v2c-electric-chargers.jpg\",\"datePublished\":\"2022-11-18T07:03:45+00:00\",\"dateModified\":\"2023-05-03T13:26:49+00:00\",\"description\":\"Nav\u0161tivte online obchod V2C a v\u0161echny zdroje v oblasti pro jednotlivce. Najd\u011bte nejlep\u0161\u00ed nab\u00edje\u010dku pro va\u0161e elektrick\u00e9 auto. \u2705\",\"breadcrumb\":{\"@id\":\"https:\/\/v2charge.com\/cs\/jednotlivci\/#breadcrumb\"},\"inLanguage\":\"cs\",\"potentialAction\":[{\"@type\":\"ReadAction\",\"target\":[\"https:\/\/v2charge.com\/cs\/jednotlivci\/\"]}]},{\"@type\":\"ImageObject\",\"inLanguage\":\"cs\",\"@id\":\"https:\/\/v2charge.com\/cs\/jednotlivci\/#primaryimage\",\"url\":\"https:\/\/v2charge.com\/wp-content\/uploads\/2024\/07\/v2c-electric-chargers.jpg\",\"contentUrl\":\"https:\/\/v2charge.com\/wp-content\/uploads\/2024\/07\/v2c-electric-chargers.jpg\",\"width\":1200,\"height\":675,\"caption\":\"V2C Electric Chargers\"},{\"@type\":\"BreadcrumbList\",\"@id\":\"https:\/\/v2charge.com\/cs\/jednotlivci\/#breadcrumb\",\"itemListElement\":[{\"@type\":\"ListItem\",\"position\":1,\"name\":\"V2C\",\"item\":\"https:\/\/v2charge.com\/cs\/\"},{\"@type\":\"ListItem\",\"position\":2,\"name\":\"Jednotlivci\"}]},{\"@type\":\"WebSite\",\"@id\":\"https:\/\/v2charge.com\/cs\/#website\",\"url\":\"https:\/\/v2charge.com\/cs\/\",\"name\":\"V2C\",\"description\":\"#CargandoElMa\u00f1ana\",\"publisher\":{\"@id\":\"https:\/\/v2charge.com\/cs\/#organization\"},\"potentialAction\":[{\"@type\":\"SearchAction\",\"target\":{\"@type\":\"EntryPoint\",\"urlTemplate\":\"https:\/\/v2charge.com\/cs\/?s={search_term_string}\"},\"query-input\":{\"@type\":\"PropertyValueSpecification\",\"valueRequired\":true,\"valueName\":\"search_term_string\"}}],\"inLanguage\":\"cs\"},{\"@type\":\"Organization\",\"@id\":\"https:\/\/v2charge.com\/cs\/#organization\",\"name\":\"V2C\",\"url\":\"https:\/\/v2charge.com\/cs\/\",\"logo\":{\"@type\":\"ImageObject\",\"inLanguage\":\"cs\",\"@id\":\"https:\/\/v2charge.com\/cs\/#\/schema\/logo\/image\/\",\"url\":\"https:\/\/v2charge.com\/wp-content\/uploads\/2024\/11\/cropped-v2c-charge-logo-menu.png\",\"contentUrl\":\"https:\/\/v2charge.com\/wp-content\/uploads\/2024\/11\/cropped-v2c-charge-logo-menu.png\",\"width\":984,\"height\":431,\"caption\":\"V2C\"},\"image\":{\"@id\":\"https:\/\/v2charge.com\/cs\/#\/schema\/logo\/image\/\"},\"sameAs\":[\"https:\/\/www.facebook.com\/V2C.Charge\",\"https:\/\/x.com\/V2C_Charge\",\"https:\/\/www.instagram.com\/v2c.charge\/\",\"https:\/\/www.youtube.com\/@V2C\",\"https:\/\/www.linkedin.com\/company\/v2c-chargers\/\"]}]}<\/script>\n<!-- \/ Yoast SEO plugin. -->","yoast_head_json":{"title":"Oblast jednotlivc\u016f \u25b7 Online obchod + Zdroje | V2C","description":"Nav\u0161tivte online obchod V2C a v\u0161echny zdroje v oblasti pro jednotlivce. Najd\u011bte nejlep\u0161\u00ed nab\u00edje\u010dku pro va\u0161e elektrick\u00e9 auto. \u2705","robots":{"index":"index","follow":"follow","max-snippet":"max-snippet:-1","max-image-preview":"max-image-preview:large","max-video-preview":"max-video-preview:-1"},"canonical":"https:\/\/v2charge.com\/cs\/jednotlivci\/","og_locale":"cs_CZ","og_type":"article","og_title":"Oblast jednotlivc\u016f \u25b7 Online obchod + Zdroje | V2C","og_description":"Nav\u0161tivte online obchod V2C a v\u0161echny zdroje v oblasti pro jednotlivce. Najd\u011bte nejlep\u0161\u00ed nab\u00edje\u010dku pro va\u0161e elektrick\u00e9 auto. \u2705","og_url":"https:\/\/v2charge.com\/cs\/jednotlivci\/","og_site_name":"V2C","article_publisher":"https:\/\/www.facebook.com\/V2C.Charge","article_modified_time":"2023-05-03T13:26:49+00:00","og_image":[{"width":1200,"height":675,"url":"https:\/\/v2charge.com\/wp-content\/uploads\/2024\/07\/v2c-electric-chargers.jpg","type":"image\/jpeg"}],"twitter_card":"summary_large_image","twitter_site":"@V2C_Charge","twitter_misc":{"Odhadovan\u00e1 doba \u010dten\u00ed":"2 minuty"},"schema":{"@context":"https:\/\/schema.org","@graph":[{"@type":"WebPage","@id":"https:\/\/v2charge.com\/cs\/jednotlivci\/","url":"https:\/\/v2charge.com\/cs\/jednotlivci\/","name":"Oblast jednotlivc\u016f \u25b7 Online obchod + Zdroje | V2C","isPartOf":{"@id":"https:\/\/v2charge.com\/cs\/#website"},"primaryImageOfPage":{"@id":"https:\/\/v2charge.com\/cs\/jednotlivci\/#primaryimage"},"image":{"@id":"https:\/\/v2charge.com\/cs\/jednotlivci\/#primaryimage"},"thumbnailUrl":"https:\/\/v2charge.com\/wp-content\/uploads\/2024\/07\/v2c-electric-chargers.jpg","datePublished":"2022-11-18T07:03:45+00:00","dateModified":"2023-05-03T13:26:49+00:00","description":"Nav\u0161tivte online obchod V2C a v\u0161echny zdroje v oblasti pro jednotlivce. Najd\u011bte nejlep\u0161\u00ed nab\u00edje\u010dku pro va\u0161e elektrick\u00e9 auto. \u2705","breadcrumb":{"@id":"https:\/\/v2charge.com\/cs\/jednotlivci\/#breadcrumb"},"inLanguage":"cs","potentialAction":[{"@type":"ReadAction","target":["https:\/\/v2charge.com\/cs\/jednotlivci\/"]}]},{"@type":"ImageObject","inLanguage":"cs","@id":"https:\/\/v2charge.com\/cs\/jednotlivci\/#primaryimage","url":"https:\/\/v2charge.com\/wp-content\/uploads\/2024\/07\/v2c-electric-chargers.jpg","contentUrl":"https:\/\/v2charge.com\/wp-content\/uploads\/2024\/07\/v2c-electric-chargers.jpg","width":1200,"height":675,"caption":"V2C Electric Chargers"},{"@type":"BreadcrumbList","@id":"https:\/\/v2charge.com\/cs\/jednotlivci\/#breadcrumb","itemListElement":[{"@type":"ListItem","position":1,"name":"V2C","item":"https:\/\/v2charge.com\/cs\/"},{"@type":"ListItem","position":2,"name":"Jednotlivci"}]},{"@type":"WebSite","@id":"https:\/\/v2charge.com\/cs\/#website","url":"https:\/\/v2charge.com\/cs\/","name":"V2C","description":"#CargandoElMa\u00f1ana","publisher":{"@id":"https:\/\/v2charge.com\/cs\/#organization"},"potentialAction":[{"@type":"SearchAction","target":{"@type":"EntryPoint","urlTemplate":"https:\/\/v2charge.com\/cs\/?s={search_term_string}"},"query-input":{"@type":"PropertyValueSpecification","valueRequired":true,"valueName":"search_term_string"}}],"inLanguage":"cs"},{"@type":"Organization","@id":"https:\/\/v2charge.com\/cs\/#organization","name":"V2C","url":"https:\/\/v2charge.com\/cs\/","logo":{"@type":"ImageObject","inLanguage":"cs","@id":"https:\/\/v2charge.com\/cs\/#\/schema\/logo\/image\/","url":"https:\/\/v2charge.com\/wp-content\/uploads\/2024\/11\/cropped-v2c-charge-logo-menu.png","contentUrl":"https:\/\/v2charge.com\/wp-content\/uploads\/2024\/11\/cropped-v2c-charge-logo-menu.png","width":984,"height":431,"caption":"V2C"},"image":{"@id":"https:\/\/v2charge.com\/cs\/#\/schema\/logo\/image\/"},"sameAs":["https:\/\/www.facebook.com\/V2C.Charge","https:\/\/x.com\/V2C_Charge","https:\/\/www.instagram.com\/v2c.charge\/","https:\/\/www.youtube.com\/@V2C","https:\/\/www.linkedin.com\/company\/v2c-chargers\/"]}]}},"uagb_featured_image_src":{"full":["https:\/\/v2charge.com\/wp-content\/uploads\/2024\/07\/v2c-electric-chargers.jpg",1200,675,false],"thumbnail":["https:\/\/v2charge.com\/wp-content\/uploads\/2024\/07\/v2c-electric-chargers-150x150.jpg",150,150,true],"medium":["https:\/\/v2charge.com\/wp-content\/uploads\/2024\/07\/v2c-electric-chargers-300x169.jpg",300,169,true],"medium_large":["https:\/\/v2charge.com\/wp-content\/uploads\/2024\/07\/v2c-electric-chargers-768x432.jpg",768,432,true],"large":["https:\/\/v2charge.com\/wp-content\/uploads\/2024\/07\/v2c-electric-chargers-1024x576.jpg",1024,576,true],"gs-tiny":["https:\/\/v2charge.com\/wp-content\/uploads\/2024\/07\/v2c-electric-chargers.jpg",50,28,false],"xl":["https:\/\/v2charge.com\/wp-content\/uploads\/2024\/07\/v2c-electric-chargers.jpg",1200,675,false],"xxl":["https:\/\/v2charge.com\/wp-content\/uploads\/2024\/07\/v2c-electric-chargers.jpg",1200,675,false],"xxxl":["https:\/\/v2charge.com\/wp-content\/uploads\/2024\/07\/v2c-electric-chargers.jpg",1200,675,false],"xxxxl":["https:\/\/v2charge.com\/wp-content\/uploads\/2024\/07\/v2c-electric-chargers.jpg",1200,675,false],"xxxxxl":["https:\/\/v2charge.com\/wp-content\/uploads\/2024\/07\/v2c-electric-chargers.jpg",1200,675,false],"1536x1536":["https:\/\/v2charge.com\/wp-content\/uploads\/2024\/07\/v2c-electric-chargers.jpg",1200,675,false],"2048x2048":["https:\/\/v2charge.com\/wp-content\/uploads\/2024\/07\/v2c-electric-chargers.jpg",1200,675,false]},"uagb_author_info":{"display_name":"V2C","author_link":"https:\/\/v2charge.com\/cs\/author\/root_k4eu7ki8\/"},"uagb_comment_info":0,"uagb_excerpt":"Oblast pro jednotlivce P\u0159ipojte se k cest\u011b e-mobility Kupte si sv\u016fj e-Charger v obchod\u011b V2C P\u0159\u00edstupte k ofici\u00e1ln\u00edmu obchodu V2C a po\u0159i\u010fte si inteligentn\u00ed a inovativn\u00ed e-Charger. P\u0159izp\u016fsobte si ho podle sv\u00fdch pot\u0159eb a obdr\u017e\u00edte ho za 24\/48 hodin. V\u00edce informac\u00ed Prozkoumejte v\u0161echny zdroje Chcete zn\u00e1t v\u0161echny detaily o e-Chargeru? Zde si prohl\u00e9dn\u011bte katalogy, technick\u00e9&hellip;","_links":{"self":[{"href":"https:\/\/v2charge.com\/cs\/wp-json\/wp\/v2\/pages\/318322","targetHints":{"allow":["GET"]}}],"collection":[{"href":"https:\/\/v2charge.com\/cs\/wp-json\/wp\/v2\/pages"}],"about":[{"href":"https:\/\/v2charge.com\/cs\/wp-json\/wp\/v2\/types\/page"}],"author":[{"embeddable":true,"href":"https:\/\/v2charge.com\/cs\/wp-json\/wp\/v2\/users\/1"}],"replies":[{"embeddable":true,"href":"https:\/\/v2charge.com\/cs\/wp-json\/wp\/v2\/comments?post=318322"}],"version-history":[{"count":0,"href":"https:\/\/v2charge.com\/cs\/wp-json\/wp\/v2\/pages\/318322\/revisions"}],"wp:featuredmedia":[{"embeddable":true,"href":"https:\/\/v2charge.com\/cs\/wp-json\/wp\/v2\/media\/170354"}],"wp:attachment":[{"href":"https:\/\/v2charge.com\/cs\/wp-json\/wp\/v2\/media?parent=318322"}],"curies":[{"name":"wp","href":"https:\/\/api.w.org\/{rel}","templated":true}]}}