{"id":318327,"date":"2022-10-11T16:50:05","date_gmt":"2022-10-11T16:50:05","guid":{"rendered":""},"modified":"2026-04-25T18:20:31","modified_gmt":"2026-04-25T18:20:31","slug":"p-ipojeni-trydan-s-victron","status":"publish","type":"page","link":"https:\/\/v2charge.com\/cs\/p-ipojeni-trydan-s-victron\/","title":{"rendered":"P\u0159ipojen\u00ed Trydan s Victron"},"content":{"rendered":"\n<div class=\"wp-block-uagb-container uagb-block-917b89c6 alignfull uagb-is-root-container\"><div class=\"uagb-container-inner-blocks-wrap\"><div class=\"yoast-breadcrumbs\"><span><span><a href=\"https:\/\/v2charge.com\/cs\/\">V2C<\/a><\/span> \u00bb <span class=\"breadcrumb_last\" aria-current=\"page\">P\u0159ipojen\u00ed Trydan s Victron<\/span><\/span><\/div>\n\n<h1 class=\"wp-block-heading\">P\u0159ipojen\u00ed Trydan s Victron<\/h1>\n\n\n<div class=\"wp-block-uagb-container uagb-block-6ff3315e alignfull uagb-is-root-container\"><div class=\"uagb-container-inner-blocks-wrap\">\n<div class=\"wp-block-uagb-container uagb-block-d07bdd19\"><p>P\u0159ipojen\u00edm va\u0161eho nab\u00edjec\u00edho bodu Trydan k m\u011bni\u010di Victron m\u016f\u017eete pln\u011b vyu\u017e\u00edt inteligentn\u00ed funkce dynamick\u00e9ho \u0159\u00edzen\u00ed pro optimalizovan\u00e9 \u0159\u00edzen\u00ed.<\/p><\/div>\n\n\n\n<div class=\"wp-block-uagb-container uagb-block-56f0a249\">\n<div class=\"wp-block-uagb-image uagb-block-a6b3aa91 wp-block-uagb-image--layout-default wp-block-uagb-image--effect-static wp-block-uagb-image--align-none\"><figure class=\"wp-block-uagb-image__figure\"><img decoding=\"async\" srcset=\"https:\/\/v2charge.com\/wp-content\/uploads\/2023\/12\/inversor-victron-logo.jpg ,https:\/\/v2charge.com\/wp-content\/uploads\/2023\/12\/inversor-victron-logo.jpg 780w, https:\/\/v2charge.com\/wp-content\/uploads\/2023\/12\/inversor-victron-logo.jpg 360w\" sizes=\"auto, (max-width: 480px) 150px\" src=\"https:\/\/v2charge.com\/wp-content\/uploads\/2023\/12\/inversor-victron-logo.jpg\" alt=\"\" class=\"uag-image-129142\" width=\"250\" height=\"47\" title=\"\" loading=\"lazy\" role=\"img\"\/><\/figure><\/div>\n<\/div>\n<\/div><\/div>\n\n\n\n<div class=\"wp-block-uagb-container uagb-block-333fb119 alignfull uagb-is-root-container\"><div class=\"uagb-container-inner-blocks-wrap\">\n<div class=\"wp-block-uagb-container uagb-block-2ff110d0 default uagb-is-root-container\">\n<div class=\"wp-block-uagb-container uagb-block-cd442c87\">\n<div class=\"wp-block-uagb-image aligncenter uagb-block-4bb46c59 wp-block-uagb-image--layout-default wp-block-uagb-image--effect-static wp-block-uagb-image--align-center\"><figure class=\"wp-block-uagb-image__figure\"><img decoding=\"async\" srcset=\"https:\/\/v2charge.com\/wp-content\/uploads\/2023\/11\/icon-important.png ,https:\/\/v2charge.com\/wp-content\/uploads\/2023\/11\/icon-important.png 780w, https:\/\/v2charge.com\/wp-content\/uploads\/2023\/11\/icon-important.png 360w\" sizes=\"auto, (max-width: 480px) 150px\" src=\"https:\/\/v2charge.com\/wp-content\/uploads\/2023\/11\/icon-important.png\" alt=\"\" class=\"uag-image-125013\" width=\"50\" height=\"50\" title=\"\" loading=\"lazy\" role=\"img\"\/><\/figure><\/div>\n<\/div>\n\n\n\n<div class=\"wp-block-uagb-container uagb-block-38de7166\"><div class=\"wp-block-uagb-advanced-heading uagb-block-37ab01f0\"><p class=\"uagb-heading-text\">Pou\u017eit\u00ed&nbsp;<strong>Wi-Fi repeater\u016f<\/strong>&nbsp;nebo&nbsp;<strong>mesh s\u00edt\u00ed<\/strong>&nbsp;m\u016f\u017ee ovlivnit spr\u00e1vnou funkci syst\u00e9mu. Doporu\u010dujeme pou\u017e\u00edvat&nbsp;<strong>stabiln\u00ed Wi-Fi s\u00ed\u0165<\/strong>&nbsp;a&nbsp;<strong>p\u0159\u00edm\u00e9<\/strong>&nbsp;p\u0159ipojen\u00ed, aby byla zaji\u0161t\u011bna optim\u00e1ln\u00ed konektivita mezi nab\u00edje\u010dkou a invertorem.<\/p><\/div><\/div>\n<\/div>\n\n\n\n<div style=\"height:5px\" aria-hidden=\"true\" class=\"wp-block-spacer\"><\/div>\n<\/div><\/div>\n\n\n\n<div class=\"wp-block-uagb-separator uagb-block-37d1f752\"><div class=\"wp-block-uagb-separator__inner\" style=\"--my-background-image:\"><\/div><\/div>\n\n\n<h2 class=\"wp-block-heading\">Jak p\u0159ipojit invertor k za\u0159\u00edzen\u00ed<\/h2>\n\n<p>P\u0159ipojen\u00ed k za\u0159\u00edzen\u00ed je jednoduch\u00e9 a rychl\u00e9. Aby syst\u00e9m spr\u00e1vn\u011b fungoval, je nezbytn\u00e1 instalace st\u0159\u00edda\u010de Victron Cerbo GX. V konfiguraci Cerbo GX aktivujte RS Modbus 485 TCP. Tato aktivace m\u016f\u017ee b\u00fdt provedena p\u0159\u00edmo z obrazovky za\u0159\u00edzen\u00ed nebo prost\u0159ednictv\u00edm IP adresy pomoc\u00ed po\u010d\u00edta\u010de p\u0159ipojen\u00e9ho k Cerbo GX. IP adresu st\u0159\u00edda\u010de m\u016f\u017eete naj\u00edt r\u016fzn\u00fdmi zp\u016fsoby, v\u010detn\u011b integrovan\u00e9ho displeje nebo aplikace Bluetooth.<\/p>\n\n<p>Vyberte mo\u017enost konfigurace a nechte RS485 Modbus na <em>Aktivov\u00e1no<\/em>.<\/p>\n\n\n<div class=\"wp-block-uagb-buttons uagb-buttons__outer-wrap uagb-btn__medium-btn uagb-btn-tablet__default-btn uagb-btn-mobile__default-btn uagb-block-45c5baf0\"><div class=\"uagb-buttons__wrap uagb-buttons-layout-wrap \"><div class=\"wp-block-uagb-buttons-child uagb-buttons__outer-wrap uagb-block-9f1c2648 wp-block-button\"><div class=\"uagb-button__wrapper\"><a class=\"uagb-buttons-repeater wp-block-button__link\" aria-label=\"\" href=\"https:\/\/youtube.com\/shorts\/UY4wZ1ynKHo?si=oxo1lFP1_6NZGQdy\" rel=\"follow noopener\" target=\"_self\" role=\"button\"><div class=\"uagb-button__link\">Zobrazit video<\/div><\/a><\/div><\/div><\/div><\/div>\n\n\n\n<div class=\"wp-block-uagb-image aligncenter uagb-block-5d46d4c2 wp-block-uagb-image--layout-default wp-block-uagb-image--effect-static wp-block-uagb-image--align-center\"><figure class=\"wp-block-uagb-image__figure\"><img decoding=\"async\" srcset=\"https:\/\/v2charge.com\/wp-content\/uploads\/2022\/10\/modbus-tcp-victron.png ,https:\/\/v2charge.com\/wp-content\/uploads\/2022\/10\/modbus-tcp-victron.png 780w, https:\/\/v2charge.com\/wp-content\/uploads\/2022\/10\/modbus-tcp-victron.png 360w\" sizes=\"auto, (max-width: 480px) 150px\" src=\"https:\/\/v2charge.com\/wp-content\/uploads\/2022\/10\/modbus-tcp-victron.png\" alt=\"\" class=\"uag-image-85532\" width=\"1642\" height=\"704\" title=\"\" loading=\"lazy\" role=\"img\"\/><\/figure><\/div>\n<\/div><\/div>\n\n\n\n<div class=\"wp-block-uagb-container uagb-block-1fb723ac alignfull uagb-is-root-container\"><div class=\"uagb-container-inner-blocks-wrap\">\n<div class=\"wp-block-uagb-container uagb-block-f9070278\"><p>V aplikaci sledujte manu\u00e1l pro aktivaci <a href=\"https:\/\/v2charge.com\/fr\/support\/controle-puissance\/dynamique\/\">Dynamick\u00e9 \u0158\u00edzen\u00ed V\u00fdkonu<\/a> a <strong>vyberte Victron<\/strong> v m\u011bni\u010di.<\/p><\/div>\n\n\n\n<div class=\"wp-block-uagb-container uagb-block-bf7d8139\">\n<div class=\"wp-block-uagb-image aligncenter uagb-block-bfeb1bc2 wp-block-uagb-image--layout-default wp-block-uagb-image--effect-static wp-block-uagb-image--align-center\"><figure class=\"wp-block-uagb-image__figure\"><img decoding=\"async\" srcset=\"https:\/\/v2charge.com\/wp-content\/uploads\/2024\/01\/victron-inversor.jpg ,https:\/\/v2charge.com\/wp-content\/uploads\/2024\/01\/victron-inversor.jpg 780w, https:\/\/v2charge.com\/wp-content\/uploads\/2024\/01\/victron-inversor.jpg 360w\" sizes=\"auto, (max-width: 480px) 150px\" src=\"https:\/\/v2charge.com\/wp-content\/uploads\/2024\/01\/victron-inversor.jpg\" alt=\"\" class=\"uag-image-133304\" width=\"468\" height=\"800\" title=\"\" loading=\"lazy\" role=\"img\"\/><\/figure><\/div>\n<\/div>\n<\/div><\/div>\n\n\n\n<div class=\"wp-block-uagb-container uagb-block-c6f38013 alignfull uagb-is-root-container\"><div class=\"uagb-container-inner-blocks-wrap\"><div class=\"wp-block-uagb-advanced-heading uagb-block-6963d70c\"><h2 class=\"uagb-heading-text\"><strong>Pot\u0159ebujete technickou pomoc?<\/strong><\/h2><\/div>\n\n<div class=\"wp-block-uagb-advanced-heading uagb-block-408243eb\"><p class=\"uagb-heading-text\">Vy\u0159e\u0161te sv\u016fj probl\u00e9m okam\u017eit\u011b d\u00edky na\u0161emu <strong>chatu s AI<\/strong>. Pokud to nebude mo\u017en\u00e9, vytvo\u0159te \u017e\u00e1dost v <strong>Centru technick\u00e9 podpory<\/strong> a my v\u00e1s co nejd\u0159\u00edve kontaktujeme, abychom v\u00e1m nab\u00eddli nejlep\u0161\u00ed \u0159e\u0161en\u00ed.<\/p><\/div>\n\n<div class=\"wp-block-uagb-info-box uagb-block-12e3cf1c uagb-infobox__content-wrap  uagb-infobox-icon-left uagb-infobox-left uagb-infobox-image-valign-top wp-block-uagb-info-box--has-margin ai-chatbot-button\"><div class=\"uagb-infobox-margin-wrapper\"><div class=\"uagb-ifb-image-content\"><img decoding=\"async\" src=\"https:\/\/v2charge.com\/wp-content\/uploads\/2026\/01\/support-ai-chatbot.png\" alt=\"\" width=\"20\" height=\"19\" loading=\"lazy\"\/><\/div><div class=\"uagb-ifb-content\"><div class=\"uagb-ifb-title-wrap\"><\/div><div class=\"uagb-ifb-button-wrapper wp-block-button\"><a href=\"https:\/\/v2charge.com\/v2c-support-web\/\" class=\"uagb-infobox-cta-link wp-block-button__link\" target=\"_blank\" rel=\"noopener noreferrer\" onclick=\"return true;\"><span class=\"uagb-inline-editing\">Polo\u017ete ot\u00e1zku na\u0161emu AI chatu<\/span><\/a><\/div><\/div><\/div><\/div>\n\n\n<div class=\"wp-block-uagb-buttons uagb-buttons__outer-wrap uagb-btn__default-btn uagb-btn-tablet__default-btn uagb-btn-mobile__default-btn uagb-block-ba1e67d1\"><div class=\"uagb-buttons__wrap uagb-buttons-layout-wrap \"><div class=\"wp-block-uagb-buttons-child uagb-buttons__outer-wrap uagb-block-23cfb623 wp-block-button\"><div class=\"uagb-button__wrapper\"><a class=\"uagb-buttons-repeater wp-block-button__link\" aria-label=\"\" href=\"https:\/\/v2charge.atlassian.net\/servicedesk\/customer\/portal\/3\" rel=\"follow noopener\" target=\"_blank\" role=\"button\"><div class=\"uagb-button__link\">Kontaktovat technickou podporu<\/div><\/a><\/div><\/div><\/div><\/div>\n<\/div><\/div>\n","protected":false},"excerpt":{"rendered":"<p>P\u0159ipojen\u00ed Trydan s Victron P\u0159ipojen\u00edm va\u0161eho nab\u00edjec\u00edho bodu Trydan k m\u011bni\u010di Victron m\u016f\u017eete pln\u011b vyu\u017e\u00edt inteligentn\u00ed funkce dynamick\u00e9ho \u0159\u00edzen\u00ed pro optimalizovan\u00e9 \u0159\u00edzen\u00ed. Pou\u017eit\u00ed&nbsp;Wi-Fi repeater\u016f&nbsp;nebo&nbsp;mesh s\u00edt\u00ed&nbsp;m\u016f\u017ee ovlivnit spr\u00e1vnou funkci syst\u00e9mu. Doporu\u010dujeme pou\u017e\u00edvat&nbsp;stabiln\u00ed Wi-Fi s\u00ed\u0165&nbsp;a&nbsp;p\u0159\u00edm\u00e9&nbsp;p\u0159ipojen\u00ed, aby byla zaji\u0161t\u011bna optim\u00e1ln\u00ed konektivita mezi nab\u00edje\u010dkou a invertorem. Jak p\u0159ipojit invertor k za\u0159\u00edzen\u00ed P\u0159ipojen\u00ed k za\u0159\u00edzen\u00ed je jednoduch\u00e9 a rychl\u00e9. Aby &#8230; <a title=\"P\u0159ipojen\u00ed Trydan s Victron\" class=\"read-more\" href=\"https:\/\/v2charge.com\/cs\/p-ipojeni-trydan-s-victron\/\" aria-label=\"Read more about P\u0159ipojen\u00ed Trydan s Victron\">\u010c\u00edst d\u00e1l<\/a><\/p>\n","protected":false},"author":1,"featured_media":170354,"parent":0,"menu_order":0,"comment_status":"closed","ping_status":"closed","template":"","meta":{"_eb_attr":"","content-type":"","_uag_custom_page_level_css":"","footnotes":""},"class_list":["post-318327","page","type-page","status-publish","has-post-thumbnail"],"yoast_head":"<!-- This site is optimized with the Yoast SEO plugin v25.3.1 - https:\/\/yoast.com\/wordpress\/plugins\/seo\/ -->\n<title>P\u0159ipojte Trydan k invertoru Victron [Krok za krokem] | V2C Podpora<\/title>\n<meta name=\"description\" content=\"P\u0159ipojte invertor Victron k Trydan a vyu\u017eijte funkce smart pro dynamick\u00e9 \u0159\u00edzen\u00ed. Uk\u00e1\u017eeme v\u00e1m, jak na to. \u2714\" \/>\n<meta name=\"robots\" content=\"index, follow, max-snippet:-1, max-image-preview:large, max-video-preview:-1\" \/>\n<link rel=\"canonical\" href=\"https:\/\/v2charge.com\/cs\/p-ipojeni-trydan-s-victron\/\" \/>\n<meta property=\"og:locale\" content=\"cs_CZ\" \/>\n<meta property=\"og:type\" content=\"article\" \/>\n<meta property=\"og:title\" content=\"P\u0159ipojte Trydan k invertoru Victron [Krok za krokem] | V2C Podpora\" \/>\n<meta property=\"og:description\" content=\"P\u0159ipojte invertor Victron k Trydan a vyu\u017eijte funkce smart pro dynamick\u00e9 \u0159\u00edzen\u00ed. Uk\u00e1\u017eeme v\u00e1m, jak na to. \u2714\" \/>\n<meta property=\"og:url\" content=\"https:\/\/v2charge.com\/cs\/p-ipojeni-trydan-s-victron\/\" \/>\n<meta property=\"og:site_name\" content=\"V2C\" \/>\n<meta property=\"article:publisher\" content=\"https:\/\/www.facebook.com\/V2C.Charge\" \/>\n<meta property=\"article:modified_time\" content=\"2026-04-25T18:20:31+00:00\" \/>\n<meta property=\"og:image\" content=\"https:\/\/v2charge.com\/wp-content\/uploads\/2024\/07\/v2c-electric-chargers.jpg\" \/>\n\t<meta property=\"og:image:width\" content=\"1200\" \/>\n\t<meta property=\"og:image:height\" content=\"675\" \/>\n\t<meta property=\"og:image:type\" content=\"image\/jpeg\" \/>\n<meta name=\"twitter:card\" content=\"summary_large_image\" \/>\n<meta name=\"twitter:site\" content=\"@V2C_Charge\" \/>\n<meta name=\"twitter:label1\" content=\"Odhadovan\u00e1 doba \u010dten\u00ed\" \/>\n\t<meta name=\"twitter:data1\" content=\"3 minuty\" \/>\n<script type=\"application\/ld+json\" class=\"yoast-schema-graph\">{\"@context\":\"https:\/\/schema.org\",\"@graph\":[{\"@type\":\"WebPage\",\"@id\":\"https:\/\/v2charge.com\/cs\/p-ipojeni-trydan-s-victron\/\",\"url\":\"https:\/\/v2charge.com\/cs\/p-ipojeni-trydan-s-victron\/\",\"name\":\"P\u0159ipojte Trydan k invertoru Victron [Krok za krokem] | V2C Podpora\",\"isPartOf\":{\"@id\":\"https:\/\/v2charge.com\/cs\/#website\"},\"primaryImageOfPage\":{\"@id\":\"https:\/\/v2charge.com\/cs\/p-ipojeni-trydan-s-victron\/#primaryimage\"},\"image\":{\"@id\":\"https:\/\/v2charge.com\/cs\/p-ipojeni-trydan-s-victron\/#primaryimage\"},\"thumbnailUrl\":\"https:\/\/v2charge.com\/wp-content\/uploads\/2024\/07\/v2c-electric-chargers.jpg\",\"datePublished\":\"2022-10-11T16:50:05+00:00\",\"dateModified\":\"2026-04-25T18:20:31+00:00\",\"description\":\"P\u0159ipojte invertor Victron k Trydan a vyu\u017eijte funkce smart pro dynamick\u00e9 \u0159\u00edzen\u00ed. Uk\u00e1\u017eeme v\u00e1m, jak na to. \u2714\",\"breadcrumb\":{\"@id\":\"https:\/\/v2charge.com\/cs\/p-ipojeni-trydan-s-victron\/#breadcrumb\"},\"inLanguage\":\"cs\",\"potentialAction\":[{\"@type\":\"ReadAction\",\"target\":[\"https:\/\/v2charge.com\/cs\/p-ipojeni-trydan-s-victron\/\"]}]},{\"@type\":\"ImageObject\",\"inLanguage\":\"cs\",\"@id\":\"https:\/\/v2charge.com\/cs\/p-ipojeni-trydan-s-victron\/#primaryimage\",\"url\":\"https:\/\/v2charge.com\/wp-content\/uploads\/2024\/07\/v2c-electric-chargers.jpg\",\"contentUrl\":\"https:\/\/v2charge.com\/wp-content\/uploads\/2024\/07\/v2c-electric-chargers.jpg\",\"width\":1200,\"height\":675,\"caption\":\"V2C Electric Chargers\"},{\"@type\":\"BreadcrumbList\",\"@id\":\"https:\/\/v2charge.com\/cs\/p-ipojeni-trydan-s-victron\/#breadcrumb\",\"itemListElement\":[{\"@type\":\"ListItem\",\"position\":1,\"name\":\"V2C\",\"item\":\"https:\/\/v2charge.com\/cs\/\"},{\"@type\":\"ListItem\",\"position\":2,\"name\":\"P\u0159ipojen\u00ed Trydan s Victron\"}]},{\"@type\":\"WebSite\",\"@id\":\"https:\/\/v2charge.com\/cs\/#website\",\"url\":\"https:\/\/v2charge.com\/cs\/\",\"name\":\"V2C\",\"description\":\"#CargandoElMa\u00f1ana\",\"publisher\":{\"@id\":\"https:\/\/v2charge.com\/cs\/#organization\"},\"potentialAction\":[{\"@type\":\"SearchAction\",\"target\":{\"@type\":\"EntryPoint\",\"urlTemplate\":\"https:\/\/v2charge.com\/cs\/?s={search_term_string}\"},\"query-input\":{\"@type\":\"PropertyValueSpecification\",\"valueRequired\":true,\"valueName\":\"search_term_string\"}}],\"inLanguage\":\"cs\"},{\"@type\":\"Organization\",\"@id\":\"https:\/\/v2charge.com\/cs\/#organization\",\"name\":\"V2C\",\"url\":\"https:\/\/v2charge.com\/cs\/\",\"logo\":{\"@type\":\"ImageObject\",\"inLanguage\":\"cs\",\"@id\":\"https:\/\/v2charge.com\/cs\/#\/schema\/logo\/image\/\",\"url\":\"https:\/\/v2charge.com\/wp-content\/uploads\/2024\/11\/cropped-v2c-charge-logo-menu.png\",\"contentUrl\":\"https:\/\/v2charge.com\/wp-content\/uploads\/2024\/11\/cropped-v2c-charge-logo-menu.png\",\"width\":984,\"height\":431,\"caption\":\"V2C\"},\"image\":{\"@id\":\"https:\/\/v2charge.com\/cs\/#\/schema\/logo\/image\/\"},\"sameAs\":[\"https:\/\/www.facebook.com\/V2C.Charge\",\"https:\/\/x.com\/V2C_Charge\",\"https:\/\/www.instagram.com\/v2c.charge\/\",\"https:\/\/www.youtube.com\/@V2C\",\"https:\/\/www.linkedin.com\/company\/v2c-chargers\/\"]}]}<\/script>\n<!-- \/ Yoast SEO plugin. -->","yoast_head_json":{"title":"P\u0159ipojte Trydan k invertoru Victron [Krok za krokem] | V2C Podpora","description":"P\u0159ipojte invertor Victron k Trydan a vyu\u017eijte funkce smart pro dynamick\u00e9 \u0159\u00edzen\u00ed. Uk\u00e1\u017eeme v\u00e1m, jak na to. \u2714","robots":{"index":"index","follow":"follow","max-snippet":"max-snippet:-1","max-image-preview":"max-image-preview:large","max-video-preview":"max-video-preview:-1"},"canonical":"https:\/\/v2charge.com\/cs\/p-ipojeni-trydan-s-victron\/","og_locale":"cs_CZ","og_type":"article","og_title":"P\u0159ipojte Trydan k invertoru Victron [Krok za krokem] | V2C Podpora","og_description":"P\u0159ipojte invertor Victron k Trydan a vyu\u017eijte funkce smart pro dynamick\u00e9 \u0159\u00edzen\u00ed. Uk\u00e1\u017eeme v\u00e1m, jak na to. \u2714","og_url":"https:\/\/v2charge.com\/cs\/p-ipojeni-trydan-s-victron\/","og_site_name":"V2C","article_publisher":"https:\/\/www.facebook.com\/V2C.Charge","article_modified_time":"2026-04-25T18:20:31+00:00","og_image":[{"width":1200,"height":675,"url":"https:\/\/v2charge.com\/wp-content\/uploads\/2024\/07\/v2c-electric-chargers.jpg","type":"image\/jpeg"}],"twitter_card":"summary_large_image","twitter_site":"@V2C_Charge","twitter_misc":{"Odhadovan\u00e1 doba \u010dten\u00ed":"3 minuty"},"schema":{"@context":"https:\/\/schema.org","@graph":[{"@type":"WebPage","@id":"https:\/\/v2charge.com\/cs\/p-ipojeni-trydan-s-victron\/","url":"https:\/\/v2charge.com\/cs\/p-ipojeni-trydan-s-victron\/","name":"P\u0159ipojte Trydan k invertoru Victron [Krok za krokem] | V2C Podpora","isPartOf":{"@id":"https:\/\/v2charge.com\/cs\/#website"},"primaryImageOfPage":{"@id":"https:\/\/v2charge.com\/cs\/p-ipojeni-trydan-s-victron\/#primaryimage"},"image":{"@id":"https:\/\/v2charge.com\/cs\/p-ipojeni-trydan-s-victron\/#primaryimage"},"thumbnailUrl":"https:\/\/v2charge.com\/wp-content\/uploads\/2024\/07\/v2c-electric-chargers.jpg","datePublished":"2022-10-11T16:50:05+00:00","dateModified":"2026-04-25T18:20:31+00:00","description":"P\u0159ipojte invertor Victron k Trydan a vyu\u017eijte funkce smart pro dynamick\u00e9 \u0159\u00edzen\u00ed. Uk\u00e1\u017eeme v\u00e1m, jak na to. \u2714","breadcrumb":{"@id":"https:\/\/v2charge.com\/cs\/p-ipojeni-trydan-s-victron\/#breadcrumb"},"inLanguage":"cs","potentialAction":[{"@type":"ReadAction","target":["https:\/\/v2charge.com\/cs\/p-ipojeni-trydan-s-victron\/"]}]},{"@type":"ImageObject","inLanguage":"cs","@id":"https:\/\/v2charge.com\/cs\/p-ipojeni-trydan-s-victron\/#primaryimage","url":"https:\/\/v2charge.com\/wp-content\/uploads\/2024\/07\/v2c-electric-chargers.jpg","contentUrl":"https:\/\/v2charge.com\/wp-content\/uploads\/2024\/07\/v2c-electric-chargers.jpg","width":1200,"height":675,"caption":"V2C Electric Chargers"},{"@type":"BreadcrumbList","@id":"https:\/\/v2charge.com\/cs\/p-ipojeni-trydan-s-victron\/#breadcrumb","itemListElement":[{"@type":"ListItem","position":1,"name":"V2C","item":"https:\/\/v2charge.com\/cs\/"},{"@type":"ListItem","position":2,"name":"P\u0159ipojen\u00ed Trydan s Victron"}]},{"@type":"WebSite","@id":"https:\/\/v2charge.com\/cs\/#website","url":"https:\/\/v2charge.com\/cs\/","name":"V2C","description":"#CargandoElMa\u00f1ana","publisher":{"@id":"https:\/\/v2charge.com\/cs\/#organization"},"potentialAction":[{"@type":"SearchAction","target":{"@type":"EntryPoint","urlTemplate":"https:\/\/v2charge.com\/cs\/?s={search_term_string}"},"query-input":{"@type":"PropertyValueSpecification","valueRequired":true,"valueName":"search_term_string"}}],"inLanguage":"cs"},{"@type":"Organization","@id":"https:\/\/v2charge.com\/cs\/#organization","name":"V2C","url":"https:\/\/v2charge.com\/cs\/","logo":{"@type":"ImageObject","inLanguage":"cs","@id":"https:\/\/v2charge.com\/cs\/#\/schema\/logo\/image\/","url":"https:\/\/v2charge.com\/wp-content\/uploads\/2024\/11\/cropped-v2c-charge-logo-menu.png","contentUrl":"https:\/\/v2charge.com\/wp-content\/uploads\/2024\/11\/cropped-v2c-charge-logo-menu.png","width":984,"height":431,"caption":"V2C"},"image":{"@id":"https:\/\/v2charge.com\/cs\/#\/schema\/logo\/image\/"},"sameAs":["https:\/\/www.facebook.com\/V2C.Charge","https:\/\/x.com\/V2C_Charge","https:\/\/www.instagram.com\/v2c.charge\/","https:\/\/www.youtube.com\/@V2C","https:\/\/www.linkedin.com\/company\/v2c-chargers\/"]}]}},"uagb_featured_image_src":{"full":["https:\/\/v2charge.com\/wp-content\/uploads\/2024\/07\/v2c-electric-chargers.jpg",1200,675,false],"thumbnail":["https:\/\/v2charge.com\/wp-content\/uploads\/2024\/07\/v2c-electric-chargers-150x150.jpg",150,150,true],"medium":["https:\/\/v2charge.com\/wp-content\/uploads\/2024\/07\/v2c-electric-chargers-300x169.jpg",300,169,true],"medium_large":["https:\/\/v2charge.com\/wp-content\/uploads\/2024\/07\/v2c-electric-chargers-768x432.jpg",768,432,true],"large":["https:\/\/v2charge.com\/wp-content\/uploads\/2024\/07\/v2c-electric-chargers-1024x576.jpg",1024,576,true],"gs-tiny":["https:\/\/v2charge.com\/wp-content\/uploads\/2024\/07\/v2c-electric-chargers.jpg",50,28,false],"xl":["https:\/\/v2charge.com\/wp-content\/uploads\/2024\/07\/v2c-electric-chargers.jpg",1200,675,false],"xxl":["https:\/\/v2charge.com\/wp-content\/uploads\/2024\/07\/v2c-electric-chargers.jpg",1200,675,false],"xxxl":["https:\/\/v2charge.com\/wp-content\/uploads\/2024\/07\/v2c-electric-chargers.jpg",1200,675,false],"xxxxl":["https:\/\/v2charge.com\/wp-content\/uploads\/2024\/07\/v2c-electric-chargers.jpg",1200,675,false],"xxxxxl":["https:\/\/v2charge.com\/wp-content\/uploads\/2024\/07\/v2c-electric-chargers.jpg",1200,675,false],"1536x1536":["https:\/\/v2charge.com\/wp-content\/uploads\/2024\/07\/v2c-electric-chargers.jpg",1200,675,false],"2048x2048":["https:\/\/v2charge.com\/wp-content\/uploads\/2024\/07\/v2c-electric-chargers.jpg",1200,675,false]},"uagb_author_info":{"display_name":"V2C","author_link":"https:\/\/v2charge.com\/cs\/author\/root_k4eu7ki8\/"},"uagb_comment_info":0,"uagb_excerpt":"P\u0159ipojen\u00ed Trydan s Victron P\u0159ipojen\u00edm va\u0161eho nab\u00edjec\u00edho bodu Trydan k m\u011bni\u010di Victron m\u016f\u017eete pln\u011b vyu\u017e\u00edt inteligentn\u00ed funkce dynamick\u00e9ho \u0159\u00edzen\u00ed pro optimalizovan\u00e9 \u0159\u00edzen\u00ed. Pou\u017eit\u00ed&nbsp;Wi-Fi repeater\u016f&nbsp;nebo&nbsp;mesh s\u00edt\u00ed&nbsp;m\u016f\u017ee ovlivnit spr\u00e1vnou funkci syst\u00e9mu. Doporu\u010dujeme pou\u017e\u00edvat&nbsp;stabiln\u00ed Wi-Fi s\u00ed\u0165&nbsp;a&nbsp;p\u0159\u00edm\u00e9&nbsp;p\u0159ipojen\u00ed, aby byla zaji\u0161t\u011bna optim\u00e1ln\u00ed konektivita mezi nab\u00edje\u010dkou a invertorem. Jak p\u0159ipojit invertor k za\u0159\u00edzen\u00ed P\u0159ipojen\u00ed k za\u0159\u00edzen\u00ed je jednoduch\u00e9 a rychl\u00e9. Aby&hellip;","_links":{"self":[{"href":"https:\/\/v2charge.com\/cs\/wp-json\/wp\/v2\/pages\/318327","targetHints":{"allow":["GET"]}}],"collection":[{"href":"https:\/\/v2charge.com\/cs\/wp-json\/wp\/v2\/pages"}],"about":[{"href":"https:\/\/v2charge.com\/cs\/wp-json\/wp\/v2\/types\/page"}],"author":[{"embeddable":true,"href":"https:\/\/v2charge.com\/cs\/wp-json\/wp\/v2\/users\/1"}],"replies":[{"embeddable":true,"href":"https:\/\/v2charge.com\/cs\/wp-json\/wp\/v2\/comments?post=318327"}],"version-history":[{"count":0,"href":"https:\/\/v2charge.com\/cs\/wp-json\/wp\/v2\/pages\/318327\/revisions"}],"wp:featuredmedia":[{"embeddable":true,"href":"https:\/\/v2charge.com\/cs\/wp-json\/wp\/v2\/media\/170354"}],"wp:attachment":[{"href":"https:\/\/v2charge.com\/cs\/wp-json\/wp\/v2\/media?parent=318327"}],"curies":[{"name":"wp","href":"https:\/\/api.w.org\/{rel}","templated":true}]}}