{"id":318331,"date":"2022-11-21T09:15:26","date_gmt":"2022-11-21T09:15:26","guid":{"rendered":""},"modified":"2026-04-25T19:37:59","modified_gmt":"2026-04-25T19:37:59","slug":"integrace-e-charger-s-domacim-asistentem-p-es-ocpp","status":"publish","type":"page","link":"https:\/\/v2charge.com\/cs\/integrace-e-charger-s-domacim-asistentem-p-es-ocpp\/","title":{"rendered":"Integrace nab\u00edjec\u00edho bodu s Home Assistant pomoc\u00ed OCPP"},"content":{"rendered":"\n<div style=\"height:60px\" aria-hidden=\"true\" class=\"wp-block-spacer\"><\/div>\n<h1>Integrace nab\u00edjec\u00edho bodu s Home Assistant pomoc\u00ed OCPP<\/h1>\n<p><\/p><\/p>\n<p>Home Assistant je jedna z nejzaj\u00edmav\u011bj\u0161\u00edch platforem pro <strong>dom\u00e1c\u00ed automatizaci<\/strong> na trhu. Ve spole\u010dnosti V2C pracujeme na roz\u0161\u00ed\u0159en\u00ed pro jeho realizaci prost\u0159ednictv\u00edm <strong>MODBUS TCP<\/strong>, ale v sou\u010dasnosti lze pro jeho integraci pou\u017e\u00edt roz\u0161\u00ed\u0159en\u00ed OCPP.<\/p>\n<p>\n\n<p><\/p>\n\n<\/p>\n<p>Dokumentaci lze zobrazit na t\u00e9to webov\u00e9 str\u00e1nce: <a href=\"https:\/\/home-assistant-ocpp.readthedocs.io\/en\/latest\/\" target=\"_blank\" rel=\"noreferrer noopener nofollow\">https:\/\/home-assistant-ocpp.readthedocs.io\/en\/latest\/<\/a><\/p>\n<p>\n\n<p><\/p>\n\n<\/p>\n<h2 class=\"wp-block-heading\">Kroky k proveden\u00ed integrace prost\u0159ednictv\u00edm OCPP:<\/h2>\n<p>\n\n<p><\/p>\n\n<\/p>\n<h3 class=\"wp-block-heading\">1. Nainstalujte HACS, v r\u00e1mci roz\u0161\u00ed\u0159en\u00ed.<\/h3>\n<p>\n\n<p><\/p>\n\n\n<\/p>\n<figure><img decoding=\"async\" src=\"https:\/\/v2charge.com\/wp-content\/uploads\/2022\/11\/hacs-1024x504.png\" alt=\"\"><\/figure>\n<p>\n\n\n<p><\/p>\n\n<\/p>\n<h3 class=\"wp-block-heading\">2. Nainstalujte OCPP Home Assistant a pot\u00e9 ho vyhledejte v HACS.<\/h3>\n<p>\n\n<p><\/p>\n\n\n<\/p>\n<figure><img decoding=\"async\" src=\"https:\/\/v2charge.com\/wp-content\/uploads\/2022\/11\/hacs-1-1024x504.png\" alt=\"\"><\/figure>\n<p>\n\n\n<p><\/p>\n\n<\/p>\n<h3 class=\"wp-block-heading\">3. Restartujte server. Vypn\u011bte a znovu zapn\u011bte Raspberry Pi.<\/h3>\n<p>\n\n<p><\/p>\n\n<\/p>\n<h3 class=\"wp-block-heading\">4. &nbsp;Hledat v roz\u0161\u00ed\u0159en\u00edch OCPP.<\/h3>\n<p>\n\n<p><\/p>\n\n\n<\/p>\n<figure><img decoding=\"async\" src=\"https:\/\/v2charge.com\/wp-content\/uploads\/2022\/11\/ocpp-extension-1024x507.png\" alt=\"\"><\/figure>\n<p>\n\n\n<p><\/p>\n\n<\/p>\n<h3 class=\"wp-block-heading\">5. Prov\u00e9st instalaci s t\u011bmito parametry: n\u00e1zev nab\u00edjec\u00edho bodu bude n\u00e1zev za\u0159\u00edzen\u00ed a port, port za\u0159\u00edzen\u00ed.<\/h3>\n<p>\n\n<p><\/p>\n\n\n<\/p>\n<figure><img decoding=\"async\" src=\"https:\/\/v2charge.com\/wp-content\/uploads\/2022\/12\/home-assistant-configuration-1024x788.png\" alt=\"\"><\/figure>\n<p>\n\n\n<p><\/p>\n\n<\/p>\n<h3 class=\"wp-block-heading\">6. P\u0159ihlaste se na v2c.cloud se sv\u00fdm u\u017eivatelsk\u00fdm \u00fa\u010dtem. P\u0159ejd\u011bte do sekce &#8222;OCPP&#8220;. Vyberte sv\u016fj nab\u00edje\u010d a klikn\u011bte na mo\u017enost upravit, kter\u00e1 je zn\u00e1zorn\u011bna symbolem zelen\u00e9 tu\u017eky.<\/h3>\n<p>Mo\u017enost URL bude m\u00edt n\u00e1sleduj\u00edc\u00ed form\u00e1t: ws:\/\/&lt;your-server-ip&gt;:&lt;port&gt;<br>Kde &#8222;&lt;your-server-ip&gt;&#8220; bude IP adresa va\u0161eho home assistant a &#8222;&lt;port&gt;&#8220; port vybran\u00fd pro v\u00e1\u0161 home assistant.<br><font color=\"#1d1c1d\" face=\"Slack-Lato, Slack-Fractions, appleLogo, sans-serif\">V mo\u017enosti ID OCPP je t\u0159eba napsat n\u00e1zev nab\u00edjec\u00edho bodu.<\/font><\/p>\n<p>7. Po\u010dkejte na p\u0159\u00edjem dat z Home Assistant.<br style=\"box-sizing: inherit; color: rgb(29, 28, 29); font-family: Slack-Lato, Slack-Fractions, appleLogo, sans-serif; font-size: 15px; font-variant-ligatures: common-ligatures;\"><\/p>\n<p>\n\n<p><\/p>\n\n\n<\/p>\n<figure><img decoding=\"async\" src=\"https:\/\/v2charge.com\/wp-content\/uploads\/2022\/12\/ocpp-configuracion-v2c-cloud-1024x489.png\" alt=\"\"><\/figure>\n<p>\n\n\n<p><\/p>\n\n\n<\/p>\n<p>\n\n\n<p><\/p>\n\n\n<\/p>\n<p>\n\n\n<p><\/p>\n\n<\/p>\n<p><strong>Pozor<\/strong>: \u00daprava intenzity nefunguje p\u0159es home assistant, pracujeme na tom a tato funkce bude zahrnuta v p\u0159\u00ed\u0161t\u00edch verz\u00edch.<\/p>\n<p>\n\n<p><\/p>\n\n\n<div style=\"height:60px\" aria-hidden=\"true\" class=\"wp-block-spacer\"><\/div>\n","protected":false},"excerpt":{"rendered":"<p>Integrace nab\u00edjec\u00edho bodu s Home Assistant pomoc\u00ed OCPP Home Assistant je jedna z nejzaj\u00edmav\u011bj\u0161\u00edch platforem pro dom\u00e1c\u00ed automatizaci na trhu. Ve spole\u010dnosti V2C pracujeme na roz\u0161\u00ed\u0159en\u00ed pro jeho realizaci prost\u0159ednictv\u00edm MODBUS TCP, ale v sou\u010dasnosti lze pro jeho integraci pou\u017e\u00edt roz\u0161\u00ed\u0159en\u00ed OCPP. Dokumentaci lze zobrazit na t\u00e9to webov\u00e9 str\u00e1nce: https:\/\/home-assistant-ocpp.readthedocs.io\/en\/latest\/ Kroky k proveden\u00ed integrace prost\u0159ednictv\u00edm &#8230; <a title=\"Integrace nab\u00edjec\u00edho bodu s Home Assistant pomoc\u00ed OCPP\" class=\"read-more\" href=\"https:\/\/v2charge.com\/cs\/integrace-e-charger-s-domacim-asistentem-p-es-ocpp\/\" aria-label=\"Read more about Integrace nab\u00edjec\u00edho bodu s Home Assistant pomoc\u00ed OCPP\">\u010c\u00edst d\u00e1l<\/a><\/p>\n","protected":false},"author":1,"featured_media":0,"parent":0,"menu_order":0,"comment_status":"closed","ping_status":"closed","template":"","meta":{"_eb_attr":"","content-type":"","_uag_custom_page_level_css":"","footnotes":""},"class_list":["post-318331","page","type-page","status-publish"],"yoast_head":"<!-- This site is optimized with the Yoast SEO plugin v25.3.1 - https:\/\/yoast.com\/wordpress\/plugins\/seo\/ -->\n<title>Integrace nab\u00edjec\u00edho bodu s Home Assistant prost\u0159ednictv\u00edm OCPP<\/title>\n<meta name=\"description\" content=\"Objevte v\u0161echny kroky a nastaven\u00ed pro integraci va\u0161eho nab\u00edjec\u00edho bodu Trydan s Home Assistant prost\u0159ednictv\u00edm OCPP. St\u00e1hn\u011bte si Home Assistant\" \/>\n<meta name=\"robots\" content=\"index, follow, max-snippet:-1, max-image-preview:large, max-video-preview:-1\" \/>\n<link rel=\"canonical\" href=\"https:\/\/v2charge.com\/cs\/integrace-e-charger-s-domacim-asistentem-p-es-ocpp\/\" \/>\n<meta property=\"og:locale\" content=\"cs_CZ\" \/>\n<meta property=\"og:type\" content=\"article\" \/>\n<meta property=\"og:title\" content=\"Integrace nab\u00edjec\u00edho bodu s Home Assistant prost\u0159ednictv\u00edm OCPP\" \/>\n<meta property=\"og:description\" content=\"Objevte v\u0161echny kroky a nastaven\u00ed pro integraci va\u0161eho nab\u00edjec\u00edho bodu Trydan s Home Assistant prost\u0159ednictv\u00edm OCPP. St\u00e1hn\u011bte si Home Assistant\" \/>\n<meta property=\"og:url\" content=\"https:\/\/v2charge.com\/cs\/integrace-e-charger-s-domacim-asistentem-p-es-ocpp\/\" \/>\n<meta property=\"og:site_name\" content=\"V2C\" \/>\n<meta property=\"article:publisher\" content=\"https:\/\/www.facebook.com\/V2C.Charge\" \/>\n<meta property=\"article:modified_time\" content=\"2026-04-25T19:37:59+00:00\" \/>\n<meta property=\"og:image\" content=\"https:\/\/v2charge.com\/wp-content\/uploads\/2022\/11\/hacs-1024x504.png\" \/>\n<meta name=\"twitter:card\" content=\"summary_large_image\" \/>\n<meta name=\"twitter:site\" content=\"@V2C_Charge\" \/>\n<meta name=\"twitter:label1\" content=\"Odhadovan\u00e1 doba \u010dten\u00ed\" \/>\n\t<meta name=\"twitter:data1\" content=\"2 minuty\" \/>\n<script type=\"application\/ld+json\" class=\"yoast-schema-graph\">{\"@context\":\"https:\/\/schema.org\",\"@graph\":[{\"@type\":\"WebPage\",\"@id\":\"https:\/\/v2charge.com\/cs\/integrace-e-charger-s-domacim-asistentem-p-es-ocpp\/\",\"url\":\"https:\/\/v2charge.com\/cs\/integrace-e-charger-s-domacim-asistentem-p-es-ocpp\/\",\"name\":\"Integrace nab\u00edjec\u00edho bodu s Home Assistant prost\u0159ednictv\u00edm OCPP\",\"isPartOf\":{\"@id\":\"https:\/\/v2charge.com\/cs\/#website\"},\"primaryImageOfPage\":{\"@id\":\"https:\/\/v2charge.com\/cs\/integrace-e-charger-s-domacim-asistentem-p-es-ocpp\/#primaryimage\"},\"image\":{\"@id\":\"https:\/\/v2charge.com\/cs\/integrace-e-charger-s-domacim-asistentem-p-es-ocpp\/#primaryimage\"},\"thumbnailUrl\":\"https:\/\/v2charge.com\/wp-content\/uploads\/2022\/11\/hacs-1024x504.png\",\"datePublished\":\"2022-11-21T09:15:26+00:00\",\"dateModified\":\"2026-04-25T19:37:59+00:00\",\"description\":\"Objevte v\u0161echny kroky a nastaven\u00ed pro integraci va\u0161eho nab\u00edjec\u00edho bodu Trydan s Home Assistant prost\u0159ednictv\u00edm OCPP. St\u00e1hn\u011bte si Home Assistant\",\"breadcrumb\":{\"@id\":\"https:\/\/v2charge.com\/cs\/integrace-e-charger-s-domacim-asistentem-p-es-ocpp\/#breadcrumb\"},\"inLanguage\":\"cs\",\"potentialAction\":[{\"@type\":\"ReadAction\",\"target\":[\"https:\/\/v2charge.com\/cs\/integrace-e-charger-s-domacim-asistentem-p-es-ocpp\/\"]}]},{\"@type\":\"ImageObject\",\"inLanguage\":\"cs\",\"@id\":\"https:\/\/v2charge.com\/cs\/integrace-e-charger-s-domacim-asistentem-p-es-ocpp\/#primaryimage\",\"url\":\"https:\/\/v2charge.com\/wp-content\/uploads\/2022\/11\/hacs-1024x504.png\",\"contentUrl\":\"https:\/\/v2charge.com\/wp-content\/uploads\/2022\/11\/hacs-1024x504.png\"},{\"@type\":\"BreadcrumbList\",\"@id\":\"https:\/\/v2charge.com\/cs\/integrace-e-charger-s-domacim-asistentem-p-es-ocpp\/#breadcrumb\",\"itemListElement\":[{\"@type\":\"ListItem\",\"position\":1,\"name\":\"V2C\",\"item\":\"https:\/\/v2charge.com\/cs\/\"},{\"@type\":\"ListItem\",\"position\":2,\"name\":\"Integrace e-Charger s dom\u00e1c\u00edm asistentem p\u0159es OCPP\"}]},{\"@type\":\"WebSite\",\"@id\":\"https:\/\/v2charge.com\/cs\/#website\",\"url\":\"https:\/\/v2charge.com\/cs\/\",\"name\":\"V2C\",\"description\":\"#CargandoElMa\u00f1ana\",\"publisher\":{\"@id\":\"https:\/\/v2charge.com\/cs\/#organization\"},\"potentialAction\":[{\"@type\":\"SearchAction\",\"target\":{\"@type\":\"EntryPoint\",\"urlTemplate\":\"https:\/\/v2charge.com\/cs\/?s={search_term_string}\"},\"query-input\":{\"@type\":\"PropertyValueSpecification\",\"valueRequired\":true,\"valueName\":\"search_term_string\"}}],\"inLanguage\":\"cs\"},{\"@type\":\"Organization\",\"@id\":\"https:\/\/v2charge.com\/cs\/#organization\",\"name\":\"V2C\",\"url\":\"https:\/\/v2charge.com\/cs\/\",\"logo\":{\"@type\":\"ImageObject\",\"inLanguage\":\"cs\",\"@id\":\"https:\/\/v2charge.com\/cs\/#\/schema\/logo\/image\/\",\"url\":\"https:\/\/v2charge.com\/wp-content\/uploads\/2024\/11\/cropped-v2c-charge-logo-menu.png\",\"contentUrl\":\"https:\/\/v2charge.com\/wp-content\/uploads\/2024\/11\/cropped-v2c-charge-logo-menu.png\",\"width\":984,\"height\":431,\"caption\":\"V2C\"},\"image\":{\"@id\":\"https:\/\/v2charge.com\/cs\/#\/schema\/logo\/image\/\"},\"sameAs\":[\"https:\/\/www.facebook.com\/V2C.Charge\",\"https:\/\/x.com\/V2C_Charge\",\"https:\/\/www.instagram.com\/v2c.charge\/\",\"https:\/\/www.youtube.com\/@V2C\",\"https:\/\/www.linkedin.com\/company\/v2c-chargers\/\"]}]}<\/script>\n<!-- \/ Yoast SEO plugin. -->","yoast_head_json":{"title":"Integrace nab\u00edjec\u00edho bodu s Home Assistant prost\u0159ednictv\u00edm OCPP","description":"Objevte v\u0161echny kroky a nastaven\u00ed pro integraci va\u0161eho nab\u00edjec\u00edho bodu Trydan s Home Assistant prost\u0159ednictv\u00edm OCPP. St\u00e1hn\u011bte si Home Assistant","robots":{"index":"index","follow":"follow","max-snippet":"max-snippet:-1","max-image-preview":"max-image-preview:large","max-video-preview":"max-video-preview:-1"},"canonical":"https:\/\/v2charge.com\/cs\/integrace-e-charger-s-domacim-asistentem-p-es-ocpp\/","og_locale":"cs_CZ","og_type":"article","og_title":"Integrace nab\u00edjec\u00edho bodu s Home Assistant prost\u0159ednictv\u00edm OCPP","og_description":"Objevte v\u0161echny kroky a nastaven\u00ed pro integraci va\u0161eho nab\u00edjec\u00edho bodu Trydan s Home Assistant prost\u0159ednictv\u00edm OCPP. St\u00e1hn\u011bte si Home Assistant","og_url":"https:\/\/v2charge.com\/cs\/integrace-e-charger-s-domacim-asistentem-p-es-ocpp\/","og_site_name":"V2C","article_publisher":"https:\/\/www.facebook.com\/V2C.Charge","article_modified_time":"2026-04-25T19:37:59+00:00","og_image":[{"url":"https:\/\/v2charge.com\/wp-content\/uploads\/2022\/11\/hacs-1024x504.png","type":"","width":"","height":""}],"twitter_card":"summary_large_image","twitter_site":"@V2C_Charge","twitter_misc":{"Odhadovan\u00e1 doba \u010dten\u00ed":"2 minuty"},"schema":{"@context":"https:\/\/schema.org","@graph":[{"@type":"WebPage","@id":"https:\/\/v2charge.com\/cs\/integrace-e-charger-s-domacim-asistentem-p-es-ocpp\/","url":"https:\/\/v2charge.com\/cs\/integrace-e-charger-s-domacim-asistentem-p-es-ocpp\/","name":"Integrace nab\u00edjec\u00edho bodu s Home Assistant prost\u0159ednictv\u00edm OCPP","isPartOf":{"@id":"https:\/\/v2charge.com\/cs\/#website"},"primaryImageOfPage":{"@id":"https:\/\/v2charge.com\/cs\/integrace-e-charger-s-domacim-asistentem-p-es-ocpp\/#primaryimage"},"image":{"@id":"https:\/\/v2charge.com\/cs\/integrace-e-charger-s-domacim-asistentem-p-es-ocpp\/#primaryimage"},"thumbnailUrl":"https:\/\/v2charge.com\/wp-content\/uploads\/2022\/11\/hacs-1024x504.png","datePublished":"2022-11-21T09:15:26+00:00","dateModified":"2026-04-25T19:37:59+00:00","description":"Objevte v\u0161echny kroky a nastaven\u00ed pro integraci va\u0161eho nab\u00edjec\u00edho bodu Trydan s Home Assistant prost\u0159ednictv\u00edm OCPP. St\u00e1hn\u011bte si Home Assistant","breadcrumb":{"@id":"https:\/\/v2charge.com\/cs\/integrace-e-charger-s-domacim-asistentem-p-es-ocpp\/#breadcrumb"},"inLanguage":"cs","potentialAction":[{"@type":"ReadAction","target":["https:\/\/v2charge.com\/cs\/integrace-e-charger-s-domacim-asistentem-p-es-ocpp\/"]}]},{"@type":"ImageObject","inLanguage":"cs","@id":"https:\/\/v2charge.com\/cs\/integrace-e-charger-s-domacim-asistentem-p-es-ocpp\/#primaryimage","url":"https:\/\/v2charge.com\/wp-content\/uploads\/2022\/11\/hacs-1024x504.png","contentUrl":"https:\/\/v2charge.com\/wp-content\/uploads\/2022\/11\/hacs-1024x504.png"},{"@type":"BreadcrumbList","@id":"https:\/\/v2charge.com\/cs\/integrace-e-charger-s-domacim-asistentem-p-es-ocpp\/#breadcrumb","itemListElement":[{"@type":"ListItem","position":1,"name":"V2C","item":"https:\/\/v2charge.com\/cs\/"},{"@type":"ListItem","position":2,"name":"Integrace e-Charger s dom\u00e1c\u00edm asistentem p\u0159es OCPP"}]},{"@type":"WebSite","@id":"https:\/\/v2charge.com\/cs\/#website","url":"https:\/\/v2charge.com\/cs\/","name":"V2C","description":"#CargandoElMa\u00f1ana","publisher":{"@id":"https:\/\/v2charge.com\/cs\/#organization"},"potentialAction":[{"@type":"SearchAction","target":{"@type":"EntryPoint","urlTemplate":"https:\/\/v2charge.com\/cs\/?s={search_term_string}"},"query-input":{"@type":"PropertyValueSpecification","valueRequired":true,"valueName":"search_term_string"}}],"inLanguage":"cs"},{"@type":"Organization","@id":"https:\/\/v2charge.com\/cs\/#organization","name":"V2C","url":"https:\/\/v2charge.com\/cs\/","logo":{"@type":"ImageObject","inLanguage":"cs","@id":"https:\/\/v2charge.com\/cs\/#\/schema\/logo\/image\/","url":"https:\/\/v2charge.com\/wp-content\/uploads\/2024\/11\/cropped-v2c-charge-logo-menu.png","contentUrl":"https:\/\/v2charge.com\/wp-content\/uploads\/2024\/11\/cropped-v2c-charge-logo-menu.png","width":984,"height":431,"caption":"V2C"},"image":{"@id":"https:\/\/v2charge.com\/cs\/#\/schema\/logo\/image\/"},"sameAs":["https:\/\/www.facebook.com\/V2C.Charge","https:\/\/x.com\/V2C_Charge","https:\/\/www.instagram.com\/v2c.charge\/","https:\/\/www.youtube.com\/@V2C","https:\/\/www.linkedin.com\/company\/v2c-chargers\/"]}]}},"uagb_featured_image_src":{"full":false,"thumbnail":false,"medium":false,"medium_large":false,"large":false,"gs-tiny":false,"xl":false,"xxl":false,"xxxl":false,"xxxxl":false,"xxxxxl":false,"1536x1536":false,"2048x2048":false},"uagb_author_info":{"display_name":"V2C","author_link":"https:\/\/v2charge.com\/cs\/author\/root_k4eu7ki8\/"},"uagb_comment_info":0,"uagb_excerpt":"Integrace nab\u00edjec\u00edho bodu s Home Assistant pomoc\u00ed OCPP Home Assistant je jedna z nejzaj\u00edmav\u011bj\u0161\u00edch platforem pro dom\u00e1c\u00ed automatizaci na trhu. Ve spole\u010dnosti V2C pracujeme na roz\u0161\u00ed\u0159en\u00ed pro jeho realizaci prost\u0159ednictv\u00edm MODBUS TCP, ale v sou\u010dasnosti lze pro jeho integraci pou\u017e\u00edt roz\u0161\u00ed\u0159en\u00ed OCPP. Dokumentaci lze zobrazit na t\u00e9to webov\u00e9 str\u00e1nce: https:\/\/home-assistant-ocpp.readthedocs.io\/en\/latest\/ Kroky k proveden\u00ed integrace prost\u0159ednictv\u00edm&hellip;","_links":{"self":[{"href":"https:\/\/v2charge.com\/cs\/wp-json\/wp\/v2\/pages\/318331","targetHints":{"allow":["GET"]}}],"collection":[{"href":"https:\/\/v2charge.com\/cs\/wp-json\/wp\/v2\/pages"}],"about":[{"href":"https:\/\/v2charge.com\/cs\/wp-json\/wp\/v2\/types\/page"}],"author":[{"embeddable":true,"href":"https:\/\/v2charge.com\/cs\/wp-json\/wp\/v2\/users\/1"}],"replies":[{"embeddable":true,"href":"https:\/\/v2charge.com\/cs\/wp-json\/wp\/v2\/comments?post=318331"}],"version-history":[{"count":0,"href":"https:\/\/v2charge.com\/cs\/wp-json\/wp\/v2\/pages\/318331\/revisions"}],"wp:attachment":[{"href":"https:\/\/v2charge.com\/cs\/wp-json\/wp\/v2\/media?parent=318331"}],"curies":[{"name":"wp","href":"https:\/\/api.w.org\/{rel}","templated":true}]}}