{"id":318339,"date":"2023-01-24T17:06:03","date_gmt":"2023-01-24T15:06:03","guid":{"rendered":""},"modified":"2026-04-25T19:03:34","modified_gmt":"2026-04-25T19:03:34","slug":"p-ipojeni-kostal-piko-s-trydan","status":"publish","type":"page","link":"https:\/\/v2charge.com\/cs\/p-ipojeni-kostal-piko-s-trydan\/","title":{"rendered":"Kostal PIKO p\u0159ipojen\u00ed k Trydan"},"content":{"rendered":"\n<div class=\"wp-block-uagb-container uagb-block-f5a1ed0e alignfull uagb-is-root-container\"><div class=\"uagb-container-inner-blocks-wrap\"><div class=\"yoast-breadcrumbs\"><span><span><a href=\"https:\/\/v2charge.com\/cs\/\">V2C<\/a><\/span> \u00bb <span class=\"breadcrumb_last\" aria-current=\"page\">P\u0159ipojen\u00ed Kostal PIKO s Trydan<\/span><\/span><\/div>\n\n<h1 class=\"wp-block-heading\">P\u0159ipojen\u00ed Kostal PIKO s Trydan<\/h1>\n\n\n<div class=\"wp-block-uagb-container uagb-block-9be67121 alignfull uagb-is-root-container\"><div class=\"uagb-container-inner-blocks-wrap\">\n<div class=\"wp-block-uagb-container uagb-block-b71a8b6f\"><p>Propojen\u00ed mezi Kostal PIKO a Trydan je zaji\u0161t\u011bno prost\u0159ednictv\u00edm HTTP po\u017eadavk\u016f. Pro to mus\u00ed b\u00fdt v\u00e1\u0161 invertor kompatibiln\u00ed. Obecn\u011b jsou v\u0161echny invertory Kostal PIKO kompatibiln\u00ed. Pokud v\u00e1\u0161 nen\u00ed, doporu\u010dujeme aktualizovat firmware na nejnov\u011bj\u0161\u00ed dostupnou verzi.<\/p><\/div>\n\n\n\n<div class=\"wp-block-uagb-container uagb-block-7f58fcab\">\n<div class=\"wp-block-uagb-image uagb-block-8632899f wp-block-uagb-image--layout-default wp-block-uagb-image--effect-static wp-block-uagb-image--align-none\"><figure class=\"wp-block-uagb-image__figure\"><img decoding=\"async\" srcset=\"https:\/\/v2charge.com\/wp-content\/uploads\/2023\/12\/kostal-logo.png ,https:\/\/v2charge.com\/wp-content\/uploads\/2023\/12\/kostal-logo.png 780w, https:\/\/v2charge.com\/wp-content\/uploads\/2023\/12\/kostal-logo.png 360w\" sizes=\"auto, (max-width: 480px) 150px\" src=\"https:\/\/v2charge.com\/wp-content\/uploads\/2023\/12\/kostal-logo.png\" alt=\"\" class=\"uag-image-128994\" width=\"250\" height=\"65\" title=\"\" loading=\"lazy\" role=\"img\"\/><\/figure><\/div>\n<\/div>\n<\/div><\/div>\n\n\n\n<div class=\"wp-block-uagb-container uagb-block-333fb119 alignfull uagb-is-root-container\"><div class=\"uagb-container-inner-blocks-wrap\">\n<div class=\"wp-block-uagb-container uagb-block-2ff110d0 default uagb-is-root-container\">\n<div class=\"wp-block-uagb-container uagb-block-cd442c87\">\n<div class=\"wp-block-uagb-image aligncenter uagb-block-4bb46c59 wp-block-uagb-image--layout-default wp-block-uagb-image--effect-static wp-block-uagb-image--align-center\"><figure class=\"wp-block-uagb-image__figure\"><img decoding=\"async\" srcset=\"https:\/\/v2charge.com\/wp-content\/uploads\/2023\/11\/icon-important.png ,https:\/\/v2charge.com\/wp-content\/uploads\/2023\/11\/icon-important.png 780w, https:\/\/v2charge.com\/wp-content\/uploads\/2023\/11\/icon-important.png 360w\" sizes=\"auto, (max-width: 480px) 150px\" src=\"https:\/\/v2charge.com\/wp-content\/uploads\/2023\/11\/icon-important.png\" alt=\"\" class=\"uag-image-125013\" width=\"50\" height=\"50\" title=\"\" loading=\"lazy\" role=\"img\"\/><\/figure><\/div>\n<\/div>\n\n\n\n<div class=\"wp-block-uagb-container uagb-block-38de7166\"><div class=\"wp-block-uagb-advanced-heading uagb-block-37ab01f0\"><p class=\"uagb-heading-text\">Pou\u017eit\u00ed <strong>Wi-Fi repeater\u016f<\/strong> nebo <strong>mesh s\u00edt\u00ed<\/strong> m\u016f\u017ee ovlivnit spr\u00e1vnou funkci syst\u00e9mu. Doporu\u010dujeme pou\u017e\u00edvat <strong>stabiln\u00ed<\/strong> a <strong>p\u0159\u00edmou Wi-Fi<\/strong> s\u00ed\u0165, aby bylo zaji\u0161t\u011bno optim\u00e1ln\u00ed p\u0159ipojen\u00ed mezi nab\u00edje\u010dkou a invertorem.<\/p><\/div><\/div>\n<\/div>\n\n\n\n<div style=\"height:5px\" aria-hidden=\"true\" class=\"wp-block-spacer\"><\/div>\n<\/div><\/div>\n\n\n\n<div class=\"wp-block-uagb-separator uagb-block-f70b14a7\"><div class=\"wp-block-uagb-separator__inner\" style=\"--my-background-image:\"><\/div><\/div>\n\n\n<h2 class=\"wp-block-heading\">Jsme kompatibiln\u00ed s invertorem Kostal PIKO?<\/h2>\n\n<p>Pro kontrolu kompatibility otev\u0159ete prohl\u00ed\u017ee\u010d na po\u010d\u00edta\u010di p\u0159ipojen\u00e9m ke stejn\u00e9 m\u00edstn\u00ed s\u00edti a zadejte n\u00e1sleduj\u00edc\u00ed adresu:<a href=\"http:\/\/192.168.5.1:80\/measurements.xml\">http:\/\/192.168.5.1:80\/measurements.xml<\/a>. Nahra\u010fte IP adresu tou, kter\u00e1 byla p\u0159i\u0159azena invertoru.<\/p>\n\n\n<hr class=\"wp-block-separator has-alpha-channel-opacity\"\/>\n\n\n<h2 class=\"wp-block-heading\">Jak mohu naj\u00edt IP adresu Kostal PIKO?<\/h2>\n\n<p>Existuje n\u011bkolik zp\u016fsob\u016f, jak zjistit IP adresu Kostal PIKO. Hlavn\u00ed metodou je p\u0159\u00edstup k va\u0161emu routeru a zobrazen\u00ed seznamu p\u0159ipojen\u00fdch za\u0159\u00edzen\u00ed. IP adresa jak Kostal invertoru, tak Trydan nab\u00edje\u010dky by se tam m\u011bla objevit. Alternativn\u011b m\u016f\u017eete pou\u017e\u00edt dal\u0161\u00ed n\u00e1stroje, jako je software \u00abAngry IP\u00bb pro PC, aplikaci \u00abNetwork IP Scanner\u00bb pro Android nebo aplikaci \u00abIP Scanner\u00bb pro za\u0159\u00edzen\u00ed Apple.<\/p>\n\n\n<div class=\"wp-block-uagb-buttons uagb-buttons__outer-wrap uagb-btn__default-btn uagb-btn-tablet__default-btn uagb-btn-mobile__default-btn uagb-block-cff7e0d9\"><div class=\"uagb-buttons__wrap uagb-buttons-layout-wrap \"><div class=\"wp-block-uagb-buttons-child uagb-buttons__outer-wrap uagb-block-b3b0e0d0 wp-block-button\"><div class=\"uagb-button__wrapper\"><a class=\"uagb-buttons-repeater wp-block-button__link\" aria-label=\"\" href=\"https:\/\/v2charge.com\/how-to-find-the-ip-of-the-devices-connected-to-my-local-network\/\" rel=\"follow noopener\" target=\"_self\" role=\"button\"><div class=\"uagb-button__link\">Jak naj\u00edt IP adresy za\u0159\u00edzen\u00ed p\u0159ipojen\u00fdch k m\u00e9 m\u00edstn\u00ed s\u00edti?<\/div><\/a><\/div><\/div><\/div><\/div>\n\n\n<p>Odpov\u011b\u010f na v\u00fd\u0161e uvedenou \u017e\u00e1dost by m\u011bla vypadat podobn\u011b jako n\u00e1sleduj\u00edc\u00ed obr\u00e1zek:<\/p>\n\n\n<div class=\"wp-block-uagb-image aligncenter uagb-block-b1d2aad0 wp-block-uagb-image--layout-default wp-block-uagb-image--effect-static wp-block-uagb-image--align-center\"><figure class=\"wp-block-uagb-image__figure\"><img decoding=\"async\" srcset=\"https:\/\/v2charge.com\/wp-content\/uploads\/2023\/12\/ip-kostal-piko.jpeg ,https:\/\/v2charge.com\/wp-content\/uploads\/2023\/12\/ip-kostal-piko.jpeg 780w, https:\/\/v2charge.com\/wp-content\/uploads\/2023\/12\/ip-kostal-piko.jpeg 360w\" sizes=\"auto, (max-width: 480px) 150px\" src=\"https:\/\/v2charge.com\/wp-content\/uploads\/2023\/12\/ip-kostal-piko.jpeg\" alt=\"\" class=\"uag-image-129003\" width=\"959\" height=\"241\" title=\"\" loading=\"lazy\" role=\"img\"\/><\/figure><\/div>\n\n\n\n<hr class=\"wp-block-separator has-alpha-channel-opacity\"\/>\n\n\n<h2 class=\"wp-block-heading\">Jak p\u0159ipojit Kostal PIKO k nab\u00edjec\u00ed stanici Trydan?<\/h2>\n\n\n<div class=\"wp-block-uagb-container uagb-block-39b84a3d alignfull uagb-is-root-container\"><div class=\"uagb-container-inner-blocks-wrap\">\n<div class=\"wp-block-uagb-container uagb-block-26fb7b33 alignfull uagb-is-root-container\"><div class=\"uagb-container-inner-blocks-wrap\">\n<div class=\"wp-block-uagb-container uagb-block-85cc70cf\"><div class=\"wp-block-uagb-info-box uagb-block-87944ae9 uagb-infobox__content-wrap  uagb-infobox-icon-left uagb-infobox-left uagb-infobox-stacked-tablet uagb-infobox-image-valign-top\"><div class=\"uagb-ifb-image-content\"><img decoding=\"async\" src=\"https:\/\/v2charge.com\/wp-content\/uploads\/2023\/11\/numero-uno.png\" alt=\"\" width=\"48\" height=\"48\" loading=\"lazy\"\/><\/div><div class=\"uagb-ifb-content\"><div class=\"uagb-ifb-title-wrap\"><\/div><p class=\"uagb-ifb-desc\">Otev\u0159ete aplikaci <a href=\"https:\/\/v2charge.com\/v2c-cloud\/\">V2C Cloud<\/a>.<\/p><\/div><\/div>\n\n<div class=\"wp-block-uagb-info-box uagb-block-311fed58 uagb-infobox__content-wrap  uagb-infobox-icon-left uagb-infobox-left uagb-infobox-stacked-tablet uagb-infobox-image-valign-top\"><div class=\"uagb-ifb-image-content\"><img decoding=\"async\" src=\"https:\/\/v2charge.com\/wp-content\/uploads\/2023\/11\/numero-dos.png\" alt=\"\" width=\"48\" height=\"48\" loading=\"lazy\"\/><\/div><div class=\"uagb-ifb-content\"><div class=\"uagb-ifb-title-wrap\"><\/div><p class=\"uagb-ifb-desc\">Vyberte nab\u00edjec\u00ed stanici.<\/p><\/div><\/div>\n\n<div class=\"wp-block-uagb-info-box uagb-block-6d10e026 uagb-infobox__content-wrap  uagb-infobox-icon-left uagb-infobox-left uagb-infobox-stacked-tablet uagb-infobox-image-valign-top\"><div class=\"uagb-ifb-image-content\"><img decoding=\"async\" src=\"https:\/\/v2charge.com\/wp-content\/uploads\/2023\/11\/numero-tres.png\" alt=\"\" width=\"48\" height=\"48\" loading=\"lazy\"\/><\/div><div class=\"uagb-ifb-content\"><div class=\"uagb-ifb-title-wrap\"><\/div><p class=\"uagb-ifb-desc\">P\u0159ejd\u011bte do sekce Nastaven\u00ed.<\/p><\/div><\/div>\n\n<div class=\"wp-block-uagb-info-box uagb-block-f604bca7 uagb-infobox__content-wrap  uagb-infobox-icon-left uagb-infobox-left uagb-infobox-stacked-tablet uagb-infobox-image-valign-top\"><div class=\"uagb-ifb-image-content\"><img decoding=\"async\" src=\"https:\/\/v2charge.com\/wp-content\/uploads\/2023\/11\/numero-cuatro.png\" alt=\"\" width=\"48\" height=\"48\" loading=\"lazy\"\/><\/div><div class=\"uagb-ifb-content\"><div class=\"uagb-ifb-title-wrap\"><\/div><p class=\"uagb-ifb-desc\">Z\u00edskejte p\u0159\u00edstup k <a href=\"https:\/\/v2charge.com\/support\/power-control\/dynamic\/\">Dynamick\u00e9mu \u0159\u00edzen\u00ed v\u00fdkonu<\/a> a vyberte Kostal jako m\u011b\u0159i\u010d.<\/p><\/div><\/div>\n\n<div class=\"wp-block-uagb-info-box uagb-block-7ad446bd uagb-infobox__content-wrap  uagb-infobox-icon-left uagb-infobox-left uagb-infobox-stacked-tablet uagb-infobox-image-valign-top\"><div class=\"uagb-ifb-image-content\"><img decoding=\"async\" src=\"https:\/\/v2charge.com\/wp-content\/uploads\/2023\/12\/numero-5.png\" alt=\"\" width=\"48\" height=\"48\" loading=\"lazy\"\/><\/div><div class=\"uagb-ifb-content\"><div class=\"uagb-ifb-title-wrap\"><\/div><p class=\"uagb-ifb-desc\">Vyberte typ instalace.<\/p><\/div><\/div><\/div>\n\n\n\n<div class=\"wp-block-uagb-container uagb-block-45a48f3d\">\n<div class=\"wp-block-uagb-image aligncenter uagb-block-a6f5a186 wp-block-uagb-image--layout-default wp-block-uagb-image--effect-static wp-block-uagb-image--align-center\"><figure class=\"wp-block-uagb-image__figure\"><img decoding=\"async\" srcset=\"https:\/\/v2charge.com\/wp-content\/uploads\/2024\/01\/kostal-piko-inversor.jpg ,https:\/\/v2charge.com\/wp-content\/uploads\/2024\/01\/kostal-piko-inversor.jpg 780w, https:\/\/v2charge.com\/wp-content\/uploads\/2024\/01\/kostal-piko-inversor.jpg 360w\" sizes=\"auto, (max-width: 480px) 150px\" src=\"https:\/\/v2charge.com\/wp-content\/uploads\/2024\/01\/kostal-piko-inversor.jpg\" alt=\"\" class=\"uag-image-133264\" width=\"400\" height=\"684\" title=\"kostal-piko-inversor\" loading=\"lazy\" role=\"img\"\/><\/figure><\/div>\n<\/div>\n<\/div><\/div>\n<\/div><\/div>\n<\/div><\/div>\n\n\n\n<div class=\"wp-block-uagb-container uagb-block-f18bee82 alignfull uagb-is-root-container\"><div class=\"uagb-container-inner-blocks-wrap\"><div class=\"wp-block-uagb-advanced-heading uagb-block-b7dc3acb\"><h2 class=\"uagb-heading-text\"><strong><strong>Pot\u0159ebujete technickou podporu?<\/strong><\/strong><\/h2><\/div>\n\n<div class=\"wp-block-uagb-advanced-heading uagb-block-af37de39\"><p class=\"uagb-heading-text\">Vytvo\u0159te \u017e\u00e1dost v Technick\u00e9m podpo\u0159e a my v\u00e1s co nejd\u0159\u00edve kontaktujeme, abychom v\u00e1m nab\u00eddli nejlep\u0161\u00ed \u0159e\u0161en\u00ed.<\/p><\/div>\n\n\n<div class=\"wp-block-uagb-buttons uagb-buttons__outer-wrap uagb-btn__default-btn uagb-btn-tablet__default-btn uagb-btn-mobile__default-btn uagb-block-430439fe\"><div class=\"uagb-buttons__wrap uagb-buttons-layout-wrap \"><div class=\"wp-block-uagb-buttons-child uagb-buttons__outer-wrap uagb-block-0145276f wp-block-button\"><div class=\"uagb-button__wrapper\"><a class=\"uagb-buttons-repeater wp-block-button__link\" aria-label=\"\" href=\"https:\/\/v2charge.atlassian.net\/servicedesk\/customer\/portal\/3\" rel=\"follow noopener\" target=\"_self\" role=\"button\"><div class=\"uagb-button__link\">Kontaktujte technickou podporu<\/div><\/a><\/div><\/div><\/div><\/div>\n<\/div><\/div>\n","protected":false},"excerpt":{"rendered":"<p>P\u0159ipojen\u00ed Kostal PIKO s Trydan Propojen\u00ed mezi Kostal PIKO a Trydan je zaji\u0161t\u011bno prost\u0159ednictv\u00edm HTTP po\u017eadavk\u016f. Pro to mus\u00ed b\u00fdt v\u00e1\u0161 invertor kompatibiln\u00ed. Obecn\u011b jsou v\u0161echny invertory Kostal PIKO kompatibiln\u00ed. Pokud v\u00e1\u0161 nen\u00ed, doporu\u010dujeme aktualizovat firmware na nejnov\u011bj\u0161\u00ed dostupnou verzi. Pou\u017eit\u00ed Wi-Fi repeater\u016f nebo mesh s\u00edt\u00ed m\u016f\u017ee ovlivnit spr\u00e1vnou funkci syst\u00e9mu. Doporu\u010dujeme pou\u017e\u00edvat stabiln\u00ed a &#8230; <a title=\"Kostal PIKO p\u0159ipojen\u00ed k Trydan\" class=\"read-more\" href=\"https:\/\/v2charge.com\/cs\/p-ipojeni-kostal-piko-s-trydan\/\" aria-label=\"Read more about Kostal PIKO p\u0159ipojen\u00ed k Trydan\">\u010c\u00edst d\u00e1l<\/a><\/p>\n","protected":false},"author":1,"featured_media":170354,"parent":0,"menu_order":0,"comment_status":"closed","ping_status":"closed","template":"","meta":{"_eb_attr":"","content-type":"","_uag_custom_page_level_css":"","footnotes":""},"class_list":["post-318339","page","type-page","status-publish","has-post-thumbnail"],"yoast_head":"<!-- This site is optimized with the Yoast SEO plugin v25.3.1 - https:\/\/yoast.com\/wordpress\/plugins\/seo\/ -->\n<title>Kostal PIKO p\u0159ipojen\u00ed k Trydan - V2C<\/title>\n<meta name=\"description\" content=\"P\u0159ipojen\u00ed Kostal PIKO s Trydan se prov\u00e1d\u00ed prost\u0159ednictv\u00edm HTTP po\u017eadavk\u016f a n\u00e1\u0161 invertor mus\u00ed b\u00fdt pro to kompatibiln\u00ed.\" \/>\n<meta name=\"robots\" content=\"index, follow, max-snippet:-1, max-image-preview:large, max-video-preview:-1\" \/>\n<link rel=\"canonical\" href=\"https:\/\/v2charge.com\/cs\/soporte\/trydan\/integracion-fotovoltaica\/inversor-kostal-piko\/\" \/>\n<meta property=\"og:locale\" content=\"cs_CZ\" \/>\n<meta property=\"og:type\" content=\"article\" \/>\n<meta property=\"og:title\" content=\"Kostal PIKO p\u0159ipojen\u00ed k Trydan - V2C\" \/>\n<meta property=\"og:description\" content=\"P\u0159ipojen\u00ed Kostal PIKO s Trydan se prov\u00e1d\u00ed prost\u0159ednictv\u00edm HTTP po\u017eadavk\u016f a n\u00e1\u0161 invertor mus\u00ed b\u00fdt pro to kompatibiln\u00ed.\" \/>\n<meta property=\"og:url\" content=\"https:\/\/v2charge.com\/cs\/soporte\/trydan\/integracion-fotovoltaica\/inversor-kostal-piko\/\" \/>\n<meta property=\"og:site_name\" content=\"V2C\" \/>\n<meta property=\"article:publisher\" content=\"https:\/\/www.facebook.com\/V2C.Charge\" \/>\n<meta property=\"article:modified_time\" content=\"2026-04-25T19:03:34+00:00\" \/>\n<meta property=\"og:image\" content=\"https:\/\/v2charge.com\/wp-content\/uploads\/2024\/07\/v2c-electric-chargers.jpg\" \/>\n\t<meta property=\"og:image:width\" content=\"1200\" \/>\n\t<meta property=\"og:image:height\" content=\"675\" \/>\n\t<meta property=\"og:image:type\" content=\"image\/jpeg\" \/>\n<meta name=\"twitter:card\" content=\"summary_large_image\" \/>\n<meta name=\"twitter:site\" content=\"@V2C_Charge\" \/>\n<meta name=\"twitter:label1\" content=\"Odhadovan\u00e1 doba \u010dten\u00ed\" \/>\n\t<meta name=\"twitter:data1\" content=\"4 minuty\" \/>\n<script type=\"application\/ld+json\" class=\"yoast-schema-graph\">{\"@context\":\"https:\/\/schema.org\",\"@graph\":[{\"@type\":\"WebPage\",\"@id\":\"https:\/\/v2charge.com\/cs\/p-ipojeni-kostal-piko-s-trydan\/\",\"url\":\"https:\/\/v2charge.com\/cs\/soporte\/trydan\/integracion-fotovoltaica\/inversor-kostal-piko\/\",\"name\":\"Kostal PIKO p\u0159ipojen\u00ed k Trydan - V2C\",\"isPartOf\":{\"@id\":\"https:\/\/v2charge.com\/cs\/#website\"},\"primaryImageOfPage\":{\"@id\":\"https:\/\/v2charge.com\/cs\/soporte\/trydan\/integracion-fotovoltaica\/inversor-kostal-piko\/#primaryimage\"},\"image\":{\"@id\":\"https:\/\/v2charge.com\/cs\/soporte\/trydan\/integracion-fotovoltaica\/inversor-kostal-piko\/#primaryimage\"},\"thumbnailUrl\":\"https:\/\/v2charge.com\/wp-content\/uploads\/2024\/07\/v2c-electric-chargers.jpg\",\"datePublished\":\"2023-01-24T15:06:03+00:00\",\"dateModified\":\"2026-04-25T19:03:34+00:00\",\"description\":\"P\u0159ipojen\u00ed Kostal PIKO s Trydan se prov\u00e1d\u00ed prost\u0159ednictv\u00edm HTTP po\u017eadavk\u016f a n\u00e1\u0161 invertor mus\u00ed b\u00fdt pro to kompatibiln\u00ed.\",\"breadcrumb\":{\"@id\":\"https:\/\/v2charge.com\/cs\/soporte\/trydan\/integracion-fotovoltaica\/inversor-kostal-piko\/#breadcrumb\"},\"inLanguage\":\"cs\",\"potentialAction\":[{\"@type\":\"ReadAction\",\"target\":[\"https:\/\/v2charge.com\/cs\/soporte\/trydan\/integracion-fotovoltaica\/inversor-kostal-piko\/\"]}]},{\"@type\":\"ImageObject\",\"inLanguage\":\"cs\",\"@id\":\"https:\/\/v2charge.com\/cs\/soporte\/trydan\/integracion-fotovoltaica\/inversor-kostal-piko\/#primaryimage\",\"url\":\"https:\/\/v2charge.com\/wp-content\/uploads\/2024\/07\/v2c-electric-chargers.jpg\",\"contentUrl\":\"https:\/\/v2charge.com\/wp-content\/uploads\/2024\/07\/v2c-electric-chargers.jpg\",\"width\":1200,\"height\":675,\"caption\":\"V2C Electric Chargers\"},{\"@type\":\"BreadcrumbList\",\"@id\":\"https:\/\/v2charge.com\/cs\/soporte\/trydan\/integracion-fotovoltaica\/inversor-kostal-piko\/#breadcrumb\",\"itemListElement\":[{\"@type\":\"ListItem\",\"position\":1,\"name\":\"V2C\",\"item\":\"https:\/\/v2charge.com\/cs\/\"},{\"@type\":\"ListItem\",\"position\":2,\"name\":\"P\u0159ipojen\u00ed Kostal PIKO s Trydan\"}]},{\"@type\":\"WebSite\",\"@id\":\"https:\/\/v2charge.com\/cs\/#website\",\"url\":\"https:\/\/v2charge.com\/cs\/\",\"name\":\"V2C\",\"description\":\"#CargandoElMa\u00f1ana\",\"publisher\":{\"@id\":\"https:\/\/v2charge.com\/cs\/#organization\"},\"potentialAction\":[{\"@type\":\"SearchAction\",\"target\":{\"@type\":\"EntryPoint\",\"urlTemplate\":\"https:\/\/v2charge.com\/cs\/?s={search_term_string}\"},\"query-input\":{\"@type\":\"PropertyValueSpecification\",\"valueRequired\":true,\"valueName\":\"search_term_string\"}}],\"inLanguage\":\"cs\"},{\"@type\":\"Organization\",\"@id\":\"https:\/\/v2charge.com\/cs\/#organization\",\"name\":\"V2C\",\"url\":\"https:\/\/v2charge.com\/cs\/\",\"logo\":{\"@type\":\"ImageObject\",\"inLanguage\":\"cs\",\"@id\":\"https:\/\/v2charge.com\/cs\/#\/schema\/logo\/image\/\",\"url\":\"https:\/\/v2charge.com\/wp-content\/uploads\/2024\/11\/cropped-v2c-charge-logo-menu.png\",\"contentUrl\":\"https:\/\/v2charge.com\/wp-content\/uploads\/2024\/11\/cropped-v2c-charge-logo-menu.png\",\"width\":984,\"height\":431,\"caption\":\"V2C\"},\"image\":{\"@id\":\"https:\/\/v2charge.com\/cs\/#\/schema\/logo\/image\/\"},\"sameAs\":[\"https:\/\/www.facebook.com\/V2C.Charge\",\"https:\/\/x.com\/V2C_Charge\",\"https:\/\/www.instagram.com\/v2c.charge\/\",\"https:\/\/www.youtube.com\/@V2C\",\"https:\/\/www.linkedin.com\/company\/v2c-chargers\/\"]}]}<\/script>\n<!-- \/ Yoast SEO plugin. -->","yoast_head_json":{"title":"Kostal PIKO p\u0159ipojen\u00ed k Trydan - V2C","description":"P\u0159ipojen\u00ed Kostal PIKO s Trydan se prov\u00e1d\u00ed prost\u0159ednictv\u00edm HTTP po\u017eadavk\u016f a n\u00e1\u0161 invertor mus\u00ed b\u00fdt pro to kompatibiln\u00ed.","robots":{"index":"index","follow":"follow","max-snippet":"max-snippet:-1","max-image-preview":"max-image-preview:large","max-video-preview":"max-video-preview:-1"},"canonical":"https:\/\/v2charge.com\/cs\/soporte\/trydan\/integracion-fotovoltaica\/inversor-kostal-piko\/","og_locale":"cs_CZ","og_type":"article","og_title":"Kostal PIKO p\u0159ipojen\u00ed k Trydan - V2C","og_description":"P\u0159ipojen\u00ed Kostal PIKO s Trydan se prov\u00e1d\u00ed prost\u0159ednictv\u00edm HTTP po\u017eadavk\u016f a n\u00e1\u0161 invertor mus\u00ed b\u00fdt pro to kompatibiln\u00ed.","og_url":"https:\/\/v2charge.com\/cs\/soporte\/trydan\/integracion-fotovoltaica\/inversor-kostal-piko\/","og_site_name":"V2C","article_publisher":"https:\/\/www.facebook.com\/V2C.Charge","article_modified_time":"2026-04-25T19:03:34+00:00","og_image":[{"width":1200,"height":675,"url":"https:\/\/v2charge.com\/wp-content\/uploads\/2024\/07\/v2c-electric-chargers.jpg","type":"image\/jpeg"}],"twitter_card":"summary_large_image","twitter_site":"@V2C_Charge","twitter_misc":{"Odhadovan\u00e1 doba \u010dten\u00ed":"4 minuty"},"schema":{"@context":"https:\/\/schema.org","@graph":[{"@type":"WebPage","@id":"https:\/\/v2charge.com\/cs\/p-ipojeni-kostal-piko-s-trydan\/","url":"https:\/\/v2charge.com\/cs\/soporte\/trydan\/integracion-fotovoltaica\/inversor-kostal-piko\/","name":"Kostal PIKO p\u0159ipojen\u00ed k Trydan - V2C","isPartOf":{"@id":"https:\/\/v2charge.com\/cs\/#website"},"primaryImageOfPage":{"@id":"https:\/\/v2charge.com\/cs\/soporte\/trydan\/integracion-fotovoltaica\/inversor-kostal-piko\/#primaryimage"},"image":{"@id":"https:\/\/v2charge.com\/cs\/soporte\/trydan\/integracion-fotovoltaica\/inversor-kostal-piko\/#primaryimage"},"thumbnailUrl":"https:\/\/v2charge.com\/wp-content\/uploads\/2024\/07\/v2c-electric-chargers.jpg","datePublished":"2023-01-24T15:06:03+00:00","dateModified":"2026-04-25T19:03:34+00:00","description":"P\u0159ipojen\u00ed Kostal PIKO s Trydan se prov\u00e1d\u00ed prost\u0159ednictv\u00edm HTTP po\u017eadavk\u016f a n\u00e1\u0161 invertor mus\u00ed b\u00fdt pro to kompatibiln\u00ed.","breadcrumb":{"@id":"https:\/\/v2charge.com\/cs\/soporte\/trydan\/integracion-fotovoltaica\/inversor-kostal-piko\/#breadcrumb"},"inLanguage":"cs","potentialAction":[{"@type":"ReadAction","target":["https:\/\/v2charge.com\/cs\/soporte\/trydan\/integracion-fotovoltaica\/inversor-kostal-piko\/"]}]},{"@type":"ImageObject","inLanguage":"cs","@id":"https:\/\/v2charge.com\/cs\/soporte\/trydan\/integracion-fotovoltaica\/inversor-kostal-piko\/#primaryimage","url":"https:\/\/v2charge.com\/wp-content\/uploads\/2024\/07\/v2c-electric-chargers.jpg","contentUrl":"https:\/\/v2charge.com\/wp-content\/uploads\/2024\/07\/v2c-electric-chargers.jpg","width":1200,"height":675,"caption":"V2C Electric Chargers"},{"@type":"BreadcrumbList","@id":"https:\/\/v2charge.com\/cs\/soporte\/trydan\/integracion-fotovoltaica\/inversor-kostal-piko\/#breadcrumb","itemListElement":[{"@type":"ListItem","position":1,"name":"V2C","item":"https:\/\/v2charge.com\/cs\/"},{"@type":"ListItem","position":2,"name":"P\u0159ipojen\u00ed Kostal PIKO s Trydan"}]},{"@type":"WebSite","@id":"https:\/\/v2charge.com\/cs\/#website","url":"https:\/\/v2charge.com\/cs\/","name":"V2C","description":"#CargandoElMa\u00f1ana","publisher":{"@id":"https:\/\/v2charge.com\/cs\/#organization"},"potentialAction":[{"@type":"SearchAction","target":{"@type":"EntryPoint","urlTemplate":"https:\/\/v2charge.com\/cs\/?s={search_term_string}"},"query-input":{"@type":"PropertyValueSpecification","valueRequired":true,"valueName":"search_term_string"}}],"inLanguage":"cs"},{"@type":"Organization","@id":"https:\/\/v2charge.com\/cs\/#organization","name":"V2C","url":"https:\/\/v2charge.com\/cs\/","logo":{"@type":"ImageObject","inLanguage":"cs","@id":"https:\/\/v2charge.com\/cs\/#\/schema\/logo\/image\/","url":"https:\/\/v2charge.com\/wp-content\/uploads\/2024\/11\/cropped-v2c-charge-logo-menu.png","contentUrl":"https:\/\/v2charge.com\/wp-content\/uploads\/2024\/11\/cropped-v2c-charge-logo-menu.png","width":984,"height":431,"caption":"V2C"},"image":{"@id":"https:\/\/v2charge.com\/cs\/#\/schema\/logo\/image\/"},"sameAs":["https:\/\/www.facebook.com\/V2C.Charge","https:\/\/x.com\/V2C_Charge","https:\/\/www.instagram.com\/v2c.charge\/","https:\/\/www.youtube.com\/@V2C","https:\/\/www.linkedin.com\/company\/v2c-chargers\/"]}]}},"uagb_featured_image_src":{"full":["https:\/\/v2charge.com\/wp-content\/uploads\/2024\/07\/v2c-electric-chargers.jpg",1200,675,false],"thumbnail":["https:\/\/v2charge.com\/wp-content\/uploads\/2024\/07\/v2c-electric-chargers-150x150.jpg",150,150,true],"medium":["https:\/\/v2charge.com\/wp-content\/uploads\/2024\/07\/v2c-electric-chargers-300x169.jpg",300,169,true],"medium_large":["https:\/\/v2charge.com\/wp-content\/uploads\/2024\/07\/v2c-electric-chargers-768x432.jpg",768,432,true],"large":["https:\/\/v2charge.com\/wp-content\/uploads\/2024\/07\/v2c-electric-chargers-1024x576.jpg",1024,576,true],"gs-tiny":["https:\/\/v2charge.com\/wp-content\/uploads\/2024\/07\/v2c-electric-chargers.jpg",50,28,false],"xl":["https:\/\/v2charge.com\/wp-content\/uploads\/2024\/07\/v2c-electric-chargers.jpg",1200,675,false],"xxl":["https:\/\/v2charge.com\/wp-content\/uploads\/2024\/07\/v2c-electric-chargers.jpg",1200,675,false],"xxxl":["https:\/\/v2charge.com\/wp-content\/uploads\/2024\/07\/v2c-electric-chargers.jpg",1200,675,false],"xxxxl":["https:\/\/v2charge.com\/wp-content\/uploads\/2024\/07\/v2c-electric-chargers.jpg",1200,675,false],"xxxxxl":["https:\/\/v2charge.com\/wp-content\/uploads\/2024\/07\/v2c-electric-chargers.jpg",1200,675,false],"1536x1536":["https:\/\/v2charge.com\/wp-content\/uploads\/2024\/07\/v2c-electric-chargers.jpg",1200,675,false],"2048x2048":["https:\/\/v2charge.com\/wp-content\/uploads\/2024\/07\/v2c-electric-chargers.jpg",1200,675,false]},"uagb_author_info":{"display_name":"V2C","author_link":"https:\/\/v2charge.com\/cs\/author\/root_k4eu7ki8\/"},"uagb_comment_info":0,"uagb_excerpt":"P\u0159ipojen\u00ed Kostal PIKO s Trydan Propojen\u00ed mezi Kostal PIKO a Trydan je zaji\u0161t\u011bno prost\u0159ednictv\u00edm HTTP po\u017eadavk\u016f. Pro to mus\u00ed b\u00fdt v\u00e1\u0161 invertor kompatibiln\u00ed. Obecn\u011b jsou v\u0161echny invertory Kostal PIKO kompatibiln\u00ed. Pokud v\u00e1\u0161 nen\u00ed, doporu\u010dujeme aktualizovat firmware na nejnov\u011bj\u0161\u00ed dostupnou verzi. Pou\u017eit\u00ed Wi-Fi repeater\u016f nebo mesh s\u00edt\u00ed m\u016f\u017ee ovlivnit spr\u00e1vnou funkci syst\u00e9mu. Doporu\u010dujeme pou\u017e\u00edvat stabiln\u00ed a&hellip;","_links":{"self":[{"href":"https:\/\/v2charge.com\/cs\/wp-json\/wp\/v2\/pages\/318339","targetHints":{"allow":["GET"]}}],"collection":[{"href":"https:\/\/v2charge.com\/cs\/wp-json\/wp\/v2\/pages"}],"about":[{"href":"https:\/\/v2charge.com\/cs\/wp-json\/wp\/v2\/types\/page"}],"author":[{"embeddable":true,"href":"https:\/\/v2charge.com\/cs\/wp-json\/wp\/v2\/users\/1"}],"replies":[{"embeddable":true,"href":"https:\/\/v2charge.com\/cs\/wp-json\/wp\/v2\/comments?post=318339"}],"version-history":[{"count":0,"href":"https:\/\/v2charge.com\/cs\/wp-json\/wp\/v2\/pages\/318339\/revisions"}],"wp:featuredmedia":[{"embeddable":true,"href":"https:\/\/v2charge.com\/cs\/wp-json\/wp\/v2\/media\/170354"}],"wp:attachment":[{"href":"https:\/\/v2charge.com\/cs\/wp-json\/wp\/v2\/media?parent=318339"}],"curies":[{"name":"wp","href":"https:\/\/api.w.org\/{rel}","templated":true}]}}