{"id":318342,"date":"2023-02-03T14:19:30","date_gmt":"2023-02-03T14:19:30","guid":{"rendered":""},"modified":"2026-04-25T16:21:42","modified_gmt":"2026-04-25T16:21:42","slug":"p-ipojeni-modbus-rtu-nabijeciho-bodu-trydan-pro-m-i-jako-otrok","status":"publish","type":"page","link":"https:\/\/v2charge.com\/cs\/p-ipojeni-modbus-rtu-nabijeciho-bodu-trydan-pro-m-i-jako-otrok\/","title":{"rendered":"MODBUS RTU p\u0159ipojen\u00ed pro nab\u00edjec\u00ed stanici Trydan, pro m\u011b\u0159i\u010d slave"},"content":{"rendered":"\n<div style=\"height:60px\" aria-hidden=\"true\" class=\"wp-block-spacer\"><\/div>\n\n\n<h1 class=\"wp-block-heading\">MODBUS RTU p\u0159ipojen\u00ed pro nab\u00edjec\u00ed stanici Trydan, slave m\u011b\u0159i\u010d<\/h1>\n\n<p>Trydan nab\u00edjec\u00ed stanice je p\u0159ipojena prost\u0159ednictv\u00edm protokolu Modbus RTU z dvou d\u016fvod\u016f.<\/p>\n\n\n<ol class=\"wp-block-list\"><li>Objedn\u00e1n\u00ed nab\u00edjec\u00edho bodu na d\u00e1lku. Pro pokro\u010dil\u00e9 u\u017eivatele viz: <a href=\"https:\/\/docs.google.com\/spreadsheets\/d\/e\/2PACX-1vQGA_7Z4YaSMZeHRTnAP6z_82dVPmM33NxJhvsDBEFn8LyWjX-RX_fkR7KCErqAE4aGFvPrUufooHoM\/pubhtml?gid=0&amp;single=true\">MODBUS Pam\u011b\u0165<\/a><\/li>\n\n<li>Pro z\u00edsk\u00e1n\u00ed dat z komer\u010dn\u00edho chytr\u00e9ho m\u011b\u0159i\u010de a integraci jako otroka s fotovoltaickou kompatibilitou.<\/li><\/ol>\n\n\n<h2 class=\"wp-block-heading\">Podporovan\u00e9 m\u011b\u0159i\u010de<\/h2>\n\n<p>Na st\u00e1vaj\u00edc\u00ed seznam se neust\u00e1le p\u0159id\u00e1vaj\u00ed m\u011b\u0159i\u010de:<\/p>\n\n\n<ul class=\"wp-block-list\"><li>Chint DDSU666-H (obvykle se pou\u017e\u00edv\u00e1 v invertorech Huawei, SAJ&#8230;)<\/li>\n\n<li>Eastron (SDM120\/220\/320)<\/li>\n\n<li>Phoneix Contact<\/li>\n\n<li>Carlo Gavazzi<\/li><\/ul>\n\n\n<h2 class=\"wp-block-heading\">Elektrick\u00e9 p\u0159ipojen\u00ed<\/h2>\n\n<p>MODBUS RTU p\u0159ipojen\u00ed se prov\u00e1d\u00ed pomoc\u00ed dvou vodi\u010d\u016f. M\u011b\u0159i\u010d mus\u00ed m\u00edt porty A a B. Tento kabel by m\u011bl b\u00fdt p\u0159iveden k na\u0161emu nab\u00edjec\u00edmu bodu. M\u011b\u0159i\u010d by m\u011bl b\u00fdt nastaven na adresu 1 a p\u0159enosovou rychlost 9600 (to je obvykle v\u00fdchoz\u00ed nastaven\u00ed a v\u011bt\u0161ina fotovoltaick\u00fdch m\u011b\u0159i\u010d\u016f pou\u017e\u00edv\u00e1 toto v\u00fdchoz\u00ed nastaven\u00ed). P\u0159ipojen\u00ed se prov\u00e1d\u00ed p\u0159\u00edmo na RJ45 konektor nab\u00edjec\u00edho bodu. A a B jsou vodi\u010de zobrazen\u00e9 n\u00ed\u017ee. Nen\u00ed nutn\u00e9 p\u0159ipojovat dal\u0161\u00ed vodi\u010de. 4 B a 5 A. Typ kabelu nen\u00ed d\u016fle\u017eit\u00fd, ale Ethernetov\u00fd kabel je levn\u011bj\u0161\u00ed a chr\u00e1n\u011bn\u011bj\u0161\u00ed.<\/p>\n\n\n<figure><img decoding=\"async\" src=\"https:\/\/v2charge.com\/wp-content\/uploads\/2023\/01\/conexion-trydan-solis-734x1024.jpg\" alt=\"\" width=\"274\" height=\"382\"\/><\/figure>\n\n\n\n<figure><img decoding=\"async\" src=\"https:\/\/v2charge.com\/wp-content\/uploads\/2023\/01\/image-3.png\" alt=\"\" width=\"476\" height=\"331\"\/><\/figure>\n\n\n<h2 class=\"wp-block-heading\">Vyberte odpov\u00eddaj\u00edc\u00ed m\u011b\u0159i\u010d v aplikaci<\/h2>\n\n\n<figure><img decoding=\"async\" src=\"https:\/\/v2charge.com\/wp-content\/uploads\/2023\/02\/WhatsApp-Image-2023-02-03-at-15.12.00_iphone13blue_portrait-548x1024.png\" alt=\"\" width=\"449\" height=\"839\"\/><\/figure>\n\n\n<p><em>Upozorn\u011bn\u00ed, v fotovoltaick\u00e9m re\u017eimu budou fungovat v\u0161echny provozn\u00ed re\u017eimy, ale z\u00e1kazn\u00edk nebude moci vid\u011bt fotovoltaickou v\u00fdrobu na nab\u00edjec\u00ed stanici.<\/em><\/p>\n\n\n<div style=\"height:60px\" aria-hidden=\"true\" class=\"wp-block-spacer\"><\/div>\n","protected":false},"excerpt":{"rendered":"<p>MODBUS RTU p\u0159ipojen\u00ed pro nab\u00edjec\u00ed stanici Trydan, slave m\u011b\u0159i\u010d Trydan nab\u00edjec\u00ed stanice je p\u0159ipojena prost\u0159ednictv\u00edm protokolu Modbus RTU z dvou d\u016fvod\u016f. Podporovan\u00e9 m\u011b\u0159i\u010de Na st\u00e1vaj\u00edc\u00ed seznam se neust\u00e1le p\u0159id\u00e1vaj\u00ed m\u011b\u0159i\u010de: Elektrick\u00e9 p\u0159ipojen\u00ed MODBUS RTU p\u0159ipojen\u00ed se prov\u00e1d\u00ed pomoc\u00ed dvou vodi\u010d\u016f. M\u011b\u0159i\u010d mus\u00ed m\u00edt porty A a B. Tento kabel by m\u011bl b\u00fdt p\u0159iveden k na\u0161emu &#8230; <a title=\"MODBUS RTU p\u0159ipojen\u00ed pro nab\u00edjec\u00ed stanici Trydan, pro m\u011b\u0159i\u010d slave\" class=\"read-more\" href=\"https:\/\/v2charge.com\/cs\/p-ipojeni-modbus-rtu-nabijeciho-bodu-trydan-pro-m-i-jako-otrok\/\" aria-label=\"Read more about MODBUS RTU p\u0159ipojen\u00ed pro nab\u00edjec\u00ed stanici Trydan, pro m\u011b\u0159i\u010d slave\">\u010c\u00edst d\u00e1l<\/a><\/p>\n","protected":false},"author":1,"featured_media":170354,"parent":0,"menu_order":0,"comment_status":"closed","ping_status":"closed","template":"","meta":{"_eb_attr":"","content-type":"","_uag_custom_page_level_css":"","footnotes":""},"class_list":["post-318342","page","type-page","status-publish","has-post-thumbnail"],"yoast_head":"<!-- This site is optimized with the Yoast SEO plugin v25.3.1 - https:\/\/yoast.com\/wordpress\/plugins\/seo\/ -->\n<title>MODBUS RTU p\u0159ipojen\u00ed pro nab\u00edjec\u00ed stanici Trydan, pro m\u011b\u0159i\u010d slave - V2C<\/title>\n<meta name=\"robots\" content=\"index, follow, max-snippet:-1, max-image-preview:large, max-video-preview:-1\" \/>\n<link rel=\"canonical\" href=\"https:\/\/v2charge.com\/cs\/p-ipojeni-modbus-rtu-nabijeciho-bodu-trydan-pro-m-i-jako-otrok\/\" \/>\n<meta property=\"og:locale\" content=\"cs_CZ\" \/>\n<meta property=\"og:type\" content=\"article\" \/>\n<meta property=\"og:title\" content=\"MODBUS RTU p\u0159ipojen\u00ed pro nab\u00edjec\u00ed stanici Trydan, pro m\u011b\u0159i\u010d slave - V2C\" \/>\n<meta property=\"og:description\" content=\"MODBUS RTU p\u0159ipojen\u00ed pro nab\u00edjec\u00ed stanici Trydan, slave m\u011b\u0159i\u010d Trydan nab\u00edjec\u00ed stanice je p\u0159ipojena prost\u0159ednictv\u00edm protokolu Modbus RTU z dvou d\u016fvod\u016f. Podporovan\u00e9 m\u011b\u0159i\u010de Na st\u00e1vaj\u00edc\u00ed seznam se neust\u00e1le p\u0159id\u00e1vaj\u00ed m\u011b\u0159i\u010de: Elektrick\u00e9 p\u0159ipojen\u00ed MODBUS RTU p\u0159ipojen\u00ed se prov\u00e1d\u00ed pomoc\u00ed dvou vodi\u010d\u016f. M\u011b\u0159i\u010d mus\u00ed m\u00edt porty A a B. Tento kabel by m\u011bl b\u00fdt p\u0159iveden k na\u0161emu ... \u010c\u00edst d\u00e1l\" \/>\n<meta property=\"og:url\" content=\"https:\/\/v2charge.com\/cs\/p-ipojeni-modbus-rtu-nabijeciho-bodu-trydan-pro-m-i-jako-otrok\/\" \/>\n<meta property=\"og:site_name\" content=\"V2C\" \/>\n<meta property=\"article:publisher\" content=\"https:\/\/www.facebook.com\/V2C.Charge\" \/>\n<meta property=\"article:modified_time\" content=\"2026-04-25T16:21:42+00:00\" \/>\n<meta property=\"og:image\" content=\"https:\/\/v2charge.com\/wp-content\/uploads\/2024\/07\/v2c-electric-chargers.jpg\" \/>\n\t<meta property=\"og:image:width\" content=\"1200\" \/>\n\t<meta property=\"og:image:height\" content=\"675\" \/>\n\t<meta property=\"og:image:type\" content=\"image\/jpeg\" \/>\n<meta name=\"twitter:card\" content=\"summary_large_image\" \/>\n<meta name=\"twitter:site\" content=\"@V2C_Charge\" \/>\n<meta name=\"twitter:label1\" content=\"Odhadovan\u00e1 doba \u010dten\u00ed\" \/>\n\t<meta name=\"twitter:data1\" content=\"2 minuty\" \/>\n<script type=\"application\/ld+json\" class=\"yoast-schema-graph\">{\"@context\":\"https:\/\/schema.org\",\"@graph\":[{\"@type\":\"WebPage\",\"@id\":\"https:\/\/v2charge.com\/cs\/p-ipojeni-modbus-rtu-nabijeciho-bodu-trydan-pro-m-i-jako-otrok\/\",\"url\":\"https:\/\/v2charge.com\/cs\/p-ipojeni-modbus-rtu-nabijeciho-bodu-trydan-pro-m-i-jako-otrok\/\",\"name\":\"MODBUS RTU p\u0159ipojen\u00ed pro nab\u00edjec\u00ed stanici Trydan, pro m\u011b\u0159i\u010d slave - V2C\",\"isPartOf\":{\"@id\":\"https:\/\/v2charge.com\/cs\/#website\"},\"primaryImageOfPage\":{\"@id\":\"https:\/\/v2charge.com\/cs\/p-ipojeni-modbus-rtu-nabijeciho-bodu-trydan-pro-m-i-jako-otrok\/#primaryimage\"},\"image\":{\"@id\":\"https:\/\/v2charge.com\/cs\/p-ipojeni-modbus-rtu-nabijeciho-bodu-trydan-pro-m-i-jako-otrok\/#primaryimage\"},\"thumbnailUrl\":\"https:\/\/v2charge.com\/wp-content\/uploads\/2024\/07\/v2c-electric-chargers.jpg\",\"datePublished\":\"2023-02-03T14:19:30+00:00\",\"dateModified\":\"2026-04-25T16:21:42+00:00\",\"breadcrumb\":{\"@id\":\"https:\/\/v2charge.com\/cs\/p-ipojeni-modbus-rtu-nabijeciho-bodu-trydan-pro-m-i-jako-otrok\/#breadcrumb\"},\"inLanguage\":\"cs\",\"potentialAction\":[{\"@type\":\"ReadAction\",\"target\":[\"https:\/\/v2charge.com\/cs\/p-ipojeni-modbus-rtu-nabijeciho-bodu-trydan-pro-m-i-jako-otrok\/\"]}]},{\"@type\":\"ImageObject\",\"inLanguage\":\"cs\",\"@id\":\"https:\/\/v2charge.com\/cs\/p-ipojeni-modbus-rtu-nabijeciho-bodu-trydan-pro-m-i-jako-otrok\/#primaryimage\",\"url\":\"https:\/\/v2charge.com\/wp-content\/uploads\/2024\/07\/v2c-electric-chargers.jpg\",\"contentUrl\":\"https:\/\/v2charge.com\/wp-content\/uploads\/2024\/07\/v2c-electric-chargers.jpg\",\"width\":1200,\"height\":675,\"caption\":\"V2C Electric Chargers\"},{\"@type\":\"BreadcrumbList\",\"@id\":\"https:\/\/v2charge.com\/cs\/p-ipojeni-modbus-rtu-nabijeciho-bodu-trydan-pro-m-i-jako-otrok\/#breadcrumb\",\"itemListElement\":[{\"@type\":\"ListItem\",\"position\":1,\"name\":\"V2C\",\"item\":\"https:\/\/v2charge.com\/cs\/\"},{\"@type\":\"ListItem\",\"position\":2,\"name\":\"P\u0159ipojen\u00ed MODBUS RTU nab\u00edjec\u00edho bodu Trydan pro m\u011b\u0159i\u010d jako otrok\"}]},{\"@type\":\"WebSite\",\"@id\":\"https:\/\/v2charge.com\/cs\/#website\",\"url\":\"https:\/\/v2charge.com\/cs\/\",\"name\":\"V2C\",\"description\":\"#CargandoElMa\u00f1ana\",\"publisher\":{\"@id\":\"https:\/\/v2charge.com\/cs\/#organization\"},\"potentialAction\":[{\"@type\":\"SearchAction\",\"target\":{\"@type\":\"EntryPoint\",\"urlTemplate\":\"https:\/\/v2charge.com\/cs\/?s={search_term_string}\"},\"query-input\":{\"@type\":\"PropertyValueSpecification\",\"valueRequired\":true,\"valueName\":\"search_term_string\"}}],\"inLanguage\":\"cs\"},{\"@type\":\"Organization\",\"@id\":\"https:\/\/v2charge.com\/cs\/#organization\",\"name\":\"V2C\",\"url\":\"https:\/\/v2charge.com\/cs\/\",\"logo\":{\"@type\":\"ImageObject\",\"inLanguage\":\"cs\",\"@id\":\"https:\/\/v2charge.com\/cs\/#\/schema\/logo\/image\/\",\"url\":\"https:\/\/v2charge.com\/wp-content\/uploads\/2024\/11\/cropped-v2c-charge-logo-menu.png\",\"contentUrl\":\"https:\/\/v2charge.com\/wp-content\/uploads\/2024\/11\/cropped-v2c-charge-logo-menu.png\",\"width\":984,\"height\":431,\"caption\":\"V2C\"},\"image\":{\"@id\":\"https:\/\/v2charge.com\/cs\/#\/schema\/logo\/image\/\"},\"sameAs\":[\"https:\/\/www.facebook.com\/V2C.Charge\",\"https:\/\/x.com\/V2C_Charge\",\"https:\/\/www.instagram.com\/v2c.charge\/\",\"https:\/\/www.youtube.com\/@V2C\",\"https:\/\/www.linkedin.com\/company\/v2c-chargers\/\"]}]}<\/script>\n<!-- \/ Yoast SEO plugin. -->","yoast_head_json":{"title":"MODBUS RTU p\u0159ipojen\u00ed pro nab\u00edjec\u00ed stanici Trydan, pro m\u011b\u0159i\u010d slave - V2C","robots":{"index":"index","follow":"follow","max-snippet":"max-snippet:-1","max-image-preview":"max-image-preview:large","max-video-preview":"max-video-preview:-1"},"canonical":"https:\/\/v2charge.com\/cs\/p-ipojeni-modbus-rtu-nabijeciho-bodu-trydan-pro-m-i-jako-otrok\/","og_locale":"cs_CZ","og_type":"article","og_title":"MODBUS RTU p\u0159ipojen\u00ed pro nab\u00edjec\u00ed stanici Trydan, pro m\u011b\u0159i\u010d slave - V2C","og_description":"MODBUS RTU p\u0159ipojen\u00ed pro nab\u00edjec\u00ed stanici Trydan, slave m\u011b\u0159i\u010d Trydan nab\u00edjec\u00ed stanice je p\u0159ipojena prost\u0159ednictv\u00edm protokolu Modbus RTU z dvou d\u016fvod\u016f. Podporovan\u00e9 m\u011b\u0159i\u010de Na st\u00e1vaj\u00edc\u00ed seznam se neust\u00e1le p\u0159id\u00e1vaj\u00ed m\u011b\u0159i\u010de: Elektrick\u00e9 p\u0159ipojen\u00ed MODBUS RTU p\u0159ipojen\u00ed se prov\u00e1d\u00ed pomoc\u00ed dvou vodi\u010d\u016f. M\u011b\u0159i\u010d mus\u00ed m\u00edt porty A a B. Tento kabel by m\u011bl b\u00fdt p\u0159iveden k na\u0161emu ... \u010c\u00edst d\u00e1l","og_url":"https:\/\/v2charge.com\/cs\/p-ipojeni-modbus-rtu-nabijeciho-bodu-trydan-pro-m-i-jako-otrok\/","og_site_name":"V2C","article_publisher":"https:\/\/www.facebook.com\/V2C.Charge","article_modified_time":"2026-04-25T16:21:42+00:00","og_image":[{"width":1200,"height":675,"url":"https:\/\/v2charge.com\/wp-content\/uploads\/2024\/07\/v2c-electric-chargers.jpg","type":"image\/jpeg"}],"twitter_card":"summary_large_image","twitter_site":"@V2C_Charge","twitter_misc":{"Odhadovan\u00e1 doba \u010dten\u00ed":"2 minuty"},"schema":{"@context":"https:\/\/schema.org","@graph":[{"@type":"WebPage","@id":"https:\/\/v2charge.com\/cs\/p-ipojeni-modbus-rtu-nabijeciho-bodu-trydan-pro-m-i-jako-otrok\/","url":"https:\/\/v2charge.com\/cs\/p-ipojeni-modbus-rtu-nabijeciho-bodu-trydan-pro-m-i-jako-otrok\/","name":"MODBUS RTU p\u0159ipojen\u00ed pro nab\u00edjec\u00ed stanici Trydan, pro m\u011b\u0159i\u010d slave - V2C","isPartOf":{"@id":"https:\/\/v2charge.com\/cs\/#website"},"primaryImageOfPage":{"@id":"https:\/\/v2charge.com\/cs\/p-ipojeni-modbus-rtu-nabijeciho-bodu-trydan-pro-m-i-jako-otrok\/#primaryimage"},"image":{"@id":"https:\/\/v2charge.com\/cs\/p-ipojeni-modbus-rtu-nabijeciho-bodu-trydan-pro-m-i-jako-otrok\/#primaryimage"},"thumbnailUrl":"https:\/\/v2charge.com\/wp-content\/uploads\/2024\/07\/v2c-electric-chargers.jpg","datePublished":"2023-02-03T14:19:30+00:00","dateModified":"2026-04-25T16:21:42+00:00","breadcrumb":{"@id":"https:\/\/v2charge.com\/cs\/p-ipojeni-modbus-rtu-nabijeciho-bodu-trydan-pro-m-i-jako-otrok\/#breadcrumb"},"inLanguage":"cs","potentialAction":[{"@type":"ReadAction","target":["https:\/\/v2charge.com\/cs\/p-ipojeni-modbus-rtu-nabijeciho-bodu-trydan-pro-m-i-jako-otrok\/"]}]},{"@type":"ImageObject","inLanguage":"cs","@id":"https:\/\/v2charge.com\/cs\/p-ipojeni-modbus-rtu-nabijeciho-bodu-trydan-pro-m-i-jako-otrok\/#primaryimage","url":"https:\/\/v2charge.com\/wp-content\/uploads\/2024\/07\/v2c-electric-chargers.jpg","contentUrl":"https:\/\/v2charge.com\/wp-content\/uploads\/2024\/07\/v2c-electric-chargers.jpg","width":1200,"height":675,"caption":"V2C Electric Chargers"},{"@type":"BreadcrumbList","@id":"https:\/\/v2charge.com\/cs\/p-ipojeni-modbus-rtu-nabijeciho-bodu-trydan-pro-m-i-jako-otrok\/#breadcrumb","itemListElement":[{"@type":"ListItem","position":1,"name":"V2C","item":"https:\/\/v2charge.com\/cs\/"},{"@type":"ListItem","position":2,"name":"P\u0159ipojen\u00ed MODBUS RTU nab\u00edjec\u00edho bodu Trydan pro m\u011b\u0159i\u010d jako otrok"}]},{"@type":"WebSite","@id":"https:\/\/v2charge.com\/cs\/#website","url":"https:\/\/v2charge.com\/cs\/","name":"V2C","description":"#CargandoElMa\u00f1ana","publisher":{"@id":"https:\/\/v2charge.com\/cs\/#organization"},"potentialAction":[{"@type":"SearchAction","target":{"@type":"EntryPoint","urlTemplate":"https:\/\/v2charge.com\/cs\/?s={search_term_string}"},"query-input":{"@type":"PropertyValueSpecification","valueRequired":true,"valueName":"search_term_string"}}],"inLanguage":"cs"},{"@type":"Organization","@id":"https:\/\/v2charge.com\/cs\/#organization","name":"V2C","url":"https:\/\/v2charge.com\/cs\/","logo":{"@type":"ImageObject","inLanguage":"cs","@id":"https:\/\/v2charge.com\/cs\/#\/schema\/logo\/image\/","url":"https:\/\/v2charge.com\/wp-content\/uploads\/2024\/11\/cropped-v2c-charge-logo-menu.png","contentUrl":"https:\/\/v2charge.com\/wp-content\/uploads\/2024\/11\/cropped-v2c-charge-logo-menu.png","width":984,"height":431,"caption":"V2C"},"image":{"@id":"https:\/\/v2charge.com\/cs\/#\/schema\/logo\/image\/"},"sameAs":["https:\/\/www.facebook.com\/V2C.Charge","https:\/\/x.com\/V2C_Charge","https:\/\/www.instagram.com\/v2c.charge\/","https:\/\/www.youtube.com\/@V2C","https:\/\/www.linkedin.com\/company\/v2c-chargers\/"]}]}},"uagb_featured_image_src":{"full":["https:\/\/v2charge.com\/wp-content\/uploads\/2024\/07\/v2c-electric-chargers.jpg",1200,675,false],"thumbnail":["https:\/\/v2charge.com\/wp-content\/uploads\/2024\/07\/v2c-electric-chargers-150x150.jpg",150,150,true],"medium":["https:\/\/v2charge.com\/wp-content\/uploads\/2024\/07\/v2c-electric-chargers-300x169.jpg",300,169,true],"medium_large":["https:\/\/v2charge.com\/wp-content\/uploads\/2024\/07\/v2c-electric-chargers-768x432.jpg",768,432,true],"large":["https:\/\/v2charge.com\/wp-content\/uploads\/2024\/07\/v2c-electric-chargers-1024x576.jpg",1024,576,true],"gs-tiny":["https:\/\/v2charge.com\/wp-content\/uploads\/2024\/07\/v2c-electric-chargers.jpg",50,28,false],"xl":["https:\/\/v2charge.com\/wp-content\/uploads\/2024\/07\/v2c-electric-chargers.jpg",1200,675,false],"xxl":["https:\/\/v2charge.com\/wp-content\/uploads\/2024\/07\/v2c-electric-chargers.jpg",1200,675,false],"xxxl":["https:\/\/v2charge.com\/wp-content\/uploads\/2024\/07\/v2c-electric-chargers.jpg",1200,675,false],"xxxxl":["https:\/\/v2charge.com\/wp-content\/uploads\/2024\/07\/v2c-electric-chargers.jpg",1200,675,false],"xxxxxl":["https:\/\/v2charge.com\/wp-content\/uploads\/2024\/07\/v2c-electric-chargers.jpg",1200,675,false],"1536x1536":["https:\/\/v2charge.com\/wp-content\/uploads\/2024\/07\/v2c-electric-chargers.jpg",1200,675,false],"2048x2048":["https:\/\/v2charge.com\/wp-content\/uploads\/2024\/07\/v2c-electric-chargers.jpg",1200,675,false]},"uagb_author_info":{"display_name":"V2C","author_link":"https:\/\/v2charge.com\/cs\/author\/root_k4eu7ki8\/"},"uagb_comment_info":0,"uagb_excerpt":"MODBUS RTU p\u0159ipojen\u00ed pro nab\u00edjec\u00ed stanici Trydan, slave m\u011b\u0159i\u010d Trydan nab\u00edjec\u00ed stanice je p\u0159ipojena prost\u0159ednictv\u00edm protokolu Modbus RTU z dvou d\u016fvod\u016f. Podporovan\u00e9 m\u011b\u0159i\u010de Na st\u00e1vaj\u00edc\u00ed seznam se neust\u00e1le p\u0159id\u00e1vaj\u00ed m\u011b\u0159i\u010de: Elektrick\u00e9 p\u0159ipojen\u00ed MODBUS RTU p\u0159ipojen\u00ed se prov\u00e1d\u00ed pomoc\u00ed dvou vodi\u010d\u016f. M\u011b\u0159i\u010d mus\u00ed m\u00edt porty A a B. Tento kabel by m\u011bl b\u00fdt p\u0159iveden k na\u0161emu&hellip;","_links":{"self":[{"href":"https:\/\/v2charge.com\/cs\/wp-json\/wp\/v2\/pages\/318342","targetHints":{"allow":["GET"]}}],"collection":[{"href":"https:\/\/v2charge.com\/cs\/wp-json\/wp\/v2\/pages"}],"about":[{"href":"https:\/\/v2charge.com\/cs\/wp-json\/wp\/v2\/types\/page"}],"author":[{"embeddable":true,"href":"https:\/\/v2charge.com\/cs\/wp-json\/wp\/v2\/users\/1"}],"replies":[{"embeddable":true,"href":"https:\/\/v2charge.com\/cs\/wp-json\/wp\/v2\/comments?post=318342"}],"version-history":[{"count":0,"href":"https:\/\/v2charge.com\/cs\/wp-json\/wp\/v2\/pages\/318342\/revisions"}],"wp:featuredmedia":[{"embeddable":true,"href":"https:\/\/v2charge.com\/cs\/wp-json\/wp\/v2\/media\/170354"}],"wp:attachment":[{"href":"https:\/\/v2charge.com\/cs\/wp-json\/wp\/v2\/media?parent=318342"}],"curies":[{"name":"wp","href":"https:\/\/api.w.org\/{rel}","templated":true}]}}