{"id":318351,"date":"2023-03-24T16:56:23","date_gmt":"2023-03-24T16:56:23","guid":{"rendered":""},"modified":"2026-04-25T19:02:34","modified_gmt":"2026-04-25T19:02:34","slug":"p-ipojeni-invertoru-sma-sunny-boy-k-trydan","status":"publish","type":"page","link":"https:\/\/v2charge.com\/cs\/p-ipojeni-invertoru-sma-sunny-boy-k-trydan\/","title":{"rendered":"P\u0159ipojen\u00ed st\u0159\u00edda\u010de SMA Sunny Boy s Trydan"},"content":{"rendered":"\n<div class=\"wp-block-uagb-container uagb-block-fe221d78 alignfull uagb-is-root-container\"><div class=\"uagb-container-inner-blocks-wrap\"><div class=\"yoast-breadcrumbs\"><span><span><a href=\"https:\/\/v2charge.com\/cs\/\">V2C<\/a><\/span> \u00bb <span class=\"breadcrumb_last\" aria-current=\"page\">P\u0159ipojen\u00ed invertoru SMA Sunny Boy k Trydan<\/span><\/span><\/div>\n\n<h1 class=\"wp-block-heading\">P\u0159ipojen\u00ed st\u0159\u00edda\u010de SMA Sunny Boy s Trydan<\/h1>\n\n\n<div class=\"wp-block-uagb-container uagb-block-7ccd2e9b alignfull uagb-is-root-container\"><div class=\"uagb-container-inner-blocks-wrap\">\n<div class=\"wp-block-uagb-container uagb-block-b67aa1cf\">\n<div class=\"wp-block-uagb-image uagb-block-b8ec2710 wp-block-uagb-image--layout-default wp-block-uagb-image--effect-static wp-block-uagb-image--align-none\"><figure class=\"wp-block-uagb-image__figure\"><img decoding=\"async\" srcset=\"https:\/\/v2charge.com\/wp-content\/uploads\/2023\/12\/sma-logo.png ,https:\/\/v2charge.com\/wp-content\/uploads\/2023\/12\/sma-logo.png 780w, https:\/\/v2charge.com\/wp-content\/uploads\/2023\/12\/sma-logo.png 360w\" sizes=\"auto, (max-width: 480px) 150px\" src=\"https:\/\/v2charge.com\/wp-content\/uploads\/2023\/12\/sma-logo.png\" alt=\"\" class=\"uag-image-129057\" width=\"250\" height=\"164\" title=\"\" loading=\"lazy\" role=\"img\"\/><\/figure><\/div>\n<\/div>\n\n\n\n<div class=\"wp-block-uagb-container uagb-block-bb5c168e\"><p>Pokud m\u00e1te invertor <strong>SMA Sunny Boy<\/strong>, m\u016f\u017eete jej integrovat do sv\u00e9ho nab\u00edjec\u00edho bodu Trydan, abyste optimalizovali vyu\u017eit\u00ed sol\u00e1rn\u00ed energie va\u0161\u00ed instalace.<\/p><\/div>\n<\/div><\/div>\n\n\n\n<div class=\"wp-block-uagb-container uagb-block-333fb119 alignfull uagb-is-root-container\"><div class=\"uagb-container-inner-blocks-wrap\">\n<div class=\"wp-block-uagb-container uagb-block-2ff110d0 default uagb-is-root-container\">\n<div class=\"wp-block-uagb-container uagb-block-cd442c87\">\n<div class=\"wp-block-uagb-image aligncenter uagb-block-4bb46c59 wp-block-uagb-image--layout-default wp-block-uagb-image--effect-static wp-block-uagb-image--align-center\"><figure class=\"wp-block-uagb-image__figure\"><img decoding=\"async\" srcset=\"https:\/\/v2charge.com\/wp-content\/uploads\/2023\/11\/icon-important.png ,https:\/\/v2charge.com\/wp-content\/uploads\/2023\/11\/icon-important.png 780w, https:\/\/v2charge.com\/wp-content\/uploads\/2023\/11\/icon-important.png 360w\" sizes=\"auto, (max-width: 480px) 150px\" src=\"https:\/\/v2charge.com\/wp-content\/uploads\/2023\/11\/icon-important.png\" alt=\"\" class=\"uag-image-125013\" width=\"50\" height=\"50\" title=\"\" loading=\"lazy\" role=\"img\"\/><\/figure><\/div>\n<\/div>\n\n\n\n<div class=\"wp-block-uagb-container uagb-block-38de7166\"><div class=\"wp-block-uagb-advanced-heading uagb-block-37ab01f0\"><p class=\"uagb-heading-text\">Pou\u017eit\u00ed&nbsp;<strong>Wi-Fi repeater\u016f<\/strong>&nbsp;nebo&nbsp;<strong>mesh s\u00edt\u00ed<\/strong>&nbsp;m\u016f\u017ee ovlivnit spr\u00e1vnou funkci syst\u00e9mu. Doporu\u010dujeme pou\u017e\u00edvat&nbsp;<strong>stabiln\u00ed Wi-Fi s\u00ed\u0165<\/strong>&nbsp;a&nbsp;<strong>p\u0159\u00edm\u00e9<\/strong>&nbsp;p\u0159ipojen\u00ed, aby byla zaji\u0161t\u011bna optim\u00e1ln\u00ed konektivita mezi nab\u00edje\u010dkou a st\u0159\u00edda\u010dem.<\/p><\/div><\/div>\n<\/div>\n\n\n\n<div style=\"height:5px\" aria-hidden=\"true\" class=\"wp-block-spacer\"><\/div>\n<\/div><\/div>\n\n\n\n<div class=\"wp-block-uagb-separator uagb-block-5fd34e2f\"><div class=\"wp-block-uagb-separator__inner\" style=\"--my-background-image:\"><\/div><\/div>\n\n\n<h2 class=\"wp-block-heading\">Kroky k proveden\u00ed p\u0159ipojen\u00ed<\/h2>\n\n<h3 class=\"wp-block-heading\">Aktivujte MODBUS TCP va\u0161eho st\u0159\u00edda\u010de<\/h3>\n\n\n<hr class=\"wp-block-separator has-alpha-channel-opacity\"\/>\n\n\n<div class=\"wp-block-uagb-info-box uagb-block-7dc4dcde uagb-infobox__content-wrap  uagb-infobox-icon-left uagb-infobox-left uagb-infobox-stacked-tablet uagb-infobox-image-valign-top\"><div class=\"uagb-ifb-image-content\"><img decoding=\"async\" src=\"https:\/\/v2charge.com\/wp-content\/uploads\/2023\/11\/numero-uno.png\" alt=\"\" width=\"48\" height=\"48\" loading=\"lazy\"\/><\/div><div class=\"uagb-ifb-content\"><div class=\"uagb-ifb-title-wrap\"><\/div><p class=\"uagb-ifb-desc\">Pro p\u0159\u00edstup k rozhran\u00ed SMA Sunny Boy se p\u0159ipojte k IP adrese st\u0159\u00edda\u010de, kter\u00fd mus\u00ed b\u00fdt ve stejn\u00e9 m\u00edstn\u00ed s\u00edti jako v\u00e1\u0161 po\u010d\u00edta\u010d. Zjist\u011bte <strong><a href=\"https:\/\/v2charge.com\/fr\/comment-trouver-lip-des-appareils-connectes-a-mon-reseau-local\/\">jak naj\u00edt IP adresu za\u0159\u00edzen\u00ed p\u0159ipojen\u00fdch k va\u0161\u00ed s\u00edti<\/a><\/strong>.<\/p><\/div><\/div>\n\n\n<div class=\"wp-block-uagb-image aligncenter uagb-block-a1d26b2e wp-block-uagb-image--layout-default wp-block-uagb-image--effect-static wp-block-uagb-image--align-center\"><figure class=\"wp-block-uagb-image__figure\"><img decoding=\"async\" srcset=\"https:\/\/v2charge.com\/wp-content\/uploads\/2023\/12\/sunny-boy-ip.jpg ,https:\/\/v2charge.com\/wp-content\/uploads\/2023\/12\/sunny-boy-ip.jpg 780w, https:\/\/v2charge.com\/wp-content\/uploads\/2023\/12\/sunny-boy-ip.jpg 360w\" sizes=\"auto, (max-width: 480px) 150px\" src=\"https:\/\/v2charge.com\/wp-content\/uploads\/2023\/12\/sunny-boy-ip.jpg\" alt=\"\" class=\"uag-image-129066\" width=\"732\" height=\"295\" title=\"\" loading=\"lazy\" role=\"img\"\/><\/figure><\/div>\n\n\n<div class=\"wp-block-uagb-info-box uagb-block-b74fc743 uagb-infobox__content-wrap  uagb-infobox-icon-left uagb-infobox-left uagb-infobox-stacked-tablet uagb-infobox-image-valign-top\"><div class=\"uagb-ifb-image-content\"><img decoding=\"async\" src=\"https:\/\/v2charge.com\/wp-content\/uploads\/2023\/11\/numero-dos.png\" alt=\"\" width=\"48\" height=\"48\" loading=\"lazy\"\/><\/div><div class=\"uagb-ifb-content\"><div class=\"uagb-ifb-title-wrap\"><\/div><p class=\"uagb-ifb-desc\">Heslo je uvedeno na produktu p\u0159i koupi. Pokud tomu tak nen\u00ed, kontaktujte instalat\u00e9ra. V jeho nep\u0159\u00edtomnosti zavolejte SMA na: <a href=\"tel:935635099\">93 563 50 99.<\/a><\/p><\/div><\/div>\n\n<div class=\"wp-block-uagb-info-box uagb-block-05ba8063 uagb-infobox__content-wrap  uagb-infobox-icon-left uagb-infobox-left uagb-infobox-stacked-tablet uagb-infobox-image-valign-top\"><div class=\"uagb-ifb-image-content\"><img decoding=\"async\" src=\"https:\/\/v2charge.com\/wp-content\/uploads\/2023\/11\/numero-tres.png\" alt=\"\" width=\"48\" height=\"48\" loading=\"lazy\"\/><\/div><div class=\"uagb-ifb-content\"><div class=\"uagb-ifb-title-wrap\"><\/div><p class=\"uagb-ifb-desc\">V hierarchii syst\u00e9mu vyberte invertor SMA, kter\u00fd chcete nakonfigurovat.<\/p><\/div><\/div>\n\n<div class=\"wp-block-uagb-info-box uagb-block-f515a8b1 uagb-infobox__content-wrap  uagb-infobox-icon-left uagb-infobox-left uagb-infobox-stacked-tablet uagb-infobox-image-valign-top\"><div class=\"uagb-ifb-image-content\"><img decoding=\"async\" src=\"https:\/\/v2charge.com\/wp-content\/uploads\/2023\/11\/numero-cuatro.png\" alt=\"\" width=\"48\" height=\"48\" loading=\"lazy\"\/><\/div><div class=\"uagb-ifb-content\"><div class=\"uagb-ifb-title-wrap\"><\/div><p class=\"uagb-ifb-desc\">P\u0159ejd\u011bte na kartu <em>Konfigurace<\/em>, vyberte skupinu nastaven\u00ed <em>Extern\u00ed komunikace<\/em>, a pot\u00e9 klikn\u011bte na <em>Upravit<\/em>. <em>Aktivujte TCP server<\/em> <em>v nastaven\u00ed skupiny<\/em> <em>Modbus<\/em> \u2013 TCP server (Aktivov\u00e1no \u2013 Ano).<\/p><\/div><\/div>\n\n<h3 class=\"wp-block-heading\">Spojte nab\u00edjec\u00ed stanici Trydan s invertorem SMA Sunny Boy<\/h3>\n\n\n<hr class=\"wp-block-separator has-alpha-channel-opacity\"\/>\n\n\n\n<div class=\"wp-block-uagb-container uagb-block-e1ccf0ef alignfull uagb-is-root-container\"><div class=\"uagb-container-inner-blocks-wrap\">\n<div class=\"wp-block-uagb-container uagb-block-f312fe50\"><p>Otev\u0159ete aplikaci V2C Cloud, vyberte nab\u00edjec\u00ed stanici a pot\u00e9 p\u0159ejd\u011bte do sekce nastaven\u00ed.<br><br>P\u0159ejd\u011bte do sekce &#8222;Dynamick\u00e1 kontrola v\u00fdkonu&#8220; a vyberte invertor SMA Sunny.<\/p><\/div>\n\n\n\n<div class=\"wp-block-uagb-container uagb-block-d4e5e05c\">\n<div class=\"wp-block-uagb-image aligncenter uagb-block-62fb1510 wp-block-uagb-image--layout-default wp-block-uagb-image--effect-static wp-block-uagb-image--align-center\"><figure class=\"wp-block-uagb-image__figure\"><img decoding=\"async\" srcset=\"https:\/\/v2charge.com\/wp-content\/uploads\/2024\/01\/sma-inversor.jpg ,https:\/\/v2charge.com\/wp-content\/uploads\/2024\/01\/sma-inversor.jpg 780w, https:\/\/v2charge.com\/wp-content\/uploads\/2024\/01\/sma-inversor.jpg 360w\" sizes=\"auto, (max-width: 480px) 150px\" src=\"https:\/\/v2charge.com\/wp-content\/uploads\/2024\/01\/sma-inversor.jpg\" alt=\"\" class=\"uag-image-133283\" width=\"400\" height=\"684\" title=\"\" loading=\"lazy\" role=\"img\"\/><\/figure><\/div>\n<\/div>\n<\/div><\/div>\n<\/div><\/div>\n\n\n\n<div style=\"height:60px\" aria-hidden=\"true\" class=\"wp-block-spacer\"><\/div>\n\n\n\n<div class=\"wp-block-uagb-container uagb-block-42edce15 alignfull uagb-is-root-container\"><div class=\"uagb-container-inner-blocks-wrap\"><div class=\"wp-block-uagb-advanced-heading uagb-block-d3dd4728\"><h2 class=\"uagb-heading-text\"><strong><strong><strong>Pot\u0159ebujete technickou podporu?<\/strong><\/strong><\/strong><\/h2><\/div>\n\n<div class=\"wp-block-uagb-advanced-heading uagb-block-fd1495e7\"><p class=\"uagb-heading-text\">Vytvo\u0159te \u017e\u00e1dost v centru podpory a my v\u00e1s co nejd\u0159\u00edve kontaktujeme, abychom v\u00e1m nab\u00eddli nejlep\u0161\u00ed \u0159e\u0161en\u00ed.<\/p><\/div>\n\n\n<div class=\"wp-block-uagb-buttons uagb-buttons__outer-wrap uagb-btn__default-btn uagb-btn-tablet__default-btn uagb-btn-mobile__default-btn uagb-block-b89c557b\"><div class=\"uagb-buttons__wrap uagb-buttons-layout-wrap \"><div class=\"wp-block-uagb-buttons-child uagb-buttons__outer-wrap uagb-block-614067a9 wp-block-button\"><div class=\"uagb-button__wrapper\"><a class=\"uagb-buttons-repeater wp-block-button__link\" aria-label=\"\" href=\"https:\/\/v2charge.atlassian.net\/servicedesk\/customer\/portal\/3\" rel=\"follow noopener\" target=\"_self\" role=\"button\"><div class=\"uagb-button__link\">Kontaktovat technickou podporu<\/div><\/a><\/div><\/div><\/div><\/div>\n<\/div><\/div>\n","protected":false},"excerpt":{"rendered":"<p>P\u0159ipojen\u00ed st\u0159\u00edda\u010de SMA Sunny Boy s Trydan Pokud m\u00e1te invertor SMA Sunny Boy, m\u016f\u017eete jej integrovat do sv\u00e9ho nab\u00edjec\u00edho bodu Trydan, abyste optimalizovali vyu\u017eit\u00ed sol\u00e1rn\u00ed energie va\u0161\u00ed instalace. Pou\u017eit\u00ed&nbsp;Wi-Fi repeater\u016f&nbsp;nebo&nbsp;mesh s\u00edt\u00ed&nbsp;m\u016f\u017ee ovlivnit spr\u00e1vnou funkci syst\u00e9mu. Doporu\u010dujeme pou\u017e\u00edvat&nbsp;stabiln\u00ed Wi-Fi s\u00ed\u0165&nbsp;a&nbsp;p\u0159\u00edm\u00e9&nbsp;p\u0159ipojen\u00ed, aby byla zaji\u0161t\u011bna optim\u00e1ln\u00ed konektivita mezi nab\u00edje\u010dkou a st\u0159\u00edda\u010dem. Kroky k proveden\u00ed p\u0159ipojen\u00ed Aktivujte MODBUS TCP &#8230; <a title=\"P\u0159ipojen\u00ed st\u0159\u00edda\u010de SMA Sunny Boy s Trydan\" class=\"read-more\" href=\"https:\/\/v2charge.com\/cs\/p-ipojeni-invertoru-sma-sunny-boy-k-trydan\/\" aria-label=\"Read more about P\u0159ipojen\u00ed st\u0159\u00edda\u010de SMA Sunny Boy s Trydan\">\u010c\u00edst d\u00e1l<\/a><\/p>\n","protected":false},"author":1,"featured_media":0,"parent":0,"menu_order":0,"comment_status":"closed","ping_status":"closed","template":"","meta":{"_eb_attr":"","content-type":"","_uag_custom_page_level_css":"","footnotes":""},"class_list":["post-318351","page","type-page","status-publish"],"yoast_head":"<!-- This site is optimized with the Yoast SEO plugin v25.3.1 - https:\/\/yoast.com\/wordpress\/plugins\/seo\/ -->\n<title>P\u0159ipojen\u00ed invertoru SMA Sunny Boy s Trydanem | V2C Podpora<\/title>\n<meta name=\"description\" content=\"P\u0159ipojte sv\u016fj invertor SMA Sunny Boy k nab\u00edjec\u00ed stanici Trydan, abyste vyu\u017eili slune\u010dn\u00ed energii z va\u0161\u00ed instalace.\" \/>\n<meta name=\"robots\" content=\"index, follow, max-snippet:-1, max-image-preview:large, max-video-preview:-1\" \/>\n<link rel=\"canonical\" href=\"https:\/\/v2charge.com\/cs\/p-ipojeni-invertoru-sma-sunny-boy-k-trydan\/\" \/>\n<meta property=\"og:locale\" content=\"cs_CZ\" \/>\n<meta property=\"og:type\" content=\"article\" \/>\n<meta property=\"og:title\" content=\"P\u0159ipojen\u00ed invertoru SMA Sunny Boy s Trydanem | V2C Podpora\" \/>\n<meta property=\"og:description\" content=\"P\u0159ipojte sv\u016fj invertor SMA Sunny Boy k nab\u00edjec\u00ed stanici Trydan, abyste vyu\u017eili slune\u010dn\u00ed energii z va\u0161\u00ed instalace.\" \/>\n<meta property=\"og:url\" content=\"https:\/\/v2charge.com\/cs\/p-ipojeni-invertoru-sma-sunny-boy-k-trydan\/\" \/>\n<meta property=\"og:site_name\" content=\"V2C\" \/>\n<meta property=\"article:publisher\" content=\"https:\/\/www.facebook.com\/V2C.Charge\" \/>\n<meta property=\"article:modified_time\" content=\"2026-04-25T19:02:34+00:00\" \/>\n<meta property=\"og:image\" content=\"https:\/\/v2charge.com\/wp-content\/uploads\/2023\/12\/sma-logo.png\" \/>\n<meta name=\"twitter:card\" content=\"summary_large_image\" \/>\n<meta name=\"twitter:site\" content=\"@V2C_Charge\" \/>\n<meta name=\"twitter:label1\" content=\"Odhadovan\u00e1 doba \u010dten\u00ed\" \/>\n\t<meta name=\"twitter:data1\" content=\"3 minuty\" \/>\n<script type=\"application\/ld+json\" class=\"yoast-schema-graph\">{\"@context\":\"https:\/\/schema.org\",\"@graph\":[{\"@type\":\"WebPage\",\"@id\":\"https:\/\/v2charge.com\/cs\/p-ipojeni-invertoru-sma-sunny-boy-k-trydan\/\",\"url\":\"https:\/\/v2charge.com\/cs\/p-ipojeni-invertoru-sma-sunny-boy-k-trydan\/\",\"name\":\"P\u0159ipojen\u00ed invertoru SMA Sunny Boy s Trydanem | V2C Podpora\",\"isPartOf\":{\"@id\":\"https:\/\/v2charge.com\/cs\/#website\"},\"primaryImageOfPage\":{\"@id\":\"https:\/\/v2charge.com\/cs\/p-ipojeni-invertoru-sma-sunny-boy-k-trydan\/#primaryimage\"},\"image\":{\"@id\":\"https:\/\/v2charge.com\/cs\/p-ipojeni-invertoru-sma-sunny-boy-k-trydan\/#primaryimage\"},\"thumbnailUrl\":\"https:\/\/v2charge.com\/wp-content\/uploads\/2023\/12\/sma-logo.png\",\"datePublished\":\"2023-03-24T16:56:23+00:00\",\"dateModified\":\"2026-04-25T19:02:34+00:00\",\"description\":\"P\u0159ipojte sv\u016fj invertor SMA Sunny Boy k nab\u00edjec\u00ed stanici Trydan, abyste vyu\u017eili slune\u010dn\u00ed energii z va\u0161\u00ed instalace.\",\"breadcrumb\":{\"@id\":\"https:\/\/v2charge.com\/cs\/p-ipojeni-invertoru-sma-sunny-boy-k-trydan\/#breadcrumb\"},\"inLanguage\":\"cs\",\"potentialAction\":[{\"@type\":\"ReadAction\",\"target\":[\"https:\/\/v2charge.com\/cs\/p-ipojeni-invertoru-sma-sunny-boy-k-trydan\/\"]}]},{\"@type\":\"ImageObject\",\"inLanguage\":\"cs\",\"@id\":\"https:\/\/v2charge.com\/cs\/p-ipojeni-invertoru-sma-sunny-boy-k-trydan\/#primaryimage\",\"url\":\"https:\/\/v2charge.com\/wp-content\/uploads\/2023\/12\/sma-logo.png\",\"contentUrl\":\"https:\/\/v2charge.com\/wp-content\/uploads\/2023\/12\/sma-logo.png\"},{\"@type\":\"BreadcrumbList\",\"@id\":\"https:\/\/v2charge.com\/cs\/p-ipojeni-invertoru-sma-sunny-boy-k-trydan\/#breadcrumb\",\"itemListElement\":[{\"@type\":\"ListItem\",\"position\":1,\"name\":\"V2C\",\"item\":\"https:\/\/v2charge.com\/cs\/\"},{\"@type\":\"ListItem\",\"position\":2,\"name\":\"P\u0159ipojen\u00ed invertoru SMA Sunny Boy k Trydan\"}]},{\"@type\":\"WebSite\",\"@id\":\"https:\/\/v2charge.com\/cs\/#website\",\"url\":\"https:\/\/v2charge.com\/cs\/\",\"name\":\"V2C\",\"description\":\"#CargandoElMa\u00f1ana\",\"publisher\":{\"@id\":\"https:\/\/v2charge.com\/cs\/#organization\"},\"potentialAction\":[{\"@type\":\"SearchAction\",\"target\":{\"@type\":\"EntryPoint\",\"urlTemplate\":\"https:\/\/v2charge.com\/cs\/?s={search_term_string}\"},\"query-input\":{\"@type\":\"PropertyValueSpecification\",\"valueRequired\":true,\"valueName\":\"search_term_string\"}}],\"inLanguage\":\"cs\"},{\"@type\":\"Organization\",\"@id\":\"https:\/\/v2charge.com\/cs\/#organization\",\"name\":\"V2C\",\"url\":\"https:\/\/v2charge.com\/cs\/\",\"logo\":{\"@type\":\"ImageObject\",\"inLanguage\":\"cs\",\"@id\":\"https:\/\/v2charge.com\/cs\/#\/schema\/logo\/image\/\",\"url\":\"https:\/\/v2charge.com\/wp-content\/uploads\/2024\/11\/cropped-v2c-charge-logo-menu.png\",\"contentUrl\":\"https:\/\/v2charge.com\/wp-content\/uploads\/2024\/11\/cropped-v2c-charge-logo-menu.png\",\"width\":984,\"height\":431,\"caption\":\"V2C\"},\"image\":{\"@id\":\"https:\/\/v2charge.com\/cs\/#\/schema\/logo\/image\/\"},\"sameAs\":[\"https:\/\/www.facebook.com\/V2C.Charge\",\"https:\/\/x.com\/V2C_Charge\",\"https:\/\/www.instagram.com\/v2c.charge\/\",\"https:\/\/www.youtube.com\/@V2C\",\"https:\/\/www.linkedin.com\/company\/v2c-chargers\/\"]}]}<\/script>\n<!-- \/ Yoast SEO plugin. -->","yoast_head_json":{"title":"P\u0159ipojen\u00ed invertoru SMA Sunny Boy s Trydanem | V2C Podpora","description":"P\u0159ipojte sv\u016fj invertor SMA Sunny Boy k nab\u00edjec\u00ed stanici Trydan, abyste vyu\u017eili slune\u010dn\u00ed energii z va\u0161\u00ed instalace.","robots":{"index":"index","follow":"follow","max-snippet":"max-snippet:-1","max-image-preview":"max-image-preview:large","max-video-preview":"max-video-preview:-1"},"canonical":"https:\/\/v2charge.com\/cs\/p-ipojeni-invertoru-sma-sunny-boy-k-trydan\/","og_locale":"cs_CZ","og_type":"article","og_title":"P\u0159ipojen\u00ed invertoru SMA Sunny Boy s Trydanem | V2C Podpora","og_description":"P\u0159ipojte sv\u016fj invertor SMA Sunny Boy k nab\u00edjec\u00ed stanici Trydan, abyste vyu\u017eili slune\u010dn\u00ed energii z va\u0161\u00ed instalace.","og_url":"https:\/\/v2charge.com\/cs\/p-ipojeni-invertoru-sma-sunny-boy-k-trydan\/","og_site_name":"V2C","article_publisher":"https:\/\/www.facebook.com\/V2C.Charge","article_modified_time":"2026-04-25T19:02:34+00:00","og_image":[{"url":"https:\/\/v2charge.com\/wp-content\/uploads\/2023\/12\/sma-logo.png","type":"","width":"","height":""}],"twitter_card":"summary_large_image","twitter_site":"@V2C_Charge","twitter_misc":{"Odhadovan\u00e1 doba \u010dten\u00ed":"3 minuty"},"schema":{"@context":"https:\/\/schema.org","@graph":[{"@type":"WebPage","@id":"https:\/\/v2charge.com\/cs\/p-ipojeni-invertoru-sma-sunny-boy-k-trydan\/","url":"https:\/\/v2charge.com\/cs\/p-ipojeni-invertoru-sma-sunny-boy-k-trydan\/","name":"P\u0159ipojen\u00ed invertoru SMA Sunny Boy s Trydanem | V2C Podpora","isPartOf":{"@id":"https:\/\/v2charge.com\/cs\/#website"},"primaryImageOfPage":{"@id":"https:\/\/v2charge.com\/cs\/p-ipojeni-invertoru-sma-sunny-boy-k-trydan\/#primaryimage"},"image":{"@id":"https:\/\/v2charge.com\/cs\/p-ipojeni-invertoru-sma-sunny-boy-k-trydan\/#primaryimage"},"thumbnailUrl":"https:\/\/v2charge.com\/wp-content\/uploads\/2023\/12\/sma-logo.png","datePublished":"2023-03-24T16:56:23+00:00","dateModified":"2026-04-25T19:02:34+00:00","description":"P\u0159ipojte sv\u016fj invertor SMA Sunny Boy k nab\u00edjec\u00ed stanici Trydan, abyste vyu\u017eili slune\u010dn\u00ed energii z va\u0161\u00ed instalace.","breadcrumb":{"@id":"https:\/\/v2charge.com\/cs\/p-ipojeni-invertoru-sma-sunny-boy-k-trydan\/#breadcrumb"},"inLanguage":"cs","potentialAction":[{"@type":"ReadAction","target":["https:\/\/v2charge.com\/cs\/p-ipojeni-invertoru-sma-sunny-boy-k-trydan\/"]}]},{"@type":"ImageObject","inLanguage":"cs","@id":"https:\/\/v2charge.com\/cs\/p-ipojeni-invertoru-sma-sunny-boy-k-trydan\/#primaryimage","url":"https:\/\/v2charge.com\/wp-content\/uploads\/2023\/12\/sma-logo.png","contentUrl":"https:\/\/v2charge.com\/wp-content\/uploads\/2023\/12\/sma-logo.png"},{"@type":"BreadcrumbList","@id":"https:\/\/v2charge.com\/cs\/p-ipojeni-invertoru-sma-sunny-boy-k-trydan\/#breadcrumb","itemListElement":[{"@type":"ListItem","position":1,"name":"V2C","item":"https:\/\/v2charge.com\/cs\/"},{"@type":"ListItem","position":2,"name":"P\u0159ipojen\u00ed invertoru SMA Sunny Boy k Trydan"}]},{"@type":"WebSite","@id":"https:\/\/v2charge.com\/cs\/#website","url":"https:\/\/v2charge.com\/cs\/","name":"V2C","description":"#CargandoElMa\u00f1ana","publisher":{"@id":"https:\/\/v2charge.com\/cs\/#organization"},"potentialAction":[{"@type":"SearchAction","target":{"@type":"EntryPoint","urlTemplate":"https:\/\/v2charge.com\/cs\/?s={search_term_string}"},"query-input":{"@type":"PropertyValueSpecification","valueRequired":true,"valueName":"search_term_string"}}],"inLanguage":"cs"},{"@type":"Organization","@id":"https:\/\/v2charge.com\/cs\/#organization","name":"V2C","url":"https:\/\/v2charge.com\/cs\/","logo":{"@type":"ImageObject","inLanguage":"cs","@id":"https:\/\/v2charge.com\/cs\/#\/schema\/logo\/image\/","url":"https:\/\/v2charge.com\/wp-content\/uploads\/2024\/11\/cropped-v2c-charge-logo-menu.png","contentUrl":"https:\/\/v2charge.com\/wp-content\/uploads\/2024\/11\/cropped-v2c-charge-logo-menu.png","width":984,"height":431,"caption":"V2C"},"image":{"@id":"https:\/\/v2charge.com\/cs\/#\/schema\/logo\/image\/"},"sameAs":["https:\/\/www.facebook.com\/V2C.Charge","https:\/\/x.com\/V2C_Charge","https:\/\/www.instagram.com\/v2c.charge\/","https:\/\/www.youtube.com\/@V2C","https:\/\/www.linkedin.com\/company\/v2c-chargers\/"]}]}},"uagb_featured_image_src":{"full":false,"thumbnail":false,"medium":false,"medium_large":false,"large":false,"gs-tiny":false,"xl":false,"xxl":false,"xxxl":false,"xxxxl":false,"xxxxxl":false,"1536x1536":false,"2048x2048":false},"uagb_author_info":{"display_name":"V2C","author_link":"https:\/\/v2charge.com\/cs\/author\/root_k4eu7ki8\/"},"uagb_comment_info":0,"uagb_excerpt":"P\u0159ipojen\u00ed st\u0159\u00edda\u010de SMA Sunny Boy s Trydan Pokud m\u00e1te invertor SMA Sunny Boy, m\u016f\u017eete jej integrovat do sv\u00e9ho nab\u00edjec\u00edho bodu Trydan, abyste optimalizovali vyu\u017eit\u00ed sol\u00e1rn\u00ed energie va\u0161\u00ed instalace. Pou\u017eit\u00ed&nbsp;Wi-Fi repeater\u016f&nbsp;nebo&nbsp;mesh s\u00edt\u00ed&nbsp;m\u016f\u017ee ovlivnit spr\u00e1vnou funkci syst\u00e9mu. Doporu\u010dujeme pou\u017e\u00edvat&nbsp;stabiln\u00ed Wi-Fi s\u00ed\u0165&nbsp;a&nbsp;p\u0159\u00edm\u00e9&nbsp;p\u0159ipojen\u00ed, aby byla zaji\u0161t\u011bna optim\u00e1ln\u00ed konektivita mezi nab\u00edje\u010dkou a st\u0159\u00edda\u010dem. Kroky k proveden\u00ed p\u0159ipojen\u00ed Aktivujte MODBUS TCP&hellip;","_links":{"self":[{"href":"https:\/\/v2charge.com\/cs\/wp-json\/wp\/v2\/pages\/318351","targetHints":{"allow":["GET"]}}],"collection":[{"href":"https:\/\/v2charge.com\/cs\/wp-json\/wp\/v2\/pages"}],"about":[{"href":"https:\/\/v2charge.com\/cs\/wp-json\/wp\/v2\/types\/page"}],"author":[{"embeddable":true,"href":"https:\/\/v2charge.com\/cs\/wp-json\/wp\/v2\/users\/1"}],"replies":[{"embeddable":true,"href":"https:\/\/v2charge.com\/cs\/wp-json\/wp\/v2\/comments?post=318351"}],"version-history":[{"count":0,"href":"https:\/\/v2charge.com\/cs\/wp-json\/wp\/v2\/pages\/318351\/revisions"}],"wp:attachment":[{"href":"https:\/\/v2charge.com\/cs\/wp-json\/wp\/v2\/media?parent=318351"}],"curies":[{"name":"wp","href":"https:\/\/api.w.org\/{rel}","templated":true}]}}