{"id":318360,"date":"2023-07-18T14:22:35","date_gmt":"2023-07-18T14:22:35","guid":{"rendered":""},"modified":"2026-04-25T16:21:25","modified_gmt":"2026-04-25T16:21:25","slug":"pokyny-pro-barvy-led-loga","status":"publish","type":"page","link":"https:\/\/v2charge.com\/cs\/podpora-trydan-cs-1777116621\/pokyny-pro-barvy-led-loga\/","title":{"rendered":"Indikace barev LED na logu"},"content":{"rendered":"\n<div style=\"height:60px\" aria-hidden=\"true\" class=\"wp-block-spacer\"><\/div>\n<h1>Indikace barev LED loga<\/h1><p>Logo V2C na p\u0159edn\u00ed stran\u011b e-Charger se rozsv\u011bcuje podle stavu nab\u00edjen\u00ed. Barva osv\u011btlen\u00ed a jej\u00ed v\u00fdznam jsou uvedeny n\u00ed\u017ee:<\/p>\n\n\n<div style=\"height:60px\" aria-hidden=\"true\" class=\"wp-block-spacer\"><\/div>\n\n\n\n<div class=\"wp-block-uagb-container uagb-block-56dde615 alignfull uagb-is-root-container\"><div class=\"uagb-container-inner-blocks-wrap\">\n<div class=\"wp-block-uagb-container uagb-block-065443df\">\n<div class=\"wp-block-uagb-image uagb-block-9f117392 wp-block-uagb-image--layout-default wp-block-uagb-image--effect-static wp-block-uagb-image--align-none\"><figure class=\"wp-block-uagb-image__figure\"><img decoding=\"async\" srcset=\"https:\/\/v2charge.com\/wp-content\/uploads\/2023\/07\/logo-v2c-blanco.jpg \" sizes=\"auto, (max-width: 480px) 150px\" src=\"https:\/\/v2charge.com\/wp-content\/uploads\/2023\/07\/logo-v2c-blanco.jpg\" alt=\"\" class=\"uag-image-114299\" width=\"303\" height=\"300\" title=\"\" loading=\"lazy\" role=\"img\"\/><\/figure><\/div>\n<\/div>\n\n\n\n<div class=\"wp-block-uagb-container uagb-block-c347e22f\"><p><strong>B\u00edl\u00e1: <\/strong>vozidlo nen\u00ed p\u0159ipojeno.<\/p>\n\n<p><strong>B\u00edl\u00e9 blik\u00e1n\u00ed:<\/strong> prob\u00edh\u00e1 rutina p\u0159ipojen\u00ed nebo op\u011btovn\u00e9ho p\u0159ipojen\u00ed k WiFi. Jin\u00fdmi slovy, p\u0159ipojen\u00ed p\u0159es WiFi je zpracov\u00e1v\u00e1no.<\/p><\/div>\n<\/div><\/div>\n\n\n\n<div class=\"wp-block-uagb-container uagb-block-c6aabee3 alignfull uagb-is-root-container\"><div class=\"uagb-container-inner-blocks-wrap\">\n<div class=\"wp-block-uagb-container uagb-block-3d49e981\">\n<div class=\"wp-block-uagb-image uagb-block-daeb1f2c wp-block-uagb-image--layout-default wp-block-uagb-image--effect-static wp-block-uagb-image--align-none\"><figure class=\"wp-block-uagb-image__figure\"><img decoding=\"async\" srcset=\"https:\/\/v2charge.com\/wp-content\/uploads\/2023\/07\/logo-v2c-azul-oscuro.jpg \" sizes=\"auto, (max-width: 480px) 150px\" src=\"https:\/\/v2charge.com\/wp-content\/uploads\/2023\/07\/logo-v2c-azul-oscuro.jpg\" alt=\"\" class=\"uag-image-114309\" width=\"303\" height=\"300\" title=\"\" loading=\"lazy\" role=\"img\"\/><\/figure><\/div>\n<\/div>\n\n\n\n<div class=\"wp-block-uagb-container uagb-block-6652c487\"><p><strong>Tmav\u011b modr\u00e9 blik\u00e1n\u00ed:<\/strong> vozidlo se nab\u00edj\u00ed. Rychlost blik\u00e1n\u00ed je p\u0159\u00edmo \u00fam\u011brn\u00e1 intenzit\u011b nab\u00edjen\u00ed.<\/p><\/div>\n<\/div><\/div>\n\n\n\n<div class=\"wp-block-uagb-container uagb-block-3e099a83 alignfull uagb-is-root-container\"><div class=\"uagb-container-inner-blocks-wrap\">\n<div class=\"wp-block-uagb-container uagb-block-f0291f97\">\n<div class=\"wp-block-uagb-image uagb-block-1c23bcfd wp-block-uagb-image--layout-default wp-block-uagb-image--effect-static wp-block-uagb-image--align-none\"><figure class=\"wp-block-uagb-image__figure\"><img decoding=\"async\" srcset=\"https:\/\/v2charge.com\/wp-content\/uploads\/2023\/07\/logo-v2c-azul-claro.jpg \" sizes=\"auto, (max-width: 480px) 150px\" src=\"https:\/\/v2charge.com\/wp-content\/uploads\/2023\/07\/logo-v2c-azul-claro.jpg\" alt=\"\" class=\"uag-image-114318\" width=\"303\" height=\"300\" title=\"\" loading=\"lazy\" role=\"img\"\/><\/figure><\/div>\n<\/div>\n\n\n\n<div class=\"wp-block-uagb-container uagb-block-67dac79e\"><p><strong>Sv\u011btl\u00e1 modr\u00e1: <\/strong>\u010dasova\u010d aktivov\u00e1n, tj. je naprogramovan\u00e9 zat\u00ed\u017een\u00ed.<\/p><\/div>\n<\/div><\/div>\n\n\n\n<div class=\"wp-block-uagb-container uagb-block-3552b4f5 alignfull uagb-is-root-container\"><div class=\"uagb-container-inner-blocks-wrap\">\n<div class=\"wp-block-uagb-container uagb-block-5c66deb7\">\n<div class=\"wp-block-uagb-image uagb-block-b4fd4386 wp-block-uagb-image--layout-default wp-block-uagb-image--effect-static wp-block-uagb-image--align-none\"><figure class=\"wp-block-uagb-image__figure\"><img decoding=\"async\" srcset=\"https:\/\/v2charge.com\/wp-content\/uploads\/2023\/07\/verde.jpg \" sizes=\"auto, (max-width: 480px) 150px\" src=\"https:\/\/v2charge.com\/wp-content\/uploads\/2023\/07\/verde.jpg\" alt=\"\" class=\"uag-image-114129\" width=\"303\" height=\"300\" title=\"\" loading=\"lazy\" role=\"img\"\/><\/figure><\/div>\n<\/div>\n\n\n\n<div class=\"wp-block-uagb-container uagb-block-61490d5f\"><p><strong>Zelen\u00e1:<\/strong> vozidlo je pln\u011b nabit\u00e9.<\/p>\n\n<p><strong>Zelen\u00e9 blik\u00e1n\u00ed<\/strong>: nab\u00edje\u010dka je spr\u00e1vn\u011b p\u0159ipojena k WiFi s\u00edti. Blik\u00e1n\u00ed trv\u00e1 jednu sekundu.<\/p><\/div>\n<\/div><\/div>\n\n\n\n<div class=\"wp-block-uagb-container uagb-block-ebd29226 alignfull uagb-is-root-container\"><div class=\"uagb-container-inner-blocks-wrap\">\n<div class=\"wp-block-uagb-container uagb-block-35ecedb3\">\n<div class=\"wp-block-uagb-image uagb-block-05e9e216 wp-block-uagb-image--layout-default wp-block-uagb-image--effect-static wp-block-uagb-image--align-none\"><figure class=\"wp-block-uagb-image__figure\"><img decoding=\"async\" srcset=\"https:\/\/v2charge.com\/wp-content\/uploads\/2023\/07\/logo-v2c-rojo.jpg \" sizes=\"auto, (max-width: 480px) 150px\" src=\"https:\/\/v2charge.com\/wp-content\/uploads\/2023\/07\/logo-v2c-rojo.jpg\" alt=\"\" class=\"uag-image-114327\" width=\"303\" height=\"300\" title=\"\" loading=\"lazy\" role=\"img\"\/><\/figure><\/div>\n<\/div>\n\n\n\n<div class=\"wp-block-uagb-container uagb-block-7b194c32\"><p><strong>\u010cerven\u00e1:<\/strong> Chyba. <\/p>\n\n<p>Na displeji se zobraz\u00ed chybov\u00fd k\u00f3d a kr\u00e1tk\u00fd popis chyby. Chybov\u00fd k\u00f3d m\u00e1 n\u00e1sleduj\u00edc\u00ed strukturu (5 \u010d\u00edslic): XX YYYY.<\/p>\n\n<p>M\u016f\u017eete zkontrolovat <a href=\"https:\/\/v2charge.com\/dynamic-power-control-switching-errors-trydan\/\">chyby p\u0159ipojen\u00ed<\/a> na tomto odkazu.<\/p><\/div>\n<\/div><\/div>\n\n\n\n<div class=\"wp-block-uagb-container uagb-block-cbf521b2 alignfull uagb-is-root-container\"><div class=\"uagb-container-inner-blocks-wrap\">\n<div class=\"wp-block-uagb-container uagb-block-a4c37b86\">\n<div class=\"wp-block-uagb-image uagb-block-74f3cb8f wp-block-uagb-image--layout-default wp-block-uagb-image--effect-static wp-block-uagb-image--align-none\"><figure class=\"wp-block-uagb-image__figure\"><img decoding=\"async\" srcset=\"https:\/\/v2charge.com\/wp-content\/uploads\/2023\/07\/logo-v2c-azul-amarillo.jpg \" sizes=\"auto, (max-width: 480px) 150px\" src=\"https:\/\/v2charge.com\/wp-content\/uploads\/2023\/07\/logo-v2c-azul-amarillo.jpg\" alt=\"\" class=\"uag-image-114336\" width=\"303\" height=\"300\" title=\"\" loading=\"lazy\" role=\"img\"\/><\/figure><\/div>\n<\/div>\n\n\n\n<div class=\"wp-block-uagb-container uagb-block-aacb501a\"><p><strong>\u017dlut\u00e1: <\/strong>Chyba \u0159\u00edzen\u00ed pilota (chyba komunikace s vozidlem) nebo nen\u00ed dostatek energie pro nab\u00edjen\u00ed s dynamick\u00fdm \u0159\u00edzen\u00edm.<\/p><\/div>\n<\/div><\/div>\n\n\n\n<div class=\"wp-block-uagb-container uagb-block-c40a4d9a alignfull uagb-is-root-container\"><div class=\"uagb-container-inner-blocks-wrap\">\n<div class=\"wp-block-uagb-container uagb-block-0074fc58\">\n<div class=\"wp-block-uagb-image uagb-block-56a99fa6 wp-block-uagb-image--layout-default wp-block-uagb-image--effect-static wp-block-uagb-image--align-none\"><figure class=\"wp-block-uagb-image__figure\"><img decoding=\"async\" srcset=\"https:\/\/v2charge.com\/wp-content\/uploads\/2023\/07\/logo-v2c-azul-rosa.jpg \" sizes=\"auto, (max-width: 480px) 150px\" src=\"https:\/\/v2charge.com\/wp-content\/uploads\/2023\/07\/logo-v2c-azul-rosa.jpg\" alt=\"\" class=\"uag-image-114363\" width=\"303\" height=\"300\" title=\"\" loading=\"lazy\" role=\"img\"\/><\/figure><\/div>\n<\/div>\n\n\n\n<div class=\"wp-block-uagb-container uagb-block-0d71d969\"><p><strong>R\u016f\u017eov\u00e1:<\/strong> e-Charger se aktualizuje.<\/p><\/div>\n<\/div><\/div>\n\n\n\n<div class=\"wp-block-uagb-container uagb-block-0bbcf460 alignfull uagb-is-root-container\"><div class=\"uagb-container-inner-blocks-wrap\">\n<div class=\"wp-block-uagb-container uagb-block-9425ad19\">\n<div class=\"wp-block-uagb-image uagb-block-0d45d0a4 wp-block-uagb-image--layout-default wp-block-uagb-image--effect-static wp-block-uagb-image--align-none\"><figure class=\"wp-block-uagb-image__figure\"><img decoding=\"async\" srcset=\"https:\/\/v2charge.com\/wp-content\/uploads\/2026\/04\/logo-v2c-rosa-claro.jpg ,https:\/\/v2charge.com\/wp-content\/uploads\/2026\/04\/logo-v2c-rosa-claro.jpg 780w, https:\/\/v2charge.com\/wp-content\/uploads\/2026\/04\/logo-v2c-rosa-claro.jpg 360w\" sizes=\"auto, (max-width: 480px) 150px\" src=\"https:\/\/v2charge.com\/wp-content\/uploads\/2026\/04\/logo-v2c-rosa-claro.jpg\" alt=\"\" class=\"uag-image-316756\" width=\"303\" height=\"300\" title=\"logo-v2c-rosa-claro\" loading=\"lazy\" role=\"img\"\/><\/figure><\/div>\n<\/div>\n\n\n\n<div class=\"wp-block-uagb-container uagb-block-d66aa114\"><p><strong>Sv\u011btl\u00e1 r\u016f\u017eov\u00e1:<\/strong> chyba v m\u00edstn\u00edm vyva\u017eov\u00e1n\u00ed z\u00e1t\u011b\u017ee.<\/p><\/div>\n<\/div><\/div>\n\n\n\n<div class=\"wp-block-uagb-container uagb-block-1cd83091 alignfull uagb-is-root-container\"><div class=\"uagb-container-inner-blocks-wrap\">\n<div class=\"wp-block-uagb-container uagb-block-2ebbafd9\">\n<div class=\"wp-block-uagb-image uagb-block-a011dec9 wp-block-uagb-image--layout-default wp-block-uagb-image--effect-static wp-block-uagb-image--align-none\"><figure class=\"wp-block-uagb-image__figure\"><img decoding=\"async\" srcset=\"https:\/\/v2charge.com\/wp-content\/uploads\/2026\/04\/logo-v2c-naranja.jpg ,https:\/\/v2charge.com\/wp-content\/uploads\/2026\/04\/logo-v2c-naranja.jpg 780w, https:\/\/v2charge.com\/wp-content\/uploads\/2026\/04\/logo-v2c-naranja.jpg 360w\" sizes=\"auto, (max-width: 480px) 150px\" src=\"https:\/\/v2charge.com\/wp-content\/uploads\/2026\/04\/logo-v2c-naranja.jpg\" alt=\"\" class=\"uag-image-316742\" width=\"303\" height=\"300\" title=\"logo-v2c-naranja\" loading=\"lazy\" role=\"img\"\/><\/figure><\/div>\n<\/div>\n\n\n\n<div class=\"wp-block-uagb-container uagb-block-a2127291\"><p><strong>Oran\u017eov\u00e1:<\/strong> \u010dek\u00e1n\u00ed na energii.<\/p><\/div>\n<\/div><\/div>\n\n\n\n<div class=\"wp-block-uagb-container uagb-block-c6f38013 alignfull uagb-is-root-container\"><div class=\"uagb-container-inner-blocks-wrap\"><div class=\"wp-block-uagb-advanced-heading uagb-block-6963d70c\"><h2 class=\"uagb-heading-text\"><strong>Pot\u0159ebujete technickou podporu?<\/strong><\/h2><\/div>\n\n<div class=\"wp-block-uagb-advanced-heading uagb-block-408243eb\"><p class=\"uagb-heading-text\">Okam\u017eit\u011b vy\u0159e\u0161te sv\u016fj probl\u00e9m prost\u0159ednictv\u00edm na\u0161eho AI chatu. Pokud nebude vy\u0159e\u0161en, za\u0161lete \u017e\u00e1dost prost\u0159ednictv\u00edm Technick\u00e9ho podp\u016frn\u00e9ho centra a my v\u00e1s co nejd\u0159\u00edve kontaktujeme, abychom poskytli nejlep\u0161\u00ed \u0159e\u0161en\u00ed.<\/p><\/div>\n\n<div class=\"wp-block-uagb-info-box uagb-block-12e3cf1c uagb-infobox__content-wrap  uagb-infobox-icon-left uagb-infobox-left uagb-infobox-image-valign-top wp-block-uagb-info-box--has-margin ai-chatbot-button\"><div class=\"uagb-infobox-margin-wrapper\"><div class=\"uagb-ifb-image-content\"><img decoding=\"async\" src=\"https:\/\/v2charge.com\/wp-content\/uploads\/2026\/01\/support-ai-chatbot.png\" alt=\"\" width=\"20\" height=\"19\" loading=\"lazy\"\/><\/div><div class=\"uagb-ifb-content\"><div class=\"uagb-ifb-title-wrap\"><\/div><div class=\"uagb-ifb-button-wrapper wp-block-button\"><a href=\"https:\/\/v2charge.com\/v2c-support-web\/\" class=\"uagb-infobox-cta-link wp-block-button__link\" target=\"_blank\" rel=\"noopener noreferrer\" onclick=\"return true;\"><span class=\"uagb-inline-editing\">Zeptejte se na\u0161eho AI chatu<\/span><\/a><\/div><\/div><\/div><\/div>\n\n\n<div class=\"wp-block-uagb-buttons uagb-buttons__outer-wrap uagb-btn__default-btn uagb-btn-tablet__default-btn uagb-btn-mobile__default-btn uagb-block-ba1e67d1\"><div class=\"uagb-buttons__wrap uagb-buttons-layout-wrap \"><div class=\"wp-block-uagb-buttons-child uagb-buttons__outer-wrap uagb-block-23cfb623 wp-block-button\"><div class=\"uagb-button__wrapper\"><a class=\"uagb-buttons-repeater wp-block-button__link\" aria-label=\"\" href=\"https:\/\/v2charge.atlassian.net\/servicedesk\/customer\/portal\/3\" rel=\"follow noopener\" target=\"_blank\" role=\"button\"><div class=\"uagb-button__link\">Kontaktujte technickou podporu<\/div><\/a><\/div><\/div><\/div><\/div>\n<\/div><\/div>\n","protected":false},"excerpt":{"rendered":"<p>Indikace barev LED loga Logo V2C na p\u0159edn\u00ed stran\u011b e-Charger se rozsv\u011bcuje podle stavu nab\u00edjen\u00ed. Barva osv\u011btlen\u00ed a jej\u00ed v\u00fdznam jsou uvedeny n\u00ed\u017ee: B\u00edl\u00e1: vozidlo nen\u00ed p\u0159ipojeno. B\u00edl\u00e9 blik\u00e1n\u00ed: prob\u00edh\u00e1 rutina p\u0159ipojen\u00ed nebo op\u011btovn\u00e9ho p\u0159ipojen\u00ed k WiFi. Jin\u00fdmi slovy, p\u0159ipojen\u00ed p\u0159es WiFi je zpracov\u00e1v\u00e1no. Tmav\u011b modr\u00e9 blik\u00e1n\u00ed: vozidlo se nab\u00edj\u00ed. Rychlost blik\u00e1n\u00ed je p\u0159\u00edmo \u00fam\u011brn\u00e1 &#8230; <a title=\"Indikace barev LED na logu\" class=\"read-more\" href=\"https:\/\/v2charge.com\/cs\/podpora-trydan-cs-1777116621\/pokyny-pro-barvy-led-loga\/\" aria-label=\"Read more about Indikace barev LED na logu\">\u010c\u00edst d\u00e1l<\/a><\/p>\n","protected":false},"author":400,"featured_media":170354,"parent":318299,"menu_order":0,"comment_status":"closed","ping_status":"closed","template":"","meta":{"_eb_attr":"","content-type":"","_uag_custom_page_level_css":"","footnotes":""},"class_list":["post-318360","page","type-page","status-publish","has-post-thumbnail"],"yoast_head":"<!-- This site is optimized with the Yoast SEO plugin v25.3.1 - https:\/\/yoast.com\/wordpress\/plugins\/seo\/ -->\n<title>Pokyny pro LED barvy loga - Trydan<\/title>\n<meta name=\"description\" content=\"Logo V2C um\u00edst\u011bn\u00e9 na p\u0159edn\u00ed stran\u011b Trydan se osv\u011btluje podle stavu nab\u00edjen\u00ed. Poznejte r\u016fzn\u00e9 v\u00fdznamy.\" \/>\n<meta name=\"robots\" content=\"index, follow, max-snippet:-1, max-image-preview:large, max-video-preview:-1\" \/>\n<link rel=\"canonical\" href=\"https:\/\/v2charge.com\/cs\/podpora-trydan-cs-1777116621\/pokyny-pro-barvy-led-loga\/\" \/>\n<meta property=\"og:locale\" content=\"cs_CZ\" \/>\n<meta property=\"og:type\" content=\"article\" \/>\n<meta property=\"og:title\" content=\"Pokyny pro LED barvy loga - Trydan\" \/>\n<meta property=\"og:description\" content=\"Logo V2C um\u00edst\u011bn\u00e9 na p\u0159edn\u00ed stran\u011b Trydan se osv\u011btluje podle stavu nab\u00edjen\u00ed. Poznejte r\u016fzn\u00e9 v\u00fdznamy.\" \/>\n<meta property=\"og:url\" content=\"https:\/\/v2charge.com\/cs\/podpora-trydan-cs-1777116621\/pokyny-pro-barvy-led-loga\/\" \/>\n<meta property=\"og:site_name\" content=\"V2C\" \/>\n<meta property=\"article:publisher\" content=\"https:\/\/www.facebook.com\/V2C.Charge\" \/>\n<meta property=\"article:modified_time\" content=\"2026-04-25T16:21:25+00:00\" \/>\n<meta property=\"og:image\" content=\"https:\/\/v2charge.com\/wp-content\/uploads\/2024\/07\/v2c-electric-chargers.jpg\" \/>\n\t<meta property=\"og:image:width\" content=\"1200\" \/>\n\t<meta property=\"og:image:height\" content=\"675\" \/>\n\t<meta property=\"og:image:type\" content=\"image\/jpeg\" \/>\n<meta name=\"twitter:card\" content=\"summary_large_image\" \/>\n<meta name=\"twitter:site\" content=\"@V2C_Charge\" \/>\n<meta name=\"twitter:label1\" content=\"Odhadovan\u00e1 doba \u010dten\u00ed\" \/>\n\t<meta name=\"twitter:data1\" content=\"4 minuty\" \/>\n<script type=\"application\/ld+json\" class=\"yoast-schema-graph\">{\"@context\":\"https:\/\/schema.org\",\"@graph\":[{\"@type\":\"WebPage\",\"@id\":\"https:\/\/v2charge.com\/cs\/podpora-trydan-cs-1777116621\/pokyny-pro-barvy-led-loga\/\",\"url\":\"https:\/\/v2charge.com\/cs\/podpora-trydan-cs-1777116621\/pokyny-pro-barvy-led-loga\/\",\"name\":\"Pokyny pro LED barvy loga - Trydan\",\"isPartOf\":{\"@id\":\"https:\/\/v2charge.com\/cs\/#website\"},\"primaryImageOfPage\":{\"@id\":\"https:\/\/v2charge.com\/cs\/podpora-trydan-cs-1777116621\/pokyny-pro-barvy-led-loga\/#primaryimage\"},\"image\":{\"@id\":\"https:\/\/v2charge.com\/cs\/podpora-trydan-cs-1777116621\/pokyny-pro-barvy-led-loga\/#primaryimage\"},\"thumbnailUrl\":\"https:\/\/v2charge.com\/wp-content\/uploads\/2024\/07\/v2c-electric-chargers.jpg\",\"datePublished\":\"2023-07-18T14:22:35+00:00\",\"dateModified\":\"2026-04-25T16:21:25+00:00\",\"description\":\"Logo V2C um\u00edst\u011bn\u00e9 na p\u0159edn\u00ed stran\u011b Trydan se osv\u011btluje podle stavu nab\u00edjen\u00ed. Poznejte r\u016fzn\u00e9 v\u00fdznamy.\",\"breadcrumb\":{\"@id\":\"https:\/\/v2charge.com\/cs\/podpora-trydan-cs-1777116621\/pokyny-pro-barvy-led-loga\/#breadcrumb\"},\"inLanguage\":\"cs\",\"potentialAction\":[{\"@type\":\"ReadAction\",\"target\":[\"https:\/\/v2charge.com\/cs\/podpora-trydan-cs-1777116621\/pokyny-pro-barvy-led-loga\/\"]}]},{\"@type\":\"ImageObject\",\"inLanguage\":\"cs\",\"@id\":\"https:\/\/v2charge.com\/cs\/podpora-trydan-cs-1777116621\/pokyny-pro-barvy-led-loga\/#primaryimage\",\"url\":\"https:\/\/v2charge.com\/wp-content\/uploads\/2024\/07\/v2c-electric-chargers.jpg\",\"contentUrl\":\"https:\/\/v2charge.com\/wp-content\/uploads\/2024\/07\/v2c-electric-chargers.jpg\",\"width\":1200,\"height\":675,\"caption\":\"V2C Electric Chargers\"},{\"@type\":\"BreadcrumbList\",\"@id\":\"https:\/\/v2charge.com\/cs\/podpora-trydan-cs-1777116621\/pokyny-pro-barvy-led-loga\/#breadcrumb\",\"itemListElement\":[{\"@type\":\"ListItem\",\"position\":1,\"name\":\"V2C\",\"item\":\"https:\/\/v2charge.com\/cs\/\"},{\"@type\":\"ListItem\",\"position\":2,\"name\":\"Soporte para Trydan\",\"item\":\"https:\/\/v2charge.com\/cs\/podpora-trydan-cs-1777116621\/\"},{\"@type\":\"ListItem\",\"position\":3,\"name\":\"Pokyny pro barvy LED loga\"}]},{\"@type\":\"WebSite\",\"@id\":\"https:\/\/v2charge.com\/cs\/#website\",\"url\":\"https:\/\/v2charge.com\/cs\/\",\"name\":\"V2C\",\"description\":\"#CargandoElMa\u00f1ana\",\"publisher\":{\"@id\":\"https:\/\/v2charge.com\/cs\/#organization\"},\"potentialAction\":[{\"@type\":\"SearchAction\",\"target\":{\"@type\":\"EntryPoint\",\"urlTemplate\":\"https:\/\/v2charge.com\/cs\/?s={search_term_string}\"},\"query-input\":{\"@type\":\"PropertyValueSpecification\",\"valueRequired\":true,\"valueName\":\"search_term_string\"}}],\"inLanguage\":\"cs\"},{\"@type\":\"Organization\",\"@id\":\"https:\/\/v2charge.com\/cs\/#organization\",\"name\":\"V2C\",\"url\":\"https:\/\/v2charge.com\/cs\/\",\"logo\":{\"@type\":\"ImageObject\",\"inLanguage\":\"cs\",\"@id\":\"https:\/\/v2charge.com\/cs\/#\/schema\/logo\/image\/\",\"url\":\"https:\/\/v2charge.com\/wp-content\/uploads\/2024\/11\/cropped-v2c-charge-logo-menu.png\",\"contentUrl\":\"https:\/\/v2charge.com\/wp-content\/uploads\/2024\/11\/cropped-v2c-charge-logo-menu.png\",\"width\":984,\"height\":431,\"caption\":\"V2C\"},\"image\":{\"@id\":\"https:\/\/v2charge.com\/cs\/#\/schema\/logo\/image\/\"},\"sameAs\":[\"https:\/\/www.facebook.com\/V2C.Charge\",\"https:\/\/x.com\/V2C_Charge\",\"https:\/\/www.instagram.com\/v2c.charge\/\",\"https:\/\/www.youtube.com\/@V2C\",\"https:\/\/www.linkedin.com\/company\/v2c-chargers\/\"]}]}<\/script>\n<!-- \/ Yoast SEO plugin. -->","yoast_head_json":{"title":"Pokyny pro LED barvy loga - Trydan","description":"Logo V2C um\u00edst\u011bn\u00e9 na p\u0159edn\u00ed stran\u011b Trydan se osv\u011btluje podle stavu nab\u00edjen\u00ed. Poznejte r\u016fzn\u00e9 v\u00fdznamy.","robots":{"index":"index","follow":"follow","max-snippet":"max-snippet:-1","max-image-preview":"max-image-preview:large","max-video-preview":"max-video-preview:-1"},"canonical":"https:\/\/v2charge.com\/cs\/podpora-trydan-cs-1777116621\/pokyny-pro-barvy-led-loga\/","og_locale":"cs_CZ","og_type":"article","og_title":"Pokyny pro LED barvy loga - Trydan","og_description":"Logo V2C um\u00edst\u011bn\u00e9 na p\u0159edn\u00ed stran\u011b Trydan se osv\u011btluje podle stavu nab\u00edjen\u00ed. Poznejte r\u016fzn\u00e9 v\u00fdznamy.","og_url":"https:\/\/v2charge.com\/cs\/podpora-trydan-cs-1777116621\/pokyny-pro-barvy-led-loga\/","og_site_name":"V2C","article_publisher":"https:\/\/www.facebook.com\/V2C.Charge","article_modified_time":"2026-04-25T16:21:25+00:00","og_image":[{"width":1200,"height":675,"url":"https:\/\/v2charge.com\/wp-content\/uploads\/2024\/07\/v2c-electric-chargers.jpg","type":"image\/jpeg"}],"twitter_card":"summary_large_image","twitter_site":"@V2C_Charge","twitter_misc":{"Odhadovan\u00e1 doba \u010dten\u00ed":"4 minuty"},"schema":{"@context":"https:\/\/schema.org","@graph":[{"@type":"WebPage","@id":"https:\/\/v2charge.com\/cs\/podpora-trydan-cs-1777116621\/pokyny-pro-barvy-led-loga\/","url":"https:\/\/v2charge.com\/cs\/podpora-trydan-cs-1777116621\/pokyny-pro-barvy-led-loga\/","name":"Pokyny pro LED barvy loga - Trydan","isPartOf":{"@id":"https:\/\/v2charge.com\/cs\/#website"},"primaryImageOfPage":{"@id":"https:\/\/v2charge.com\/cs\/podpora-trydan-cs-1777116621\/pokyny-pro-barvy-led-loga\/#primaryimage"},"image":{"@id":"https:\/\/v2charge.com\/cs\/podpora-trydan-cs-1777116621\/pokyny-pro-barvy-led-loga\/#primaryimage"},"thumbnailUrl":"https:\/\/v2charge.com\/wp-content\/uploads\/2024\/07\/v2c-electric-chargers.jpg","datePublished":"2023-07-18T14:22:35+00:00","dateModified":"2026-04-25T16:21:25+00:00","description":"Logo V2C um\u00edst\u011bn\u00e9 na p\u0159edn\u00ed stran\u011b Trydan se osv\u011btluje podle stavu nab\u00edjen\u00ed. Poznejte r\u016fzn\u00e9 v\u00fdznamy.","breadcrumb":{"@id":"https:\/\/v2charge.com\/cs\/podpora-trydan-cs-1777116621\/pokyny-pro-barvy-led-loga\/#breadcrumb"},"inLanguage":"cs","potentialAction":[{"@type":"ReadAction","target":["https:\/\/v2charge.com\/cs\/podpora-trydan-cs-1777116621\/pokyny-pro-barvy-led-loga\/"]}]},{"@type":"ImageObject","inLanguage":"cs","@id":"https:\/\/v2charge.com\/cs\/podpora-trydan-cs-1777116621\/pokyny-pro-barvy-led-loga\/#primaryimage","url":"https:\/\/v2charge.com\/wp-content\/uploads\/2024\/07\/v2c-electric-chargers.jpg","contentUrl":"https:\/\/v2charge.com\/wp-content\/uploads\/2024\/07\/v2c-electric-chargers.jpg","width":1200,"height":675,"caption":"V2C Electric Chargers"},{"@type":"BreadcrumbList","@id":"https:\/\/v2charge.com\/cs\/podpora-trydan-cs-1777116621\/pokyny-pro-barvy-led-loga\/#breadcrumb","itemListElement":[{"@type":"ListItem","position":1,"name":"V2C","item":"https:\/\/v2charge.com\/cs\/"},{"@type":"ListItem","position":2,"name":"Soporte para Trydan","item":"https:\/\/v2charge.com\/cs\/podpora-trydan-cs-1777116621\/"},{"@type":"ListItem","position":3,"name":"Pokyny pro barvy LED loga"}]},{"@type":"WebSite","@id":"https:\/\/v2charge.com\/cs\/#website","url":"https:\/\/v2charge.com\/cs\/","name":"V2C","description":"#CargandoElMa\u00f1ana","publisher":{"@id":"https:\/\/v2charge.com\/cs\/#organization"},"potentialAction":[{"@type":"SearchAction","target":{"@type":"EntryPoint","urlTemplate":"https:\/\/v2charge.com\/cs\/?s={search_term_string}"},"query-input":{"@type":"PropertyValueSpecification","valueRequired":true,"valueName":"search_term_string"}}],"inLanguage":"cs"},{"@type":"Organization","@id":"https:\/\/v2charge.com\/cs\/#organization","name":"V2C","url":"https:\/\/v2charge.com\/cs\/","logo":{"@type":"ImageObject","inLanguage":"cs","@id":"https:\/\/v2charge.com\/cs\/#\/schema\/logo\/image\/","url":"https:\/\/v2charge.com\/wp-content\/uploads\/2024\/11\/cropped-v2c-charge-logo-menu.png","contentUrl":"https:\/\/v2charge.com\/wp-content\/uploads\/2024\/11\/cropped-v2c-charge-logo-menu.png","width":984,"height":431,"caption":"V2C"},"image":{"@id":"https:\/\/v2charge.com\/cs\/#\/schema\/logo\/image\/"},"sameAs":["https:\/\/www.facebook.com\/V2C.Charge","https:\/\/x.com\/V2C_Charge","https:\/\/www.instagram.com\/v2c.charge\/","https:\/\/www.youtube.com\/@V2C","https:\/\/www.linkedin.com\/company\/v2c-chargers\/"]}]}},"uagb_featured_image_src":{"full":["https:\/\/v2charge.com\/wp-content\/uploads\/2024\/07\/v2c-electric-chargers.jpg",1200,675,false],"thumbnail":["https:\/\/v2charge.com\/wp-content\/uploads\/2024\/07\/v2c-electric-chargers-150x150.jpg",150,150,true],"medium":["https:\/\/v2charge.com\/wp-content\/uploads\/2024\/07\/v2c-electric-chargers-300x169.jpg",300,169,true],"medium_large":["https:\/\/v2charge.com\/wp-content\/uploads\/2024\/07\/v2c-electric-chargers-768x432.jpg",768,432,true],"large":["https:\/\/v2charge.com\/wp-content\/uploads\/2024\/07\/v2c-electric-chargers-1024x576.jpg",1024,576,true],"gs-tiny":["https:\/\/v2charge.com\/wp-content\/uploads\/2024\/07\/v2c-electric-chargers.jpg",50,28,false],"xl":["https:\/\/v2charge.com\/wp-content\/uploads\/2024\/07\/v2c-electric-chargers.jpg",1200,675,false],"xxl":["https:\/\/v2charge.com\/wp-content\/uploads\/2024\/07\/v2c-electric-chargers.jpg",1200,675,false],"xxxl":["https:\/\/v2charge.com\/wp-content\/uploads\/2024\/07\/v2c-electric-chargers.jpg",1200,675,false],"xxxxl":["https:\/\/v2charge.com\/wp-content\/uploads\/2024\/07\/v2c-electric-chargers.jpg",1200,675,false],"xxxxxl":["https:\/\/v2charge.com\/wp-content\/uploads\/2024\/07\/v2c-electric-chargers.jpg",1200,675,false],"1536x1536":["https:\/\/v2charge.com\/wp-content\/uploads\/2024\/07\/v2c-electric-chargers.jpg",1200,675,false],"2048x2048":["https:\/\/v2charge.com\/wp-content\/uploads\/2024\/07\/v2c-electric-chargers.jpg",1200,675,false]},"uagb_author_info":{"display_name":"V2C","author_link":"https:\/\/v2charge.com\/cs\/author\/marketing\/"},"uagb_comment_info":0,"uagb_excerpt":"Indikace barev LED loga Logo V2C na p\u0159edn\u00ed stran\u011b e-Charger se rozsv\u011bcuje podle stavu nab\u00edjen\u00ed. Barva osv\u011btlen\u00ed a jej\u00ed v\u00fdznam jsou uvedeny n\u00ed\u017ee: B\u00edl\u00e1: vozidlo nen\u00ed p\u0159ipojeno. B\u00edl\u00e9 blik\u00e1n\u00ed: prob\u00edh\u00e1 rutina p\u0159ipojen\u00ed nebo op\u011btovn\u00e9ho p\u0159ipojen\u00ed k WiFi. Jin\u00fdmi slovy, p\u0159ipojen\u00ed p\u0159es WiFi je zpracov\u00e1v\u00e1no. Tmav\u011b modr\u00e9 blik\u00e1n\u00ed: vozidlo se nab\u00edj\u00ed. Rychlost blik\u00e1n\u00ed je p\u0159\u00edmo \u00fam\u011brn\u00e1&hellip;","_links":{"self":[{"href":"https:\/\/v2charge.com\/cs\/wp-json\/wp\/v2\/pages\/318360","targetHints":{"allow":["GET"]}}],"collection":[{"href":"https:\/\/v2charge.com\/cs\/wp-json\/wp\/v2\/pages"}],"about":[{"href":"https:\/\/v2charge.com\/cs\/wp-json\/wp\/v2\/types\/page"}],"author":[{"embeddable":true,"href":"https:\/\/v2charge.com\/cs\/wp-json\/wp\/v2\/users\/400"}],"replies":[{"embeddable":true,"href":"https:\/\/v2charge.com\/cs\/wp-json\/wp\/v2\/comments?post=318360"}],"version-history":[{"count":0,"href":"https:\/\/v2charge.com\/cs\/wp-json\/wp\/v2\/pages\/318360\/revisions"}],"up":[{"embeddable":true,"href":"https:\/\/v2charge.com\/cs\/wp-json\/wp\/v2\/pages\/318299"}],"wp:featuredmedia":[{"embeddable":true,"href":"https:\/\/v2charge.com\/cs\/wp-json\/wp\/v2\/media\/170354"}],"wp:attachment":[{"href":"https:\/\/v2charge.com\/cs\/wp-json\/wp\/v2\/media?parent=318360"}],"curies":[{"name":"wp","href":"https:\/\/api.w.org\/{rel}","templated":true}]}}