{"id":318362,"date":"2023-08-08T15:09:10","date_gmt":"2023-08-08T15:09:10","guid":{"rendered":""},"modified":"2025-01-16T17:30:24","modified_gmt":"2025-01-16T15:30:24","slug":"chyby-p-epinani-dynamicke-kontroly-v-konu-v-trydan","status":"publish","type":"page","link":"https:\/\/v2charge.com\/cs\/chyby-p-epinani-dynamicke-kontroly-v-konu-v-trydan\/","title":{"rendered":"Chyby p\u0159ep\u00edn\u00e1n\u00ed dynamick\u00e9 kontroly v\u00fdkonu v Trydan"},"content":{"rendered":"<p>Pokud je aktivov\u00e1na Dynamick\u00e1 kontrola v\u00fdkonu na nab\u00edjec\u00edm bod\u011b Trydan a dojde k chyb\u011b, displej nab\u00edje\u010dky zobraz\u00ed k\u00f3d odpov\u00eddaj\u00edc\u00ed chyb\u011b (tato ozn\u00e1men\u00ed se objevuj\u00ed pouze od verze 1.6.18. a v\u00fd\u0161e).<\/p>\n\n<p>D\u016eLE\u017dIT\u00c1 POZN\u00c1MKA: tyto chyby nejsou provozn\u00edmi chybami, pokud nen\u00ed nab\u00edjec\u00ed m\u00edsto spr\u00e1vn\u011b p\u0159ipojeno k m\u011b\u0159i\u010di, bude nab\u00edjet minim\u00e1ln\u00edm v\u00fdkonem.<\/p>\n\n<p>Prvn\u00ed \u010d\u00edslo je dvoucifern\u00e9 \u010d\u00edslo a ozna\u010duje otroka, kter\u00e9ho pou\u017e\u00edv\u00e1me. Bude u\u017eite\u010dn\u00e9 zjistit, zda jsme vybrali spr\u00e1vn\u00e9ho. Pamatujte, \u017ee otrok je br\u00e1n v prvn\u00ed konfiguraci a je to m\u011b\u0159i\u010d, kter\u00fd budeme pou\u017e\u00edvat k prov\u00e1d\u011bn\u00ed funkc\u00ed.<\/p>\n\n\n<ul class=\"wp-block-list\"><li>00 &#8211; Shelly Meter<\/li>\n\n<li>01 &#8211; V2C M\u011b\u0159i\u010d Slave 2.0<\/li>\n\n<li>02 &#8211; M\u011b\u0159i\u010d Slave V2C 1.0<\/li>\n\n<li>03 &#8211; P\u0159ipojen\u00ed invertoru Huawei<\/li>\n\n<li>04 &#8211; P\u0159ipojen\u00ed k invertoru Solax<\/li>\n\n<li>05 &#8211; P\u0159ipojen\u00ed k invertoru Kostal<\/li>\n\n<li>06 &#8211; P\u0159ipojen\u00ed k invertoru Fronius<\/li>\n\n<li>07 &#8211; P\u0159ipojen\u00ed k invertoru Ingeteam<\/li>\n\n<li>08 &#8211; P\u0159ipojen\u00ed k m\u011b\u0159i\u010di Wibeee<\/li>\n\n<li>09 &#8211; P\u0159ipojen\u00ed k m\u011b\u0159i\u010di Victron<\/li>\n\n<li>10 &#8211; P\u0159ipojen\u00ed k invertoru SolarEdge<\/li>\n\n<li>11 &#8211; Pou\u017eit\u00ed protokolu MQTT<\/li>\n\n<li>12 &#8211; P\u0159ipojen\u00ed invertoru Goodwe<\/li>\n\n<li>13 &#8211; P\u0159ipojen\u00ed k invertoru SAJ \/ GreenHeiss<\/li>\n\n<li>14 &#8211; P\u0159ipojen\u00ed invertoru Solis<\/li>\n\n<li>15 &#8211; P\u0159ipojen\u00ed k m\u011b\u0159i\u010di Chint DDSU666<\/li>\n\n<li>16 &#8211; P\u0159ipojen\u00ed m\u011b\u0159i\u010de Eastron<\/li>\n\n<li>17 &#8211; P\u0159ipojen\u00ed k m\u011b\u0159i\u010di Phoneix Contact<\/li>\n\n<li>18 &#8211; P\u0159ipojen\u00ed m\u011b\u0159i\u010de Carlo Gavazzi<\/li>\n\n<li>19 &#8211; P\u0159ipojen\u00ed k m\u011b\u0159i\u010di SMA<\/li>\n\n<li>20 &#8211; P\u0159ipojen\u00ed k invertoru Deye \/ Turbo Energy<\/li>\n\n<li>21 &#8211; P\u0159ipojen\u00ed k invertoru ENPHASE<\/li>\n\n<li>22 &#8211; P\u0159ipojen\u00ed k Wifi m\u011b\u0159i\u010di P1 Meter<\/li><\/ul>\n\n\n\n<p><\/p>\n\n\n<p><strong>POKUD SE ZOBRAZUJE CHYBA P\u0158IPOJEN\u00cd, ZNAMEN\u00c1 TO, \u017dE KABEL JE NESPR\u00c1VN\u011a P\u0158IPOJEN. NEZ\u00cdSK\u00c1V\u00c1ME \u017d\u00c1DN\u00c9 INFORMACE.<\/strong><\/p>\n\n<p>Po \u010d\u00edsle uveden\u00e9m v\u00fd\u0161e n\u00e1sleduj\u00ed 3 dal\u0161\u00ed \u010d\u00edslice. Jejich v\u00fdznam je vysv\u011btlen n\u00ed\u017ee:<\/p>\n\n\n<ul class=\"wp-block-list\"><li>001 &#8211; Chyba pouze pro za\u0159\u00edzen\u00ed Goodwe s protokolem UDP.<\/li>\n\n<li>002 &#8211; Chyba pouze na otroc\u00edch 1 a 2: r\u00e1mce p\u0159ich\u00e1zej\u00ed po\u0161kozen\u00e9. Mo\u017en\u00e1 selh\u00e1n\u00ed otrock\u00e9ho m\u011b\u0159i\u010de. \u0160um v sign\u00e1lu.<\/li>\n\n<li>004 &#8211; Sna\u017e\u00ed se znovu p\u0159ipojit k WiFi a slave pou\u017e\u00edv\u00e1 tuto WiFi technologii k p\u0159ipojen\u00ed.<\/li>\n\n<li>005 &#8211; RTU dr\u00e1tov\u00fd otrok nereaguje.<\/li>\n\n<li>006 &#8211; HTTP po\u017eadavek byl proveden a p\u0159ipojen\u00ed selhalo (Shelly, Solax, Kostal Piko, Enphase, P1 Meter, SAJ [Solar Data], Wibeee). Nepoda\u0159ilo se p\u0159ipojit k Modbus TCP serveru (Huawei, Kostal Plenticore, Fronius, Ingeteam, SMA Sunny, SolarEdge, Victron).<\/li>\n\n<li>007 &#8211; Automatick\u00e9 vyhled\u00e1v\u00e1n\u00ed Shelly nenalezlo \u017e\u00e1dn\u00e9 za\u0159\u00edzen\u00ed (doporu\u010duje se uv\u00e9st pevnou IP adresu Shelly v nab\u00edje\u010dce Trydan).<\/li>\n\n<li>008 &#8211; Byla vybr\u00e1na slave za\u0159\u00edzen\u00ed s WiFi a Trydan se nikdy nep\u0159ipojil k nakonfigurovan\u00e9 WiFi s\u00edti.<\/li>\n\n<li>009 &#8211; Bylo p\u0159ijato \u010dasov\u00e9 omezen\u00ed po\u017eadavku na otroka.<\/li>\n\n<li>010 &#8211; Data je p\u0159ijata z klemp\u00ed\u0159e, kter\u00fd nen\u00ed p\u0159ipojen na kan\u00e1l, kter\u00fd je vy\u017eadov\u00e1n (Mono + PV klemp\u00ed\u0159 1 nebo 4, T\u0159\u00edf\u00e1zov\u00fd klemp\u00ed\u0159 1, 2 nebo 3).<\/li><\/ul>\n\n\n\n<p><\/p>\n\n\n<p>Pokud je chybov\u00fd k\u00f3d v\u011bt\u0161\u00ed ne\u017e 11, jedn\u00e1 se o chyby typizovan\u00e9 v protokolu MODBUS RTU nebo TCP. Pouze pro specializovan\u00fd person\u00e1l.<\/p>\n\n\n<ul class=\"wp-block-list\"><li>021 &#8211; NELEG\u00c1RN\u00cd_FUNKCE&nbsp;<\/li>\n\n<li>022 &#8211; NELEG\u00c1RN\u00cd_ADRESA_DAT&nbsp;&nbsp;<\/li>\n\n<li>023 &#8211; NELEG\u00c1RN\u00cd_HODNOTA_DAT&nbsp;&nbsp;<\/li>\n\n<li>024 &#8211; SELH\u00c1N\u00cd ZA\u0158\u00cdZEN\u00cd SERVERU<\/li>\n\n<li>025 &#8211; POTVRDIT&nbsp;<\/li>\n\n<li>026 &#8211; SERVER_DEVICE_BUSY&nbsp;<\/li>\n\n<li>027 &#8211; NEGATIVN\u00cd_POTVRZEN\u00cd&nbsp;&nbsp;&nbsp;<\/li>\n\n<li>028 &#8211; CHYBA_PARITY_VZPOM\u00cdNKY&nbsp;<\/li>\n\n<li>030 &#8211; GATEWAY_PATH_UNAVAIL&nbsp;<\/li>\n\n<li>031 &#8211; GATEWAY_TARGET_NO_RESP <\/li>\n\n<li>032 &#8211; SERVER_RTU_NE\u010cINN\u00dd&nbsp;<\/li>\n\n<li>244 &#8211; \u010cASOV\u00dd LIMIT<\/li>\n\n<li>245 &#8211; NEPLATN\u00dd_SERVER<\/li>\n\n<li>246 &#8211; CRC_CHYBA&nbsp;&nbsp;&nbsp;&nbsp;&nbsp;&nbsp;&nbsp;&nbsp;&nbsp;&nbsp;&nbsp;&nbsp;&nbsp; <\/li>\n\n<li>247 &#8211; FC_NESOUHLAS<\/li>\n\n<li>248 &#8211; SERVER_ID_MISMATCH&nbsp;&nbsp;&nbsp;<\/li>\n\n<li>249 &#8211; CHYBA_D\u00c9LKY_BLOKU&nbsp;&nbsp;&nbsp;<\/li>\n\n<li>250 &#8211; PARAMETER_COUNT_ERROR&nbsp; <\/li>\n\n<li>251 &#8211; PARAMETER_LIMIT_ERROR&nbsp; <\/li>\n\n<li>252 &#8211; FRONTY_PO\u017dADAVK\u016e_PLN\u00c1&nbsp;&nbsp;&nbsp;<\/li>\n\n<li>253&nbsp;&#8211; NELEG\u00c1LN\u00cd_IP_NEBO_PORT&nbsp;&nbsp;&nbsp;&nbsp; <\/li>\n\n<li>254 &#8211; IP_PO\u010c\u00cdTA\u010c_NEP\u0158IPOJEN&nbsp;&nbsp; <\/li>\n\n<li>255 &#8211; TCP_HEAD_MISMATCH&nbsp;&nbsp;&nbsp;&nbsp;&nbsp; <\/li>\n\n<li>256 &#8211; PR\u00c1ZDN\u00c1_ZPR\u00c1VA&nbsp;<\/li>\n\n<li>275 &#8211; NEUR\u010cEN\u00c1_CHYBA&nbsp;&nbsp;&nbsp;&nbsp;&nbsp;&nbsp;&nbsp;  <\/li><\/ul>\n\n\n\n<p><\/p>\n","protected":false},"excerpt":{"rendered":"<p>Pokud je aktivov\u00e1na Dynamick\u00e1 kontrola v\u00fdkonu na nab\u00edjec\u00edm bod\u011b Trydan a dojde k chyb\u011b, displej nab\u00edje\u010dky zobraz\u00ed k\u00f3d odpov\u00eddaj\u00edc\u00ed chyb\u011b (tato ozn\u00e1men\u00ed se objevuj\u00ed pouze od verze 1.6.18. a v\u00fd\u0161e). D\u016eLE\u017dIT\u00c1 POZN\u00c1MKA: tyto chyby nejsou provozn\u00edmi chybami, pokud nen\u00ed nab\u00edjec\u00ed m\u00edsto spr\u00e1vn\u011b p\u0159ipojeno k m\u011b\u0159i\u010di, bude nab\u00edjet minim\u00e1ln\u00edm v\u00fdkonem. Prvn\u00ed \u010d\u00edslo je dvoucifern\u00e9 \u010d\u00edslo a &#8230; <a title=\"Chyby p\u0159ep\u00edn\u00e1n\u00ed dynamick\u00e9 kontroly v\u00fdkonu v Trydan\" class=\"read-more\" href=\"https:\/\/v2charge.com\/cs\/chyby-p-epinani-dynamicke-kontroly-v-konu-v-trydan\/\" aria-label=\"Read more about Chyby p\u0159ep\u00edn\u00e1n\u00ed dynamick\u00e9 kontroly v\u00fdkonu v Trydan\">\u010c\u00edst d\u00e1l<\/a><\/p>\n","protected":false},"author":1,"featured_media":170346,"parent":0,"menu_order":0,"comment_status":"closed","ping_status":"closed","template":"","meta":{"_eb_attr":"","content-type":"","_uag_custom_page_level_css":"","footnotes":""},"class_list":["post-318362","page","type-page","status-publish","has-post-thumbnail"],"yoast_head":"<!-- This site is optimized with the Yoast SEO plugin v25.3.1 - https:\/\/yoast.com\/wordpress\/plugins\/seo\/ -->\n<title>Chyby Trydan s Dynamickou Kontrolou V\u00fdkonu | V2C<\/title>\n<meta name=\"description\" content=\"Identifikujte r\u016fzn\u00e9 mo\u017en\u00e9 chyby p\u0159ipojen\u00ed Trydan s dynamickou kontrolou v\u00fdkonu, abyste na\u0161li \u0159e\u0161en\u00ed.\" \/>\n<meta name=\"robots\" content=\"index, follow, max-snippet:-1, max-image-preview:large, max-video-preview:-1\" \/>\n<link rel=\"canonical\" href=\"https:\/\/v2charge.com\/cs\/chyby-p-epinani-dynamicke-kontroly-v-konu-v-trydan\/\" \/>\n<meta property=\"og:locale\" content=\"cs_CZ\" \/>\n<meta property=\"og:type\" content=\"article\" \/>\n<meta property=\"og:title\" content=\"Chyby Trydan s Dynamickou Kontrolou V\u00fdkonu | V2C\" \/>\n<meta property=\"og:description\" content=\"Identifikujte r\u016fzn\u00e9 mo\u017en\u00e9 chyby p\u0159ipojen\u00ed Trydan s dynamickou kontrolou v\u00fdkonu, abyste na\u0161li \u0159e\u0161en\u00ed.\" \/>\n<meta property=\"og:url\" content=\"https:\/\/v2charge.com\/cs\/chyby-p-epinani-dynamicke-kontroly-v-konu-v-trydan\/\" \/>\n<meta property=\"og:site_name\" content=\"V2C\" \/>\n<meta property=\"article:publisher\" content=\"https:\/\/www.facebook.com\/V2C.Charge\" \/>\n<meta property=\"article:modified_time\" content=\"2025-01-16T15:30:24+00:00\" \/>\n<meta property=\"og:image\" content=\"https:\/\/v2charge.com\/wp-content\/uploads\/2024\/07\/v2c-electric-chargers.jpg\" \/>\n\t<meta property=\"og:image:width\" content=\"1200\" \/>\n\t<meta property=\"og:image:height\" content=\"675\" \/>\n\t<meta property=\"og:image:type\" content=\"image\/jpeg\" \/>\n<meta name=\"twitter:card\" content=\"summary_large_image\" \/>\n<meta name=\"twitter:site\" content=\"@V2C_Charge\" \/>\n<meta name=\"twitter:label1\" content=\"Odhadovan\u00e1 doba \u010dten\u00ed\" \/>\n\t<meta name=\"twitter:data1\" content=\"3 minuty\" \/>\n<script type=\"application\/ld+json\" class=\"yoast-schema-graph\">{\"@context\":\"https:\/\/schema.org\",\"@graph\":[{\"@type\":\"WebPage\",\"@id\":\"https:\/\/v2charge.com\/cs\/chyby-p-epinani-dynamicke-kontroly-v-konu-v-trydan\/\",\"url\":\"https:\/\/v2charge.com\/cs\/chyby-p-epinani-dynamicke-kontroly-v-konu-v-trydan\/\",\"name\":\"Chyby Trydan s Dynamickou Kontrolou V\u00fdkonu | V2C\",\"isPartOf\":{\"@id\":\"https:\/\/v2charge.com\/cs\/#website\"},\"primaryImageOfPage\":{\"@id\":\"https:\/\/v2charge.com\/cs\/chyby-p-epinani-dynamicke-kontroly-v-konu-v-trydan\/#primaryimage\"},\"image\":{\"@id\":\"https:\/\/v2charge.com\/cs\/chyby-p-epinani-dynamicke-kontroly-v-konu-v-trydan\/#primaryimage\"},\"thumbnailUrl\":\"https:\/\/v2charge.com\/wp-content\/uploads\/2024\/07\/v2c-electric-chargers.jpg\",\"datePublished\":\"2023-08-08T15:09:10+00:00\",\"dateModified\":\"2025-01-16T15:30:24+00:00\",\"description\":\"Identifikujte r\u016fzn\u00e9 mo\u017en\u00e9 chyby p\u0159ipojen\u00ed Trydan s dynamickou kontrolou v\u00fdkonu, abyste na\u0161li \u0159e\u0161en\u00ed.\",\"breadcrumb\":{\"@id\":\"https:\/\/v2charge.com\/cs\/chyby-p-epinani-dynamicke-kontroly-v-konu-v-trydan\/#breadcrumb\"},\"inLanguage\":\"cs\",\"potentialAction\":[{\"@type\":\"ReadAction\",\"target\":[\"https:\/\/v2charge.com\/cs\/chyby-p-epinani-dynamicke-kontroly-v-konu-v-trydan\/\"]}]},{\"@type\":\"ImageObject\",\"inLanguage\":\"cs\",\"@id\":\"https:\/\/v2charge.com\/cs\/chyby-p-epinani-dynamicke-kontroly-v-konu-v-trydan\/#primaryimage\",\"url\":\"https:\/\/v2charge.com\/wp-content\/uploads\/2024\/07\/v2c-electric-chargers.jpg\",\"contentUrl\":\"https:\/\/v2charge.com\/wp-content\/uploads\/2024\/07\/v2c-electric-chargers.jpg\",\"width\":1200,\"height\":675,\"caption\":\"V2C Electric Chargers\"},{\"@type\":\"BreadcrumbList\",\"@id\":\"https:\/\/v2charge.com\/cs\/chyby-p-epinani-dynamicke-kontroly-v-konu-v-trydan\/#breadcrumb\",\"itemListElement\":[{\"@type\":\"ListItem\",\"position\":1,\"name\":\"V2C\",\"item\":\"https:\/\/v2charge.com\/cs\/\"},{\"@type\":\"ListItem\",\"position\":2,\"name\":\"Chyby p\u0159ep\u00edn\u00e1n\u00ed dynamick\u00e9 kontroly v\u00fdkonu v Trydan\"}]},{\"@type\":\"WebSite\",\"@id\":\"https:\/\/v2charge.com\/cs\/#website\",\"url\":\"https:\/\/v2charge.com\/cs\/\",\"name\":\"V2C\",\"description\":\"#CargandoElMa\u00f1ana\",\"publisher\":{\"@id\":\"https:\/\/v2charge.com\/cs\/#organization\"},\"potentialAction\":[{\"@type\":\"SearchAction\",\"target\":{\"@type\":\"EntryPoint\",\"urlTemplate\":\"https:\/\/v2charge.com\/cs\/?s={search_term_string}\"},\"query-input\":{\"@type\":\"PropertyValueSpecification\",\"valueRequired\":true,\"valueName\":\"search_term_string\"}}],\"inLanguage\":\"cs\"},{\"@type\":\"Organization\",\"@id\":\"https:\/\/v2charge.com\/cs\/#organization\",\"name\":\"V2C\",\"url\":\"https:\/\/v2charge.com\/cs\/\",\"logo\":{\"@type\":\"ImageObject\",\"inLanguage\":\"cs\",\"@id\":\"https:\/\/v2charge.com\/cs\/#\/schema\/logo\/image\/\",\"url\":\"https:\/\/v2charge.com\/wp-content\/uploads\/2024\/11\/cropped-v2c-charge-logo-menu.png\",\"contentUrl\":\"https:\/\/v2charge.com\/wp-content\/uploads\/2024\/11\/cropped-v2c-charge-logo-menu.png\",\"width\":984,\"height\":431,\"caption\":\"V2C\"},\"image\":{\"@id\":\"https:\/\/v2charge.com\/cs\/#\/schema\/logo\/image\/\"},\"sameAs\":[\"https:\/\/www.facebook.com\/V2C.Charge\",\"https:\/\/x.com\/V2C_Charge\",\"https:\/\/www.instagram.com\/v2c.charge\/\",\"https:\/\/www.youtube.com\/@V2C\",\"https:\/\/www.linkedin.com\/company\/v2c-chargers\/\"]}]}<\/script>\n<!-- \/ Yoast SEO plugin. -->","yoast_head_json":{"title":"Chyby Trydan s Dynamickou Kontrolou V\u00fdkonu | V2C","description":"Identifikujte r\u016fzn\u00e9 mo\u017en\u00e9 chyby p\u0159ipojen\u00ed Trydan s dynamickou kontrolou v\u00fdkonu, abyste na\u0161li \u0159e\u0161en\u00ed.","robots":{"index":"index","follow":"follow","max-snippet":"max-snippet:-1","max-image-preview":"max-image-preview:large","max-video-preview":"max-video-preview:-1"},"canonical":"https:\/\/v2charge.com\/cs\/chyby-p-epinani-dynamicke-kontroly-v-konu-v-trydan\/","og_locale":"cs_CZ","og_type":"article","og_title":"Chyby Trydan s Dynamickou Kontrolou V\u00fdkonu | V2C","og_description":"Identifikujte r\u016fzn\u00e9 mo\u017en\u00e9 chyby p\u0159ipojen\u00ed Trydan s dynamickou kontrolou v\u00fdkonu, abyste na\u0161li \u0159e\u0161en\u00ed.","og_url":"https:\/\/v2charge.com\/cs\/chyby-p-epinani-dynamicke-kontroly-v-konu-v-trydan\/","og_site_name":"V2C","article_publisher":"https:\/\/www.facebook.com\/V2C.Charge","article_modified_time":"2025-01-16T15:30:24+00:00","og_image":[{"width":1200,"height":675,"url":"https:\/\/v2charge.com\/wp-content\/uploads\/2024\/07\/v2c-electric-chargers.jpg","type":"image\/jpeg"}],"twitter_card":"summary_large_image","twitter_site":"@V2C_Charge","twitter_misc":{"Odhadovan\u00e1 doba \u010dten\u00ed":"3 minuty"},"schema":{"@context":"https:\/\/schema.org","@graph":[{"@type":"WebPage","@id":"https:\/\/v2charge.com\/cs\/chyby-p-epinani-dynamicke-kontroly-v-konu-v-trydan\/","url":"https:\/\/v2charge.com\/cs\/chyby-p-epinani-dynamicke-kontroly-v-konu-v-trydan\/","name":"Chyby Trydan s Dynamickou Kontrolou V\u00fdkonu | V2C","isPartOf":{"@id":"https:\/\/v2charge.com\/cs\/#website"},"primaryImageOfPage":{"@id":"https:\/\/v2charge.com\/cs\/chyby-p-epinani-dynamicke-kontroly-v-konu-v-trydan\/#primaryimage"},"image":{"@id":"https:\/\/v2charge.com\/cs\/chyby-p-epinani-dynamicke-kontroly-v-konu-v-trydan\/#primaryimage"},"thumbnailUrl":"https:\/\/v2charge.com\/wp-content\/uploads\/2024\/07\/v2c-electric-chargers.jpg","datePublished":"2023-08-08T15:09:10+00:00","dateModified":"2025-01-16T15:30:24+00:00","description":"Identifikujte r\u016fzn\u00e9 mo\u017en\u00e9 chyby p\u0159ipojen\u00ed Trydan s dynamickou kontrolou v\u00fdkonu, abyste na\u0161li \u0159e\u0161en\u00ed.","breadcrumb":{"@id":"https:\/\/v2charge.com\/cs\/chyby-p-epinani-dynamicke-kontroly-v-konu-v-trydan\/#breadcrumb"},"inLanguage":"cs","potentialAction":[{"@type":"ReadAction","target":["https:\/\/v2charge.com\/cs\/chyby-p-epinani-dynamicke-kontroly-v-konu-v-trydan\/"]}]},{"@type":"ImageObject","inLanguage":"cs","@id":"https:\/\/v2charge.com\/cs\/chyby-p-epinani-dynamicke-kontroly-v-konu-v-trydan\/#primaryimage","url":"https:\/\/v2charge.com\/wp-content\/uploads\/2024\/07\/v2c-electric-chargers.jpg","contentUrl":"https:\/\/v2charge.com\/wp-content\/uploads\/2024\/07\/v2c-electric-chargers.jpg","width":1200,"height":675,"caption":"V2C Electric Chargers"},{"@type":"BreadcrumbList","@id":"https:\/\/v2charge.com\/cs\/chyby-p-epinani-dynamicke-kontroly-v-konu-v-trydan\/#breadcrumb","itemListElement":[{"@type":"ListItem","position":1,"name":"V2C","item":"https:\/\/v2charge.com\/cs\/"},{"@type":"ListItem","position":2,"name":"Chyby p\u0159ep\u00edn\u00e1n\u00ed dynamick\u00e9 kontroly v\u00fdkonu v Trydan"}]},{"@type":"WebSite","@id":"https:\/\/v2charge.com\/cs\/#website","url":"https:\/\/v2charge.com\/cs\/","name":"V2C","description":"#CargandoElMa\u00f1ana","publisher":{"@id":"https:\/\/v2charge.com\/cs\/#organization"},"potentialAction":[{"@type":"SearchAction","target":{"@type":"EntryPoint","urlTemplate":"https:\/\/v2charge.com\/cs\/?s={search_term_string}"},"query-input":{"@type":"PropertyValueSpecification","valueRequired":true,"valueName":"search_term_string"}}],"inLanguage":"cs"},{"@type":"Organization","@id":"https:\/\/v2charge.com\/cs\/#organization","name":"V2C","url":"https:\/\/v2charge.com\/cs\/","logo":{"@type":"ImageObject","inLanguage":"cs","@id":"https:\/\/v2charge.com\/cs\/#\/schema\/logo\/image\/","url":"https:\/\/v2charge.com\/wp-content\/uploads\/2024\/11\/cropped-v2c-charge-logo-menu.png","contentUrl":"https:\/\/v2charge.com\/wp-content\/uploads\/2024\/11\/cropped-v2c-charge-logo-menu.png","width":984,"height":431,"caption":"V2C"},"image":{"@id":"https:\/\/v2charge.com\/cs\/#\/schema\/logo\/image\/"},"sameAs":["https:\/\/www.facebook.com\/V2C.Charge","https:\/\/x.com\/V2C_Charge","https:\/\/www.instagram.com\/v2c.charge\/","https:\/\/www.youtube.com\/@V2C","https:\/\/www.linkedin.com\/company\/v2c-chargers\/"]}]}},"uagb_featured_image_src":{"full":["https:\/\/v2charge.com\/wp-content\/uploads\/2024\/07\/v2c-electric-chargers.jpg",1200,675,false],"thumbnail":["https:\/\/v2charge.com\/wp-content\/uploads\/2024\/07\/v2c-electric-chargers-150x150.jpg",150,150,true],"medium":["https:\/\/v2charge.com\/wp-content\/uploads\/2024\/07\/v2c-electric-chargers-300x169.jpg",300,169,true],"medium_large":["https:\/\/v2charge.com\/wp-content\/uploads\/2024\/07\/v2c-electric-chargers-768x432.jpg",768,432,true],"large":["https:\/\/v2charge.com\/wp-content\/uploads\/2024\/07\/v2c-electric-chargers-1024x576.jpg",1024,576,true],"gs-tiny":["https:\/\/v2charge.com\/wp-content\/uploads\/2024\/07\/v2c-electric-chargers.jpg",50,28,false],"xl":["https:\/\/v2charge.com\/wp-content\/uploads\/2024\/07\/v2c-electric-chargers.jpg",1200,675,false],"xxl":["https:\/\/v2charge.com\/wp-content\/uploads\/2024\/07\/v2c-electric-chargers.jpg",1200,675,false],"xxxl":["https:\/\/v2charge.com\/wp-content\/uploads\/2024\/07\/v2c-electric-chargers.jpg",1200,675,false],"xxxxl":["https:\/\/v2charge.com\/wp-content\/uploads\/2024\/07\/v2c-electric-chargers.jpg",1200,675,false],"xxxxxl":["https:\/\/v2charge.com\/wp-content\/uploads\/2024\/07\/v2c-electric-chargers.jpg",1200,675,false],"1536x1536":["https:\/\/v2charge.com\/wp-content\/uploads\/2024\/07\/v2c-electric-chargers.jpg",1200,675,false],"2048x2048":["https:\/\/v2charge.com\/wp-content\/uploads\/2024\/07\/v2c-electric-chargers.jpg",1200,675,false]},"uagb_author_info":{"display_name":"V2C","author_link":"https:\/\/v2charge.com\/cs\/author\/root_k4eu7ki8\/"},"uagb_comment_info":0,"uagb_excerpt":"Pokud je aktivov\u00e1na Dynamick\u00e1 kontrola v\u00fdkonu na nab\u00edjec\u00edm bod\u011b Trydan a dojde k chyb\u011b, displej nab\u00edje\u010dky zobraz\u00ed k\u00f3d odpov\u00eddaj\u00edc\u00ed chyb\u011b (tato ozn\u00e1men\u00ed se objevuj\u00ed pouze od verze 1.6.18. a v\u00fd\u0161e). D\u016eLE\u017dIT\u00c1 POZN\u00c1MKA: tyto chyby nejsou provozn\u00edmi chybami, pokud nen\u00ed nab\u00edjec\u00ed m\u00edsto spr\u00e1vn\u011b p\u0159ipojeno k m\u011b\u0159i\u010di, bude nab\u00edjet minim\u00e1ln\u00edm v\u00fdkonem. Prvn\u00ed \u010d\u00edslo je dvoucifern\u00e9 \u010d\u00edslo a&hellip;","_links":{"self":[{"href":"https:\/\/v2charge.com\/cs\/wp-json\/wp\/v2\/pages\/318362","targetHints":{"allow":["GET"]}}],"collection":[{"href":"https:\/\/v2charge.com\/cs\/wp-json\/wp\/v2\/pages"}],"about":[{"href":"https:\/\/v2charge.com\/cs\/wp-json\/wp\/v2\/types\/page"}],"author":[{"embeddable":true,"href":"https:\/\/v2charge.com\/cs\/wp-json\/wp\/v2\/users\/1"}],"replies":[{"embeddable":true,"href":"https:\/\/v2charge.com\/cs\/wp-json\/wp\/v2\/comments?post=318362"}],"version-history":[{"count":0,"href":"https:\/\/v2charge.com\/cs\/wp-json\/wp\/v2\/pages\/318362\/revisions"}],"wp:featuredmedia":[{"embeddable":true,"href":"https:\/\/v2charge.com\/cs\/wp-json\/wp\/v2\/media\/170346"}],"wp:attachment":[{"href":"https:\/\/v2charge.com\/cs\/wp-json\/wp\/v2\/media?parent=318362"}],"curies":[{"name":"wp","href":"https:\/\/api.w.org\/{rel}","templated":true}]}}