{"id":318365,"date":"2023-10-27T16:08:56","date_gmt":"2023-10-27T14:08:56","guid":{"rendered":""},"modified":"2026-04-25T18:44:22","modified_gmt":"2026-04-25T18:44:22","slug":"v2c-affiliate-program","status":"publish","type":"page","link":"https:\/\/v2charge.com\/cs\/v2c-affiliate-program\/","title":{"rendered":"V2C Affiliate Program"},"content":{"rendered":"\n<div class=\"wp-block-uagb-container uagb-block-7ad7e24c alignfull uagb-is-root-container\"><div class=\"uagb-container-inner-blocks-wrap\">\n<div class=\"wp-block-uagb-container uagb-block-6bcf0ffd\"><h1 class=\"wp-block-heading has-contrast-color has-text-color\" style=\"font-size:44px\">Propagujte sv\u016fj <br>e-Charger V2C pro zv\u00fd\u0161en\u00ed sv\u00e9ho obratu<\/h1>\n\n<p class=\"has-accent-color has-text-color\">P\u0159ipojte se k affiliate programu V2C a za\u010dn\u011bte vyd\u011bl\u00e1vat provize za ka\u017ed\u00fd n\u00e1kup, kter\u00fd provedou va\u0161i sleduj\u00edc\u00ed.<\/p>\n\n\n<div class=\"wp-block-uagb-buttons uagb-buttons__outer-wrap uagb-btn__default-btn uagb-btn-tablet__default-btn uagb-btn-mobile__default-btn uagb-block-2bc1e151\"><div class=\"uagb-buttons__wrap uagb-buttons-layout-wrap \"><div class=\"wp-block-uagb-buttons-child uagb-buttons__outer-wrap uagb-block-6a8d54f3 wp-block-button\"><div class=\"uagb-button__wrapper\"><a class=\"uagb-buttons-repeater wp-block-button__link\" aria-label=\"\" href=\"#formulario\" rel=\"follow noopener\" target=\"_self\" role=\"button\"><div class=\"uagb-button__link\">P\u0158IHL\u00c1SIT SE<\/div><\/a><\/div><\/div><\/div><\/div>\n<\/div>\n\n\n\n<div class=\"wp-block-uagb-container uagb-block-2b376e34\"><div class=\"wp-block-image\">\n<figure class=\"aligncenter size-full\"><img decoding=\"async\" width=\"400\" height=\"450\" src=\"https:\/\/v2charge.com\/wp-content\/uploads\/2023\/10\/affiliate-program.jpg\" alt=\"V2C Affiliate Program\" class=\"wp-image-122934\" srcset=\"https:\/\/v2charge.com\/wp-content\/uploads\/2023\/10\/affiliate-program.jpg 400w, https:\/\/v2charge.com\/wp-content\/uploads\/2023\/10\/affiliate-program-267x300.jpg 267w\" sizes=\"(max-width: 400px) 100vw, 400px\" \/><\/figure>\n<\/div><\/div>\n<\/div><\/div>\n\n\n\n<div class=\"wp-block-uagb-container uagb-block-74ecb573 alignfull uagb-is-root-container\"><div class=\"uagb-container-inner-blocks-wrap\"><div class=\"wp-block-uagb-advanced-heading uagb-block-f70dd623\"><h2 class=\"uagb-heading-text\"><strong>Pro\u010d se p\u0159ipojit k affiliate programu V2C?<\/strong><\/h2><\/div><\/div><\/div>\n\n\n\n<div class=\"wp-block-uagb-container uagb-block-274cdd6a alignfull uagb-is-root-container\"><div class=\"uagb-container-inner-blocks-wrap\">\n<div class=\"wp-block-uagb-container uagb-block-f8fc696b\">\n<figure class=\"wp-block-image size-full\"><img decoding=\"async\" width=\"64\" height=\"64\" src=\"https:\/\/v2charge.com\/wp-content\/uploads\/2023\/11\/icon-star.png\" alt=\"\" class=\"wp-image-123256\"\/><\/figure>\n\n\n<div class=\"wp-block-uagb-advanced-heading uagb-block-58e4f1f4\"><h3 class=\"uagb-heading-text\">Zlep\u0161ete sv\u016fj obraz<\/h3><\/div>\n\n<p>Propojte sv\u016fj obraz s l\u00eddrem v oblasti elektrick\u00e9 mobility, podporovan\u00fdm \u0161irokou komunitou.<\/p><\/div>\n\n\n\n<div class=\"wp-block-uagb-container uagb-block-d868fe71\">\n<figure class=\"wp-block-image size-full\"><img decoding=\"async\" width=\"64\" height=\"64\" src=\"https:\/\/v2charge.com\/wp-content\/uploads\/2023\/11\/icon-commissions.png\" alt=\"\" class=\"wp-image-123265\"\/><\/figure>\n\n\n<div class=\"wp-block-uagb-advanced-heading uagb-block-8348d1ec\"><h3 class=\"uagb-heading-text\">Z\u00edskejte vysok\u00e9 provize<\/h3><\/div>\n\n<p>Obdr\u017e\u00edte 20% hodnoty objedn\u00e1vky proveden\u00e9 va\u0161imi sleduj\u00edc\u00edmi.<\/p><\/div>\n\n\n\n<div class=\"wp-block-uagb-container uagb-block-1f594078\">\n<figure class=\"wp-block-image size-full\"><img decoding=\"async\" width=\"64\" height=\"64\" src=\"https:\/\/v2charge.com\/wp-content\/uploads\/2023\/11\/icon-discount.png\" alt=\"\" class=\"wp-image-123274\"\/><\/figure>\n\n\n<div class=\"wp-block-uagb-advanced-heading uagb-block-8e6d6b25\"><h3 class=\"uagb-heading-text\">I tv\u00ed sleduj\u00edc\u00ed tak\u00e9 vyd\u011bl\u00e1vaj\u00ed<\/h3><\/div>\n\n<p>P\u0159i dokon\u010den\u00ed n\u00e1kupu z\u00edskaj\u00ed tvoji sleduj\u00edc\u00ed slevu 10 % pou\u017eit\u00edm tv\u00e9ho k\u00f3du.<\/p><\/div>\n<\/div><\/div>\n\n\n\n<div class=\"wp-block-uagb-container uagb-block-3af6971f alignfull uagb-is-root-container\"><div class=\"uagb-container-inner-blocks-wrap\">\n<div class=\"wp-block-uagb-container uagb-block-771e699f\"><div class=\"wp-block-image is-style-default\">\n<figure class=\"aligncenter size-full\"><img decoding=\"async\" width=\"370\" height=\"341\" src=\"https:\/\/v2charge.com\/wp-content\/uploads\/2023\/11\/affiliate-v2c.jpg\" alt=\"\" class=\"wp-image-123183\" srcset=\"https:\/\/v2charge.com\/wp-content\/uploads\/2023\/11\/affiliate-v2c.jpg 370w, https:\/\/v2charge.com\/wp-content\/uploads\/2023\/11\/affiliate-v2c-300x276.jpg 300w\" sizes=\"(max-width: 370px) 100vw, 370px\" \/><\/figure>\n<\/div><\/div>\n\n\n\n<div class=\"wp-block-uagb-container uagb-block-11d66d0f\"><div class=\"wp-block-uagb-advanced-heading uagb-block-1adaeeb4\"><h2 class=\"uagb-heading-text\"><strong>Kdo se m\u016f\u017ee z\u00fa\u010dastnit affiliate programu?<\/strong><\/h2><\/div>\n\n<p>Tv\u016frci obsahu, m\u00e9dia nebo bloge\u0159i, kte\u0159\u00ed publikuj\u00ed \u010dl\u00e1nky o elektrick\u00e9 mobilit\u011b, technologi\u00edch, \u017eivotn\u00edm stylu a obnoviteln\u00fdch zdroj\u00edch energie.<\/p><\/div>\n<\/div><\/div>\n\n\n\n<div class=\"wp-block-uagb-container uagb-block-8117c144 alignfull uagb-is-root-container\"><div class=\"uagb-container-inner-blocks-wrap\"><div class=\"wp-block-uagb-advanced-heading uagb-block-cce71d3f\"><h2 class=\"uagb-heading-text\"><strong>Jak<\/strong> <strong>funguje program?<\/strong><\/h2><\/div><\/div><\/div>\n\n\n\n<div class=\"wp-block-uagb-container uagb-block-cf7151e9 alignfull uagb-is-root-container\"><div class=\"uagb-container-inner-blocks-wrap\">\n<div class=\"wp-block-uagb-container uagb-block-6902d405\">\n<figure class=\"wp-block-image size-full\"><img decoding=\"async\" width=\"250\" height=\"120\" src=\"https:\/\/v2charge.com\/wp-content\/uploads\/2023\/11\/step-1-v2c-affiliates-program.jpg\" alt=\"\" class=\"wp-image-123202\"\/><\/figure>\n\n\n<div class=\"wp-block-uagb-advanced-heading uagb-block-0db1da7e\"><h3 class=\"uagb-heading-text\">Zaregistrujte se zdarma<br><\/h3><\/div>\n\n<p>Vypl\u0148te formul\u00e1\u0159 a my zhodnot\u00edme va\u0161i \u017e\u00e1dost.<\/p><\/div>\n\n\n\n<div class=\"wp-block-uagb-container uagb-block-2ee01b96\">\n<figure class=\"wp-block-image size-full\"><img decoding=\"async\" width=\"250\" height=\"120\" src=\"https:\/\/v2charge.com\/wp-content\/uploads\/2023\/11\/step2-v2c-affiliates-program.jpg\" alt=\"\" class=\"wp-image-123239\"\/><\/figure>\n\n\n<div class=\"wp-block-uagb-advanced-heading uagb-block-d51a4f0c\"><h3 class=\"uagb-heading-text\">Nab\u00edz\u00edme v\u00e1m nab\u00edje\u010dku a slevov\u00fd k\u00f3d<\/h3><\/div>\n\n<p>Po\u0161leme ti nab\u00edje\u010dku zdarma a poskytneme ti tv\u016fj osobn\u00ed k\u00f3d.<\/p><\/div>\n\n\n\n<div class=\"wp-block-uagb-container uagb-block-71c89256\">\n<figure class=\"wp-block-image size-full\"><img decoding=\"async\" width=\"250\" height=\"120\" src=\"https:\/\/v2charge.com\/wp-content\/uploads\/2023\/11\/step-3-v2c-affiliates-program.jpg\" alt=\"\" class=\"wp-image-123221\"\/><\/figure>\n\n\n<div class=\"wp-block-uagb-advanced-heading uagb-block-77e79ef6\"><h3 class=\"uagb-heading-text\">Sd\u00edlejte sv\u016fj obsah<\/h3><\/div>\n\n<p>Sd\u00edlejte sv\u016fj obsah a zahr\u0148te sv\u016fj slevov\u00fd k\u00f3d, aby va\u0161i sleduj\u00edc\u00ed mohli u\u0161et\u0159it 10 %.<\/p><\/div>\n\n\n\n<div class=\"wp-block-uagb-container uagb-block-d0c603c8\">\n<figure class=\"wp-block-image size-full\"><img decoding=\"async\" width=\"250\" height=\"120\" src=\"https:\/\/v2charge.com\/wp-content\/uploads\/2023\/11\/step-4-v2c-affiliates-program.jpg\" alt=\"\" class=\"wp-image-123230\"\/><\/figure>\n\n\n<div class=\"wp-block-uagb-advanced-heading uagb-block-55d8c82e\"><h3 class=\"uagb-heading-text\">Z\u00edskejte svou odm\u011bnu<\/h3><\/div>\n\n<p>Na konci ka\u017ed\u00e9ho m\u011bs\u00edce obdr\u017e\u00edte zpr\u00e1vu a bude v\u00e1m vyplaceno 20 % z prodeje prost\u0159ednictv\u00edm bankovn\u00edho p\u0159evodu.<\/p><\/div>\n<\/div><\/div>\n\n\n\n<div id=\"formulario\" class=\"wp-block-uagb-container uagb-block-5b2931a7 alignfull uagb-is-root-container\"><div class=\"uagb-container-inner-blocks-wrap\">\n<div class=\"wpcf7 no-js\" id=\"wpcf7-f133849-o1\" lang=\"es-ES\" dir=\"ltr\" data-wpcf7-id=\"133849\">\n<div class=\"screen-reader-response\"><p role=\"status\" aria-live=\"polite\" aria-atomic=\"true\"><\/p> <ul><\/ul><\/div>\n<form action=\"\/cs\/wp-json\/wp\/v2\/pages\/318365#wpcf7-f133849-o1\" method=\"post\" class=\"wpcf7-form init\" aria-label=\"Formulario de contacto\" novalidate=\"novalidate\" data-status=\"init\">\n<div style=\"display: none;\">\n<input type=\"hidden\" name=\"_wpcf7\" value=\"133849\" \/>\n<input type=\"hidden\" name=\"_wpcf7_version\" value=\"6.0.6\" \/>\n<input type=\"hidden\" name=\"_wpcf7_locale\" value=\"es_ES\" \/>\n<input type=\"hidden\" name=\"_wpcf7_unit_tag\" value=\"wpcf7-f133849-o1\" \/>\n<input type=\"hidden\" name=\"_wpcf7_container_post\" value=\"0\" \/>\n<input type=\"hidden\" name=\"_wpcf7_posted_data_hash\" value=\"\" \/>\n<input type=\"hidden\" name=\"redirect_nonce\" value=\"da4bc9d1ae\" \/>\n<input type=\"hidden\" name=\"wpcf7cfpdf_hidden_name\" value=\"document-pdf\" \/>\n<input type=\"hidden\" name=\"wpcf7cfpdf_hidden_reference\" value=\"e9e4fb8a\" \/>\n<input type=\"hidden\" name=\"wpcf7cfpdf_hidden_date\" value=\"05022026\" \/>\n<input type=\"hidden\" name=\"_wpcf7_recaptcha_response\" value=\"\" \/>\n<\/div>\n<div id=\"responsive-form\" class=\"clearfix\">\n\t<div class=\"form-row\">\n\t\t<div class=\"column-half\">\n\t\t\t<p>Nome* <span class=\"wpcf7-form-control-wrap\" data-name=\"your-name\"><input size=\"40\" maxlength=\"400\" class=\"wpcf7-form-control wpcf7-text wpcf7-validates-as-required\" aria-required=\"true\" aria-invalid=\"false\" value=\"\" type=\"text\" name=\"your-name\" \/><\/span>\n\t\t\t<\/p>\n\t\t<\/div>\n\t\t<div class=\"column-half\">\n\t\t\t<p>E-mail* <span class=\"wpcf7-form-control-wrap\" data-name=\"your-email\"><input size=\"40\" maxlength=\"400\" class=\"wpcf7-form-control wpcf7-email wpcf7-validates-as-required wpcf7-text wpcf7-validates-as-email\" aria-required=\"true\" aria-invalid=\"false\" value=\"\" type=\"email\" name=\"your-email\" \/><\/span>\n\t\t\t<\/p>\n\t\t<\/div>\n\t\t<div class=\"column-half\">\n\t\t\t<p>Hai gi\u00e0 un caricatore V2C ?* <span class=\"wpcf7-form-control-wrap\" data-name=\"caricatore\"><input size=\"40\" maxlength=\"400\" class=\"wpcf7-form-control wpcf7-text wpcf7-validates-as-required\" aria-required=\"true\" aria-invalid=\"false\" value=\"\" type=\"text\" name=\"caricatore\" \/><\/span>\n\t\t\t<\/p>\n\t\t<\/div>\n\t<\/div>\n\t<p><span id=\"wpcf7-69f6124ca6f1d-wrapper\" class=\"wpcf7-form-control-wrap tudireccion-390-wrap\" style=\"display:none !important; visibility:hidden !important;\"><label for=\"wpcf7-69f6124ca6f1d-field\" class=\"hp-message\">Por favor, deja este campo vac\u00edo.<\/label><input id=\"wpcf7-69f6124ca6f1d-field\"  class=\"wpcf7-form-control wpcf7-text\" type=\"text\" name=\"tudireccion-390\" value=\"\" size=\"40\" tabindex=\"-1\" autocomplete=\"new-password\" \/><\/span>\n\t<\/p>\n\t<div class=\"form-row\">\n\t\t<div class=\"column-full\">\n\t\t\t<p>Messaggio (Diteci chi siete, i vostri social media, e dove condividerete il contenuto....)* <span class=\"wpcf7-form-control-wrap\" data-name=\"your-message\"><textarea cols=\"40\" rows=\"10\" maxlength=\"2000\" class=\"wpcf7-form-control wpcf7-textarea wpcf7-validates-as-required\" aria-required=\"true\" aria-invalid=\"false\" name=\"your-message\"><\/textarea><\/span>\n\t\t\t<\/p>\n\t\t<\/div>\n\t<\/div>\n\t<div class=\"form-row\">\n\t\t<div class=\"column-full\">\n\t\t\t<p><input class=\"wpcf7-form-control wpcf7-submit has-spinner\" type=\"submit\" value=\"Invia\" \/>\n\t\t\t<\/p>\n\t\t<\/div>\n\t<\/div>\n<\/div><!--end responsive-form--><div class=\"wpcf7-response-output\" aria-hidden=\"true\"><\/div>\n<\/form>\n<\/div>\n\n<\/div><\/div>\n","protected":false},"excerpt":{"rendered":"<p>Propagujte sv\u016fj e-Charger V2C pro zv\u00fd\u0161en\u00ed sv\u00e9ho obratu P\u0159ipojte se k affiliate programu V2C a za\u010dn\u011bte vyd\u011bl\u00e1vat provize za ka\u017ed\u00fd n\u00e1kup, kter\u00fd provedou va\u0161i sleduj\u00edc\u00ed. Pro\u010d se p\u0159ipojit k affiliate programu V2C? Zlep\u0161ete sv\u016fj obraz Propojte sv\u016fj obraz s l\u00eddrem v oblasti elektrick\u00e9 mobility, podporovan\u00fdm \u0161irokou komunitou. Z\u00edskejte vysok\u00e9 provize Obdr\u017e\u00edte 20% hodnoty objedn\u00e1vky proveden\u00e9 &#8230; <a title=\"V2C Affiliate Program\" class=\"read-more\" href=\"https:\/\/v2charge.com\/cs\/v2c-affiliate-program\/\" aria-label=\"Read more about V2C Affiliate Program\">\u010c\u00edst d\u00e1l<\/a><\/p>\n","protected":false},"author":400,"featured_media":0,"parent":0,"menu_order":0,"comment_status":"closed","ping_status":"closed","template":"","meta":{"_eb_attr":"","content-type":"","_uag_custom_page_level_css":"","footnotes":""},"class_list":["post-318365","page","type-page","status-publish"],"yoast_head":"<!-- This site is optimized with the Yoast SEO plugin v25.3.1 - https:\/\/yoast.com\/wordpress\/plugins\/seo\/ -->\n<title>V2C Affiliate Program - V2C<\/title>\n<meta name=\"description\" content=\"Zv\u00fdrazn\u011bte sv\u016fj e-Charger V2C a z\u00e1rove\u0148 zvy\u0161te sv\u016fj obrat | Tv\u016frci obsahu, m\u00e9dia nebo bloge\u0159i\" \/>\n<meta name=\"robots\" content=\"index, follow, max-snippet:-1, max-image-preview:large, max-video-preview:-1\" \/>\n<link rel=\"canonical\" href=\"https:\/\/v2charge.com\/cs\/v2c-affiliate-program\/\" \/>\n<meta property=\"og:locale\" content=\"cs_CZ\" \/>\n<meta property=\"og:type\" content=\"article\" \/>\n<meta property=\"og:title\" content=\"V2C Affiliate Program - V2C\" \/>\n<meta property=\"og:description\" content=\"Zv\u00fdrazn\u011bte sv\u016fj e-Charger V2C a z\u00e1rove\u0148 zvy\u0161te sv\u016fj obrat | Tv\u016frci obsahu, m\u00e9dia nebo bloge\u0159i\" \/>\n<meta property=\"og:url\" content=\"https:\/\/v2charge.com\/cs\/v2c-affiliate-program\/\" \/>\n<meta property=\"og:site_name\" content=\"V2C\" \/>\n<meta property=\"article:publisher\" content=\"https:\/\/www.facebook.com\/V2C.Charge\" \/>\n<meta property=\"article:modified_time\" content=\"2026-04-25T18:44:22+00:00\" \/>\n<meta property=\"og:image\" content=\"https:\/\/v2charge.com\/wp-content\/uploads\/2023\/10\/affiliate-program.jpg\" \/>\n\t<meta property=\"og:image:width\" content=\"400\" \/>\n\t<meta property=\"og:image:height\" content=\"450\" \/>\n\t<meta property=\"og:image:type\" content=\"image\/jpeg\" \/>\n<meta name=\"twitter:card\" content=\"summary_large_image\" \/>\n<meta name=\"twitter:site\" content=\"@V2C_Charge\" \/>\n<meta name=\"twitter:label1\" content=\"Odhadovan\u00e1 doba \u010dten\u00ed\" \/>\n\t<meta name=\"twitter:data1\" content=\"3 minuty\" \/>\n<script type=\"application\/ld+json\" class=\"yoast-schema-graph\">{\"@context\":\"https:\/\/schema.org\",\"@graph\":[{\"@type\":\"WebPage\",\"@id\":\"https:\/\/v2charge.com\/cs\/v2c-affiliate-program\/\",\"url\":\"https:\/\/v2charge.com\/cs\/v2c-affiliate-program\/\",\"name\":\"V2C Affiliate Program - V2C\",\"isPartOf\":{\"@id\":\"https:\/\/v2charge.com\/cs\/#website\"},\"primaryImageOfPage\":{\"@id\":\"https:\/\/v2charge.com\/cs\/v2c-affiliate-program\/#primaryimage\"},\"image\":{\"@id\":\"https:\/\/v2charge.com\/cs\/v2c-affiliate-program\/#primaryimage\"},\"thumbnailUrl\":\"https:\/\/v2charge.com\/wp-content\/uploads\/2023\/10\/affiliate-program.jpg\",\"datePublished\":\"2023-10-27T14:08:56+00:00\",\"dateModified\":\"2026-04-25T18:44:22+00:00\",\"description\":\"Zv\u00fdrazn\u011bte sv\u016fj e-Charger V2C a z\u00e1rove\u0148 zvy\u0161te sv\u016fj obrat | Tv\u016frci obsahu, m\u00e9dia nebo bloge\u0159i\",\"breadcrumb\":{\"@id\":\"https:\/\/v2charge.com\/cs\/v2c-affiliate-program\/#breadcrumb\"},\"inLanguage\":\"cs\",\"potentialAction\":[{\"@type\":\"ReadAction\",\"target\":[\"https:\/\/v2charge.com\/cs\/v2c-affiliate-program\/\"]}]},{\"@type\":\"ImageObject\",\"inLanguage\":\"cs\",\"@id\":\"https:\/\/v2charge.com\/cs\/v2c-affiliate-program\/#primaryimage\",\"url\":\"https:\/\/v2charge.com\/wp-content\/uploads\/2023\/10\/affiliate-program.jpg\",\"contentUrl\":\"https:\/\/v2charge.com\/wp-content\/uploads\/2023\/10\/affiliate-program.jpg\"},{\"@type\":\"BreadcrumbList\",\"@id\":\"https:\/\/v2charge.com\/cs\/v2c-affiliate-program\/#breadcrumb\",\"itemListElement\":[{\"@type\":\"ListItem\",\"position\":1,\"name\":\"V2C\",\"item\":\"https:\/\/v2charge.com\/cs\/\"},{\"@type\":\"ListItem\",\"position\":2,\"name\":\"V2C Affiliate Program\"}]},{\"@type\":\"WebSite\",\"@id\":\"https:\/\/v2charge.com\/cs\/#website\",\"url\":\"https:\/\/v2charge.com\/cs\/\",\"name\":\"V2C\",\"description\":\"#CargandoElMa\u00f1ana\",\"publisher\":{\"@id\":\"https:\/\/v2charge.com\/cs\/#organization\"},\"potentialAction\":[{\"@type\":\"SearchAction\",\"target\":{\"@type\":\"EntryPoint\",\"urlTemplate\":\"https:\/\/v2charge.com\/cs\/?s={search_term_string}\"},\"query-input\":{\"@type\":\"PropertyValueSpecification\",\"valueRequired\":true,\"valueName\":\"search_term_string\"}}],\"inLanguage\":\"cs\"},{\"@type\":\"Organization\",\"@id\":\"https:\/\/v2charge.com\/cs\/#organization\",\"name\":\"V2C\",\"url\":\"https:\/\/v2charge.com\/cs\/\",\"logo\":{\"@type\":\"ImageObject\",\"inLanguage\":\"cs\",\"@id\":\"https:\/\/v2charge.com\/cs\/#\/schema\/logo\/image\/\",\"url\":\"https:\/\/v2charge.com\/wp-content\/uploads\/2024\/11\/cropped-v2c-charge-logo-menu.png\",\"contentUrl\":\"https:\/\/v2charge.com\/wp-content\/uploads\/2024\/11\/cropped-v2c-charge-logo-menu.png\",\"width\":984,\"height\":431,\"caption\":\"V2C\"},\"image\":{\"@id\":\"https:\/\/v2charge.com\/cs\/#\/schema\/logo\/image\/\"},\"sameAs\":[\"https:\/\/www.facebook.com\/V2C.Charge\",\"https:\/\/x.com\/V2C_Charge\",\"https:\/\/www.instagram.com\/v2c.charge\/\",\"https:\/\/www.youtube.com\/@V2C\",\"https:\/\/www.linkedin.com\/company\/v2c-chargers\/\"]}]}<\/script>\n<!-- \/ Yoast SEO plugin. -->","yoast_head_json":{"title":"V2C Affiliate Program - V2C","description":"Zv\u00fdrazn\u011bte sv\u016fj e-Charger V2C a z\u00e1rove\u0148 zvy\u0161te sv\u016fj obrat | Tv\u016frci obsahu, m\u00e9dia nebo bloge\u0159i","robots":{"index":"index","follow":"follow","max-snippet":"max-snippet:-1","max-image-preview":"max-image-preview:large","max-video-preview":"max-video-preview:-1"},"canonical":"https:\/\/v2charge.com\/cs\/v2c-affiliate-program\/","og_locale":"cs_CZ","og_type":"article","og_title":"V2C Affiliate Program - V2C","og_description":"Zv\u00fdrazn\u011bte sv\u016fj e-Charger V2C a z\u00e1rove\u0148 zvy\u0161te sv\u016fj obrat | Tv\u016frci obsahu, m\u00e9dia nebo bloge\u0159i","og_url":"https:\/\/v2charge.com\/cs\/v2c-affiliate-program\/","og_site_name":"V2C","article_publisher":"https:\/\/www.facebook.com\/V2C.Charge","article_modified_time":"2026-04-25T18:44:22+00:00","og_image":[{"width":400,"height":450,"url":"https:\/\/v2charge.com\/wp-content\/uploads\/2023\/10\/affiliate-program.jpg","type":"image\/jpeg"}],"twitter_card":"summary_large_image","twitter_site":"@V2C_Charge","twitter_misc":{"Odhadovan\u00e1 doba \u010dten\u00ed":"3 minuty"},"schema":{"@context":"https:\/\/schema.org","@graph":[{"@type":"WebPage","@id":"https:\/\/v2charge.com\/cs\/v2c-affiliate-program\/","url":"https:\/\/v2charge.com\/cs\/v2c-affiliate-program\/","name":"V2C Affiliate Program - V2C","isPartOf":{"@id":"https:\/\/v2charge.com\/cs\/#website"},"primaryImageOfPage":{"@id":"https:\/\/v2charge.com\/cs\/v2c-affiliate-program\/#primaryimage"},"image":{"@id":"https:\/\/v2charge.com\/cs\/v2c-affiliate-program\/#primaryimage"},"thumbnailUrl":"https:\/\/v2charge.com\/wp-content\/uploads\/2023\/10\/affiliate-program.jpg","datePublished":"2023-10-27T14:08:56+00:00","dateModified":"2026-04-25T18:44:22+00:00","description":"Zv\u00fdrazn\u011bte sv\u016fj e-Charger V2C a z\u00e1rove\u0148 zvy\u0161te sv\u016fj obrat | Tv\u016frci obsahu, m\u00e9dia nebo bloge\u0159i","breadcrumb":{"@id":"https:\/\/v2charge.com\/cs\/v2c-affiliate-program\/#breadcrumb"},"inLanguage":"cs","potentialAction":[{"@type":"ReadAction","target":["https:\/\/v2charge.com\/cs\/v2c-affiliate-program\/"]}]},{"@type":"ImageObject","inLanguage":"cs","@id":"https:\/\/v2charge.com\/cs\/v2c-affiliate-program\/#primaryimage","url":"https:\/\/v2charge.com\/wp-content\/uploads\/2023\/10\/affiliate-program.jpg","contentUrl":"https:\/\/v2charge.com\/wp-content\/uploads\/2023\/10\/affiliate-program.jpg"},{"@type":"BreadcrumbList","@id":"https:\/\/v2charge.com\/cs\/v2c-affiliate-program\/#breadcrumb","itemListElement":[{"@type":"ListItem","position":1,"name":"V2C","item":"https:\/\/v2charge.com\/cs\/"},{"@type":"ListItem","position":2,"name":"V2C Affiliate Program"}]},{"@type":"WebSite","@id":"https:\/\/v2charge.com\/cs\/#website","url":"https:\/\/v2charge.com\/cs\/","name":"V2C","description":"#CargandoElMa\u00f1ana","publisher":{"@id":"https:\/\/v2charge.com\/cs\/#organization"},"potentialAction":[{"@type":"SearchAction","target":{"@type":"EntryPoint","urlTemplate":"https:\/\/v2charge.com\/cs\/?s={search_term_string}"},"query-input":{"@type":"PropertyValueSpecification","valueRequired":true,"valueName":"search_term_string"}}],"inLanguage":"cs"},{"@type":"Organization","@id":"https:\/\/v2charge.com\/cs\/#organization","name":"V2C","url":"https:\/\/v2charge.com\/cs\/","logo":{"@type":"ImageObject","inLanguage":"cs","@id":"https:\/\/v2charge.com\/cs\/#\/schema\/logo\/image\/","url":"https:\/\/v2charge.com\/wp-content\/uploads\/2024\/11\/cropped-v2c-charge-logo-menu.png","contentUrl":"https:\/\/v2charge.com\/wp-content\/uploads\/2024\/11\/cropped-v2c-charge-logo-menu.png","width":984,"height":431,"caption":"V2C"},"image":{"@id":"https:\/\/v2charge.com\/cs\/#\/schema\/logo\/image\/"},"sameAs":["https:\/\/www.facebook.com\/V2C.Charge","https:\/\/x.com\/V2C_Charge","https:\/\/www.instagram.com\/v2c.charge\/","https:\/\/www.youtube.com\/@V2C","https:\/\/www.linkedin.com\/company\/v2c-chargers\/"]}]}},"uagb_featured_image_src":{"full":false,"thumbnail":false,"medium":false,"medium_large":false,"large":false,"gs-tiny":false,"xl":false,"xxl":false,"xxxl":false,"xxxxl":false,"xxxxxl":false,"1536x1536":false,"2048x2048":false},"uagb_author_info":{"display_name":"V2C","author_link":"https:\/\/v2charge.com\/cs\/author\/marketing\/"},"uagb_comment_info":0,"uagb_excerpt":"Propagujte sv\u016fj e-Charger V2C pro zv\u00fd\u0161en\u00ed sv\u00e9ho obratu P\u0159ipojte se k affiliate programu V2C a za\u010dn\u011bte vyd\u011bl\u00e1vat provize za ka\u017ed\u00fd n\u00e1kup, kter\u00fd provedou va\u0161i sleduj\u00edc\u00ed. Pro\u010d se p\u0159ipojit k affiliate programu V2C? Zlep\u0161ete sv\u016fj obraz Propojte sv\u016fj obraz s l\u00eddrem v oblasti elektrick\u00e9 mobility, podporovan\u00fdm \u0161irokou komunitou. Z\u00edskejte vysok\u00e9 provize Obdr\u017e\u00edte 20% hodnoty objedn\u00e1vky proveden\u00e9&hellip;","_links":{"self":[{"href":"https:\/\/v2charge.com\/cs\/wp-json\/wp\/v2\/pages\/318365","targetHints":{"allow":["GET"]}}],"collection":[{"href":"https:\/\/v2charge.com\/cs\/wp-json\/wp\/v2\/pages"}],"about":[{"href":"https:\/\/v2charge.com\/cs\/wp-json\/wp\/v2\/types\/page"}],"author":[{"embeddable":true,"href":"https:\/\/v2charge.com\/cs\/wp-json\/wp\/v2\/users\/400"}],"replies":[{"embeddable":true,"href":"https:\/\/v2charge.com\/cs\/wp-json\/wp\/v2\/comments?post=318365"}],"version-history":[{"count":0,"href":"https:\/\/v2charge.com\/cs\/wp-json\/wp\/v2\/pages\/318365\/revisions"}],"wp:attachment":[{"href":"https:\/\/v2charge.com\/cs\/wp-json\/wp\/v2\/media?parent=318365"}],"curies":[{"name":"wp","href":"https:\/\/api.w.org\/{rel}","templated":true}]}}