{"id":318367,"date":"2023-11-10T10:52:51","date_gmt":"2023-11-10T08:52:51","guid":{"rendered":""},"modified":"2025-06-23T15:18:29","modified_gmt":"2025-06-23T13:18:29","slug":"etick-kanal","status":"publish","type":"page","link":"https:\/\/v2charge.com\/cs\/etick-kanal\/","title":{"rendered":"Etick\u00fd kan\u00e1l"},"content":{"rendered":"\n<div class=\"wp-block-uagb-container uagb-block-84b54fa4 alignfull uagb-is-root-container\"><div class=\"uagb-container-inner-blocks-wrap\"><div class=\"wp-block-uagb-advanced-heading uagb-block-c7cceefb\"><h1 class=\"uagb-heading-text\">Etick\u00fd kan\u00e1l<\/h1><\/div>\n\n<p>V na\u0161\u00ed neust\u00e1l\u00e9 snaze o <strong>transparentnost<\/strong> a <strong>integritu<\/strong> zakl\u00e1d\u00e1me tento komunika\u010dn\u00ed kan\u00e1l, abychom cel\u00e9 komunit\u011b V2C poskytli bezpe\u010dnou a d\u016fv\u011brnou platformu pro vyj\u00e1d\u0159en\u00ed sv\u00fdch obav, hl\u00e1\u0161en\u00ed nevhodn\u00e9ho chov\u00e1n\u00ed nebo vznesen\u00ed jak\u00e9koli z\u00e1le\u017eitosti, kterou pova\u017euj\u00ed za relevantn\u00ed.<\/p>\n\n<h2 class=\"wp-block-heading\">Z\u00e1vazek V2C<\/h2>\n\n<p>Ve V2C se zavazujeme udr\u017eovat <strong>etick\u00e9 a respektuj\u00edc\u00ed prost\u0159ed\u00ed<\/strong>. Tento kan\u00e1l odr\u00e1\u017e\u00ed n\u00e1\u0161 trval\u00fd z\u00e1vazek k transparentnosti a odpov\u011bdnosti.<\/p>\n\n<p>Tento kan\u00e1l je navr\u017een tak, aby umo\u017enil ka\u017ed\u00e9mu, a\u0165 u\u017e zam\u011bstnanc\u016fm, z\u00e1kazn\u00edk\u016fm, dodavatel\u016fm nebo jak\u00e9koli jin\u00e9 zainteresovan\u00e9 stran\u011b, sd\u00edlet sv\u00e9 obavy zcela anonymn\u011b. V\u0161echny zpr\u00e1vy obdr\u017een\u00e9 prost\u0159ednictv\u00edm tohoto kan\u00e1lu budou zpracov\u00e1ny s maxim\u00e1ln\u00ed d\u016fv\u011brnost\u00ed.<\/p><\/div><\/div>\n\n\n\n<div class=\"wp-block-uagb-container uagb-block-978175b1 alignfull uagb-is-root-container\"><div class=\"uagb-container-inner-blocks-wrap\">\n<div class=\"wp-block-uagb-container uagb-block-6aa72daf\">      \n\t\t\t<div class=\"uagb-icon-wrapper uagb-block-0eb5f957      \"\n\t\t\tstyle=\"\" >\n\t\t\t\t\t\t\t\t\t<span class=\"uagb-svg-wrapper\" \n\t\t\t\t\t aria-label=\"wpforms\"\t\t\t\t\ttabindex=\"0\">\t\t\n\t\t\t\t\t\t\t\t\t\t<svg xmlns=\"https:\/\/www.w3.org\/2000\/svg\" viewBox= \"0 0 448 512\" role=\"graphics-symbol\" aria-hidden=\"false\" aria-label=\"\"><path d=\"M448 75.2v361.7c0 24.3-19 43.2-43.2 43.2H43.2C19.3 480 0 461.4 0 436.8V75.2C0 51.1 18.8 32 43.2 32h361.7c24 0 43.1 18.8 43.1 43.2zm-37.3 361.6V75.2c0-3-2.6-5.8-5.8-5.8h-9.3L285.3 144 224 94.1 162.8 144 52.5 69.3h-9.3c-3.2 0-5.8 2.8-5.8 5.8v361.7c0 3 2.6 5.8 5.8 5.8h361.7c3.2 .1 5.8-2.7 5.8-5.8zM150.2 186v37H76.7v-37h73.5zm0 74.4v37.3H76.7v-37.3h73.5zm11.1-147.3l54-43.7H96.8l64.5 43.7zm210 72.9v37h-196v-37h196zm0 74.4v37.3h-196v-37.3h196zm-84.6-147.3l64.5-43.7H232.8l53.9 43.7zM371.3 335v37.3h-99.4V335h99.4z\"><\/path><\/svg>\n\t\t\t\t\t\t\t\t\t<\/span>\n\t\t\t\t\t\t\t<\/div>\n\t\t\t\n\n<div class=\"wp-block-uagb-advanced-heading uagb-block-2aecb7f2\"><h3 class=\"uagb-heading-text\">Formul\u00e1\u0159 st\u00ed\u017enosti<\/h3><\/div>\n\n<p>Uve\u010fte v\u0161echny relevantn\u00ed podrobnosti o incidentu nebo obav\u011b, kterou chcete sd\u011blit. Ujist\u011bte se, \u017ee zahrnujete pot\u0159ebn\u00e9 informace pro usnadn\u011bn\u00ed \u0159\u00e1dn\u00e9ho vy\u0161et\u0159ov\u00e1n\u00ed.<\/p><\/div>\n\n\n\n<div class=\"wp-block-uagb-container uagb-block-642b231d\">      \n\t\t\t<div class=\"uagb-icon-wrapper uagb-block-1ae5912d      \"\n\t\t\tstyle=\"\" >\n\t\t\t\t\t\t\t\t\t<span class=\"uagb-svg-wrapper\" \n\t\t\t\t\t aria-label=\"user-lock\"\t\t\t\t\ttabindex=\"0\">\t\t\n\t\t\t\t\t\t\t\t\t\t<svg xmlns=\"https:\/\/www.w3.org\/2000\/svg\" viewBox= \"0 0 640 512\" role=\"graphics-symbol\" aria-hidden=\"false\" aria-label=\"\"><path d=\"M592 288H576V212.7c0-41.84-30.03-80.04-71.66-84.27C456.5 123.6 416 161.1 416 208V288h-16C373.6 288 352 309.6 352 336v128c0 26.4 21.6 48 48 48h192c26.4 0 48-21.6 48-48v-128C640 309.6 618.4 288 592 288zM496 432c-17.62 0-32-14.38-32-32s14.38-32 32-32s32 14.38 32 32S513.6 432 496 432zM528 288h-64V208c0-17.62 14.38-32 32-32s32 14.38 32 32V288zM224 256c70.7 0 128-57.31 128-128S294.7 0 224 0C153.3 0 96 57.31 96 128S153.3 256 224 256zM320 336c0-8.672 1.738-16.87 4.303-24.7C308.6 306.6 291.9 304 274.7 304H173.3C77.61 304 0 381.7 0 477.4C0 496.5 15.52 512 34.66 512h301.7C326.3 498.6 320 482.1 320 464V336z\"><\/path><\/svg>\n\t\t\t\t\t\t\t\t\t<\/span>\n\t\t\t\t\t\t\t<\/div>\n\t\t\t\n\n<div class=\"wp-block-uagb-advanced-heading uagb-block-feaa54e4\"><h3 class=\"uagb-heading-text\">Zaru\u010den\u00e1 anonymita<\/h3><\/div>\n\n<p>Nen\u00ed nutn\u00e9 odhalovat svou identitu. Tento kan\u00e1l je navr\u017een tak, aby chr\u00e1nil va\u0161e anonymitu. Pokud se rozhodnete poskytnout sv\u016fj e-mail, m\u011bjte jistotu, \u017ee bude zpracov\u00e1n s maxim\u00e1ln\u00ed diskr\u00e9tnost\u00ed.<\/p><\/div>\n\n\n\n<div class=\"wp-block-uagb-container uagb-block-bd9432fb\">      \n\t\t\t<div class=\"uagb-icon-wrapper uagb-block-d09a8f5d      \"\n\t\t\tstyle=\"\" >\n\t\t\t\t\t\t\t\t\t<span class=\"uagb-svg-wrapper\" \n\t\t\t\t\t aria-label=\"check\"\t\t\t\t\ttabindex=\"0\">\t\t\n\t\t\t\t\t\t\t\t\t\t<svg xmlns=\"https:\/\/www.w3.org\/2000\/svg\" viewBox= \"0 0 448 512\" role=\"graphics-symbol\" aria-hidden=\"false\" aria-label=\"\"><path d=\"M438.6 105.4C451.1 117.9 451.1 138.1 438.6 150.6L182.6 406.6C170.1 419.1 149.9 419.1 137.4 406.6L9.372 278.6C-3.124 266.1-3.124 245.9 9.372 233.4C21.87 220.9 42.13 220.9 54.63 233.4L159.1 338.7L393.4 105.4C405.9 92.88 426.1 92.88 438.6 105.4H438.6z\"><\/path><\/svg>\n\t\t\t\t\t\t\t\t\t<\/span>\n\t\t\t\t\t\t\t<\/div>\n\t\t\t\n\n<div class=\"wp-block-uagb-advanced-heading uagb-block-4a02cfc0\"><h3 class=\"uagb-heading-text\">Revize <br>a akce<\/h3><\/div>\n\n<p>Ka\u017edou st\u00ed\u017enost posoud\u00edme nestrann\u011b a p\u0159ijmeme vhodn\u00e1 opat\u0159en\u00ed k \u0159e\u0161en\u00ed situace. Provedeme d\u016fkladn\u00e9 vy\u0161et\u0159ov\u00e1n\u00ed, abychom podnikli pot\u0159ebn\u00e9 kroky.<\/p><\/div>\n<\/div><\/div>\n\n\n\n<div class=\"wp-block-uagb-container uagb-block-41acd7ec alignfull uagb-is-root-container\"><div class=\"uagb-container-inner-blocks-wrap\"><div class=\"wp-block-contact-form-7-contact-form-selector\">\n<div class=\"wpcf7 no-js\" id=\"wpcf7-f123589-o1\" lang=\"es-ES\" dir=\"ltr\" data-wpcf7-id=\"123589\">\n<div class=\"screen-reader-response\"><p role=\"status\" aria-live=\"polite\" aria-atomic=\"true\"><\/p> <ul><\/ul><\/div>\n<form action=\"\/cs\/wp-json\/wp\/v2\/pages\/318367#wpcf7-f123589-o1\" method=\"post\" class=\"wpcf7-form init\" aria-label=\"Formulario de contacto\" enctype=\"multipart\/form-data\" novalidate=\"novalidate\" data-status=\"init\">\n<div style=\"display: none;\">\n<input type=\"hidden\" name=\"_wpcf7\" value=\"123589\" \/>\n<input type=\"hidden\" name=\"_wpcf7_version\" value=\"6.0.6\" \/>\n<input type=\"hidden\" name=\"_wpcf7_locale\" value=\"es_ES\" \/>\n<input type=\"hidden\" name=\"_wpcf7_unit_tag\" value=\"wpcf7-f123589-o1\" \/>\n<input type=\"hidden\" name=\"_wpcf7_container_post\" value=\"0\" \/>\n<input type=\"hidden\" name=\"_wpcf7_posted_data_hash\" value=\"\" \/>\n<input type=\"hidden\" name=\"redirect_nonce\" value=\"e6a782332e\" \/>\n<input type=\"hidden\" name=\"wpcf7cfpdf_hidden_name\" value=\"document-pdf\" \/>\n<input type=\"hidden\" name=\"wpcf7cfpdf_hidden_reference\" value=\"71c645d5\" \/>\n<input type=\"hidden\" name=\"wpcf7cfpdf_hidden_date\" value=\"04262026\" \/>\n<input type=\"hidden\" name=\"_wpcf7_recaptcha_response\" value=\"\" \/>\n<\/div>\n<div id=\"responsive-form\" class=\"clearfix\">\n\t<div class=\"form-row\">\n\t\t<div class=\"column-half\">\n\t\t\t<p>\u00bfQu\u00e9 relaci\u00f3n te une a V2C?* <span class=\"wpcf7-form-control-wrap\" data-name=\"relacionv2c\"><select class=\"wpcf7-form-control wpcf7-select wpcf7-validates-as-required\" aria-required=\"true\" aria-invalid=\"false\" name=\"relacionv2c\"><option value=\"Cliente\">Cliente<\/option><option value=\"Proveedor\">Proveedor<\/option><option value=\"Empleado\">Empleado<\/option><option value=\"Exempleado\">Exempleado<\/option><option value=\"Otro\">Otro<\/option><\/select><\/span>\n\t\t\t<\/p>\n\t\t<\/div>\n\t\t<div class=\"column-half\">\n\t\t\t<p>Email (opcional) <span class=\"wpcf7-form-control-wrap\" data-name=\"your-email\"><input size=\"40\" maxlength=\"400\" class=\"wpcf7-form-control wpcf7-email wpcf7-text wpcf7-validates-as-email\" aria-invalid=\"false\" placeholder=\"Email gen\u00e9rico, no nominativo.\" value=\"\" type=\"email\" name=\"your-email\" \/><\/span>\n\t\t\t<\/p>\n\t\t<\/div>\n\t\t<div class=\"column-half\">\n\t\t\t<p>Insertar archivos (opcional) <span class=\"wpcf7-form-control-wrap\" data-name=\"archivo\"><input size=\"40\" class=\"wpcf7-form-control wpcf7-file\" accept=\"audio\/*,video\/*,image\/*\" aria-invalid=\"false\" type=\"file\" name=\"archivo\" \/><\/span>\n\t\t\t<\/p>\n\t\t<\/div>\n\t<\/div>\n\t<p><span id=\"wpcf7-69ee88fc680c3-wrapper\" class=\"wpcf7-form-control-wrap tudireccion-621-wrap\" style=\"display:none !important; visibility:hidden !important;\"><label for=\"wpcf7-69ee88fc680c3-field\" class=\"hp-message\">Por favor, deja este campo vac\u00edo.<\/label><input id=\"wpcf7-69ee88fc680c3-field\"  class=\"wpcf7-form-control wpcf7-text\" type=\"text\" name=\"tudireccion-621\" value=\"\" size=\"40\" tabindex=\"-1\" autocomplete=\"new-password\" \/><\/span>\n\t<\/p>\n\t<div class=\"form-row\">\n\t\t<div class=\"column-full\">\n\t\t\t<p>Facilita una descripci\u00f3n detallada de los hechos que quieres denunciar.*<span class=\"wpcf7-form-control-wrap\" data-name=\"your-message\"><textarea cols=\"40\" rows=\"10\" maxlength=\"2000\" class=\"wpcf7-form-control wpcf7-textarea wpcf7-validates-as-required\" aria-required=\"true\" aria-invalid=\"false\" name=\"your-message\"><\/textarea><\/span>\n\t\t\t<\/p>\n\t\t<\/div>\n\t<\/div>\n\t<div class=\"form-row\">\n\t\t<div class=\"column-full\">\n\t\t\t<p><input class=\"wpcf7-form-control wpcf7-submit has-spinner\" type=\"submit\" value=\"Enviar\" \/>\n\t\t\t<\/p>\n\t\t<\/div>\n\t<\/div>\n<\/div><!--end responsive-form--><div class=\"wpcf7-response-output\" aria-hidden=\"true\"><\/div>\n<\/form>\n<\/div>\n<\/div><\/div><\/div>\n\n\n\n<div class=\"wp-block-uagb-container uagb-block-54d2f86a alignfull uagb-is-root-container\"><div class=\"uagb-container-inner-blocks-wrap\"><div class=\"wp-block-contact-form-7-contact-form-selector\">\n<div class=\"wpcf7 no-js\" id=\"wpcf7-f224908-o2\" lang=\"es-ES\" dir=\"ltr\" data-wpcf7-id=\"224908\">\n<div class=\"screen-reader-response\"><p role=\"status\" aria-live=\"polite\" aria-atomic=\"true\"><\/p> <ul><\/ul><\/div>\n<form action=\"\/cs\/wp-json\/wp\/v2\/pages\/318367#wpcf7-f224908-o2\" method=\"post\" class=\"wpcf7-form init\" aria-label=\"Formulario de contacto\" novalidate=\"novalidate\" data-status=\"init\">\n<div style=\"display: none;\">\n<input type=\"hidden\" name=\"_wpcf7\" value=\"224908\" \/>\n<input type=\"hidden\" name=\"_wpcf7_version\" value=\"6.0.6\" \/>\n<input type=\"hidden\" name=\"_wpcf7_locale\" value=\"es_ES\" \/>\n<input type=\"hidden\" name=\"_wpcf7_unit_tag\" value=\"wpcf7-f224908-o2\" \/>\n<input type=\"hidden\" name=\"_wpcf7_container_post\" value=\"0\" \/>\n<input type=\"hidden\" name=\"_wpcf7_posted_data_hash\" value=\"\" \/>\n<input type=\"hidden\" name=\"redirect_nonce\" value=\"e6a782332e\" \/>\n<input type=\"hidden\" name=\"wpcf7cfpdf_hidden_name\" value=\"ticket_digital_valencia_emobility_forum\" \/>\n<input type=\"hidden\" name=\"wpcf7cfpdf_hidden_reference\" value=\"f5960cd2\" \/>\n<input type=\"hidden\" name=\"wpcf7cfpdf_hidden_date\" value=\"abril26,2026\" \/>\n<input type=\"hidden\" name=\"_wpcf7_recaptcha_response\" value=\"\" \/>\n<\/div>\n<div id=\"responsive-form\" class=\"clearfix resp-form-2\">\n\t<div class=\"form-row2\">\n\t\t<div class=\"column-half\">\n\t\t\t<p>Nombre y apellidos* <span class=\"wpcf7-form-control-wrap\" data-name=\"your-name\"><input size=\"40\" maxlength=\"400\" class=\"wpcf7-form-control wpcf7-text wpcf7-validates-as-required\" aria-required=\"true\" aria-invalid=\"false\" placeholder=\"Nombre y apellidos\" value=\"\" type=\"text\" name=\"your-name\" \/><\/span>\n\t\t\t<\/p>\n\t\t<\/div>\n\t\t<div class=\"column-half\">\n\t\t\t<p>E-mail* <span class=\"wpcf7-form-control-wrap\" data-name=\"your-email\"><input size=\"40\" maxlength=\"400\" class=\"wpcf7-form-control wpcf7-email wpcf7-validates-as-required wpcf7-text wpcf7-validates-as-email\" aria-required=\"true\" aria-invalid=\"false\" placeholder=\"E-mail\" value=\"\" type=\"email\" name=\"your-email\" \/><\/span>\n\t\t\t<\/p>\n\t\t<\/div>\n\t\t<div class=\"column-half\">\n\t\t\t<p>Empresa (opcional) <span class=\"wpcf7-form-control-wrap\" data-name=\"empresa\"><input size=\"40\" maxlength=\"400\" class=\"wpcf7-form-control wpcf7-text\" aria-invalid=\"false\" placeholder=\"Empresa\" value=\"\" type=\"text\" name=\"empresa\" \/><\/span>\n\t\t\t<\/p>\n\t\t<\/div>\n\t<\/div>\n\t<p><span id=\"wpcf7-69ee88fc71ea9-wrapper\" class=\"wpcf7-form-control-wrap tudireccion-248-wrap\" style=\"display:none !important; visibility:hidden !important;\"><label for=\"wpcf7-69ee88fc71ea9-field\" class=\"hp-message\">Por favor, deja este campo vac\u00edo.<\/label><input id=\"wpcf7-69ee88fc71ea9-field\"  class=\"wpcf7-form-control wpcf7-text\" type=\"text\" name=\"tudireccion-248\" value=\"\" size=\"40\" tabindex=\"-1\" autocomplete=\"new-password\" \/><\/span>\n\t<\/p>\n\t<div class=\"form-row2\">\n\t\t<div class=\"column-full\">\n\t\t\t<p><input class=\"wpcf7-form-control wpcf7-submit has-spinner\" type=\"submit\" value=\"Enviar\" \/>\n\t\t\t<\/p>\n\t\t<\/div>\n\t<\/div>\n<\/div><!--end responsive-form--><div class=\"wpcf7-response-output\" aria-hidden=\"true\"><\/div>\n<\/form>\n<\/div>\n<\/div><\/div><\/div>\n","protected":false},"excerpt":{"rendered":"<p>Etick\u00fd kan\u00e1l V na\u0161\u00ed neust\u00e1l\u00e9 snaze o transparentnost a integritu zakl\u00e1d\u00e1me tento komunika\u010dn\u00ed kan\u00e1l, abychom cel\u00e9 komunit\u011b V2C poskytli bezpe\u010dnou a d\u016fv\u011brnou platformu pro vyj\u00e1d\u0159en\u00ed sv\u00fdch obav, hl\u00e1\u0161en\u00ed nevhodn\u00e9ho chov\u00e1n\u00ed nebo vznesen\u00ed jak\u00e9koli z\u00e1le\u017eitosti, kterou pova\u017euj\u00ed za relevantn\u00ed. Z\u00e1vazek V2C Ve V2C se zavazujeme udr\u017eovat etick\u00e9 a respektuj\u00edc\u00ed prost\u0159ed\u00ed. Tento kan\u00e1l odr\u00e1\u017e\u00ed n\u00e1\u0161 trval\u00fd z\u00e1vazek &#8230; <a title=\"Etick\u00fd kan\u00e1l\" class=\"read-more\" href=\"https:\/\/v2charge.com\/cs\/etick-kanal\/\" aria-label=\"Read more about Etick\u00fd kan\u00e1l\">\u010c\u00edst d\u00e1l<\/a><\/p>\n","protected":false},"author":400,"featured_media":170354,"parent":0,"menu_order":0,"comment_status":"closed","ping_status":"closed","template":"","meta":{"_eb_attr":"","content-type":"","_uag_custom_page_level_css":"","footnotes":""},"class_list":["post-318367","page","type-page","status-publish","has-post-thumbnail"],"yoast_head":"<!-- This site is optimized with the Yoast SEO plugin v25.3.1 - https:\/\/yoast.com\/wordpress\/plugins\/seo\/ -->\n<title>Etick\u00fd kan\u00e1l V2C | Nahlaste svou ud\u00e1lost<\/title>\n<meta name=\"description\" content=\"Etick\u00fd a komunika\u010dn\u00ed kan\u00e1l V2C | Nahlaste incidenty nebo nesrovnalosti | D\u016fv\u011brnost a anonymita\" \/>\n<meta name=\"robots\" content=\"noindex, follow\" \/>\n<meta property=\"og:locale\" content=\"cs_CZ\" \/>\n<meta property=\"og:type\" content=\"article\" \/>\n<meta property=\"og:title\" content=\"Etick\u00fd kan\u00e1l V2C | Nahlaste svou ud\u00e1lost\" \/>\n<meta property=\"og:description\" content=\"Etick\u00fd a komunika\u010dn\u00ed kan\u00e1l V2C | Nahlaste incidenty nebo nesrovnalosti | D\u016fv\u011brnost a anonymita\" \/>\n<meta property=\"og:url\" content=\"https:\/\/v2charge.com\/cs\/etick-kanal\/\" \/>\n<meta property=\"og:site_name\" content=\"V2C\" \/>\n<meta property=\"article:publisher\" content=\"https:\/\/www.facebook.com\/V2C.Charge\" \/>\n<meta property=\"article:modified_time\" content=\"2025-06-23T13:18:29+00:00\" \/>\n<meta property=\"og:image\" content=\"https:\/\/v2charge.com\/wp-content\/uploads\/2024\/07\/v2c-electric-chargers.jpg\" \/>\n\t<meta property=\"og:image:width\" content=\"1200\" \/>\n\t<meta property=\"og:image:height\" content=\"675\" \/>\n\t<meta property=\"og:image:type\" content=\"image\/jpeg\" \/>\n<meta name=\"twitter:card\" content=\"summary_large_image\" \/>\n<meta name=\"twitter:site\" content=\"@V2C_Charge\" \/>\n<meta name=\"twitter:label1\" content=\"Odhadovan\u00e1 doba \u010dten\u00ed\" \/>\n\t<meta name=\"twitter:data1\" content=\"2 minuty\" \/>\n<script type=\"application\/ld+json\" class=\"yoast-schema-graph\">{\"@context\":\"https:\/\/schema.org\",\"@graph\":[{\"@type\":\"WebPage\",\"@id\":\"https:\/\/v2charge.com\/cs\/etick-kanal\/\",\"url\":\"https:\/\/v2charge.com\/cs\/etick-kanal\/\",\"name\":\"Etick\u00fd kan\u00e1l V2C | Nahlaste svou ud\u00e1lost\",\"isPartOf\":{\"@id\":\"https:\/\/v2charge.com\/cs\/#website\"},\"primaryImageOfPage\":{\"@id\":\"https:\/\/v2charge.com\/cs\/etick-kanal\/#primaryimage\"},\"image\":{\"@id\":\"https:\/\/v2charge.com\/cs\/etick-kanal\/#primaryimage\"},\"thumbnailUrl\":\"https:\/\/v2charge.com\/wp-content\/uploads\/2024\/07\/v2c-electric-chargers.jpg\",\"datePublished\":\"2023-11-10T08:52:51+00:00\",\"dateModified\":\"2025-06-23T13:18:29+00:00\",\"description\":\"Etick\u00fd a komunika\u010dn\u00ed kan\u00e1l V2C | Nahlaste incidenty nebo nesrovnalosti | D\u016fv\u011brnost a anonymita\",\"breadcrumb\":{\"@id\":\"https:\/\/v2charge.com\/cs\/etick-kanal\/#breadcrumb\"},\"inLanguage\":\"cs\",\"potentialAction\":[{\"@type\":\"ReadAction\",\"target\":[\"https:\/\/v2charge.com\/cs\/etick-kanal\/\"]}]},{\"@type\":\"ImageObject\",\"inLanguage\":\"cs\",\"@id\":\"https:\/\/v2charge.com\/cs\/etick-kanal\/#primaryimage\",\"url\":\"https:\/\/v2charge.com\/wp-content\/uploads\/2024\/07\/v2c-electric-chargers.jpg\",\"contentUrl\":\"https:\/\/v2charge.com\/wp-content\/uploads\/2024\/07\/v2c-electric-chargers.jpg\",\"width\":1200,\"height\":675,\"caption\":\"V2C Electric Chargers\"},{\"@type\":\"BreadcrumbList\",\"@id\":\"https:\/\/v2charge.com\/cs\/etick-kanal\/#breadcrumb\",\"itemListElement\":[{\"@type\":\"ListItem\",\"position\":1,\"name\":\"V2C\",\"item\":\"https:\/\/v2charge.com\/cs\/\"},{\"@type\":\"ListItem\",\"position\":2,\"name\":\"Etick\u00fd kan\u00e1l\"}]},{\"@type\":\"WebSite\",\"@id\":\"https:\/\/v2charge.com\/cs\/#website\",\"url\":\"https:\/\/v2charge.com\/cs\/\",\"name\":\"V2C\",\"description\":\"#CargandoElMa\u00f1ana\",\"publisher\":{\"@id\":\"https:\/\/v2charge.com\/cs\/#organization\"},\"potentialAction\":[{\"@type\":\"SearchAction\",\"target\":{\"@type\":\"EntryPoint\",\"urlTemplate\":\"https:\/\/v2charge.com\/cs\/?s={search_term_string}\"},\"query-input\":{\"@type\":\"PropertyValueSpecification\",\"valueRequired\":true,\"valueName\":\"search_term_string\"}}],\"inLanguage\":\"cs\"},{\"@type\":\"Organization\",\"@id\":\"https:\/\/v2charge.com\/cs\/#organization\",\"name\":\"V2C\",\"url\":\"https:\/\/v2charge.com\/cs\/\",\"logo\":{\"@type\":\"ImageObject\",\"inLanguage\":\"cs\",\"@id\":\"https:\/\/v2charge.com\/cs\/#\/schema\/logo\/image\/\",\"url\":\"https:\/\/v2charge.com\/wp-content\/uploads\/2024\/11\/cropped-v2c-charge-logo-menu.png\",\"contentUrl\":\"https:\/\/v2charge.com\/wp-content\/uploads\/2024\/11\/cropped-v2c-charge-logo-menu.png\",\"width\":984,\"height\":431,\"caption\":\"V2C\"},\"image\":{\"@id\":\"https:\/\/v2charge.com\/cs\/#\/schema\/logo\/image\/\"},\"sameAs\":[\"https:\/\/www.facebook.com\/V2C.Charge\",\"https:\/\/x.com\/V2C_Charge\",\"https:\/\/www.instagram.com\/v2c.charge\/\",\"https:\/\/www.youtube.com\/@V2C\",\"https:\/\/www.linkedin.com\/company\/v2c-chargers\/\"]}]}<\/script>\n<!-- \/ Yoast SEO plugin. -->","yoast_head_json":{"title":"Etick\u00fd kan\u00e1l V2C | Nahlaste svou ud\u00e1lost","description":"Etick\u00fd a komunika\u010dn\u00ed kan\u00e1l V2C | Nahlaste incidenty nebo nesrovnalosti | D\u016fv\u011brnost a anonymita","robots":{"index":"noindex","follow":"follow"},"og_locale":"cs_CZ","og_type":"article","og_title":"Etick\u00fd kan\u00e1l V2C | Nahlaste svou ud\u00e1lost","og_description":"Etick\u00fd a komunika\u010dn\u00ed kan\u00e1l V2C | Nahlaste incidenty nebo nesrovnalosti | D\u016fv\u011brnost a anonymita","og_url":"https:\/\/v2charge.com\/cs\/etick-kanal\/","og_site_name":"V2C","article_publisher":"https:\/\/www.facebook.com\/V2C.Charge","article_modified_time":"2025-06-23T13:18:29+00:00","og_image":[{"width":1200,"height":675,"url":"https:\/\/v2charge.com\/wp-content\/uploads\/2024\/07\/v2c-electric-chargers.jpg","type":"image\/jpeg"}],"twitter_card":"summary_large_image","twitter_site":"@V2C_Charge","twitter_misc":{"Odhadovan\u00e1 doba \u010dten\u00ed":"2 minuty"},"schema":{"@context":"https:\/\/schema.org","@graph":[{"@type":"WebPage","@id":"https:\/\/v2charge.com\/cs\/etick-kanal\/","url":"https:\/\/v2charge.com\/cs\/etick-kanal\/","name":"Etick\u00fd kan\u00e1l V2C | Nahlaste svou ud\u00e1lost","isPartOf":{"@id":"https:\/\/v2charge.com\/cs\/#website"},"primaryImageOfPage":{"@id":"https:\/\/v2charge.com\/cs\/etick-kanal\/#primaryimage"},"image":{"@id":"https:\/\/v2charge.com\/cs\/etick-kanal\/#primaryimage"},"thumbnailUrl":"https:\/\/v2charge.com\/wp-content\/uploads\/2024\/07\/v2c-electric-chargers.jpg","datePublished":"2023-11-10T08:52:51+00:00","dateModified":"2025-06-23T13:18:29+00:00","description":"Etick\u00fd a komunika\u010dn\u00ed kan\u00e1l V2C | Nahlaste incidenty nebo nesrovnalosti | D\u016fv\u011brnost a anonymita","breadcrumb":{"@id":"https:\/\/v2charge.com\/cs\/etick-kanal\/#breadcrumb"},"inLanguage":"cs","potentialAction":[{"@type":"ReadAction","target":["https:\/\/v2charge.com\/cs\/etick-kanal\/"]}]},{"@type":"ImageObject","inLanguage":"cs","@id":"https:\/\/v2charge.com\/cs\/etick-kanal\/#primaryimage","url":"https:\/\/v2charge.com\/wp-content\/uploads\/2024\/07\/v2c-electric-chargers.jpg","contentUrl":"https:\/\/v2charge.com\/wp-content\/uploads\/2024\/07\/v2c-electric-chargers.jpg","width":1200,"height":675,"caption":"V2C Electric Chargers"},{"@type":"BreadcrumbList","@id":"https:\/\/v2charge.com\/cs\/etick-kanal\/#breadcrumb","itemListElement":[{"@type":"ListItem","position":1,"name":"V2C","item":"https:\/\/v2charge.com\/cs\/"},{"@type":"ListItem","position":2,"name":"Etick\u00fd kan\u00e1l"}]},{"@type":"WebSite","@id":"https:\/\/v2charge.com\/cs\/#website","url":"https:\/\/v2charge.com\/cs\/","name":"V2C","description":"#CargandoElMa\u00f1ana","publisher":{"@id":"https:\/\/v2charge.com\/cs\/#organization"},"potentialAction":[{"@type":"SearchAction","target":{"@type":"EntryPoint","urlTemplate":"https:\/\/v2charge.com\/cs\/?s={search_term_string}"},"query-input":{"@type":"PropertyValueSpecification","valueRequired":true,"valueName":"search_term_string"}}],"inLanguage":"cs"},{"@type":"Organization","@id":"https:\/\/v2charge.com\/cs\/#organization","name":"V2C","url":"https:\/\/v2charge.com\/cs\/","logo":{"@type":"ImageObject","inLanguage":"cs","@id":"https:\/\/v2charge.com\/cs\/#\/schema\/logo\/image\/","url":"https:\/\/v2charge.com\/wp-content\/uploads\/2024\/11\/cropped-v2c-charge-logo-menu.png","contentUrl":"https:\/\/v2charge.com\/wp-content\/uploads\/2024\/11\/cropped-v2c-charge-logo-menu.png","width":984,"height":431,"caption":"V2C"},"image":{"@id":"https:\/\/v2charge.com\/cs\/#\/schema\/logo\/image\/"},"sameAs":["https:\/\/www.facebook.com\/V2C.Charge","https:\/\/x.com\/V2C_Charge","https:\/\/www.instagram.com\/v2c.charge\/","https:\/\/www.youtube.com\/@V2C","https:\/\/www.linkedin.com\/company\/v2c-chargers\/"]}]}},"uagb_featured_image_src":{"full":["https:\/\/v2charge.com\/wp-content\/uploads\/2024\/07\/v2c-electric-chargers.jpg",1200,675,false],"thumbnail":["https:\/\/v2charge.com\/wp-content\/uploads\/2024\/07\/v2c-electric-chargers-150x150.jpg",150,150,true],"medium":["https:\/\/v2charge.com\/wp-content\/uploads\/2024\/07\/v2c-electric-chargers-300x169.jpg",300,169,true],"medium_large":["https:\/\/v2charge.com\/wp-content\/uploads\/2024\/07\/v2c-electric-chargers-768x432.jpg",768,432,true],"large":["https:\/\/v2charge.com\/wp-content\/uploads\/2024\/07\/v2c-electric-chargers-1024x576.jpg",1024,576,true],"gs-tiny":["https:\/\/v2charge.com\/wp-content\/uploads\/2024\/07\/v2c-electric-chargers.jpg",50,28,false],"xl":["https:\/\/v2charge.com\/wp-content\/uploads\/2024\/07\/v2c-electric-chargers.jpg",1200,675,false],"xxl":["https:\/\/v2charge.com\/wp-content\/uploads\/2024\/07\/v2c-electric-chargers.jpg",1200,675,false],"xxxl":["https:\/\/v2charge.com\/wp-content\/uploads\/2024\/07\/v2c-electric-chargers.jpg",1200,675,false],"xxxxl":["https:\/\/v2charge.com\/wp-content\/uploads\/2024\/07\/v2c-electric-chargers.jpg",1200,675,false],"xxxxxl":["https:\/\/v2charge.com\/wp-content\/uploads\/2024\/07\/v2c-electric-chargers.jpg",1200,675,false],"1536x1536":["https:\/\/v2charge.com\/wp-content\/uploads\/2024\/07\/v2c-electric-chargers.jpg",1200,675,false],"2048x2048":["https:\/\/v2charge.com\/wp-content\/uploads\/2024\/07\/v2c-electric-chargers.jpg",1200,675,false]},"uagb_author_info":{"display_name":"V2C","author_link":"https:\/\/v2charge.com\/cs\/author\/marketing\/"},"uagb_comment_info":0,"uagb_excerpt":"Etick\u00fd kan\u00e1l V na\u0161\u00ed neust\u00e1l\u00e9 snaze o transparentnost a integritu zakl\u00e1d\u00e1me tento komunika\u010dn\u00ed kan\u00e1l, abychom cel\u00e9 komunit\u011b V2C poskytli bezpe\u010dnou a d\u016fv\u011brnou platformu pro vyj\u00e1d\u0159en\u00ed sv\u00fdch obav, hl\u00e1\u0161en\u00ed nevhodn\u00e9ho chov\u00e1n\u00ed nebo vznesen\u00ed jak\u00e9koli z\u00e1le\u017eitosti, kterou pova\u017euj\u00ed za relevantn\u00ed. Z\u00e1vazek V2C Ve V2C se zavazujeme udr\u017eovat etick\u00e9 a respektuj\u00edc\u00ed prost\u0159ed\u00ed. Tento kan\u00e1l odr\u00e1\u017e\u00ed n\u00e1\u0161 trval\u00fd z\u00e1vazek&hellip;","_links":{"self":[{"href":"https:\/\/v2charge.com\/cs\/wp-json\/wp\/v2\/pages\/318367","targetHints":{"allow":["GET"]}}],"collection":[{"href":"https:\/\/v2charge.com\/cs\/wp-json\/wp\/v2\/pages"}],"about":[{"href":"https:\/\/v2charge.com\/cs\/wp-json\/wp\/v2\/types\/page"}],"author":[{"embeddable":true,"href":"https:\/\/v2charge.com\/cs\/wp-json\/wp\/v2\/users\/400"}],"replies":[{"embeddable":true,"href":"https:\/\/v2charge.com\/cs\/wp-json\/wp\/v2\/comments?post=318367"}],"version-history":[{"count":0,"href":"https:\/\/v2charge.com\/cs\/wp-json\/wp\/v2\/pages\/318367\/revisions"}],"wp:featuredmedia":[{"embeddable":true,"href":"https:\/\/v2charge.com\/cs\/wp-json\/wp\/v2\/media\/170354"}],"wp:attachment":[{"href":"https:\/\/v2charge.com\/cs\/wp-json\/wp\/v2\/media?parent=318367"}],"curies":[{"name":"wp","href":"https:\/\/api.w.org\/{rel}","templated":true}]}}