{"id":318397,"date":"2024-05-21T09:18:35","date_gmt":"2024-05-21T07:18:35","guid":{"rendered":""},"modified":"2026-04-25T18:25:44","modified_gmt":"2026-04-25T18:25:44","slug":"rearmeni-ochranne-prvky-toscano","status":"publish","type":"page","link":"https:\/\/v2charge.com\/cs\/podpora-trydan-cs-1777116621\/elektricke-ochrany\/rearmeni-ochranne-prvky-toscano\/","title":{"rendered":"Rearme de protekc\u00ed Toscano"},"content":{"rendered":"\n<div class=\"wp-block-uagb-container uagb-block-4e29f302 alignfull uagb-is-root-container\"><div class=\"uagb-container-inner-blocks-wrap\">\n<div style=\"height:30px\" aria-hidden=\"true\" class=\"wp-block-spacer\"><\/div>\n\n\n<div class=\"yoast-breadcrumbs\"><span><span><a href=\"https:\/\/v2charge.com\/cs\/\">V2C<\/a><\/span> \u00bb <span><a href=\"https:\/\/v2charge.com\/cs\/podpora-trydan-cs-1777116621\/\">Soporte para Trydan<\/a><\/span> \u00bb <span><a href=\"https:\/\/v2charge.com\/cs\/podpora-trydan-cs-1777116621\/elektricke-ochrany\/\">Protecciones el\u00e9ctricas<\/a><\/span> \u00bb <span class=\"breadcrumb_last\" aria-current=\"page\">Rearme de protecciones Toscano<\/span><\/span><\/div>\n\n\n<div style=\"height:10px\" aria-hidden=\"true\" class=\"wp-block-spacer\"><\/div>\n\n\n<div class=\"wp-block-uagb-advanced-heading uagb-block-eb8d37cd\"><h1 class=\"uagb-heading-text\"><strong>Jak resetovat ochrann\u00fd blok Toscano?<\/strong><\/h1><\/div><\/div><\/div>\n\n\n\n<div style=\"height:30px\" aria-hidden=\"true\" class=\"wp-block-spacer\"><\/div>\n\n\n\n<div class=\"wp-block-uagb-container uagb-block-c3de7388 alignfull uagb-is-root-container\"><div class=\"uagb-container-inner-blocks-wrap\"><p>Kdy\u017e dojde k v\u00fdpadku COMBI-MINI-TDA z d\u016fvodu tepeln\u00e9 z\u00e1vady nebo z\u00e1vady na zemi, ovl\u00e1dac\u00ed p\u00e1ka se uvoln\u00ed. Pro resetov\u00e1n\u00ed za\u0159\u00edzen\u00ed je pot\u0159eba <strong>stla\u010dit v\u0161echny p\u00e1ky dol\u016f, dokud neusly\u0161\u00edte &#8218;cvaknut\u00ed&#8216;,<\/strong> a pot\u00e9 je znovu zvednout.<\/p>\n\n\n<div class=\"wp-block-uagb-container uagb-block-2b63b67b alignfull uagb-is-root-container\"><div class=\"uagb-container-inner-blocks-wrap\">\n<div class=\"wp-block-uagb-container uagb-block-f31a0580\"><div class=\"wp-block-uagb-image aligncenter uagb-block-e6203d43 wp-block-uagb-image--layout-default wp-block-uagb-image--effect-static wp-block-uagb-image--align-center\"><figure class=\"wp-block-uagb-image__figure\"><img decoding=\"async\" srcset=\"https:\/\/v2charge.com\/wp-content\/uploads\/2024\/05\/presionar.jpg ,https:\/\/v2charge.com\/wp-content\/uploads\/2024\/05\/presionar.jpg 780w, https:\/\/v2charge.com\/wp-content\/uploads\/2024\/05\/presionar.jpg 360w\" sizes=\"auto, (max-width: 480px) 150px\" src=\"https:\/\/v2charge.com\/wp-content\/uploads\/2024\/05\/presionar.jpg\" alt=\"\" class=\"uag-image-155273\" width=\"368\" height=\"355\" title=\"presionar\" loading=\"lazy\" role=\"img\"\/><figcaption class=\"uagb-image-caption\"><strong>1.<\/strong> Stiskn\u011bte dol\u016f<\/figcaption><\/figure><\/div><\/div>\n\n\n\n<div class=\"wp-block-uagb-container uagb-block-76301d6e\"><div class=\"wp-block-uagb-image aligncenter uagb-block-0fb7d9a4 wp-block-uagb-image--layout-default wp-block-uagb-image--effect-static wp-block-uagb-image--align-center\"><figure class=\"wp-block-uagb-image__figure\"><img decoding=\"async\" srcset=\"https:\/\/v2charge.com\/wp-content\/uploads\/2024\/06\/subir-protecciones.jpg ,https:\/\/v2charge.com\/wp-content\/uploads\/2024\/06\/subir-protecciones.jpg 780w, https:\/\/v2charge.com\/wp-content\/uploads\/2024\/06\/subir-protecciones.jpg 360w\" sizes=\"auto, (max-width: 480px) 150px\" src=\"https:\/\/v2charge.com\/wp-content\/uploads\/2024\/06\/subir-protecciones.jpg\" alt=\"\" class=\"uag-image-160923\" width=\"357\" height=\"354\" title=\"subir-protecciones\" loading=\"lazy\" role=\"img\"\/><figcaption class=\"uagb-image-caption\"><strong>2. <\/strong>Zvedn\u011bte v\u0161echny rukojeti<\/figcaption><\/figure><\/div><\/div>\n<\/div><\/div>\n<\/div><\/div>\n\n\n<figure class=\"wp-block-embed is-type-video is-provider-youtube wp-block-embed-youtube wp-embed-aspect-16-9 wp-has-aspect-ratio\"><div class=\"wp-block-embed__wrapper\">\n<iframe title=\"Rearmar las protecciones de Trydan y Trydan Pro\" width=\"1200\" height=\"675\" src=\"https:\/\/www.youtube.com\/embed\/valXG2gRRt0?feature=oembed\" frameborder=\"0\" allow=\"accelerometer; autoplay; clipboard-write; encrypted-media; gyroscope; picture-in-picture; web-share\" referrerpolicy=\"strict-origin-when-cross-origin\" allowfullscreen><\/iframe>\n<\/div><\/figure>\n\n\n<div style=\"height:30px\" aria-hidden=\"true\" class=\"wp-block-spacer\"><\/div>\n\n\n\n<div class=\"wp-block-uagb-container uagb-block-40525cf9 alignfull uagb-is-root-container\"><div class=\"uagb-container-inner-blocks-wrap\"><\/div><\/div>\n\n\n\n<div style=\"height:50px\" aria-hidden=\"true\" class=\"wp-block-spacer\"><\/div>\n\n\n\n<div style=\"height:50px\" aria-hidden=\"true\" class=\"wp-block-spacer\"><\/div>\n\n\n\n<div class=\"wp-block-uagb-container uagb-block-c6f38013 alignfull uagb-is-root-container\"><div class=\"uagb-container-inner-blocks-wrap\"><div class=\"wp-block-uagb-advanced-heading uagb-block-6963d70c\"><h2 class=\"uagb-heading-text\"><strong>Pot\u0159ebujete technickou podporu?<\/strong><\/h2><\/div>\n\n<div class=\"wp-block-uagb-advanced-heading uagb-block-408243eb\"><p class=\"uagb-heading-text\">Okam\u017eit\u011b vy\u0159e\u0161te sv\u016fj probl\u00e9m prost\u0159ednictv\u00edm na\u0161eho AI chatu. Pokud nebude vy\u0159e\u0161en, za\u0161lete \u017e\u00e1dost prost\u0159ednictv\u00edm Technick\u00e9ho podp\u016frn\u00e9ho centra a my v\u00e1s co nejd\u0159\u00edve kontaktujeme, abychom poskytli nejlep\u0161\u00ed \u0159e\u0161en\u00ed.<\/p><\/div>\n\n<div class=\"wp-block-uagb-info-box uagb-block-12e3cf1c uagb-infobox__content-wrap  uagb-infobox-icon-left uagb-infobox-left uagb-infobox-image-valign-top wp-block-uagb-info-box--has-margin ai-chatbot-button\"><div class=\"uagb-infobox-margin-wrapper\"><div class=\"uagb-ifb-image-content\"><img decoding=\"async\" src=\"https:\/\/v2charge.com\/wp-content\/uploads\/2026\/01\/support-ai-chatbot.png\" alt=\"\" width=\"20\" height=\"19\" loading=\"lazy\"\/><\/div><div class=\"uagb-ifb-content\"><div class=\"uagb-ifb-title-wrap\"><\/div><div class=\"uagb-ifb-button-wrapper wp-block-button\"><a href=\"https:\/\/v2charge.com\/v2c-support-web\/\" class=\"uagb-infobox-cta-link wp-block-button__link\" target=\"_blank\" rel=\"noopener noreferrer\" onclick=\"return true;\"><span class=\"uagb-inline-editing\">Zeptejte se na\u0161eho AI chatu<\/span><\/a><\/div><\/div><\/div><\/div>\n\n\n<div class=\"wp-block-uagb-buttons uagb-buttons__outer-wrap uagb-btn__default-btn uagb-btn-tablet__default-btn uagb-btn-mobile__default-btn uagb-block-ba1e67d1\"><div class=\"uagb-buttons__wrap uagb-buttons-layout-wrap \"><div class=\"wp-block-uagb-buttons-child uagb-buttons__outer-wrap uagb-block-23cfb623 wp-block-button\"><div class=\"uagb-button__wrapper\"><a class=\"uagb-buttons-repeater wp-block-button__link\" aria-label=\"\" href=\"https:\/\/v2charge.atlassian.net\/servicedesk\/customer\/portal\/3\" rel=\"follow noopener\" target=\"_blank\" role=\"button\"><div class=\"uagb-button__link\">Kontaktujte technickou podporu<\/div><\/a><\/div><\/div><\/div><\/div>\n<\/div><\/div>\n","protected":false},"excerpt":{"rendered":"<p>Jak resetovat ochrann\u00fd blok Toscano? Kdy\u017e dojde k v\u00fdpadku COMBI-MINI-TDA z d\u016fvodu tepeln\u00e9 z\u00e1vady nebo z\u00e1vady na zemi, ovl\u00e1dac\u00ed p\u00e1ka se uvoln\u00ed. Pro resetov\u00e1n\u00ed za\u0159\u00edzen\u00ed je pot\u0159eba stla\u010dit v\u0161echny p\u00e1ky dol\u016f, dokud neusly\u0161\u00edte &#8218;cvaknut\u00ed&#8216;, a pot\u00e9 je znovu zvednout. Pot\u0159ebujete technickou podporu? Okam\u017eit\u011b vy\u0159e\u0161te sv\u016fj probl\u00e9m prost\u0159ednictv\u00edm na\u0161eho AI chatu. Pokud nebude vy\u0159e\u0161en, za\u0161lete \u017e\u00e1dost &#8230; <a title=\"Rearme de protekc\u00ed Toscano\" class=\"read-more\" href=\"https:\/\/v2charge.com\/cs\/podpora-trydan-cs-1777116621\/elektricke-ochrany\/rearmeni-ochranne-prvky-toscano\/\" aria-label=\"Read more about Rearme de protekc\u00ed Toscano\">\u010c\u00edst d\u00e1l<\/a><\/p>\n","protected":false},"author":400,"featured_media":170354,"parent":318396,"menu_order":0,"comment_status":"closed","ping_status":"closed","template":"","meta":{"_eb_attr":"","content-type":"","_uag_custom_page_level_css":"","footnotes":""},"class_list":["post-318397","page","type-page","status-publish","has-post-thumbnail"],"yoast_head":"<!-- This site is optimized with the Yoast SEO plugin v25.3.1 - https:\/\/yoast.com\/wordpress\/plugins\/seo\/ -->\n<title>Automatick\u00e9 obnoven\u00ed ochran Toscano - V2C Trydan<\/title>\n<meta name=\"description\" content=\"Jak prov\u00e9st automatick\u00e9 obnoven\u00ed ochrany Toscano v nab\u00edje\u010dce V2C Trydan | Krok za krokem - Podpora V2C\" \/>\n<meta name=\"robots\" content=\"index, follow, max-snippet:-1, max-image-preview:large, max-video-preview:-1\" \/>\n<link rel=\"canonical\" href=\"https:\/\/v2charge.com\/cs\/podpora-trydan-cs-1777116621\/elektricke-ochrany\/rearmeni-ochranne-prvky-toscano\/\" \/>\n<meta property=\"og:locale\" content=\"cs_CZ\" \/>\n<meta property=\"og:type\" content=\"article\" \/>\n<meta property=\"og:title\" content=\"Automatick\u00e9 obnoven\u00ed ochran Toscano - V2C Trydan\" \/>\n<meta property=\"og:description\" content=\"Jak prov\u00e9st automatick\u00e9 obnoven\u00ed ochrany Toscano v nab\u00edje\u010dce V2C Trydan | Krok za krokem - Podpora V2C\" \/>\n<meta property=\"og:url\" content=\"https:\/\/v2charge.com\/cs\/podpora-trydan-cs-1777116621\/elektricke-ochrany\/rearmeni-ochranne-prvky-toscano\/\" \/>\n<meta property=\"og:site_name\" content=\"V2C\" \/>\n<meta property=\"article:publisher\" content=\"https:\/\/www.facebook.com\/V2C.Charge\" \/>\n<meta property=\"article:modified_time\" content=\"2026-04-25T18:25:44+00:00\" \/>\n<meta property=\"og:image\" content=\"https:\/\/v2charge.com\/wp-content\/uploads\/2024\/07\/v2c-electric-chargers.jpg\" \/>\n\t<meta property=\"og:image:width\" content=\"1200\" \/>\n\t<meta property=\"og:image:height\" content=\"675\" \/>\n\t<meta property=\"og:image:type\" content=\"image\/jpeg\" \/>\n<meta name=\"twitter:card\" content=\"summary_large_image\" \/>\n<meta name=\"twitter:site\" content=\"@V2C_Charge\" \/>\n<meta name=\"twitter:label1\" content=\"Odhadovan\u00e1 doba \u010dten\u00ed\" \/>\n\t<meta name=\"twitter:data1\" content=\"2 minuty\" \/>\n<script type=\"application\/ld+json\" class=\"yoast-schema-graph\">{\"@context\":\"https:\/\/schema.org\",\"@graph\":[{\"@type\":\"WebPage\",\"@id\":\"https:\/\/v2charge.com\/cs\/podpora-trydan-cs-1777116621\/elektricke-ochrany\/rearmeni-ochranne-prvky-toscano\/\",\"url\":\"https:\/\/v2charge.com\/cs\/podpora-trydan-cs-1777116621\/elektricke-ochrany\/rearmeni-ochranne-prvky-toscano\/\",\"name\":\"Automatick\u00e9 obnoven\u00ed ochran Toscano - V2C Trydan\",\"isPartOf\":{\"@id\":\"https:\/\/v2charge.com\/cs\/#website\"},\"primaryImageOfPage\":{\"@id\":\"https:\/\/v2charge.com\/cs\/podpora-trydan-cs-1777116621\/elektricke-ochrany\/rearmeni-ochranne-prvky-toscano\/#primaryimage\"},\"image\":{\"@id\":\"https:\/\/v2charge.com\/cs\/podpora-trydan-cs-1777116621\/elektricke-ochrany\/rearmeni-ochranne-prvky-toscano\/#primaryimage\"},\"thumbnailUrl\":\"https:\/\/v2charge.com\/wp-content\/uploads\/2024\/07\/v2c-electric-chargers.jpg\",\"datePublished\":\"2024-05-21T07:18:35+00:00\",\"dateModified\":\"2026-04-25T18:25:44+00:00\",\"description\":\"Jak prov\u00e9st automatick\u00e9 obnoven\u00ed ochrany Toscano v nab\u00edje\u010dce V2C Trydan | Krok za krokem - Podpora V2C\",\"breadcrumb\":{\"@id\":\"https:\/\/v2charge.com\/cs\/podpora-trydan-cs-1777116621\/elektricke-ochrany\/rearmeni-ochranne-prvky-toscano\/#breadcrumb\"},\"inLanguage\":\"cs\",\"potentialAction\":[{\"@type\":\"ReadAction\",\"target\":[\"https:\/\/v2charge.com\/cs\/podpora-trydan-cs-1777116621\/elektricke-ochrany\/rearmeni-ochranne-prvky-toscano\/\"]}]},{\"@type\":\"ImageObject\",\"inLanguage\":\"cs\",\"@id\":\"https:\/\/v2charge.com\/cs\/podpora-trydan-cs-1777116621\/elektricke-ochrany\/rearmeni-ochranne-prvky-toscano\/#primaryimage\",\"url\":\"https:\/\/v2charge.com\/wp-content\/uploads\/2024\/07\/v2c-electric-chargers.jpg\",\"contentUrl\":\"https:\/\/v2charge.com\/wp-content\/uploads\/2024\/07\/v2c-electric-chargers.jpg\",\"width\":1200,\"height\":675,\"caption\":\"V2C Electric Chargers\"},{\"@type\":\"BreadcrumbList\",\"@id\":\"https:\/\/v2charge.com\/cs\/podpora-trydan-cs-1777116621\/elektricke-ochrany\/rearmeni-ochranne-prvky-toscano\/#breadcrumb\",\"itemListElement\":[{\"@type\":\"ListItem\",\"position\":1,\"name\":\"V2C\",\"item\":\"https:\/\/v2charge.com\/cs\/\"},{\"@type\":\"ListItem\",\"position\":2,\"name\":\"Soporte para Trydan\",\"item\":\"https:\/\/v2charge.com\/cs\/podpora-trydan-cs-1777116621\/\"},{\"@type\":\"ListItem\",\"position\":3,\"name\":\"Protecciones el\u00e9ctricas\",\"item\":\"https:\/\/v2charge.com\/cs\/podpora-trydan-cs-1777116621\/elektricke-ochrany\/\"},{\"@type\":\"ListItem\",\"position\":4,\"name\":\"Rearme de protecciones Toscano\"}]},{\"@type\":\"WebSite\",\"@id\":\"https:\/\/v2charge.com\/cs\/#website\",\"url\":\"https:\/\/v2charge.com\/cs\/\",\"name\":\"V2C\",\"description\":\"#CargandoElMa\u00f1ana\",\"publisher\":{\"@id\":\"https:\/\/v2charge.com\/cs\/#organization\"},\"potentialAction\":[{\"@type\":\"SearchAction\",\"target\":{\"@type\":\"EntryPoint\",\"urlTemplate\":\"https:\/\/v2charge.com\/cs\/?s={search_term_string}\"},\"query-input\":{\"@type\":\"PropertyValueSpecification\",\"valueRequired\":true,\"valueName\":\"search_term_string\"}}],\"inLanguage\":\"cs\"},{\"@type\":\"Organization\",\"@id\":\"https:\/\/v2charge.com\/cs\/#organization\",\"name\":\"V2C\",\"url\":\"https:\/\/v2charge.com\/cs\/\",\"logo\":{\"@type\":\"ImageObject\",\"inLanguage\":\"cs\",\"@id\":\"https:\/\/v2charge.com\/cs\/#\/schema\/logo\/image\/\",\"url\":\"https:\/\/v2charge.com\/wp-content\/uploads\/2024\/11\/cropped-v2c-charge-logo-menu.png\",\"contentUrl\":\"https:\/\/v2charge.com\/wp-content\/uploads\/2024\/11\/cropped-v2c-charge-logo-menu.png\",\"width\":984,\"height\":431,\"caption\":\"V2C\"},\"image\":{\"@id\":\"https:\/\/v2charge.com\/cs\/#\/schema\/logo\/image\/\"},\"sameAs\":[\"https:\/\/www.facebook.com\/V2C.Charge\",\"https:\/\/x.com\/V2C_Charge\",\"https:\/\/www.instagram.com\/v2c.charge\/\",\"https:\/\/www.youtube.com\/@V2C\",\"https:\/\/www.linkedin.com\/company\/v2c-chargers\/\"]}]}<\/script>\n<!-- \/ Yoast SEO plugin. -->","yoast_head_json":{"title":"Automatick\u00e9 obnoven\u00ed ochran Toscano - V2C Trydan","description":"Jak prov\u00e9st automatick\u00e9 obnoven\u00ed ochrany Toscano v nab\u00edje\u010dce V2C Trydan | Krok za krokem - Podpora V2C","robots":{"index":"index","follow":"follow","max-snippet":"max-snippet:-1","max-image-preview":"max-image-preview:large","max-video-preview":"max-video-preview:-1"},"canonical":"https:\/\/v2charge.com\/cs\/podpora-trydan-cs-1777116621\/elektricke-ochrany\/rearmeni-ochranne-prvky-toscano\/","og_locale":"cs_CZ","og_type":"article","og_title":"Automatick\u00e9 obnoven\u00ed ochran Toscano - V2C Trydan","og_description":"Jak prov\u00e9st automatick\u00e9 obnoven\u00ed ochrany Toscano v nab\u00edje\u010dce V2C Trydan | Krok za krokem - Podpora V2C","og_url":"https:\/\/v2charge.com\/cs\/podpora-trydan-cs-1777116621\/elektricke-ochrany\/rearmeni-ochranne-prvky-toscano\/","og_site_name":"V2C","article_publisher":"https:\/\/www.facebook.com\/V2C.Charge","article_modified_time":"2026-04-25T18:25:44+00:00","og_image":[{"width":1200,"height":675,"url":"https:\/\/v2charge.com\/wp-content\/uploads\/2024\/07\/v2c-electric-chargers.jpg","type":"image\/jpeg"}],"twitter_card":"summary_large_image","twitter_site":"@V2C_Charge","twitter_misc":{"Odhadovan\u00e1 doba \u010dten\u00ed":"2 minuty"},"schema":{"@context":"https:\/\/schema.org","@graph":[{"@type":"WebPage","@id":"https:\/\/v2charge.com\/cs\/podpora-trydan-cs-1777116621\/elektricke-ochrany\/rearmeni-ochranne-prvky-toscano\/","url":"https:\/\/v2charge.com\/cs\/podpora-trydan-cs-1777116621\/elektricke-ochrany\/rearmeni-ochranne-prvky-toscano\/","name":"Automatick\u00e9 obnoven\u00ed ochran Toscano - V2C Trydan","isPartOf":{"@id":"https:\/\/v2charge.com\/cs\/#website"},"primaryImageOfPage":{"@id":"https:\/\/v2charge.com\/cs\/podpora-trydan-cs-1777116621\/elektricke-ochrany\/rearmeni-ochranne-prvky-toscano\/#primaryimage"},"image":{"@id":"https:\/\/v2charge.com\/cs\/podpora-trydan-cs-1777116621\/elektricke-ochrany\/rearmeni-ochranne-prvky-toscano\/#primaryimage"},"thumbnailUrl":"https:\/\/v2charge.com\/wp-content\/uploads\/2024\/07\/v2c-electric-chargers.jpg","datePublished":"2024-05-21T07:18:35+00:00","dateModified":"2026-04-25T18:25:44+00:00","description":"Jak prov\u00e9st automatick\u00e9 obnoven\u00ed ochrany Toscano v nab\u00edje\u010dce V2C Trydan | Krok za krokem - Podpora V2C","breadcrumb":{"@id":"https:\/\/v2charge.com\/cs\/podpora-trydan-cs-1777116621\/elektricke-ochrany\/rearmeni-ochranne-prvky-toscano\/#breadcrumb"},"inLanguage":"cs","potentialAction":[{"@type":"ReadAction","target":["https:\/\/v2charge.com\/cs\/podpora-trydan-cs-1777116621\/elektricke-ochrany\/rearmeni-ochranne-prvky-toscano\/"]}]},{"@type":"ImageObject","inLanguage":"cs","@id":"https:\/\/v2charge.com\/cs\/podpora-trydan-cs-1777116621\/elektricke-ochrany\/rearmeni-ochranne-prvky-toscano\/#primaryimage","url":"https:\/\/v2charge.com\/wp-content\/uploads\/2024\/07\/v2c-electric-chargers.jpg","contentUrl":"https:\/\/v2charge.com\/wp-content\/uploads\/2024\/07\/v2c-electric-chargers.jpg","width":1200,"height":675,"caption":"V2C Electric Chargers"},{"@type":"BreadcrumbList","@id":"https:\/\/v2charge.com\/cs\/podpora-trydan-cs-1777116621\/elektricke-ochrany\/rearmeni-ochranne-prvky-toscano\/#breadcrumb","itemListElement":[{"@type":"ListItem","position":1,"name":"V2C","item":"https:\/\/v2charge.com\/cs\/"},{"@type":"ListItem","position":2,"name":"Soporte para Trydan","item":"https:\/\/v2charge.com\/cs\/podpora-trydan-cs-1777116621\/"},{"@type":"ListItem","position":3,"name":"Protecciones el\u00e9ctricas","item":"https:\/\/v2charge.com\/cs\/podpora-trydan-cs-1777116621\/elektricke-ochrany\/"},{"@type":"ListItem","position":4,"name":"Rearme de protecciones Toscano"}]},{"@type":"WebSite","@id":"https:\/\/v2charge.com\/cs\/#website","url":"https:\/\/v2charge.com\/cs\/","name":"V2C","description":"#CargandoElMa\u00f1ana","publisher":{"@id":"https:\/\/v2charge.com\/cs\/#organization"},"potentialAction":[{"@type":"SearchAction","target":{"@type":"EntryPoint","urlTemplate":"https:\/\/v2charge.com\/cs\/?s={search_term_string}"},"query-input":{"@type":"PropertyValueSpecification","valueRequired":true,"valueName":"search_term_string"}}],"inLanguage":"cs"},{"@type":"Organization","@id":"https:\/\/v2charge.com\/cs\/#organization","name":"V2C","url":"https:\/\/v2charge.com\/cs\/","logo":{"@type":"ImageObject","inLanguage":"cs","@id":"https:\/\/v2charge.com\/cs\/#\/schema\/logo\/image\/","url":"https:\/\/v2charge.com\/wp-content\/uploads\/2024\/11\/cropped-v2c-charge-logo-menu.png","contentUrl":"https:\/\/v2charge.com\/wp-content\/uploads\/2024\/11\/cropped-v2c-charge-logo-menu.png","width":984,"height":431,"caption":"V2C"},"image":{"@id":"https:\/\/v2charge.com\/cs\/#\/schema\/logo\/image\/"},"sameAs":["https:\/\/www.facebook.com\/V2C.Charge","https:\/\/x.com\/V2C_Charge","https:\/\/www.instagram.com\/v2c.charge\/","https:\/\/www.youtube.com\/@V2C","https:\/\/www.linkedin.com\/company\/v2c-chargers\/"]}]}},"uagb_featured_image_src":{"full":["https:\/\/v2charge.com\/wp-content\/uploads\/2024\/07\/v2c-electric-chargers.jpg",1200,675,false],"thumbnail":["https:\/\/v2charge.com\/wp-content\/uploads\/2024\/07\/v2c-electric-chargers-150x150.jpg",150,150,true],"medium":["https:\/\/v2charge.com\/wp-content\/uploads\/2024\/07\/v2c-electric-chargers-300x169.jpg",300,169,true],"medium_large":["https:\/\/v2charge.com\/wp-content\/uploads\/2024\/07\/v2c-electric-chargers-768x432.jpg",768,432,true],"large":["https:\/\/v2charge.com\/wp-content\/uploads\/2024\/07\/v2c-electric-chargers-1024x576.jpg",1024,576,true],"gs-tiny":["https:\/\/v2charge.com\/wp-content\/uploads\/2024\/07\/v2c-electric-chargers.jpg",50,28,false],"xl":["https:\/\/v2charge.com\/wp-content\/uploads\/2024\/07\/v2c-electric-chargers.jpg",1200,675,false],"xxl":["https:\/\/v2charge.com\/wp-content\/uploads\/2024\/07\/v2c-electric-chargers.jpg",1200,675,false],"xxxl":["https:\/\/v2charge.com\/wp-content\/uploads\/2024\/07\/v2c-electric-chargers.jpg",1200,675,false],"xxxxl":["https:\/\/v2charge.com\/wp-content\/uploads\/2024\/07\/v2c-electric-chargers.jpg",1200,675,false],"xxxxxl":["https:\/\/v2charge.com\/wp-content\/uploads\/2024\/07\/v2c-electric-chargers.jpg",1200,675,false],"1536x1536":["https:\/\/v2charge.com\/wp-content\/uploads\/2024\/07\/v2c-electric-chargers.jpg",1200,675,false],"2048x2048":["https:\/\/v2charge.com\/wp-content\/uploads\/2024\/07\/v2c-electric-chargers.jpg",1200,675,false]},"uagb_author_info":{"display_name":"V2C","author_link":"https:\/\/v2charge.com\/cs\/author\/marketing\/"},"uagb_comment_info":0,"uagb_excerpt":"Jak resetovat ochrann\u00fd blok Toscano? Kdy\u017e dojde k v\u00fdpadku COMBI-MINI-TDA z d\u016fvodu tepeln\u00e9 z\u00e1vady nebo z\u00e1vady na zemi, ovl\u00e1dac\u00ed p\u00e1ka se uvoln\u00ed. Pro resetov\u00e1n\u00ed za\u0159\u00edzen\u00ed je pot\u0159eba stla\u010dit v\u0161echny p\u00e1ky dol\u016f, dokud neusly\u0161\u00edte &#8218;cvaknut\u00ed&#8216;, a pot\u00e9 je znovu zvednout. Pot\u0159ebujete technickou podporu? Okam\u017eit\u011b vy\u0159e\u0161te sv\u016fj probl\u00e9m prost\u0159ednictv\u00edm na\u0161eho AI chatu. Pokud nebude vy\u0159e\u0161en, za\u0161lete \u017e\u00e1dost&hellip;","_links":{"self":[{"href":"https:\/\/v2charge.com\/cs\/wp-json\/wp\/v2\/pages\/318397","targetHints":{"allow":["GET"]}}],"collection":[{"href":"https:\/\/v2charge.com\/cs\/wp-json\/wp\/v2\/pages"}],"about":[{"href":"https:\/\/v2charge.com\/cs\/wp-json\/wp\/v2\/types\/page"}],"author":[{"embeddable":true,"href":"https:\/\/v2charge.com\/cs\/wp-json\/wp\/v2\/users\/400"}],"replies":[{"embeddable":true,"href":"https:\/\/v2charge.com\/cs\/wp-json\/wp\/v2\/comments?post=318397"}],"version-history":[{"count":0,"href":"https:\/\/v2charge.com\/cs\/wp-json\/wp\/v2\/pages\/318397\/revisions"}],"up":[{"embeddable":true,"href":"https:\/\/v2charge.com\/cs\/wp-json\/wp\/v2\/pages\/318396"}],"wp:featuredmedia":[{"embeddable":true,"href":"https:\/\/v2charge.com\/cs\/wp-json\/wp\/v2\/media\/170354"}],"wp:attachment":[{"href":"https:\/\/v2charge.com\/cs\/wp-json\/wp\/v2\/media?parent=318397"}],"curies":[{"name":"wp","href":"https:\/\/api.w.org\/{rel}","templated":true}]}}