{"id":318399,"date":"2024-06-24T14:09:11","date_gmt":"2024-06-24T12:09:11","guid":{"rendered":""},"modified":"2026-04-25T18:22:43","modified_gmt":"2026-04-25T18:22:43","slug":"impedance-infinity","status":"publish","type":"page","link":"https:\/\/v2charge.com\/cs\/podpora-trydan-cs-1777116621\/impedance-infinity\/","title":{"rendered":"Nekone\u010dn\u00fd impedance"},"content":{"rendered":"\n<div class=\"wp-block-uagb-container uagb-block-2b438ecc alignfull uagb-is-root-container\"><div class=\"uagb-container-inner-blocks-wrap\">\n<div style=\"height:20px\" aria-hidden=\"true\" class=\"wp-block-spacer\"><\/div>\n\n\n<div class=\"yoast-breadcrumbs\"><span><span><a href=\"https:\/\/v2charge.com\/cs\/\">V2C<\/a><\/span> \u00bb <span><a href=\"https:\/\/v2charge.com\/cs\/podpora-trydan-cs-1777116621\/\">Soporte para Trydan<\/a><\/span> \u00bb <span class=\"breadcrumb_last\" aria-current=\"page\">Impedance infinity<\/span><\/span><\/div>\n\n\n<div style=\"height:0px\" aria-hidden=\"true\" class=\"wp-block-spacer\"><\/div>\n\n\n<h1 class=\"wp-block-heading\" style=\"font-size:29px\">Nekone\u010dn\u00e1 impedance<\/h1>\n\n<p>e-Charger Trydan, ve sv\u00e9 verzi s integrovan\u00fdmi ochranami, disponuje nekone\u010dnou impedanc\u00ed (nebo nulovou impedanc\u00ed), <strong>technologi\u00ed vyvinutou spole\u010dnost\u00ed V2C<\/strong>, kter\u00e1 zaji\u0161\u0165uje, \u017ee m\u011b\u0159i\u010d nedetekuje nab\u00edjec\u00ed m\u00edsto. Proto, v p\u0159\u00edpad\u011b v\u00fdpadku proudu, <strong>lze instalaci jednodu\u0161e resetovat vypnut\u00edm a zapnut\u00edm hlavn\u00edho jisti\u010de domu.<\/strong><\/p>\n\n<p><strong>Neomezen\u00e1 impedance funguje za n\u00e1sleduj\u00edc\u00edch podm\u00ednek:<\/strong><\/p>\n\n\n<ul class=\"wp-block-list\"><li>\u010cidlo mus\u00ed b\u00fdt zahrnuto v seznamu m\u011b\u0159idel kompatibiln\u00edch s na\u0161\u00edm nekone\u010dn\u00fdm impedanc\u00ed.<\/li>\n\n<li>Nab\u00edje\u010dka mus\u00ed b\u00fdt jednof\u00e1zov\u00e1 a vybaven\u00e1 ochrann\u00fdm blokem dodan\u00fdm v\u00fdrobcem, konkr\u00e9tn\u011b od zna\u010dek CHINT nebo TOSCANO.<\/li>\n\n<li>Na nab\u00edje\u010dce by nem\u011bly b\u00fdt prov\u00e1d\u011bny \u017e\u00e1dn\u00e9 vnit\u0159n\u00ed \u00fapravy, jako je instalace dal\u0161\u00edho v\u00fdstupu, z\u00e1suvky Schuko nebo jin\u00fdch typ\u016f z\u00e1suvek.<\/li>\n\n<li nap\u00e1jec\u00ed kabel nab\u00edje\u010dky nesm\u00ed m\u00edt \u017e\u00e1dn\u00e9 odbo\u010dky ani spojen\u00ed.<\/li>\n\n<li>Komponenta &#8218;COMP1&#8216; je p\u0159ipojena k konektoru P2, jak je zn\u00e1zorn\u011bno na obr\u00e1zku.<\/li>\n\n<li>\u010c\u00edslo 1 na komponentu \u2018COMP1\u2019 mus\u00ed odpov\u00eddat \u010d\u00edslu 1 na konektoru P2.<\/li>\n\n<li>Komponenta \u2018POV-1\u2019 mus\u00ed b\u00fdt p\u0159ipojena, jak je zn\u00e1zorn\u011bno na obr\u00e1zku; to znamen\u00e1, \u017ee f\u00e1ze (F) mus\u00ed b\u00fdt p\u0159ipojena k p\u0159ipojen\u00ed 1 a nulov\u00fd vodi\u010d (N) mus\u00ed b\u00fdt p\u0159ipojen k p\u0159ipojen\u00ed 2.<\/li><\/ul>\n\n\n\n<div class=\"wp-block-uagb-container uagb-block-e8b823d8\">\n<div class=\"wp-block-uagb-container uagb-block-077528da alignfull uagb-is-root-container\"><div class=\"uagb-container-inner-blocks-wrap\">\n<div class=\"wp-block-uagb-container uagb-block-dda246f1\">\n<div class=\"wp-block-uagb-image uagb-block-2af6dd92 wp-block-uagb-image--layout-default wp-block-uagb-image--effect-static wp-block-uagb-image--align-none\"><figure class=\"wp-block-uagb-image__figure\"><img decoding=\"async\" srcset=\"https:\/\/v2charge.com\/wp-content\/uploads\/2024\/06\/impedancia-infinita.jpg ,https:\/\/v2charge.com\/wp-content\/uploads\/2024\/06\/impedancia-infinita.jpg 780w, https:\/\/v2charge.com\/wp-content\/uploads\/2024\/06\/impedancia-infinita.jpg 360w\" sizes=\"auto, (max-width: 480px) 150px\" src=\"https:\/\/v2charge.com\/wp-content\/uploads\/2024\/06\/impedancia-infinita.jpg\" alt=\"\" class=\"uag-image-161775\" width=\"724\" height=\"686\" title=\"impedancia-infinita\" loading=\"lazy\" role=\"img\"\/><\/figure><\/div>\n<\/div>\n\n\n\n<div class=\"wp-block-uagb-container uagb-block-3c1b7031\"><div class=\"wp-block-uagb-info-box uagb-block-518cd380 uagb-infobox__content-wrap  uagb-infobox-icon-left uagb-infobox-left uagb-infobox-stacked-tablet uagb-infobox-image-valign-top\"><div class=\"uagb-ifb-image-content\"><img decoding=\"async\" src=\"https:\/\/v2charge.com\/wp-content\/uploads\/2023\/11\/numero-uno.png\" alt=\"\" width=\"25\" height=\"25\" loading=\"lazy\"\/><\/div><div class=\"uagb-ifb-content\"><div class=\"uagb-ifb-title-wrap\"><\/div><p class=\"uagb-ifb-desc\">M\u011b\u0159i\u010d<\/p><\/div><\/div>\n\n<div class=\"wp-block-uagb-info-box uagb-block-d38bd8b9 uagb-infobox__content-wrap  uagb-infobox-icon-left uagb-infobox-left uagb-infobox-stacked-tablet uagb-infobox-image-valign-top\"><div class=\"uagb-ifb-image-content\"><img decoding=\"async\" src=\"https:\/\/v2charge.com\/wp-content\/uploads\/2023\/11\/numero-dos.png\" alt=\"\" width=\"25\" height=\"25\" loading=\"lazy\"\/><\/div><div class=\"uagb-ifb-content\"><div class=\"uagb-ifb-title-wrap\"><\/div><p class=\"uagb-ifb-desc\">P2<\/p><\/div><\/div>\n\n<div class=\"wp-block-uagb-info-box uagb-block-e81d4244 uagb-infobox__content-wrap  uagb-infobox-icon-left uagb-infobox-left uagb-infobox-stacked-tablet uagb-infobox-image-valign-top\"><div class=\"uagb-ifb-image-content\"><img decoding=\"async\" src=\"https:\/\/v2charge.com\/wp-content\/uploads\/2023\/11\/numero-tres.png\" alt=\"\" width=\"25\" height=\"25\" loading=\"lazy\"\/><\/div><div class=\"uagb-ifb-content\"><div class=\"uagb-ifb-title-wrap\"><\/div><p class=\"uagb-ifb-desc\">KOMPONENTA1<\/p><\/div><\/div><\/div>\n<\/div><\/div>\n<\/div>\n\n\n\n<div style=\"height:40px\" aria-hidden=\"true\" class=\"wp-block-spacer\"><\/div>\n<\/div><\/div>\n\n\n\n<div class=\"wp-block-uagb-container uagb-block-c6f38013 alignfull uagb-is-root-container\"><div class=\"uagb-container-inner-blocks-wrap\"><div class=\"wp-block-uagb-advanced-heading uagb-block-6963d70c\"><h2 class=\"uagb-heading-text\"><strong>Pot\u0159ebujete technickou podporu?<\/strong><\/h2><\/div>\n\n<div class=\"wp-block-uagb-advanced-heading uagb-block-408243eb\"><p class=\"uagb-heading-text\">Okam\u017eit\u011b vy\u0159e\u0161te sv\u016fj probl\u00e9m prost\u0159ednictv\u00edm na\u0161eho AI chatu. Pokud nebude vy\u0159e\u0161en, za\u0161lete \u017e\u00e1dost prost\u0159ednictv\u00edm Technick\u00e9ho podp\u016frn\u00e9ho centra a my v\u00e1s co nejd\u0159\u00edve kontaktujeme, abychom poskytli nejlep\u0161\u00ed \u0159e\u0161en\u00ed.<\/p><\/div>\n\n<div class=\"wp-block-uagb-info-box uagb-block-12e3cf1c uagb-infobox__content-wrap  uagb-infobox-icon-left uagb-infobox-left uagb-infobox-image-valign-top wp-block-uagb-info-box--has-margin ai-chatbot-button\"><div class=\"uagb-infobox-margin-wrapper\"><div class=\"uagb-ifb-image-content\"><img decoding=\"async\" src=\"https:\/\/v2charge.com\/wp-content\/uploads\/2026\/01\/support-ai-chatbot.png\" alt=\"\" width=\"20\" height=\"19\" loading=\"lazy\"\/><\/div><div class=\"uagb-ifb-content\"><div class=\"uagb-ifb-title-wrap\"><\/div><div class=\"uagb-ifb-button-wrapper wp-block-button\"><a href=\"https:\/\/v2charge.com\/v2c-support-web\/\" class=\"uagb-infobox-cta-link wp-block-button__link\" target=\"_blank\" rel=\"noopener noreferrer\" onclick=\"return true;\"><span class=\"uagb-inline-editing\">Zeptejte se na\u0161eho AI chatu<\/span><\/a><\/div><\/div><\/div><\/div>\n\n\n<div class=\"wp-block-uagb-buttons uagb-buttons__outer-wrap uagb-btn__default-btn uagb-btn-tablet__default-btn uagb-btn-mobile__default-btn uagb-block-ba1e67d1\"><div class=\"uagb-buttons__wrap uagb-buttons-layout-wrap \"><div class=\"wp-block-uagb-buttons-child uagb-buttons__outer-wrap uagb-block-23cfb623 wp-block-button\"><div class=\"uagb-button__wrapper\"><a class=\"uagb-buttons-repeater wp-block-button__link\" aria-label=\"\" href=\"https:\/\/v2charge.atlassian.net\/servicedesk\/customer\/portal\/3\" rel=\"follow noopener\" target=\"_blank\" role=\"button\"><div class=\"uagb-button__link\">Kontaktujte technickou podporu<\/div><\/a><\/div><\/div><\/div><\/div>\n<\/div><\/div>\n","protected":false},"excerpt":{"rendered":"<p>Nekone\u010dn\u00e1 impedance e-Charger Trydan, ve sv\u00e9 verzi s integrovan\u00fdmi ochranami, disponuje nekone\u010dnou impedanc\u00ed (nebo nulovou impedanc\u00ed), technologi\u00ed vyvinutou spole\u010dnost\u00ed V2C, kter\u00e1 zaji\u0161\u0165uje, \u017ee m\u011b\u0159i\u010d nedetekuje nab\u00edjec\u00ed m\u00edsto. Proto, v p\u0159\u00edpad\u011b v\u00fdpadku proudu, lze instalaci jednodu\u0161e resetovat vypnut\u00edm a zapnut\u00edm hlavn\u00edho jisti\u010de domu. Neomezen\u00e1 impedance funguje za n\u00e1sleduj\u00edc\u00edch podm\u00ednek: Pot\u0159ebujete technickou podporu? Okam\u017eit\u011b vy\u0159e\u0161te sv\u016fj probl\u00e9m &#8230; <a title=\"Nekone\u010dn\u00fd impedance\" class=\"read-more\" href=\"https:\/\/v2charge.com\/cs\/podpora-trydan-cs-1777116621\/impedance-infinity\/\" aria-label=\"Read more about Nekone\u010dn\u00fd impedance\">\u010c\u00edst d\u00e1l<\/a><\/p>\n","protected":false},"author":400,"featured_media":170354,"parent":318299,"menu_order":0,"comment_status":"closed","ping_status":"closed","template":"","meta":{"_eb_attr":"","content-type":"","_uag_custom_page_level_css":"","footnotes":""},"class_list":["post-318399","page","type-page","status-publish","has-post-thumbnail"],"yoast_head":"<!-- This site is optimized with the Yoast SEO plugin v25.3.1 - https:\/\/yoast.com\/wordpress\/plugins\/seo\/ -->\n<title>Nekone\u010dn\u00fd impedance - V2C<\/title>\n<meta name=\"description\" content=\"Impedance nekone\u010dna umo\u017e\u0148uje znovu nastavit instalaci pouze vypnut\u00edm a zapnut\u00edm hlavn\u00edho jisti\u010de dom\u00e1cnosti.\" \/>\n<meta name=\"robots\" content=\"index, follow, max-snippet:-1, max-image-preview:large, max-video-preview:-1\" \/>\n<link rel=\"canonical\" href=\"https:\/\/v2charge.com\/cs\/podpora-trydan-cs-1777116621\/impedance-infinity\/\" \/>\n<meta property=\"og:locale\" content=\"cs_CZ\" \/>\n<meta property=\"og:type\" content=\"article\" \/>\n<meta property=\"og:title\" content=\"Nekone\u010dn\u00fd impedance - V2C\" \/>\n<meta property=\"og:description\" content=\"Impedance nekone\u010dna umo\u017e\u0148uje znovu nastavit instalaci pouze vypnut\u00edm a zapnut\u00edm hlavn\u00edho jisti\u010de dom\u00e1cnosti.\" \/>\n<meta property=\"og:url\" content=\"https:\/\/v2charge.com\/cs\/podpora-trydan-cs-1777116621\/impedance-infinity\/\" \/>\n<meta property=\"og:site_name\" content=\"V2C\" \/>\n<meta property=\"article:publisher\" content=\"https:\/\/www.facebook.com\/V2C.Charge\" \/>\n<meta property=\"article:modified_time\" content=\"2026-04-25T18:22:43+00:00\" \/>\n<meta property=\"og:image\" content=\"https:\/\/v2charge.com\/wp-content\/uploads\/2024\/07\/v2c-electric-chargers.jpg\" \/>\n\t<meta property=\"og:image:width\" content=\"1200\" \/>\n\t<meta property=\"og:image:height\" content=\"675\" \/>\n\t<meta property=\"og:image:type\" content=\"image\/jpeg\" \/>\n<meta name=\"twitter:card\" content=\"summary_large_image\" \/>\n<meta name=\"twitter:site\" content=\"@V2C_Charge\" \/>\n<meta name=\"twitter:label1\" content=\"Odhadovan\u00e1 doba \u010dten\u00ed\" \/>\n\t<meta name=\"twitter:data1\" content=\"2 minuty\" \/>\n<script type=\"application\/ld+json\" class=\"yoast-schema-graph\">{\"@context\":\"https:\/\/schema.org\",\"@graph\":[{\"@type\":\"WebPage\",\"@id\":\"https:\/\/v2charge.com\/cs\/podpora-trydan-cs-1777116621\/impedance-infinity\/\",\"url\":\"https:\/\/v2charge.com\/cs\/podpora-trydan-cs-1777116621\/impedance-infinity\/\",\"name\":\"Nekone\u010dn\u00fd impedance - V2C\",\"isPartOf\":{\"@id\":\"https:\/\/v2charge.com\/cs\/#website\"},\"primaryImageOfPage\":{\"@id\":\"https:\/\/v2charge.com\/cs\/podpora-trydan-cs-1777116621\/impedance-infinity\/#primaryimage\"},\"image\":{\"@id\":\"https:\/\/v2charge.com\/cs\/podpora-trydan-cs-1777116621\/impedance-infinity\/#primaryimage\"},\"thumbnailUrl\":\"https:\/\/v2charge.com\/wp-content\/uploads\/2024\/07\/v2c-electric-chargers.jpg\",\"datePublished\":\"2024-06-24T12:09:11+00:00\",\"dateModified\":\"2026-04-25T18:22:43+00:00\",\"description\":\"Impedance nekone\u010dna umo\u017e\u0148uje znovu nastavit instalaci pouze vypnut\u00edm a zapnut\u00edm hlavn\u00edho jisti\u010de dom\u00e1cnosti.\",\"breadcrumb\":{\"@id\":\"https:\/\/v2charge.com\/cs\/podpora-trydan-cs-1777116621\/impedance-infinity\/#breadcrumb\"},\"inLanguage\":\"cs\",\"potentialAction\":[{\"@type\":\"ReadAction\",\"target\":[\"https:\/\/v2charge.com\/cs\/podpora-trydan-cs-1777116621\/impedance-infinity\/\"]}]},{\"@type\":\"ImageObject\",\"inLanguage\":\"cs\",\"@id\":\"https:\/\/v2charge.com\/cs\/podpora-trydan-cs-1777116621\/impedance-infinity\/#primaryimage\",\"url\":\"https:\/\/v2charge.com\/wp-content\/uploads\/2024\/07\/v2c-electric-chargers.jpg\",\"contentUrl\":\"https:\/\/v2charge.com\/wp-content\/uploads\/2024\/07\/v2c-electric-chargers.jpg\",\"width\":1200,\"height\":675,\"caption\":\"V2C Electric Chargers\"},{\"@type\":\"BreadcrumbList\",\"@id\":\"https:\/\/v2charge.com\/cs\/podpora-trydan-cs-1777116621\/impedance-infinity\/#breadcrumb\",\"itemListElement\":[{\"@type\":\"ListItem\",\"position\":1,\"name\":\"V2C\",\"item\":\"https:\/\/v2charge.com\/cs\/\"},{\"@type\":\"ListItem\",\"position\":2,\"name\":\"Soporte para Trydan\",\"item\":\"https:\/\/v2charge.com\/cs\/podpora-trydan-cs-1777116621\/\"},{\"@type\":\"ListItem\",\"position\":3,\"name\":\"Impedance infinity\"}]},{\"@type\":\"WebSite\",\"@id\":\"https:\/\/v2charge.com\/cs\/#website\",\"url\":\"https:\/\/v2charge.com\/cs\/\",\"name\":\"V2C\",\"description\":\"#CargandoElMa\u00f1ana\",\"publisher\":{\"@id\":\"https:\/\/v2charge.com\/cs\/#organization\"},\"potentialAction\":[{\"@type\":\"SearchAction\",\"target\":{\"@type\":\"EntryPoint\",\"urlTemplate\":\"https:\/\/v2charge.com\/cs\/?s={search_term_string}\"},\"query-input\":{\"@type\":\"PropertyValueSpecification\",\"valueRequired\":true,\"valueName\":\"search_term_string\"}}],\"inLanguage\":\"cs\"},{\"@type\":\"Organization\",\"@id\":\"https:\/\/v2charge.com\/cs\/#organization\",\"name\":\"V2C\",\"url\":\"https:\/\/v2charge.com\/cs\/\",\"logo\":{\"@type\":\"ImageObject\",\"inLanguage\":\"cs\",\"@id\":\"https:\/\/v2charge.com\/cs\/#\/schema\/logo\/image\/\",\"url\":\"https:\/\/v2charge.com\/wp-content\/uploads\/2024\/11\/cropped-v2c-charge-logo-menu.png\",\"contentUrl\":\"https:\/\/v2charge.com\/wp-content\/uploads\/2024\/11\/cropped-v2c-charge-logo-menu.png\",\"width\":984,\"height\":431,\"caption\":\"V2C\"},\"image\":{\"@id\":\"https:\/\/v2charge.com\/cs\/#\/schema\/logo\/image\/\"},\"sameAs\":[\"https:\/\/www.facebook.com\/V2C.Charge\",\"https:\/\/x.com\/V2C_Charge\",\"https:\/\/www.instagram.com\/v2c.charge\/\",\"https:\/\/www.youtube.com\/@V2C\",\"https:\/\/www.linkedin.com\/company\/v2c-chargers\/\"]}]}<\/script>\n<!-- \/ Yoast SEO plugin. -->","yoast_head_json":{"title":"Nekone\u010dn\u00fd impedance - V2C","description":"Impedance nekone\u010dna umo\u017e\u0148uje znovu nastavit instalaci pouze vypnut\u00edm a zapnut\u00edm hlavn\u00edho jisti\u010de dom\u00e1cnosti.","robots":{"index":"index","follow":"follow","max-snippet":"max-snippet:-1","max-image-preview":"max-image-preview:large","max-video-preview":"max-video-preview:-1"},"canonical":"https:\/\/v2charge.com\/cs\/podpora-trydan-cs-1777116621\/impedance-infinity\/","og_locale":"cs_CZ","og_type":"article","og_title":"Nekone\u010dn\u00fd impedance - V2C","og_description":"Impedance nekone\u010dna umo\u017e\u0148uje znovu nastavit instalaci pouze vypnut\u00edm a zapnut\u00edm hlavn\u00edho jisti\u010de dom\u00e1cnosti.","og_url":"https:\/\/v2charge.com\/cs\/podpora-trydan-cs-1777116621\/impedance-infinity\/","og_site_name":"V2C","article_publisher":"https:\/\/www.facebook.com\/V2C.Charge","article_modified_time":"2026-04-25T18:22:43+00:00","og_image":[{"width":1200,"height":675,"url":"https:\/\/v2charge.com\/wp-content\/uploads\/2024\/07\/v2c-electric-chargers.jpg","type":"image\/jpeg"}],"twitter_card":"summary_large_image","twitter_site":"@V2C_Charge","twitter_misc":{"Odhadovan\u00e1 doba \u010dten\u00ed":"2 minuty"},"schema":{"@context":"https:\/\/schema.org","@graph":[{"@type":"WebPage","@id":"https:\/\/v2charge.com\/cs\/podpora-trydan-cs-1777116621\/impedance-infinity\/","url":"https:\/\/v2charge.com\/cs\/podpora-trydan-cs-1777116621\/impedance-infinity\/","name":"Nekone\u010dn\u00fd impedance - V2C","isPartOf":{"@id":"https:\/\/v2charge.com\/cs\/#website"},"primaryImageOfPage":{"@id":"https:\/\/v2charge.com\/cs\/podpora-trydan-cs-1777116621\/impedance-infinity\/#primaryimage"},"image":{"@id":"https:\/\/v2charge.com\/cs\/podpora-trydan-cs-1777116621\/impedance-infinity\/#primaryimage"},"thumbnailUrl":"https:\/\/v2charge.com\/wp-content\/uploads\/2024\/07\/v2c-electric-chargers.jpg","datePublished":"2024-06-24T12:09:11+00:00","dateModified":"2026-04-25T18:22:43+00:00","description":"Impedance nekone\u010dna umo\u017e\u0148uje znovu nastavit instalaci pouze vypnut\u00edm a zapnut\u00edm hlavn\u00edho jisti\u010de dom\u00e1cnosti.","breadcrumb":{"@id":"https:\/\/v2charge.com\/cs\/podpora-trydan-cs-1777116621\/impedance-infinity\/#breadcrumb"},"inLanguage":"cs","potentialAction":[{"@type":"ReadAction","target":["https:\/\/v2charge.com\/cs\/podpora-trydan-cs-1777116621\/impedance-infinity\/"]}]},{"@type":"ImageObject","inLanguage":"cs","@id":"https:\/\/v2charge.com\/cs\/podpora-trydan-cs-1777116621\/impedance-infinity\/#primaryimage","url":"https:\/\/v2charge.com\/wp-content\/uploads\/2024\/07\/v2c-electric-chargers.jpg","contentUrl":"https:\/\/v2charge.com\/wp-content\/uploads\/2024\/07\/v2c-electric-chargers.jpg","width":1200,"height":675,"caption":"V2C Electric Chargers"},{"@type":"BreadcrumbList","@id":"https:\/\/v2charge.com\/cs\/podpora-trydan-cs-1777116621\/impedance-infinity\/#breadcrumb","itemListElement":[{"@type":"ListItem","position":1,"name":"V2C","item":"https:\/\/v2charge.com\/cs\/"},{"@type":"ListItem","position":2,"name":"Soporte para Trydan","item":"https:\/\/v2charge.com\/cs\/podpora-trydan-cs-1777116621\/"},{"@type":"ListItem","position":3,"name":"Impedance infinity"}]},{"@type":"WebSite","@id":"https:\/\/v2charge.com\/cs\/#website","url":"https:\/\/v2charge.com\/cs\/","name":"V2C","description":"#CargandoElMa\u00f1ana","publisher":{"@id":"https:\/\/v2charge.com\/cs\/#organization"},"potentialAction":[{"@type":"SearchAction","target":{"@type":"EntryPoint","urlTemplate":"https:\/\/v2charge.com\/cs\/?s={search_term_string}"},"query-input":{"@type":"PropertyValueSpecification","valueRequired":true,"valueName":"search_term_string"}}],"inLanguage":"cs"},{"@type":"Organization","@id":"https:\/\/v2charge.com\/cs\/#organization","name":"V2C","url":"https:\/\/v2charge.com\/cs\/","logo":{"@type":"ImageObject","inLanguage":"cs","@id":"https:\/\/v2charge.com\/cs\/#\/schema\/logo\/image\/","url":"https:\/\/v2charge.com\/wp-content\/uploads\/2024\/11\/cropped-v2c-charge-logo-menu.png","contentUrl":"https:\/\/v2charge.com\/wp-content\/uploads\/2024\/11\/cropped-v2c-charge-logo-menu.png","width":984,"height":431,"caption":"V2C"},"image":{"@id":"https:\/\/v2charge.com\/cs\/#\/schema\/logo\/image\/"},"sameAs":["https:\/\/www.facebook.com\/V2C.Charge","https:\/\/x.com\/V2C_Charge","https:\/\/www.instagram.com\/v2c.charge\/","https:\/\/www.youtube.com\/@V2C","https:\/\/www.linkedin.com\/company\/v2c-chargers\/"]}]}},"uagb_featured_image_src":{"full":["https:\/\/v2charge.com\/wp-content\/uploads\/2024\/07\/v2c-electric-chargers.jpg",1200,675,false],"thumbnail":["https:\/\/v2charge.com\/wp-content\/uploads\/2024\/07\/v2c-electric-chargers-150x150.jpg",150,150,true],"medium":["https:\/\/v2charge.com\/wp-content\/uploads\/2024\/07\/v2c-electric-chargers-300x169.jpg",300,169,true],"medium_large":["https:\/\/v2charge.com\/wp-content\/uploads\/2024\/07\/v2c-electric-chargers-768x432.jpg",768,432,true],"large":["https:\/\/v2charge.com\/wp-content\/uploads\/2024\/07\/v2c-electric-chargers-1024x576.jpg",1024,576,true],"gs-tiny":["https:\/\/v2charge.com\/wp-content\/uploads\/2024\/07\/v2c-electric-chargers.jpg",50,28,false],"xl":["https:\/\/v2charge.com\/wp-content\/uploads\/2024\/07\/v2c-electric-chargers.jpg",1200,675,false],"xxl":["https:\/\/v2charge.com\/wp-content\/uploads\/2024\/07\/v2c-electric-chargers.jpg",1200,675,false],"xxxl":["https:\/\/v2charge.com\/wp-content\/uploads\/2024\/07\/v2c-electric-chargers.jpg",1200,675,false],"xxxxl":["https:\/\/v2charge.com\/wp-content\/uploads\/2024\/07\/v2c-electric-chargers.jpg",1200,675,false],"xxxxxl":["https:\/\/v2charge.com\/wp-content\/uploads\/2024\/07\/v2c-electric-chargers.jpg",1200,675,false],"1536x1536":["https:\/\/v2charge.com\/wp-content\/uploads\/2024\/07\/v2c-electric-chargers.jpg",1200,675,false],"2048x2048":["https:\/\/v2charge.com\/wp-content\/uploads\/2024\/07\/v2c-electric-chargers.jpg",1200,675,false]},"uagb_author_info":{"display_name":"V2C","author_link":"https:\/\/v2charge.com\/cs\/author\/marketing\/"},"uagb_comment_info":0,"uagb_excerpt":"Nekone\u010dn\u00e1 impedance e-Charger Trydan, ve sv\u00e9 verzi s integrovan\u00fdmi ochranami, disponuje nekone\u010dnou impedanc\u00ed (nebo nulovou impedanc\u00ed), technologi\u00ed vyvinutou spole\u010dnost\u00ed V2C, kter\u00e1 zaji\u0161\u0165uje, \u017ee m\u011b\u0159i\u010d nedetekuje nab\u00edjec\u00ed m\u00edsto. Proto, v p\u0159\u00edpad\u011b v\u00fdpadku proudu, lze instalaci jednodu\u0161e resetovat vypnut\u00edm a zapnut\u00edm hlavn\u00edho jisti\u010de domu. Neomezen\u00e1 impedance funguje za n\u00e1sleduj\u00edc\u00edch podm\u00ednek: Pot\u0159ebujete technickou podporu? Okam\u017eit\u011b vy\u0159e\u0161te sv\u016fj probl\u00e9m&hellip;","_links":{"self":[{"href":"https:\/\/v2charge.com\/cs\/wp-json\/wp\/v2\/pages\/318399","targetHints":{"allow":["GET"]}}],"collection":[{"href":"https:\/\/v2charge.com\/cs\/wp-json\/wp\/v2\/pages"}],"about":[{"href":"https:\/\/v2charge.com\/cs\/wp-json\/wp\/v2\/types\/page"}],"author":[{"embeddable":true,"href":"https:\/\/v2charge.com\/cs\/wp-json\/wp\/v2\/users\/400"}],"replies":[{"embeddable":true,"href":"https:\/\/v2charge.com\/cs\/wp-json\/wp\/v2\/comments?post=318399"}],"version-history":[{"count":0,"href":"https:\/\/v2charge.com\/cs\/wp-json\/wp\/v2\/pages\/318399\/revisions"}],"up":[{"embeddable":true,"href":"https:\/\/v2charge.com\/cs\/wp-json\/wp\/v2\/pages\/318299"}],"wp:featuredmedia":[{"embeddable":true,"href":"https:\/\/v2charge.com\/cs\/wp-json\/wp\/v2\/media\/170354"}],"wp:attachment":[{"href":"https:\/\/v2charge.com\/cs\/wp-json\/wp\/v2\/media?parent=318399"}],"curies":[{"name":"wp","href":"https:\/\/api.w.org\/{rel}","templated":true}]}}