{"id":318431,"date":"2025-08-01T12:58:14","date_gmt":"2025-08-01T10:58:14","guid":{"rendered":""},"modified":"2026-04-25T18:19:00","modified_gmt":"2026-04-25T18:19:00","slug":"m-i-mid","status":"publish","type":"page","link":"https:\/\/v2charge.com\/cs\/podpora-trydan-cs-1777116621\/m-i-mid\/","title":{"rendered":"MID M\u011b\u0159i\u010d"},"content":{"rendered":"\n<div class=\"wp-block-uagb-container uagb-block-4e29f302 alignfull uagb-is-root-container\"><div class=\"uagb-container-inner-blocks-wrap\"><div class=\"yoast-breadcrumbs\"><span><span><a href=\"https:\/\/v2charge.com\/cs\/\">V2C<\/a><\/span> \u00bb <span><a href=\"https:\/\/v2charge.com\/cs\/podpora-trydan-cs-1777116621\/\">Soporte para Trydan<\/a><\/span> \u00bb <span class=\"breadcrumb_last\" aria-current=\"page\">M\u011b\u0159i\u010d MID<\/span><\/span><\/div>\n\n<div class=\"wp-block-uagb-advanced-heading uagb-block-eb8d37cd\"><h1 class=\"uagb-heading-text\"><strong>MID m\u011b\u0159i\u010d<\/strong><\/h1><\/div>\n\n<p><strong>MID m\u011b\u0159i\u010d<\/strong> je <strong>elektrick\u00e9 m\u011b\u0159ic\u00ed za\u0159\u00edzen\u00ed<\/strong>, kter\u00e9 spl\u0148uje po\u017eadavky stanoven\u00e9 evropskou sm\u011brnic\u00ed 2014\/32\/EU, zn\u00e1mou jako sm\u011brnice MID (sm\u011brnice o m\u011b\u0159ic\u00edch p\u0159\u00edstroj\u00edch).<\/p>\n\n<p>MID m\u011b\u0159i\u010de umo\u017e\u0148uj\u00ed p\u0159esn\u00e9 <strong>zaznamen\u00e1v\u00e1n\u00ed spot\u0159ebovan\u00e9 energie<\/strong> b\u011bhem nab\u00edjen\u00ed elektrick\u00fdch vozidel, zejm\u00e9na kdy\u017e je vy\u017eadov\u00e1no certifikovan\u00e9 m\u011b\u0159en\u00ed pro faktura\u010dn\u00ed \u00fa\u010dely. D\u00edky sv\u00e9 MID certifikaci tyto m\u011b\u0159i\u010de umo\u017e\u0148uj\u00ed oper\u00e1tor\u016fm, podnik\u016fm a jednotlivc\u016fm zajistit transparentnost ve fakturaci spot\u0159eby elekt\u0159iny.<br><\/p>\n\n<p>Krom\u011b jejich pou\u017eit\u00ed v nab\u00edje\u010dk\u00e1ch pro elektromobily se MID m\u011b\u0159i\u010de tak\u00e9 pou\u017e\u00edvaj\u00ed v <strong>pr\u016fmyslov\u00fdch, komer\u010dn\u00edch a reziden\u010dn\u00edch instalac\u00edch<\/strong>, kde jsou p\u0159esnost a sledovatelnost energetick\u00fdch dat nezbytn\u00e9.<br><\/p>\n\n\n<hr class=\"wp-block-separator has-alpha-channel-opacity\"\/>\n<\/div><\/div>\n\n\n<div class=\"wp-block-uagb-advanced-heading uagb-block-f436cc25\"><h1 class=\"uagb-heading-text\"><strong>Jak p\u0159ipojit MID m\u011b\u0159i\u010d<\/strong><\/h1><\/div>\n\n<p>MID m\u011b\u0159i\u010d je nap\u00e1jen f\u00e1z\u00ed, kter\u00e1 je injektov\u00e1na z ochrann\u00e9ho bloku. Jak je zn\u00e1zorn\u011bno na obr\u00e1zku, neutr\u00e1ln\u00ed vodi\u010d (modr\u00fd kabel) vstupuje a vystupuje p\u0159es horn\u00ed konektory m\u011b\u0159i\u010de, zat\u00edmco f\u00e1ze 1 vstupuje a vystupuje p\u0159es doln\u00ed konektory.<br><\/p>\n\n\n<div class=\"wp-block-uagb-container uagb-block-a856e430 alignwide uagb-is-root-container\">\n<div class=\"wp-block-uagb-container uagb-block-1c381015\">\n<div class=\"wp-block-uagb-image uagb-block-88976d01 wp-block-uagb-image--layout-default wp-block-uagb-image--effect-zoomin wp-block-uagb-image--align-none\"><figure class=\"wp-block-uagb-image__figure\"><img decoding=\"async\" srcset=\"https:\/\/v2charge.com\/wp-content\/uploads\/2025\/08\/medidor-mid.jpg ,https:\/\/v2charge.com\/wp-content\/uploads\/2025\/08\/medidor-mid.jpg 780w, https:\/\/v2charge.com\/wp-content\/uploads\/2025\/08\/medidor-mid.jpg 360w\" sizes=\"auto, (max-width: 480px) 150px\" src=\"https:\/\/v2charge.com\/wp-content\/uploads\/2025\/08\/medidor-mid.jpg\" alt=\"\" class=\"uag-image-240966\" width=\"842\" height=\"610\" title=\"medidor-mid\" loading=\"lazy\" role=\"img\"\/><\/figure><\/div>\n<\/div>\n\n\n\n<div class=\"wp-block-uagb-container margen-acordeon uagb-block-02f02898\"><div class=\"wp-block-uagb-info-box uagb-block-b2701ecb uagb-infobox__content-wrap  uagb-infobox-icon-left uagb-infobox-left uagb-infobox-stacked-tablet uagb-infobox-image-valign-top\"><div class=\"uagb-ifb-image-content\"><img decoding=\"async\" src=\"https:\/\/v2charge.com\/wp-content\/uploads\/2023\/11\/numero-uno.png\" alt=\"\" width=\"25\" height=\"25\" loading=\"lazy\"\/><\/div><div class=\"uagb-ifb-content\"><div class=\"uagb-ifb-title-wrap\"><\/div><p class=\"uagb-ifb-desc\">Jednof\u00e1zov\u00e1 instalace<\/p><\/div><\/div>\n\n<div class=\"wp-block-uagb-info-box uagb-block-84c1f95e uagb-infobox__content-wrap  uagb-infobox-icon-left uagb-infobox-left uagb-infobox-stacked-tablet uagb-infobox-image-valign-top\"><div class=\"uagb-ifb-image-content\"><img decoding=\"async\" src=\"https:\/\/v2charge.com\/wp-content\/uploads\/2023\/11\/numero-dos.png\" alt=\"\" width=\"25\" height=\"25\" loading=\"lazy\"\/><\/div><div class=\"uagb-ifb-content\"><div class=\"uagb-ifb-title-wrap\"><\/div><p class=\"uagb-ifb-desc\">MID m\u011b\u0159i\u010d<\/p><\/div><\/div>\n\n<div class=\"wp-block-uagb-info-box uagb-block-d2b382d2 uagb-infobox__content-wrap  uagb-infobox-icon-left uagb-infobox-left uagb-infobox-stacked-tablet uagb-infobox-image-valign-top\"><div class=\"uagb-ifb-image-content\"><img decoding=\"async\" src=\"https:\/\/v2charge.com\/wp-content\/uploads\/2023\/11\/numero-tres.png\" alt=\"\" width=\"25\" height=\"25\" loading=\"lazy\"\/><\/div><div class=\"uagb-ifb-content\"><div class=\"uagb-ifb-title-wrap\"><\/div><p class=\"uagb-ifb-desc\">Nap\u00e1jec\u00ed deska<\/p><\/div><\/div>\n\n<div class=\"wp-block-uagb-info-box uagb-block-510c4db1 uagb-infobox__content-wrap  uagb-infobox-icon-left uagb-infobox-left uagb-infobox-stacked-tablet uagb-infobox-image-valign-top\"><div class=\"uagb-ifb-image-content\"><img decoding=\"async\" src=\"https:\/\/v2charge.com\/wp-content\/uploads\/2023\/11\/numero-cuatro.png\" alt=\"\" width=\"25\" height=\"25\" loading=\"lazy\"\/><\/div><div class=\"uagb-ifb-content\"><div class=\"uagb-ifb-title-wrap\"><\/div><p class=\"uagb-ifb-desc\">CON6 (A a B)<\/p><\/div><\/div>\n\n<div class=\"wp-block-uagb-info-box uagb-block-1b65eb79 uagb-infobox__content-wrap  uagb-infobox-icon-left uagb-infobox-left uagb-infobox-stacked-tablet uagb-infobox-image-valign-top\"><div class=\"uagb-ifb-image-content\"><img decoding=\"async\" src=\"https:\/\/v2charge.com\/wp-content\/uploads\/2023\/11\/numero-cinco.png\" alt=\"\" width=\"25\" height=\"25\" loading=\"lazy\"\/><\/div><div class=\"uagb-ifb-content\"><div class=\"uagb-ifb-title-wrap\"><\/div><p class=\"uagb-ifb-desc\">Nab\u00edjec\u00ed kabel<\/p><\/div><\/div>\n\n<div class=\"wp-block-uagb-info-box uagb-block-617adc4f uagb-infobox__content-wrap  uagb-infobox-icon-left uagb-infobox-left uagb-infobox-stacked-tablet uagb-infobox-image-valign-top\"><div class=\"uagb-ifb-image-content\"><img decoding=\"async\" src=\"https:\/\/v2charge.com\/wp-content\/uploads\/2023\/12\/numero-seis.png\" alt=\"\" width=\"25\" height=\"25\" loading=\"lazy\"\/><\/div><div class=\"uagb-ifb-content\"><div class=\"uagb-ifb-title-wrap\"><\/div><p class=\"uagb-ifb-desc\">sk\u0159\u00ed\u0148 e-Charger<\/p><\/div><\/div><\/div>\n<\/div>\n\n\n\n<hr class=\"wp-block-separator has-alpha-channel-opacity\"\/>\n\n\n<div class=\"wp-block-uagb-advanced-heading uagb-block-3510d36a\"><h1 class=\"uagb-heading-text\"><strong>Jak nakonfigurovat MID m\u011b\u0159i\u010d<\/strong><\/h1><\/div>\n\n<p>MID m\u011b\u0159i\u010d je nakonfigurov\u00e1n pomoc\u00ed<strong><a href=\"https:\/\/v2charge.com\/support\/trydan\/navigation-buttons-display\/\"> tla\u010d\u00edtkov\u00e9ho panelu nab\u00edje\u010dky Trydan.<\/a> <\/strong>Pro tento \u00fa\u010del p\u0159ejd\u011bte do<strong> &#8218;Dal\u0161\u00ed&#8216;<\/strong> <strong>nastaven\u00ed<\/strong>, pot\u00e9 do <strong>&#8218;sekce MID m\u011b\u0159i\u010d&#8216;<\/strong> a nakonec vyberte bu\u010f &#8218;Jednof\u00e1zov\u00fd&#8216; nebo &#8218;T\u0159\u00edf\u00e1zov\u00fd&#8216;.<br><br>Pokud nen\u00ed nainstalov\u00e1n \u017e\u00e1dn\u00fd MID m\u011b\u0159i\u010d, mus\u00ed b\u00fdt vybr\u00e1na mo\u017enost &#8218;Ne&#8216;.<\/p>\n\n\n<div class=\"wp-block-uagb-container uagb-block-d7888932 default uagb-is-root-container\">\n<div class=\"wp-block-uagb-container uagb-block-51c979ca\">\n<div class=\"wp-block-uagb-image uagb-block-522c59ec wp-block-uagb-image--layout-default wp-block-uagb-image--effect-static wp-block-uagb-image--align-none\"><figure class=\"wp-block-uagb-image__figure\"><img decoding=\"async\" srcset=\"https:\/\/v2charge.com\/wp-content\/uploads\/2024\/06\/mid-meter-single-phase.png ,https:\/\/v2charge.com\/wp-content\/uploads\/2024\/06\/mid-meter-single-phase.png 780w, https:\/\/v2charge.com\/wp-content\/uploads\/2024\/06\/mid-meter-single-phase.png 360w\" sizes=\"auto, (max-width: 480px) 150px\" src=\"https:\/\/v2charge.com\/wp-content\/uploads\/2024\/06\/mid-meter-single-phase.png\" alt=\"\" class=\"uag-image-159565\" width=\"685\" height=\"166\" title=\"mid-meter-single-phase\" loading=\"lazy\" role=\"img\"\/><\/figure><\/div>\n<\/div>\n\n\n\n<div class=\"wp-block-uagb-container uagb-block-c2a9fa26\">\n<div class=\"wp-block-uagb-image uagb-block-1dd3bb79 wp-block-uagb-image--layout-default wp-block-uagb-image--effect-static wp-block-uagb-image--align-none\"><figure class=\"wp-block-uagb-image__figure\"><img decoding=\"async\" srcset=\"https:\/\/v2charge.com\/wp-content\/uploads\/2024\/06\/mid-meter-no.png ,https:\/\/v2charge.com\/wp-content\/uploads\/2024\/06\/mid-meter-no.png 780w, https:\/\/v2charge.com\/wp-content\/uploads\/2024\/06\/mid-meter-no.png 360w\" sizes=\"auto, (max-width: 480px) 150px\" src=\"https:\/\/v2charge.com\/wp-content\/uploads\/2024\/06\/mid-meter-no.png\" alt=\"\" class=\"uag-image-159585\" width=\"685\" height=\"166\" title=\"mid-meter-no\" loading=\"lazy\" role=\"img\"\/><\/figure><\/div>\n<\/div>\n\n\n\n<div class=\"wp-block-uagb-container uagb-block-971804f3\">\n<div class=\"wp-block-uagb-image uagb-block-8e1dc988 wp-block-uagb-image--layout-default wp-block-uagb-image--effect-static wp-block-uagb-image--align-none\"><figure class=\"wp-block-uagb-image__figure\"><img decoding=\"async\" srcset=\"https:\/\/v2charge.com\/wp-content\/uploads\/2024\/06\/mid-meter-three-phase.png ,https:\/\/v2charge.com\/wp-content\/uploads\/2024\/06\/mid-meter-three-phase.png 780w, https:\/\/v2charge.com\/wp-content\/uploads\/2024\/06\/mid-meter-three-phase.png 360w\" sizes=\"auto, (max-width: 480px) 150px\" src=\"https:\/\/v2charge.com\/wp-content\/uploads\/2024\/06\/mid-meter-three-phase.png\" alt=\"\" class=\"uag-image-159575\" width=\"685\" height=\"166\" title=\"mid-meter-three-phase\" loading=\"lazy\" role=\"img\"\/><\/figure><\/div>\n<\/div>\n<\/div>\n\n\n\n<div style=\"height:30px\" aria-hidden=\"true\" class=\"wp-block-spacer uag-hide-mob\"><\/div>\n\n\n\n<div style=\"height:50px\" aria-hidden=\"true\" class=\"wp-block-spacer\"><\/div>\n\n\n\n<div class=\"wp-block-uagb-container uagb-block-c6f38013 alignfull uagb-is-root-container\"><div class=\"uagb-container-inner-blocks-wrap\"><div class=\"wp-block-uagb-advanced-heading uagb-block-6963d70c\"><h2 class=\"uagb-heading-text\"><strong>Pot\u0159ebujete technickou podporu?<\/strong><\/h2><\/div>\n\n<div class=\"wp-block-uagb-advanced-heading uagb-block-408243eb\"><p class=\"uagb-heading-text\">Okam\u017eit\u011b vy\u0159e\u0161te sv\u016fj probl\u00e9m prost\u0159ednictv\u00edm na\u0161eho AI chatu. Pokud nebude vy\u0159e\u0161en, za\u0161lete \u017e\u00e1dost prost\u0159ednictv\u00edm Technick\u00e9ho podp\u016frn\u00e9ho centra a my v\u00e1s co nejd\u0159\u00edve kontaktujeme, abychom poskytli nejlep\u0161\u00ed \u0159e\u0161en\u00ed.<\/p><\/div>\n\n<div class=\"wp-block-uagb-info-box uagb-block-12e3cf1c uagb-infobox__content-wrap  uagb-infobox-icon-left uagb-infobox-left uagb-infobox-image-valign-top wp-block-uagb-info-box--has-margin ai-chatbot-button\"><div class=\"uagb-infobox-margin-wrapper\"><div class=\"uagb-ifb-image-content\"><img decoding=\"async\" src=\"https:\/\/v2charge.com\/wp-content\/uploads\/2026\/01\/support-ai-chatbot.png\" alt=\"\" width=\"20\" height=\"19\" loading=\"lazy\"\/><\/div><div class=\"uagb-ifb-content\"><div class=\"uagb-ifb-title-wrap\"><\/div><div class=\"uagb-ifb-button-wrapper wp-block-button\"><a href=\"https:\/\/v2charge.com\/v2c-support-web\/\" class=\"uagb-infobox-cta-link wp-block-button__link\" target=\"_blank\" rel=\"noopener noreferrer\" onclick=\"return true;\"><span class=\"uagb-inline-editing\">Zeptejte se na\u0161eho AI chatu<\/span><\/a><\/div><\/div><\/div><\/div>\n\n\n<div class=\"wp-block-uagb-buttons uagb-buttons__outer-wrap uagb-btn__default-btn uagb-btn-tablet__default-btn uagb-btn-mobile__default-btn uagb-block-ba1e67d1\"><div class=\"uagb-buttons__wrap uagb-buttons-layout-wrap \"><div class=\"wp-block-uagb-buttons-child uagb-buttons__outer-wrap uagb-block-23cfb623 wp-block-button\"><div class=\"uagb-button__wrapper\"><a class=\"uagb-buttons-repeater wp-block-button__link\" aria-label=\"\" href=\"https:\/\/v2charge.atlassian.net\/servicedesk\/customer\/portal\/3\" rel=\"follow noopener\" target=\"_blank\" role=\"button\"><div class=\"uagb-button__link\">Kontaktujte technickou podporu<\/div><\/a><\/div><\/div><\/div><\/div>\n<\/div><\/div>\n","protected":false},"excerpt":{"rendered":"<p>MID m\u011b\u0159i\u010d MID m\u011b\u0159i\u010d je elektrick\u00e9 m\u011b\u0159ic\u00ed za\u0159\u00edzen\u00ed, kter\u00e9 spl\u0148uje po\u017eadavky stanoven\u00e9 evropskou sm\u011brnic\u00ed 2014\/32\/EU, zn\u00e1mou jako sm\u011brnice MID (sm\u011brnice o m\u011b\u0159ic\u00edch p\u0159\u00edstroj\u00edch). MID m\u011b\u0159i\u010de umo\u017e\u0148uj\u00ed p\u0159esn\u00e9 zaznamen\u00e1v\u00e1n\u00ed spot\u0159ebovan\u00e9 energie b\u011bhem nab\u00edjen\u00ed elektrick\u00fdch vozidel, zejm\u00e9na kdy\u017e je vy\u017eadov\u00e1no certifikovan\u00e9 m\u011b\u0159en\u00ed pro faktura\u010dn\u00ed \u00fa\u010dely. D\u00edky sv\u00e9 MID certifikaci tyto m\u011b\u0159i\u010de umo\u017e\u0148uj\u00ed oper\u00e1tor\u016fm, podnik\u016fm a jednotlivc\u016fm zajistit &#8230; <a title=\"MID M\u011b\u0159i\u010d\" class=\"read-more\" href=\"https:\/\/v2charge.com\/cs\/podpora-trydan-cs-1777116621\/m-i-mid\/\" aria-label=\"Read more about MID M\u011b\u0159i\u010d\">\u010c\u00edst d\u00e1l<\/a><\/p>\n","protected":false},"author":400,"featured_media":0,"parent":318299,"menu_order":0,"comment_status":"closed","ping_status":"closed","template":"","meta":{"_eb_attr":"","content-type":"","_uag_custom_page_level_css":"","footnotes":""},"class_list":["post-318431","page","type-page","status-publish"],"yoast_head":"<!-- This site is optimized with the Yoast SEO plugin v25.3.1 - https:\/\/yoast.com\/wordpress\/plugins\/seo\/ -->\n<title>MID M\u011b\u0159i\u010d - V2C<\/title>\n<meta name=\"description\" content=\"Objevte, jak p\u0159ipojit a nastavit m\u011b\u0159i\u010d MID, za\u0159\u00edzen\u00ed, kter\u00e9 p\u0159esn\u011b zaznamen\u00e1v\u00e1 spot\u0159ebovanou energii p\u0159i nab\u00edjen\u00ed EV.\" \/>\n<meta name=\"robots\" content=\"index, follow, max-snippet:-1, max-image-preview:large, max-video-preview:-1\" \/>\n<link rel=\"canonical\" href=\"https:\/\/v2charge.com\/cs\/podpora-trydan-cs-1777116621\/m-i-mid\/\" \/>\n<meta property=\"og:locale\" content=\"cs_CZ\" \/>\n<meta property=\"og:type\" content=\"article\" \/>\n<meta property=\"og:title\" content=\"MID M\u011b\u0159i\u010d - V2C\" \/>\n<meta property=\"og:description\" content=\"Objevte, jak p\u0159ipojit a nastavit m\u011b\u0159i\u010d MID, za\u0159\u00edzen\u00ed, kter\u00e9 p\u0159esn\u011b zaznamen\u00e1v\u00e1 spot\u0159ebovanou energii p\u0159i nab\u00edjen\u00ed EV.\" \/>\n<meta property=\"og:url\" content=\"https:\/\/v2charge.com\/cs\/podpora-trydan-cs-1777116621\/m-i-mid\/\" \/>\n<meta property=\"og:site_name\" content=\"V2C\" \/>\n<meta property=\"article:publisher\" content=\"https:\/\/www.facebook.com\/V2C.Charge\" \/>\n<meta property=\"article:modified_time\" content=\"2026-04-25T18:19:00+00:00\" \/>\n<meta property=\"og:image\" content=\"https:\/\/v2charge.com\/wp-content\/uploads\/2025\/08\/medidor-mid.jpg\" \/>\n<meta name=\"twitter:card\" content=\"summary_large_image\" \/>\n<meta name=\"twitter:site\" content=\"@V2C_Charge\" \/>\n<meta name=\"twitter:label1\" content=\"Odhadovan\u00e1 doba \u010dten\u00ed\" \/>\n\t<meta name=\"twitter:data1\" content=\"4 minuty\" \/>\n<script type=\"application\/ld+json\" class=\"yoast-schema-graph\">{\"@context\":\"https:\/\/schema.org\",\"@graph\":[{\"@type\":\"WebPage\",\"@id\":\"https:\/\/v2charge.com\/cs\/podpora-trydan-cs-1777116621\/m-i-mid\/\",\"url\":\"https:\/\/v2charge.com\/cs\/podpora-trydan-cs-1777116621\/m-i-mid\/\",\"name\":\"MID M\u011b\u0159i\u010d - V2C\",\"isPartOf\":{\"@id\":\"https:\/\/v2charge.com\/cs\/#website\"},\"primaryImageOfPage\":{\"@id\":\"https:\/\/v2charge.com\/cs\/podpora-trydan-cs-1777116621\/m-i-mid\/#primaryimage\"},\"image\":{\"@id\":\"https:\/\/v2charge.com\/cs\/podpora-trydan-cs-1777116621\/m-i-mid\/#primaryimage\"},\"thumbnailUrl\":\"https:\/\/v2charge.com\/wp-content\/uploads\/2025\/08\/medidor-mid.jpg\",\"datePublished\":\"2025-08-01T10:58:14+00:00\",\"dateModified\":\"2026-04-25T18:19:00+00:00\",\"description\":\"Objevte, jak p\u0159ipojit a nastavit m\u011b\u0159i\u010d MID, za\u0159\u00edzen\u00ed, kter\u00e9 p\u0159esn\u011b zaznamen\u00e1v\u00e1 spot\u0159ebovanou energii p\u0159i nab\u00edjen\u00ed EV.\",\"breadcrumb\":{\"@id\":\"https:\/\/v2charge.com\/cs\/podpora-trydan-cs-1777116621\/m-i-mid\/#breadcrumb\"},\"inLanguage\":\"cs\",\"potentialAction\":[{\"@type\":\"ReadAction\",\"target\":[\"https:\/\/v2charge.com\/cs\/podpora-trydan-cs-1777116621\/m-i-mid\/\"]}]},{\"@type\":\"ImageObject\",\"inLanguage\":\"cs\",\"@id\":\"https:\/\/v2charge.com\/cs\/podpora-trydan-cs-1777116621\/m-i-mid\/#primaryimage\",\"url\":\"https:\/\/v2charge.com\/wp-content\/uploads\/2025\/08\/medidor-mid.jpg\",\"contentUrl\":\"https:\/\/v2charge.com\/wp-content\/uploads\/2025\/08\/medidor-mid.jpg\"},{\"@type\":\"BreadcrumbList\",\"@id\":\"https:\/\/v2charge.com\/cs\/podpora-trydan-cs-1777116621\/m-i-mid\/#breadcrumb\",\"itemListElement\":[{\"@type\":\"ListItem\",\"position\":1,\"name\":\"V2C\",\"item\":\"https:\/\/v2charge.com\/cs\/\"},{\"@type\":\"ListItem\",\"position\":2,\"name\":\"Soporte para Trydan\",\"item\":\"https:\/\/v2charge.com\/cs\/podpora-trydan-cs-1777116621\/\"},{\"@type\":\"ListItem\",\"position\":3,\"name\":\"M\u011b\u0159i\u010d MID\"}]},{\"@type\":\"WebSite\",\"@id\":\"https:\/\/v2charge.com\/cs\/#website\",\"url\":\"https:\/\/v2charge.com\/cs\/\",\"name\":\"V2C\",\"description\":\"#CargandoElMa\u00f1ana\",\"publisher\":{\"@id\":\"https:\/\/v2charge.com\/cs\/#organization\"},\"potentialAction\":[{\"@type\":\"SearchAction\",\"target\":{\"@type\":\"EntryPoint\",\"urlTemplate\":\"https:\/\/v2charge.com\/cs\/?s={search_term_string}\"},\"query-input\":{\"@type\":\"PropertyValueSpecification\",\"valueRequired\":true,\"valueName\":\"search_term_string\"}}],\"inLanguage\":\"cs\"},{\"@type\":\"Organization\",\"@id\":\"https:\/\/v2charge.com\/cs\/#organization\",\"name\":\"V2C\",\"url\":\"https:\/\/v2charge.com\/cs\/\",\"logo\":{\"@type\":\"ImageObject\",\"inLanguage\":\"cs\",\"@id\":\"https:\/\/v2charge.com\/cs\/#\/schema\/logo\/image\/\",\"url\":\"https:\/\/v2charge.com\/wp-content\/uploads\/2024\/11\/cropped-v2c-charge-logo-menu.png\",\"contentUrl\":\"https:\/\/v2charge.com\/wp-content\/uploads\/2024\/11\/cropped-v2c-charge-logo-menu.png\",\"width\":984,\"height\":431,\"caption\":\"V2C\"},\"image\":{\"@id\":\"https:\/\/v2charge.com\/cs\/#\/schema\/logo\/image\/\"},\"sameAs\":[\"https:\/\/www.facebook.com\/V2C.Charge\",\"https:\/\/x.com\/V2C_Charge\",\"https:\/\/www.instagram.com\/v2c.charge\/\",\"https:\/\/www.youtube.com\/@V2C\",\"https:\/\/www.linkedin.com\/company\/v2c-chargers\/\"]}]}<\/script>\n<!-- \/ Yoast SEO plugin. -->","yoast_head_json":{"title":"MID M\u011b\u0159i\u010d - V2C","description":"Objevte, jak p\u0159ipojit a nastavit m\u011b\u0159i\u010d MID, za\u0159\u00edzen\u00ed, kter\u00e9 p\u0159esn\u011b zaznamen\u00e1v\u00e1 spot\u0159ebovanou energii p\u0159i nab\u00edjen\u00ed EV.","robots":{"index":"index","follow":"follow","max-snippet":"max-snippet:-1","max-image-preview":"max-image-preview:large","max-video-preview":"max-video-preview:-1"},"canonical":"https:\/\/v2charge.com\/cs\/podpora-trydan-cs-1777116621\/m-i-mid\/","og_locale":"cs_CZ","og_type":"article","og_title":"MID M\u011b\u0159i\u010d - V2C","og_description":"Objevte, jak p\u0159ipojit a nastavit m\u011b\u0159i\u010d MID, za\u0159\u00edzen\u00ed, kter\u00e9 p\u0159esn\u011b zaznamen\u00e1v\u00e1 spot\u0159ebovanou energii p\u0159i nab\u00edjen\u00ed EV.","og_url":"https:\/\/v2charge.com\/cs\/podpora-trydan-cs-1777116621\/m-i-mid\/","og_site_name":"V2C","article_publisher":"https:\/\/www.facebook.com\/V2C.Charge","article_modified_time":"2026-04-25T18:19:00+00:00","og_image":[{"url":"https:\/\/v2charge.com\/wp-content\/uploads\/2025\/08\/medidor-mid.jpg","type":"","width":"","height":""}],"twitter_card":"summary_large_image","twitter_site":"@V2C_Charge","twitter_misc":{"Odhadovan\u00e1 doba \u010dten\u00ed":"4 minuty"},"schema":{"@context":"https:\/\/schema.org","@graph":[{"@type":"WebPage","@id":"https:\/\/v2charge.com\/cs\/podpora-trydan-cs-1777116621\/m-i-mid\/","url":"https:\/\/v2charge.com\/cs\/podpora-trydan-cs-1777116621\/m-i-mid\/","name":"MID M\u011b\u0159i\u010d - V2C","isPartOf":{"@id":"https:\/\/v2charge.com\/cs\/#website"},"primaryImageOfPage":{"@id":"https:\/\/v2charge.com\/cs\/podpora-trydan-cs-1777116621\/m-i-mid\/#primaryimage"},"image":{"@id":"https:\/\/v2charge.com\/cs\/podpora-trydan-cs-1777116621\/m-i-mid\/#primaryimage"},"thumbnailUrl":"https:\/\/v2charge.com\/wp-content\/uploads\/2025\/08\/medidor-mid.jpg","datePublished":"2025-08-01T10:58:14+00:00","dateModified":"2026-04-25T18:19:00+00:00","description":"Objevte, jak p\u0159ipojit a nastavit m\u011b\u0159i\u010d MID, za\u0159\u00edzen\u00ed, kter\u00e9 p\u0159esn\u011b zaznamen\u00e1v\u00e1 spot\u0159ebovanou energii p\u0159i nab\u00edjen\u00ed EV.","breadcrumb":{"@id":"https:\/\/v2charge.com\/cs\/podpora-trydan-cs-1777116621\/m-i-mid\/#breadcrumb"},"inLanguage":"cs","potentialAction":[{"@type":"ReadAction","target":["https:\/\/v2charge.com\/cs\/podpora-trydan-cs-1777116621\/m-i-mid\/"]}]},{"@type":"ImageObject","inLanguage":"cs","@id":"https:\/\/v2charge.com\/cs\/podpora-trydan-cs-1777116621\/m-i-mid\/#primaryimage","url":"https:\/\/v2charge.com\/wp-content\/uploads\/2025\/08\/medidor-mid.jpg","contentUrl":"https:\/\/v2charge.com\/wp-content\/uploads\/2025\/08\/medidor-mid.jpg"},{"@type":"BreadcrumbList","@id":"https:\/\/v2charge.com\/cs\/podpora-trydan-cs-1777116621\/m-i-mid\/#breadcrumb","itemListElement":[{"@type":"ListItem","position":1,"name":"V2C","item":"https:\/\/v2charge.com\/cs\/"},{"@type":"ListItem","position":2,"name":"Soporte para Trydan","item":"https:\/\/v2charge.com\/cs\/podpora-trydan-cs-1777116621\/"},{"@type":"ListItem","position":3,"name":"M\u011b\u0159i\u010d MID"}]},{"@type":"WebSite","@id":"https:\/\/v2charge.com\/cs\/#website","url":"https:\/\/v2charge.com\/cs\/","name":"V2C","description":"#CargandoElMa\u00f1ana","publisher":{"@id":"https:\/\/v2charge.com\/cs\/#organization"},"potentialAction":[{"@type":"SearchAction","target":{"@type":"EntryPoint","urlTemplate":"https:\/\/v2charge.com\/cs\/?s={search_term_string}"},"query-input":{"@type":"PropertyValueSpecification","valueRequired":true,"valueName":"search_term_string"}}],"inLanguage":"cs"},{"@type":"Organization","@id":"https:\/\/v2charge.com\/cs\/#organization","name":"V2C","url":"https:\/\/v2charge.com\/cs\/","logo":{"@type":"ImageObject","inLanguage":"cs","@id":"https:\/\/v2charge.com\/cs\/#\/schema\/logo\/image\/","url":"https:\/\/v2charge.com\/wp-content\/uploads\/2024\/11\/cropped-v2c-charge-logo-menu.png","contentUrl":"https:\/\/v2charge.com\/wp-content\/uploads\/2024\/11\/cropped-v2c-charge-logo-menu.png","width":984,"height":431,"caption":"V2C"},"image":{"@id":"https:\/\/v2charge.com\/cs\/#\/schema\/logo\/image\/"},"sameAs":["https:\/\/www.facebook.com\/V2C.Charge","https:\/\/x.com\/V2C_Charge","https:\/\/www.instagram.com\/v2c.charge\/","https:\/\/www.youtube.com\/@V2C","https:\/\/www.linkedin.com\/company\/v2c-chargers\/"]}]}},"uagb_featured_image_src":{"full":false,"thumbnail":false,"medium":false,"medium_large":false,"large":false,"gs-tiny":false,"xl":false,"xxl":false,"xxxl":false,"xxxxl":false,"xxxxxl":false,"1536x1536":false,"2048x2048":false},"uagb_author_info":{"display_name":"V2C","author_link":"https:\/\/v2charge.com\/cs\/author\/marketing\/"},"uagb_comment_info":0,"uagb_excerpt":"MID m\u011b\u0159i\u010d MID m\u011b\u0159i\u010d je elektrick\u00e9 m\u011b\u0159ic\u00ed za\u0159\u00edzen\u00ed, kter\u00e9 spl\u0148uje po\u017eadavky stanoven\u00e9 evropskou sm\u011brnic\u00ed 2014\/32\/EU, zn\u00e1mou jako sm\u011brnice MID (sm\u011brnice o m\u011b\u0159ic\u00edch p\u0159\u00edstroj\u00edch). MID m\u011b\u0159i\u010de umo\u017e\u0148uj\u00ed p\u0159esn\u00e9 zaznamen\u00e1v\u00e1n\u00ed spot\u0159ebovan\u00e9 energie b\u011bhem nab\u00edjen\u00ed elektrick\u00fdch vozidel, zejm\u00e9na kdy\u017e je vy\u017eadov\u00e1no certifikovan\u00e9 m\u011b\u0159en\u00ed pro faktura\u010dn\u00ed \u00fa\u010dely. D\u00edky sv\u00e9 MID certifikaci tyto m\u011b\u0159i\u010de umo\u017e\u0148uj\u00ed oper\u00e1tor\u016fm, podnik\u016fm a jednotlivc\u016fm zajistit&hellip;","_links":{"self":[{"href":"https:\/\/v2charge.com\/cs\/wp-json\/wp\/v2\/pages\/318431","targetHints":{"allow":["GET"]}}],"collection":[{"href":"https:\/\/v2charge.com\/cs\/wp-json\/wp\/v2\/pages"}],"about":[{"href":"https:\/\/v2charge.com\/cs\/wp-json\/wp\/v2\/types\/page"}],"author":[{"embeddable":true,"href":"https:\/\/v2charge.com\/cs\/wp-json\/wp\/v2\/users\/400"}],"replies":[{"embeddable":true,"href":"https:\/\/v2charge.com\/cs\/wp-json\/wp\/v2\/comments?post=318431"}],"version-history":[{"count":0,"href":"https:\/\/v2charge.com\/cs\/wp-json\/wp\/v2\/pages\/318431\/revisions"}],"up":[{"embeddable":true,"href":"https:\/\/v2charge.com\/cs\/wp-json\/wp\/v2\/pages\/318299"}],"wp:attachment":[{"href":"https:\/\/v2charge.com\/cs\/wp-json\/wp\/v2\/media?parent=318431"}],"curies":[{"name":"wp","href":"https:\/\/api.w.org\/{rel}","templated":true}]}}