{"id":318441,"date":"2026-03-12T10:32:20","date_gmt":"2026-03-12T08:32:20","guid":{"rendered":""},"modified":"2026-03-24T16:38:44","modified_gmt":"2026-03-24T14:38:44","slug":"postup-uvedeni-nabije-ek-v2c-do-provozu-v-siti-mobi-e","status":"publish","type":"page","link":"https:\/\/v2charge.com\/cs\/oblast-podpory\/postup-uvedeni-nabije-ek-v2c-do-provozu-v-siti-mobi-e\/","title":{"rendered":"Postup uveden\u00ed nab\u00edje\u010dek V2C do provozu v s\u00edti MOBI.E"},"content":{"rendered":"\n<div class=\"wp-block-uagb-container uagb-block-2b438ecc alignfull uagb-is-root-container\"><div class=\"uagb-container-inner-blocks-wrap\">\n<div style=\"height:20px\" aria-hidden=\"true\" class=\"wp-block-spacer\"><\/div>\n\n\n<div class=\"yoast-breadcrumbs\"><span><span><a href=\"https:\/\/v2charge.com\/cs\/\">V2C<\/a><\/span> \u00bb <span><a href=\"https:\/\/v2charge.com\/cs\/oblast-podpory\/\">Oblast podpory<\/a><\/span> \u00bb <span class=\"breadcrumb_last\" aria-current=\"page\">Postup uveden\u00ed nab\u00edje\u010dek V2C do provozu v s\u00edti MOBI.E<\/span><\/span><\/div>\n\n\n<div style=\"height:0px\" aria-hidden=\"true\" class=\"wp-block-spacer\"><\/div>\n\n\n<h1 class=\"wp-block-heading\" style=\"font-size:29px\">Postup uveden\u00ed nab\u00edje\u010dek V2C do provozu v s\u00edti MOBI.E<\/h1>\n\n<p>Tento dokument m\u00e1 za c\u00edl jasn\u011b a strukturovan\u011b p\u0159edstavit postup uveden\u00ed do provozu nab\u00edje\u010dek V2C pro integraci do s\u00edt\u011b MOBI.E.<\/p>\n\n\n<div class=\"wp-block-uagb-separator uagb-block-32088eae\"><div class=\"wp-block-uagb-separator__inner\" style=\"--my-background-image:\"><\/div><\/div>\n\n\n<h2 class=\"wp-block-heading\">Krok za krokem k uveden\u00ed nab\u00edje\u010dek V2C do provozu v s\u00edti MOBI.E<\/h2>\n\n<div class=\"wp-block-uagb-info-box uagb-block-429858b8 uagb-infobox__content-wrap  uagb-infobox-icon-left uagb-infobox-left uagb-infobox-stacked-tablet uagb-infobox-image-valign-top\"><div class=\"uagb-ifb-image-content\"><img decoding=\"async\" src=\"https:\/\/v2charge.com\/wp-content\/uploads\/2023\/11\/numero-uno.png\" alt=\"\" width=\"35\" height=\"35\" loading=\"lazy\"\/><\/div><div class=\"uagb-ifb-content\"><div class=\"uagb-ifb-title-wrap\"><h3 class=\"uagb-ifb-title\">Pl\u00e1nov\u00e1n\u00ed uveden\u00ed do provozu:<\/h3><\/div><p class=\"uagb-ifb-desc\">&#8211; Kontaktujte t\u00fdm podpory SAT V2C, abyste informovali o pl\u00e1novan\u00e9m datu uveden\u00ed do provozu.<br>&#8211; Otev\u0159ete tiket v Jira s alespo\u0148 2denn\u00edm p\u0159edstihem pro form\u00e1ln\u00ed z\u00e1znam procesu: <a href=\"https:\/\/v2charge.atlassian.net\/servicedesk\/customer\/portal\/3\">https:\/\/v2charge.atlassian.net\/servicedesk\/customer\/portal\/3<\/a><br>&#8211; Do tiketu zahr\u0148te n\u00e1sleduj\u00edc\u00ed povinn\u00e9 informace:<br>o ID nab\u00edje\u010dky V2C<br>o ID MOBI.E nab\u00edjec\u00edho bodu<br>o URL pro komunikaci s MOBI.E<br>&#8211; Zajist\u011bte, aby byla nab\u00edje\u010dka p\u0159ipojena k internetu (4G, Ethernet nebo Wi-Fi), co\u017e umo\u017en\u00ed p\u0159edb\u011b\u017en\u00e9 nastaven\u00ed <strong>(nepovolujeme kartu Mobi.E)<\/strong><\/p><\/div><\/div>\n\n\n<hr class=\"wp-block-separator has-alpha-channel-opacity\"\/>\n\n\n<div class=\"wp-block-uagb-info-box uagb-block-59482f7b uagb-infobox__content-wrap  uagb-infobox-icon-left uagb-infobox-left uagb-infobox-stacked-tablet uagb-infobox-image-valign-top\"><div class=\"uagb-ifb-image-content\"><img decoding=\"async\" src=\"https:\/\/v2charge.com\/wp-content\/uploads\/2023\/11\/numero-dos.png\" alt=\"\" width=\"35\" height=\"35\" loading=\"lazy\"\/><\/div><div class=\"uagb-ifb-content\"><div class=\"uagb-ifb-title-wrap\"><h3 class=\"uagb-ifb-title\">P\u0159edb\u011b\u017en\u00e9 nastaven\u00ed<\/h3><\/div><p class=\"uagb-ifb-desc\">T\u00fdm podpory SAT V2C bude odpov\u011bdn\u00fd za:<br>o Ov\u011b\u0159en\u00ed konektivity nab\u00edje\u010dky.<br>o Nastaven\u00ed komunikace se serverem MOBI.E.<br>o Ov\u011b\u0159en\u00ed pot\u0159ebn\u00fdch parametr\u016f pro integraci.<\/p><\/div><\/div>\n\n\n<hr class=\"wp-block-separator has-alpha-channel-opacity\"\/>\n\n\n<div class=\"wp-block-uagb-info-box uagb-block-16e6cee3 uagb-infobox__content-wrap  uagb-infobox-icon-left uagb-infobox-left uagb-infobox-stacked-tablet uagb-infobox-image-valign-top\"><div class=\"uagb-ifb-image-content\"><img decoding=\"async\" src=\"https:\/\/v2charge.com\/wp-content\/uploads\/2023\/11\/numero-tres.png\" alt=\"\" width=\"35\" height=\"35\" loading=\"lazy\"\/><\/div><div class=\"uagb-ifb-content\"><div class=\"uagb-ifb-title-wrap\"><h3 class=\"uagb-ifb-title\">Den uveden\u00ed do provozu<\/h3><\/div><p class=\"uagb-ifb-desc\">&#8211; Odpov\u011bdn\u00fd technik by m\u011bl prov\u00e9st provozn\u00ed testy s minim\u00e1ln\u00edm nab\u00edjen\u00edm p\u0159ibli\u017en\u011b <strong>5 minut<\/strong> na m\u00edst\u011b. V opa\u010dn\u00e9m p\u0159\u00edpad\u011b V2C nevaliduje stanici a nezaru\u010duje jej\u00ed spr\u00e1vnou funk\u010dnost.<br>&#8211; T\u00fdm podpory SAT V2C bude k dispozici pro vzd\u00e1lenou podporu v p\u0159\u00edpad\u011b, \u017ee dojde k n\u011bjak\u00fdm incident\u016fm.<br><br>Testy zahrnuj\u00ed:<br>&#8211; Ov\u011b\u0159en\u00ed komunikace s platformou MOBI.E.<br>&#8211; Potvrzen\u00ed dostupnosti nab\u00edjec\u00edho bodu.<br>&#8211; Test zah\u00e1jen\u00ed a ukon\u010den\u00ed nab\u00edjec\u00edch sezen\u00ed.<br>&#8211; Ov\u011b\u0159en\u00ed spr\u00e1vn\u00e9ho odesl\u00e1n\u00ed dat sezen\u00ed.<\/p><\/div><\/div>\n\n\n<hr class=\"wp-block-separator has-alpha-channel-opacity\"\/>\n\n\n<div class=\"wp-block-uagb-info-box uagb-block-27544e75 uagb-infobox__content-wrap  uagb-infobox-icon-left uagb-infobox-left uagb-infobox-stacked-tablet uagb-infobox-image-valign-top\"><div class=\"uagb-ifb-image-content\"><img decoding=\"async\" src=\"https:\/\/v2charge.com\/wp-content\/uploads\/2023\/11\/numero-cuatro.png\" alt=\"\" width=\"35\" height=\"35\" loading=\"lazy\"\/><\/div><div class=\"uagb-ifb-content\"><div class=\"uagb-ifb-title-wrap\"><h3 class=\"uagb-ifb-title\">Odesl\u00e1n\u00ed z\u00e1v\u011bre\u010dn\u00e9 zpr\u00e1vy<\/h3><\/div><p class=\"uagb-ifb-desc\">&#8211; Po dokon\u010den\u00ed uveden\u00ed do provozu by technik m\u011bl zaslat t\u00fdmu podpory SAT V2C z\u00e1v\u011bre\u010dnou zpr\u00e1vu ve form\u00e1tu PDF, kterou vygeneroval MOBI.E.<br>&#8211; Soubor by m\u011bl b\u00fdt p\u0159ipojen k p\u0159\u00edslu\u0161n\u00e9mu tiketu v Jira.<\/p><\/div><\/div>\n\n\n<hr class=\"wp-block-separator has-alpha-channel-opacity\"\/>\n\n\n<div class=\"wp-block-uagb-info-box uagb-block-fa4ab87a uagb-infobox__content-wrap  uagb-infobox-icon-left uagb-infobox-left uagb-infobox-stacked-tablet uagb-infobox-image-valign-top\"><div class=\"uagb-ifb-image-content\"><img decoding=\"async\" src=\"https:\/\/v2charge.com\/wp-content\/uploads\/2023\/11\/numero-cinco.png\" alt=\"\" width=\"35\" height=\"35\" loading=\"lazy\"\/><\/div><div class=\"uagb-ifb-content\"><div class=\"uagb-ifb-title-wrap\"><h3 class=\"uagb-ifb-title\">Uzav\u0159en\u00ed a schv\u00e1len\u00ed. Proces bude pova\u017eov\u00e1n za dokon\u010den\u00fd, kdy\u017e:<\/h3><\/div><p class=\"uagb-ifb-desc\">&#8211; Nab\u00edje\u010dka bude funk\u010dn\u00ed v s\u00edti MOBI.E.<br>&#8211; Kone\u010dn\u00e1 zpr\u00e1va bude p\u0159ijata a p\u0159ilo\u017eena.<br>&#8211; Ticket v Jira bude aktualizov\u00e1n a uzav\u0159en.<\/p><\/div><\/div>\n\n\n<div class=\"wp-block-uagb-container uagb-block-1f935475 alignfull uagb-is-root-container\"><div class=\"uagb-container-inner-blocks-wrap\">\n<div class=\"wp-block-uagb-container uagb-block-59eea2fc alignfull uagb-is-root-container\"><div class=\"uagb-container-inner-blocks-wrap\">\n<div class=\"wp-block-uagb-container uagb-block-56fcb881 default uagb-is-root-container\">\n<div class=\"wp-block-uagb-container uagb-block-bf93bb80\">      \n\t\t\t<div class=\"uagb-icon-wrapper uagb-block-256e660f      \"\n\t\t\tstyle=\"\" >\n\t\t\t\t\t\t\t\t\t<span class=\"uagb-svg-wrapper\" \n\t\t\t\t\t aria-label=\"triangle-exclamation\"\t\t\t\t\ttabindex=\"0\">\t\t\n\t\t\t\t\t\t\t\t\t\t<svg xmlns=\"https:\/\/www.w3.org\/2000\/svg\" viewBox= \"0 0 512 512\" role=\"graphics-symbol\" aria-hidden=\"false\" aria-label=\"\"><path d=\"M506.3 417l-213.3-364c-16.33-28-57.54-28-73.98 0l-213.2 364C-10.59 444.9 9.849 480 42.74 480h426.6C502.1 480 522.6 445 506.3 417zM232 168c0-13.25 10.75-24 24-24S280 154.8 280 168v128c0 13.25-10.75 24-23.1 24S232 309.3 232 296V168zM256 416c-17.36 0-31.44-14.08-31.44-31.44c0-17.36 14.07-31.44 31.44-31.44s31.44 14.08 31.44 31.44C287.4 401.9 273.4 416 256 416z\"><\/path><\/svg>\n\t\t\t\t\t\t\t\t\t<\/span>\n\t\t\t\t\t\t\t<\/div>\n\t\t\t<\/div>\n\n\n\n<div class=\"wp-block-uagb-container uagb-block-b8fad4aa\"><div class=\"wp-block-uagb-advanced-heading uagb-block-b57273fe\"><p class=\"uagb-heading-text\"><strong>Pozn\u00e1mky<\/strong><br><br><strong>Dodr\u017eov\u00e1n\u00ed tohoto postupu zaji\u0161\u0165uje sledovatelnost procesu, adekv\u00e1tn\u00ed podporu b\u011bhem uveden\u00ed do provozu a form\u00e1ln\u00ed ov\u011b\u0159en\u00ed aktivace nab\u00edje\u010dky. Tak\u00e9 umo\u017e\u0148uje managementu sledovat proces strukturovan\u00fdm a standardizovan\u00fdm zp\u016fsobem<\/strong>.<\/p><\/div><\/div>\n\n\n\n<div class=\"wp-block-uagb-container uag-hide-mob uagb-block-c9a6d8e6\">      \n\t\t\t<div class=\"uagb-icon-wrapper uagb-block-49bd03e3     uag-hide-mob \"\n\t\t\tstyle=\"\" >\n\t\t\t\t\t\t\t\t\t<span class=\"uagb-svg-wrapper\" \n\t\t\t\t\t aria-label=\"triangle-exclamation\"\t\t\t\t\ttabindex=\"0\">\t\t\n\t\t\t\t\t\t\t\t\t\t<svg xmlns=\"https:\/\/www.w3.org\/2000\/svg\" viewBox= \"0 0 512 512\" role=\"graphics-symbol\" aria-hidden=\"false\" aria-label=\"\"><path d=\"M506.3 417l-213.3-364c-16.33-28-57.54-28-73.98 0l-213.2 364C-10.59 444.9 9.849 480 42.74 480h426.6C502.1 480 522.6 445 506.3 417zM232 168c0-13.25 10.75-24 24-24S280 154.8 280 168v128c0 13.25-10.75 24-23.1 24S232 309.3 232 296V168zM256 416c-17.36 0-31.44-14.08-31.44-31.44c0-17.36 14.07-31.44 31.44-31.44s31.44 14.08 31.44 31.44C287.4 401.9 273.4 416 256 416z\"><\/path><\/svg>\n\t\t\t\t\t\t\t\t\t<\/span>\n\t\t\t\t\t\t\t<\/div>\n\t\t\t<\/div>\n<\/div>\n<\/div><\/div>\n<\/div><\/div>\n\n\n\n<div style=\"height:100px\" aria-hidden=\"true\" class=\"wp-block-spacer\"><\/div>\n<\/div><\/div>\n\n\n\n<div class=\"wp-block-uagb-container uagb-block-c6f38013 alignfull uagb-is-root-container\"><div class=\"uagb-container-inner-blocks-wrap\"><div class=\"wp-block-uagb-advanced-heading uagb-block-6963d70c\"><h2 class=\"uagb-heading-text\"><strong>Pot\u0159ebujete technickou podporu?<\/strong><\/h2><\/div>\n\n<div class=\"wp-block-uagb-advanced-heading uagb-block-408243eb\"><p class=\"uagb-heading-text\">Vy\u0159e\u0161te svou z\u00e1le\u017eitost okam\u017eit\u011b prost\u0159ednictv\u00edm na\u0161eho chatu s AI. Pokud nebude vy\u0159e\u0161ena, vytvo\u0159te \u017e\u00e1dost v Centru technick\u00e9 podpory a co nejd\u0159\u00edve se s v\u00e1mi spoj\u00edme, abychom v\u00e1m nab\u00eddli nejlep\u0161\u00ed \u0159e\u0161en\u00ed.<\/p><\/div>\n\n<div class=\"wp-block-uagb-info-box uagb-block-12e3cf1c uagb-infobox__content-wrap  uagb-infobox-icon-left uagb-infobox-left uagb-infobox-image-valign-top wp-block-uagb-info-box--has-margin ai-chatbot-button\"><div class=\"uagb-infobox-margin-wrapper\"><div class=\"uagb-ifb-image-content\"><img decoding=\"async\" src=\"https:\/\/v2charge.com\/wp-content\/uploads\/2026\/01\/support-ai-chatbot.png\" alt=\"\" width=\"20\" height=\"19\" loading=\"lazy\"\/><\/div><div class=\"uagb-ifb-content\"><div class=\"uagb-ifb-title-wrap\"><\/div><div class=\"uagb-ifb-button-wrapper wp-block-button\"><a href=\"https:\/\/v2charge.com\/cs\/v2c-support-web\/\" class=\"uagb-infobox-cta-link wp-block-button__link\" target=\"_blank\" rel=\"noopener noreferrer\" onclick=\"return true;\"><span class=\"uagb-inline-editing\">Zeptejte se na\u0161eho AI chatu<\/span><\/a><\/div><\/div><\/div><\/div>\n\n\n<div class=\"wp-block-uagb-buttons uagb-buttons__outer-wrap uagb-btn__default-btn uagb-btn-tablet__default-btn uagb-btn-mobile__default-btn uagb-block-ba1e67d1\"><div class=\"uagb-buttons__wrap uagb-buttons-layout-wrap \"><div class=\"wp-block-uagb-buttons-child uagb-buttons__outer-wrap uagb-block-23cfb623 wp-block-button\"><div class=\"uagb-button__wrapper\"><a class=\"uagb-buttons-repeater wp-block-button__link\" aria-label=\"\" href=\"https:\/\/v2charge.atlassian.net\/servicedesk\/customer\/portal\/3\" rel=\"follow noopener\" target=\"_blank\" role=\"button\"><div class=\"uagb-button__link\">Kontaktujte technickou podporu<\/div><\/a><\/div><\/div><\/div><\/div>\n<\/div><\/div>\n","protected":false},"excerpt":{"rendered":"<p>Postup uveden\u00ed nab\u00edje\u010dek V2C do provozu v s\u00edti MOBI.E Tento dokument m\u00e1 za c\u00edl jasn\u011b a strukturovan\u011b p\u0159edstavit postup uveden\u00ed do provozu nab\u00edje\u010dek V2C pro integraci do s\u00edt\u011b MOBI.E. Krok za krokem k uveden\u00ed nab\u00edje\u010dek V2C do provozu v s\u00edti MOBI.E Pozn\u00e1mky Dodr\u017eov\u00e1n\u00ed tohoto postupu zaji\u0161\u0165uje sledovatelnost procesu, adekv\u00e1tn\u00ed podporu b\u011bhem uveden\u00ed do provozu a &#8230; <a title=\"Postup uveden\u00ed nab\u00edje\u010dek V2C do provozu v s\u00edti MOBI.E\" class=\"read-more\" href=\"https:\/\/v2charge.com\/cs\/oblast-podpory\/postup-uvedeni-nabije-ek-v2c-do-provozu-v-siti-mobi-e\/\" aria-label=\"Read more about Postup uveden\u00ed nab\u00edje\u010dek V2C do provozu v s\u00edti MOBI.E\">\u010c\u00edst d\u00e1l<\/a><\/p>\n","protected":false},"author":400,"featured_media":0,"parent":318313,"menu_order":0,"comment_status":"closed","ping_status":"closed","template":"","meta":{"_eb_attr":"","content-type":"","_uag_custom_page_level_css":"","footnotes":""},"class_list":["post-318441","page","type-page","status-publish"],"yoast_head":"<!-- This site is optimized with the Yoast SEO plugin v25.3.1 - https:\/\/yoast.com\/wordpress\/plugins\/seo\/ -->\n<title>Komisionov\u00e1n\u00ed nab\u00edje\u010dek V2C v s\u00edti MOBI.E<\/title>\n<meta name=\"description\" content=\"Postup uveden\u00ed nab\u00edje\u010dek V2C do provozu v s\u00edti MOBI.E | Krok za krokem V2C + s\u00ed\u0165 MOBI.E | Podpora V2C\" \/>\n<meta name=\"robots\" content=\"index, follow, max-snippet:-1, max-image-preview:large, max-video-preview:-1\" \/>\n<link rel=\"canonical\" href=\"https:\/\/v2charge.com\/cs\/oblast-podpory\/postup-uvedeni-nabije-ek-v2c-do-provozu-v-siti-mobi-e\/\" \/>\n<meta property=\"og:locale\" content=\"cs_CZ\" \/>\n<meta property=\"og:type\" content=\"article\" \/>\n<meta property=\"og:title\" content=\"Komisionov\u00e1n\u00ed nab\u00edje\u010dek V2C v s\u00edti MOBI.E\" \/>\n<meta property=\"og:description\" content=\"Postup uveden\u00ed nab\u00edje\u010dek V2C do provozu v s\u00edti MOBI.E | Krok za krokem V2C + s\u00ed\u0165 MOBI.E | Podpora V2C\" \/>\n<meta property=\"og:url\" content=\"https:\/\/v2charge.com\/cs\/oblast-podpory\/postup-uvedeni-nabije-ek-v2c-do-provozu-v-siti-mobi-e\/\" \/>\n<meta property=\"og:site_name\" content=\"V2C\" \/>\n<meta property=\"article:publisher\" content=\"https:\/\/www.facebook.com\/V2C.Charge\" \/>\n<meta property=\"article:modified_time\" content=\"2026-03-24T14:38:44+00:00\" \/>\n<meta property=\"og:image\" content=\"https:\/\/v2charge.com\/wp-content\/uploads\/2023\/11\/numero-uno.png\" \/>\n<meta name=\"twitter:card\" content=\"summary_large_image\" \/>\n<meta name=\"twitter:site\" content=\"@V2C_Charge\" \/>\n<meta name=\"twitter:label1\" content=\"Odhadovan\u00e1 doba \u010dten\u00ed\" \/>\n\t<meta name=\"twitter:data1\" content=\"4 minuty\" \/>\n<script type=\"application\/ld+json\" class=\"yoast-schema-graph\">{\"@context\":\"https:\/\/schema.org\",\"@graph\":[{\"@type\":\"WebPage\",\"@id\":\"https:\/\/v2charge.com\/cs\/oblast-podpory\/postup-uvedeni-nabije-ek-v2c-do-provozu-v-siti-mobi-e\/\",\"url\":\"https:\/\/v2charge.com\/cs\/oblast-podpory\/postup-uvedeni-nabije-ek-v2c-do-provozu-v-siti-mobi-e\/\",\"name\":\"Komisionov\u00e1n\u00ed nab\u00edje\u010dek V2C v s\u00edti MOBI.E\",\"isPartOf\":{\"@id\":\"https:\/\/v2charge.com\/cs\/#website\"},\"primaryImageOfPage\":{\"@id\":\"https:\/\/v2charge.com\/cs\/oblast-podpory\/postup-uvedeni-nabije-ek-v2c-do-provozu-v-siti-mobi-e\/#primaryimage\"},\"image\":{\"@id\":\"https:\/\/v2charge.com\/cs\/oblast-podpory\/postup-uvedeni-nabije-ek-v2c-do-provozu-v-siti-mobi-e\/#primaryimage\"},\"thumbnailUrl\":\"https:\/\/v2charge.com\/wp-content\/uploads\/2023\/11\/numero-uno.png\",\"datePublished\":\"2026-03-12T08:32:20+00:00\",\"dateModified\":\"2026-03-24T14:38:44+00:00\",\"description\":\"Postup uveden\u00ed nab\u00edje\u010dek V2C do provozu v s\u00edti MOBI.E | Krok za krokem V2C + s\u00ed\u0165 MOBI.E | Podpora V2C\",\"breadcrumb\":{\"@id\":\"https:\/\/v2charge.com\/cs\/oblast-podpory\/postup-uvedeni-nabije-ek-v2c-do-provozu-v-siti-mobi-e\/#breadcrumb\"},\"inLanguage\":\"cs\",\"potentialAction\":[{\"@type\":\"ReadAction\",\"target\":[\"https:\/\/v2charge.com\/cs\/oblast-podpory\/postup-uvedeni-nabije-ek-v2c-do-provozu-v-siti-mobi-e\/\"]}]},{\"@type\":\"ImageObject\",\"inLanguage\":\"cs\",\"@id\":\"https:\/\/v2charge.com\/cs\/oblast-podpory\/postup-uvedeni-nabije-ek-v2c-do-provozu-v-siti-mobi-e\/#primaryimage\",\"url\":\"https:\/\/v2charge.com\/wp-content\/uploads\/2023\/11\/numero-uno.png\",\"contentUrl\":\"https:\/\/v2charge.com\/wp-content\/uploads\/2023\/11\/numero-uno.png\"},{\"@type\":\"BreadcrumbList\",\"@id\":\"https:\/\/v2charge.com\/cs\/oblast-podpory\/postup-uvedeni-nabije-ek-v2c-do-provozu-v-siti-mobi-e\/#breadcrumb\",\"itemListElement\":[{\"@type\":\"ListItem\",\"position\":1,\"name\":\"V2C\",\"item\":\"https:\/\/v2charge.com\/cs\/\"},{\"@type\":\"ListItem\",\"position\":2,\"name\":\"Oblast podpory\",\"item\":\"https:\/\/v2charge.com\/cs\/oblast-podpory\/\"},{\"@type\":\"ListItem\",\"position\":3,\"name\":\"Postup uveden\u00ed nab\u00edje\u010dek V2C do provozu v s\u00edti MOBI.E\"}]},{\"@type\":\"WebSite\",\"@id\":\"https:\/\/v2charge.com\/cs\/#website\",\"url\":\"https:\/\/v2charge.com\/cs\/\",\"name\":\"V2C\",\"description\":\"#CargandoElMa\u00f1ana\",\"publisher\":{\"@id\":\"https:\/\/v2charge.com\/cs\/#organization\"},\"potentialAction\":[{\"@type\":\"SearchAction\",\"target\":{\"@type\":\"EntryPoint\",\"urlTemplate\":\"https:\/\/v2charge.com\/cs\/?s={search_term_string}\"},\"query-input\":{\"@type\":\"PropertyValueSpecification\",\"valueRequired\":true,\"valueName\":\"search_term_string\"}}],\"inLanguage\":\"cs\"},{\"@type\":\"Organization\",\"@id\":\"https:\/\/v2charge.com\/cs\/#organization\",\"name\":\"V2C\",\"url\":\"https:\/\/v2charge.com\/cs\/\",\"logo\":{\"@type\":\"ImageObject\",\"inLanguage\":\"cs\",\"@id\":\"https:\/\/v2charge.com\/cs\/#\/schema\/logo\/image\/\",\"url\":\"https:\/\/v2charge.com\/wp-content\/uploads\/2024\/11\/cropped-v2c-charge-logo-menu.png\",\"contentUrl\":\"https:\/\/v2charge.com\/wp-content\/uploads\/2024\/11\/cropped-v2c-charge-logo-menu.png\",\"width\":984,\"height\":431,\"caption\":\"V2C\"},\"image\":{\"@id\":\"https:\/\/v2charge.com\/cs\/#\/schema\/logo\/image\/\"},\"sameAs\":[\"https:\/\/www.facebook.com\/V2C.Charge\",\"https:\/\/x.com\/V2C_Charge\",\"https:\/\/www.instagram.com\/v2c.charge\/\",\"https:\/\/www.youtube.com\/@V2C\",\"https:\/\/www.linkedin.com\/company\/v2c-chargers\/\"]}]}<\/script>\n<!-- \/ Yoast SEO plugin. -->","yoast_head_json":{"title":"Komisionov\u00e1n\u00ed nab\u00edje\u010dek V2C v s\u00edti MOBI.E","description":"Postup uveden\u00ed nab\u00edje\u010dek V2C do provozu v s\u00edti MOBI.E | Krok za krokem V2C + s\u00ed\u0165 MOBI.E | Podpora V2C","robots":{"index":"index","follow":"follow","max-snippet":"max-snippet:-1","max-image-preview":"max-image-preview:large","max-video-preview":"max-video-preview:-1"},"canonical":"https:\/\/v2charge.com\/cs\/oblast-podpory\/postup-uvedeni-nabije-ek-v2c-do-provozu-v-siti-mobi-e\/","og_locale":"cs_CZ","og_type":"article","og_title":"Komisionov\u00e1n\u00ed nab\u00edje\u010dek V2C v s\u00edti MOBI.E","og_description":"Postup uveden\u00ed nab\u00edje\u010dek V2C do provozu v s\u00edti MOBI.E | Krok za krokem V2C + s\u00ed\u0165 MOBI.E | Podpora V2C","og_url":"https:\/\/v2charge.com\/cs\/oblast-podpory\/postup-uvedeni-nabije-ek-v2c-do-provozu-v-siti-mobi-e\/","og_site_name":"V2C","article_publisher":"https:\/\/www.facebook.com\/V2C.Charge","article_modified_time":"2026-03-24T14:38:44+00:00","og_image":[{"url":"https:\/\/v2charge.com\/wp-content\/uploads\/2023\/11\/numero-uno.png","type":"","width":"","height":""}],"twitter_card":"summary_large_image","twitter_site":"@V2C_Charge","twitter_misc":{"Odhadovan\u00e1 doba \u010dten\u00ed":"4 minuty"},"schema":{"@context":"https:\/\/schema.org","@graph":[{"@type":"WebPage","@id":"https:\/\/v2charge.com\/cs\/oblast-podpory\/postup-uvedeni-nabije-ek-v2c-do-provozu-v-siti-mobi-e\/","url":"https:\/\/v2charge.com\/cs\/oblast-podpory\/postup-uvedeni-nabije-ek-v2c-do-provozu-v-siti-mobi-e\/","name":"Komisionov\u00e1n\u00ed nab\u00edje\u010dek V2C v s\u00edti MOBI.E","isPartOf":{"@id":"https:\/\/v2charge.com\/cs\/#website"},"primaryImageOfPage":{"@id":"https:\/\/v2charge.com\/cs\/oblast-podpory\/postup-uvedeni-nabije-ek-v2c-do-provozu-v-siti-mobi-e\/#primaryimage"},"image":{"@id":"https:\/\/v2charge.com\/cs\/oblast-podpory\/postup-uvedeni-nabije-ek-v2c-do-provozu-v-siti-mobi-e\/#primaryimage"},"thumbnailUrl":"https:\/\/v2charge.com\/wp-content\/uploads\/2023\/11\/numero-uno.png","datePublished":"2026-03-12T08:32:20+00:00","dateModified":"2026-03-24T14:38:44+00:00","description":"Postup uveden\u00ed nab\u00edje\u010dek V2C do provozu v s\u00edti MOBI.E | Krok za krokem V2C + s\u00ed\u0165 MOBI.E | Podpora V2C","breadcrumb":{"@id":"https:\/\/v2charge.com\/cs\/oblast-podpory\/postup-uvedeni-nabije-ek-v2c-do-provozu-v-siti-mobi-e\/#breadcrumb"},"inLanguage":"cs","potentialAction":[{"@type":"ReadAction","target":["https:\/\/v2charge.com\/cs\/oblast-podpory\/postup-uvedeni-nabije-ek-v2c-do-provozu-v-siti-mobi-e\/"]}]},{"@type":"ImageObject","inLanguage":"cs","@id":"https:\/\/v2charge.com\/cs\/oblast-podpory\/postup-uvedeni-nabije-ek-v2c-do-provozu-v-siti-mobi-e\/#primaryimage","url":"https:\/\/v2charge.com\/wp-content\/uploads\/2023\/11\/numero-uno.png","contentUrl":"https:\/\/v2charge.com\/wp-content\/uploads\/2023\/11\/numero-uno.png"},{"@type":"BreadcrumbList","@id":"https:\/\/v2charge.com\/cs\/oblast-podpory\/postup-uvedeni-nabije-ek-v2c-do-provozu-v-siti-mobi-e\/#breadcrumb","itemListElement":[{"@type":"ListItem","position":1,"name":"V2C","item":"https:\/\/v2charge.com\/cs\/"},{"@type":"ListItem","position":2,"name":"Oblast podpory","item":"https:\/\/v2charge.com\/cs\/oblast-podpory\/"},{"@type":"ListItem","position":3,"name":"Postup uveden\u00ed nab\u00edje\u010dek V2C do provozu v s\u00edti MOBI.E"}]},{"@type":"WebSite","@id":"https:\/\/v2charge.com\/cs\/#website","url":"https:\/\/v2charge.com\/cs\/","name":"V2C","description":"#CargandoElMa\u00f1ana","publisher":{"@id":"https:\/\/v2charge.com\/cs\/#organization"},"potentialAction":[{"@type":"SearchAction","target":{"@type":"EntryPoint","urlTemplate":"https:\/\/v2charge.com\/cs\/?s={search_term_string}"},"query-input":{"@type":"PropertyValueSpecification","valueRequired":true,"valueName":"search_term_string"}}],"inLanguage":"cs"},{"@type":"Organization","@id":"https:\/\/v2charge.com\/cs\/#organization","name":"V2C","url":"https:\/\/v2charge.com\/cs\/","logo":{"@type":"ImageObject","inLanguage":"cs","@id":"https:\/\/v2charge.com\/cs\/#\/schema\/logo\/image\/","url":"https:\/\/v2charge.com\/wp-content\/uploads\/2024\/11\/cropped-v2c-charge-logo-menu.png","contentUrl":"https:\/\/v2charge.com\/wp-content\/uploads\/2024\/11\/cropped-v2c-charge-logo-menu.png","width":984,"height":431,"caption":"V2C"},"image":{"@id":"https:\/\/v2charge.com\/cs\/#\/schema\/logo\/image\/"},"sameAs":["https:\/\/www.facebook.com\/V2C.Charge","https:\/\/x.com\/V2C_Charge","https:\/\/www.instagram.com\/v2c.charge\/","https:\/\/www.youtube.com\/@V2C","https:\/\/www.linkedin.com\/company\/v2c-chargers\/"]}]}},"uagb_featured_image_src":{"full":false,"thumbnail":false,"medium":false,"medium_large":false,"large":false,"gs-tiny":false,"xl":false,"xxl":false,"xxxl":false,"xxxxl":false,"xxxxxl":false,"1536x1536":false,"2048x2048":false},"uagb_author_info":{"display_name":"V2C","author_link":"https:\/\/v2charge.com\/cs\/author\/marketing\/"},"uagb_comment_info":0,"uagb_excerpt":"Postup uveden\u00ed nab\u00edje\u010dek V2C do provozu v s\u00edti MOBI.E Tento dokument m\u00e1 za c\u00edl jasn\u011b a strukturovan\u011b p\u0159edstavit postup uveden\u00ed do provozu nab\u00edje\u010dek V2C pro integraci do s\u00edt\u011b MOBI.E. Krok za krokem k uveden\u00ed nab\u00edje\u010dek V2C do provozu v s\u00edti MOBI.E Pozn\u00e1mky Dodr\u017eov\u00e1n\u00ed tohoto postupu zaji\u0161\u0165uje sledovatelnost procesu, adekv\u00e1tn\u00ed podporu b\u011bhem uveden\u00ed do provozu a&hellip;","_links":{"self":[{"href":"https:\/\/v2charge.com\/cs\/wp-json\/wp\/v2\/pages\/318441","targetHints":{"allow":["GET"]}}],"collection":[{"href":"https:\/\/v2charge.com\/cs\/wp-json\/wp\/v2\/pages"}],"about":[{"href":"https:\/\/v2charge.com\/cs\/wp-json\/wp\/v2\/types\/page"}],"author":[{"embeddable":true,"href":"https:\/\/v2charge.com\/cs\/wp-json\/wp\/v2\/users\/400"}],"replies":[{"embeddable":true,"href":"https:\/\/v2charge.com\/cs\/wp-json\/wp\/v2\/comments?post=318441"}],"version-history":[{"count":0,"href":"https:\/\/v2charge.com\/cs\/wp-json\/wp\/v2\/pages\/318441\/revisions"}],"up":[{"embeddable":true,"href":"https:\/\/v2charge.com\/cs\/wp-json\/wp\/v2\/pages\/318313"}],"wp:attachment":[{"href":"https:\/\/v2charge.com\/cs\/wp-json\/wp\/v2\/media?parent=318441"}],"curies":[{"name":"wp","href":"https:\/\/api.w.org\/{rel}","templated":true}]}}