{"id":109085,"date":"2023-07-06T10:00:05","date_gmt":"2023-07-06T10:00:05","guid":{"rendered":"https:\/\/v2charge.com\/?page_id=109085"},"modified":"2025-06-02T11:21:30","modified_gmt":"2025-06-02T09:21:30","slug":"kataloge","status":"publish","type":"page","link":"https:\/\/v2charge.com\/de\/kataloge\/","title":{"rendered":"e-Chargers Kataloge"},"content":{"rendered":"\n<div class=\"wp-block-uagb-container uagb-block-2804f7f4 alignfull uagb-is-root-container\"><div class=\"uagb-container-inner-blocks-wrap\">\n<div class=\"wp-block-uagb-container uagb-block-9f74c718\">\n<div class=\"wp-block-uagb-advanced-heading uagb-block-89b19f5c\"><h1 class=\"uagb-heading-text\">e-Chargers Kataloge<\/h1><\/div>\n<\/div>\n\n\n\n<div class=\"wp-block-uagb-advanced-heading uagb-block-79d864e3\"><p class=\"uagb-heading-text\">Wir pr\u00e4sentieren Ihnen die digitalen Kataloge aller unserer elektrischen Ladeger\u00e4te f\u00fcr Ihr Fahrzeug. Entdecken Sie die funktionellen Eigenschaften, die sie auf dem Markt einzigartig machen.<\/p><\/div>\n<\/div><\/div>\n\n\n\n<div class=\"wp-block-uagb-container uagb-block-c9dda381 alignfull uagb-is-root-container\"><div class=\"uagb-container-inner-blocks-wrap\">\n<div class=\"wp-block-uagb-container uagb-block-bf5ab213\">\n<div class=\"wp-block-uagb-container uagb-block-13684220\">\n<div class=\"wp-block-uagb-image aligncenter uagb-block-b642e8ab wp-block-uagb-image--layout-default wp-block-uagb-image--effect-zoomin wp-block-uagb-image--align-center\"><figure class=\"wp-block-uagb-image__figure\"><a class=\"\" href=\"https:\/\/v2charge.com\/wp-content\/uploads\/2021\/12\/CATALOGUE-TRYDAN.pdf\" target=\"\" rel=\"noopener\"><img decoding=\"async\" srcset=\"https:\/\/v2charge.com\/wp-content\/uploads\/2021\/12\/TRYDAN-CATALOGUE.png \" sizes=\"auto, (max-width: 480px) 150px\" src=\"https:\/\/v2charge.com\/wp-content\/uploads\/2021\/12\/TRYDAN-CATALOGUE.png\" alt=\"catalogue trydan\" class=\"uag-image-66925\" width=\"300\" height=\"251\" title=\"\" loading=\"lazy\" role=\"img\"\/><\/a><\/figure><\/div>\n\n\n\n<div class=\"wp-block-uagb-advanced-heading uagb-block-f1d86d11\"><h2 class=\"uagb-heading-text\"><a href=\"https:\/\/v2charge.com\/wp-content\/uploads\/2021\/12\/CATALOGUE-TRYDAN.pdf\">TRYDAN<\/a><\/h2><\/div>\n\n\n\n<div class=\"wp-block-uagb-buttons uagb-buttons__outer-wrap uagb-btn__default-btn uagb-btn-tablet__default-btn uagb-btn-mobile__default-btn uagb-block-a701eeab\"><div class=\"uagb-buttons__wrap uagb-buttons-layout-wrap \">\n<div class=\"wp-block-uagb-buttons-child uagb-buttons__outer-wrap uagb-block-e56ad6ba wp-block-button\"><div class=\"uagb-button__wrapper\"><a class=\"uagb-buttons-repeater wp-block-button__link\" aria-label=\"\" href=\"https:\/\/v2charge.com\/wp-content\/uploads\/2021\/12\/CATALOGUE-TRYDAN.pdf\" rel=\"follow noopener\" target=\"_self\" role=\"button\"><div class=\"uagb-button__link\">Siehe Katalog<\/div><\/a><\/div><\/div>\n<\/div><\/div>\n<\/div>\n\n\n\n<div class=\"wp-block-uagb-container uagb-block-5f0b9876\">\n<div class=\"wp-block-uagb-image aligncenter uagb-block-3a6e396e wp-block-uagb-image--layout-default wp-block-uagb-image--effect-zoomin wp-block-uagb-image--align-center\"><figure class=\"wp-block-uagb-image__figure\"><a class=\"\" href=\"https:\/\/v2charge.com\/wp-content\/uploads\/2024\/03\/katalog-trydan-pro.pdf\" target=\"\" rel=\"noopener\"><img decoding=\"async\" srcset=\"https:\/\/v2charge.com\/wp-content\/uploads\/2021\/12\/TRYDAN-CATALOGUE.png \" sizes=\"auto, (max-width: 480px) 150px\" src=\"https:\/\/v2charge.com\/wp-content\/uploads\/2021\/12\/TRYDAN-CATALOGUE.png\" alt=\"catalogue trydan\" class=\"uag-image-66925\" width=\"300\" height=\"251\" title=\"\" loading=\"lazy\" role=\"img\"\/><\/a><\/figure><\/div>\n\n\n\n<div class=\"wp-block-uagb-advanced-heading uagb-block-f0b9ed9f\"><h2 class=\"uagb-heading-text\"><a href=\"https:\/\/v2charge.com\/wp-content\/uploads\/2024\/03\/katalog-trydan-pro.pdf\">TRYDAN PRO<\/a><\/h2><\/div>\n\n\n\n<div class=\"wp-block-uagb-buttons uagb-buttons__outer-wrap uagb-btn__default-btn uagb-btn-tablet__default-btn uagb-btn-mobile__default-btn uagb-block-953d6c2e\"><div class=\"uagb-buttons__wrap uagb-buttons-layout-wrap \">\n<div class=\"wp-block-uagb-buttons-child uagb-buttons__outer-wrap uagb-block-efa2a626 wp-block-button\"><div class=\"uagb-button__wrapper\"><a class=\"uagb-buttons-repeater wp-block-button__link\" aria-label=\"\" href=\"https:\/\/v2charge.com\/wp-content\/uploads\/2024\/03\/katalog-trydan-pro.pdf\" rel=\"follow noopener\" target=\"_self\" role=\"button\"><div class=\"uagb-button__link\">Siehe Katalog<\/div><\/a><\/div><\/div>\n<\/div><\/div>\n<\/div>\n\n\n\n<div class=\"wp-block-uagb-container uagb-block-59309066\">\n<div class=\"wp-block-uagb-image aligncenter uagb-block-e727ac82 wp-block-uagb-image--layout-default wp-block-uagb-image--effect-zoomin wp-block-uagb-image--align-center\"><figure class=\"wp-block-uagb-image__figure\"><a class=\"\" href=\"https:\/\/v2charge.com\/wp-content\/uploads\/2023\/06\/charger-pole-pro.png\" target=\"\" rel=\"noopener\"><img decoding=\"async\" srcset=\"https:\/\/v2charge.com\/wp-content\/uploads\/2023\/06\/charger-pole-pro.png \" sizes=\"auto, (max-width: 480px) 150px\" src=\"https:\/\/v2charge.com\/wp-content\/uploads\/2023\/06\/charger-pole-pro.png\" alt=\"e-Charger Pole Pro\" class=\"uag-image-106444\" width=\"300\" height=\"251\" title=\"\" loading=\"lazy\" role=\"img\"\/><\/a><\/figure><\/div>\n\n\n\n<div class=\"wp-block-uagb-advanced-heading uagb-block-59c9ed2c\"><h2 class=\"uagb-heading-text\"><a href=\"https:\/\/v2charge.com\/wp-content\/uploads\/2023\/06\/charger-pole-pro.png\">POLE PRO<\/a><\/h2><\/div>\n\n\n\n<div class=\"wp-block-uagb-buttons uagb-buttons__outer-wrap uagb-btn__default-btn uagb-btn-tablet__default-btn uagb-btn-mobile__default-btn uagb-block-9cef39f2\"><div class=\"uagb-buttons__wrap uagb-buttons-layout-wrap \">\n<div class=\"wp-block-uagb-buttons-child uagb-buttons__outer-wrap uagb-block-a5fda270 wp-block-button\"><div class=\"uagb-button__wrapper\"><a class=\"uagb-buttons-repeater wp-block-button__link\" aria-label=\"\" href=\"https:\/\/v2charge.com\/wp-content\/uploads\/2023\/06\/charger-pole-pro.png\" rel=\"follow noopener\" target=\"_self\" role=\"button\"><div class=\"uagb-button__link\">Siehe Katalog<\/div><\/a><\/div><\/div>\n<\/div><\/div>\n<\/div>\n<\/div>\n\n\n\n<div class=\"wp-block-uagb-container uagb-block-5c3b3018\">\n<div class=\"wp-block-uagb-container uagb-block-e1c1c867\">\n<div class=\"wp-block-uagb-image aligncenter uagb-block-db1a3eb1 wp-block-uagb-image--layout-default wp-block-uagb-image--effect-zoomin wp-block-uagb-image--align-center\"><figure class=\"wp-block-uagb-image__figure\"><a class=\"\" href=\"https:\/\/v2charge.com\/wp-content\/uploads\/2025\/06\/catalogue-denka-english.pdf\" target=\"\" rel=\"noopener\"><img decoding=\"async\" srcset=\"https:\/\/v2charge.com\/wp-content\/uploads\/2025\/05\/catalogo-denka.png ,https:\/\/v2charge.com\/wp-content\/uploads\/2025\/05\/catalogo-denka.png 780w, https:\/\/v2charge.com\/wp-content\/uploads\/2025\/05\/catalogo-denka.png 360w\" sizes=\"auto, (max-width: 480px) 150px\" src=\"https:\/\/v2charge.com\/wp-content\/uploads\/2025\/05\/catalogo-denka.png\" alt=\"\" class=\"uag-image-226331\" width=\"285\" height=\"251\" title=\"catalogo-denka\" loading=\"lazy\" role=\"img\"\/><\/a><\/figure><\/div>\n\n\n\n<div class=\"wp-block-uagb-advanced-heading uagb-block-63f671be\"><h2 class=\"uagb-heading-text\"><a href=\"https:\/\/v2charge.com\/wp-content\/uploads\/2025\/06\/catalogue-denka-english.pdf\">DENKA<\/a><\/h2><\/div>\n\n\n\n<div class=\"wp-block-uagb-buttons uagb-buttons__outer-wrap uagb-btn__default-btn uagb-btn-tablet__default-btn uagb-btn-mobile__default-btn uagb-block-ba38b8af\"><div class=\"uagb-buttons__wrap uagb-buttons-layout-wrap \">\n<div class=\"wp-block-uagb-buttons-child uagb-buttons__outer-wrap uagb-block-bb1caaa9 wp-block-button\"><div class=\"uagb-button__wrapper\"><a class=\"uagb-buttons-repeater wp-block-button__link\" aria-label=\"\" href=\"https:\/\/v2charge.com\/wp-content\/uploads\/2025\/06\/catalogue-denka-english.pdf\" rel=\"follow noopener\" target=\"_self\" role=\"button\"><div class=\"uagb-button__link\">Siehe Katalog<\/div><\/a><\/div><\/div>\n<\/div><\/div>\n<\/div>\n\n\n\n<div class=\"wp-block-uagb-container uagb-block-6e45078a\">\n<div class=\"wp-block-uagb-image aligncenter uagb-block-96491aa7 wp-block-uagb-image--layout-default wp-block-uagb-image--effect-zoomin wp-block-uagb-image--align-center\"><figure class=\"wp-block-uagb-image__figure\"><a class=\"\" href=\"https:\/\/v2charge.com\/wp-content\/uploads\/2021\/12\/CATALOGUE-SCREEN.pdf\" target=\"\" rel=\"noopener\"><img decoding=\"async\" srcset=\"https:\/\/v2charge.com\/wp-content\/uploads\/2023\/04\/catalogo-screen.png \" sizes=\"auto, (max-width: 480px) 150px\" src=\"https:\/\/v2charge.com\/wp-content\/uploads\/2023\/04\/catalogo-screen.png\" alt=\"cat\u00e1logo screen v2c\" class=\"uag-image-98781\" width=\"275\" height=\"251\" title=\"\" loading=\"lazy\" role=\"img\"\/><\/a><\/figure><\/div>\n\n\n\n<div class=\"wp-block-uagb-advanced-heading uagb-block-baf8003d\"><h2 class=\"uagb-heading-text\"><a href=\"https:\/\/v2charge.com\/wp-content\/uploads\/2021\/12\/CATALOGUE-SCREEN.pdf\">SCREEN<\/a><\/h2><\/div>\n\n\n\n<div class=\"wp-block-uagb-buttons uagb-buttons__outer-wrap uagb-btn__default-btn uagb-btn-tablet__default-btn uagb-btn-mobile__default-btn uagb-block-e2603fab\"><div class=\"uagb-buttons__wrap uagb-buttons-layout-wrap \">\n<div class=\"wp-block-uagb-buttons-child uagb-buttons__outer-wrap uagb-block-c2247019 wp-block-button\"><div class=\"uagb-button__wrapper\"><a class=\"uagb-buttons-repeater wp-block-button__link\" aria-label=\"\" href=\"https:\/\/v2charge.com\/wp-content\/uploads\/2021\/12\/CATALOGUE-SCREEN.pdf\" rel=\"follow noopener\" target=\"_self\" role=\"button\"><div class=\"uagb-button__link\">Siehe Katalog<\/div><\/a><\/div><\/div>\n<\/div><\/div>\n<\/div>\n\n\n\n<div class=\"wp-block-uagb-container uagb-block-377f901c\">\n<div class=\"wp-block-uagb-image aligncenter uagb-block-d0697f71 wp-block-uagb-image--layout-default wp-block-uagb-image--effect-zoomin wp-block-uagb-image--align-center\"><figure class=\"wp-block-uagb-image__figure\"><a class=\"\" href=\"https:\/\/v2charge.com\/wp-content\/uploads\/2022\/09\/CATALOGUE_EVPORTABLE.pdf\" target=\"\" rel=\"noopener\"><img decoding=\"async\" srcset=\"https:\/\/v2charge.com\/wp-content\/uploads\/2021\/12\/EV2-portable-catalogo.png \" sizes=\"auto, (max-width: 480px) 150px\" src=\"https:\/\/v2charge.com\/wp-content\/uploads\/2021\/12\/EV2-portable-catalogo.png\" alt=\"cat\u00e1logo ev portable\" class=\"uag-image-66904\" width=\"285\" height=\"251\" title=\"\" loading=\"lazy\" role=\"img\"\/><\/a><\/figure><\/div>\n\n\n\n<div class=\"wp-block-uagb-advanced-heading uagb-block-91d0cb01\"><h2 class=\"uagb-heading-text\"><a href=\"https:\/\/v2charge.com\/wp-content\/uploads\/2022\/09\/CATALOGUE_EVPORTABLE.pdf\">EV PORTABLE<\/a><\/h2><\/div>\n\n\n\n<div class=\"wp-block-uagb-buttons uagb-buttons__outer-wrap uagb-btn__default-btn uagb-btn-tablet__default-btn uagb-btn-mobile__default-btn uagb-block-6acf349d\"><div class=\"uagb-buttons__wrap uagb-buttons-layout-wrap \">\n<div class=\"wp-block-uagb-buttons-child uagb-buttons__outer-wrap uagb-block-99d00d68 wp-block-button\"><div class=\"uagb-button__wrapper\"><a class=\"uagb-buttons-repeater wp-block-button__link\" aria-label=\"\" href=\"https:\/\/v2charge.com\/wp-content\/uploads\/2022\/09\/CATALOGUE_EVPORTABLE.pdf\" rel=\"follow noopener\" target=\"_self\" role=\"button\"><div class=\"uagb-button__link\">Siehe Katalog<\/div><\/a><\/div><\/div>\n<\/div><\/div>\n<\/div>\n<\/div>\n\n\n\n<div class=\"wp-block-uagb-advanced-heading uagb-block-6db04aad\"><h2 class=\"uagb-heading-text\">Siehe den vollst\u00e4ndigen Katalog<\/h2><\/div>\n\n\n\n<div class=\"wp-block-uagb-advanced-heading uagb-block-23052ed9\"><p class=\"uagb-heading-text\">Wenn Sie es vorziehen, k\u00f6nnen Sie die Informationen \u00fcber alle unsere E-Ladeger\u00e4te in demselben Dokument einsehen.<\/p><\/div>\n\n\n\n<div class=\"wp-block-uagb-buttons uagb-buttons__outer-wrap uagb-btn__default-btn uagb-btn-tablet__default-btn uagb-btn-mobile__default-btn uagb-block-abf08ef1\"><div class=\"uagb-buttons__wrap uagb-buttons-layout-wrap \">\n<div class=\"wp-block-uagb-buttons-child uagb-buttons__outer-wrap uagb-block-b80aad84 wp-block-button\"><div class=\"uagb-button__wrapper\"><a class=\"uagb-buttons-repeater wp-block-button__link\" aria-label=\"\" href=\"https:\/\/v2charge.com\/wp-content\/uploads\/2023\/04\/sales-folder-e-chargers.pdf\" rel=\"follow noopener\" target=\"_self\" role=\"button\"><div class=\"uagb-button__link\">Siehe Gesamtkatalog<\/div><\/a><\/div><\/div>\n<\/div><\/div>\n<\/div><\/div>\n","protected":false},"excerpt":{"rendered":"<p>e-Chargers Kataloge Wir pr\u00e4sentieren Ihnen die digitalen Kataloge aller unserer elektrischen Ladeger\u00e4te f\u00fcr Ihr Fahrzeug. Entdecken Sie die funktionellen Eigenschaften, die sie auf dem Markt einzigartig machen. TRYDAN TRYDAN PRO POLE PRO DENKA SCREEN EV PORTABLE Siehe den vollst\u00e4ndigen Katalog Wenn Sie es vorziehen, k\u00f6nnen Sie die Informationen \u00fcber alle unsere E-Ladeger\u00e4te in demselben Dokument &#8230; <a title=\"e-Chargers Kataloge\" class=\"read-more\" href=\"https:\/\/v2charge.com\/de\/kataloge\/\" aria-label=\"Mehr Informationen \u00fcber e-Chargers Kataloge\">Weiterlesen<\/a><\/p>\n","protected":false},"author":400,"featured_media":170350,"parent":0,"menu_order":0,"comment_status":"closed","ping_status":"closed","template":"","meta":{"_eb_attr":"","content-type":"","_uag_custom_page_level_css":"","footnotes":""},"class_list":["post-109085","page","type-page","status-publish","has-post-thumbnail"],"yoast_head":"<!-- This site is optimized with the Yoast SEO plugin v25.3.1 - https:\/\/yoast.com\/wordpress\/plugins\/seo\/ -->\n<title>Kataloge: Lernen Sie jedes E-Ladeger\u00e4t im Detail kennen - V2C \u00ae<\/title>\n<meta name=\"description\" content=\"Hier finden Sie in unseren digitalen Katalogen die Merkmale, die jedes unserer elektrischen Ladeger\u00e4te einzigartig machen, lernen Sie sie kennen!\" \/>\n<meta name=\"robots\" content=\"index, follow, max-snippet:-1, max-image-preview:large, max-video-preview:-1\" \/>\n<link rel=\"canonical\" href=\"https:\/\/v2charge.com\/de\/kataloge\/\" \/>\n<meta property=\"og:locale\" content=\"de_DE\" \/>\n<meta property=\"og:type\" content=\"article\" \/>\n<meta property=\"og:title\" content=\"Kataloge: Lernen Sie jedes E-Ladeger\u00e4t im Detail kennen - V2C \u00ae\" \/>\n<meta property=\"og:description\" content=\"Hier finden Sie in unseren digitalen Katalogen die Merkmale, die jedes unserer elektrischen Ladeger\u00e4te einzigartig machen, lernen Sie sie kennen!\" \/>\n<meta property=\"og:url\" content=\"https:\/\/v2charge.com\/de\/kataloge\/\" \/>\n<meta property=\"og:site_name\" content=\"V2C\" \/>\n<meta property=\"article:publisher\" content=\"https:\/\/www.facebook.com\/V2C.Charge\" \/>\n<meta property=\"article:modified_time\" content=\"2025-06-02T09:21:30+00:00\" \/>\n<meta property=\"og:image\" content=\"https:\/\/v2charge.com\/wp-content\/uploads\/2024\/07\/v2c-electric-chargers.jpg\" \/>\n\t<meta property=\"og:image:width\" content=\"1200\" \/>\n\t<meta property=\"og:image:height\" content=\"675\" \/>\n\t<meta property=\"og:image:type\" content=\"image\/jpeg\" \/>\n<meta name=\"twitter:card\" content=\"summary_large_image\" \/>\n<meta name=\"twitter:site\" content=\"@V2C_Charge\" \/>\n<meta name=\"twitter:label1\" content=\"Gesch\u00e4tzte Lesezeit\" \/>\n\t<meta name=\"twitter:data1\" content=\"2\u00a0Minuten\" \/>\n<script type=\"application\/ld+json\" class=\"yoast-schema-graph\">{\"@context\":\"https:\/\/schema.org\",\"@graph\":[{\"@type\":\"WebPage\",\"@id\":\"https:\/\/v2charge.com\/de\/kataloge\/\",\"url\":\"https:\/\/v2charge.com\/de\/kataloge\/\",\"name\":\"Kataloge: Lernen Sie jedes E-Ladeger\u00e4t im Detail kennen - V2C \u00ae\",\"isPartOf\":{\"@id\":\"https:\/\/v2charge.com\/de\/#website\"},\"primaryImageOfPage\":{\"@id\":\"https:\/\/v2charge.com\/de\/kataloge\/#primaryimage\"},\"image\":{\"@id\":\"https:\/\/v2charge.com\/de\/kataloge\/#primaryimage\"},\"thumbnailUrl\":\"https:\/\/v2charge.com\/wp-content\/uploads\/2024\/07\/v2c-electric-chargers.jpg\",\"datePublished\":\"2023-07-06T10:00:05+00:00\",\"dateModified\":\"2025-06-02T09:21:30+00:00\",\"description\":\"Hier finden Sie in unseren digitalen Katalogen die Merkmale, die jedes unserer elektrischen Ladeger\u00e4te einzigartig machen, lernen Sie sie kennen!\",\"breadcrumb\":{\"@id\":\"https:\/\/v2charge.com\/de\/kataloge\/#breadcrumb\"},\"inLanguage\":\"de\",\"potentialAction\":[{\"@type\":\"ReadAction\",\"target\":[\"https:\/\/v2charge.com\/de\/kataloge\/\"]}]},{\"@type\":\"ImageObject\",\"inLanguage\":\"de\",\"@id\":\"https:\/\/v2charge.com\/de\/kataloge\/#primaryimage\",\"url\":\"https:\/\/v2charge.com\/wp-content\/uploads\/2024\/07\/v2c-electric-chargers.jpg\",\"contentUrl\":\"https:\/\/v2charge.com\/wp-content\/uploads\/2024\/07\/v2c-electric-chargers.jpg\",\"width\":1200,\"height\":675,\"caption\":\"V2C Electric Chargers\"},{\"@type\":\"BreadcrumbList\",\"@id\":\"https:\/\/v2charge.com\/de\/kataloge\/#breadcrumb\",\"itemListElement\":[{\"@type\":\"ListItem\",\"position\":1,\"name\":\"V2C\",\"item\":\"https:\/\/v2charge.com\/de\/\"},{\"@type\":\"ListItem\",\"position\":2,\"name\":\"e-Chargers Kataloge\"}]},{\"@type\":\"WebSite\",\"@id\":\"https:\/\/v2charge.com\/de\/#website\",\"url\":\"https:\/\/v2charge.com\/de\/\",\"name\":\"V2C\",\"description\":\"#CargandoElMa\u00f1ana\",\"publisher\":{\"@id\":\"https:\/\/v2charge.com\/de\/#organization\"},\"potentialAction\":[{\"@type\":\"SearchAction\",\"target\":{\"@type\":\"EntryPoint\",\"urlTemplate\":\"https:\/\/v2charge.com\/de\/?s={search_term_string}\"},\"query-input\":{\"@type\":\"PropertyValueSpecification\",\"valueRequired\":true,\"valueName\":\"search_term_string\"}}],\"inLanguage\":\"de\"},{\"@type\":\"Organization\",\"@id\":\"https:\/\/v2charge.com\/de\/#organization\",\"name\":\"V2C\",\"url\":\"https:\/\/v2charge.com\/de\/\",\"logo\":{\"@type\":\"ImageObject\",\"inLanguage\":\"de\",\"@id\":\"https:\/\/v2charge.com\/de\/#\/schema\/logo\/image\/\",\"url\":\"https:\/\/v2charge.com\/wp-content\/uploads\/2024\/11\/cropped-v2c-charge-logo-menu.png\",\"contentUrl\":\"https:\/\/v2charge.com\/wp-content\/uploads\/2024\/11\/cropped-v2c-charge-logo-menu.png\",\"width\":984,\"height\":431,\"caption\":\"V2C\"},\"image\":{\"@id\":\"https:\/\/v2charge.com\/de\/#\/schema\/logo\/image\/\"},\"sameAs\":[\"https:\/\/www.facebook.com\/V2C.Charge\",\"https:\/\/x.com\/V2C_Charge\",\"https:\/\/www.instagram.com\/v2c.charge\/\",\"https:\/\/www.youtube.com\/@V2C\",\"https:\/\/www.linkedin.com\/company\/v2c-chargers\/\"]}]}<\/script>\n<!-- \/ Yoast SEO plugin. -->","yoast_head_json":{"title":"Kataloge: Lernen Sie jedes E-Ladeger\u00e4t im Detail kennen - V2C \u00ae","description":"Hier finden Sie in unseren digitalen Katalogen die Merkmale, die jedes unserer elektrischen Ladeger\u00e4te einzigartig machen, lernen Sie sie kennen!","robots":{"index":"index","follow":"follow","max-snippet":"max-snippet:-1","max-image-preview":"max-image-preview:large","max-video-preview":"max-video-preview:-1"},"canonical":"https:\/\/v2charge.com\/de\/kataloge\/","og_locale":"de_DE","og_type":"article","og_title":"Kataloge: Lernen Sie jedes E-Ladeger\u00e4t im Detail kennen - V2C \u00ae","og_description":"Hier finden Sie in unseren digitalen Katalogen die Merkmale, die jedes unserer elektrischen Ladeger\u00e4te einzigartig machen, lernen Sie sie kennen!","og_url":"https:\/\/v2charge.com\/de\/kataloge\/","og_site_name":"V2C","article_publisher":"https:\/\/www.facebook.com\/V2C.Charge","article_modified_time":"2025-06-02T09:21:30+00:00","og_image":[{"width":1200,"height":675,"url":"https:\/\/v2charge.com\/wp-content\/uploads\/2024\/07\/v2c-electric-chargers.jpg","type":"image\/jpeg"}],"twitter_card":"summary_large_image","twitter_site":"@V2C_Charge","twitter_misc":{"Gesch\u00e4tzte Lesezeit":"2\u00a0Minuten"},"schema":{"@context":"https:\/\/schema.org","@graph":[{"@type":"WebPage","@id":"https:\/\/v2charge.com\/de\/kataloge\/","url":"https:\/\/v2charge.com\/de\/kataloge\/","name":"Kataloge: Lernen Sie jedes E-Ladeger\u00e4t im Detail kennen - V2C \u00ae","isPartOf":{"@id":"https:\/\/v2charge.com\/de\/#website"},"primaryImageOfPage":{"@id":"https:\/\/v2charge.com\/de\/kataloge\/#primaryimage"},"image":{"@id":"https:\/\/v2charge.com\/de\/kataloge\/#primaryimage"},"thumbnailUrl":"https:\/\/v2charge.com\/wp-content\/uploads\/2024\/07\/v2c-electric-chargers.jpg","datePublished":"2023-07-06T10:00:05+00:00","dateModified":"2025-06-02T09:21:30+00:00","description":"Hier finden Sie in unseren digitalen Katalogen die Merkmale, die jedes unserer elektrischen Ladeger\u00e4te einzigartig machen, lernen Sie sie kennen!","breadcrumb":{"@id":"https:\/\/v2charge.com\/de\/kataloge\/#breadcrumb"},"inLanguage":"de","potentialAction":[{"@type":"ReadAction","target":["https:\/\/v2charge.com\/de\/kataloge\/"]}]},{"@type":"ImageObject","inLanguage":"de","@id":"https:\/\/v2charge.com\/de\/kataloge\/#primaryimage","url":"https:\/\/v2charge.com\/wp-content\/uploads\/2024\/07\/v2c-electric-chargers.jpg","contentUrl":"https:\/\/v2charge.com\/wp-content\/uploads\/2024\/07\/v2c-electric-chargers.jpg","width":1200,"height":675,"caption":"V2C Electric Chargers"},{"@type":"BreadcrumbList","@id":"https:\/\/v2charge.com\/de\/kataloge\/#breadcrumb","itemListElement":[{"@type":"ListItem","position":1,"name":"V2C","item":"https:\/\/v2charge.com\/de\/"},{"@type":"ListItem","position":2,"name":"e-Chargers Kataloge"}]},{"@type":"WebSite","@id":"https:\/\/v2charge.com\/de\/#website","url":"https:\/\/v2charge.com\/de\/","name":"V2C","description":"#CargandoElMa\u00f1ana","publisher":{"@id":"https:\/\/v2charge.com\/de\/#organization"},"potentialAction":[{"@type":"SearchAction","target":{"@type":"EntryPoint","urlTemplate":"https:\/\/v2charge.com\/de\/?s={search_term_string}"},"query-input":{"@type":"PropertyValueSpecification","valueRequired":true,"valueName":"search_term_string"}}],"inLanguage":"de"},{"@type":"Organization","@id":"https:\/\/v2charge.com\/de\/#organization","name":"V2C","url":"https:\/\/v2charge.com\/de\/","logo":{"@type":"ImageObject","inLanguage":"de","@id":"https:\/\/v2charge.com\/de\/#\/schema\/logo\/image\/","url":"https:\/\/v2charge.com\/wp-content\/uploads\/2024\/11\/cropped-v2c-charge-logo-menu.png","contentUrl":"https:\/\/v2charge.com\/wp-content\/uploads\/2024\/11\/cropped-v2c-charge-logo-menu.png","width":984,"height":431,"caption":"V2C"},"image":{"@id":"https:\/\/v2charge.com\/de\/#\/schema\/logo\/image\/"},"sameAs":["https:\/\/www.facebook.com\/V2C.Charge","https:\/\/x.com\/V2C_Charge","https:\/\/www.instagram.com\/v2c.charge\/","https:\/\/www.youtube.com\/@V2C","https:\/\/www.linkedin.com\/company\/v2c-chargers\/"]}]}},"uagb_featured_image_src":{"full":["https:\/\/v2charge.com\/wp-content\/uploads\/2024\/07\/v2c-electric-chargers.jpg",1200,675,false],"thumbnail":["https:\/\/v2charge.com\/wp-content\/uploads\/2024\/07\/v2c-electric-chargers-150x150.jpg",150,150,true],"medium":["https:\/\/v2charge.com\/wp-content\/uploads\/2024\/07\/v2c-electric-chargers-300x169.jpg",300,169,true],"medium_large":["https:\/\/v2charge.com\/wp-content\/uploads\/2024\/07\/v2c-electric-chargers-768x432.jpg",768,432,true],"large":["https:\/\/v2charge.com\/wp-content\/uploads\/2024\/07\/v2c-electric-chargers-1024x576.jpg",1024,576,true],"gs-tiny":["https:\/\/v2charge.com\/wp-content\/uploads\/2024\/07\/v2c-electric-chargers.jpg",50,28,false],"xl":["https:\/\/v2charge.com\/wp-content\/uploads\/2024\/07\/v2c-electric-chargers.jpg",1200,675,false],"xxl":["https:\/\/v2charge.com\/wp-content\/uploads\/2024\/07\/v2c-electric-chargers.jpg",1200,675,false],"xxxl":["https:\/\/v2charge.com\/wp-content\/uploads\/2024\/07\/v2c-electric-chargers.jpg",1200,675,false],"xxxxl":["https:\/\/v2charge.com\/wp-content\/uploads\/2024\/07\/v2c-electric-chargers.jpg",1200,675,false],"xxxxxl":["https:\/\/v2charge.com\/wp-content\/uploads\/2024\/07\/v2c-electric-chargers.jpg",1200,675,false],"1536x1536":["https:\/\/v2charge.com\/wp-content\/uploads\/2024\/07\/v2c-electric-chargers.jpg",1200,675,false],"2048x2048":["https:\/\/v2charge.com\/wp-content\/uploads\/2024\/07\/v2c-electric-chargers.jpg",1200,675,false]},"uagb_author_info":{"display_name":"V2C","author_link":"https:\/\/v2charge.com\/de\/author\/marketing\/"},"uagb_comment_info":0,"uagb_excerpt":"e-Chargers Kataloge Wir pr\u00e4sentieren Ihnen die digitalen Kataloge aller unserer elektrischen Ladeger\u00e4te f\u00fcr Ihr Fahrzeug. Entdecken Sie die funktionellen Eigenschaften, die sie auf dem Markt einzigartig machen. TRYDAN TRYDAN PRO POLE PRO DENKA SCREEN EV PORTABLE Siehe den vollst\u00e4ndigen Katalog Wenn Sie es vorziehen, k\u00f6nnen Sie die Informationen \u00fcber alle unsere E-Ladeger\u00e4te in demselben Dokument&hellip;","_links":{"self":[{"href":"https:\/\/v2charge.com\/de\/wp-json\/wp\/v2\/pages\/109085","targetHints":{"allow":["GET"]}}],"collection":[{"href":"https:\/\/v2charge.com\/de\/wp-json\/wp\/v2\/pages"}],"about":[{"href":"https:\/\/v2charge.com\/de\/wp-json\/wp\/v2\/types\/page"}],"author":[{"embeddable":true,"href":"https:\/\/v2charge.com\/de\/wp-json\/wp\/v2\/users\/400"}],"replies":[{"embeddable":true,"href":"https:\/\/v2charge.com\/de\/wp-json\/wp\/v2\/comments?post=109085"}],"version-history":[{"count":2,"href":"https:\/\/v2charge.com\/de\/wp-json\/wp\/v2\/pages\/109085\/revisions"}],"predecessor-version":[{"id":226829,"href":"https:\/\/v2charge.com\/de\/wp-json\/wp\/v2\/pages\/109085\/revisions\/226829"}],"wp:featuredmedia":[{"embeddable":true,"href":"https:\/\/v2charge.com\/de\/wp-json\/wp\/v2\/media\/170350"}],"wp:attachment":[{"href":"https:\/\/v2charge.com\/de\/wp-json\/wp\/v2\/media?parent=109085"}],"curies":[{"name":"wp","href":"https:\/\/api.w.org\/{rel}","templated":true}]}}