{"id":109394,"date":"2023-07-06T13:51:04","date_gmt":"2023-07-06T13:51:04","guid":{"rendered":"https:\/\/v2charge.com\/?page_id=109394"},"modified":"2025-12-31T19:01:01","modified_gmt":"2025-12-31T17:01:01","slug":"dynamische-leistungssteuerung","status":"publish","type":"page","link":"https:\/\/v2charge.com\/de\/dynamische-leistungssteuerung\/","title":{"rendered":"Dynamische Leistungssteuerung"},"content":{"rendered":"\n<div class=\"wp-block-uagb-container uagb-block-bd58cebc alignfull uagb-is-root-container\"><div class=\"uagb-container-inner-blocks-wrap\">\n<div class=\"wp-block-uagb-container uagb-block-7b418547\">\n<div class=\"wp-block-uagb-container uagb-block-8291aab2\">\n<div class=\"wp-block-uagb-advanced-heading uagb-block-34fa328c\"><h1 class=\"uagb-heading-text\">Dynamische Leistungssteuerung<\/h1><\/div>\n\n\n\n<div class=\"wp-block-uagb-advanced-heading uagb-block-1abc2395\"><h2 class=\"uagb-heading-text\">Erfahren Sie mehr \u00fcber die Vorteile von <strong>Smart Charging<\/strong><\/h2><\/div>\n<\/div>\n\n\n\n<div class=\"wp-block-uagb-container uagb-block-3aa21f7c\"><\/div>\n<\/div>\n\n\n\n<div class=\"wp-block-uagb-container uagb-block-0ed6dfdd\">\n<div class=\"wp-block-uagb-container uagb-block-77bdb36b\">\n<div class=\"wp-block-uagb-image aligncenter uagb-block-e153a1d9 wp-block-uagb-image--layout-default wp-block-uagb-image--effect-static wp-block-uagb-image--align-center\"><figure class=\"wp-block-uagb-image__figure\"><img decoding=\"async\" srcset=\"https:\/\/v2charge.com\/wp-content\/uploads\/2021\/11\/grafica-control-dinamico-de-potencia-5.png\n \" sizes=\"auto, (max-width: 480px) 150px\" src=\"https:\/\/v2charge.com\/wp-content\/uploads\/2021\/11\/grafica-control-dinamico-de-potencia-5.png\" alt=\"\" class=\"uag-image-60214\" width=\"631\" height=\"392\" title=\"\" loading=\"lazy\" role=\"img\"><\/figure><\/div>\n<\/div>\n\n\n\n<div class=\"wp-block-uagb-container uagb-block-b681848b\">\n<p class=\"has-base-3-color has-text-color\">Bei der dynamischen Steuerung handelt es sich um einen intelligenten Sensor, der die Leistung der Anlage, den Bedarf der Elektroger\u00e4te im Haus und des Elektrofahrzeugs misst, um den Ladevorgang zwischen ihnen zu regulieren.<\/p>\n\n\n\n<p class=\"has-base-3-color has-text-color\">Auf diese Weise ist es nicht notwendig, die vertraglich vereinbarte Leistung f\u00fcr die Versorgung aller Ihrer Ger\u00e4te zu erh\u00f6hen.&nbsp;<\/p>\n\n\n\n<p class=\"has-base-3-color has-text-color\"><strong><strong>Intelligentes Laden. Keine Sorgen. Keine Stromausf\u00e4lle.  <\/strong><\/strong><\/p>\n<\/div>\n<\/div>\n<\/div><\/div>\n\n\n\n<div class=\"wp-block-uagb-container uagb-block-bf0bb0e8 alignfull uagb-is-root-container\"><div class=\"uagb-container-inner-blocks-wrap\">\n<div class=\"wp-block-uagb-container uagb-block-601b3a85\">\n<div class=\"wp-block-uagb-container uagb-block-61d08f9f\">\n<div class=\"wp-block-uagb-image aligncenter uagb-block-dc4b1ae6 wp-block-uagb-image--layout-default wp-block-uagb-image--effect-static wp-block-uagb-image--align-center\"><figure class=\"wp-block-uagb-image__figure\"><img decoding=\"async\" srcset=\"https:\/\/v2charge.com\/wp-content\/uploads\/2023\/07\/seguridad-icono.png\n \" sizes=\"auto, (max-width: 480px) 150px\" src=\"https:\/\/v2charge.com\/wp-content\/uploads\/2023\/07\/seguridad-icono.png\" alt=\"\" class=\"uag-image-109348\" width=\"81\" height=\"95\" title=\"\" loading=\"lazy\" role=\"img\"><\/figure><\/div>\n\n\n\n<div class=\"wp-block-uagb-advanced-heading uagb-block-edfd7583\"><h2 class=\"uagb-heading-text\">Sicherheit<\/h2><\/div>\n\n\n\n<div class=\"wp-block-uagb-advanced-heading uagb-block-b29ae060\"><p class=\"uagb-heading-text\">Die Selbstregulierung verhindert, dass \u00dcberspannungen zu Stromausf\u00e4llen f\u00fchren.<\/p><\/div>\n<\/div>\n\n\n\n<div class=\"wp-block-uagb-container uagb-block-93242c66\">\n<div class=\"wp-block-uagb-image aligncenter uagb-block-a0f9af05 wp-block-uagb-image--layout-default wp-block-uagb-image--effect-static wp-block-uagb-image--align-center\"><figure class=\"wp-block-uagb-image__figure\"><img decoding=\"async\" srcset=\"https:\/\/v2charge.com\/wp-content\/uploads\/2021\/11\/euroahorro-1.png\n \" sizes=\"auto, (max-width: 480px) 150px\" src=\"https:\/\/v2charge.com\/wp-content\/uploads\/2021\/11\/euroahorro-1.png\" alt=\"\" class=\"uag-image-60937\" width=\"95\" height=\"95\" title=\"\" loading=\"lazy\" role=\"img\"><\/figure><\/div>\n\n\n\n<div class=\"wp-block-uagb-advanced-heading uagb-block-98865490\"><h2 class=\"uagb-heading-text\">Wirtschaft<\/h2><\/div>\n\n\n\n<div class=\"wp-block-uagb-advanced-heading uagb-block-ffd145f1\"><p class=\"uagb-heading-text\">So k\u00f6nnen Sie bei Ihrem Energieverbrauch Geld sparen, ohne Ihre Vertragsleistung zu erh\u00f6hen.<\/p><\/div>\n<\/div>\n\n\n\n<div class=\"wp-block-uagb-container uagb-block-0b1f0cfb\">\n<div class=\"wp-block-uagb-image aligncenter uagb-block-1853f296 wp-block-uagb-image--layout-default wp-block-uagb-image--effect-static wp-block-uagb-image--align-center\"><figure class=\"wp-block-uagb-image__figure\"><img decoding=\"async\" srcset=\"https:\/\/v2charge.com\/wp-content\/uploads\/2021\/11\/Balance-4.png\n \" sizes=\"auto, (max-width: 480px) 150px\" src=\"https:\/\/v2charge.com\/wp-content\/uploads\/2021\/11\/Balance-4.png\" alt=\"\" class=\"uag-image-60501\" width=\"96\" height=\"96\" title=\"\" loading=\"lazy\" role=\"img\"><\/figure><\/div>\n\n\n\n<div class=\"wp-block-uagb-advanced-heading uagb-block-b2e9e184\"><h2 class=\"uagb-heading-text\">Bilanz<\/h2><\/div>\n\n\n\n<div class=\"wp-block-uagb-advanced-heading uagb-block-f24fa052\"><p class=\"uagb-heading-text\">Der verbleibende Strom Ihres Hauses wird zum Laden Ihres Fahrzeugs verwendet.&nbsp;<\/p><\/div>\n<\/div>\n<\/div>\n<\/div><\/div>\n\n\n\n<div class=\"wp-block-uagb-container uagb-block-f9f348ab alignfull uagb-is-root-container\"><div class=\"uagb-container-inner-blocks-wrap\">\n<div class=\"wp-block-uagb-container uagb-block-f80d8aaa\">\n<div class=\"wp-block-uagb-container uagb-block-fd669160\">\n<div class=\"flourish-embed\" data-src=\"visualisation\/323987\"><\/div>\n<script src=\"https:\/\/public.flourish.studio\/resources\/embed.js\"><\/script>\n<\/div>\n\n\n\n<div class=\"wp-block-uagb-container uagb-block-a108b8d6\">\n<div class=\"flourish-embed flourish-chart\" data-src=\"visualisation\/323949\"><\/div>\n<script src=\"https:\/\/public.flourish.studio\/resources\/embed.js\"><\/script>\n<\/div>\n<\/div>\n<\/div><\/div>\n\n\n\n<div class=\"wp-block-uagb-container uagb-block-b7db42c8 alignfull uagb-is-root-container\"><div class=\"uagb-container-inner-blocks-wrap\">\n<div class=\"wp-block-uagb-container uagb-block-ef635077\">\n<div class=\"wp-block-uagb-container uagb-block-46751910\">\n<div class=\"wp-block-uagb-advanced-heading uagb-block-949d91de\"><h2 class=\"uagb-heading-text\">EINGEBAUTE <strong>TRYDAN-MODELLE<\/strong> <\/h2><\/div>\n\n\n\n<div class=\"wp-block-uagb-buttons uagb-buttons__outer-wrap uagb-btn__default-btn uagb-btn-tablet__default-btn uagb-btn-mobile__default-btn uagb-block-b9e71ae1\"><div class=\"uagb-buttons__wrap uagb-buttons-layout-wrap \">\n<div class=\"wp-block-uagb-buttons-child uagb-buttons__outer-wrap uagb-block-18b86a55 wp-block-button\"><div class=\"uagb-button__wrapper\"><a class=\"uagb-buttons-repeater wp-block-button__link\" aria-label=\"\" href=\"https:\/\/v2charge.com\/de\/trydan\/\" rel=\"follow noopener\" target=\"_self\"><div class=\"uagb-button__link\"><a href=\"https:\/\/v2charge.com\/de\/trydan\/\" target=\"_blank\" rel=\"noreferrer noopener\">TRYDAN-LADEGER\u00c4T ANSEHEN<\/a><\/div><\/a><\/div><\/div>\n<\/div><\/div>\n<\/div>\n\n\n\n<div class=\"wp-block-uagb-container uagb-block-71f2d1ac\">\n<div class=\"wp-block-uagb-image uagb-block-9c88c3c2 wp-block-uagb-image--layout-default wp-block-uagb-image--effect-static wp-block-uagb-image--align-none\"><figure class=\"wp-block-uagb-image__figure\"><img decoding=\"async\" srcset=\"https:\/\/v2charge.com\/wp-content\/uploads\/2021\/12\/trydan.jpg\n \" sizes=\"auto, (max-width: 480px) 150px\" src=\"https:\/\/v2charge.com\/wp-content\/uploads\/2021\/12\/trydan.jpg\" alt=\"\" class=\"uag-image-67172\" width=\"500\" height=\"500\" title=\"\" loading=\"lazy\" role=\"img\"><\/figure><\/div>\n<\/div>\n<\/div>\n\n\n\n<div class=\"wp-block-uagb-buttons uagb-buttons__outer-wrap uagb-btn__default-btn uagb-btn-tablet__default-btn uagb-btn-mobile__default-btn uagb-block-720fafdd\"><div class=\"uagb-buttons__wrap uagb-buttons-layout-wrap \">\n<div class=\"wp-block-uagb-buttons-child uagb-buttons__outer-wrap uagb-block-68856505 wp-block-button\"><div class=\"uagb-button__wrapper\"><a class=\"uagb-buttons-repeater wp-block-button__link\" aria-label=\"\" href=\"https:\/\/v2charge.com\/support\/trydan\/dynamic-power-control\/\" rel=\"follow noopener\" target=\"_self\"><div class=\"uagb-button__link\">Siehe Einstellungen f\u00fcr die dynamische Leistungssteuerung<\/div><\/a><\/div><\/div>\n<\/div><\/div>\n<\/div><\/div>\n","protected":false},"excerpt":{"rendered":"<p>Dynamische Leistungssteuerung Erfahren Sie mehr \u00fcber die Vorteile von Smart Charging Bei der dynamischen Steuerung handelt es sich um einen intelligenten Sensor, der die Leistung der Anlage, den Bedarf der Elektroger\u00e4te im Haus und des Elektrofahrzeugs misst, um den Ladevorgang zwischen ihnen zu regulieren. Auf diese Weise ist es nicht notwendig, die vertraglich vereinbarte Leistung &#8230; <a title=\"Dynamische Leistungssteuerung\" class=\"read-more\" href=\"https:\/\/v2charge.com\/de\/dynamische-leistungssteuerung\/\" aria-label=\"Mehr Informationen \u00fcber Dynamische Leistungssteuerung\">Weiterlesen<\/a><\/p>\n","protected":false},"author":1,"featured_media":170350,"parent":0,"menu_order":0,"comment_status":"closed","ping_status":"closed","template":"","meta":{"_eb_attr":"","content-type":"","_uag_custom_page_level_css":"","footnotes":""},"class_list":["post-109394","page","type-page","status-publish","has-post-thumbnail"],"yoast_head":"<!-- This site is optimized with the Yoast SEO plugin v25.3.1 - https:\/\/yoast.com\/wordpress\/plugins\/seo\/ -->\n<title>Dynamische Leistungsregelung: Was es ist und wie es funktioniert | V2C<\/title>\n<meta name=\"description\" content=\"Mit der dynamischen Leistungsregelung k\u00f6nnen Sie die Leistungsabgabe zwischen den verschiedenen elektronischen Ger\u00e4ten in Ihrem Haushalt regulieren. Erfahren Sie mehr dar\u00fcber.\" \/>\n<meta name=\"robots\" content=\"index, follow, max-snippet:-1, max-image-preview:large, max-video-preview:-1\" \/>\n<link rel=\"canonical\" href=\"https:\/\/v2charge.com\/de\/dynamische-leistungssteuerung\/\" \/>\n<meta property=\"og:locale\" content=\"de_DE\" \/>\n<meta property=\"og:type\" content=\"article\" \/>\n<meta property=\"og:title\" content=\"Dynamische Leistungsregelung: Was es ist und wie es funktioniert | V2C\" \/>\n<meta property=\"og:description\" content=\"Mit der dynamischen Leistungsregelung k\u00f6nnen Sie die Leistungsabgabe zwischen den verschiedenen elektronischen Ger\u00e4ten in Ihrem Haushalt regulieren. Erfahren Sie mehr dar\u00fcber.\" \/>\n<meta property=\"og:url\" content=\"https:\/\/v2charge.com\/de\/dynamische-leistungssteuerung\/\" \/>\n<meta property=\"og:site_name\" content=\"V2C\" \/>\n<meta property=\"article:publisher\" content=\"https:\/\/www.facebook.com\/V2C.Charge\" \/>\n<meta property=\"article:modified_time\" content=\"2025-12-31T17:01:01+00:00\" \/>\n<meta property=\"og:image\" content=\"https:\/\/v2charge.com\/wp-content\/uploads\/2024\/07\/v2c-electric-chargers.jpg\" \/>\n\t<meta property=\"og:image:width\" content=\"1200\" \/>\n\t<meta property=\"og:image:height\" content=\"675\" \/>\n\t<meta property=\"og:image:type\" content=\"image\/jpeg\" \/>\n<meta name=\"twitter:card\" content=\"summary_large_image\" \/>\n<meta name=\"twitter:site\" content=\"@V2C_Charge\" \/>\n<meta name=\"twitter:label1\" content=\"Gesch\u00e4tzte Lesezeit\" \/>\n\t<meta name=\"twitter:data1\" content=\"2\u00a0Minuten\" \/>\n<script type=\"application\/ld+json\" class=\"yoast-schema-graph\">{\"@context\":\"https:\/\/schema.org\",\"@graph\":[{\"@type\":\"WebPage\",\"@id\":\"https:\/\/v2charge.com\/de\/dynamische-leistungssteuerung\/\",\"url\":\"https:\/\/v2charge.com\/de\/dynamische-leistungssteuerung\/\",\"name\":\"Dynamische Leistungsregelung: Was es ist und wie es funktioniert | V2C\",\"isPartOf\":{\"@id\":\"https:\/\/v2charge.com\/de\/#website\"},\"primaryImageOfPage\":{\"@id\":\"https:\/\/v2charge.com\/de\/dynamische-leistungssteuerung\/#primaryimage\"},\"image\":{\"@id\":\"https:\/\/v2charge.com\/de\/dynamische-leistungssteuerung\/#primaryimage\"},\"thumbnailUrl\":\"https:\/\/v2charge.com\/wp-content\/uploads\/2024\/07\/v2c-electric-chargers.jpg\",\"datePublished\":\"2023-07-06T13:51:04+00:00\",\"dateModified\":\"2025-12-31T17:01:01+00:00\",\"description\":\"Mit der dynamischen Leistungsregelung k\u00f6nnen Sie die Leistungsabgabe zwischen den verschiedenen elektronischen Ger\u00e4ten in Ihrem Haushalt regulieren. Erfahren Sie mehr dar\u00fcber.\",\"breadcrumb\":{\"@id\":\"https:\/\/v2charge.com\/de\/dynamische-leistungssteuerung\/#breadcrumb\"},\"inLanguage\":\"de\",\"potentialAction\":[{\"@type\":\"ReadAction\",\"target\":[\"https:\/\/v2charge.com\/de\/dynamische-leistungssteuerung\/\"]}]},{\"@type\":\"ImageObject\",\"inLanguage\":\"de\",\"@id\":\"https:\/\/v2charge.com\/de\/dynamische-leistungssteuerung\/#primaryimage\",\"url\":\"https:\/\/v2charge.com\/wp-content\/uploads\/2024\/07\/v2c-electric-chargers.jpg\",\"contentUrl\":\"https:\/\/v2charge.com\/wp-content\/uploads\/2024\/07\/v2c-electric-chargers.jpg\",\"width\":1200,\"height\":675,\"caption\":\"V2C Electric Chargers\"},{\"@type\":\"BreadcrumbList\",\"@id\":\"https:\/\/v2charge.com\/de\/dynamische-leistungssteuerung\/#breadcrumb\",\"itemListElement\":[{\"@type\":\"ListItem\",\"position\":1,\"name\":\"V2C\",\"item\":\"https:\/\/v2charge.com\/de\/\"},{\"@type\":\"ListItem\",\"position\":2,\"name\":\"Dynamische Leistungssteuerung\"}]},{\"@type\":\"WebSite\",\"@id\":\"https:\/\/v2charge.com\/de\/#website\",\"url\":\"https:\/\/v2charge.com\/de\/\",\"name\":\"V2C\",\"description\":\"#CargandoElMa\u00f1ana\",\"publisher\":{\"@id\":\"https:\/\/v2charge.com\/de\/#organization\"},\"potentialAction\":[{\"@type\":\"SearchAction\",\"target\":{\"@type\":\"EntryPoint\",\"urlTemplate\":\"https:\/\/v2charge.com\/de\/?s={search_term_string}\"},\"query-input\":{\"@type\":\"PropertyValueSpecification\",\"valueRequired\":true,\"valueName\":\"search_term_string\"}}],\"inLanguage\":\"de\"},{\"@type\":\"Organization\",\"@id\":\"https:\/\/v2charge.com\/de\/#organization\",\"name\":\"V2C\",\"url\":\"https:\/\/v2charge.com\/de\/\",\"logo\":{\"@type\":\"ImageObject\",\"inLanguage\":\"de\",\"@id\":\"https:\/\/v2charge.com\/de\/#\/schema\/logo\/image\/\",\"url\":\"https:\/\/v2charge.com\/wp-content\/uploads\/2024\/11\/cropped-v2c-charge-logo-menu.png\",\"contentUrl\":\"https:\/\/v2charge.com\/wp-content\/uploads\/2024\/11\/cropped-v2c-charge-logo-menu.png\",\"width\":984,\"height\":431,\"caption\":\"V2C\"},\"image\":{\"@id\":\"https:\/\/v2charge.com\/de\/#\/schema\/logo\/image\/\"},\"sameAs\":[\"https:\/\/www.facebook.com\/V2C.Charge\",\"https:\/\/x.com\/V2C_Charge\",\"https:\/\/www.instagram.com\/v2c.charge\/\",\"https:\/\/www.youtube.com\/@V2C\",\"https:\/\/www.linkedin.com\/company\/v2c-chargers\/\"]}]}<\/script>\n<!-- \/ Yoast SEO plugin. -->","yoast_head_json":{"title":"Dynamische Leistungsregelung: Was es ist und wie es funktioniert | V2C","description":"Mit der dynamischen Leistungsregelung k\u00f6nnen Sie die Leistungsabgabe zwischen den verschiedenen elektronischen Ger\u00e4ten in Ihrem Haushalt regulieren. Erfahren Sie mehr dar\u00fcber.","robots":{"index":"index","follow":"follow","max-snippet":"max-snippet:-1","max-image-preview":"max-image-preview:large","max-video-preview":"max-video-preview:-1"},"canonical":"https:\/\/v2charge.com\/de\/dynamische-leistungssteuerung\/","og_locale":"de_DE","og_type":"article","og_title":"Dynamische Leistungsregelung: Was es ist und wie es funktioniert | V2C","og_description":"Mit der dynamischen Leistungsregelung k\u00f6nnen Sie die Leistungsabgabe zwischen den verschiedenen elektronischen Ger\u00e4ten in Ihrem Haushalt regulieren. Erfahren Sie mehr dar\u00fcber.","og_url":"https:\/\/v2charge.com\/de\/dynamische-leistungssteuerung\/","og_site_name":"V2C","article_publisher":"https:\/\/www.facebook.com\/V2C.Charge","article_modified_time":"2025-12-31T17:01:01+00:00","og_image":[{"width":1200,"height":675,"url":"https:\/\/v2charge.com\/wp-content\/uploads\/2024\/07\/v2c-electric-chargers.jpg","type":"image\/jpeg"}],"twitter_card":"summary_large_image","twitter_site":"@V2C_Charge","twitter_misc":{"Gesch\u00e4tzte Lesezeit":"2\u00a0Minuten"},"schema":{"@context":"https:\/\/schema.org","@graph":[{"@type":"WebPage","@id":"https:\/\/v2charge.com\/de\/dynamische-leistungssteuerung\/","url":"https:\/\/v2charge.com\/de\/dynamische-leistungssteuerung\/","name":"Dynamische Leistungsregelung: Was es ist und wie es funktioniert | V2C","isPartOf":{"@id":"https:\/\/v2charge.com\/de\/#website"},"primaryImageOfPage":{"@id":"https:\/\/v2charge.com\/de\/dynamische-leistungssteuerung\/#primaryimage"},"image":{"@id":"https:\/\/v2charge.com\/de\/dynamische-leistungssteuerung\/#primaryimage"},"thumbnailUrl":"https:\/\/v2charge.com\/wp-content\/uploads\/2024\/07\/v2c-electric-chargers.jpg","datePublished":"2023-07-06T13:51:04+00:00","dateModified":"2025-12-31T17:01:01+00:00","description":"Mit der dynamischen Leistungsregelung k\u00f6nnen Sie die Leistungsabgabe zwischen den verschiedenen elektronischen Ger\u00e4ten in Ihrem Haushalt regulieren. Erfahren Sie mehr dar\u00fcber.","breadcrumb":{"@id":"https:\/\/v2charge.com\/de\/dynamische-leistungssteuerung\/#breadcrumb"},"inLanguage":"de","potentialAction":[{"@type":"ReadAction","target":["https:\/\/v2charge.com\/de\/dynamische-leistungssteuerung\/"]}]},{"@type":"ImageObject","inLanguage":"de","@id":"https:\/\/v2charge.com\/de\/dynamische-leistungssteuerung\/#primaryimage","url":"https:\/\/v2charge.com\/wp-content\/uploads\/2024\/07\/v2c-electric-chargers.jpg","contentUrl":"https:\/\/v2charge.com\/wp-content\/uploads\/2024\/07\/v2c-electric-chargers.jpg","width":1200,"height":675,"caption":"V2C Electric Chargers"},{"@type":"BreadcrumbList","@id":"https:\/\/v2charge.com\/de\/dynamische-leistungssteuerung\/#breadcrumb","itemListElement":[{"@type":"ListItem","position":1,"name":"V2C","item":"https:\/\/v2charge.com\/de\/"},{"@type":"ListItem","position":2,"name":"Dynamische Leistungssteuerung"}]},{"@type":"WebSite","@id":"https:\/\/v2charge.com\/de\/#website","url":"https:\/\/v2charge.com\/de\/","name":"V2C","description":"#CargandoElMa\u00f1ana","publisher":{"@id":"https:\/\/v2charge.com\/de\/#organization"},"potentialAction":[{"@type":"SearchAction","target":{"@type":"EntryPoint","urlTemplate":"https:\/\/v2charge.com\/de\/?s={search_term_string}"},"query-input":{"@type":"PropertyValueSpecification","valueRequired":true,"valueName":"search_term_string"}}],"inLanguage":"de"},{"@type":"Organization","@id":"https:\/\/v2charge.com\/de\/#organization","name":"V2C","url":"https:\/\/v2charge.com\/de\/","logo":{"@type":"ImageObject","inLanguage":"de","@id":"https:\/\/v2charge.com\/de\/#\/schema\/logo\/image\/","url":"https:\/\/v2charge.com\/wp-content\/uploads\/2024\/11\/cropped-v2c-charge-logo-menu.png","contentUrl":"https:\/\/v2charge.com\/wp-content\/uploads\/2024\/11\/cropped-v2c-charge-logo-menu.png","width":984,"height":431,"caption":"V2C"},"image":{"@id":"https:\/\/v2charge.com\/de\/#\/schema\/logo\/image\/"},"sameAs":["https:\/\/www.facebook.com\/V2C.Charge","https:\/\/x.com\/V2C_Charge","https:\/\/www.instagram.com\/v2c.charge\/","https:\/\/www.youtube.com\/@V2C","https:\/\/www.linkedin.com\/company\/v2c-chargers\/"]}]}},"uagb_featured_image_src":{"full":["https:\/\/v2charge.com\/wp-content\/uploads\/2024\/07\/v2c-electric-chargers.jpg",1200,675,false],"thumbnail":["https:\/\/v2charge.com\/wp-content\/uploads\/2024\/07\/v2c-electric-chargers-150x150.jpg",150,150,true],"medium":["https:\/\/v2charge.com\/wp-content\/uploads\/2024\/07\/v2c-electric-chargers-300x169.jpg",300,169,true],"medium_large":["https:\/\/v2charge.com\/wp-content\/uploads\/2024\/07\/v2c-electric-chargers-768x432.jpg",768,432,true],"large":["https:\/\/v2charge.com\/wp-content\/uploads\/2024\/07\/v2c-electric-chargers-1024x576.jpg",1024,576,true],"gs-tiny":["https:\/\/v2charge.com\/wp-content\/uploads\/2024\/07\/v2c-electric-chargers.jpg",50,28,false],"xl":["https:\/\/v2charge.com\/wp-content\/uploads\/2024\/07\/v2c-electric-chargers.jpg",1200,675,false],"xxl":["https:\/\/v2charge.com\/wp-content\/uploads\/2024\/07\/v2c-electric-chargers.jpg",1200,675,false],"xxxl":["https:\/\/v2charge.com\/wp-content\/uploads\/2024\/07\/v2c-electric-chargers.jpg",1200,675,false],"xxxxl":["https:\/\/v2charge.com\/wp-content\/uploads\/2024\/07\/v2c-electric-chargers.jpg",1200,675,false],"xxxxxl":["https:\/\/v2charge.com\/wp-content\/uploads\/2024\/07\/v2c-electric-chargers.jpg",1200,675,false],"1536x1536":["https:\/\/v2charge.com\/wp-content\/uploads\/2024\/07\/v2c-electric-chargers.jpg",1200,675,false],"2048x2048":["https:\/\/v2charge.com\/wp-content\/uploads\/2024\/07\/v2c-electric-chargers.jpg",1200,675,false]},"uagb_author_info":{"display_name":"V2C","author_link":"https:\/\/v2charge.com\/de\/author\/root_k4eu7ki8\/"},"uagb_comment_info":0,"uagb_excerpt":"Dynamische Leistungssteuerung Erfahren Sie mehr \u00fcber die Vorteile von Smart Charging Bei der dynamischen Steuerung handelt es sich um einen intelligenten Sensor, der die Leistung der Anlage, den Bedarf der Elektroger\u00e4te im Haus und des Elektrofahrzeugs misst, um den Ladevorgang zwischen ihnen zu regulieren. Auf diese Weise ist es nicht notwendig, die vertraglich vereinbarte Leistung&hellip;","_links":{"self":[{"href":"https:\/\/v2charge.com\/de\/wp-json\/wp\/v2\/pages\/109394","targetHints":{"allow":["GET"]}}],"collection":[{"href":"https:\/\/v2charge.com\/de\/wp-json\/wp\/v2\/pages"}],"about":[{"href":"https:\/\/v2charge.com\/de\/wp-json\/wp\/v2\/types\/page"}],"author":[{"embeddable":true,"href":"https:\/\/v2charge.com\/de\/wp-json\/wp\/v2\/users\/1"}],"replies":[{"embeddable":true,"href":"https:\/\/v2charge.com\/de\/wp-json\/wp\/v2\/comments?post=109394"}],"version-history":[{"count":1,"href":"https:\/\/v2charge.com\/de\/wp-json\/wp\/v2\/pages\/109394\/revisions"}],"predecessor-version":[{"id":293798,"href":"https:\/\/v2charge.com\/de\/wp-json\/wp\/v2\/pages\/109394\/revisions\/293798"}],"wp:featuredmedia":[{"embeddable":true,"href":"https:\/\/v2charge.com\/de\/wp-json\/wp\/v2\/media\/170350"}],"wp:attachment":[{"href":"https:\/\/v2charge.com\/de\/wp-json\/wp\/v2\/media?parent=109394"}],"curies":[{"name":"wp","href":"https:\/\/api.w.org\/{rel}","templated":true}]}}