{"id":110346,"date":"2023-07-10T14:14:59","date_gmt":"2023-07-10T14:14:59","guid":{"rendered":"https:\/\/v2charge.com\/funcionamiento-e-key\/"},"modified":"2026-02-18T13:24:07","modified_gmt":"2026-02-18T11:24:07","slug":"konfiguration-smartlock","status":"publish","type":"page","link":"https:\/\/v2charge.com\/de\/support\/trydan\/konfiguration-smartlock\/","title":{"rendered":"V2C SmartLock"},"content":{"rendered":"\n<div class=\"wp-block-uagb-container uagb-block-153ada17 alignfull uagb-is-root-container\"><div class=\"uagb-container-inner-blocks-wrap\"><div class=\"yoast-breadcrumbs\"><span><span><a href=\"https:\/\/v2charge.com\/de\/\">V2C<\/a><\/span> \u00bb <span><a href=\"https:\/\/v2charge.com\/de\/support\/\">Support<\/a><\/span> \u00bb <span><a href=\"https:\/\/v2charge.com\/de\/support\/trydan\/\">Trydan-Support<\/a><\/span> \u00bb <span class=\"breadcrumb_last\" aria-current=\"page\">V2C SmartLock<\/span><\/span><\/div>\n\n\n<h1 class=\"wp-block-heading\">Was ist V2C SmartLock?<\/h1>\n\n\n\n<p><strong>V2C SmartLock<\/strong> ist eine neue Funktion des Trydan e-Chargers, die es Ihnen erm\u00f6glicht, das Ladeger\u00e4t drahtlos mit einem <strong>e-Key<\/strong> zu entsperren, d.h. einem Ger\u00e4t, das <strong>BLE<\/strong> (Bluetooth Low Energy) Konnektivit\u00e4t nutzt. Mit einer Smartwatch, einem Fitnessarmband, einem Schl\u00fcsselanh\u00e4nger oder einem Elektrofahrzeug wie einem Tesla Model 3 k\u00f6nnen Sie das Ladeger\u00e4t entriegeln, ohne die V2C Cloud-App, die V2C Cloud-Webplattform oder die Navigationstasten am e-Charger zu benutzen. F\u00fcr den ordnungsgem\u00e4\u00dfen Betrieb ist es wichtig, dass das Ger\u00e4t eine statische MAC-Adresse hat.<\/p>\n\n\n\n<p>Die <strong>V2C SmartLock<\/strong>-Technologie des e-Chargers spart Zeit und macht das Aufladen Ihres Elektroautos einfach. Bringen Sie den e-Key einfach in die N\u00e4he des Ladeger\u00e4ts und er entriegelt.<\/p>\n\n\n\n<blockquote class=\"wp-block-quote is-layout-flow wp-block-quote-is-layout-flow\">\n<p><em>HINWEIS: Bevor Sie den e-Key verbinden, m\u00fcssen Sie \u00fcberpr\u00fcfen, ob die Firmware-Version des Ladeger\u00e4ts<strong> 1.7 <\/strong>oder h\u00f6her ist. Sie k\u00f6nnen dies im Abschnitt Ger\u00e4teeinstellungen &gt; ID-Nummer \u00fcberpr\u00fcfen.<\/em><\/p>\n<\/blockquote>\n\n\n\n<h2 class=\"wp-block-heading\">Wie kann ich einen e-Key \u00fcber V2C SmartLock mit dem Ladeger\u00e4t verbinden?<\/h2>\n\n\n\n<p>Um den e-Key mit Ihrem Ladeger\u00e4t zu koppeln, gehen Sie zu Ihrem e-Charger und folgen Sie diesen Schritten in der V2C-Cloud-Anwendung. Im Falle eines Elektrofahrzeugs stellen Sie das Fahrzeug in der N\u00e4he des Ladeger\u00e4ts ohne andere Bluetooth-Ger\u00e4te auf, da das e-Charger das n\u00e4chstgelegene Ger\u00e4t hinzuf\u00fcgt.<\/p>\n\n\n\n<div class=\"wp-block-uagb-container uagb-block-974d7478 alignfull uagb-is-root-container\"><div class=\"uagb-container-inner-blocks-wrap\">\n<div class=\"wp-block-uagb-image uagb-block-c64a06de wp-block-uagb-image--layout-default wp-block-uagb-image--effect-static wp-block-uagb-image--align-none\"><figure class=\"wp-block-uagb-image__figure\"><img decoding=\"async\" srcset=\"https:\/\/v2charge.com\/wp-content\/uploads\/2023\/11\/wahlen-sie-trydan.jpg ,https:\/\/v2charge.com\/wp-content\/uploads\/2023\/11\/wahlen-sie-trydan.jpg 780w, https:\/\/v2charge.com\/wp-content\/uploads\/2023\/11\/wahlen-sie-trydan.jpg 360w\" sizes=\"auto, (max-width: 480px) 150px\" src=\"https:\/\/v2charge.com\/wp-content\/uploads\/2023\/11\/wahlen-sie-trydan.jpg\" alt=\"\" class=\"uag-image-126639\" width=\"400\" height=\"560\" title=\"\" loading=\"lazy\" role=\"img\"\/><figcaption class=\"uagb-image-caption\">1. \u00d6ffnen Sie die App und w\u00e4hlen Sie das e-Charger.<\/figcaption><\/figure><\/div>\n\n\n\n<div class=\"wp-block-uagb-image uagb-block-324e0ddd wp-block-uagb-image--layout-default wp-block-uagb-image--effect-static wp-block-uagb-image--align-none\"><figure class=\"wp-block-uagb-image__figure\"><img decoding=\"async\" srcset=\"https:\/\/v2charge.com\/wp-content\/uploads\/2023\/11\/konfiguration-e-charger-trydan.jpg ,https:\/\/v2charge.com\/wp-content\/uploads\/2023\/11\/konfiguration-e-charger-trydan.jpg 780w, https:\/\/v2charge.com\/wp-content\/uploads\/2023\/11\/konfiguration-e-charger-trydan.jpg 360w\" sizes=\"auto, (max-width: 480px) 150px\" src=\"https:\/\/v2charge.com\/wp-content\/uploads\/2023\/11\/konfiguration-e-charger-trydan.jpg\" alt=\"\" class=\"uag-image-126648\" width=\"400\" height=\"560\" title=\"\" loading=\"lazy\" role=\"img\"\/><figcaption class=\"uagb-image-caption\">2. Klicken Sie auf die Schaltfl\u00e4che Konfiguration.<\/figcaption><\/figure><\/div>\n\n\n\n<div class=\"wp-block-uagb-image uagb-block-64e2c181 wp-block-uagb-image--layout-default wp-block-uagb-image--effect-static wp-block-uagb-image--align-none\"><figure class=\"wp-block-uagb-image__figure\"><img decoding=\"async\" srcset=\"https:\/\/v2charge.com\/wp-content\/uploads\/2023\/11\/konfiguration-e-keys-trydan.jpg ,https:\/\/v2charge.com\/wp-content\/uploads\/2023\/11\/konfiguration-e-keys-trydan.jpg 780w, https:\/\/v2charge.com\/wp-content\/uploads\/2023\/11\/konfiguration-e-keys-trydan.jpg 360w\" sizes=\"auto, (max-width: 480px) 150px\" src=\"https:\/\/v2charge.com\/wp-content\/uploads\/2023\/11\/konfiguration-e-keys-trydan.jpg\" alt=\"\" class=\"uag-image-126657\" width=\"400\" height=\"560\" title=\"\" loading=\"lazy\" role=\"img\"\/><figcaption class=\"uagb-image-caption\">3. Gehen Sie zum Abschnitt<br>&#8218;e-Keys&#8216;.<\/figcaption><\/figure><\/div>\n\n\n\n<div class=\"wp-block-uagb-image uagb-block-adf33af8 wp-block-uagb-image--layout-default wp-block-uagb-image--effect-static wp-block-uagb-image--align-none\"><figure class=\"wp-block-uagb-image__figure\"><img decoding=\"async\" srcset=\"https:\/\/v2charge.com\/wp-content\/uploads\/2023\/11\/aktivieren-e-keys.jpg ,https:\/\/v2charge.com\/wp-content\/uploads\/2023\/11\/aktivieren-e-keys.jpg 780w, https:\/\/v2charge.com\/wp-content\/uploads\/2023\/11\/aktivieren-e-keys.jpg 360w\" sizes=\"auto, (max-width: 480px) 150px\" src=\"https:\/\/v2charge.com\/wp-content\/uploads\/2023\/11\/aktivieren-e-keys.jpg\" alt=\"\" class=\"uag-image-126666\" width=\"400\" height=\"560\" title=\"\" loading=\"lazy\" role=\"img\"\/><figcaption class=\"uagb-image-caption\">4. Klicken Sie auf die Schaltfl\u00e4che zur Aktivierung die e-Keys.<\/figcaption><\/figure><\/div>\n<\/div><\/div>\n\n\n\n<div class=\"wp-block-uagb-container uagb-block-5aea6f1b alignfull uagb-is-root-container\"><div class=\"uagb-container-inner-blocks-wrap\">\n<div class=\"wp-block-uagb-container uagb-block-9f65e60b\"><\/div>\n\n\n\n<div class=\"wp-block-uagb-image uagb-block-0801f58a wp-block-uagb-image--layout-default wp-block-uagb-image--effect-static wp-block-uagb-image--align-none\"><figure class=\"wp-block-uagb-image__figure\"><img decoding=\"async\" srcset=\"https:\/\/v2charge.com\/wp-content\/uploads\/2023\/11\/hinzufugen-e-key.jpg ,https:\/\/v2charge.com\/wp-content\/uploads\/2023\/11\/hinzufugen-e-key.jpg 780w, https:\/\/v2charge.com\/wp-content\/uploads\/2023\/11\/hinzufugen-e-key.jpg 360w\" sizes=\"auto, (max-width: 480px) 150px\" src=\"https:\/\/v2charge.com\/wp-content\/uploads\/2023\/11\/hinzufugen-e-key.jpg\" alt=\"\" class=\"uag-image-126675\" width=\"400\" height=\"560\" title=\"\" loading=\"lazy\" role=\"img\"\/><figcaption class=\"uagb-image-caption\">5. Klicken Sie auf<br>&#8218;e-Key hinzuf\u00fcgen&#8216;.<\/figcaption><\/figure><\/div>\n\n\n\n<div class=\"wp-block-uagb-image uagb-block-02762aa8 wp-block-uagb-image--layout-default wp-block-uagb-image--effect-static wp-block-uagb-image--align-none\"><figure class=\"wp-block-uagb-image__figure\"><img decoding=\"async\" srcset=\"https:\/\/v2charge.com\/wp-content\/uploads\/2023\/11\/name-e-key.jpg ,https:\/\/v2charge.com\/wp-content\/uploads\/2023\/11\/name-e-key.jpg 780w, https:\/\/v2charge.com\/wp-content\/uploads\/2023\/11\/name-e-key.jpg 360w\" sizes=\"auto, (max-width: 480px) 150px\" src=\"https:\/\/v2charge.com\/wp-content\/uploads\/2023\/11\/name-e-key.jpg\" alt=\"\" class=\"uag-image-126685\" width=\"400\" height=\"560\" title=\"\" loading=\"lazy\" role=\"img\"\/><figcaption class=\"uagb-image-caption\">6. Benennen Sie den e-Key und das Ladeger\u00e4t.<\/figcaption><\/figure><\/div>\n\n\n\n<div class=\"wp-block-uagb-image uagb-block-a92a4fab wp-block-uagb-image--layout-default wp-block-uagb-image--effect-static wp-block-uagb-image--align-none\"><figure class=\"wp-block-uagb-image__figure\"><img decoding=\"async\" srcset=\"https:\/\/v2charge.com\/wp-content\/uploads\/2023\/11\/e-key-registriert.jpg ,https:\/\/v2charge.com\/wp-content\/uploads\/2023\/11\/e-key-registriert.jpg 780w, https:\/\/v2charge.com\/wp-content\/uploads\/2023\/11\/e-key-registriert.jpg 360w\" sizes=\"auto, (max-width: 480px) 150px\" src=\"https:\/\/v2charge.com\/wp-content\/uploads\/2023\/11\/e-key-registriert.jpg\" alt=\"\" class=\"uag-image-126695\" width=\"400\" height=\"560\" title=\"\" loading=\"lazy\" role=\"img\"\/><figcaption class=\"uagb-image-caption\">7. e-Key hinzugef\u00fcgt. Sie k\u00f6nnen ihn jederzeit \u00e4ndern.<\/figcaption><\/figure><\/div>\n\n\n\n<div class=\"wp-block-uagb-container uagb-block-16189bcb\"><\/div>\n<\/div><\/div>\n\n\n\n<blockquote class=\"wp-block-quote is-layout-flow wp-block-quote-is-layout-flow\">\n<p><em>HINWEIS: Bitte beachten Sie, dass das Ladeger\u00e4t, wenn der Schlauch an das Fahrzeug angeschlossen ist, nicht gesperrt wird, auch wenn es erkennt, dass sich der e-Key entfernt, so dass der Ladevorgang korrekt durchgef\u00fchrt werden kann. <\/em><\/p>\n<\/blockquote>\n<\/div><\/div>\n\n\n\n<div class=\"wp-block-uagb-container uagb-block-c6f38013 alignfull uagb-is-root-container\"><div class=\"uagb-container-inner-blocks-wrap\">\n<div class=\"wp-block-uagb-advanced-heading uagb-block-6963d70c\"><h2 class=\"uagb-heading-text\"><strong><strong>Support kontaktieren<\/strong><\/strong><\/h2><\/div>\n\n\n\n<div class=\"wp-block-uagb-advanced-heading uagb-block-408243eb\"><p class=\"uagb-heading-text\">Erstellen Sie eine Anfrage im Technical Support Center und wir werden uns so schnell wie m\u00f6glich mit Ihnen in Verbindung setzen, um Ihnen die beste L\u00f6sung anzubieten.<\/p><\/div>\n\n\n\n<div class=\"wp-block-uagb-buttons uagb-buttons__outer-wrap uagb-btn__default-btn uagb-btn-tablet__default-btn uagb-btn-mobile__default-btn uagb-block-ba1e67d1\"><div class=\"uagb-buttons__wrap uagb-buttons-layout-wrap \">\n<div class=\"wp-block-uagb-buttons-child uagb-buttons__outer-wrap uagb-block-23cfb623 wp-block-button\"><div class=\"uagb-button__wrapper\"><a class=\"uagb-buttons-repeater wp-block-button__link\" aria-label=\"\" href=\"https:\/\/v2charge.atlassian.net\/servicedesk\/customer\/portal\/3\" rel=\"follow noopener\" target=\"_self\" role=\"button\"><div class=\"uagb-button__link\">Zum technischen Support<\/div><\/a><\/div><\/div>\n<\/div><\/div>\n<\/div><\/div>\n","protected":false},"excerpt":{"rendered":"<p>Was ist V2C SmartLock? V2C SmartLock ist eine neue Funktion des Trydan e-Chargers, die es Ihnen erm\u00f6glicht, das Ladeger\u00e4t drahtlos mit einem e-Key zu entsperren, d.h. einem Ger\u00e4t, das BLE (Bluetooth Low Energy) Konnektivit\u00e4t nutzt. Mit einer Smartwatch, einem Fitnessarmband, einem Schl\u00fcsselanh\u00e4nger oder einem Elektrofahrzeug wie einem Tesla Model 3 k\u00f6nnen Sie das Ladeger\u00e4t entriegeln, &#8230; <a title=\"V2C SmartLock\" class=\"read-more\" href=\"https:\/\/v2charge.com\/de\/support\/trydan\/konfiguration-smartlock\/\" aria-label=\"Mehr Informationen \u00fcber V2C SmartLock\">Weiterlesen<\/a><\/p>\n","protected":false},"author":400,"featured_media":170350,"parent":75620,"menu_order":0,"comment_status":"closed","ping_status":"closed","template":"","meta":{"_eb_attr":"","content-type":"","_uag_custom_page_level_css":"","footnotes":""},"class_list":["post-110346","page","type-page","status-publish","has-post-thumbnail"],"yoast_head":"<!-- This site is optimized with the Yoast SEO plugin v25.3.1 - https:\/\/yoast.com\/wordpress\/plugins\/seo\/ -->\n<title>V2C SmartLock - V2C<\/title>\n<meta name=\"description\" content=\"Aktivieren und deaktivieren Sie Ihr e-Charger kabellos \u00fcber den e-Key, der die BLE-Technologie (Bluetooth Low Energy) verwendet.\" \/>\n<meta name=\"robots\" content=\"index, follow, max-snippet:-1, max-image-preview:large, max-video-preview:-1\" \/>\n<link rel=\"canonical\" href=\"https:\/\/v2charge.com\/de\/support\/trydan\/konfiguration-smartlock\/\" \/>\n<meta property=\"og:locale\" content=\"de_DE\" \/>\n<meta property=\"og:type\" content=\"article\" \/>\n<meta property=\"og:title\" content=\"V2C SmartLock - V2C\" \/>\n<meta property=\"og:description\" content=\"Aktivieren und deaktivieren Sie Ihr e-Charger kabellos \u00fcber den e-Key, der die BLE-Technologie (Bluetooth Low Energy) verwendet.\" \/>\n<meta property=\"og:url\" content=\"https:\/\/v2charge.com\/de\/support\/trydan\/konfiguration-smartlock\/\" \/>\n<meta property=\"og:site_name\" content=\"V2C\" \/>\n<meta property=\"article:publisher\" content=\"https:\/\/www.facebook.com\/V2C.Charge\" \/>\n<meta property=\"article:modified_time\" content=\"2026-02-18T11:24:07+00:00\" \/>\n<meta property=\"og:image\" content=\"https:\/\/v2charge.com\/wp-content\/uploads\/2024\/07\/v2c-electric-chargers.jpg\" \/>\n\t<meta property=\"og:image:width\" content=\"1200\" \/>\n\t<meta property=\"og:image:height\" content=\"675\" \/>\n\t<meta property=\"og:image:type\" content=\"image\/jpeg\" \/>\n<meta name=\"twitter:card\" content=\"summary_large_image\" \/>\n<meta name=\"twitter:site\" content=\"@V2C_Charge\" \/>\n<meta name=\"twitter:label1\" content=\"Gesch\u00e4tzte Lesezeit\" \/>\n\t<meta name=\"twitter:data1\" content=\"3\u00a0Minuten\" \/>\n<script type=\"application\/ld+json\" class=\"yoast-schema-graph\">{\"@context\":\"https:\/\/schema.org\",\"@graph\":[{\"@type\":\"WebPage\",\"@id\":\"https:\/\/v2charge.com\/de\/support\/trydan\/konfiguration-smartlock\/\",\"url\":\"https:\/\/v2charge.com\/de\/support\/trydan\/konfiguration-smartlock\/\",\"name\":\"V2C SmartLock - V2C\",\"isPartOf\":{\"@id\":\"https:\/\/v2charge.com\/de\/#website\"},\"primaryImageOfPage\":{\"@id\":\"https:\/\/v2charge.com\/de\/support\/trydan\/konfiguration-smartlock\/#primaryimage\"},\"image\":{\"@id\":\"https:\/\/v2charge.com\/de\/support\/trydan\/konfiguration-smartlock\/#primaryimage\"},\"thumbnailUrl\":\"https:\/\/v2charge.com\/wp-content\/uploads\/2024\/07\/v2c-electric-chargers.jpg\",\"datePublished\":\"2023-07-10T14:14:59+00:00\",\"dateModified\":\"2026-02-18T11:24:07+00:00\",\"description\":\"Aktivieren und deaktivieren Sie Ihr e-Charger kabellos \u00fcber den e-Key, der die BLE-Technologie (Bluetooth Low Energy) verwendet.\",\"breadcrumb\":{\"@id\":\"https:\/\/v2charge.com\/de\/support\/trydan\/konfiguration-smartlock\/#breadcrumb\"},\"inLanguage\":\"de\",\"potentialAction\":[{\"@type\":\"ReadAction\",\"target\":[\"https:\/\/v2charge.com\/de\/support\/trydan\/konfiguration-smartlock\/\"]}]},{\"@type\":\"ImageObject\",\"inLanguage\":\"de\",\"@id\":\"https:\/\/v2charge.com\/de\/support\/trydan\/konfiguration-smartlock\/#primaryimage\",\"url\":\"https:\/\/v2charge.com\/wp-content\/uploads\/2024\/07\/v2c-electric-chargers.jpg\",\"contentUrl\":\"https:\/\/v2charge.com\/wp-content\/uploads\/2024\/07\/v2c-electric-chargers.jpg\",\"width\":1200,\"height\":675,\"caption\":\"V2C Electric Chargers\"},{\"@type\":\"BreadcrumbList\",\"@id\":\"https:\/\/v2charge.com\/de\/support\/trydan\/konfiguration-smartlock\/#breadcrumb\",\"itemListElement\":[{\"@type\":\"ListItem\",\"position\":1,\"name\":\"V2C\",\"item\":\"https:\/\/v2charge.com\/de\/\"},{\"@type\":\"ListItem\",\"position\":2,\"name\":\"Support\",\"item\":\"https:\/\/v2charge.com\/de\/support\/\"},{\"@type\":\"ListItem\",\"position\":3,\"name\":\"Trydan-Support\",\"item\":\"https:\/\/v2charge.com\/de\/support\/trydan\/\"},{\"@type\":\"ListItem\",\"position\":4,\"name\":\"V2C SmartLock\"}]},{\"@type\":\"WebSite\",\"@id\":\"https:\/\/v2charge.com\/de\/#website\",\"url\":\"https:\/\/v2charge.com\/de\/\",\"name\":\"V2C\",\"description\":\"#CargandoElMa\u00f1ana\",\"publisher\":{\"@id\":\"https:\/\/v2charge.com\/de\/#organization\"},\"potentialAction\":[{\"@type\":\"SearchAction\",\"target\":{\"@type\":\"EntryPoint\",\"urlTemplate\":\"https:\/\/v2charge.com\/de\/?s={search_term_string}\"},\"query-input\":{\"@type\":\"PropertyValueSpecification\",\"valueRequired\":true,\"valueName\":\"search_term_string\"}}],\"inLanguage\":\"de\"},{\"@type\":\"Organization\",\"@id\":\"https:\/\/v2charge.com\/de\/#organization\",\"name\":\"V2C\",\"url\":\"https:\/\/v2charge.com\/de\/\",\"logo\":{\"@type\":\"ImageObject\",\"inLanguage\":\"de\",\"@id\":\"https:\/\/v2charge.com\/de\/#\/schema\/logo\/image\/\",\"url\":\"https:\/\/v2charge.com\/wp-content\/uploads\/2024\/11\/cropped-v2c-charge-logo-menu.png\",\"contentUrl\":\"https:\/\/v2charge.com\/wp-content\/uploads\/2024\/11\/cropped-v2c-charge-logo-menu.png\",\"width\":984,\"height\":431,\"caption\":\"V2C\"},\"image\":{\"@id\":\"https:\/\/v2charge.com\/de\/#\/schema\/logo\/image\/\"},\"sameAs\":[\"https:\/\/www.facebook.com\/V2C.Charge\",\"https:\/\/x.com\/V2C_Charge\",\"https:\/\/www.instagram.com\/v2c.charge\/\",\"https:\/\/www.youtube.com\/@V2C\",\"https:\/\/www.linkedin.com\/company\/v2c-chargers\/\"]}]}<\/script>\n<!-- \/ Yoast SEO plugin. -->","yoast_head_json":{"title":"V2C SmartLock - V2C","description":"Aktivieren und deaktivieren Sie Ihr e-Charger kabellos \u00fcber den e-Key, der die BLE-Technologie (Bluetooth Low Energy) verwendet.","robots":{"index":"index","follow":"follow","max-snippet":"max-snippet:-1","max-image-preview":"max-image-preview:large","max-video-preview":"max-video-preview:-1"},"canonical":"https:\/\/v2charge.com\/de\/support\/trydan\/konfiguration-smartlock\/","og_locale":"de_DE","og_type":"article","og_title":"V2C SmartLock - V2C","og_description":"Aktivieren und deaktivieren Sie Ihr e-Charger kabellos \u00fcber den e-Key, der die BLE-Technologie (Bluetooth Low Energy) verwendet.","og_url":"https:\/\/v2charge.com\/de\/support\/trydan\/konfiguration-smartlock\/","og_site_name":"V2C","article_publisher":"https:\/\/www.facebook.com\/V2C.Charge","article_modified_time":"2026-02-18T11:24:07+00:00","og_image":[{"width":1200,"height":675,"url":"https:\/\/v2charge.com\/wp-content\/uploads\/2024\/07\/v2c-electric-chargers.jpg","type":"image\/jpeg"}],"twitter_card":"summary_large_image","twitter_site":"@V2C_Charge","twitter_misc":{"Gesch\u00e4tzte Lesezeit":"3\u00a0Minuten"},"schema":{"@context":"https:\/\/schema.org","@graph":[{"@type":"WebPage","@id":"https:\/\/v2charge.com\/de\/support\/trydan\/konfiguration-smartlock\/","url":"https:\/\/v2charge.com\/de\/support\/trydan\/konfiguration-smartlock\/","name":"V2C SmartLock - V2C","isPartOf":{"@id":"https:\/\/v2charge.com\/de\/#website"},"primaryImageOfPage":{"@id":"https:\/\/v2charge.com\/de\/support\/trydan\/konfiguration-smartlock\/#primaryimage"},"image":{"@id":"https:\/\/v2charge.com\/de\/support\/trydan\/konfiguration-smartlock\/#primaryimage"},"thumbnailUrl":"https:\/\/v2charge.com\/wp-content\/uploads\/2024\/07\/v2c-electric-chargers.jpg","datePublished":"2023-07-10T14:14:59+00:00","dateModified":"2026-02-18T11:24:07+00:00","description":"Aktivieren und deaktivieren Sie Ihr e-Charger kabellos \u00fcber den e-Key, der die BLE-Technologie (Bluetooth Low Energy) verwendet.","breadcrumb":{"@id":"https:\/\/v2charge.com\/de\/support\/trydan\/konfiguration-smartlock\/#breadcrumb"},"inLanguage":"de","potentialAction":[{"@type":"ReadAction","target":["https:\/\/v2charge.com\/de\/support\/trydan\/konfiguration-smartlock\/"]}]},{"@type":"ImageObject","inLanguage":"de","@id":"https:\/\/v2charge.com\/de\/support\/trydan\/konfiguration-smartlock\/#primaryimage","url":"https:\/\/v2charge.com\/wp-content\/uploads\/2024\/07\/v2c-electric-chargers.jpg","contentUrl":"https:\/\/v2charge.com\/wp-content\/uploads\/2024\/07\/v2c-electric-chargers.jpg","width":1200,"height":675,"caption":"V2C Electric Chargers"},{"@type":"BreadcrumbList","@id":"https:\/\/v2charge.com\/de\/support\/trydan\/konfiguration-smartlock\/#breadcrumb","itemListElement":[{"@type":"ListItem","position":1,"name":"V2C","item":"https:\/\/v2charge.com\/de\/"},{"@type":"ListItem","position":2,"name":"Support","item":"https:\/\/v2charge.com\/de\/support\/"},{"@type":"ListItem","position":3,"name":"Trydan-Support","item":"https:\/\/v2charge.com\/de\/support\/trydan\/"},{"@type":"ListItem","position":4,"name":"V2C SmartLock"}]},{"@type":"WebSite","@id":"https:\/\/v2charge.com\/de\/#website","url":"https:\/\/v2charge.com\/de\/","name":"V2C","description":"#CargandoElMa\u00f1ana","publisher":{"@id":"https:\/\/v2charge.com\/de\/#organization"},"potentialAction":[{"@type":"SearchAction","target":{"@type":"EntryPoint","urlTemplate":"https:\/\/v2charge.com\/de\/?s={search_term_string}"},"query-input":{"@type":"PropertyValueSpecification","valueRequired":true,"valueName":"search_term_string"}}],"inLanguage":"de"},{"@type":"Organization","@id":"https:\/\/v2charge.com\/de\/#organization","name":"V2C","url":"https:\/\/v2charge.com\/de\/","logo":{"@type":"ImageObject","inLanguage":"de","@id":"https:\/\/v2charge.com\/de\/#\/schema\/logo\/image\/","url":"https:\/\/v2charge.com\/wp-content\/uploads\/2024\/11\/cropped-v2c-charge-logo-menu.png","contentUrl":"https:\/\/v2charge.com\/wp-content\/uploads\/2024\/11\/cropped-v2c-charge-logo-menu.png","width":984,"height":431,"caption":"V2C"},"image":{"@id":"https:\/\/v2charge.com\/de\/#\/schema\/logo\/image\/"},"sameAs":["https:\/\/www.facebook.com\/V2C.Charge","https:\/\/x.com\/V2C_Charge","https:\/\/www.instagram.com\/v2c.charge\/","https:\/\/www.youtube.com\/@V2C","https:\/\/www.linkedin.com\/company\/v2c-chargers\/"]}]}},"uagb_featured_image_src":{"full":["https:\/\/v2charge.com\/wp-content\/uploads\/2024\/07\/v2c-electric-chargers.jpg",1200,675,false],"thumbnail":["https:\/\/v2charge.com\/wp-content\/uploads\/2024\/07\/v2c-electric-chargers-150x150.jpg",150,150,true],"medium":["https:\/\/v2charge.com\/wp-content\/uploads\/2024\/07\/v2c-electric-chargers-300x169.jpg",300,169,true],"medium_large":["https:\/\/v2charge.com\/wp-content\/uploads\/2024\/07\/v2c-electric-chargers-768x432.jpg",768,432,true],"large":["https:\/\/v2charge.com\/wp-content\/uploads\/2024\/07\/v2c-electric-chargers-1024x576.jpg",1024,576,true],"gs-tiny":["https:\/\/v2charge.com\/wp-content\/uploads\/2024\/07\/v2c-electric-chargers.jpg",50,28,false],"xl":["https:\/\/v2charge.com\/wp-content\/uploads\/2024\/07\/v2c-electric-chargers.jpg",1200,675,false],"xxl":["https:\/\/v2charge.com\/wp-content\/uploads\/2024\/07\/v2c-electric-chargers.jpg",1200,675,false],"xxxl":["https:\/\/v2charge.com\/wp-content\/uploads\/2024\/07\/v2c-electric-chargers.jpg",1200,675,false],"xxxxl":["https:\/\/v2charge.com\/wp-content\/uploads\/2024\/07\/v2c-electric-chargers.jpg",1200,675,false],"xxxxxl":["https:\/\/v2charge.com\/wp-content\/uploads\/2024\/07\/v2c-electric-chargers.jpg",1200,675,false],"1536x1536":["https:\/\/v2charge.com\/wp-content\/uploads\/2024\/07\/v2c-electric-chargers.jpg",1200,675,false],"2048x2048":["https:\/\/v2charge.com\/wp-content\/uploads\/2024\/07\/v2c-electric-chargers.jpg",1200,675,false]},"uagb_author_info":{"display_name":"V2C","author_link":"https:\/\/v2charge.com\/de\/author\/marketing\/"},"uagb_comment_info":0,"uagb_excerpt":"Was ist V2C SmartLock? V2C SmartLock ist eine neue Funktion des Trydan e-Chargers, die es Ihnen erm\u00f6glicht, das Ladeger\u00e4t drahtlos mit einem e-Key zu entsperren, d.h. einem Ger\u00e4t, das BLE (Bluetooth Low Energy) Konnektivit\u00e4t nutzt. Mit einer Smartwatch, einem Fitnessarmband, einem Schl\u00fcsselanh\u00e4nger oder einem Elektrofahrzeug wie einem Tesla Model 3 k\u00f6nnen Sie das Ladeger\u00e4t entriegeln,&hellip;","_links":{"self":[{"href":"https:\/\/v2charge.com\/de\/wp-json\/wp\/v2\/pages\/110346","targetHints":{"allow":["GET"]}}],"collection":[{"href":"https:\/\/v2charge.com\/de\/wp-json\/wp\/v2\/pages"}],"about":[{"href":"https:\/\/v2charge.com\/de\/wp-json\/wp\/v2\/types\/page"}],"author":[{"embeddable":true,"href":"https:\/\/v2charge.com\/de\/wp-json\/wp\/v2\/users\/400"}],"replies":[{"embeddable":true,"href":"https:\/\/v2charge.com\/de\/wp-json\/wp\/v2\/comments?post=110346"}],"version-history":[{"count":3,"href":"https:\/\/v2charge.com\/de\/wp-json\/wp\/v2\/pages\/110346\/revisions"}],"predecessor-version":[{"id":301110,"href":"https:\/\/v2charge.com\/de\/wp-json\/wp\/v2\/pages\/110346\/revisions\/301110"}],"up":[{"embeddable":true,"href":"https:\/\/v2charge.com\/de\/wp-json\/wp\/v2\/pages\/75620"}],"wp:featuredmedia":[{"embeddable":true,"href":"https:\/\/v2charge.com\/de\/wp-json\/wp\/v2\/media\/170350"}],"wp:attachment":[{"href":"https:\/\/v2charge.com\/de\/wp-json\/wp\/v2\/media?parent=110346"}],"curies":[{"name":"wp","href":"https:\/\/api.w.org\/{rel}","templated":true}]}}