{"id":113213,"date":"2023-07-12T13:58:30","date_gmt":"2023-07-12T13:58:30","guid":{"rendered":"https:\/\/v2charge.com\/vincular-google-home-cargador\/"},"modified":"2023-07-14T11:09:20","modified_gmt":"2023-07-14T11:09:20","slug":"link-google-home-ladegerat","status":"publish","type":"page","link":"https:\/\/v2charge.com\/de\/link-google-home-ladegerat\/","title":{"rendered":"Google Home mit Ihrem Ladeger\u00e4t koppeln"},"content":{"rendered":"\n<div style=\"height:60px\" aria-hidden=\"true\" class=\"wp-block-spacer\"><\/div>\n\n\n\n<h1 class=\"wp-block-heading\">Google Home mit Ihrem Ladeger\u00e4t koppeln<\/h1>\n\n\n\n<p>Die Trydan-Lades\u00e4ule ist in der Lage, sich mit intelligenten Ger\u00e4ten wie Google Home zu verbinden.<\/p>\n\n\n\n<h2 class=\"wp-block-heading\">Vorherige Schritte<\/h2>\n\n\n\n<p>Bevor Sie Ihr Ladeger\u00e4t mit Ihrem Google Home-Ger\u00e4t koppeln k\u00f6nnen, m\u00fcssen Sie die Google Home-App auf Ihrem Mobilger\u00e4t installiert haben. Gehen Sie zum App Store (iOS) oder Google Play (Android) und suchen Sie nach &#8222;Google Home&#8220;, um die App herunterzuladen.<\/p>\n\n\n\n<div class=\"wp-block-uagb-container uagb-block-bd055862 alignfull uagb-is-root-container\"><div class=\"uagb-container-inner-blocks-wrap\">\n<div class=\"wp-block-uagb-container uagb-block-52a440ef\">\n<div class=\"wp-block-uagb-image aligncenter uagb-block-71a0a241 wp-block-uagb-image--layout-default wp-block-uagb-image--effect-static wp-block-uagb-image--align-center\"><figure class=\"wp-block-uagb-image__figure\"><img decoding=\"async\" srcset=\"https:\/\/v2charge.com\/wp-content\/uploads\/2023\/07\/herunter-1.jpg \" sizes=\"auto, (max-width: 480px) 150px\" src=\"https:\/\/v2charge.com\/wp-content\/uploads\/2023\/07\/herunter-1.jpg\" alt=\"\" class=\"uag-image-113710\" width=\"400\" height=\"560\" title=\"\" loading=\"lazy\"\/><figcaption class=\"uagb-image-caption\">Suchen Sie die Anwendung und <br>laden Sie sie herunter.<\/figcaption><\/figure><\/div>\n<\/div>\n<\/div><\/div>\n\n\n\n<div style=\"height:50px\" aria-hidden=\"true\" class=\"wp-block-spacer\"><\/div>\n\n\n\n<h2 class=\"wp-block-heading\">Verkn\u00fcpfen Sie Ihr V2C Cloud-Konto mit Google Home<\/h2>\n\n\n\n<div class=\"wp-block-uagb-container uagb-block-ee7ba1fe alignfull uagb-is-root-container\"><div class=\"uagb-container-inner-blocks-wrap\">\n<div class=\"wp-block-uagb-container uagb-block-2ce3a3a2\">\n<div class=\"wp-block-uagb-image uagb-block-42447d6b wp-block-uagb-image--layout-default wp-block-uagb-image--effect-static wp-block-uagb-image--align-none\"><figure class=\"wp-block-uagb-image__figure\"><img decoding=\"async\" srcset=\"https:\/\/v2charge.com\/wp-content\/uploads\/2023\/07\/ferat-hinzufugen.jpg \" sizes=\"auto, (max-width: 480px) 150px\" src=\"https:\/\/v2charge.com\/wp-content\/uploads\/2023\/07\/ferat-hinzufugen.jpg\" alt=\"\" class=\"uag-image-113719\" width=\"400\" height=\"560\" title=\"\" loading=\"lazy\"\/><figcaption class=\"uagb-image-caption\">1. Gehen Sie auf die Registerkarte &#8218;Ger\u00e4te<br>und klicken Sie auf &#8222;Ger\u00e4t hinzuf\u00fcgen&#8220;.<\/figcaption><\/figure><\/div>\n<\/div>\n\n\n\n<div class=\"wp-block-uagb-container uagb-block-2f3688b4\">\n<div class=\"wp-block-uagb-image uagb-block-25f54694 wp-block-uagb-image--layout-default wp-block-uagb-image--effect-static wp-block-uagb-image--align-none\"><figure class=\"wp-block-uagb-image__figure\"><img decoding=\"async\" srcset=\"https:\/\/v2charge.com\/wp-content\/uploads\/2023\/07\/gerat-einrichten.jpg \" sizes=\"auto, (max-width: 480px) 150px\" src=\"https:\/\/v2charge.com\/wp-content\/uploads\/2023\/07\/gerat-einrichten.jpg\" alt=\"\" class=\"uag-image-113728\" width=\"400\" height=\"560\" title=\"\" loading=\"lazy\"\/><figcaption class=\"uagb-image-caption\">2. W\u00e4hlen Sie die Option<br>&#8218;Arbeitet mit Google&#8216;.<\/figcaption><\/figure><\/div>\n<\/div>\n\n\n\n<div class=\"wp-block-uagb-container uagb-block-9036da92\">\n<div class=\"wp-block-uagb-image uagb-block-67ddd3c1 wp-block-uagb-image--layout-default wp-block-uagb-image--effect-static wp-block-uagb-image--align-none\"><figure class=\"wp-block-uagb-image__figure\"><img decoding=\"async\" srcset=\"https:\/\/v2charge.com\/wp-content\/uploads\/2023\/07\/geben-v2c.jpg \" sizes=\"auto, (max-width: 480px) 150px\" src=\"https:\/\/v2charge.com\/wp-content\/uploads\/2023\/07\/geben-v2c.jpg\" alt=\"\" class=\"uag-image-113746\" width=\"400\" height=\"560\" title=\"\" loading=\"lazy\"\/><figcaption class=\"uagb-image-caption\">3. Geben Sie &#8222;V2C&#8220;<br>in das Suchfeld.<\/figcaption><\/figure><\/div>\n<\/div>\n<\/div><\/div>\n\n\n\n<div class=\"wp-block-uagb-container uagb-block-b41df9e4 alignfull uagb-is-root-container\"><div class=\"uagb-container-inner-blocks-wrap\">\n<div class=\"wp-block-uagb-container uagb-block-da9fa3ed\">\n<div class=\"wp-block-uagb-image uagb-block-68b0ec29 wp-block-uagb-image--layout-default wp-block-uagb-image--effect-static wp-block-uagb-image--align-none\"><figure class=\"wp-block-uagb-image__figure\"><img decoding=\"async\" srcset=\"https:\/\/v2charge.com\/wp-content\/uploads\/2023\/07\/vincular-v2c-google-home.jpg \" sizes=\"auto, (max-width: 480px) 150px\" src=\"https:\/\/v2charge.com\/wp-content\/uploads\/2023\/07\/vincular-v2c-google-home.jpg\" alt=\"\" class=\"uag-image-110595\" width=\"400\" height=\"560\" title=\"\" loading=\"lazy\"\/><figcaption class=\"uagb-image-caption\">4. Melden Sie sich mit der<br>gleichen V2C Cloud<br>V2C Cloud-Konto.<\/figcaption><\/figure><\/div>\n<\/div>\n\n\n\n<div class=\"wp-block-uagb-container uagb-block-f44f6005\">\n<div class=\"wp-block-uagb-image uagb-block-b726ff89 wp-block-uagb-image--layout-default wp-block-uagb-image--effect-static wp-block-uagb-image--align-none\"><figure class=\"wp-block-uagb-image__figure\"><img decoding=\"async\" srcset=\"https:\/\/v2charge.com\/wp-content\/uploads\/2023\/07\/gerate.jpg \" sizes=\"auto, (max-width: 480px) 150px\" src=\"https:\/\/v2charge.com\/wp-content\/uploads\/2023\/07\/gerate.jpg\" alt=\"\" class=\"uag-image-113755\" width=\"400\" height=\"560\" title=\"\" loading=\"lazy\"\/><figcaption class=\"uagb-image-caption\">5. Gehen Sie zur\u00fcck zur Registerkarte &#8222;Ger\u00e4te&#8220; und pr\u00fcfen Sie, ob es richtig verkn\u00fcpft wurde.<\/figcaption><\/figure><\/div>\n<\/div>\n<\/div><\/div>\n\n\n\n<p>Nachdem Sie das Pairing durchgef\u00fchrt haben, <a href=\"https:\/\/v2charge.com\/de\/funktionale-befehle-google-home\/\">lernen Sie die funktionalen Befehle von Google Home kennen, um Ihr Ladeger\u00e4t zu steuern.<\/a><\/p>\n\n\n\n<div style=\"height:100px\" aria-hidden=\"true\" class=\"wp-block-spacer\"><\/div>\n","protected":false},"excerpt":{"rendered":"<p>Google Home mit Ihrem Ladeger\u00e4t koppeln Die Trydan-Lades\u00e4ule ist in der Lage, sich mit intelligenten Ger\u00e4ten wie Google Home zu verbinden. Vorherige Schritte Bevor Sie Ihr Ladeger\u00e4t mit Ihrem Google Home-Ger\u00e4t koppeln k\u00f6nnen, m\u00fcssen Sie die Google Home-App auf Ihrem Mobilger\u00e4t installiert haben. Gehen Sie zum App Store (iOS) oder Google Play (Android) und suchen &#8230; <a title=\"Google Home mit Ihrem Ladeger\u00e4t koppeln\" class=\"read-more\" href=\"https:\/\/v2charge.com\/de\/link-google-home-ladegerat\/\" aria-label=\"Mehr Informationen \u00fcber Google Home mit Ihrem Ladeger\u00e4t koppeln\">Weiterlesen<\/a><\/p>\n","protected":false},"author":400,"featured_media":0,"parent":0,"menu_order":0,"comment_status":"closed","ping_status":"closed","template":"","meta":{"_eb_attr":"","content-type":"","_uag_custom_page_level_css":"","footnotes":""},"class_list":["post-113213","page","type-page","status-publish"],"yoast_head":"<!-- This site is optimized with the Yoast SEO plugin v25.3.1 - https:\/\/yoast.com\/wordpress\/plugins\/seo\/ -->\n<title>Koppeln Sie Ihr Ladeger\u00e4t mit Google Home - Konnektivit\u00e4t | V2C<\/title>\n<meta name=\"description\" content=\"Die Trydan-Lades\u00e4ule kann sich mit intelligenten Ger\u00e4ten. Verbinden Sie Ihr Ladeger\u00e4t und steuern Sie Ihr e-Charger.\" \/>\n<meta name=\"robots\" content=\"index, follow, max-snippet:-1, max-image-preview:large, max-video-preview:-1\" \/>\n<link rel=\"canonical\" href=\"https:\/\/v2charge.com\/de\/link-google-home-ladegerat\/\" \/>\n<meta property=\"og:locale\" content=\"de_DE\" \/>\n<meta property=\"og:type\" content=\"article\" \/>\n<meta property=\"og:title\" content=\"Koppeln Sie Ihr Ladeger\u00e4t mit Google Home - Konnektivit\u00e4t | V2C\" \/>\n<meta property=\"og:description\" content=\"Die Trydan-Lades\u00e4ule kann sich mit intelligenten Ger\u00e4ten. Verbinden Sie Ihr Ladeger\u00e4t und steuern Sie Ihr e-Charger.\" \/>\n<meta property=\"og:url\" content=\"https:\/\/v2charge.com\/de\/link-google-home-ladegerat\/\" \/>\n<meta property=\"og:site_name\" content=\"V2C\" \/>\n<meta property=\"article:publisher\" content=\"https:\/\/www.facebook.com\/V2C.Charge\" \/>\n<meta property=\"article:modified_time\" content=\"2023-07-14T11:09:20+00:00\" \/>\n<meta property=\"og:image\" content=\"https:\/\/v2charge.com\/wp-content\/uploads\/2023\/07\/herunter-1.jpg\" \/>\n<meta name=\"twitter:card\" content=\"summary_large_image\" \/>\n<meta name=\"twitter:site\" content=\"@V2C_Charge\" \/>\n<meta name=\"twitter:label1\" content=\"Gesch\u00e4tzte Lesezeit\" \/>\n\t<meta name=\"twitter:data1\" content=\"2\u00a0Minuten\" \/>\n<script type=\"application\/ld+json\" class=\"yoast-schema-graph\">{\"@context\":\"https:\/\/schema.org\",\"@graph\":[{\"@type\":\"WebPage\",\"@id\":\"https:\/\/v2charge.com\/de\/link-google-home-ladegerat\/\",\"url\":\"https:\/\/v2charge.com\/de\/link-google-home-ladegerat\/\",\"name\":\"Koppeln Sie Ihr Ladeger\u00e4t mit Google Home - Konnektivit\u00e4t | V2C\",\"isPartOf\":{\"@id\":\"https:\/\/v2charge.com\/de\/#website\"},\"primaryImageOfPage\":{\"@id\":\"https:\/\/v2charge.com\/de\/link-google-home-ladegerat\/#primaryimage\"},\"image\":{\"@id\":\"https:\/\/v2charge.com\/de\/link-google-home-ladegerat\/#primaryimage\"},\"thumbnailUrl\":\"https:\/\/v2charge.com\/wp-content\/uploads\/2023\/07\/herunter-1.jpg\",\"datePublished\":\"2023-07-12T13:58:30+00:00\",\"dateModified\":\"2023-07-14T11:09:20+00:00\",\"description\":\"Die Trydan-Lades\u00e4ule kann sich mit intelligenten Ger\u00e4ten. Verbinden Sie Ihr Ladeger\u00e4t und steuern Sie Ihr e-Charger.\",\"breadcrumb\":{\"@id\":\"https:\/\/v2charge.com\/de\/link-google-home-ladegerat\/#breadcrumb\"},\"inLanguage\":\"de\",\"potentialAction\":[{\"@type\":\"ReadAction\",\"target\":[\"https:\/\/v2charge.com\/de\/link-google-home-ladegerat\/\"]}]},{\"@type\":\"ImageObject\",\"inLanguage\":\"de\",\"@id\":\"https:\/\/v2charge.com\/de\/link-google-home-ladegerat\/#primaryimage\",\"url\":\"https:\/\/v2charge.com\/wp-content\/uploads\/2023\/07\/herunter-1.jpg\",\"contentUrl\":\"https:\/\/v2charge.com\/wp-content\/uploads\/2023\/07\/herunter-1.jpg\"},{\"@type\":\"BreadcrumbList\",\"@id\":\"https:\/\/v2charge.com\/de\/link-google-home-ladegerat\/#breadcrumb\",\"itemListElement\":[{\"@type\":\"ListItem\",\"position\":1,\"name\":\"V2C\",\"item\":\"https:\/\/v2charge.com\/de\/\"},{\"@type\":\"ListItem\",\"position\":2,\"name\":\"Google Home mit Ihrem Ladeger\u00e4t koppeln\"}]},{\"@type\":\"WebSite\",\"@id\":\"https:\/\/v2charge.com\/de\/#website\",\"url\":\"https:\/\/v2charge.com\/de\/\",\"name\":\"V2C\",\"description\":\"#CargandoElMa\u00f1ana\",\"publisher\":{\"@id\":\"https:\/\/v2charge.com\/de\/#organization\"},\"potentialAction\":[{\"@type\":\"SearchAction\",\"target\":{\"@type\":\"EntryPoint\",\"urlTemplate\":\"https:\/\/v2charge.com\/de\/?s={search_term_string}\"},\"query-input\":{\"@type\":\"PropertyValueSpecification\",\"valueRequired\":true,\"valueName\":\"search_term_string\"}}],\"inLanguage\":\"de\"},{\"@type\":\"Organization\",\"@id\":\"https:\/\/v2charge.com\/de\/#organization\",\"name\":\"V2C\",\"url\":\"https:\/\/v2charge.com\/de\/\",\"logo\":{\"@type\":\"ImageObject\",\"inLanguage\":\"de\",\"@id\":\"https:\/\/v2charge.com\/de\/#\/schema\/logo\/image\/\",\"url\":\"https:\/\/v2charge.com\/wp-content\/uploads\/2024\/11\/cropped-v2c-charge-logo-menu.png\",\"contentUrl\":\"https:\/\/v2charge.com\/wp-content\/uploads\/2024\/11\/cropped-v2c-charge-logo-menu.png\",\"width\":984,\"height\":431,\"caption\":\"V2C\"},\"image\":{\"@id\":\"https:\/\/v2charge.com\/de\/#\/schema\/logo\/image\/\"},\"sameAs\":[\"https:\/\/www.facebook.com\/V2C.Charge\",\"https:\/\/x.com\/V2C_Charge\",\"https:\/\/www.instagram.com\/v2c.charge\/\",\"https:\/\/www.youtube.com\/@V2C\",\"https:\/\/www.linkedin.com\/company\/v2c-chargers\/\"]}]}<\/script>\n<!-- \/ Yoast SEO plugin. -->","yoast_head_json":{"title":"Koppeln Sie Ihr Ladeger\u00e4t mit Google Home - Konnektivit\u00e4t | V2C","description":"Die Trydan-Lades\u00e4ule kann sich mit intelligenten Ger\u00e4ten. Verbinden Sie Ihr Ladeger\u00e4t und steuern Sie Ihr e-Charger.","robots":{"index":"index","follow":"follow","max-snippet":"max-snippet:-1","max-image-preview":"max-image-preview:large","max-video-preview":"max-video-preview:-1"},"canonical":"https:\/\/v2charge.com\/de\/link-google-home-ladegerat\/","og_locale":"de_DE","og_type":"article","og_title":"Koppeln Sie Ihr Ladeger\u00e4t mit Google Home - Konnektivit\u00e4t | V2C","og_description":"Die Trydan-Lades\u00e4ule kann sich mit intelligenten Ger\u00e4ten. Verbinden Sie Ihr Ladeger\u00e4t und steuern Sie Ihr e-Charger.","og_url":"https:\/\/v2charge.com\/de\/link-google-home-ladegerat\/","og_site_name":"V2C","article_publisher":"https:\/\/www.facebook.com\/V2C.Charge","article_modified_time":"2023-07-14T11:09:20+00:00","og_image":[{"url":"https:\/\/v2charge.com\/wp-content\/uploads\/2023\/07\/herunter-1.jpg","type":"","width":"","height":""}],"twitter_card":"summary_large_image","twitter_site":"@V2C_Charge","twitter_misc":{"Gesch\u00e4tzte Lesezeit":"2\u00a0Minuten"},"schema":{"@context":"https:\/\/schema.org","@graph":[{"@type":"WebPage","@id":"https:\/\/v2charge.com\/de\/link-google-home-ladegerat\/","url":"https:\/\/v2charge.com\/de\/link-google-home-ladegerat\/","name":"Koppeln Sie Ihr Ladeger\u00e4t mit Google Home - Konnektivit\u00e4t | V2C","isPartOf":{"@id":"https:\/\/v2charge.com\/de\/#website"},"primaryImageOfPage":{"@id":"https:\/\/v2charge.com\/de\/link-google-home-ladegerat\/#primaryimage"},"image":{"@id":"https:\/\/v2charge.com\/de\/link-google-home-ladegerat\/#primaryimage"},"thumbnailUrl":"https:\/\/v2charge.com\/wp-content\/uploads\/2023\/07\/herunter-1.jpg","datePublished":"2023-07-12T13:58:30+00:00","dateModified":"2023-07-14T11:09:20+00:00","description":"Die Trydan-Lades\u00e4ule kann sich mit intelligenten Ger\u00e4ten. Verbinden Sie Ihr Ladeger\u00e4t und steuern Sie Ihr e-Charger.","breadcrumb":{"@id":"https:\/\/v2charge.com\/de\/link-google-home-ladegerat\/#breadcrumb"},"inLanguage":"de","potentialAction":[{"@type":"ReadAction","target":["https:\/\/v2charge.com\/de\/link-google-home-ladegerat\/"]}]},{"@type":"ImageObject","inLanguage":"de","@id":"https:\/\/v2charge.com\/de\/link-google-home-ladegerat\/#primaryimage","url":"https:\/\/v2charge.com\/wp-content\/uploads\/2023\/07\/herunter-1.jpg","contentUrl":"https:\/\/v2charge.com\/wp-content\/uploads\/2023\/07\/herunter-1.jpg"},{"@type":"BreadcrumbList","@id":"https:\/\/v2charge.com\/de\/link-google-home-ladegerat\/#breadcrumb","itemListElement":[{"@type":"ListItem","position":1,"name":"V2C","item":"https:\/\/v2charge.com\/de\/"},{"@type":"ListItem","position":2,"name":"Google Home mit Ihrem Ladeger\u00e4t koppeln"}]},{"@type":"WebSite","@id":"https:\/\/v2charge.com\/de\/#website","url":"https:\/\/v2charge.com\/de\/","name":"V2C","description":"#CargandoElMa\u00f1ana","publisher":{"@id":"https:\/\/v2charge.com\/de\/#organization"},"potentialAction":[{"@type":"SearchAction","target":{"@type":"EntryPoint","urlTemplate":"https:\/\/v2charge.com\/de\/?s={search_term_string}"},"query-input":{"@type":"PropertyValueSpecification","valueRequired":true,"valueName":"search_term_string"}}],"inLanguage":"de"},{"@type":"Organization","@id":"https:\/\/v2charge.com\/de\/#organization","name":"V2C","url":"https:\/\/v2charge.com\/de\/","logo":{"@type":"ImageObject","inLanguage":"de","@id":"https:\/\/v2charge.com\/de\/#\/schema\/logo\/image\/","url":"https:\/\/v2charge.com\/wp-content\/uploads\/2024\/11\/cropped-v2c-charge-logo-menu.png","contentUrl":"https:\/\/v2charge.com\/wp-content\/uploads\/2024\/11\/cropped-v2c-charge-logo-menu.png","width":984,"height":431,"caption":"V2C"},"image":{"@id":"https:\/\/v2charge.com\/de\/#\/schema\/logo\/image\/"},"sameAs":["https:\/\/www.facebook.com\/V2C.Charge","https:\/\/x.com\/V2C_Charge","https:\/\/www.instagram.com\/v2c.charge\/","https:\/\/www.youtube.com\/@V2C","https:\/\/www.linkedin.com\/company\/v2c-chargers\/"]}]}},"uagb_featured_image_src":{"full":false,"thumbnail":false,"medium":false,"medium_large":false,"large":false,"gs-tiny":false,"xl":false,"xxl":false,"xxxl":false,"xxxxl":false,"xxxxxl":false,"1536x1536":false,"2048x2048":false},"uagb_author_info":{"display_name":"V2C","author_link":"https:\/\/v2charge.com\/de\/author\/marketing\/"},"uagb_comment_info":0,"uagb_excerpt":"Google Home mit Ihrem Ladeger\u00e4t koppeln Die Trydan-Lades\u00e4ule ist in der Lage, sich mit intelligenten Ger\u00e4ten wie Google Home zu verbinden. Vorherige Schritte Bevor Sie Ihr Ladeger\u00e4t mit Ihrem Google Home-Ger\u00e4t koppeln k\u00f6nnen, m\u00fcssen Sie die Google Home-App auf Ihrem Mobilger\u00e4t installiert haben. Gehen Sie zum App Store (iOS) oder Google Play (Android) und suchen&hellip;","_links":{"self":[{"href":"https:\/\/v2charge.com\/de\/wp-json\/wp\/v2\/pages\/113213","targetHints":{"allow":["GET"]}}],"collection":[{"href":"https:\/\/v2charge.com\/de\/wp-json\/wp\/v2\/pages"}],"about":[{"href":"https:\/\/v2charge.com\/de\/wp-json\/wp\/v2\/types\/page"}],"author":[{"embeddable":true,"href":"https:\/\/v2charge.com\/de\/wp-json\/wp\/v2\/users\/400"}],"replies":[{"embeddable":true,"href":"https:\/\/v2charge.com\/de\/wp-json\/wp\/v2\/comments?post=113213"}],"version-history":[{"count":0,"href":"https:\/\/v2charge.com\/de\/wp-json\/wp\/v2\/pages\/113213\/revisions"}],"wp:attachment":[{"href":"https:\/\/v2charge.com\/de\/wp-json\/wp\/v2\/media?parent=113213"}],"curies":[{"name":"wp","href":"https:\/\/api.w.org\/{rel}","templated":true}]}}