{"id":155956,"date":"2024-05-21T09:18:35","date_gmt":"2024-05-21T07:18:35","guid":{"rendered":"https:\/\/v2charge.com\/unterstutzung\/trydan\/protecciones-electricas\/toscano\/"},"modified":"2024-06-18T09:48:47","modified_gmt":"2024-06-18T07:48:47","slug":"toscano","status":"publish","type":"page","link":"https:\/\/v2charge.com\/de\/support\/trydan\/elektrische-schutzvorrichtungen\/toscano\/","title":{"rendered":"R\u00fcckstellung der Toscano-Schutzvorrichtungen"},"content":{"rendered":"\n<div class=\"wp-block-uagb-container uagb-block-4e29f302 alignfull uagb-is-root-container\"><div class=\"uagb-container-inner-blocks-wrap\">\n<div style=\"height:30px\" aria-hidden=\"true\" class=\"wp-block-spacer\"><\/div>\n\n\n<div class=\"yoast-breadcrumbs\"><span><span><a href=\"https:\/\/v2charge.com\/de\/\">V2C<\/a><\/span> \u00bb <span><a href=\"https:\/\/v2charge.com\/de\/support\/\">Support<\/a><\/span> \u00bb <span><a href=\"https:\/\/v2charge.com\/de\/support\/trydan\/\">Trydan-Support<\/a><\/span> \u00bb <span><a href=\"https:\/\/v2charge.com\/de\/support\/trydan\/elektrische-schutzvorrichtungen\/\">Elektrische Schutzvorrichtungen<\/a><\/span> \u00bb <span class=\"breadcrumb_last\" aria-current=\"page\">Toskana-Schutzma\u00dfnahmen Wiederbewaffnung<\/span><\/span><\/div>\n\n\n<div style=\"height:10px\" aria-hidden=\"true\" class=\"wp-block-spacer\"><\/div>\n\n\n\n<div class=\"wp-block-uagb-advanced-heading uagb-block-eb8d37cd\"><h1 class=\"uagb-heading-text\"><strong>Wie stellt man den Toscano-Schutzblock zur\u00fcck?<\/strong><\/h1><\/div>\n<\/div><\/div>\n\n\n\n<div style=\"height:30px\" aria-hidden=\"true\" class=\"wp-block-spacer\"><\/div>\n\n\n\n<div class=\"wp-block-uagb-container uagb-block-c3de7388 alignfull uagb-is-root-container\"><div class=\"uagb-container-inner-blocks-wrap\">\n<p>Wenn der COMBI-MINI-TDA aufgrund eines thermischen Fehlers oder eines Erdschlusses ausl\u00f6st, <strong>bleibt der Steuerhebel locker. <\/strong>Um das Ger\u00e4t zur\u00fcckzusetzen, <strong>m\u00fcssen alle Hebel nach unten gedr\u00fcckt werden, bis ein &#8222;Klick&#8220; zu h\u00f6ren ist,<\/strong> und anschlie\u00dfend wieder hochgehoben werden.<\/p>\n\n\n\n<div class=\"wp-block-uagb-container uagb-block-2b63b67b alignfull uagb-is-root-container\"><div class=\"uagb-container-inner-blocks-wrap\">\n<div class=\"wp-block-uagb-container uagb-block-f31a0580\">\n<div class=\"wp-block-uagb-image aligncenter uagb-block-e6203d43 wp-block-uagb-image--layout-default wp-block-uagb-image--effect-static wp-block-uagb-image--align-center\"><figure class=\"wp-block-uagb-image__figure\"><img decoding=\"async\" srcset=\"https:\/\/v2charge.com\/wp-content\/uploads\/2024\/05\/presionar.jpg ,https:\/\/v2charge.com\/wp-content\/uploads\/2024\/05\/presionar.jpg 780w, https:\/\/v2charge.com\/wp-content\/uploads\/2024\/05\/presionar.jpg 360w\" sizes=\"auto, (max-width: 480px) 150px\" src=\"https:\/\/v2charge.com\/wp-content\/uploads\/2024\/05\/presionar.jpg\" alt=\"\" class=\"uag-image-155273\" width=\"368\" height=\"355\" title=\"presionar\" loading=\"lazy\" role=\"img\"\/><figcaption class=\"uagb-image-caption\"><strong>1.<\/strong> Dr\u00fccken<\/figcaption><\/figure><\/div>\n<\/div>\n\n\n\n<div class=\"wp-block-uagb-container uagb-block-76301d6e\">\n<div class=\"wp-block-uagb-image aligncenter uagb-block-0fb7d9a4 wp-block-uagb-image--layout-default wp-block-uagb-image--effect-static wp-block-uagb-image--align-center\"><figure class=\"wp-block-uagb-image__figure\"><img decoding=\"async\" srcset=\"https:\/\/v2charge.com\/wp-content\/uploads\/2024\/06\/subir-protecciones.jpg ,https:\/\/v2charge.com\/wp-content\/uploads\/2024\/06\/subir-protecciones.jpg 780w, https:\/\/v2charge.com\/wp-content\/uploads\/2024\/06\/subir-protecciones.jpg 360w\" sizes=\"auto, (max-width: 480px) 150px\" src=\"https:\/\/v2charge.com\/wp-content\/uploads\/2024\/06\/subir-protecciones.jpg\" alt=\"\" class=\"uag-image-160925\" width=\"357\" height=\"354\" title=\"subir-protecciones\" loading=\"lazy\" role=\"img\"\/><figcaption class=\"uagb-image-caption\"><strong>2. <\/strong>Alle Hebel anheben<\/figcaption><\/figure><\/div>\n<\/div>\n<\/div><\/div>\n<\/div><\/div>\n\n\n\n<figure class=\"wp-block-embed is-type-video is-provider-youtube wp-block-embed-youtube wp-embed-aspect-16-9 wp-has-aspect-ratio\"><div class=\"wp-block-embed__wrapper\">\n<iframe title=\"Rearmar las protecciones de Trydan y Trydan Pro\" width=\"1200\" height=\"675\" src=\"https:\/\/www.youtube.com\/embed\/valXG2gRRt0?feature=oembed\" frameborder=\"0\" allow=\"accelerometer; autoplay; clipboard-write; encrypted-media; gyroscope; picture-in-picture; web-share\" referrerpolicy=\"strict-origin-when-cross-origin\" allowfullscreen><\/iframe>\n<\/div><\/figure>\n\n\n\n<div style=\"height:30px\" aria-hidden=\"true\" class=\"wp-block-spacer\"><\/div>\n\n\n\n<div class=\"wp-block-uagb-container uagb-block-40525cf9 alignfull uagb-is-root-container\"><div class=\"uagb-container-inner-blocks-wrap\"><\/div><\/div>\n\n\n\n<div style=\"height:50px\" aria-hidden=\"true\" class=\"wp-block-spacer\"><\/div>\n\n\n\n<div style=\"height:50px\" aria-hidden=\"true\" class=\"wp-block-spacer\"><\/div>\n","protected":false},"excerpt":{"rendered":"<p>Wie stellt man den Toscano-Schutzblock zur\u00fcck? Wenn der COMBI-MINI-TDA aufgrund eines thermischen Fehlers oder eines Erdschlusses ausl\u00f6st, bleibt der Steuerhebel locker. Um das Ger\u00e4t zur\u00fcckzusetzen, m\u00fcssen alle Hebel nach unten gedr\u00fcckt werden, bis ein &#8222;Klick&#8220; zu h\u00f6ren ist, und anschlie\u00dfend wieder hochgehoben werden.<\/p>\n","protected":false},"author":400,"featured_media":170350,"parent":155953,"menu_order":0,"comment_status":"closed","ping_status":"closed","template":"","meta":{"_eb_attr":"","content-type":"","_uag_custom_page_level_css":"","footnotes":""},"class_list":["post-155956","page","type-page","status-publish","has-post-thumbnail"],"yoast_head":"<!-- This site is optimized with the Yoast SEO plugin v25.3.1 - https:\/\/yoast.com\/wordpress\/plugins\/seo\/ -->\n<title>Automatische R\u00fcckstellung der Toscano - V2C Trydan<\/title>\n<meta name=\"description\" content=\"Automatisches Zur\u00fccksetzen der Toscano-Schutzfunktionen im Trydan V2C-Ladeger\u00e4t | Schritt f\u00fcr Schritt - V2C Support\" \/>\n<meta name=\"robots\" content=\"index, follow, max-snippet:-1, max-image-preview:large, max-video-preview:-1\" \/>\n<link rel=\"canonical\" href=\"https:\/\/v2charge.com\/de\/support\/trydan\/elektrische-schutzvorrichtungen\/toscano\/\" \/>\n<meta property=\"og:locale\" content=\"de_DE\" \/>\n<meta property=\"og:type\" content=\"article\" \/>\n<meta property=\"og:title\" content=\"Automatische R\u00fcckstellung der Toscano - V2C Trydan\" \/>\n<meta property=\"og:description\" content=\"Automatisches Zur\u00fccksetzen der Toscano-Schutzfunktionen im Trydan V2C-Ladeger\u00e4t | Schritt f\u00fcr Schritt - V2C Support\" \/>\n<meta property=\"og:url\" content=\"https:\/\/v2charge.com\/de\/support\/trydan\/elektrische-schutzvorrichtungen\/toscano\/\" \/>\n<meta property=\"og:site_name\" content=\"V2C\" \/>\n<meta property=\"article:publisher\" content=\"https:\/\/www.facebook.com\/V2C.Charge\" \/>\n<meta property=\"article:modified_time\" content=\"2024-06-18T07:48:47+00:00\" \/>\n<meta property=\"og:image\" content=\"https:\/\/v2charge.com\/wp-content\/uploads\/2024\/05\/presionar.jpg\" \/>\n<meta name=\"twitter:card\" content=\"summary_large_image\" \/>\n<meta name=\"twitter:site\" content=\"@V2C_Charge\" \/>\n<meta name=\"twitter:label1\" content=\"Gesch\u00e4tzte Lesezeit\" \/>\n\t<meta name=\"twitter:data1\" content=\"1\u00a0Minute\" \/>\n<script type=\"application\/ld+json\" class=\"yoast-schema-graph\">{\"@context\":\"https:\/\/schema.org\",\"@graph\":[{\"@type\":\"WebPage\",\"@id\":\"https:\/\/v2charge.com\/de\/support\/trydan\/elektrische-schutzvorrichtungen\/toscano\/\",\"url\":\"https:\/\/v2charge.com\/de\/support\/trydan\/elektrische-schutzvorrichtungen\/toscano\/\",\"name\":\"Automatische R\u00fcckstellung der Toscano - V2C Trydan\",\"isPartOf\":{\"@id\":\"https:\/\/v2charge.com\/de\/#website\"},\"primaryImageOfPage\":{\"@id\":\"https:\/\/v2charge.com\/de\/support\/trydan\/elektrische-schutzvorrichtungen\/toscano\/#primaryimage\"},\"image\":{\"@id\":\"https:\/\/v2charge.com\/de\/support\/trydan\/elektrische-schutzvorrichtungen\/toscano\/#primaryimage\"},\"thumbnailUrl\":\"https:\/\/v2charge.com\/wp-content\/uploads\/2024\/07\/v2c-electric-chargers.jpg\",\"datePublished\":\"2024-05-21T07:18:35+00:00\",\"dateModified\":\"2024-06-18T07:48:47+00:00\",\"description\":\"Automatisches Zur\u00fccksetzen der Toscano-Schutzfunktionen im Trydan V2C-Ladeger\u00e4t | Schritt f\u00fcr Schritt - V2C Support\",\"breadcrumb\":{\"@id\":\"https:\/\/v2charge.com\/de\/support\/trydan\/elektrische-schutzvorrichtungen\/toscano\/#breadcrumb\"},\"inLanguage\":\"de\",\"potentialAction\":[{\"@type\":\"ReadAction\",\"target\":[\"https:\/\/v2charge.com\/de\/support\/trydan\/elektrische-schutzvorrichtungen\/toscano\/\"]}]},{\"@type\":\"ImageObject\",\"inLanguage\":\"de\",\"@id\":\"https:\/\/v2charge.com\/de\/support\/trydan\/elektrische-schutzvorrichtungen\/toscano\/#primaryimage\",\"url\":\"https:\/\/v2charge.com\/wp-content\/uploads\/2024\/07\/v2c-electric-chargers.jpg\",\"contentUrl\":\"https:\/\/v2charge.com\/wp-content\/uploads\/2024\/07\/v2c-electric-chargers.jpg\",\"width\":1200,\"height\":675,\"caption\":\"V2C Electric Chargers\"},{\"@type\":\"BreadcrumbList\",\"@id\":\"https:\/\/v2charge.com\/de\/support\/trydan\/elektrische-schutzvorrichtungen\/toscano\/#breadcrumb\",\"itemListElement\":[{\"@type\":\"ListItem\",\"position\":1,\"name\":\"V2C\",\"item\":\"https:\/\/v2charge.com\/de\/\"},{\"@type\":\"ListItem\",\"position\":2,\"name\":\"Support\",\"item\":\"https:\/\/v2charge.com\/de\/support\/\"},{\"@type\":\"ListItem\",\"position\":3,\"name\":\"Trydan-Support\",\"item\":\"https:\/\/v2charge.com\/de\/support\/trydan\/\"},{\"@type\":\"ListItem\",\"position\":4,\"name\":\"Elektrische Schutzvorrichtungen\",\"item\":\"https:\/\/v2charge.com\/de\/support\/trydan\/elektrische-schutzvorrichtungen\/\"},{\"@type\":\"ListItem\",\"position\":5,\"name\":\"Toskana-Schutzma\u00dfnahmen Wiederbewaffnung\"}]},{\"@type\":\"WebSite\",\"@id\":\"https:\/\/v2charge.com\/de\/#website\",\"url\":\"https:\/\/v2charge.com\/de\/\",\"name\":\"V2C\",\"description\":\"#CargandoElMa\u00f1ana\",\"publisher\":{\"@id\":\"https:\/\/v2charge.com\/de\/#organization\"},\"potentialAction\":[{\"@type\":\"SearchAction\",\"target\":{\"@type\":\"EntryPoint\",\"urlTemplate\":\"https:\/\/v2charge.com\/de\/?s={search_term_string}\"},\"query-input\":{\"@type\":\"PropertyValueSpecification\",\"valueRequired\":true,\"valueName\":\"search_term_string\"}}],\"inLanguage\":\"de\"},{\"@type\":\"Organization\",\"@id\":\"https:\/\/v2charge.com\/de\/#organization\",\"name\":\"V2C\",\"url\":\"https:\/\/v2charge.com\/de\/\",\"logo\":{\"@type\":\"ImageObject\",\"inLanguage\":\"de\",\"@id\":\"https:\/\/v2charge.com\/de\/#\/schema\/logo\/image\/\",\"url\":\"https:\/\/v2charge.com\/wp-content\/uploads\/2024\/11\/cropped-v2c-charge-logo-menu.png\",\"contentUrl\":\"https:\/\/v2charge.com\/wp-content\/uploads\/2024\/11\/cropped-v2c-charge-logo-menu.png\",\"width\":984,\"height\":431,\"caption\":\"V2C\"},\"image\":{\"@id\":\"https:\/\/v2charge.com\/de\/#\/schema\/logo\/image\/\"},\"sameAs\":[\"https:\/\/www.facebook.com\/V2C.Charge\",\"https:\/\/x.com\/V2C_Charge\",\"https:\/\/www.instagram.com\/v2c.charge\/\",\"https:\/\/www.youtube.com\/@V2C\",\"https:\/\/www.linkedin.com\/company\/v2c-chargers\/\"]}]}<\/script>\n<!-- \/ Yoast SEO plugin. -->","yoast_head_json":{"title":"Automatische R\u00fcckstellung der Toscano - V2C Trydan","description":"Automatisches Zur\u00fccksetzen der Toscano-Schutzfunktionen im Trydan V2C-Ladeger\u00e4t | Schritt f\u00fcr Schritt - V2C Support","robots":{"index":"index","follow":"follow","max-snippet":"max-snippet:-1","max-image-preview":"max-image-preview:large","max-video-preview":"max-video-preview:-1"},"canonical":"https:\/\/v2charge.com\/de\/support\/trydan\/elektrische-schutzvorrichtungen\/toscano\/","og_locale":"de_DE","og_type":"article","og_title":"Automatische R\u00fcckstellung der Toscano - V2C Trydan","og_description":"Automatisches Zur\u00fccksetzen der Toscano-Schutzfunktionen im Trydan V2C-Ladeger\u00e4t | Schritt f\u00fcr Schritt - V2C Support","og_url":"https:\/\/v2charge.com\/de\/support\/trydan\/elektrische-schutzvorrichtungen\/toscano\/","og_site_name":"V2C","article_publisher":"https:\/\/www.facebook.com\/V2C.Charge","article_modified_time":"2024-06-18T07:48:47+00:00","og_image":[{"url":"https:\/\/v2charge.com\/wp-content\/uploads\/2024\/05\/presionar.jpg","type":"","width":"","height":""}],"twitter_card":"summary_large_image","twitter_site":"@V2C_Charge","twitter_misc":{"Gesch\u00e4tzte Lesezeit":"1\u00a0Minute"},"schema":{"@context":"https:\/\/schema.org","@graph":[{"@type":"WebPage","@id":"https:\/\/v2charge.com\/de\/support\/trydan\/elektrische-schutzvorrichtungen\/toscano\/","url":"https:\/\/v2charge.com\/de\/support\/trydan\/elektrische-schutzvorrichtungen\/toscano\/","name":"Automatische R\u00fcckstellung der Toscano - V2C Trydan","isPartOf":{"@id":"https:\/\/v2charge.com\/de\/#website"},"primaryImageOfPage":{"@id":"https:\/\/v2charge.com\/de\/support\/trydan\/elektrische-schutzvorrichtungen\/toscano\/#primaryimage"},"image":{"@id":"https:\/\/v2charge.com\/de\/support\/trydan\/elektrische-schutzvorrichtungen\/toscano\/#primaryimage"},"thumbnailUrl":"https:\/\/v2charge.com\/wp-content\/uploads\/2024\/07\/v2c-electric-chargers.jpg","datePublished":"2024-05-21T07:18:35+00:00","dateModified":"2024-06-18T07:48:47+00:00","description":"Automatisches Zur\u00fccksetzen der Toscano-Schutzfunktionen im Trydan V2C-Ladeger\u00e4t | Schritt f\u00fcr Schritt - V2C Support","breadcrumb":{"@id":"https:\/\/v2charge.com\/de\/support\/trydan\/elektrische-schutzvorrichtungen\/toscano\/#breadcrumb"},"inLanguage":"de","potentialAction":[{"@type":"ReadAction","target":["https:\/\/v2charge.com\/de\/support\/trydan\/elektrische-schutzvorrichtungen\/toscano\/"]}]},{"@type":"ImageObject","inLanguage":"de","@id":"https:\/\/v2charge.com\/de\/support\/trydan\/elektrische-schutzvorrichtungen\/toscano\/#primaryimage","url":"https:\/\/v2charge.com\/wp-content\/uploads\/2024\/07\/v2c-electric-chargers.jpg","contentUrl":"https:\/\/v2charge.com\/wp-content\/uploads\/2024\/07\/v2c-electric-chargers.jpg","width":1200,"height":675,"caption":"V2C Electric Chargers"},{"@type":"BreadcrumbList","@id":"https:\/\/v2charge.com\/de\/support\/trydan\/elektrische-schutzvorrichtungen\/toscano\/#breadcrumb","itemListElement":[{"@type":"ListItem","position":1,"name":"V2C","item":"https:\/\/v2charge.com\/de\/"},{"@type":"ListItem","position":2,"name":"Support","item":"https:\/\/v2charge.com\/de\/support\/"},{"@type":"ListItem","position":3,"name":"Trydan-Support","item":"https:\/\/v2charge.com\/de\/support\/trydan\/"},{"@type":"ListItem","position":4,"name":"Elektrische Schutzvorrichtungen","item":"https:\/\/v2charge.com\/de\/support\/trydan\/elektrische-schutzvorrichtungen\/"},{"@type":"ListItem","position":5,"name":"Toskana-Schutzma\u00dfnahmen Wiederbewaffnung"}]},{"@type":"WebSite","@id":"https:\/\/v2charge.com\/de\/#website","url":"https:\/\/v2charge.com\/de\/","name":"V2C","description":"#CargandoElMa\u00f1ana","publisher":{"@id":"https:\/\/v2charge.com\/de\/#organization"},"potentialAction":[{"@type":"SearchAction","target":{"@type":"EntryPoint","urlTemplate":"https:\/\/v2charge.com\/de\/?s={search_term_string}"},"query-input":{"@type":"PropertyValueSpecification","valueRequired":true,"valueName":"search_term_string"}}],"inLanguage":"de"},{"@type":"Organization","@id":"https:\/\/v2charge.com\/de\/#organization","name":"V2C","url":"https:\/\/v2charge.com\/de\/","logo":{"@type":"ImageObject","inLanguage":"de","@id":"https:\/\/v2charge.com\/de\/#\/schema\/logo\/image\/","url":"https:\/\/v2charge.com\/wp-content\/uploads\/2024\/11\/cropped-v2c-charge-logo-menu.png","contentUrl":"https:\/\/v2charge.com\/wp-content\/uploads\/2024\/11\/cropped-v2c-charge-logo-menu.png","width":984,"height":431,"caption":"V2C"},"image":{"@id":"https:\/\/v2charge.com\/de\/#\/schema\/logo\/image\/"},"sameAs":["https:\/\/www.facebook.com\/V2C.Charge","https:\/\/x.com\/V2C_Charge","https:\/\/www.instagram.com\/v2c.charge\/","https:\/\/www.youtube.com\/@V2C","https:\/\/www.linkedin.com\/company\/v2c-chargers\/"]}]}},"uagb_featured_image_src":{"full":["https:\/\/v2charge.com\/wp-content\/uploads\/2024\/07\/v2c-electric-chargers.jpg",1200,675,false],"thumbnail":["https:\/\/v2charge.com\/wp-content\/uploads\/2024\/07\/v2c-electric-chargers-150x150.jpg",150,150,true],"medium":["https:\/\/v2charge.com\/wp-content\/uploads\/2024\/07\/v2c-electric-chargers-300x169.jpg",300,169,true],"medium_large":["https:\/\/v2charge.com\/wp-content\/uploads\/2024\/07\/v2c-electric-chargers-768x432.jpg",768,432,true],"large":["https:\/\/v2charge.com\/wp-content\/uploads\/2024\/07\/v2c-electric-chargers-1024x576.jpg",1024,576,true],"gs-tiny":["https:\/\/v2charge.com\/wp-content\/uploads\/2024\/07\/v2c-electric-chargers.jpg",50,28,false],"xl":["https:\/\/v2charge.com\/wp-content\/uploads\/2024\/07\/v2c-electric-chargers.jpg",1200,675,false],"xxl":["https:\/\/v2charge.com\/wp-content\/uploads\/2024\/07\/v2c-electric-chargers.jpg",1200,675,false],"xxxl":["https:\/\/v2charge.com\/wp-content\/uploads\/2024\/07\/v2c-electric-chargers.jpg",1200,675,false],"xxxxl":["https:\/\/v2charge.com\/wp-content\/uploads\/2024\/07\/v2c-electric-chargers.jpg",1200,675,false],"xxxxxl":["https:\/\/v2charge.com\/wp-content\/uploads\/2024\/07\/v2c-electric-chargers.jpg",1200,675,false],"1536x1536":["https:\/\/v2charge.com\/wp-content\/uploads\/2024\/07\/v2c-electric-chargers.jpg",1200,675,false],"2048x2048":["https:\/\/v2charge.com\/wp-content\/uploads\/2024\/07\/v2c-electric-chargers.jpg",1200,675,false]},"uagb_author_info":{"display_name":"V2C","author_link":"https:\/\/v2charge.com\/de\/author\/marketing\/"},"uagb_comment_info":0,"uagb_excerpt":"Wie stellt man den Toscano-Schutzblock zur\u00fcck? Wenn der COMBI-MINI-TDA aufgrund eines thermischen Fehlers oder eines Erdschlusses ausl\u00f6st, bleibt der Steuerhebel locker. Um das Ger\u00e4t zur\u00fcckzusetzen, m\u00fcssen alle Hebel nach unten gedr\u00fcckt werden, bis ein &#8222;Klick&#8220; zu h\u00f6ren ist, und anschlie\u00dfend wieder hochgehoben werden.","_links":{"self":[{"href":"https:\/\/v2charge.com\/de\/wp-json\/wp\/v2\/pages\/155956","targetHints":{"allow":["GET"]}}],"collection":[{"href":"https:\/\/v2charge.com\/de\/wp-json\/wp\/v2\/pages"}],"about":[{"href":"https:\/\/v2charge.com\/de\/wp-json\/wp\/v2\/types\/page"}],"author":[{"embeddable":true,"href":"https:\/\/v2charge.com\/de\/wp-json\/wp\/v2\/users\/400"}],"replies":[{"embeddable":true,"href":"https:\/\/v2charge.com\/de\/wp-json\/wp\/v2\/comments?post=155956"}],"version-history":[{"count":0,"href":"https:\/\/v2charge.com\/de\/wp-json\/wp\/v2\/pages\/155956\/revisions"}],"up":[{"embeddable":true,"href":"https:\/\/v2charge.com\/de\/wp-json\/wp\/v2\/pages\/155953"}],"wp:featuredmedia":[{"embeddable":true,"href":"https:\/\/v2charge.com\/de\/wp-json\/wp\/v2\/media\/170350"}],"wp:attachment":[{"href":"https:\/\/v2charge.com\/de\/wp-json\/wp\/v2\/media?parent=155956"}],"curies":[{"name":"wp","href":"https:\/\/api.w.org\/{rel}","templated":true}]}}