{"id":16831,"date":"2020-03-11T10:16:52","date_gmt":"2020-03-11T10:16:52","guid":{"rendered":"https:\/\/www.v2charge.com\/?page_id=16831"},"modified":"2022-02-07T09:06:44","modified_gmt":"2022-02-07T09:06:44","slug":"v2c-qualitaet","status":"publish","type":"page","link":"https:\/\/v2charge.com\/de\/v2c-qualitaet\/","title":{"rendered":"V2C-QUALIT\u00c4T"},"content":{"rendered":"<p>[vc_row][vc_column][vc_column_text]<\/p>\n<h1 style=\"text-align: center;\">Warum V2C w\u00e4hlen?<\/h1>\n<p>[\/vc_column_text][\/vc_column][\/vc_row][vc_row][vc_column][vc_empty_space][vc_column_text]<\/p>\n<p style=\"text-align: center;\">Entsprechend unserem Engagement f\u00fcr die Qualit\u00e4t unserer Produkte und unserer Arbeit, entwickeln wir Ladestationen f\u00fcr Elektrofahrzeuge, die die h\u00f6chsten Qualit\u00e4tsstandards erf\u00fcllen ohne die Bed\u00fcrfnisse des Nutzers zu \u00fcbersehen.<\/p>\n<p style=\"text-align: center;\">V2C gilt als einer der f\u00fchrenden Hersteller von Ladestationen in Spanien aufgrund der Anfertigung dauerhaften, widerstandsf\u00e4higen, gestaltend anpassenden und personalisierten Produkte.<\/p>\n<p style=\"text-align: center;\">Wir arbeiten jeden Tag im Geiste der st\u00e4ndigen Innovation und Schaffung von Produkte, die die passende L\u00f6sung alle Nutzer von Elektrofahrzeugen bieten.<\/p>\n<p>[\/vc_column_text][\/vc_column][\/vc_row][vc_row css=&#8220;.vc_custom_1644224729669{padding-top: 30px !important;padding-bottom: 30px !important;}&#8220;][vc_column][vc_btn title=&#8220;KONTAKTIEREN SIE UNSEREN AFTER-SALES-DIENST FALLS SIE FRAGEN \u00dcBER DIE FUNKTIONSWEISE HABEN&#8220; color=&#8220;danger&#8220; align=&#8220;center&#8220; i_icon_fontawesome=&#8220;&#8220; add_icon=&#8220;true&#8220; link=&#8220;url:https%3A%2F%2Fv2charge.com%2Fde%2Fverbinden%2F|title:Contacto||&#8220;][\/vc_column][\/vc_row]<\/p>\n","protected":false},"excerpt":{"rendered":"<p>[vc_row][vc_column][vc_column_text] Warum V2C w\u00e4hlen? [\/vc_column_text][\/vc_column][\/vc_row][vc_row][vc_column][vc_empty_space][vc_column_text] Entsprechend unserem Engagement f\u00fcr die Qualit\u00e4t unserer Produkte und unserer Arbeit, entwickeln wir Ladestationen f\u00fcr Elektrofahrzeuge, die die h\u00f6chsten Qualit\u00e4tsstandards erf\u00fcllen ohne die Bed\u00fcrfnisse des Nutzers zu \u00fcbersehen. V2C gilt als einer der f\u00fchrenden Hersteller von Ladestationen in Spanien aufgrund der Anfertigung dauerhaften, widerstandsf\u00e4higen, gestaltend anpassenden und personalisierten Produkte. Wir &#8230; <a title=\"V2C-QUALIT\u00c4T\" class=\"read-more\" href=\"https:\/\/v2charge.com\/de\/v2c-qualitaet\/\" aria-label=\"Mehr Informationen \u00fcber V2C-QUALIT\u00c4T\">Weiterlesen<\/a><\/p>\n","protected":false},"author":1,"featured_media":0,"parent":0,"menu_order":0,"comment_status":"closed","ping_status":"closed","template":"","meta":{"_eb_attr":"","content-type":"","_uag_custom_page_level_css":"","footnotes":""},"class_list":["post-16831","page","type-page","status-publish"],"yoast_head":"<!-- This site is optimized with the Yoast SEO plugin v25.3.1 - https:\/\/yoast.com\/wordpress\/plugins\/seo\/ -->\n<title>V2C-QUALIT\u00c4T - V2C<\/title>\n<meta name=\"robots\" content=\"noindex, follow\" \/>\n<meta property=\"og:locale\" content=\"de_DE\" \/>\n<meta property=\"og:type\" content=\"article\" \/>\n<meta property=\"og:title\" content=\"V2C-QUALIT\u00c4T - V2C\" \/>\n<meta property=\"og:description\" content=\"[vc_row][vc_column][vc_column_text] Warum V2C w\u00e4hlen? [\/vc_column_text][\/vc_column][\/vc_row][vc_row][vc_column][vc_empty_space][vc_column_text] Entsprechend unserem Engagement f\u00fcr die Qualit\u00e4t unserer Produkte und unserer Arbeit, entwickeln wir Ladestationen f\u00fcr Elektrofahrzeuge, die die h\u00f6chsten Qualit\u00e4tsstandards erf\u00fcllen ohne die Bed\u00fcrfnisse des Nutzers zu \u00fcbersehen. V2C gilt als einer der f\u00fchrenden Hersteller von Ladestationen in Spanien aufgrund der Anfertigung dauerhaften, widerstandsf\u00e4higen, gestaltend anpassenden und personalisierten Produkte. Wir ... Weiterlesen\" \/>\n<meta property=\"og:url\" content=\"https:\/\/v2charge.com\/de\/v2c-qualitaet\/\" \/>\n<meta property=\"og:site_name\" content=\"V2C\" \/>\n<meta property=\"article:publisher\" content=\"https:\/\/www.facebook.com\/V2C.Charge\" \/>\n<meta property=\"article:modified_time\" content=\"2022-02-07T09:06:44+00:00\" \/>\n<meta property=\"og:image\" content=\"https:\/\/v2charge.com\/wp-content\/uploads\/2024\/07\/v2c-electric-chargers.jpg\" \/>\n\t<meta property=\"og:image:width\" content=\"1200\" \/>\n\t<meta property=\"og:image:height\" content=\"675\" \/>\n\t<meta property=\"og:image:type\" content=\"image\/jpeg\" \/>\n<meta name=\"twitter:card\" content=\"summary_large_image\" \/>\n<meta name=\"twitter:site\" content=\"@V2C_Charge\" \/>\n<meta name=\"twitter:label1\" content=\"Gesch\u00e4tzte Lesezeit\" \/>\n\t<meta name=\"twitter:data1\" content=\"1\u00a0Minute\" \/>\n<script type=\"application\/ld+json\" class=\"yoast-schema-graph\">{\"@context\":\"https:\/\/schema.org\",\"@graph\":[{\"@type\":\"WebPage\",\"@id\":\"https:\/\/v2charge.com\/de\/v2c-qualitaet\/\",\"url\":\"https:\/\/v2charge.com\/de\/v2c-qualitaet\/\",\"name\":\"V2C-QUALIT\u00c4T - V2C\",\"isPartOf\":{\"@id\":\"https:\/\/v2charge.com\/de\/#website\"},\"datePublished\":\"2020-03-11T10:16:52+00:00\",\"dateModified\":\"2022-02-07T09:06:44+00:00\",\"breadcrumb\":{\"@id\":\"https:\/\/v2charge.com\/de\/v2c-qualitaet\/#breadcrumb\"},\"inLanguage\":\"de\",\"potentialAction\":[{\"@type\":\"ReadAction\",\"target\":[\"https:\/\/v2charge.com\/de\/v2c-qualitaet\/\"]}]},{\"@type\":\"BreadcrumbList\",\"@id\":\"https:\/\/v2charge.com\/de\/v2c-qualitaet\/#breadcrumb\",\"itemListElement\":[{\"@type\":\"ListItem\",\"position\":1,\"name\":\"V2C\",\"item\":\"https:\/\/v2charge.com\/de\/\"},{\"@type\":\"ListItem\",\"position\":2,\"name\":\"V2C-QUALIT\u00c4T\"}]},{\"@type\":\"WebSite\",\"@id\":\"https:\/\/v2charge.com\/de\/#website\",\"url\":\"https:\/\/v2charge.com\/de\/\",\"name\":\"V2C\",\"description\":\"#CargandoElMa\u00f1ana\",\"publisher\":{\"@id\":\"https:\/\/v2charge.com\/de\/#organization\"},\"potentialAction\":[{\"@type\":\"SearchAction\",\"target\":{\"@type\":\"EntryPoint\",\"urlTemplate\":\"https:\/\/v2charge.com\/de\/?s={search_term_string}\"},\"query-input\":{\"@type\":\"PropertyValueSpecification\",\"valueRequired\":true,\"valueName\":\"search_term_string\"}}],\"inLanguage\":\"de\"},{\"@type\":\"Organization\",\"@id\":\"https:\/\/v2charge.com\/de\/#organization\",\"name\":\"V2C\",\"url\":\"https:\/\/v2charge.com\/de\/\",\"logo\":{\"@type\":\"ImageObject\",\"inLanguage\":\"de\",\"@id\":\"https:\/\/v2charge.com\/de\/#\/schema\/logo\/image\/\",\"url\":\"https:\/\/v2charge.com\/wp-content\/uploads\/2024\/11\/cropped-v2c-charge-logo-menu.png\",\"contentUrl\":\"https:\/\/v2charge.com\/wp-content\/uploads\/2024\/11\/cropped-v2c-charge-logo-menu.png\",\"width\":984,\"height\":431,\"caption\":\"V2C\"},\"image\":{\"@id\":\"https:\/\/v2charge.com\/de\/#\/schema\/logo\/image\/\"},\"sameAs\":[\"https:\/\/www.facebook.com\/V2C.Charge\",\"https:\/\/x.com\/V2C_Charge\",\"https:\/\/www.instagram.com\/v2c.charge\/\",\"https:\/\/www.youtube.com\/@V2C\",\"https:\/\/www.linkedin.com\/company\/v2c-chargers\/\"]}]}<\/script>\n<!-- \/ Yoast SEO plugin. -->","yoast_head_json":{"title":"V2C-QUALIT\u00c4T - V2C","robots":{"index":"noindex","follow":"follow"},"og_locale":"de_DE","og_type":"article","og_title":"V2C-QUALIT\u00c4T - V2C","og_description":"[vc_row][vc_column][vc_column_text] Warum V2C w\u00e4hlen? [\/vc_column_text][\/vc_column][\/vc_row][vc_row][vc_column][vc_empty_space][vc_column_text] Entsprechend unserem Engagement f\u00fcr die Qualit\u00e4t unserer Produkte und unserer Arbeit, entwickeln wir Ladestationen f\u00fcr Elektrofahrzeuge, die die h\u00f6chsten Qualit\u00e4tsstandards erf\u00fcllen ohne die Bed\u00fcrfnisse des Nutzers zu \u00fcbersehen. V2C gilt als einer der f\u00fchrenden Hersteller von Ladestationen in Spanien aufgrund der Anfertigung dauerhaften, widerstandsf\u00e4higen, gestaltend anpassenden und personalisierten Produkte. Wir ... Weiterlesen","og_url":"https:\/\/v2charge.com\/de\/v2c-qualitaet\/","og_site_name":"V2C","article_publisher":"https:\/\/www.facebook.com\/V2C.Charge","article_modified_time":"2022-02-07T09:06:44+00:00","og_image":[{"width":1200,"height":675,"url":"https:\/\/v2charge.com\/wp-content\/uploads\/2024\/07\/v2c-electric-chargers.jpg","type":"image\/jpeg"}],"twitter_card":"summary_large_image","twitter_site":"@V2C_Charge","twitter_misc":{"Gesch\u00e4tzte Lesezeit":"1\u00a0Minute"},"schema":{"@context":"https:\/\/schema.org","@graph":[{"@type":"WebPage","@id":"https:\/\/v2charge.com\/de\/v2c-qualitaet\/","url":"https:\/\/v2charge.com\/de\/v2c-qualitaet\/","name":"V2C-QUALIT\u00c4T - V2C","isPartOf":{"@id":"https:\/\/v2charge.com\/de\/#website"},"datePublished":"2020-03-11T10:16:52+00:00","dateModified":"2022-02-07T09:06:44+00:00","breadcrumb":{"@id":"https:\/\/v2charge.com\/de\/v2c-qualitaet\/#breadcrumb"},"inLanguage":"de","potentialAction":[{"@type":"ReadAction","target":["https:\/\/v2charge.com\/de\/v2c-qualitaet\/"]}]},{"@type":"BreadcrumbList","@id":"https:\/\/v2charge.com\/de\/v2c-qualitaet\/#breadcrumb","itemListElement":[{"@type":"ListItem","position":1,"name":"V2C","item":"https:\/\/v2charge.com\/de\/"},{"@type":"ListItem","position":2,"name":"V2C-QUALIT\u00c4T"}]},{"@type":"WebSite","@id":"https:\/\/v2charge.com\/de\/#website","url":"https:\/\/v2charge.com\/de\/","name":"V2C","description":"#CargandoElMa\u00f1ana","publisher":{"@id":"https:\/\/v2charge.com\/de\/#organization"},"potentialAction":[{"@type":"SearchAction","target":{"@type":"EntryPoint","urlTemplate":"https:\/\/v2charge.com\/de\/?s={search_term_string}"},"query-input":{"@type":"PropertyValueSpecification","valueRequired":true,"valueName":"search_term_string"}}],"inLanguage":"de"},{"@type":"Organization","@id":"https:\/\/v2charge.com\/de\/#organization","name":"V2C","url":"https:\/\/v2charge.com\/de\/","logo":{"@type":"ImageObject","inLanguage":"de","@id":"https:\/\/v2charge.com\/de\/#\/schema\/logo\/image\/","url":"https:\/\/v2charge.com\/wp-content\/uploads\/2024\/11\/cropped-v2c-charge-logo-menu.png","contentUrl":"https:\/\/v2charge.com\/wp-content\/uploads\/2024\/11\/cropped-v2c-charge-logo-menu.png","width":984,"height":431,"caption":"V2C"},"image":{"@id":"https:\/\/v2charge.com\/de\/#\/schema\/logo\/image\/"},"sameAs":["https:\/\/www.facebook.com\/V2C.Charge","https:\/\/x.com\/V2C_Charge","https:\/\/www.instagram.com\/v2c.charge\/","https:\/\/www.youtube.com\/@V2C","https:\/\/www.linkedin.com\/company\/v2c-chargers\/"]}]}},"uagb_featured_image_src":{"full":false,"thumbnail":false,"medium":false,"medium_large":false,"large":false,"gs-tiny":false,"xl":false,"xxl":false,"xxxl":false,"xxxxl":false,"xxxxxl":false,"1536x1536":false,"2048x2048":false},"uagb_author_info":{"display_name":"V2C","author_link":"https:\/\/v2charge.com\/de\/author\/root_k4eu7ki8\/"},"uagb_comment_info":0,"uagb_excerpt":"[vc_row][vc_column][vc_column_text] Warum V2C w\u00e4hlen? [\/vc_column_text][\/vc_column][\/vc_row][vc_row][vc_column][vc_empty_space][vc_column_text] Entsprechend unserem Engagement f\u00fcr die Qualit\u00e4t unserer Produkte und unserer Arbeit, entwickeln wir Ladestationen f\u00fcr Elektrofahrzeuge, die die h\u00f6chsten Qualit\u00e4tsstandards erf\u00fcllen ohne die Bed\u00fcrfnisse des Nutzers zu \u00fcbersehen. V2C gilt als einer der f\u00fchrenden Hersteller von Ladestationen in Spanien aufgrund der Anfertigung dauerhaften, widerstandsf\u00e4higen, gestaltend anpassenden und personalisierten Produkte. Wir&hellip;","_links":{"self":[{"href":"https:\/\/v2charge.com\/de\/wp-json\/wp\/v2\/pages\/16831","targetHints":{"allow":["GET"]}}],"collection":[{"href":"https:\/\/v2charge.com\/de\/wp-json\/wp\/v2\/pages"}],"about":[{"href":"https:\/\/v2charge.com\/de\/wp-json\/wp\/v2\/types\/page"}],"author":[{"embeddable":true,"href":"https:\/\/v2charge.com\/de\/wp-json\/wp\/v2\/users\/1"}],"replies":[{"embeddable":true,"href":"https:\/\/v2charge.com\/de\/wp-json\/wp\/v2\/comments?post=16831"}],"version-history":[{"count":0,"href":"https:\/\/v2charge.com\/de\/wp-json\/wp\/v2\/pages\/16831\/revisions"}],"wp:attachment":[{"href":"https:\/\/v2charge.com\/de\/wp-json\/wp\/v2\/media?parent=16831"}],"curies":[{"name":"wp","href":"https:\/\/api.w.org\/{rel}","templated":true}]}}